{"id":15,"date":"2014-11-11T12:02:27","date_gmt":"2014-11-11T12:02:27","guid":{"rendered":"http:\/\/cocteleriaformentera.es\/?page_id=15"},"modified":"2024-02-26T11:02:47","modified_gmt":"2024-02-26T11:02:47","slug":"mecanizados-varios","status":"publish","type":"page","link":"http:\/\/mecanicacuriel.com\/en\/mecanizados-varios\/","title":{"rendered":"Various machining"},"content":{"rendered":"<div class=\"wpb-content-wrapper\"><div class=\"vc_row wpb_row vc_row-fluid\"><div class=\"wpb_column vc_column_container vc_col-sm-12\"><div class=\"vc_column-inner\"><div class=\"wpb_wrapper\">\n\t<div class=\"wpb_text_column wpb_content_element textjust\" >\n\t\t<div class=\"wpb_wrapper\">\n\t\t\t<p>As main leaders in the sector of <a title=\"Barcelona machining company\" href=\"\/en\/mecanizados-varios\/\"><strong>mechanized<\/strong><\/a> and the <strong>precision assemblies<\/strong> in the province of<strong> Barcelona<\/strong>Mec\u00e1nica Curiel, born more than 40 years ago today, is positioned as a reference in the field of these instruments, manufacturing all types of useful physical devices, <a title=\"Barcelona laboratory machining\" href=\"\/en\/aparatos-de-laboratorio\/\"><strong>laboratory<\/strong><\/a>, mechanics for viscometry and electromedicine, small machinery in general, <a title=\"valve barcelona\" href=\"\/en\/valvuleria-especial\/\"><strong>valve <\/strong><\/a>special, tools, prototypes and <strong><a title=\"precision machining barcelona\" href=\"\/en\/mecanizados-varios\/\">precision machining<\/a>.\u00a0<\/strong><\/p>\n<p>In addition to the construction of various devices from materials such as construction steel, stainless steels, aluminum alloys, brass, bronzes and technical plastics; We offer our clients the appropriate technical advice necessary.<\/p>\n<p>Among our undertakings, in addition to specialization in each of the fields we work in, is the manufacturing of devices. <a title=\"Barcelona machining company\" href=\"\/en\/mecanizados-varios\/\"><strong>various machining<\/strong><\/a> useful for multiple sectors applicable to different fields of current execution and of vital importance for subsequent development in other indisputable services for use in society.<\/p>\n<p>This is the case of elements as different as those seen in the images of some of the work we do at Mec\u00e1nica Curiel.<\/p>\n\n\t\t<\/div>\n\t<\/div>\n<div class=\"vc_row wpb_row vc_inner vc_row-fluid\"><div class=\"wpb_column vc_column_container vc_col-sm-3\"><div class=\"vc_column-inner\"><div class=\"wpb_wrapper\"><\/div><\/div><\/div><div class=\"wpb_column vc_column_container vc_col-sm-6\"><div class=\"vc_column-inner\"><div class=\"wpb_wrapper\">\n\t<div  class=\"wpb_single_image wpb_content_element vc_align_left wpb_content_element\">\n\t\t\n\t\t<figure class=\"wpb_wrapper vc_figure\">\n\t\t\t<div class=\"vc_single_image-wrapper   vc_box_border_grey\"><img loading=\"lazy\" decoding=\"async\" width=\"2048\" height=\"1536\" src=\"https:\/\/mecanicacuriel.com\/wp-content\/uploads\/2024\/02\/carro-lineal.png\" class=\"vc_single_image-img attachment-full\" alt=\"carro lineal\" title=\"carro lineal\" srcset=\"https:\/\/mecanicacuriel.com\/wp-content\/uploads\/2024\/02\/carro-lineal.png 2048w, https:\/\/mecanicacuriel.com\/wp-content\/uploads\/2024\/02\/carro-lineal-300x225.png 300w, https:\/\/mecanicacuriel.com\/wp-content\/uploads\/2024\/02\/carro-lineal-768x576.png 768w, https:\/\/mecanicacuriel.com\/wp-content\/uploads\/2024\/02\/carro-lineal-1024x768.png 1024w, https:\/\/mecanicacuriel.com\/wp-content\/uploads\/2024\/02\/carro-lineal-16x12.png 16w, https:\/\/mecanicacuriel.com\/wp-content\/uploads\/2024\/02\/carro-lineal-500x375.png 500w, https:\/\/mecanicacuriel.com\/wp-content\/uploads\/2024\/02\/carro-lineal-800x600.png 800w, https:\/\/mecanicacuriel.com\/wp-content\/uploads\/2024\/02\/carro-lineal-1280x960.png 1280w, https:\/\/mecanicacuriel.com\/wp-content\/uploads\/2024\/02\/carro-lineal-1920x1440.png 1920w\" sizes=\"auto, (max-width: 2048px) 100vw, 2048px\" \/><\/div>\n\t\t<\/figure>\n\t<\/div>\n\n\t<div class=\"wpb_text_column wpb_content_element\" >\n\t\t<div class=\"wpb_wrapper\">\n\t\t\t<h5 style=\"text-align: center;\">TYPES OF MACHINING<\/h5>\n\n\t\t<\/div>\n\t<\/div>\n<\/div><\/div><\/div><div class=\"wpb_column vc_column_container vc_col-sm-3\"><div class=\"vc_column-inner\"><div class=\"wpb_wrapper\"><\/div><\/div><\/div><\/div>\n\t<div class=\"wpb_text_column wpb_content_element\" >\n\t\t<div class=\"wpb_wrapper\">\n\t\t\t<p>In order to guarantee our customers the values of quality and reliability that each and every one of the products that the brand and the service make carry; We manufacture our products using the best specialized production processes, at the hands of demanding personnel using the latest and most up-to-date technical means and infrastructure required by the current situation of the precision tools market, guaranteeing our customers the confidence and security of a professional team that masters the\u00a0<a title=\"precision machining barcelona\" href=\"\/en\/mecanizados-varios\/\"><strong>precision machining<\/strong> <\/a>with machinery <strong>CNC <\/strong>appropriate to the realization of said instruments.<\/p>\n<p>In <a title=\"Curiel mechanics Barcelona\" href=\"http:\/\/mecanicacuriel.com\/en\/\"><strong>Curiel Mechanics<\/strong><\/a> We want our customers to be satisfied with their product, which is why we continue working daily to maintain the principles of seriousness, commitment and professionalism that we defend to achieve our task in this sector of the <strong>mechanized<\/strong> and <strong>precision assemblies<\/strong>.<\/p>\n\n\t\t<\/div>\n\t<\/div>\n<\/div><\/div><\/div><\/div><div class=\"vc_row wpb_row vc_row-fluid\"><div class=\"wpb_column vc_column_container vc_col-sm-12\"><div class=\"vc_column-inner\"><div class=\"wpb_wrapper\"><div class=\"grid_holder mfp_gallery  small_spacing\" id=\"img_gallery_ec8bfba45f5897311ce87b2895f7626e\"><div class=\"col span_1_of_3 info_item isotope_element\">\n\t\t\t\t\t\t\t<div class=\"pic\">\t\t\t\n\t\t\t\t\t\t\t<a href=\"https:\/\/mecanicacuriel.com\/wp-content\/uploads\/2014\/11\/var3_g.jpg\" class=\"mfp_popup_gal\" title=\"\">\n\t\t\t\t\t\t\t\t<img decoding=\"async\" src=\"https:\/\/mecanicacuriel.com\/wp-content\/uploads\/2014\/11\/var3_g.jpg\" alt=\"\" \/>\n\t\t\t\t\t\t\t\t\n\t\t\t\t\t\t\t<\/a>\t<\/div><\/div><div class=\"col span_1_of_3 info_item isotope_element\">\n\t\t\t\t\t\t\t<div class=\"pic\">\t\t\t\n\t\t\t\t\t\t\t<a href=\"https:\/\/mecanicacuriel.com\/wp-content\/uploads\/2014\/11\/69.jpg\" class=\"mfp_popup_gal\" title=\"\">\n\t\t\t\t\t\t\t\t<img decoding=\"async\" src=\"https:\/\/mecanicacuriel.com\/wp-content\/uploads\/2014\/11\/69.jpg\" alt=\"\" \/>\n\t\t\t\t\t\t\t\t\n\t\t\t\t\t\t\t<\/a>\t<\/div><\/div><div class=\"col span_1_of_3 info_item isotope_element\">\n\t\t\t\t\t\t\t<div class=\"pic\">\t\t\t\n\t\t\t\t\t\t\t<a href=\"https:\/\/mecanicacuriel.com\/wp-content\/uploads\/2014\/11\/70.jpg\" class=\"mfp_popup_gal\" title=\"\">\n\t\t\t\t\t\t\t\t<img decoding=\"async\" src=\"https:\/\/mecanicacuriel.com\/wp-content\/uploads\/2014\/11\/70.jpg\" alt=\"\" \/>\n\t\t\t\t\t\t\t\t\n\t\t\t\t\t\t\t<\/a>\t<\/div><\/div><div class=\"col span_1_of_3 info_item isotope_element\">\n\t\t\t\t\t\t\t<div class=\"pic\">\t\t\t\n\t\t\t\t\t\t\t<a href=\"https:\/\/mecanicacuriel.com\/wp-content\/uploads\/2014\/11\/82.jpg\" class=\"mfp_popup_gal\" title=\"\">\n\t\t\t\t\t\t\t\t<img decoding=\"async\" src=\"https:\/\/mecanicacuriel.com\/wp-content\/uploads\/2014\/11\/82.jpg\" alt=\"\" \/>\n\t\t\t\t\t\t\t\t\n\t\t\t\t\t\t\t<\/a>\t<\/div><\/div><div class=\"col span_1_of_3 info_item isotope_element\">\n\t\t\t\t\t\t\t<div class=\"pic\">\t\t\t\n\t\t\t\t\t\t\t<a href=\"https:\/\/mecanicacuriel.com\/wp-content\/uploads\/2014\/11\/84.jpg\" class=\"mfp_popup_gal\" title=\"\">\n\t\t\t\t\t\t\t\t<img decoding=\"async\" src=\"https:\/\/mecanicacuriel.com\/wp-content\/uploads\/2014\/11\/84.jpg\" alt=\"\" \/>\n\t\t\t\t\t\t\t\t\n\t\t\t\t\t\t\t<\/a>\t<\/div><\/div><div class=\"col span_1_of_3 info_item isotope_element\">\n\t\t\t\t\t\t\t<div class=\"pic\">\t\t\t\n\t\t\t\t\t\t\t<a href=\"https:\/\/mecanicacuriel.com\/wp-content\/uploads\/2014\/11\/var2_g.jpg\" class=\"mfp_popup_gal\" title=\"\">\n\t\t\t\t\t\t\t\t<img decoding=\"async\" src=\"https:\/\/mecanicacuriel.com\/wp-content\/uploads\/2014\/11\/var2_g.jpg\" alt=\"\" \/>\n\t\t\t\t\t\t\t\t\n\t\t\t\t\t\t\t<\/a>\t<\/div><\/div><div class=\"col span_1_of_3 info_item isotope_element\">\n\t\t\t\t\t\t\t<div class=\"pic\">\t\t\t\n\t\t\t\t\t\t\t<a href=\"https:\/\/mecanicacuriel.com\/wp-content\/uploads\/2014\/11\/molde.jpg\" class=\"mfp_popup_gal\" title=\"\">\n\t\t\t\t\t\t\t\t<img decoding=\"async\" src=\"https:\/\/mecanicacuriel.com\/wp-content\/uploads\/2014\/11\/molde.jpg\" alt=\"\" \/>\n\t\t\t\t\t\t\t\t\n\t\t\t\t\t\t\t<\/a>\t<\/div><\/div><div class=\"col span_1_of_3 info_item isotope_element\">\n\t\t\t\t\t\t\t<div class=\"pic\">\t\t\t\n\t\t\t\t\t\t\t<a href=\"https:\/\/mecanicacuriel.com\/wp-content\/uploads\/2014\/11\/75.jpg\" class=\"mfp_popup_gal\" title=\"\">\n\t\t\t\t\t\t\t\t<img decoding=\"async\" src=\"https:\/\/mecanicacuriel.com\/wp-content\/uploads\/2014\/11\/75.jpg\" alt=\"\" \/>\n\t\t\t\t\t\t\t\t\n\t\t\t\t\t\t\t<\/a>\t<\/div><\/div><div class=\"col span_1_of_3 info_item isotope_element\">\n\t\t\t\t\t\t\t<div class=\"pic\">\t\t\t\n\t\t\t\t\t\t\t<a href=\"https:\/\/mecanicacuriel.com\/wp-content\/uploads\/2014\/11\/76.jpg\" class=\"mfp_popup_gal\" title=\"\">\n\t\t\t\t\t\t\t\t<img decoding=\"async\" src=\"https:\/\/mecanicacuriel.com\/wp-content\/uploads\/2014\/11\/76.jpg\" alt=\"\" \/>\n\t\t\t\t\t\t\t\t\n\t\t\t\t\t\t\t<\/a>\t<\/div><\/div><div class=\"col span_1_of_3 info_item isotope_element\">\n\t\t\t\t\t\t\t<div class=\"pic\">\t\t\t\n\t\t\t\t\t\t\t<a href=\"https:\/\/mecanicacuriel.com\/wp-content\/uploads\/2014\/11\/78.jpg\" class=\"mfp_popup_gal\" title=\"\">\n\t\t\t\t\t\t\t\t<img decoding=\"async\" src=\"https:\/\/mecanicacuriel.com\/wp-content\/uploads\/2014\/11\/78.jpg\" alt=\"\" \/>\n\t\t\t\t\t\t\t\t\n\t\t\t\t\t\t\t<\/a>\t<\/div><\/div><div class=\"col span_1_of_3 info_item isotope_element\">\n\t\t\t\t\t\t\t<div class=\"pic\">\t\t\t\n\t\t\t\t\t\t\t<a href=\"https:\/\/mecanicacuriel.com\/wp-content\/uploads\/2024\/02\/Dise\u00f1o-sin-t\u00edtulo-91.png\" class=\"mfp_popup_gal\" title=\"\">\n\t\t\t\t\t\t\t\t<img decoding=\"async\" src=\"https:\/\/mecanicacuriel.com\/wp-content\/uploads\/2024\/02\/Dise\u00f1o-sin-t\u00edtulo-91.png\" alt=\"\" \/>\n\t\t\t\t\t\t\t\t\n\t\t\t\t\t\t\t<\/a>\t<\/div><\/div><\/div><\/div><\/div><\/div><\/div>\n<\/div>","protected":false},"excerpt":{"rendered":"Como principales l\u00edderes del sector de los mecanizados y los montajes de precisi\u00f3n en la provincia de Barcelona, Mec\u00e1nica Curiel, nacida hace hoy m\u00e1s de 40 a\u00f1os, se posiciona como referente en el campo de \u00e9stos instrumentos, elaborando todo tipo de aparatos \u00fatiles f\u00edsicos, de laboratorio, mec\u00e1nicas para viscosimetr\u00eda y electromedicina, peque\u00f1a maquinaria en general, valvuleria especial, utillajes, prototipos y<div class=\"h10\"><\/div><a class=\"more-link1\" href=\"http:\/\/mecanicacuriel.com\/en\/mecanizados-varios\/\">Read more<\/a>","protected":false},"author":2,"featured_media":0,"parent":0,"menu_order":0,"comment_status":"open","ping_status":"open","template":"","meta":{"footnotes":""},"class_list":["post-15","page","type-page","status-publish","hentry"],"aioseo_notices":[],"yoast_head":"<!-- This site is optimized with the Yoast SEO plugin v27.1.1 - https:\/\/yoast.com\/product\/yoast-seo-wordpress\/ -->\n<title>Mecanizados varios - Mecanica Curiel<\/title>\n<meta name=\"description\" content=\"Como principales l\u00edderes del sector de los mecanizados y los montajes de precisi\u00f3n en la provincia de Barcelona, Mec\u00e1nica Curiel, nacida hace m\u00e1s de 40 anys\" \/>\n<meta name=\"robots\" content=\"index, follow, max-snippet:-1, max-image-preview:large, max-video-preview:-1\" \/>\n<link rel=\"canonical\" href=\"https:\/\/mecanicacuriel.com\/en\/mecanizados-varios\/\" \/>\n<meta property=\"og:locale\" content=\"en_GB\" \/>\n<meta property=\"og:type\" content=\"article\" \/>\n<meta property=\"og:title\" content=\"Mecanizados varios - Mecanica Curiel\" \/>\n<meta property=\"og:description\" content=\"Como principales l\u00edderes del sector de los mecanizados y los montajes de precisi\u00f3n en la provincia de Barcelona, Mec\u00e1nica Curiel, nacida hace m\u00e1s de 40 anys\" \/>\n<meta property=\"og:url\" content=\"https:\/\/mecanicacuriel.com\/en\/mecanizados-varios\/\" \/>\n<meta property=\"og:site_name\" content=\"Mecanica Curiel\" \/>\n<meta property=\"article:modified_time\" content=\"2024-02-26T11:02:47+00:00\" \/>\n<meta name=\"twitter:card\" content=\"summary_large_image\" \/>\n<meta name=\"twitter:label1\" content=\"Estimated reading time\" \/>\n\t<meta name=\"twitter:data1\" content=\"2 minutes\" \/>\n<script type=\"application\/ld+json\" class=\"yoast-schema-graph\">{\"@context\":\"https:\/\/schema.org\",\"@graph\":[{\"@type\":\"WebPage\",\"@id\":\"https:\/\/mecanicacuriel.com\/mecanizados-varios\/\",\"url\":\"https:\/\/mecanicacuriel.com\/mecanizados-varios\/\",\"name\":\"Mecanizados varios - Mecanica Curiel\",\"isPartOf\":{\"@id\":\"https:\/\/mecanicacuriel.com\/#website\"},\"datePublished\":\"2014-11-11T12:02:27+00:00\",\"dateModified\":\"2024-02-26T11:02:47+00:00\",\"description\":\"Como principales l\u00edderes del sector de los mecanizados y los montajes de precisi\u00f3n en la provincia de Barcelona, Mec\u00e1nica Curiel, nacida hace m\u00e1s de 40 anys\",\"breadcrumb\":{\"@id\":\"https:\/\/mecanicacuriel.com\/mecanizados-varios\/#breadcrumb\"},\"inLanguage\":\"en-GB\",\"potentialAction\":[{\"@type\":\"ReadAction\",\"target\":[\"https:\/\/mecanicacuriel.com\/mecanizados-varios\/\"]}]},{\"@type\":\"BreadcrumbList\",\"@id\":\"https:\/\/mecanicacuriel.com\/mecanizados-varios\/#breadcrumb\",\"itemListElement\":[{\"@type\":\"ListItem\",\"position\":1,\"name\":\"Portada\",\"item\":\"https:\/\/mecanicacuriel.com\/\"},{\"@type\":\"ListItem\",\"position\":2,\"name\":\"Mecanizados varios\"}]},{\"@type\":\"WebSite\",\"@id\":\"https:\/\/mecanicacuriel.com\/#website\",\"url\":\"https:\/\/mecanicacuriel.com\/\",\"name\":\"Mecanica Curiel\",\"description\":\"fabricaci\u00f3n y construcci\u00f3n de mecanizados y montajes de precisi\u00f3n.\",\"potentialAction\":[{\"@type\":\"SearchAction\",\"target\":{\"@type\":\"EntryPoint\",\"urlTemplate\":\"https:\/\/mecanicacuriel.com\/?s={search_term_string}\"},\"query-input\":{\"@type\":\"PropertyValueSpecification\",\"valueRequired\":true,\"valueName\":\"search_term_string\"}}],\"inLanguage\":\"en-GB\"}]}<\/script>\n<!-- \/ Yoast SEO plugin. -->","yoast_head_json":{"title":"Mecanizados varios - Mecanica Curiel","description":"Como principales l\u00edderes del sector de los mecanizados y los montajes de precisi\u00f3n en la provincia de Barcelona, Mec\u00e1nica Curiel, nacida hace m\u00e1s de 40 anys","robots":{"index":"index","follow":"follow","max-snippet":"max-snippet:-1","max-image-preview":"max-image-preview:large","max-video-preview":"max-video-preview:-1"},"canonical":"https:\/\/mecanicacuriel.com\/en\/mecanizados-varios\/","og_locale":"en_GB","og_type":"article","og_title":"Mecanizados varios - Mecanica Curiel","og_description":"Como principales l\u00edderes del sector de los mecanizados y los montajes de precisi\u00f3n en la provincia de Barcelona, Mec\u00e1nica Curiel, nacida hace m\u00e1s de 40 anys","og_url":"https:\/\/mecanicacuriel.com\/en\/mecanizados-varios\/","og_site_name":"Mecanica Curiel","article_modified_time":"2024-02-26T11:02:47+00:00","twitter_card":"summary_large_image","twitter_misc":{"Estimated reading time":"2 minutes"},"schema":{"@context":"https:\/\/schema.org","@graph":[{"@type":"WebPage","@id":"https:\/\/mecanicacuriel.com\/mecanizados-varios\/","url":"https:\/\/mecanicacuriel.com\/mecanizados-varios\/","name":"Mecanizados varios - Mecanica Curiel","isPartOf":{"@id":"https:\/\/mecanicacuriel.com\/#website"},"datePublished":"2014-11-11T12:02:27+00:00","dateModified":"2024-02-26T11:02:47+00:00","description":"Como principales l\u00edderes del sector de los mecanizados y los montajes de precisi\u00f3n en la provincia de Barcelona, Mec\u00e1nica Curiel, nacida hace m\u00e1s de 40 anys","breadcrumb":{"@id":"https:\/\/mecanicacuriel.com\/mecanizados-varios\/#breadcrumb"},"inLanguage":"en-GB","potentialAction":[{"@type":"ReadAction","target":["https:\/\/mecanicacuriel.com\/mecanizados-varios\/"]}]},{"@type":"BreadcrumbList","@id":"https:\/\/mecanicacuriel.com\/mecanizados-varios\/#breadcrumb","itemListElement":[{"@type":"ListItem","position":1,"name":"Portada","item":"https:\/\/mecanicacuriel.com\/"},{"@type":"ListItem","position":2,"name":"Mecanizados varios"}]},{"@type":"WebSite","@id":"https:\/\/mecanicacuriel.com\/#website","url":"https:\/\/mecanicacuriel.com\/","name":"Curiel Mechanics","description":"manufacturing and construction of precision machining and assembly.","potentialAction":[{"@type":"SearchAction","target":{"@type":"EntryPoint","urlTemplate":"https:\/\/mecanicacuriel.com\/?s={search_term_string}"},"query-input":{"@type":"PropertyValueSpecification","valueRequired":true,"valueName":"search_term_string"}}],"inLanguage":"en-GB"}]}},"_links":{"self":[{"href":"http:\/\/mecanicacuriel.com\/en\/wp-json\/wp\/v2\/pages\/15","targetHints":{"allow":["GET"]}}],"collection":[{"href":"http:\/\/mecanicacuriel.com\/en\/wp-json\/wp\/v2\/pages"}],"about":[{"href":"http:\/\/mecanicacuriel.com\/en\/wp-json\/wp\/v2\/types\/page"}],"author":[{"embeddable":true,"href":"http:\/\/mecanicacuriel.com\/en\/wp-json\/wp\/v2\/users\/2"}],"replies":[{"embeddable":true,"href":"http:\/\/mecanicacuriel.com\/en\/wp-json\/wp\/v2\/comments?post=15"}],"version-history":[{"count":13,"href":"http:\/\/mecanicacuriel.com\/en\/wp-json\/wp\/v2\/pages\/15\/revisions"}],"predecessor-version":[{"id":2857,"href":"http:\/\/mecanicacuriel.com\/en\/wp-json\/wp\/v2\/pages\/15\/revisions\/2857"}],"wp:attachment":[{"href":"http:\/\/mecanicacuriel.com\/en\/wp-json\/wp\/v2\/media?parent=15"}],"curies":[{"name":"wp","href":"https:\/\/api.w.org\/{rel}","templated":true}]}}