{"id":1781,"date":"2019-06-13T14:11:14","date_gmt":"2019-06-13T14:11:14","guid":{"rendered":"http:\/\/mecanicacuriel.com\/?page_id=1781"},"modified":"2019-06-13T14:14:12","modified_gmt":"2019-06-13T14:14:12","slug":"taller-mecanizados-de-precision","status":"publish","type":"page","link":"http:\/\/mecanicacuriel.com\/en\/taller-mecanizados-de-precision\/","title":{"rendered":"Precision machining workshop"},"content":{"rendered":"<div class=\"wpb-content-wrapper\"><div class=\"vc_row wpb_row vc_row-fluid\"><div class=\"wpb_column vc_column_container vc_col-sm-12\"><div class=\"vc_column-inner\"><div class=\"wpb_wrapper\">\n\t\t\t<!-- START home REVOLUTION SLIDER 6.7.25 --><p class=\"rs-p-wp-fix\"><\/p>\n\t\t\t<rs-module-wrap id=\"rev_slider_1_1_wrapper\" data-source=\"gallery\" style=\"visibility:hidden;background:#E9E9E9;padding:-15;margin:0px auto;margin-top:0;margin-bottom:0;\">\n\t\t\t\t<rs-module id=\"rev_slider_1_1\" style=\"\" data-version=\"6.7.25\">\n\t\t\t\t\t<rs-slides style=\"overflow: hidden; position: absolute;\">\n\t\t\t\t\t\t<rs-slide style=\"position: absolute;\" data-key=\"rs-10\" data-title=\"Slide\" data-thumb=\"\/\/mecanicacuriel.com\/wp-content\/uploads\/2014\/11\/11-100x50.jpg\" data-anim=\"adpr:false;\">\n\t\t\t\t\t\t\t<img decoding=\"async\" src=\"\/\/mecanicacuriel.com\/wp-content\/plugins\/revslider\/sr6\/assets\/assets\/dummy.png\" alt=\"\" title=\"Precision machining workshop\" class=\"rev-slidebg tp-rs-img rs-lazyload\" data-lazyload=\"\/\/mecanicacuriel.com\/wp-content\/uploads\/2014\/11\/11.jpg\" data-bg=\"p:center top;\" data-no-retina>\n<!---->\t\t\t\t\t<\/rs-slide>\n\t\t\t\t\t\t<rs-slide style=\"position: absolute;\" data-key=\"rs-3\" data-title=\"Slide\" data-thumb=\"\/\/mecanicacuriel.com\/wp-content\/uploads\/2014\/11\/1-100x50.jpg\" data-anim=\"adpr:false;\">\n\t\t\t\t\t\t\t<img decoding=\"async\" src=\"\/\/mecanicacuriel.com\/wp-content\/plugins\/revslider\/sr6\/assets\/assets\/dummy.png\" alt=\"\" title=\"Precision machining workshop\" class=\"rev-slidebg tp-rs-img rs-lazyload\" data-lazyload=\"\/\/mecanicacuriel.com\/wp-content\/uploads\/2014\/11\/1.jpg\" data-bg=\"p:center top;\" data-no-retina>\n<!---->\t\t\t\t\t<\/rs-slide>\n\t\t\t\t\t\t<rs-slide style=\"position: absolute;\" data-key=\"rs-4\" data-title=\"Slide\" data-thumb=\"\/\/mecanicacuriel.com\/wp-content\/uploads\/2016\/12\/2.-CJT.-BOMBAS-PERIST\u00c1LTICAS-100x50.jpg\" data-anim=\"adpr:false;\">\n\t\t\t\t\t\t\t<img decoding=\"async\" src=\"\/\/mecanicacuriel.com\/wp-content\/plugins\/revslider\/sr6\/assets\/assets\/dummy.png\" alt=\"\" title=\"Precision machining workshop\" class=\"rev-slidebg tp-rs-img rs-lazyload\" data-lazyload=\"\/\/mecanicacuriel.com\/wp-content\/uploads\/2016\/12\/2.-CJT.-BOMBAS-PERIST\u00c1LTICAS.jpg\" data-bg=\"p:center top;\" data-no-retina>\n<!---->\t\t\t\t\t<\/rs-slide>\n\t\t\t\t\t\t<rs-slide style=\"position: absolute;\" data-key=\"rs-6\" data-title=\"Slide\" data-thumb=\"\/\/mecanicacuriel.com\/wp-content\/uploads\/2014\/11\/2-100x50.jpg\" data-anim=\"adpr:false;\">\n\t\t\t\t\t\t\t<img decoding=\"async\" src=\"\/\/mecanicacuriel.com\/wp-content\/plugins\/revslider\/sr6\/assets\/assets\/dummy.png\" alt=\"\" title=\"Precision machining workshop\" class=\"rev-slidebg tp-rs-img rs-lazyload\" data-lazyload=\"\/\/mecanicacuriel.com\/wp-content\/uploads\/2014\/11\/2.jpg\" data-bg=\"p:center top;\" data-no-retina>\n<!---->\t\t\t\t\t<\/rs-slide>\n\t\t\t\t\t\t<rs-slide style=\"position: absolute;\" data-key=\"rs-9\" data-title=\"Slide\" data-thumb=\"\/\/mecanicacuriel.com\/wp-content\/uploads\/2016\/12\/2.-Conjunto-de-Carros-lineales-100x50.jpg\" data-anim=\"adpr:false;\">\n\t\t\t\t\t\t\t<img decoding=\"async\" src=\"\/\/mecanicacuriel.com\/wp-content\/plugins\/revslider\/sr6\/assets\/assets\/dummy.png\" alt=\"\" title=\"Precision machining workshop\" class=\"rev-slidebg tp-rs-img rs-lazyload\" data-lazyload=\"\/\/mecanicacuriel.com\/wp-content\/uploads\/2016\/12\/2.-Conjunto-de-Carros-lineales.jpg\" data-bg=\"p:center top;\" data-no-retina>\n<!---->\t\t\t\t\t<\/rs-slide>\n\t\t\t\t\t\t<rs-slide style=\"position: absolute;\" data-key=\"rs-8\" data-title=\"Slide\" data-thumb=\"\/\/mecanicacuriel.com\/wp-content\/uploads\/2016\/12\/20220128_124231-100x50.jpg\" data-anim=\"adpr:false;\">\n\t\t\t\t\t\t\t<img decoding=\"async\" src=\"\/\/mecanicacuriel.com\/wp-content\/plugins\/revslider\/sr6\/assets\/assets\/dummy.png\" alt=\"\" title=\"Precision machining workshop\" class=\"rev-slidebg tp-rs-img rs-lazyload\" data-lazyload=\"\/\/mecanicacuriel.com\/wp-content\/uploads\/2016\/12\/20220128_124231.jpg\" data-bg=\"p:center top;\" data-no-retina>\n<!---->\t\t\t\t\t<\/rs-slide>\n\t\t\t\t\t\t<rs-slide style=\"position: absolute;\" data-key=\"rs-11\" data-title=\"Slide\" data-thumb=\"\/\/mecanicacuriel.com\/wp-content\/uploads\/2016\/12\/20231206_094321-100x50.jpg\" data-anim=\"adpr:false;\">\n\t\t\t\t\t\t\t<img decoding=\"async\" src=\"\/\/mecanicacuriel.com\/wp-content\/plugins\/revslider\/sr6\/assets\/assets\/dummy.png\" alt=\"\" title=\"Precision machining workshop\" class=\"rev-slidebg tp-rs-img rs-lazyload\" data-lazyload=\"\/\/mecanicacuriel.com\/wp-content\/uploads\/2016\/12\/20231206_094321.jpg\" data-bg=\"p:center top;\" data-no-retina>\n<!---->\t\t\t\t\t<\/rs-slide>\n\t\t\t\t\t<\/rs-slides>\n\t\t\t\t<\/rs-module>\n\t\t\t\t<script>\n\t\t\t\t\tsetREVStartSize({c: 'rev_slider_1_1',rl:[1240,1024,778,480],el:[],gw:[950],gh:[450],type:'standard',justify:'',layout:'fullwidth',mh:\"0\"});if (window.RS_MODULES!==undefined && window.RS_MODULES.modules!==undefined && window.RS_MODULES.modules[\"revslider11\"]!==undefined) {window.RS_MODULES.modules[\"revslider11\"].once = false;window.revapi1 = undefined;if (window.RS_MODULES.checkMinimal!==undefined) window.RS_MODULES.checkMinimal()}\n\t\t\t\t<\/script>\n\t\t\t<\/rs-module-wrap>\n\t\t\t<!-- END REVOLUTION SLIDER -->\n<\/div><\/div><\/div><\/div><div class=\"vc_row wpb_row vc_row-fluid\"><div class=\"wpb_column vc_column_container vc_col-sm-12\"><div class=\"vc_column-inner\"><div class=\"wpb_wrapper\">\n\t<div class=\"wpb_text_column wpb_content_element\" >\n\t\t<div class=\"wpb_wrapper\">\n\t\t\t<p>Our\u00a0<strong>workshop<\/strong>\u00a0of\u00a0<strong>mechanized<\/strong>\u00a0of<strong> precision<\/strong> has the best technology, with which we can guarantee tailor-made results fully adjusted to the needs of each client, achieving unique and perfect pieces. <strong>Curiel Mechanics<\/strong>\u00a0is a company that was born in 1972 and that offers its clients the development and production of\u00a0<strong>mechanized<\/strong>\u00a0<strong>precision<\/strong>.<\/p>\n<p>&nbsp;<\/p>\n<p>In our\u00a0<strong>workshop<\/strong>\u00a0of\u00a0<strong>mechanized <\/strong>of<strong> precision<\/strong> We form a piece of raw metal materials and, after removing different parts of the material, we obtain the piece desired by the client taking into account all the characteristics, in terms of dimensions, shape and finish. We manufacture precision parts in an automated and millimeter manner and this allows us to reduce the margin of error to practically zero percent.<\/p>\n<p>The machinery we work with in our <strong>workshop<\/strong> of <strong>mechanized<\/strong> of <strong>precision<\/strong> ranges from cutters to lathes and we have the application of the latest developments in technology and\u00a0<strong>CNC machinery<\/strong> <strong>yl<\/strong>The quality of our material offers the pieces great resistance and hardness.<\/p>\n<p>&nbsp;<\/p>\n<p>The extensive background in the sector of\u00a0<strong>mechanized<\/strong> has allowed us to establish ourselves as one of the\u00a0<strong>machining companies<\/strong>\u00a0references of the sector in Barcelona. In <strong>Curiel Mechanics<\/strong>, we have achieved an advantageous position in the production of all types of\u00a0<strong>machining of<\/strong><strong>\u00a0<\/strong><strong>laboratory<\/strong>, mechanics for viscosimetry, mechanics for electromedicine, special valves, small machinery in general, tools and\u00a0<strong>precision machining<\/strong><strong>\u00a0<\/strong>of diverse typology.<\/p>\n<p>&nbsp;<\/p>\n<p>All our products are produced using the best specialized production processes, the most up-to-date technical means and the infrastructure required by the market. All this, at the hands of a demanding, perfectionist and careful staff, who has always ensured the quality of the service and returned the trust placed in this professional team.<\/p>\n<p>As <strong>workshop<\/strong> of <strong>mechanized<\/strong> of <strong>precision<\/strong>, we have also specialized in the production of various appliances from other materials, such as construction steel, stainless steel, aluminum alloys, brass, bronze and technical plastics.<\/p>\n<p>&nbsp;<\/p>\n<p>Our products and services are specialized and are manufactured with seriousness, commitment to our clients and professionalism. We have the necessary tools to guarantee top quality results at truly competitive prices.<\/p>\n<p>&nbsp;<\/p>\n<p>If you want to know more about our company and our history or about the products or services we offer, do not hesitate to visit our website and contact us. We are sure to be able to get you the perfect piece you are looking for at a very competitive price. On our web portal you also have explanatory videos about our work and a blog, in which we talk about the benefits of precision machining, give advice or report on new trends in this sector.<\/p>\n\n\t\t<\/div>\n\t<\/div>\n<\/div><\/div><\/div><\/div>\n<\/div>","protected":false},"excerpt":{"rendered":"Nuestro\u00a0taller\u00a0de\u00a0mecanizados\u00a0de precisi\u00f3n dispone de la mejor tecnolog\u00eda, con la que podemos garantizar resultados hechos a medida y totalmente ajustados a las necesidades de cada cliente, consiguiendo piezas \u00fanicas y perfectas. Mec\u00e1nica Curiel\u00a0es una empresa que naci\u00f3 en el a\u00f1o 1972 y que ofrece a sus clientes la elaboraci\u00f3n y producci\u00f3n de\u00a0mecanizados\u00a0de precisi\u00f3n. &nbsp; En nuestro\u00a0taller\u00a0de\u00a0mecanizados de precisi\u00f3n formamos una pieza<div class=\"h10\"><\/div><a class=\"more-link1\" href=\"http:\/\/mecanicacuriel.com\/en\/taller-mecanizados-de-precision\/\">Read more<\/a>","protected":false},"author":4,"featured_media":0,"parent":0,"menu_order":0,"comment_status":"closed","ping_status":"closed","template":"","meta":{"footnotes":""},"class_list":["post-1781","page","type-page","status-publish","hentry"],"aioseo_notices":[],"yoast_head":"<!-- This site is optimized with the Yoast SEO plugin v27.1.1 - https:\/\/yoast.com\/product\/yoast-seo-wordpress\/ -->\n<title>Taller mecanizados de precisi\u00f3n - Mecanica Curiel<\/title>\n<meta name=\"robots\" content=\"index, follow, max-snippet:-1, max-image-preview:large, max-video-preview:-1\" \/>\n<link rel=\"canonical\" href=\"https:\/\/mecanicacuriel.com\/en\/taller-mecanizados-de-precision\/\" \/>\n<meta property=\"og:locale\" content=\"en_GB\" \/>\n<meta property=\"og:type\" content=\"article\" \/>\n<meta property=\"og:title\" content=\"Taller mecanizados de precisi\u00f3n - Mecanica Curiel\" \/>\n<meta property=\"og:url\" content=\"https:\/\/mecanicacuriel.com\/en\/taller-mecanizados-de-precision\/\" \/>\n<meta property=\"og:site_name\" content=\"Mecanica Curiel\" \/>\n<meta property=\"article:modified_time\" content=\"2019-06-13T14:14:12+00:00\" \/>\n<meta name=\"twitter:card\" content=\"summary_large_image\" \/>\n<meta name=\"twitter:label1\" content=\"Estimated reading time\" \/>\n\t<meta name=\"twitter:data1\" content=\"3 minutes\" \/>\n<script type=\"application\/ld+json\" class=\"yoast-schema-graph\">{\"@context\":\"https:\/\/schema.org\",\"@graph\":[{\"@type\":\"WebPage\",\"@id\":\"https:\/\/mecanicacuriel.com\/taller-mecanizados-de-precision\/\",\"url\":\"https:\/\/mecanicacuriel.com\/taller-mecanizados-de-precision\/\",\"name\":\"Taller mecanizados de precisi\u00f3n - Mecanica Curiel\",\"isPartOf\":{\"@id\":\"https:\/\/mecanicacuriel.com\/#website\"},\"datePublished\":\"2019-06-13T14:11:14+00:00\",\"dateModified\":\"2019-06-13T14:14:12+00:00\",\"breadcrumb\":{\"@id\":\"https:\/\/mecanicacuriel.com\/taller-mecanizados-de-precision\/#breadcrumb\"},\"inLanguage\":\"en-GB\",\"potentialAction\":[{\"@type\":\"ReadAction\",\"target\":[\"https:\/\/mecanicacuriel.com\/taller-mecanizados-de-precision\/\"]}]},{\"@type\":\"BreadcrumbList\",\"@id\":\"https:\/\/mecanicacuriel.com\/taller-mecanizados-de-precision\/#breadcrumb\",\"itemListElement\":[{\"@type\":\"ListItem\",\"position\":1,\"name\":\"Portada\",\"item\":\"https:\/\/mecanicacuriel.com\/\"},{\"@type\":\"ListItem\",\"position\":2,\"name\":\"Taller mecanizados de precisi\u00f3n\"}]},{\"@type\":\"WebSite\",\"@id\":\"https:\/\/mecanicacuriel.com\/#website\",\"url\":\"https:\/\/mecanicacuriel.com\/\",\"name\":\"Mecanica Curiel\",\"description\":\"fabricaci\u00f3n y construcci\u00f3n de mecanizados y montajes de precisi\u00f3n.\",\"potentialAction\":[{\"@type\":\"SearchAction\",\"target\":{\"@type\":\"EntryPoint\",\"urlTemplate\":\"https:\/\/mecanicacuriel.com\/?s={search_term_string}\"},\"query-input\":{\"@type\":\"PropertyValueSpecification\",\"valueRequired\":true,\"valueName\":\"search_term_string\"}}],\"inLanguage\":\"en-GB\"}]}<\/script>\n<!-- \/ Yoast SEO plugin. -->","yoast_head_json":{"title":"Taller mecanizados de precisi\u00f3n - Mecanica Curiel","robots":{"index":"index","follow":"follow","max-snippet":"max-snippet:-1","max-image-preview":"max-image-preview:large","max-video-preview":"max-video-preview:-1"},"canonical":"https:\/\/mecanicacuriel.com\/en\/taller-mecanizados-de-precision\/","og_locale":"en_GB","og_type":"article","og_title":"Taller mecanizados de precisi\u00f3n - Mecanica Curiel","og_url":"https:\/\/mecanicacuriel.com\/en\/taller-mecanizados-de-precision\/","og_site_name":"Mecanica Curiel","article_modified_time":"2019-06-13T14:14:12+00:00","twitter_card":"summary_large_image","twitter_misc":{"Estimated reading time":"3 minutes"},"schema":{"@context":"https:\/\/schema.org","@graph":[{"@type":"WebPage","@id":"https:\/\/mecanicacuriel.com\/taller-mecanizados-de-precision\/","url":"https:\/\/mecanicacuriel.com\/taller-mecanizados-de-precision\/","name":"Taller mecanizados de precisi\u00f3n - Mecanica Curiel","isPartOf":{"@id":"https:\/\/mecanicacuriel.com\/#website"},"datePublished":"2019-06-13T14:11:14+00:00","dateModified":"2019-06-13T14:14:12+00:00","breadcrumb":{"@id":"https:\/\/mecanicacuriel.com\/taller-mecanizados-de-precision\/#breadcrumb"},"inLanguage":"en-GB","potentialAction":[{"@type":"ReadAction","target":["https:\/\/mecanicacuriel.com\/taller-mecanizados-de-precision\/"]}]},{"@type":"BreadcrumbList","@id":"https:\/\/mecanicacuriel.com\/taller-mecanizados-de-precision\/#breadcrumb","itemListElement":[{"@type":"ListItem","position":1,"name":"Portada","item":"https:\/\/mecanicacuriel.com\/"},{"@type":"ListItem","position":2,"name":"Taller mecanizados de precisi\u00f3n"}]},{"@type":"WebSite","@id":"https:\/\/mecanicacuriel.com\/#website","url":"https:\/\/mecanicacuriel.com\/","name":"Curiel Mechanics","description":"manufacturing and construction of precision machining and assembly.","potentialAction":[{"@type":"SearchAction","target":{"@type":"EntryPoint","urlTemplate":"https:\/\/mecanicacuriel.com\/?s={search_term_string}"},"query-input":{"@type":"PropertyValueSpecification","valueRequired":true,"valueName":"search_term_string"}}],"inLanguage":"en-GB"}]}},"_links":{"self":[{"href":"http:\/\/mecanicacuriel.com\/en\/wp-json\/wp\/v2\/pages\/1781","targetHints":{"allow":["GET"]}}],"collection":[{"href":"http:\/\/mecanicacuriel.com\/en\/wp-json\/wp\/v2\/pages"}],"about":[{"href":"http:\/\/mecanicacuriel.com\/en\/wp-json\/wp\/v2\/types\/page"}],"author":[{"embeddable":true,"href":"http:\/\/mecanicacuriel.com\/en\/wp-json\/wp\/v2\/users\/4"}],"replies":[{"embeddable":true,"href":"http:\/\/mecanicacuriel.com\/en\/wp-json\/wp\/v2\/comments?post=1781"}],"version-history":[{"count":2,"href":"http:\/\/mecanicacuriel.com\/en\/wp-json\/wp\/v2\/pages\/1781\/revisions"}],"predecessor-version":[{"id":1783,"href":"http:\/\/mecanicacuriel.com\/en\/wp-json\/wp\/v2\/pages\/1781\/revisions\/1783"}],"wp:attachment":[{"href":"http:\/\/mecanicacuriel.com\/en\/wp-json\/wp\/v2\/media?parent=1781"}],"curies":[{"name":"wp","href":"https:\/\/api.w.org\/{rel}","templated":true}]}}