{"id":2540,"date":"2023-06-01T12:38:20","date_gmt":"2023-06-01T12:38:20","guid":{"rendered":"http:\/\/mecanicacuriel.com\/?page_id=2540"},"modified":"2023-06-01T12:38:20","modified_gmt":"2023-06-01T12:38:20","slug":"declaracion-de-accesibilidad","status":"publish","type":"page","link":"http:\/\/mecanicacuriel.com\/en\/declaracion-de-accesibilidad\/","title":{"rendered":"Accessibility statement"},"content":{"rendered":"<div class=\"wpb_text_column wpb_content_element\">\n<div class=\"wpb_wrapper\">\n<div class=\"wpb_text_column wpb_content_element textjust\">\n<div class=\"wpb_wrapper\">\n<div class=\"nv-content-wrap entry-content\">\n<p><strong>MECANICA CURIEL, SL<\/strong> has committed to making its website accessible, in accordance with Royal Decree 1112\/2018, of September 7, on accessibility of websites and applications for mobile devices in the public sector.<\/p>\n<p>This accessibility statement applies to the website <a href=\"http:\/\/mecanicacuriel.com\/en\/\">https:\/\/mecanicacuriel.com<\/a><\/p>\n<p><strong>Compliance status<\/strong><\/p>\n<p>This website is developed in accordance with RD 1112\/2018<\/p>\n<p><strong>Preparation for the next accessibility statement<\/strong><\/p>\n<p>This statement was prepared on January 2, 2023.<\/p>\n<p>The method used to prepare the declaration has been a self-assessment.<\/p>\n<p><strong>Observations and contact information<\/strong><\/p>\n<p>You can make communications about accessibility requirements (article 10.2.a of RD 1112\/2018) such as, for example:<\/p>\n<ul>\n<li>Report any possible breach by this website<\/li>\n<li>Transmit other content access difficulties<\/li>\n<li>Ask any other questions or suggestions for improvement regarding the accessibility of the website<\/li>\n<\/ul>\n<p>through the\u00a0<a href=\"https:\/\/mecanicacuriel.proyectowebs.com\/como-contactar\/\">form<\/a> from this website or through the telephone number (+34) <a href=\"tel:+34935751824\" target=\"_blank\" rel=\"noopener noreferrer\">935751824<\/a>.<\/p>\n<p>You can present:<\/p>\n<ul>\n<li>Complaint regarding compliance with the requirements of RD 1112\/2018 or<\/li>\n<li>Request for accessible information related to:\n<ul>\n<li>Contents that are excluded from the scope of application of RD 1112\/2018 as established by article 3, section 4<\/li>\n<li>Content that is exempt from compliance with accessibility requirements because it imposes a disproportionate burden<\/li>\n<\/ul>\n<\/li>\n<\/ul>\n<p>In the Request for accessible information, the facts, reasons and request must be clearly specified that allow us to verify that it is a reasonable and legitimate request.<\/p>\n<p>Complaints and claims about accessible information will be made through the electronic headquarters (<a href=\"https:\/\/sede.red.gob.es\/procedimientos\/quejas-y-sugerencias\">https:\/\/sede.red.gob.es\/procedimientos\/quejas-y-sugerencias)<\/a>, and will be received and processed by the Information Systems area of Red.es.<\/p>\n<p><strong>Optional content<\/strong><\/p>\n<p>If you want to change the font size of the text in the main graphical browsers, use the following menus:<\/p>\n<ul>\n<li>Internet Explorer, Mozilla and Firefox: View &gt; Text Size<\/li>\n<li>Opera: View &gt; Zoom<\/li>\n<li>Safari: View &gt; Make text larger<\/li>\n<li>Chrome: Control current page &gt; Text size<\/li>\n<li>To resize everything on the page:\n<ul>\n<li>Ctrl + + to increase it<\/li>\n<li>Ctrl + \u2013 to decrease it<\/li>\n<li>Ctrl + 0 restores the original text size<\/li>\n<li>If what you want is to override the style sheet or modify the text color, you can consult the WAI&#039;s How to Change Text Size or Colors page, which can be read translated into Spanish in How to change the text size or colors?<\/li>\n<\/ul>\n<\/li>\n<\/ul>\n<\/div>\n<\/div>\n<\/div>\n<\/div>\n<\/div>","protected":false},"excerpt":{"rendered":"<p>MECANICA CURIEL, S.L. se ha comprometido a hacer accesible su sitio web, de conformidad con el Real Decreto 1112\/2018, de 7 de septiembre, sobre accesibilidad de los sitios web y aplicaciones para dispositivos m\u00f3viles del sector p\u00fablico. La presente declaraci\u00f3n de accesibilidad se aplica al sitio web https:\/\/mecanicacuriel.com Situaci\u00f3n de cumplimiento Este sitio web se encuentra desarrollado conforme con el\u00a0RD<\/p>\n<div class=\"h10\"><\/div>\n<p><a class=\"more-link1\" href=\"http:\/\/mecanicacuriel.com\/en\/declaracion-de-accesibilidad\/\">Read more<\/a><\/p>","protected":false},"author":4,"featured_media":0,"parent":0,"menu_order":0,"comment_status":"closed","ping_status":"closed","template":"","meta":{"footnotes":""},"class_list":["post-2540","page","type-page","status-publish","hentry"],"aioseo_notices":[],"yoast_head":"<!-- This site is optimized with the Yoast SEO plugin v27.1.1 - https:\/\/yoast.com\/product\/yoast-seo-wordpress\/ -->\n<title>Declaraci\u00f3n de accesibilidad - Mecanica Curiel<\/title>\n<meta name=\"robots\" content=\"index, follow, max-snippet:-1, max-image-preview:large, max-video-preview:-1\" \/>\n<link rel=\"canonical\" href=\"https:\/\/mecanicacuriel.com\/en\/declaracion-de-accesibilidad\/\" \/>\n<meta property=\"og:locale\" content=\"en_GB\" \/>\n<meta property=\"og:type\" content=\"article\" \/>\n<meta property=\"og:title\" content=\"Declaraci\u00f3n de accesibilidad - Mecanica Curiel\" \/>\n<meta property=\"og:description\" content=\"MECANICA CURIEL, S.L. se ha comprometido a hacer accesible su sitio web, de conformidad con el Real Decreto 1112\/2018, de 7 de septiembre, sobre accesibilidad de los sitios web y aplicaciones para dispositivos m\u00f3viles del sector p\u00fablico. La presente declaraci\u00f3n de accesibilidad se aplica al sitio web https:\/\/mecanicacuriel.com Situaci\u00f3n de cumplimiento Este sitio web se encuentra desarrollado conforme con el\u00a0RDRead more\" \/>\n<meta property=\"og:url\" content=\"https:\/\/mecanicacuriel.com\/en\/declaracion-de-accesibilidad\/\" \/>\n<meta property=\"og:site_name\" content=\"Mecanica Curiel\" \/>\n<meta name=\"twitter:card\" content=\"summary_large_image\" \/>\n<meta name=\"twitter:label1\" content=\"Estimated reading time\" \/>\n\t<meta name=\"twitter:data1\" content=\"2 minutes\" \/>\n<script type=\"application\/ld+json\" class=\"yoast-schema-graph\">{\"@context\":\"https:\/\/schema.org\",\"@graph\":[{\"@type\":\"WebPage\",\"@id\":\"https:\/\/mecanicacuriel.com\/declaracion-de-accesibilidad\/\",\"url\":\"https:\/\/mecanicacuriel.com\/declaracion-de-accesibilidad\/\",\"name\":\"Declaraci\u00f3n de accesibilidad - Mecanica Curiel\",\"isPartOf\":{\"@id\":\"https:\/\/mecanicacuriel.com\/#website\"},\"datePublished\":\"2023-06-01T12:38:20+00:00\",\"breadcrumb\":{\"@id\":\"https:\/\/mecanicacuriel.com\/declaracion-de-accesibilidad\/#breadcrumb\"},\"inLanguage\":\"en-GB\",\"potentialAction\":[{\"@type\":\"ReadAction\",\"target\":[\"https:\/\/mecanicacuriel.com\/declaracion-de-accesibilidad\/\"]}]},{\"@type\":\"BreadcrumbList\",\"@id\":\"https:\/\/mecanicacuriel.com\/declaracion-de-accesibilidad\/#breadcrumb\",\"itemListElement\":[{\"@type\":\"ListItem\",\"position\":1,\"name\":\"Portada\",\"item\":\"https:\/\/mecanicacuriel.com\/\"},{\"@type\":\"ListItem\",\"position\":2,\"name\":\"Declaraci\u00f3n de accesibilidad\"}]},{\"@type\":\"WebSite\",\"@id\":\"https:\/\/mecanicacuriel.com\/#website\",\"url\":\"https:\/\/mecanicacuriel.com\/\",\"name\":\"Mecanica Curiel\",\"description\":\"fabricaci\u00f3n y construcci\u00f3n de mecanizados y montajes de precisi\u00f3n.\",\"potentialAction\":[{\"@type\":\"SearchAction\",\"target\":{\"@type\":\"EntryPoint\",\"urlTemplate\":\"https:\/\/mecanicacuriel.com\/?s={search_term_string}\"},\"query-input\":{\"@type\":\"PropertyValueSpecification\",\"valueRequired\":true,\"valueName\":\"search_term_string\"}}],\"inLanguage\":\"en-GB\"}]}<\/script>\n<!-- \/ Yoast SEO plugin. -->","yoast_head_json":{"title":"Declaraci\u00f3n de accesibilidad - Mecanica Curiel","robots":{"index":"index","follow":"follow","max-snippet":"max-snippet:-1","max-image-preview":"max-image-preview:large","max-video-preview":"max-video-preview:-1"},"canonical":"https:\/\/mecanicacuriel.com\/en\/declaracion-de-accesibilidad\/","og_locale":"en_GB","og_type":"article","og_title":"Declaraci\u00f3n de accesibilidad - Mecanica Curiel","og_description":"MECANICA CURIEL, S.L. se ha comprometido a hacer accesible su sitio web, de conformidad con el Real Decreto 1112\/2018, de 7 de septiembre, sobre accesibilidad de los sitios web y aplicaciones para dispositivos m\u00f3viles del sector p\u00fablico. La presente declaraci\u00f3n de accesibilidad se aplica al sitio web https:\/\/mecanicacuriel.com Situaci\u00f3n de cumplimiento Este sitio web se encuentra desarrollado conforme con el\u00a0RDRead more","og_url":"https:\/\/mecanicacuriel.com\/en\/declaracion-de-accesibilidad\/","og_site_name":"Mecanica Curiel","twitter_card":"summary_large_image","twitter_misc":{"Estimated reading time":"2 minutes"},"schema":{"@context":"https:\/\/schema.org","@graph":[{"@type":"WebPage","@id":"https:\/\/mecanicacuriel.com\/declaracion-de-accesibilidad\/","url":"https:\/\/mecanicacuriel.com\/declaracion-de-accesibilidad\/","name":"Declaraci\u00f3n de accesibilidad - Mecanica Curiel","isPartOf":{"@id":"https:\/\/mecanicacuriel.com\/#website"},"datePublished":"2023-06-01T12:38:20+00:00","breadcrumb":{"@id":"https:\/\/mecanicacuriel.com\/declaracion-de-accesibilidad\/#breadcrumb"},"inLanguage":"en-GB","potentialAction":[{"@type":"ReadAction","target":["https:\/\/mecanicacuriel.com\/declaracion-de-accesibilidad\/"]}]},{"@type":"BreadcrumbList","@id":"https:\/\/mecanicacuriel.com\/declaracion-de-accesibilidad\/#breadcrumb","itemListElement":[{"@type":"ListItem","position":1,"name":"Portada","item":"https:\/\/mecanicacuriel.com\/"},{"@type":"ListItem","position":2,"name":"Declaraci\u00f3n de accesibilidad"}]},{"@type":"WebSite","@id":"https:\/\/mecanicacuriel.com\/#website","url":"https:\/\/mecanicacuriel.com\/","name":"Curiel Mechanics","description":"manufacturing and construction of precision machining and assembly.","potentialAction":[{"@type":"SearchAction","target":{"@type":"EntryPoint","urlTemplate":"https:\/\/mecanicacuriel.com\/?s={search_term_string}"},"query-input":{"@type":"PropertyValueSpecification","valueRequired":true,"valueName":"search_term_string"}}],"inLanguage":"en-GB"}]}},"_links":{"self":[{"href":"http:\/\/mecanicacuriel.com\/en\/wp-json\/wp\/v2\/pages\/2540","targetHints":{"allow":["GET"]}}],"collection":[{"href":"http:\/\/mecanicacuriel.com\/en\/wp-json\/wp\/v2\/pages"}],"about":[{"href":"http:\/\/mecanicacuriel.com\/en\/wp-json\/wp\/v2\/types\/page"}],"author":[{"embeddable":true,"href":"http:\/\/mecanicacuriel.com\/en\/wp-json\/wp\/v2\/users\/4"}],"replies":[{"embeddable":true,"href":"http:\/\/mecanicacuriel.com\/en\/wp-json\/wp\/v2\/comments?post=2540"}],"version-history":[{"count":1,"href":"http:\/\/mecanicacuriel.com\/en\/wp-json\/wp\/v2\/pages\/2540\/revisions"}],"predecessor-version":[{"id":2541,"href":"http:\/\/mecanicacuriel.com\/en\/wp-json\/wp\/v2\/pages\/2540\/revisions\/2541"}],"wp:attachment":[{"href":"http:\/\/mecanicacuriel.com\/en\/wp-json\/wp\/v2\/media?parent=2540"}],"curies":[{"name":"wp","href":"https:\/\/api.w.org\/{rel}","templated":true}]}}