{"id":385,"date":"2015-03-04T08:23:58","date_gmt":"2015-03-04T08:23:58","guid":{"rendered":"http:\/\/mecanicacuriel.com\/?page_id=385"},"modified":"2017-05-26T09:30:45","modified_gmt":"2017-05-26T09:30:45","slug":"mecanizados-precision","status":"publish","type":"page","link":"http:\/\/mecanicacuriel.com\/en\/mecanizados-precision\/","title":{"rendered":"Precision machining"},"content":{"rendered":"<div class=\"wpb-content-wrapper\"><div class=\"vc_row wpb_row vc_row-fluid\"><div class=\"wpb_column vc_column_container vc_col-sm-12\"><div class=\"vc_column-inner\"><div class=\"wpb_wrapper\"><div class=\"wpb_revslider_element wpb_content_element\">\n\t\t\t<!-- START home REVOLUTION SLIDER 6.7.25 --><p class=\"rs-p-wp-fix\"><\/p>\n\t\t\t<rs-module-wrap id=\"rev_slider_1_1_wrapper\" data-source=\"gallery\" style=\"visibility:hidden;background:#E9E9E9;padding:-15;margin:0px auto;margin-top:0;margin-bottom:0;\">\n\t\t\t\t<rs-module id=\"rev_slider_1_1\" style=\"\" data-version=\"6.7.25\">\n\t\t\t\t\t<rs-slides style=\"overflow: hidden; position: absolute;\">\n\t\t\t\t\t\t<rs-slide style=\"position: absolute;\" data-key=\"rs-10\" data-title=\"Slide\" data-thumb=\"\/\/mecanicacuriel.com\/wp-content\/uploads\/2014\/11\/11-100x50.jpg\" data-anim=\"adpr:false;\">\n\t\t\t\t\t\t\t<img decoding=\"async\" src=\"\/\/mecanicacuriel.com\/wp-content\/plugins\/revslider\/sr6\/assets\/assets\/dummy.png\" alt=\"\" title=\"Precision machining\" class=\"rev-slidebg tp-rs-img rs-lazyload\" data-lazyload=\"\/\/mecanicacuriel.com\/wp-content\/uploads\/2014\/11\/11.jpg\" data-bg=\"p:center top;\" data-no-retina>\n<!---->\t\t\t\t\t<\/rs-slide>\n\t\t\t\t\t\t<rs-slide style=\"position: absolute;\" data-key=\"rs-3\" data-title=\"Slide\" data-thumb=\"\/\/mecanicacuriel.com\/wp-content\/uploads\/2014\/11\/1-100x50.jpg\" data-anim=\"adpr:false;\">\n\t\t\t\t\t\t\t<img decoding=\"async\" src=\"\/\/mecanicacuriel.com\/wp-content\/plugins\/revslider\/sr6\/assets\/assets\/dummy.png\" alt=\"\" title=\"Precision machining\" class=\"rev-slidebg tp-rs-img rs-lazyload\" data-lazyload=\"\/\/mecanicacuriel.com\/wp-content\/uploads\/2014\/11\/1.jpg\" data-bg=\"p:center top;\" data-no-retina>\n<!---->\t\t\t\t\t<\/rs-slide>\n\t\t\t\t\t\t<rs-slide style=\"position: absolute;\" data-key=\"rs-4\" data-title=\"Slide\" data-thumb=\"\/\/mecanicacuriel.com\/wp-content\/uploads\/2016\/12\/2.-CJT.-BOMBAS-PERIST\u00c1LTICAS-100x50.jpg\" data-anim=\"adpr:false;\">\n\t\t\t\t\t\t\t<img decoding=\"async\" src=\"\/\/mecanicacuriel.com\/wp-content\/plugins\/revslider\/sr6\/assets\/assets\/dummy.png\" alt=\"\" title=\"Precision machining\" class=\"rev-slidebg tp-rs-img rs-lazyload\" data-lazyload=\"\/\/mecanicacuriel.com\/wp-content\/uploads\/2016\/12\/2.-CJT.-BOMBAS-PERIST\u00c1LTICAS.jpg\" data-bg=\"p:center top;\" data-no-retina>\n<!---->\t\t\t\t\t<\/rs-slide>\n\t\t\t\t\t\t<rs-slide style=\"position: absolute;\" data-key=\"rs-6\" data-title=\"Slide\" data-thumb=\"\/\/mecanicacuriel.com\/wp-content\/uploads\/2014\/11\/2-100x50.jpg\" data-anim=\"adpr:false;\">\n\t\t\t\t\t\t\t<img decoding=\"async\" src=\"\/\/mecanicacuriel.com\/wp-content\/plugins\/revslider\/sr6\/assets\/assets\/dummy.png\" alt=\"\" title=\"Precision machining\" class=\"rev-slidebg tp-rs-img rs-lazyload\" data-lazyload=\"\/\/mecanicacuriel.com\/wp-content\/uploads\/2014\/11\/2.jpg\" data-bg=\"p:center top;\" data-no-retina>\n<!---->\t\t\t\t\t<\/rs-slide>\n\t\t\t\t\t\t<rs-slide style=\"position: absolute;\" data-key=\"rs-9\" data-title=\"Slide\" data-thumb=\"\/\/mecanicacuriel.com\/wp-content\/uploads\/2016\/12\/2.-Conjunto-de-Carros-lineales-100x50.jpg\" data-anim=\"adpr:false;\">\n\t\t\t\t\t\t\t<img decoding=\"async\" src=\"\/\/mecanicacuriel.com\/wp-content\/plugins\/revslider\/sr6\/assets\/assets\/dummy.png\" alt=\"\" title=\"Precision machining\" class=\"rev-slidebg tp-rs-img rs-lazyload\" data-lazyload=\"\/\/mecanicacuriel.com\/wp-content\/uploads\/2016\/12\/2.-Conjunto-de-Carros-lineales.jpg\" data-bg=\"p:center top;\" data-no-retina>\n<!---->\t\t\t\t\t<\/rs-slide>\n\t\t\t\t\t\t<rs-slide style=\"position: absolute;\" data-key=\"rs-8\" data-title=\"Slide\" data-thumb=\"\/\/mecanicacuriel.com\/wp-content\/uploads\/2016\/12\/20220128_124231-100x50.jpg\" data-anim=\"adpr:false;\">\n\t\t\t\t\t\t\t<img decoding=\"async\" src=\"\/\/mecanicacuriel.com\/wp-content\/plugins\/revslider\/sr6\/assets\/assets\/dummy.png\" alt=\"\" title=\"Precision machining\" class=\"rev-slidebg tp-rs-img rs-lazyload\" data-lazyload=\"\/\/mecanicacuriel.com\/wp-content\/uploads\/2016\/12\/20220128_124231.jpg\" data-bg=\"p:center top;\" data-no-retina>\n<!---->\t\t\t\t\t<\/rs-slide>\n\t\t\t\t\t\t<rs-slide style=\"position: absolute;\" data-key=\"rs-11\" data-title=\"Slide\" data-thumb=\"\/\/mecanicacuriel.com\/wp-content\/uploads\/2016\/12\/20231206_094321-100x50.jpg\" data-anim=\"adpr:false;\">\n\t\t\t\t\t\t\t<img decoding=\"async\" src=\"\/\/mecanicacuriel.com\/wp-content\/plugins\/revslider\/sr6\/assets\/assets\/dummy.png\" alt=\"\" title=\"Precision machining\" class=\"rev-slidebg tp-rs-img rs-lazyload\" data-lazyload=\"\/\/mecanicacuriel.com\/wp-content\/uploads\/2016\/12\/20231206_094321.jpg\" data-bg=\"p:center top;\" data-no-retina>\n<!---->\t\t\t\t\t<\/rs-slide>\n\t\t\t\t\t<\/rs-slides>\n\t\t\t\t<\/rs-module>\n\t\t\t\t<script>\n\t\t\t\t\tsetREVStartSize({c: 'rev_slider_1_1',rl:[1240,1024,778,480],el:[],gw:[950],gh:[450],type:'standard',justify:'',layout:'fullwidth',mh:\"0\"});if (window.RS_MODULES!==undefined && window.RS_MODULES.modules!==undefined && window.RS_MODULES.modules[\"revslider11\"]!==undefined) {window.RS_MODULES.modules[\"revslider11\"].once = false;window.revapi1 = undefined;if (window.RS_MODULES.checkMinimal!==undefined) window.RS_MODULES.checkMinimal()}\n\t\t\t\t<\/script>\n\t\t\t<\/rs-module-wrap>\n\t\t\t<!-- END REVOLUTION SLIDER -->\n<\/div>\n\t<div class=\"wpb_text_column wpb_content_element\" >\n\t\t<div class=\"wpb_wrapper\">\n\t\t\t<p><strong>Curiel Mechanics<\/strong> is a company born in 1972 that offers its clients the development and production of <strong>mechanized<\/strong> <strong>precision<\/strong>.<\/p>\n<p>With more than forty years in providing these services, our vast experience has allowed us to always offer each and every one of our clients, the most complete services in <strong>mechanized<\/strong> and <strong>precision assemblies,<\/strong> counting on the application of the latest developments in technology and <strong>CNC machinery<\/strong>, as well as with the work of the best materials, by the hand of great professionals who make up our staff.<\/p>\n<p>Vocationally dedicated to the work we do, in <strong>Curiel Mechanics<\/strong>, we care about satisfying the client and that can only be achieved if we provide these people with the appropriate, fully personalized service and complete advice that they deserve. In <strong>Curiel Mechanics<\/strong>, customer satisfaction is our ultimate goal to achieve. Furthermore, thanks to the human team of professionals that make up our staff and the work resources we have, we guarantee all our clients a service in <strong>precision machining<\/strong> meticulous and adapted to your needs.<\/p>\n<p>The extensive background in the sector of <strong>precision machining<\/strong>, has allowed us to establish ourselves as one of the <strong>machining companies<\/strong> sector leaders throughout the province of Barcelona. Particularly, in <strong>Curiel Mechanics<\/strong>, we have achieved an advantageous position in the production of all types of <strong>machining of<\/strong> <strong>laboratory<\/strong>, mechanics for viscometry, mechanics for electromedicine, small machinery in general, <strong>valves <\/strong>special, tools and <strong>precision machining <\/strong>of diverse typology.<\/p>\n<p>In order to guarantee our clients the values that define our <strong>precision machining company<\/strong>, we work under the highest demands of quality and reliability that each and every one of the products that the brand and the service make must have. For this reason, all our products are produced using the best specialized production processes, the latest and most up-to-date technical means and infrastructure required by the current situation of the food market. <strong>precision machining<\/strong>. All this, at the hands of a demanding and careful staff, who has always ensured the quality of the service and returned the trust placed in this professional team of the <strong>precision machining<\/strong>.<\/p>\n<p>The treatment of <strong>precision machining<\/strong> It is a fundamental pillar in the manufacturing and preparation of many of the items we use daily, no matter how unimaginable it may seem. There are very few material objects in the world that have not been treated in a machining company, or rather the entire product, vital parts for its proper functioning. There are even some that are of vital importance and in which, due to the responsibility that this entails, the professionals of these <strong>precision machining<\/strong>, we cannot fail when doing them. This is also where the demanding quality controls that we duly apply to each and every one of the elements and pieces that we make come into play. <strong>Curiel Mechanics<\/strong>. It is, therefore, a sector very little known by the general public, this one of the <strong>mechanized <\/strong>and montages <strong>precision<\/strong>.<\/p>\n<p>The work of these <strong>precision machining<\/strong>In addition, it must lie in responding with guarantees and from the best, since not all of us are aware of the unknowns that the <strong>precision machining<\/strong> and the tools that are used for the correct development of this activity.<\/p>\n<p>Since we started in the world of <strong>mechanized<\/strong> <strong>precision<\/strong>For more than forty years, we have carried out a specialized development process in activities related to the field that we cover and work in.<\/p>\n<p>As main leaders in the sector of <strong>mechanized<\/strong> and the montages<strong> precision<\/strong> in the province of Barcelona, in <strong>Curiel Mechanics<\/strong>In addition, we have also specialized in the production of various appliances from other materials such as construction steel, stainless steel, aluminum alloys, brass, bronze and technical plastics.<\/p>\n<p>Our products and services in <strong>precision machining<\/strong>, we always work with seriousness, professionalism, demand and commitment to achieving a perfect final result, with the complete assurance that this product, or service, more than meets the demands of any corresponding quality control. This is why the working group of <strong>Curiel Mechanics<\/strong>, is made up of committed professionals in the field, with extensive knowledge and work experience, and with an enormous capacity for adaptation and dedication to respond to the constant updating of the market and thus respond to its needs and demands.<\/p>\n<p>The <strong>precision machining<\/strong> They are a very important field of action today. Without working on these processes, although it may seem like a lie, nothing would make sense. Therefore, we want to convey to you that feeling of pride for developing such a significant activity, and at the same time, the total peace of mind of trusting a family business involved in each project it carries out, regardless of its size, because there is nothing or no one inferior to.<\/p>\n<p>If you want more information about our <strong>precision machining company<\/strong>, do not hesitate to contact any of the members of our staff. Without any type of commitment, we will be pleased to answer all your doubts, questions or suggestions and offer you all the necessary advice that is in our hands, to guarantee you obtain a service in <strong>precision machining<\/strong> quality.<\/p>\n\n\t\t<\/div>\n\t<\/div>\n<\/div><\/div><\/div><\/div>\n<\/div>","protected":false},"excerpt":{"rendered":"Mec\u00e1nica Curiel es una empresa nacida en el a\u00f1o 1972 que ofrece a sus clientes la elaboraci\u00f3n y producci\u00f3n de mecanizados de precisi\u00f3n. Con m\u00e1s de cuarenta a\u00f1os en la prestaci\u00f3n de estos servicios, nuestra vasta experiencia nos ha permitido ofrecer siempre a todos y cada uno de nuestros clientes, los m\u00e1s completos servicios en mecanizados y montajes de precisi\u00f3n,<div class=\"h10\"><\/div><a class=\"more-link1\" href=\"http:\/\/mecanicacuriel.com\/en\/mecanizados-precision\/\">Read more<\/a>","protected":false},"author":2,"featured_media":0,"parent":0,"menu_order":0,"comment_status":"open","ping_status":"closed","template":"","meta":{"footnotes":""},"class_list":["post-385","page","type-page","status-publish","hentry"],"aioseo_notices":[],"yoast_head":"<!-- This site is optimized with the Yoast SEO plugin v27.1.1 - https:\/\/yoast.com\/product\/yoast-seo-wordpress\/ -->\n<title>Mecanizados precision - Mecanica Curiel<\/title>\n<meta name=\"robots\" content=\"index, follow, max-snippet:-1, max-image-preview:large, max-video-preview:-1\" \/>\n<link rel=\"canonical\" href=\"https:\/\/mecanicacuriel.com\/en\/mecanizados-precision\/\" \/>\n<meta property=\"og:locale\" content=\"en_GB\" \/>\n<meta property=\"og:type\" content=\"article\" \/>\n<meta property=\"og:title\" content=\"Mecanizados precision - Mecanica Curiel\" \/>\n<meta property=\"og:url\" content=\"https:\/\/mecanicacuriel.com\/en\/mecanizados-precision\/\" \/>\n<meta property=\"og:site_name\" content=\"Mecanica Curiel\" \/>\n<meta property=\"article:modified_time\" content=\"2017-05-26T09:30:45+00:00\" \/>\n<meta name=\"twitter:card\" content=\"summary_large_image\" \/>\n<meta name=\"twitter:label1\" content=\"Estimated reading time\" \/>\n\t<meta name=\"twitter:data1\" content=\"5 minutes\" \/>\n<script type=\"application\/ld+json\" class=\"yoast-schema-graph\">{\"@context\":\"https:\/\/schema.org\",\"@graph\":[{\"@type\":\"WebPage\",\"@id\":\"https:\/\/mecanicacuriel.com\/mecanizados-precision\/\",\"url\":\"https:\/\/mecanicacuriel.com\/mecanizados-precision\/\",\"name\":\"Mecanizados precision - Mecanica Curiel\",\"isPartOf\":{\"@id\":\"https:\/\/mecanicacuriel.com\/#website\"},\"datePublished\":\"2015-03-04T08:23:58+00:00\",\"dateModified\":\"2017-05-26T09:30:45+00:00\",\"breadcrumb\":{\"@id\":\"https:\/\/mecanicacuriel.com\/mecanizados-precision\/#breadcrumb\"},\"inLanguage\":\"en-GB\",\"potentialAction\":[{\"@type\":\"ReadAction\",\"target\":[\"https:\/\/mecanicacuriel.com\/mecanizados-precision\/\"]}]},{\"@type\":\"BreadcrumbList\",\"@id\":\"https:\/\/mecanicacuriel.com\/mecanizados-precision\/#breadcrumb\",\"itemListElement\":[{\"@type\":\"ListItem\",\"position\":1,\"name\":\"Portada\",\"item\":\"https:\/\/mecanicacuriel.com\/\"},{\"@type\":\"ListItem\",\"position\":2,\"name\":\"Mecanizados precision\"}]},{\"@type\":\"WebSite\",\"@id\":\"https:\/\/mecanicacuriel.com\/#website\",\"url\":\"https:\/\/mecanicacuriel.com\/\",\"name\":\"Mecanica Curiel\",\"description\":\"fabricaci\u00f3n y construcci\u00f3n de mecanizados y montajes de precisi\u00f3n.\",\"potentialAction\":[{\"@type\":\"SearchAction\",\"target\":{\"@type\":\"EntryPoint\",\"urlTemplate\":\"https:\/\/mecanicacuriel.com\/?s={search_term_string}\"},\"query-input\":{\"@type\":\"PropertyValueSpecification\",\"valueRequired\":true,\"valueName\":\"search_term_string\"}}],\"inLanguage\":\"en-GB\"}]}<\/script>\n<!-- \/ Yoast SEO plugin. -->","yoast_head_json":{"title":"Mecanizados precision - Mecanica Curiel","robots":{"index":"index","follow":"follow","max-snippet":"max-snippet:-1","max-image-preview":"max-image-preview:large","max-video-preview":"max-video-preview:-1"},"canonical":"https:\/\/mecanicacuriel.com\/en\/mecanizados-precision\/","og_locale":"en_GB","og_type":"article","og_title":"Mecanizados precision - Mecanica Curiel","og_url":"https:\/\/mecanicacuriel.com\/en\/mecanizados-precision\/","og_site_name":"Mecanica Curiel","article_modified_time":"2017-05-26T09:30:45+00:00","twitter_card":"summary_large_image","twitter_misc":{"Estimated reading time":"5 minutes"},"schema":{"@context":"https:\/\/schema.org","@graph":[{"@type":"WebPage","@id":"https:\/\/mecanicacuriel.com\/mecanizados-precision\/","url":"https:\/\/mecanicacuriel.com\/mecanizados-precision\/","name":"Mecanizados precision - Mecanica Curiel","isPartOf":{"@id":"https:\/\/mecanicacuriel.com\/#website"},"datePublished":"2015-03-04T08:23:58+00:00","dateModified":"2017-05-26T09:30:45+00:00","breadcrumb":{"@id":"https:\/\/mecanicacuriel.com\/mecanizados-precision\/#breadcrumb"},"inLanguage":"en-GB","potentialAction":[{"@type":"ReadAction","target":["https:\/\/mecanicacuriel.com\/mecanizados-precision\/"]}]},{"@type":"BreadcrumbList","@id":"https:\/\/mecanicacuriel.com\/mecanizados-precision\/#breadcrumb","itemListElement":[{"@type":"ListItem","position":1,"name":"Portada","item":"https:\/\/mecanicacuriel.com\/"},{"@type":"ListItem","position":2,"name":"Mecanizados precision"}]},{"@type":"WebSite","@id":"https:\/\/mecanicacuriel.com\/#website","url":"https:\/\/mecanicacuriel.com\/","name":"Curiel Mechanics","description":"manufacturing and construction of precision machining and assembly.","potentialAction":[{"@type":"SearchAction","target":{"@type":"EntryPoint","urlTemplate":"https:\/\/mecanicacuriel.com\/?s={search_term_string}"},"query-input":{"@type":"PropertyValueSpecification","valueRequired":true,"valueName":"search_term_string"}}],"inLanguage":"en-GB"}]}},"_links":{"self":[{"href":"http:\/\/mecanicacuriel.com\/en\/wp-json\/wp\/v2\/pages\/385","targetHints":{"allow":["GET"]}}],"collection":[{"href":"http:\/\/mecanicacuriel.com\/en\/wp-json\/wp\/v2\/pages"}],"about":[{"href":"http:\/\/mecanicacuriel.com\/en\/wp-json\/wp\/v2\/types\/page"}],"author":[{"embeddable":true,"href":"http:\/\/mecanicacuriel.com\/en\/wp-json\/wp\/v2\/users\/2"}],"replies":[{"embeddable":true,"href":"http:\/\/mecanicacuriel.com\/en\/wp-json\/wp\/v2\/comments?post=385"}],"version-history":[{"count":1,"href":"http:\/\/mecanicacuriel.com\/en\/wp-json\/wp\/v2\/pages\/385\/revisions"}],"predecessor-version":[{"id":1123,"href":"http:\/\/mecanicacuriel.com\/en\/wp-json\/wp\/v2\/pages\/385\/revisions\/1123"}],"wp:attachment":[{"href":"http:\/\/mecanicacuriel.com\/en\/wp-json\/wp\/v2\/media?parent=385"}],"curies":[{"name":"wp","href":"https:\/\/api.w.org\/{rel}","templated":true}]}}