{"id":11,"date":"2014-11-11T12:01:49","date_gmt":"2014-11-11T12:01:49","guid":{"rendered":"http:\/\/cocteleriaformentera.es\/?page_id=11"},"modified":"2024-02-23T10:16:01","modified_gmt":"2024-02-23T10:16:01","slug":"valvuleria-especial","status":"publish","type":"page","link":"https:\/\/mecanicacuriel.com\/en\/valvuleria-especial\/","title":{"rendered":"Special valves"},"content":{"rendered":"<div class=\"wpb-content-wrapper\"><div class=\"vc_row wpb_row vc_row-fluid\"><div class=\"wpb_column vc_column_container vc_col-sm-12\"><div class=\"vc_column-inner\"><div class=\"wpb_wrapper\">\n\t<div class=\"wpb_text_column wpb_content_element textjust\" >\n\t\t<div class=\"wpb_wrapper\">\n\t\t\t<p>With extensive background in the field of <strong>mechanized<\/strong> and <strong>precision assemblies, <\/strong>At Mec\u00e1nica Curiel we have been working for and for our clients for more than 40 years, guaranteeing quality and reliability in the development of our products and advisory services.<\/p>\n<p>Dedicated to the production of all types of physical instruments, <strong>laboratory<\/strong>, mechanics for viscometry and electromedicine, small machinery in general, <strong>valves <\/strong>special, tools, prototypes and <strong>precision machining<\/strong>; We work on the construction of these devices from top quality materials, such as construction steel, stainless steels, aluminum alloys, brass, bronzes and technical plastics.<\/p>\n<p>Another of the products that we promote at Mec\u00e1nica Curiel, and that we work on, is special valves, a development process based on the specialization of activities related to nautical. See in the images, photographs of brass valves made in our facilities and by our operators specialized in the work of these. <strong>mechanized<\/strong>.<\/p>\n<p>In addition to the development of high-quality products and services, our work focuses on offering our clients the best technical advice.<\/p>\n<p>Our special valve products are manufactured using specialized production processes, at the hands of demanding personnel using the latest and most up-to-date technical means and infrastructure required by the current market situation for precision tools of these characteristics. We therefore want to offer our clients the trust and security of a professional team that masters the <strong>precision machining<\/strong> with machinery <strong>CNC<\/strong> to perfection, and that offers a complete machining service adapted to any of the needs that each client requires.<\/p>\n<p>Made with seriousness, commitment and professionalism, our products are subjected to rigorous quality control, using the necessary guarantee tools for this. Our purpose is to give the customer these values of quality and reliability that each and every one of the products that the brand and the service make carry. Principles that we defend to achieve our task in this sector of the <strong>mechanized<\/strong> and <strong>precision assemblies<\/strong>.<\/p>\n\n\t\t<\/div>\n\t<\/div>\n<\/div><\/div><\/div><\/div><div class=\"vc_row wpb_row vc_row-fluid\"><div class=\"wpb_column vc_column_container vc_col-sm-6\"><div class=\"vc_column-inner\"><div class=\"wpb_wrapper\">\n\t<div  class=\"wpb_single_image wpb_content_element vc_align_left wpb_content_element\">\n\t\t\n\t\t<figure class=\"wpb_wrapper vc_figure\">\n\t\t\t<div class=\"vc_single_image-wrapper   vc_box_border_grey\"><img loading=\"lazy\" decoding=\"async\" width=\"500\" height=\"375\" src=\"https:\/\/mecanicacuriel.com\/wp-content\/uploads\/2014\/11\/val1_g.jpg\" class=\"vc_single_image-img attachment-full\" alt=\"v\u00e1lvula\" title=\"valve\" srcset=\"https:\/\/mecanicacuriel.com\/wp-content\/uploads\/2014\/11\/val1_g.jpg 500w, https:\/\/mecanicacuriel.com\/wp-content\/uploads\/2014\/11\/val1_g-300x225.jpg 300w\" sizes=\"auto, (max-width: 500px) 100vw, 500px\" \/><\/div>\n\t\t<\/figure>\n\t<\/div>\n<\/div><\/div><\/div><div class=\"wpb_column vc_column_container vc_col-sm-6\"><div class=\"vc_column-inner\"><div class=\"wpb_wrapper\">\n\t<div  class=\"wpb_single_image wpb_content_element vc_align_left wpb_content_element\">\n\t\t\n\t\t<figure class=\"wpb_wrapper vc_figure\">\n\t\t\t<div class=\"vc_single_image-wrapper   vc_box_border_grey\"><img loading=\"lazy\" decoding=\"async\" width=\"500\" height=\"375\" src=\"https:\/\/mecanicacuriel.com\/wp-content\/uploads\/2014\/11\/val2_g.jpg\" class=\"vc_single_image-img attachment-full\" alt=\"v\u00e1lvula\" title=\"valve\" srcset=\"https:\/\/mecanicacuriel.com\/wp-content\/uploads\/2014\/11\/val2_g.jpg 500w, https:\/\/mecanicacuriel.com\/wp-content\/uploads\/2014\/11\/val2_g-300x225.jpg 300w\" sizes=\"auto, (max-width: 500px) 100vw, 500px\" \/><\/div>\n\t\t<\/figure>\n\t<\/div>\n<\/div><\/div><\/div><\/div>\n<\/div>","protected":false},"excerpt":{"rendered":"Con un amplio bagaje en el campo de los mecanizados y montajes de precisi\u00f3n, en Mec\u00e1nica Curiel llevamos m\u00e1s de 40 a\u00f1os trabajando por y para nuestros clientes, garantiz\u00e1ndoles calidad y fiabilidad en la elaboraci\u00f3n de nuestros productos y servicios de asesoramiento. Dedicados ala elaboraci\u00f3n de todo tipo de instrumentos f\u00edsicos, de laboratorio, mec\u00e1nicas para viscosimetr\u00eda y electromedicina, peque\u00f1a maquinaria<div class=\"h10\"><\/div><a class=\"more-link1\" href=\"https:\/\/mecanicacuriel.com\/en\/valvuleria-especial\/\">Read more<\/a>","protected":false},"author":2,"featured_media":0,"parent":0,"menu_order":0,"comment_status":"open","ping_status":"open","template":"","meta":{"footnotes":""},"class_list":["post-11","page","type-page","status-publish","hentry"],"aioseo_notices":[],"yoast_head":"<!-- This site is optimized with the Yoast SEO plugin v27.1.1 - https:\/\/yoast.com\/product\/yoast-seo-wordpress\/ -->\n<title>Valvuler\u00eda especial - Mecanica Curiel<\/title>\n<meta name=\"robots\" content=\"index, follow, max-snippet:-1, max-image-preview:large, max-video-preview:-1\" \/>\n<link rel=\"canonical\" href=\"https:\/\/mecanicacuriel.com\/en\/valvuleria-especial\/\" \/>\n<meta property=\"og:locale\" content=\"en_GB\" \/>\n<meta property=\"og:type\" content=\"article\" \/>\n<meta property=\"og:title\" content=\"Valvuler\u00eda especial - Mecanica Curiel\" \/>\n<meta property=\"og:url\" content=\"https:\/\/mecanicacuriel.com\/en\/valvuleria-especial\/\" \/>\n<meta property=\"og:site_name\" content=\"Mecanica Curiel\" \/>\n<meta property=\"article:modified_time\" content=\"2024-02-23T10:16:01+00:00\" \/>\n<meta name=\"twitter:card\" content=\"summary_large_image\" \/>\n<meta name=\"twitter:label1\" content=\"Estimated reading time\" \/>\n\t<meta name=\"twitter:data1\" content=\"2 minutes\" \/>\n<script type=\"application\/ld+json\" class=\"yoast-schema-graph\">{\"@context\":\"https:\/\/schema.org\",\"@graph\":[{\"@type\":\"WebPage\",\"@id\":\"https:\/\/mecanicacuriel.com\/valvuleria-especial\/\",\"url\":\"https:\/\/mecanicacuriel.com\/valvuleria-especial\/\",\"name\":\"Valvuler\u00eda especial - Mecanica Curiel\",\"isPartOf\":{\"@id\":\"https:\/\/mecanicacuriel.com\/#website\"},\"datePublished\":\"2014-11-11T12:01:49+00:00\",\"dateModified\":\"2024-02-23T10:16:01+00:00\",\"breadcrumb\":{\"@id\":\"https:\/\/mecanicacuriel.com\/valvuleria-especial\/#breadcrumb\"},\"inLanguage\":\"en-GB\",\"potentialAction\":[{\"@type\":\"ReadAction\",\"target\":[\"https:\/\/mecanicacuriel.com\/valvuleria-especial\/\"]}]},{\"@type\":\"BreadcrumbList\",\"@id\":\"https:\/\/mecanicacuriel.com\/valvuleria-especial\/#breadcrumb\",\"itemListElement\":[{\"@type\":\"ListItem\",\"position\":1,\"name\":\"Portada\",\"item\":\"https:\/\/mecanicacuriel.com\/\"},{\"@type\":\"ListItem\",\"position\":2,\"name\":\"Valvuler\u00eda especial\"}]},{\"@type\":\"WebSite\",\"@id\":\"https:\/\/mecanicacuriel.com\/#website\",\"url\":\"https:\/\/mecanicacuriel.com\/\",\"name\":\"Mecanica Curiel\",\"description\":\"fabricaci\u00f3n y construcci\u00f3n de mecanizados y montajes de precisi\u00f3n.\",\"potentialAction\":[{\"@type\":\"SearchAction\",\"target\":{\"@type\":\"EntryPoint\",\"urlTemplate\":\"https:\/\/mecanicacuriel.com\/?s={search_term_string}\"},\"query-input\":{\"@type\":\"PropertyValueSpecification\",\"valueRequired\":true,\"valueName\":\"search_term_string\"}}],\"inLanguage\":\"en-GB\"}]}<\/script>\n<!-- \/ Yoast SEO plugin. -->","yoast_head_json":{"title":"Valvuler\u00eda especial - Mecanica Curiel","robots":{"index":"index","follow":"follow","max-snippet":"max-snippet:-1","max-image-preview":"max-image-preview:large","max-video-preview":"max-video-preview:-1"},"canonical":"https:\/\/mecanicacuriel.com\/en\/valvuleria-especial\/","og_locale":"en_GB","og_type":"article","og_title":"Valvuler\u00eda especial - Mecanica Curiel","og_url":"https:\/\/mecanicacuriel.com\/en\/valvuleria-especial\/","og_site_name":"Mecanica Curiel","article_modified_time":"2024-02-23T10:16:01+00:00","twitter_card":"summary_large_image","twitter_misc":{"Estimated reading time":"2 minutes"},"schema":{"@context":"https:\/\/schema.org","@graph":[{"@type":"WebPage","@id":"https:\/\/mecanicacuriel.com\/valvuleria-especial\/","url":"https:\/\/mecanicacuriel.com\/valvuleria-especial\/","name":"Valvuler\u00eda especial - Mecanica Curiel","isPartOf":{"@id":"https:\/\/mecanicacuriel.com\/#website"},"datePublished":"2014-11-11T12:01:49+00:00","dateModified":"2024-02-23T10:16:01+00:00","breadcrumb":{"@id":"https:\/\/mecanicacuriel.com\/valvuleria-especial\/#breadcrumb"},"inLanguage":"en-GB","potentialAction":[{"@type":"ReadAction","target":["https:\/\/mecanicacuriel.com\/valvuleria-especial\/"]}]},{"@type":"BreadcrumbList","@id":"https:\/\/mecanicacuriel.com\/valvuleria-especial\/#breadcrumb","itemListElement":[{"@type":"ListItem","position":1,"name":"Portada","item":"https:\/\/mecanicacuriel.com\/"},{"@type":"ListItem","position":2,"name":"Valvuler\u00eda especial"}]},{"@type":"WebSite","@id":"https:\/\/mecanicacuriel.com\/#website","url":"https:\/\/mecanicacuriel.com\/","name":"Curiel Mechanics","description":"manufacturing and construction of precision machining and assembly.","potentialAction":[{"@type":"SearchAction","target":{"@type":"EntryPoint","urlTemplate":"https:\/\/mecanicacuriel.com\/?s={search_term_string}"},"query-input":{"@type":"PropertyValueSpecification","valueRequired":true,"valueName":"search_term_string"}}],"inLanguage":"en-GB"}]}},"_links":{"self":[{"href":"https:\/\/mecanicacuriel.com\/en\/wp-json\/wp\/v2\/pages\/11","targetHints":{"allow":["GET"]}}],"collection":[{"href":"https:\/\/mecanicacuriel.com\/en\/wp-json\/wp\/v2\/pages"}],"about":[{"href":"https:\/\/mecanicacuriel.com\/en\/wp-json\/wp\/v2\/types\/page"}],"author":[{"embeddable":true,"href":"https:\/\/mecanicacuriel.com\/en\/wp-json\/wp\/v2\/users\/2"}],"replies":[{"embeddable":true,"href":"https:\/\/mecanicacuriel.com\/en\/wp-json\/wp\/v2\/comments?post=11"}],"version-history":[{"count":5,"href":"https:\/\/mecanicacuriel.com\/en\/wp-json\/wp\/v2\/pages\/11\/revisions"}],"predecessor-version":[{"id":2740,"href":"https:\/\/mecanicacuriel.com\/en\/wp-json\/wp\/v2\/pages\/11\/revisions\/2740"}],"wp:attachment":[{"href":"https:\/\/mecanicacuriel.com\/en\/wp-json\/wp\/v2\/media?parent=11"}],"curies":[{"name":"wp","href":"https:\/\/api.w.org\/{rel}","templated":true}]}}