{"id":13,"date":"2014-11-11T12:02:15","date_gmt":"2014-11-11T12:02:15","guid":{"rendered":"http:\/\/cocteleriaformentera.es\/?page_id=13"},"modified":"2024-02-26T08:26:47","modified_gmt":"2024-02-26T08:26:47","slug":"viscosimetria","status":"publish","type":"page","link":"https:\/\/mecanicacuriel.com\/en\/viscosimetria\/","title":{"rendered":"Viscosimetry"},"content":{"rendered":"<div class=\"wpb-content-wrapper\"><div class=\"vc_row wpb_row vc_row-fluid\"><div class=\"wpb_column vc_column_container vc_col-sm-12\"><div class=\"vc_column-inner\"><div class=\"wpb_wrapper\">\n\t<div class=\"wpb_text_column wpb_content_element textjust\" >\n\t\t<div class=\"wpb_wrapper\">\n\t\t\t<p>Mec\u00e1nica Curiel has offered since 1972 one of the most complete services in the <strong>mechanized<\/strong> and <strong>precision assemblies, <\/strong>creating all types of physical instruments, <strong>laboratory<\/strong>, mechanics for viscometry and electromedicine, small machinery in general, <strong>valves <\/strong>special, tools, prototypes and <strong>precision machining. <\/strong><\/p>\n<p>Through the use of quality materials such as construction steel, stainless steels, aluminum alloys, brass, bronzes and technical plastics; We work on the construction of these devices, guaranteeing our clients the quality and reliability that our products and services deserve.<\/p>\n<p>One of the fields that we promote at Mec\u00e1nica Curiel is viscosimetry.<\/p>\n<p>In the images you can see some examples of the instruments that we develop at the company facilities in Montcada i Reixac (<strong>Barcelona<\/strong>), all of them manufactured using specialized production processes, at the hands of demanding personnel using the latest and most up-to-date technical means and infrastructure required by the current market situation for precision tools of these characteristics.<\/p>\n<p>Our products, always subject to rigorous quality control through the use of the latest guarantee tools with the continuous improvement of their equipment, facilities and personnel training; We manufacture each project for each client with seriousness, professionalism and commitment, in addition to guaranteeing them the technical consultative advice they need.<\/p>\n<p>Our purpose is to give the customer these values of quality and reliability that each and every one of the products that the brand and the service make carry.<\/p>\n<p>The extensive background in the sector of <strong>mechanized<\/strong> and <strong>precision assembly<\/strong>, have consolidated us as a pioneering company in the sector, a professional that dominates the <strong>precision machining<\/strong> with machinery <strong>CNC<\/strong>. A complete machining service adapted to any of the needs required by each of our clients.<\/p>\n<p>Curiel Mechanics, trust us for this and many other products within our wide field in <strong>mechanized<\/strong>: control and testing tools, special valves, dispensers, laboratory equipment and various machining<\/p>\n\n\t\t<\/div>\n\t<\/div>\n<\/div><\/div><\/div><\/div><div class=\"vc_row wpb_row vc_row-fluid\"><div class=\"wpb_column vc_column_container vc_col-sm-6\"><div class=\"vc_column-inner\"><div class=\"wpb_wrapper\">\n\t<div  class=\"wpb_single_image wpb_content_element vc_align_left wpb_content_element\">\n\t\t\n\t\t<figure class=\"wpb_wrapper vc_figure\">\n\t\t\t<div class=\"vc_single_image-wrapper   vc_box_border_grey\"><img loading=\"lazy\" decoding=\"async\" width=\"480\" height=\"380\" src=\"https:\/\/mecanicacuriel.com\/wp-content\/uploads\/2019\/09\/mecanizados-CNC-barcelona-480x380.jpg\" class=\"vc_single_image-img attachment-boc_medium\" alt=\"mecanizados-CNC-barcelona\" title=\"mecanizados-CNC-barcelona\" \/><\/div>\n\t\t<\/figure>\n\t<\/div>\n<\/div><\/div><\/div><div class=\"wpb_column vc_column_container vc_col-sm-6\"><div class=\"vc_column-inner\"><div class=\"wpb_wrapper\">\n\t<div  class=\"wpb_single_image wpb_content_element vc_align_left wpb_content_element\">\n\t\t\n\t\t<figure class=\"wpb_wrapper vc_figure\">\n\t\t\t<div class=\"vc_single_image-wrapper   vc_box_border_grey\"><img loading=\"lazy\" decoding=\"async\" width=\"480\" height=\"380\" src=\"https:\/\/mecanicacuriel.com\/wp-content\/uploads\/2014\/11\/mecanizados-cnc-barcelona-480x380.jpg\" class=\"vc_single_image-img attachment-boc_medium\" alt=\"mecanizados-cnc-barcelona\" title=\"mecanizados-cnc-barcelona\" \/><\/div>\n\t\t<\/figure>\n\t<\/div>\n<\/div><\/div><\/div><\/div><div class=\"vc_row wpb_row vc_row-fluid\"><div class=\"wpb_column vc_column_container vc_col-sm-6\"><div class=\"vc_column-inner\"><div class=\"wpb_wrapper\">\n\t<div  class=\"wpb_single_image wpb_content_element vc_align_left wpb_content_element\">\n\t\t\n\t\t<figure class=\"wpb_wrapper vc_figure\">\n\t\t\t<div class=\"vc_single_image-wrapper   vc_box_border_grey\"><img loading=\"lazy\" decoding=\"async\" width=\"500\" height=\"667\" src=\"https:\/\/mecanicacuriel.com\/wp-content\/uploads\/2014\/11\/cop1_g.jpg\" class=\"vc_single_image-img attachment-full\" alt=\"VISCOS\u00cdMETROS\" title=\"VISCOS\u00cdMETROS\" srcset=\"https:\/\/mecanicacuriel.com\/wp-content\/uploads\/2014\/11\/cop1_g.jpg 500w, https:\/\/mecanicacuriel.com\/wp-content\/uploads\/2014\/11\/cop1_g-225x300.jpg 225w\" sizes=\"auto, (max-width: 500px) 100vw, 500px\" \/><\/div>\n\t\t<\/figure>\n\t<\/div>\n<\/div><\/div><\/div><div class=\"wpb_column vc_column_container vc_col-sm-6\"><div class=\"vc_column-inner\"><div class=\"wpb_wrapper\">\n\t<div  class=\"wpb_single_image wpb_content_element vc_align_left wpb_content_element\">\n\t\t\n\t\t<figure class=\"wpb_wrapper vc_figure\">\n\t\t\t<div class=\"vc_single_image-wrapper   vc_box_border_grey\"><img loading=\"lazy\" decoding=\"async\" width=\"500\" height=\"667\" src=\"https:\/\/mecanicacuriel.com\/wp-content\/uploads\/2014\/11\/visco2_g.jpg\" class=\"vc_single_image-img attachment-full\" alt=\"visco2_g\" title=\"visco2_g\" srcset=\"https:\/\/mecanicacuriel.com\/wp-content\/uploads\/2014\/11\/visco2_g.jpg 500w, https:\/\/mecanicacuriel.com\/wp-content\/uploads\/2014\/11\/visco2_g-225x300.jpg 225w\" sizes=\"auto, (max-width: 500px) 100vw, 500px\" \/><\/div>\n\t\t<\/figure>\n\t<\/div>\n<\/div><\/div><\/div><\/div><div class=\"vc_row wpb_row vc_row-fluid\"><div class=\"wpb_column vc_column_container vc_col-sm-6\"><div class=\"vc_column-inner\"><div class=\"wpb_wrapper\">\n\t<div  class=\"wpb_single_image wpb_content_element vc_align_left wpb_content_element\">\n\t\t\n\t\t<figure class=\"wpb_wrapper vc_figure\">\n\t\t\t<div class=\"vc_single_image-wrapper   vc_box_border_grey\"><img loading=\"lazy\" decoding=\"async\" width=\"481\" height=\"640\" src=\"https:\/\/mecanicacuriel.com\/wp-content\/uploads\/2014\/11\/visco3_g.jpg\" class=\"vc_single_image-img attachment-full\" alt=\"visco3_g\" title=\"visco3_g\" srcset=\"https:\/\/mecanicacuriel.com\/wp-content\/uploads\/2014\/11\/visco3_g.jpg 481w, https:\/\/mecanicacuriel.com\/wp-content\/uploads\/2014\/11\/visco3_g-225x300.jpg 225w\" sizes=\"auto, (max-width: 481px) 100vw, 481px\" \/><\/div>\n\t\t<\/figure>\n\t<\/div>\n<\/div><\/div><\/div><div class=\"wpb_column vc_column_container vc_col-sm-6\"><div class=\"vc_column-inner\"><div class=\"wpb_wrapper\">\n\t<div  class=\"wpb_single_image wpb_content_element vc_align_left wpb_content_element\">\n\t\t\n\t\t<figure class=\"wpb_wrapper vc_figure\">\n\t\t\t<div class=\"vc_single_image-wrapper   vc_box_border_grey\"><img loading=\"lazy\" decoding=\"async\" width=\"600\" height=\"800\" src=\"https:\/\/mecanicacuriel.com\/wp-content\/uploads\/2014\/11\/77.jpg\" class=\"vc_single_image-img attachment-full\" alt=\"VISCOS\u00cdMETROS\" title=\"VISCOS\u00cdMETROS\" srcset=\"https:\/\/mecanicacuriel.com\/wp-content\/uploads\/2014\/11\/77.jpg 600w, https:\/\/mecanicacuriel.com\/wp-content\/uploads\/2014\/11\/77-225x300.jpg 225w\" sizes=\"auto, (max-width: 600px) 100vw, 600px\" \/><\/div>\n\t\t<\/figure>\n\t<\/div>\n<\/div><\/div><\/div><\/div><div class=\"vc_row wpb_row vc_row-fluid\"><div class=\"wpb_column vc_column_container vc_col-sm-6\"><div class=\"vc_column-inner\"><div class=\"wpb_wrapper\">\n\t<div  class=\"wpb_single_image wpb_content_element vc_align_left wpb_content_element\">\n\t\t\n\t\t<figure class=\"wpb_wrapper vc_figure\">\n\t\t\t<div class=\"vc_single_image-wrapper   vc_box_border_grey\"><img loading=\"lazy\" decoding=\"async\" width=\"500\" height=\"375\" src=\"https:\/\/mecanicacuriel.com\/wp-content\/uploads\/2014\/11\/lab4_g.jpg\" class=\"vc_single_image-img attachment-full\" alt=\"VISCOS\u00cdMETROS\" title=\"VISCOS\u00cdMETROS\" srcset=\"https:\/\/mecanicacuriel.com\/wp-content\/uploads\/2014\/11\/lab4_g.jpg 500w, https:\/\/mecanicacuriel.com\/wp-content\/uploads\/2014\/11\/lab4_g-300x225.jpg 300w\" sizes=\"auto, (max-width: 500px) 100vw, 500px\" \/><\/div>\n\t\t<\/figure>\n\t<\/div>\n<\/div><\/div><\/div><div class=\"wpb_column vc_column_container vc_col-sm-6\"><div class=\"vc_column-inner\"><div class=\"wpb_wrapper\">\n\t<div  class=\"wpb_single_image wpb_content_element vc_align_left wpb_content_element\">\n\t\t\n\t\t<figure class=\"wpb_wrapper vc_figure\">\n\t\t\t<div class=\"vc_single_image-wrapper   vc_box_border_grey\"><img loading=\"lazy\" decoding=\"async\" width=\"500\" height=\"375\" src=\"https:\/\/mecanicacuriel.com\/wp-content\/uploads\/2014\/11\/var1_g.jpg\" class=\"vc_single_image-img attachment-full\" alt=\"var1_g\" title=\"var1_g\" srcset=\"https:\/\/mecanicacuriel.com\/wp-content\/uploads\/2014\/11\/var1_g.jpg 500w, https:\/\/mecanicacuriel.com\/wp-content\/uploads\/2014\/11\/var1_g-300x225.jpg 300w\" sizes=\"auto, (max-width: 500px) 100vw, 500px\" \/><\/div>\n\t\t<\/figure>\n\t<\/div>\n<\/div><\/div><\/div><\/div>\n<\/div>","protected":false},"excerpt":{"rendered":"Mec\u00e1nica Curiel ofrece desde 1972 uno de los m\u00e1s completos servicios en los mecanizados y montajes de precisi\u00f3n, elaborando todo tipo de instrumentos f\u00edsicos, de laboratorio, mec\u00e1nicas para viscosimetr\u00eda y electromedicina, peque\u00f1a maquinaria en general, valvuler\u00eda especial, utillajes, prototipos y mecanizados de precisi\u00f3n. Mediante el uso de materiales de categor\u00eda tales como el acero de construcci\u00f3n, aceros inoxidables, aleaciones de<div class=\"h10\"><\/div><a class=\"more-link1\" href=\"https:\/\/mecanicacuriel.com\/en\/viscosimetria\/\">Read more<\/a>","protected":false},"author":2,"featured_media":0,"parent":0,"menu_order":0,"comment_status":"open","ping_status":"open","template":"","meta":{"footnotes":""},"class_list":["post-13","page","type-page","status-publish","hentry"],"aioseo_notices":[],"yoast_head":"<!-- This site is optimized with the Yoast SEO plugin v27.1.1 - https:\/\/yoast.com\/product\/yoast-seo-wordpress\/ -->\n<title>Viscosimetr\u00eda - Mecanica Curiel<\/title>\n<meta name=\"robots\" content=\"index, follow, max-snippet:-1, max-image-preview:large, max-video-preview:-1\" \/>\n<link rel=\"canonical\" href=\"https:\/\/mecanicacuriel.com\/en\/viscosimetria\/\" \/>\n<meta property=\"og:locale\" content=\"en_GB\" \/>\n<meta property=\"og:type\" content=\"article\" \/>\n<meta property=\"og:title\" content=\"Viscosimetr\u00eda - Mecanica Curiel\" \/>\n<meta property=\"og:url\" content=\"https:\/\/mecanicacuriel.com\/en\/viscosimetria\/\" \/>\n<meta property=\"og:site_name\" content=\"Mecanica Curiel\" \/>\n<meta property=\"article:modified_time\" content=\"2024-02-26T08:26:47+00:00\" \/>\n<meta name=\"twitter:card\" content=\"summary_large_image\" \/>\n<meta name=\"twitter:label1\" content=\"Estimated reading time\" \/>\n\t<meta name=\"twitter:data1\" content=\"2 minutes\" \/>\n<script type=\"application\/ld+json\" class=\"yoast-schema-graph\">{\"@context\":\"https:\/\/schema.org\",\"@graph\":[{\"@type\":\"WebPage\",\"@id\":\"https:\/\/mecanicacuriel.com\/viscosimetria\/\",\"url\":\"https:\/\/mecanicacuriel.com\/viscosimetria\/\",\"name\":\"Viscosimetr\u00eda - Mecanica Curiel\",\"isPartOf\":{\"@id\":\"https:\/\/mecanicacuriel.com\/#website\"},\"datePublished\":\"2014-11-11T12:02:15+00:00\",\"dateModified\":\"2024-02-26T08:26:47+00:00\",\"breadcrumb\":{\"@id\":\"https:\/\/mecanicacuriel.com\/viscosimetria\/#breadcrumb\"},\"inLanguage\":\"en-GB\",\"potentialAction\":[{\"@type\":\"ReadAction\",\"target\":[\"https:\/\/mecanicacuriel.com\/viscosimetria\/\"]}]},{\"@type\":\"BreadcrumbList\",\"@id\":\"https:\/\/mecanicacuriel.com\/viscosimetria\/#breadcrumb\",\"itemListElement\":[{\"@type\":\"ListItem\",\"position\":1,\"name\":\"Portada\",\"item\":\"https:\/\/mecanicacuriel.com\/\"},{\"@type\":\"ListItem\",\"position\":2,\"name\":\"Viscosimetr\u00eda\"}]},{\"@type\":\"WebSite\",\"@id\":\"https:\/\/mecanicacuriel.com\/#website\",\"url\":\"https:\/\/mecanicacuriel.com\/\",\"name\":\"Mecanica Curiel\",\"description\":\"fabricaci\u00f3n y construcci\u00f3n de mecanizados y montajes de precisi\u00f3n.\",\"potentialAction\":[{\"@type\":\"SearchAction\",\"target\":{\"@type\":\"EntryPoint\",\"urlTemplate\":\"https:\/\/mecanicacuriel.com\/?s={search_term_string}\"},\"query-input\":{\"@type\":\"PropertyValueSpecification\",\"valueRequired\":true,\"valueName\":\"search_term_string\"}}],\"inLanguage\":\"en-GB\"}]}<\/script>\n<!-- \/ Yoast SEO plugin. -->","yoast_head_json":{"title":"Viscosimetr\u00eda - Mecanica Curiel","robots":{"index":"index","follow":"follow","max-snippet":"max-snippet:-1","max-image-preview":"max-image-preview:large","max-video-preview":"max-video-preview:-1"},"canonical":"https:\/\/mecanicacuriel.com\/en\/viscosimetria\/","og_locale":"en_GB","og_type":"article","og_title":"Viscosimetr\u00eda - Mecanica Curiel","og_url":"https:\/\/mecanicacuriel.com\/en\/viscosimetria\/","og_site_name":"Mecanica Curiel","article_modified_time":"2024-02-26T08:26:47+00:00","twitter_card":"summary_large_image","twitter_misc":{"Estimated reading time":"2 minutes"},"schema":{"@context":"https:\/\/schema.org","@graph":[{"@type":"WebPage","@id":"https:\/\/mecanicacuriel.com\/viscosimetria\/","url":"https:\/\/mecanicacuriel.com\/viscosimetria\/","name":"Viscosimetr\u00eda - Mecanica Curiel","isPartOf":{"@id":"https:\/\/mecanicacuriel.com\/#website"},"datePublished":"2014-11-11T12:02:15+00:00","dateModified":"2024-02-26T08:26:47+00:00","breadcrumb":{"@id":"https:\/\/mecanicacuriel.com\/viscosimetria\/#breadcrumb"},"inLanguage":"en-GB","potentialAction":[{"@type":"ReadAction","target":["https:\/\/mecanicacuriel.com\/viscosimetria\/"]}]},{"@type":"BreadcrumbList","@id":"https:\/\/mecanicacuriel.com\/viscosimetria\/#breadcrumb","itemListElement":[{"@type":"ListItem","position":1,"name":"Portada","item":"https:\/\/mecanicacuriel.com\/"},{"@type":"ListItem","position":2,"name":"Viscosimetr\u00eda"}]},{"@type":"WebSite","@id":"https:\/\/mecanicacuriel.com\/#website","url":"https:\/\/mecanicacuriel.com\/","name":"Curiel Mechanics","description":"manufacturing and construction of precision machining and assembly.","potentialAction":[{"@type":"SearchAction","target":{"@type":"EntryPoint","urlTemplate":"https:\/\/mecanicacuriel.com\/?s={search_term_string}"},"query-input":{"@type":"PropertyValueSpecification","valueRequired":true,"valueName":"search_term_string"}}],"inLanguage":"en-GB"}]}},"_links":{"self":[{"href":"https:\/\/mecanicacuriel.com\/en\/wp-json\/wp\/v2\/pages\/13","targetHints":{"allow":["GET"]}}],"collection":[{"href":"https:\/\/mecanicacuriel.com\/en\/wp-json\/wp\/v2\/pages"}],"about":[{"href":"https:\/\/mecanicacuriel.com\/en\/wp-json\/wp\/v2\/types\/page"}],"author":[{"embeddable":true,"href":"https:\/\/mecanicacuriel.com\/en\/wp-json\/wp\/v2\/users\/2"}],"replies":[{"embeddable":true,"href":"https:\/\/mecanicacuriel.com\/en\/wp-json\/wp\/v2\/comments?post=13"}],"version-history":[{"count":16,"href":"https:\/\/mecanicacuriel.com\/en\/wp-json\/wp\/v2\/pages\/13\/revisions"}],"predecessor-version":[{"id":2829,"href":"https:\/\/mecanicacuriel.com\/en\/wp-json\/wp\/v2\/pages\/13\/revisions\/2829"}],"wp:attachment":[{"href":"https:\/\/mecanicacuriel.com\/en\/wp-json\/wp\/v2\/media?parent=13"}],"curies":[{"name":"wp","href":"https:\/\/api.w.org\/{rel}","templated":true}]}}