{"id":1419,"date":"2018-04-13T09:09:45","date_gmt":"2018-04-13T09:09:45","guid":{"rendered":"http:\/\/mecanicacuriel.com\/?page_id=1419"},"modified":"2018-04-13T09:10:16","modified_gmt":"2018-04-13T09:10:16","slug":"cnc-espana","status":"publish","type":"page","link":"https:\/\/mecanicacuriel.com\/en\/cnc-espana\/","title":{"rendered":"CNC Spain"},"content":{"rendered":"<!-- START home REVOLUTION SLIDER 6.7.25 --><p class=\"rs-p-wp-fix\"><\/p>\n\t\t\t<rs-module-wrap id=\"rev_slider_1_1_wrapper\" data-source=\"gallery\" style=\"visibility:hidden;background:#E9E9E9;padding:-15;margin:0px auto;margin-top:0;margin-bottom:0;\">\n\t\t\t\t<rs-module id=\"rev_slider_1_1\" style=\"\" data-version=\"6.7.25\">\n\t\t\t\t\t<rs-slides style=\"overflow: hidden; position: absolute;\">\n\t\t\t\t\t\t<rs-slide style=\"position: absolute;\" data-key=\"rs-10\" data-title=\"Slide\" data-thumb=\"\/\/mecanicacuriel.com\/wp-content\/uploads\/2014\/11\/11-100x50.jpg\" data-anim=\"adpr:false;\">\n\t\t\t\t\t\t\t<img decoding=\"async\" src=\"\/\/mecanicacuriel.com\/wp-content\/plugins\/revslider\/sr6\/assets\/assets\/dummy.png\" alt=\"\" title=\"CNC Spain\" class=\"rev-slidebg tp-rs-img rs-lazyload\" data-lazyload=\"\/\/mecanicacuriel.com\/wp-content\/uploads\/2014\/11\/11.jpg\" data-bg=\"p:center top;\" data-no-retina>\n<!---->\t\t\t\t\t<\/rs-slide>\n\t\t\t\t\t\t<rs-slide style=\"position: absolute;\" data-key=\"rs-3\" data-title=\"Slide\" data-thumb=\"\/\/mecanicacuriel.com\/wp-content\/uploads\/2014\/11\/1-100x50.jpg\" data-anim=\"adpr:false;\">\n\t\t\t\t\t\t\t<img decoding=\"async\" src=\"\/\/mecanicacuriel.com\/wp-content\/plugins\/revslider\/sr6\/assets\/assets\/dummy.png\" alt=\"\" title=\"CNC Spain\" class=\"rev-slidebg tp-rs-img rs-lazyload\" data-lazyload=\"\/\/mecanicacuriel.com\/wp-content\/uploads\/2014\/11\/1.jpg\" data-bg=\"p:center top;\" data-no-retina>\n<!---->\t\t\t\t\t<\/rs-slide>\n\t\t\t\t\t\t<rs-slide style=\"position: absolute;\" data-key=\"rs-4\" data-title=\"Slide\" data-thumb=\"\/\/mecanicacuriel.com\/wp-content\/uploads\/2016\/12\/2.-CJT.-BOMBAS-PERIST\u00c1LTICAS-100x50.jpg\" data-anim=\"adpr:false;\">\n\t\t\t\t\t\t\t<img decoding=\"async\" src=\"\/\/mecanicacuriel.com\/wp-content\/plugins\/revslider\/sr6\/assets\/assets\/dummy.png\" alt=\"\" title=\"CNC Spain\" class=\"rev-slidebg tp-rs-img rs-lazyload\" data-lazyload=\"\/\/mecanicacuriel.com\/wp-content\/uploads\/2016\/12\/2.-CJT.-BOMBAS-PERIST\u00c1LTICAS.jpg\" data-bg=\"p:center top;\" data-no-retina>\n<!---->\t\t\t\t\t<\/rs-slide>\n\t\t\t\t\t\t<rs-slide style=\"position: absolute;\" data-key=\"rs-6\" data-title=\"Slide\" data-thumb=\"\/\/mecanicacuriel.com\/wp-content\/uploads\/2014\/11\/2-100x50.jpg\" data-anim=\"adpr:false;\">\n\t\t\t\t\t\t\t<img decoding=\"async\" src=\"\/\/mecanicacuriel.com\/wp-content\/plugins\/revslider\/sr6\/assets\/assets\/dummy.png\" alt=\"\" title=\"CNC Spain\" class=\"rev-slidebg tp-rs-img rs-lazyload\" data-lazyload=\"\/\/mecanicacuriel.com\/wp-content\/uploads\/2014\/11\/2.jpg\" data-bg=\"p:center top;\" data-no-retina>\n<!---->\t\t\t\t\t<\/rs-slide>\n\t\t\t\t\t\t<rs-slide style=\"position: absolute;\" data-key=\"rs-9\" data-title=\"Slide\" data-thumb=\"\/\/mecanicacuriel.com\/wp-content\/uploads\/2016\/12\/2.-Conjunto-de-Carros-lineales-100x50.jpg\" data-anim=\"adpr:false;\">\n\t\t\t\t\t\t\t<img decoding=\"async\" src=\"\/\/mecanicacuriel.com\/wp-content\/plugins\/revslider\/sr6\/assets\/assets\/dummy.png\" alt=\"\" title=\"CNC Spain\" class=\"rev-slidebg tp-rs-img rs-lazyload\" data-lazyload=\"\/\/mecanicacuriel.com\/wp-content\/uploads\/2016\/12\/2.-Conjunto-de-Carros-lineales.jpg\" data-bg=\"p:center top;\" data-no-retina>\n<!---->\t\t\t\t\t<\/rs-slide>\n\t\t\t\t\t\t<rs-slide style=\"position: absolute;\" data-key=\"rs-8\" data-title=\"Slide\" data-thumb=\"\/\/mecanicacuriel.com\/wp-content\/uploads\/2016\/12\/20220128_124231-100x50.jpg\" data-anim=\"adpr:false;\">\n\t\t\t\t\t\t\t<img decoding=\"async\" src=\"\/\/mecanicacuriel.com\/wp-content\/plugins\/revslider\/sr6\/assets\/assets\/dummy.png\" alt=\"\" title=\"CNC Spain\" class=\"rev-slidebg tp-rs-img rs-lazyload\" data-lazyload=\"\/\/mecanicacuriel.com\/wp-content\/uploads\/2016\/12\/20220128_124231.jpg\" data-bg=\"p:center top;\" data-no-retina>\n<!---->\t\t\t\t\t<\/rs-slide>\n\t\t\t\t\t\t<rs-slide style=\"position: absolute;\" data-key=\"rs-11\" data-title=\"Slide\" data-thumb=\"\/\/mecanicacuriel.com\/wp-content\/uploads\/2016\/12\/20231206_094321-100x50.jpg\" data-anim=\"adpr:false;\">\n\t\t\t\t\t\t\t<img decoding=\"async\" src=\"\/\/mecanicacuriel.com\/wp-content\/plugins\/revslider\/sr6\/assets\/assets\/dummy.png\" alt=\"\" title=\"CNC Spain\" class=\"rev-slidebg tp-rs-img rs-lazyload\" data-lazyload=\"\/\/mecanicacuriel.com\/wp-content\/uploads\/2016\/12\/20231206_094321.jpg\" data-bg=\"p:center top;\" data-no-retina>\n<!---->\t\t\t\t\t<\/rs-slide>\n\t\t\t\t\t<\/rs-slides>\n\t\t\t\t<\/rs-module>\n\t\t\t\t<script>\n\t\t\t\t\tsetREVStartSize({c: 'rev_slider_1_1',rl:[1240,1024,778,480],el:[],gw:[950],gh:[450],type:'standard',justify:'',layout:'fullwidth',mh:\"0\"});if (window.RS_MODULES!==undefined && window.RS_MODULES.modules!==undefined && window.RS_MODULES.modules[\"revslider11\"]!==undefined) {window.RS_MODULES.modules[\"revslider11\"].once = false;window.revapi1 = undefined;if (window.RS_MODULES.checkMinimal!==undefined) window.RS_MODULES.checkMinimal()}\n\t\t\t\t<\/script>\n\t\t\t<\/rs-module-wrap>\n\t\t\t<!-- END REVOLUTION SLIDER -->\n\n<p align=\"justify\">Mec\u00e1nica Curiel is a company located in Barcelona since 1972, but which offers all its manufacturing and construction services for precision machining and assembly throughout <strong>Spain<\/strong>. In our company, we are responsible for the construction of all types of physical instruments, laboratory instruments, mechanical instruments for viscosimetry, mechanical instruments for electromedicine, small machinery in general, special valves, tooling, prototypes and precision machining, through the use of top-quality materials. category.<\/p>\n<p align=\"justify\">But without a doubt, our specialty is machining. <strong>CNC in Spain<\/strong>, since thanks to the quality of our products and services, we have managed to position ourselves as one of the references in <strong>Spain<\/strong> in the field of <strong>CNC<\/strong>, although we also cover other types of specializations such as laboratory machining, mechanics for viscosimetry, mechanics for electromedicine, small machinery in general, special valves, tooling, prototypes and precision machining.<\/p>\n<p align=\"justify\">The first reason why we are references in the <strong>CNC in Spain<\/strong>, it is because always, in all the work we do in our company, we use quality materials that are first class, so the results are also of quality.<\/p>\n<p align=\"justify\">Another of the great reasons for the success of our <strong>CNC in Spain<\/strong>, is the qualified personnel we have, since it would be useless to have top-notch materials if we do not have qualified personnel. In our machining company <strong>CNC in Spain<\/strong>, we assure you that all our workers have all the necessary studies and knowledge to be able to carry out this type of very precise work.<\/p>\n<p align=\"justify\">We are always up to date with all the latest news <strong>CNC in Spain<\/strong>, in order to satisfy each and every one of our clients. Furthermore, provided that all customers of <strong>CNC in Spain<\/strong> who contact our company obtain good results and are happy with our services, we offer them a service in which they are the protagonists, offering them complete advice and products that are one hundred percent personalized and exclusive.<\/p>\n<p align=\"justify\">All this is thanks to the main values that we try to follow day after day in our company. <strong>CNC in Spain<\/strong>, which are based on commitment, seriousness, professionalism and demand, among others, always with the aim of achieving quality and unmatched results.<\/p>\n<p align=\"justify\">If you want to know more about the <strong>CNC in Spain<\/strong> of our company, do not hesitate to contact us, since we will answer all your doubts and questions and we will offer you all the advice you need and that is in our hands without any type of commitment, so do not think twice and inform you about the products <strong>CNC<\/strong> that we offer in all <strong>Spain<\/strong>.<\/p>","protected":false},"excerpt":{"rendered":"<p>Mec\u00e1nica Curiel es una empresa situada en Barcelona desde el a\u00f1o 1972, pero que ofrece todos sus servicios de fabricaci\u00f3n y construcci\u00f3n de mecanizados y montajes de precisi\u00f3n en toda Espa\u00f1a. En nuestra empresa, nos encargamos de la construcci\u00f3n de todo tipo de instrumentos f\u00edsicos, de laboratorio, mec\u00e1nicas para viscosimetr\u00eda, mec\u00e1nicas para electromedicina, peque\u00f1a maquinaria en general, valvuler\u00eda especial, utillajes,<\/p>\n<div class=\"h10\"><\/div>\n<p><a class=\"more-link1\" href=\"https:\/\/mecanicacuriel.com\/en\/cnc-espana\/\">Read more<\/a><\/p>","protected":false},"author":4,"featured_media":0,"parent":0,"menu_order":0,"comment_status":"closed","ping_status":"closed","template":"","meta":{"footnotes":""},"class_list":["post-1419","page","type-page","status-publish","hentry"],"aioseo_notices":[],"yoast_head":"<!-- This site is optimized with the Yoast SEO plugin v27.1.1 - https:\/\/yoast.com\/product\/yoast-seo-wordpress\/ -->\n<title>CNC Espa\u00f1a - Mecanica Curiel<\/title>\n<meta name=\"robots\" content=\"index, follow, max-snippet:-1, max-image-preview:large, max-video-preview:-1\" \/>\n<link rel=\"canonical\" href=\"https:\/\/mecanicacuriel.com\/en\/cnc-espana\/\" \/>\n<meta property=\"og:locale\" content=\"en_GB\" \/>\n<meta property=\"og:type\" content=\"article\" \/>\n<meta property=\"og:title\" content=\"CNC Espa\u00f1a - Mecanica Curiel\" \/>\n<meta property=\"og:description\" content=\"Mec\u00e1nica Curiel es una empresa situada en Barcelona desde el a\u00f1o 1972, pero que ofrece todos sus servicios de fabricaci\u00f3n y construcci\u00f3n de mecanizados y montajes de precisi\u00f3n en toda Espa\u00f1a. En nuestra empresa, nos encargamos de la construcci\u00f3n de todo tipo de instrumentos f\u00edsicos, de laboratorio, mec\u00e1nicas para viscosimetr\u00eda, mec\u00e1nicas para electromedicina, peque\u00f1a maquinaria en general, valvuler\u00eda especial, utillajes,Read more\" \/>\n<meta property=\"og:url\" content=\"https:\/\/mecanicacuriel.com\/en\/cnc-espana\/\" \/>\n<meta property=\"og:site_name\" content=\"Mecanica Curiel\" \/>\n<meta property=\"article:modified_time\" content=\"2018-04-13T09:10:16+00:00\" \/>\n<meta name=\"twitter:card\" content=\"summary_large_image\" \/>\n<meta name=\"twitter:label1\" content=\"Estimated reading time\" \/>\n\t<meta name=\"twitter:data1\" content=\"3 minutes\" \/>\n<script type=\"application\/ld+json\" class=\"yoast-schema-graph\">{\"@context\":\"https:\/\/schema.org\",\"@graph\":[{\"@type\":\"WebPage\",\"@id\":\"https:\/\/mecanicacuriel.com\/cnc-espana\/\",\"url\":\"https:\/\/mecanicacuriel.com\/cnc-espana\/\",\"name\":\"CNC Espa\u00f1a - Mecanica Curiel\",\"isPartOf\":{\"@id\":\"https:\/\/mecanicacuriel.com\/#website\"},\"datePublished\":\"2018-04-13T09:09:45+00:00\",\"dateModified\":\"2018-04-13T09:10:16+00:00\",\"breadcrumb\":{\"@id\":\"https:\/\/mecanicacuriel.com\/cnc-espana\/#breadcrumb\"},\"inLanguage\":\"en-GB\",\"potentialAction\":[{\"@type\":\"ReadAction\",\"target\":[\"https:\/\/mecanicacuriel.com\/cnc-espana\/\"]}]},{\"@type\":\"BreadcrumbList\",\"@id\":\"https:\/\/mecanicacuriel.com\/cnc-espana\/#breadcrumb\",\"itemListElement\":[{\"@type\":\"ListItem\",\"position\":1,\"name\":\"Portada\",\"item\":\"https:\/\/mecanicacuriel.com\/\"},{\"@type\":\"ListItem\",\"position\":2,\"name\":\"CNC Espa\u00f1a\"}]},{\"@type\":\"WebSite\",\"@id\":\"https:\/\/mecanicacuriel.com\/#website\",\"url\":\"https:\/\/mecanicacuriel.com\/\",\"name\":\"Mecanica Curiel\",\"description\":\"fabricaci\u00f3n y construcci\u00f3n de mecanizados y montajes de precisi\u00f3n.\",\"potentialAction\":[{\"@type\":\"SearchAction\",\"target\":{\"@type\":\"EntryPoint\",\"urlTemplate\":\"https:\/\/mecanicacuriel.com\/?s={search_term_string}\"},\"query-input\":{\"@type\":\"PropertyValueSpecification\",\"valueRequired\":true,\"valueName\":\"search_term_string\"}}],\"inLanguage\":\"en-GB\"}]}<\/script>\n<!-- \/ Yoast SEO plugin. -->","yoast_head_json":{"title":"CNC Espa\u00f1a - Mecanica Curiel","robots":{"index":"index","follow":"follow","max-snippet":"max-snippet:-1","max-image-preview":"max-image-preview:large","max-video-preview":"max-video-preview:-1"},"canonical":"https:\/\/mecanicacuriel.com\/en\/cnc-espana\/","og_locale":"en_GB","og_type":"article","og_title":"CNC Espa\u00f1a - Mecanica Curiel","og_description":"Mec\u00e1nica Curiel es una empresa situada en Barcelona desde el a\u00f1o 1972, pero que ofrece todos sus servicios de fabricaci\u00f3n y construcci\u00f3n de mecanizados y montajes de precisi\u00f3n en toda Espa\u00f1a. En nuestra empresa, nos encargamos de la construcci\u00f3n de todo tipo de instrumentos f\u00edsicos, de laboratorio, mec\u00e1nicas para viscosimetr\u00eda, mec\u00e1nicas para electromedicina, peque\u00f1a maquinaria en general, valvuler\u00eda especial, utillajes,Read more","og_url":"https:\/\/mecanicacuriel.com\/en\/cnc-espana\/","og_site_name":"Mecanica Curiel","article_modified_time":"2018-04-13T09:10:16+00:00","twitter_card":"summary_large_image","twitter_misc":{"Estimated reading time":"3 minutes"},"schema":{"@context":"https:\/\/schema.org","@graph":[{"@type":"WebPage","@id":"https:\/\/mecanicacuriel.com\/cnc-espana\/","url":"https:\/\/mecanicacuriel.com\/cnc-espana\/","name":"CNC Espa\u00f1a - Mecanica Curiel","isPartOf":{"@id":"https:\/\/mecanicacuriel.com\/#website"},"datePublished":"2018-04-13T09:09:45+00:00","dateModified":"2018-04-13T09:10:16+00:00","breadcrumb":{"@id":"https:\/\/mecanicacuriel.com\/cnc-espana\/#breadcrumb"},"inLanguage":"en-GB","potentialAction":[{"@type":"ReadAction","target":["https:\/\/mecanicacuriel.com\/cnc-espana\/"]}]},{"@type":"BreadcrumbList","@id":"https:\/\/mecanicacuriel.com\/cnc-espana\/#breadcrumb","itemListElement":[{"@type":"ListItem","position":1,"name":"Portada","item":"https:\/\/mecanicacuriel.com\/"},{"@type":"ListItem","position":2,"name":"CNC Espa\u00f1a"}]},{"@type":"WebSite","@id":"https:\/\/mecanicacuriel.com\/#website","url":"https:\/\/mecanicacuriel.com\/","name":"Curiel Mechanics","description":"manufacturing and construction of precision machining and assembly.","potentialAction":[{"@type":"SearchAction","target":{"@type":"EntryPoint","urlTemplate":"https:\/\/mecanicacuriel.com\/?s={search_term_string}"},"query-input":{"@type":"PropertyValueSpecification","valueRequired":true,"valueName":"search_term_string"}}],"inLanguage":"en-GB"}]}},"_links":{"self":[{"href":"https:\/\/mecanicacuriel.com\/en\/wp-json\/wp\/v2\/pages\/1419","targetHints":{"allow":["GET"]}}],"collection":[{"href":"https:\/\/mecanicacuriel.com\/en\/wp-json\/wp\/v2\/pages"}],"about":[{"href":"https:\/\/mecanicacuriel.com\/en\/wp-json\/wp\/v2\/types\/page"}],"author":[{"embeddable":true,"href":"https:\/\/mecanicacuriel.com\/en\/wp-json\/wp\/v2\/users\/4"}],"replies":[{"embeddable":true,"href":"https:\/\/mecanicacuriel.com\/en\/wp-json\/wp\/v2\/comments?post=1419"}],"version-history":[{"count":2,"href":"https:\/\/mecanicacuriel.com\/en\/wp-json\/wp\/v2\/pages\/1419\/revisions"}],"predecessor-version":[{"id":1421,"href":"https:\/\/mecanicacuriel.com\/en\/wp-json\/wp\/v2\/pages\/1419\/revisions\/1421"}],"wp:attachment":[{"href":"https:\/\/mecanicacuriel.com\/en\/wp-json\/wp\/v2\/media?parent=1419"}],"curies":[{"name":"wp","href":"https:\/\/api.w.org\/{rel}","templated":true}]}}