{"id":1543,"date":"2018-06-11T10:34:59","date_gmt":"2018-06-11T10:34:59","guid":{"rendered":"http:\/\/mecanicacuriel.com\/?page_id=1543"},"modified":"2024-02-23T09:55:04","modified_gmt":"2024-02-23T09:55:04","slug":"fabrica-de-decoletaje","status":"publish","type":"page","link":"https:\/\/mecanicacuriel.com\/en\/fabrica-de-decoletaje\/","title":{"rendered":"Turning"},"content":{"rendered":"<div class=\"wpb-content-wrapper\"><div class=\"vc_row wpb_row vc_row-fluid\"><div class=\"wpb_column vc_column_container vc_col-sm-12\"><div class=\"vc_column-inner\"><div class=\"wpb_wrapper\">\n\t<div class=\"wpb_text_column wpb_content_element\" >\n\t\t<div class=\"wpb_wrapper\">\n\t\t\t<p>In <a href=\"\/en\/\"><em><strong>Curiel Mechanics<\/strong> <\/em><\/a>We take care of making any piece, whether made of steel, technical plastic, aluminum or brass, through the process of <strong>bar turning<\/strong>.<\/p>\n<p>Our precision machining workshop is located in the province of Barcelona and manufactures parts of <em><strong>bar turning<\/strong><\/em> for companies located throughout the Iberian Peninsula.<\/p>\n\n\t\t<\/div>\n\t<\/div>\n<\/div><\/div><\/div><\/div><div class=\"vc_row wpb_row vc_row-fluid\"><div class=\"wpb_column vc_column_container vc_col-sm-12\"><div class=\"vc_column-inner\"><div class=\"wpb_wrapper\">\n\t<div class=\"wpb_text_column wpb_content_element\" >\n\t\t<div class=\"wpb_wrapper\">\n\t\t\t<h3><em><strong>BOLTING pieces in steel<\/strong><\/em><\/h3>\n\n\t\t<\/div>\n\t<\/div>\n<div class=\"grid_holder mfp_gallery  big_spacing\" id=\"img_gallery_051557d1245efb3c3a1d2983b96ed4f6\"><div class=\"col span_1_of_4 info_item isotope_element\">\n\t\t\t\t\t\t\t<div class=\"pic  img_hover_effect2\">\t\t\t\n\t\t\t\t\t\t\t<a href=\"https:\/\/mecanicacuriel.com\/wp-content\/uploads\/2018\/06\/3.1.jpg\" class=\"mfp_popup_gal\" title=\"\">\n\t\t\t\t\t\t\t\t<img decoding=\"async\" src=\"https:\/\/mecanicacuriel.com\/wp-content\/uploads\/2018\/06\/3.1-600x380.jpg\" alt=\"\" \/>\n\t\t\t\t\t\t\t\t\n\t\t\t\t\t\t\t<\/a>\t<\/div><\/div><div class=\"col span_1_of_4 info_item isotope_element\">\n\t\t\t\t\t\t\t<div class=\"pic  img_hover_effect2\">\t\t\t\n\t\t\t\t\t\t\t<a href=\"https:\/\/mecanicacuriel.com\/wp-content\/uploads\/2018\/06\/3.2.jpg\" class=\"mfp_popup_gal\" title=\"\">\n\t\t\t\t\t\t\t\t<img decoding=\"async\" src=\"https:\/\/mecanicacuriel.com\/wp-content\/uploads\/2018\/06\/3.2-600x380.jpg\" alt=\"\" \/>\n\t\t\t\t\t\t\t\t\n\t\t\t\t\t\t\t<\/a>\t<\/div><\/div><div class=\"col span_1_of_4 info_item isotope_element\">\n\t\t\t\t\t\t\t<div class=\"pic  img_hover_effect2\">\t\t\t\n\t\t\t\t\t\t\t<a href=\"https:\/\/mecanicacuriel.com\/wp-content\/uploads\/2018\/06\/3.3.jpg\" class=\"mfp_popup_gal\" title=\"\">\n\t\t\t\t\t\t\t\t<img decoding=\"async\" src=\"https:\/\/mecanicacuriel.com\/wp-content\/uploads\/2018\/06\/3.3-600x380.jpg\" alt=\"\" \/>\n\t\t\t\t\t\t\t\t\n\t\t\t\t\t\t\t<\/a>\t<\/div><\/div><div class=\"col span_1_of_4 info_item isotope_element\">\n\t\t\t\t\t\t\t<div class=\"pic  img_hover_effect2\">\t\t\t\n\t\t\t\t\t\t\t<a href=\"https:\/\/mecanicacuriel.com\/wp-content\/uploads\/2018\/06\/3.4.jpg\" class=\"mfp_popup_gal\" title=\"\">\n\t\t\t\t\t\t\t\t<img decoding=\"async\" src=\"https:\/\/mecanicacuriel.com\/wp-content\/uploads\/2018\/06\/3.4-600x380.jpg\" alt=\"\" \/>\n\t\t\t\t\t\t\t\t\n\t\t\t\t\t\t\t<\/a>\t<\/div><\/div><div class=\"col span_1_of_4 info_item isotope_element\">\n\t\t\t\t\t\t\t<div class=\"pic  img_hover_effect2\">\t\t\t\n\t\t\t\t\t\t\t<a href=\"https:\/\/mecanicacuriel.com\/wp-content\/uploads\/2018\/06\/3.jpg\" class=\"mfp_popup_gal\" title=\"\">\n\t\t\t\t\t\t\t\t<img decoding=\"async\" src=\"https:\/\/mecanicacuriel.com\/wp-content\/uploads\/2018\/06\/3-600x380.jpg\" alt=\"\" \/>\n\t\t\t\t\t\t\t\t\n\t\t\t\t\t\t\t<\/a>\t<\/div><\/div><\/div><\/div><\/div><\/div><\/div><div class=\"vc_row wpb_row vc_row-fluid\"><div class=\"wpb_column vc_column_container vc_col-sm-12\"><div class=\"vc_column-inner\"><div class=\"wpb_wrapper\">\n\t<div class=\"wpb_text_column wpb_content_element\" >\n\t\t<div class=\"wpb_wrapper\">\n\t\t\t<h3><em><strong>Brass DECOLTING pieces<\/strong><\/em><\/h3>\n\n\t\t<\/div>\n\t<\/div>\n<div class=\"grid_holder mfp_gallery  big_spacing\" id=\"img_gallery_aacd7f76afb6dfd4d7bf70b9c3a46742\"><div class=\"col span_1_of_4 info_item isotope_element\">\n\t\t\t\t\t\t\t<div class=\"pic  img_hover_effect2\">\t\t\t\n\t\t\t\t\t\t\t<a href=\"https:\/\/mecanicacuriel.com\/wp-content\/uploads\/2018\/06\/4.1.jpg\" class=\"mfp_popup_gal\" title=\"\">\n\t\t\t\t\t\t\t\t<img decoding=\"async\" src=\"https:\/\/mecanicacuriel.com\/wp-content\/uploads\/2018\/06\/4.1-600x380.jpg\" alt=\"\" \/>\n\t\t\t\t\t\t\t\t\n\t\t\t\t\t\t\t<\/a>\t<\/div><\/div><div class=\"col span_1_of_4 info_item isotope_element\">\n\t\t\t\t\t\t\t<div class=\"pic  img_hover_effect2\">\t\t\t\n\t\t\t\t\t\t\t<a href=\"https:\/\/mecanicacuriel.com\/wp-content\/uploads\/2018\/06\/4.2.jpg\" class=\"mfp_popup_gal\" title=\"\">\n\t\t\t\t\t\t\t\t<img decoding=\"async\" src=\"https:\/\/mecanicacuriel.com\/wp-content\/uploads\/2018\/06\/4.2-600x380.jpg\" alt=\"\" \/>\n\t\t\t\t\t\t\t\t\n\t\t\t\t\t\t\t<\/a>\t<\/div><\/div><div class=\"col span_1_of_4 info_item isotope_element\">\n\t\t\t\t\t\t\t<div class=\"pic  img_hover_effect2\">\t\t\t\n\t\t\t\t\t\t\t<a href=\"https:\/\/mecanicacuriel.com\/wp-content\/uploads\/2018\/06\/4.3.jpg\" class=\"mfp_popup_gal\" title=\"\">\n\t\t\t\t\t\t\t\t<img decoding=\"async\" src=\"https:\/\/mecanicacuriel.com\/wp-content\/uploads\/2018\/06\/4.3-600x380.jpg\" alt=\"\" \/>\n\t\t\t\t\t\t\t\t\n\t\t\t\t\t\t\t<\/a>\t<\/div><\/div><div class=\"col span_1_of_4 info_item isotope_element\">\n\t\t\t\t\t\t\t<div class=\"pic  img_hover_effect2\">\t\t\t\n\t\t\t\t\t\t\t<a href=\"https:\/\/mecanicacuriel.com\/wp-content\/uploads\/2018\/06\/4.4.jpg\" class=\"mfp_popup_gal\" title=\"\">\n\t\t\t\t\t\t\t\t<img decoding=\"async\" src=\"https:\/\/mecanicacuriel.com\/wp-content\/uploads\/2018\/06\/4.4-600x380.jpg\" alt=\"\" \/>\n\t\t\t\t\t\t\t\t\n\t\t\t\t\t\t\t<\/a>\t<\/div><\/div><div class=\"col span_1_of_4 info_item isotope_element\">\n\t\t\t\t\t\t\t<div class=\"pic  img_hover_effect2\">\t\t\t\n\t\t\t\t\t\t\t<a href=\"https:\/\/mecanicacuriel.com\/wp-content\/uploads\/2018\/06\/4.jpg\" class=\"mfp_popup_gal\" title=\"\">\n\t\t\t\t\t\t\t\t<img decoding=\"async\" src=\"https:\/\/mecanicacuriel.com\/wp-content\/uploads\/2018\/06\/4-600x380.jpg\" alt=\"\" \/>\n\t\t\t\t\t\t\t\t\n\t\t\t\t\t\t\t<\/a>\t<\/div><\/div><\/div><\/div><\/div><\/div><\/div><div class=\"vc_row wpb_row vc_row-fluid\"><div class=\"wpb_column vc_column_container vc_col-sm-12\"><div class=\"vc_column-inner\"><div class=\"wpb_wrapper\">\n\t<div class=\"wpb_text_column wpb_content_element\" >\n\t\t<div class=\"wpb_wrapper\">\n\t\t\t<h3><em><strong>Aluminum DECOLTING pieces<\/strong><\/em><\/h3>\n\n\t\t<\/div>\n\t<\/div>\n<div class=\"grid_holder mfp_gallery  big_spacing\" id=\"img_gallery_700769ec1d78f006df1af3bfab3a4b2c\"><div class=\"col span_1_of_4 info_item isotope_element\">\n\t\t\t\t\t\t\t<div class=\"pic  img_hover_effect2\">\t\t\t\n\t\t\t\t\t\t\t<a href=\"https:\/\/mecanicacuriel.com\/wp-content\/uploads\/2018\/06\/5.1.jpg\" class=\"mfp_popup_gal\" title=\"\">\n\t\t\t\t\t\t\t\t<img decoding=\"async\" src=\"https:\/\/mecanicacuriel.com\/wp-content\/uploads\/2018\/06\/5.1-600x380.jpg\" alt=\"\" \/>\n\t\t\t\t\t\t\t\t\n\t\t\t\t\t\t\t<\/a>\t<\/div><\/div><div class=\"col span_1_of_4 info_item isotope_element\">\n\t\t\t\t\t\t\t<div class=\"pic  img_hover_effect2\">\t\t\t\n\t\t\t\t\t\t\t<a href=\"https:\/\/mecanicacuriel.com\/wp-content\/uploads\/2018\/06\/5.jpg\" class=\"mfp_popup_gal\" title=\"\">\n\t\t\t\t\t\t\t\t<img decoding=\"async\" src=\"https:\/\/mecanicacuriel.com\/wp-content\/uploads\/2018\/06\/5-600x380.jpg\" alt=\"\" \/>\n\t\t\t\t\t\t\t\t\n\t\t\t\t\t\t\t<\/a>\t<\/div><\/div><\/div><\/div><\/div><\/div><\/div><div class=\"vc_row wpb_row vc_row-fluid\"><div class=\"wpb_column vc_column_container vc_col-sm-12\"><div class=\"vc_column-inner\"><div class=\"wpb_wrapper\">\n\t<div class=\"wpb_text_column wpb_content_element\" >\n\t\t<div class=\"wpb_wrapper\">\n\t\t\t<h3><em><strong>BOLTING parts in technical plastic<\/strong><\/em><\/h3>\n\n\t\t<\/div>\n\t<\/div>\n<div class=\"grid_holder mfp_gallery  big_spacing\" id=\"img_gallery_153b8883e4aff59d2aa48dee1f3f5a4a\"><div class=\"col span_1_of_4 info_item isotope_element\">\n\t\t\t\t\t\t\t<div class=\"pic  img_hover_effect2\">\t\t\t\n\t\t\t\t\t\t\t<a href=\"https:\/\/mecanicacuriel.com\/wp-content\/uploads\/2018\/06\/6.1.jpg\" class=\"mfp_popup_gal\" title=\"\">\n\t\t\t\t\t\t\t\t<img decoding=\"async\" src=\"https:\/\/mecanicacuriel.com\/wp-content\/uploads\/2018\/06\/6.1-600x380.jpg\" alt=\"\" \/>\n\t\t\t\t\t\t\t\t\n\t\t\t\t\t\t\t<\/a>\t<\/div><\/div><div class=\"col span_1_of_4 info_item isotope_element\">\n\t\t\t\t\t\t\t<div class=\"pic  img_hover_effect2\">\t\t\t\n\t\t\t\t\t\t\t<a href=\"https:\/\/mecanicacuriel.com\/wp-content\/uploads\/2018\/06\/6.jpg\" class=\"mfp_popup_gal\" title=\"\">\n\t\t\t\t\t\t\t\t<img decoding=\"async\" src=\"https:\/\/mecanicacuriel.com\/wp-content\/uploads\/2018\/06\/6-600x380.jpg\" alt=\"\" \/>\n\t\t\t\t\t\t\t\t\n\t\t\t\t\t\t\t<\/a>\t<\/div><\/div><\/div><\/div><\/div><\/div><\/div><div class=\"vc_row wpb_row vc_row-fluid\"><div class=\"wpb_column vc_column_container vc_col-sm-12\"><div class=\"vc_column-inner\"><div class=\"wpb_wrapper\"><\/div><\/div><\/div><\/div>\n<\/div>","protected":false},"excerpt":{"rendered":"En Mecanica Curiel nos encargamos de llevar a cabo cualquier pieza, ya sea en acero, pl\u00e1stico t\u00e9cnico, aluminio o lat\u00f3n, mediante el proceso de decoletaje. Nuestro taller de mecanizados de precisi\u00f3n se encuentra en la provincia de Barcelona y fabrica piezas de decoletaje para empresas ubicadas en toda la peninsula ib\u00e9rica. Piezas de DECOLETAJE en acero Piezas de DECOLETAJE en<div class=\"h10\"><\/div><a class=\"more-link1\" href=\"https:\/\/mecanicacuriel.com\/en\/fabrica-de-decoletaje\/\">Read more<\/a>","protected":false},"author":4,"featured_media":0,"parent":0,"menu_order":0,"comment_status":"closed","ping_status":"closed","template":"","meta":{"footnotes":""},"class_list":["post-1543","page","type-page","status-publish","hentry"],"aioseo_notices":[],"yoast_head":"<!-- This site is optimized with the Yoast SEO plugin v27.1.1 - https:\/\/yoast.com\/product\/yoast-seo-wordpress\/ -->\n<title>Decoletaje - Mecanica Curiel<\/title>\n<meta name=\"robots\" content=\"index, follow, max-snippet:-1, max-image-preview:large, max-video-preview:-1\" \/>\n<link rel=\"canonical\" href=\"https:\/\/mecanicacuriel.com\/en\/fabrica-de-decoletaje\/\" \/>\n<meta property=\"og:locale\" content=\"en_GB\" \/>\n<meta property=\"og:type\" content=\"article\" \/>\n<meta property=\"og:title\" content=\"Decoletaje - Mecanica Curiel\" \/>\n<meta property=\"og:url\" content=\"https:\/\/mecanicacuriel.com\/en\/fabrica-de-decoletaje\/\" \/>\n<meta property=\"og:site_name\" content=\"Mecanica Curiel\" \/>\n<meta property=\"article:modified_time\" content=\"2024-02-23T09:55:04+00:00\" \/>\n<meta name=\"twitter:card\" content=\"summary_large_image\" \/>\n<meta name=\"twitter:label1\" content=\"Estimated reading time\" \/>\n\t<meta name=\"twitter:data1\" content=\"1 minute\" \/>\n<script type=\"application\/ld+json\" class=\"yoast-schema-graph\">{\"@context\":\"https:\/\/schema.org\",\"@graph\":[{\"@type\":\"WebPage\",\"@id\":\"https:\/\/mecanicacuriel.com\/fabrica-de-decoletaje\/\",\"url\":\"https:\/\/mecanicacuriel.com\/fabrica-de-decoletaje\/\",\"name\":\"Decoletaje - Mecanica Curiel\",\"isPartOf\":{\"@id\":\"https:\/\/mecanicacuriel.com\/#website\"},\"datePublished\":\"2018-06-11T10:34:59+00:00\",\"dateModified\":\"2024-02-23T09:55:04+00:00\",\"breadcrumb\":{\"@id\":\"https:\/\/mecanicacuriel.com\/fabrica-de-decoletaje\/#breadcrumb\"},\"inLanguage\":\"en-GB\",\"potentialAction\":[{\"@type\":\"ReadAction\",\"target\":[\"https:\/\/mecanicacuriel.com\/fabrica-de-decoletaje\/\"]}]},{\"@type\":\"BreadcrumbList\",\"@id\":\"https:\/\/mecanicacuriel.com\/fabrica-de-decoletaje\/#breadcrumb\",\"itemListElement\":[{\"@type\":\"ListItem\",\"position\":1,\"name\":\"Portada\",\"item\":\"https:\/\/mecanicacuriel.com\/\"},{\"@type\":\"ListItem\",\"position\":2,\"name\":\"Decoletaje\"}]},{\"@type\":\"WebSite\",\"@id\":\"https:\/\/mecanicacuriel.com\/#website\",\"url\":\"https:\/\/mecanicacuriel.com\/\",\"name\":\"Mecanica Curiel\",\"description\":\"fabricaci\u00f3n y construcci\u00f3n de mecanizados y montajes de precisi\u00f3n.\",\"potentialAction\":[{\"@type\":\"SearchAction\",\"target\":{\"@type\":\"EntryPoint\",\"urlTemplate\":\"https:\/\/mecanicacuriel.com\/?s={search_term_string}\"},\"query-input\":{\"@type\":\"PropertyValueSpecification\",\"valueRequired\":true,\"valueName\":\"search_term_string\"}}],\"inLanguage\":\"en-GB\"}]}<\/script>\n<!-- \/ Yoast SEO plugin. -->","yoast_head_json":{"title":"Decoletaje - Mecanica Curiel","robots":{"index":"index","follow":"follow","max-snippet":"max-snippet:-1","max-image-preview":"max-image-preview:large","max-video-preview":"max-video-preview:-1"},"canonical":"https:\/\/mecanicacuriel.com\/en\/fabrica-de-decoletaje\/","og_locale":"en_GB","og_type":"article","og_title":"Decoletaje - Mecanica Curiel","og_url":"https:\/\/mecanicacuriel.com\/en\/fabrica-de-decoletaje\/","og_site_name":"Mecanica Curiel","article_modified_time":"2024-02-23T09:55:04+00:00","twitter_card":"summary_large_image","twitter_misc":{"Estimated reading time":"1 minute"},"schema":{"@context":"https:\/\/schema.org","@graph":[{"@type":"WebPage","@id":"https:\/\/mecanicacuriel.com\/fabrica-de-decoletaje\/","url":"https:\/\/mecanicacuriel.com\/fabrica-de-decoletaje\/","name":"Decoletaje - Mecanica Curiel","isPartOf":{"@id":"https:\/\/mecanicacuriel.com\/#website"},"datePublished":"2018-06-11T10:34:59+00:00","dateModified":"2024-02-23T09:55:04+00:00","breadcrumb":{"@id":"https:\/\/mecanicacuriel.com\/fabrica-de-decoletaje\/#breadcrumb"},"inLanguage":"en-GB","potentialAction":[{"@type":"ReadAction","target":["https:\/\/mecanicacuriel.com\/fabrica-de-decoletaje\/"]}]},{"@type":"BreadcrumbList","@id":"https:\/\/mecanicacuriel.com\/fabrica-de-decoletaje\/#breadcrumb","itemListElement":[{"@type":"ListItem","position":1,"name":"Portada","item":"https:\/\/mecanicacuriel.com\/"},{"@type":"ListItem","position":2,"name":"Decoletaje"}]},{"@type":"WebSite","@id":"https:\/\/mecanicacuriel.com\/#website","url":"https:\/\/mecanicacuriel.com\/","name":"Curiel Mechanics","description":"manufacturing and construction of precision machining and assembly.","potentialAction":[{"@type":"SearchAction","target":{"@type":"EntryPoint","urlTemplate":"https:\/\/mecanicacuriel.com\/?s={search_term_string}"},"query-input":{"@type":"PropertyValueSpecification","valueRequired":true,"valueName":"search_term_string"}}],"inLanguage":"en-GB"}]}},"_links":{"self":[{"href":"https:\/\/mecanicacuriel.com\/en\/wp-json\/wp\/v2\/pages\/1543","targetHints":{"allow":["GET"]}}],"collection":[{"href":"https:\/\/mecanicacuriel.com\/en\/wp-json\/wp\/v2\/pages"}],"about":[{"href":"https:\/\/mecanicacuriel.com\/en\/wp-json\/wp\/v2\/types\/page"}],"author":[{"embeddable":true,"href":"https:\/\/mecanicacuriel.com\/en\/wp-json\/wp\/v2\/users\/4"}],"replies":[{"embeddable":true,"href":"https:\/\/mecanicacuriel.com\/en\/wp-json\/wp\/v2\/comments?post=1543"}],"version-history":[{"count":13,"href":"https:\/\/mecanicacuriel.com\/en\/wp-json\/wp\/v2\/pages\/1543\/revisions"}],"predecessor-version":[{"id":2731,"href":"https:\/\/mecanicacuriel.com\/en\/wp-json\/wp\/v2\/pages\/1543\/revisions\/2731"}],"wp:attachment":[{"href":"https:\/\/mecanicacuriel.com\/en\/wp-json\/wp\/v2\/media?parent=1543"}],"curies":[{"name":"wp","href":"https:\/\/api.w.org\/{rel}","templated":true}]}}