{"id":17,"date":"2014-11-11T12:02:41","date_gmt":"2014-11-11T12:02:41","guid":{"rendered":"http:\/\/cocteleriaformentera.es\/?page_id=17"},"modified":"2024-02-22T11:43:49","modified_gmt":"2024-02-22T11:43:49","slug":"parque-de-maquinaria","status":"publish","type":"page","link":"https:\/\/mecanicacuriel.com\/en\/parque-de-maquinaria\/","title":{"rendered":"Machinery Park"},"content":{"rendered":"<div class=\"wpb-content-wrapper\"><div class=\"vc_row wpb_row vc_row-fluid\"><div class=\"wpb_column vc_column_container vc_col-sm-12\"><div class=\"vc_column-inner\"><div class=\"wpb_wrapper\">\n\t<div class=\"wpb_text_column wpb_content_element textjust\" >\n\t\t<div class=\"wpb_wrapper\">\n\t\t\t<p><a title=\"Curiel mechanics Barcelona\" href=\"http:\/\/mecanicacuriel.com\/en\/\"><strong>Curiel Mechanics<\/strong><\/a>, as a reference in the sector of\u00a0<a title=\"Barcelona machining company\" href=\"\/en\/mecanizados-varios\/\"><strong>mechanized<\/strong><\/a>\u00a0and the\u00a0<strong>precision assemblies<\/strong>\u00a0in the province of<strong>\u00a0Barcelona<\/strong>, we respond to the needs and demands of the market to produce products and services of the best quality. For the manufacture of various tools such as physical instruments,\u00a0<a title=\"Barcelona laboratory machining\" href=\"\/en\/aparatos-de-laboratorio\/\"><strong>laboratory<\/strong><\/a>, mechanical for viscometry, mechanical for electromedicine, small\u00a0<a title=\"Barcelona machinery\" href=\"\/en\/parque-de-maquinaria\/\"><strong>machinery<\/strong><\/a>\u00a0in general,\u00a0<a title=\"valve barcelona\" href=\"\/en\/valvuleria-especial\/\"><strong>valve\u00a0<\/strong><\/a>special, tools, prototypes and\u00a0<strong><a title=\"precision machining barcelona\" href=\"\/en\/mecanizados-varios\/\">precision machining<\/a>,\u00a0<\/strong>through the use of top-notch materials; We have the best specialized production processes, at the hands of a demanding staff, through the latest and most up-to-date technical means and infrastructure required by the current situation of the market for these.\u00a0<strong>mechanized\u00a0<\/strong>precision, with\u00a0<a title=\"Barcelona machinery\" href=\"\/en\/empresa-mecanizacion-la-especializacion\/\"><strong>machinery<\/strong>\u00a0<\/a><strong>CNC\u00a0<\/strong>appropriate to the realization of said instruments. The final result will be important for the satisfaction of our clients, and to ensure this well-being it is very important that the process is done with all the attention it requires and with the latest and most innovative machines. At our facilities in Montcada i Reixac (<strong>Barcelona<\/strong>), there is a park\u00a0<a title=\"Barcelona machinery\" href=\"\/en\/empresa-mecanizacion-la-especializacion\/\"><strong>machinery<\/strong><\/a>\u00a0that responds to these needs with conventional machines, but also with the latest generation. Our products and services are worked with seriousness, professionalism and commitment, and for all this, a series of quality control measures are carried out to corroborate their guarantees. The techniques and tools for its creation respond to the current trend in the world of\u00a0<strong>mechanized<\/strong>, but giving the guarantees of that work is a greater example of our involvement with the task we carry out and with our clients. Because once again, good service will respond to good customer satisfaction at the end of the transaction. We encourage our clients to consult us and ask for advice without any commitment about our products and services, and about any questions they may have about our company.<\/p>\n\n\t\t<\/div>\n\t<\/div>\n<\/div><\/div><\/div><\/div><div class=\"vc_row wpb_row vc_row-fluid\"><div class=\"wpb_column vc_column_container vc_col-sm-4\"><div class=\"vc_column-inner\"><div class=\"wpb_wrapper\">\n\t<div  class=\"wpb_single_image wpb_content_element vc_align_left wpb_content_element\">\n\t\t\n\t\t<figure class=\"wpb_wrapper vc_figure\">\n\t\t\t<a class=\"\" data-lightbox=\"lightbox[rel-17-2601375532]\" href=\"https:\/\/mecanicacuriel.com\/wp-content\/uploads\/2014\/11\/maq1_g.jpg\" target=\"_self\"><img loading=\"lazy\" decoding=\"async\" width=\"500\" height=\"375\" src=\"https:\/\/mecanicacuriel.com\/wp-content\/uploads\/2014\/11\/maq1_g.jpg\" class=\"vc_single_image-img attachment-full\" alt=\"maq1_g\" title=\"maq1_g\" srcset=\"https:\/\/mecanicacuriel.com\/wp-content\/uploads\/2014\/11\/maq1_g.jpg 500w, https:\/\/mecanicacuriel.com\/wp-content\/uploads\/2014\/11\/maq1_g-300x225.jpg 300w\" sizes=\"auto, (max-width: 500px) 100vw, 500px\" \/><\/a>\n\t\t<\/figure>\n\t<\/div>\n\n\t<div class=\"wpb_text_column wpb_content_element\" >\n\t\t<div class=\"wpb_wrapper\">\n\t\t\t<p>Mazak VTC-200 vertical machining center<\/p>\n\n\t\t<\/div>\n\t<\/div>\n<\/div><\/div><\/div><div class=\"wpb_column vc_column_container vc_col-sm-4\"><div class=\"vc_column-inner\"><div class=\"wpb_wrapper\">\n\t<div  class=\"wpb_single_image wpb_content_element vc_align_left wpb_content_element\">\n\t\t\n\t\t<figure class=\"wpb_wrapper vc_figure\">\n\t\t\t<a class=\"\" data-lightbox=\"lightbox[rel-17-1655307220]\" href=\"https:\/\/mecanicacuriel.com\/wp-content\/uploads\/2014\/11\/maq2_g.jpg\" target=\"_self\"><img loading=\"lazy\" decoding=\"async\" width=\"500\" height=\"375\" src=\"https:\/\/mecanicacuriel.com\/wp-content\/uploads\/2014\/11\/maq2_g.jpg\" class=\"vc_single_image-img attachment-full\" alt=\"maq2_g\" title=\"maq2_g\" srcset=\"https:\/\/mecanicacuriel.com\/wp-content\/uploads\/2014\/11\/maq2_g.jpg 500w, https:\/\/mecanicacuriel.com\/wp-content\/uploads\/2014\/11\/maq2_g-300x225.jpg 300w\" sizes=\"auto, (max-width: 500px) 100vw, 500px\" \/><\/a>\n\t\t<\/figure>\n\t<\/div>\n\n\t<div class=\"wpb_text_column wpb_content_element\" >\n\t\t<div class=\"wpb_wrapper\">\n\t\t\t<p>CNC lathe spindle+subspindle+motorized tool+bar feeder. CMZ TL20MS<\/p>\n\n\t\t<\/div>\n\t<\/div>\n<\/div><\/div><\/div><div class=\"wpb_column vc_column_container vc_col-sm-4\"><div class=\"vc_column-inner\"><div class=\"wpb_wrapper\">\n\t<div  class=\"wpb_single_image wpb_content_element vc_align_left wpb_content_element\">\n\t\t\n\t\t<figure class=\"wpb_wrapper vc_figure\">\n\t\t\t<a class=\"\" data-lightbox=\"lightbox[rel-17-2655961555]\" href=\"https:\/\/mecanicacuriel.com\/wp-content\/uploads\/2014\/11\/maq3_g.jpg\" target=\"_self\"><img loading=\"lazy\" decoding=\"async\" width=\"500\" height=\"375\" src=\"https:\/\/mecanicacuriel.com\/wp-content\/uploads\/2014\/11\/maq3_g.jpg\" class=\"vc_single_image-img attachment-full\" alt=\"maq3_g\" title=\"maq3_g\" srcset=\"https:\/\/mecanicacuriel.com\/wp-content\/uploads\/2014\/11\/maq3_g.jpg 500w, https:\/\/mecanicacuriel.com\/wp-content\/uploads\/2014\/11\/maq3_g-300x225.jpg 300w\" sizes=\"auto, (max-width: 500px) 100vw, 500px\" \/><\/a>\n\t\t<\/figure>\n\t<\/div>\n\n\t<div class=\"wpb_text_column wpb_content_element\" >\n\t\t<div class=\"wpb_wrapper\">\n\t\t\t<p>CNC lathe spindle+tailstock+motorized tool. CMZ TL20M<\/p>\n\n\t\t<\/div>\n\t<\/div>\n<\/div><\/div><\/div><\/div><div class=\"vc_row wpb_row vc_row-fluid\"><div class=\"wpb_column vc_column_container vc_col-sm-4\"><div class=\"vc_column-inner\"><div class=\"wpb_wrapper\">\n\t<div  class=\"wpb_single_image wpb_content_element vc_align_left wpb_content_element\">\n\t\t\n\t\t<figure class=\"wpb_wrapper vc_figure\">\n\t\t\t<a class=\"\" data-lightbox=\"lightbox[rel-17-4070519400]\" href=\"https:\/\/mecanicacuriel.com\/wp-content\/uploads\/2014\/11\/maq4_g.jpg\" target=\"_self\"><img loading=\"lazy\" decoding=\"async\" width=\"600\" height=\"450\" src=\"https:\/\/mecanicacuriel.com\/wp-content\/uploads\/2014\/11\/maq4_g.jpg\" class=\"vc_single_image-img attachment-full\" alt=\"maq4_g\" title=\"maq4_g\" srcset=\"https:\/\/mecanicacuriel.com\/wp-content\/uploads\/2014\/11\/maq4_g.jpg 600w, https:\/\/mecanicacuriel.com\/wp-content\/uploads\/2014\/11\/maq4_g-300x225.jpg 300w\" sizes=\"auto, (max-width: 600px) 100vw, 600px\" \/><\/a>\n\t\t<\/figure>\n\t<\/div>\n\n\t<div class=\"wpb_text_column wpb_content_element\" >\n\t\t<div class=\"wpb_wrapper\">\n\t\t\t<p>Mazak VCN-510 vertical machining center<\/p>\n\n\t\t<\/div>\n\t<\/div>\n<\/div><\/div><\/div><div class=\"wpb_column vc_column_container vc_col-sm-4\"><div class=\"vc_column-inner\"><div class=\"wpb_wrapper\">\n\t<div  class=\"wpb_single_image wpb_content_element vc_align_left wpb_content_element\">\n\t\t\n\t\t<figure class=\"wpb_wrapper vc_figure\">\n\t\t\t<a class=\"\" data-lightbox=\"lightbox[rel-17-2437936815]\" href=\"https:\/\/mecanicacuriel.com\/wp-content\/uploads\/2014\/11\/Nueva-maquina-mecanicacuriel.-1024x768.jpg\" target=\"_self\"><img loading=\"lazy\" decoding=\"async\" width=\"2048\" height=\"1536\" src=\"https:\/\/mecanicacuriel.com\/wp-content\/uploads\/2014\/11\/Nueva-maquina-mecanicacuriel..jpg\" class=\"vc_single_image-img attachment-full\" alt=\"Nueva maquina mecanicacuriel.\" title=\"Nueva maquina mecanicacuriel.\" srcset=\"https:\/\/mecanicacuriel.com\/wp-content\/uploads\/2014\/11\/Nueva-maquina-mecanicacuriel..jpg 2048w, https:\/\/mecanicacuriel.com\/wp-content\/uploads\/2014\/11\/Nueva-maquina-mecanicacuriel.-300x225.jpg 300w, https:\/\/mecanicacuriel.com\/wp-content\/uploads\/2014\/11\/Nueva-maquina-mecanicacuriel.-768x576.jpg 768w, https:\/\/mecanicacuriel.com\/wp-content\/uploads\/2014\/11\/Nueva-maquina-mecanicacuriel.-1024x768.jpg 1024w\" sizes=\"auto, (max-width: 2048px) 100vw, 2048px\" \/><\/a>\n\t\t<\/figure>\n\t<\/div>\n\n\t<div class=\"wpb_text_column wpb_content_element\" >\n\t\t<div class=\"wpb_wrapper\">\n\t\t\t<p>Mazak VCS 430 AL vertical machining center<\/p>\n\n\t\t<\/div>\n\t<\/div>\n<\/div><\/div><\/div><div class=\"wpb_column vc_column_container vc_col-sm-4\"><div class=\"vc_column-inner\"><div class=\"wpb_wrapper\">\n\t<div  class=\"wpb_single_image wpb_content_element vc_align_left wpb_content_element\">\n\t\t\n\t\t<figure class=\"wpb_wrapper vc_figure\">\n\t\t\t<div class=\"vc_single_image-wrapper   vc_box_border_grey\"><img loading=\"lazy\" decoding=\"async\" width=\"4032\" height=\"3024\" src=\"https:\/\/mecanicacuriel.com\/wp-content\/uploads\/2014\/11\/TORNO-TA.jpg\" class=\"vc_single_image-img attachment-full\" alt=\"TORNO TA\" title=\"TORNO TA\" srcset=\"https:\/\/mecanicacuriel.com\/wp-content\/uploads\/2014\/11\/TORNO-TA.jpg 4032w, https:\/\/mecanicacuriel.com\/wp-content\/uploads\/2014\/11\/TORNO-TA-300x225.jpg 300w, https:\/\/mecanicacuriel.com\/wp-content\/uploads\/2014\/11\/TORNO-TA-768x576.jpg 768w, https:\/\/mecanicacuriel.com\/wp-content\/uploads\/2014\/11\/TORNO-TA-1024x768.jpg 1024w\" sizes=\"auto, (max-width: 4032px) 100vw, 4032px\" \/><\/div>\n\t\t<\/figure>\n\t<\/div>\n\n\t<div class=\"wpb_text_column wpb_content_element\" >\n\t\t<div class=\"wpb_wrapper\">\n\t\t\t<p>CNC lathe spindle+subspindle+motorized tool+Y axis+bar feeder. CMZ TA<\/p>\n\n\t\t<\/div>\n\t<\/div>\n<\/div><\/div><\/div><\/div><div class=\"vc_row wpb_row vc_row-fluid\"><div class=\"wpb_column vc_column_container vc_col-sm-4\"><div class=\"vc_column-inner\"><div class=\"wpb_wrapper\">\n\t<div  class=\"wpb_single_image wpb_content_element vc_align_left wpb_content_element\">\n\t\t\n\t\t<figure class=\"wpb_wrapper vc_figure\">\n\t\t\t<a class=\"\" data-lightbox=\"lightbox[rel-17-2692525373]\" href=\"https:\/\/mecanicacuriel.com\/wp-content\/uploads\/2014\/11\/avanzabarras-3-metros-lns-1024x768.jpg\" target=\"_self\"><img loading=\"lazy\" decoding=\"async\" width=\"4032\" height=\"3024\" src=\"https:\/\/mecanicacuriel.com\/wp-content\/uploads\/2014\/11\/avanzabarras-3-metros-lns.jpg\" class=\"vc_single_image-img attachment-full\" alt=\"avanzabarras 3 metros lns\" title=\"avanzabarras 3 metros lns\" srcset=\"https:\/\/mecanicacuriel.com\/wp-content\/uploads\/2014\/11\/avanzabarras-3-metros-lns.jpg 4032w, https:\/\/mecanicacuriel.com\/wp-content\/uploads\/2014\/11\/avanzabarras-3-metros-lns-300x225.jpg 300w, https:\/\/mecanicacuriel.com\/wp-content\/uploads\/2014\/11\/avanzabarras-3-metros-lns-768x576.jpg 768w, https:\/\/mecanicacuriel.com\/wp-content\/uploads\/2014\/11\/avanzabarras-3-metros-lns-1024x768.jpg 1024w\" sizes=\"auto, (max-width: 4032px) 100vw, 4032px\" \/><\/a>\n\t\t<\/figure>\n\t<\/div>\n\n\t<div class=\"wpb_text_column wpb_content_element\" >\n\t\t<div class=\"wpb_wrapper\">\n\t\t\t<p>3 meter bar advancer from the LNS brand<\/p>\n\n\t\t<\/div>\n\t<\/div>\n<\/div><\/div><\/div><div class=\"wpb_column vc_column_container vc_col-sm-4\"><div class=\"vc_column-inner\"><div class=\"wpb_wrapper\">\n\t<div  class=\"wpb_single_image wpb_content_element vc_align_left wpb_content_element\">\n\t\t\n\t\t<figure class=\"wpb_wrapper vc_figure\">\n\t\t\t<a class=\"\" data-lightbox=\"lightbox[rel-17-1582976894]\" href=\"https:\/\/mecanicacuriel.com\/wp-content\/uploads\/2014\/11\/avanzabarras-15metros-lns-1024x768.jpg\" target=\"_self\"><img loading=\"lazy\" decoding=\"async\" width=\"4032\" height=\"3024\" src=\"https:\/\/mecanicacuriel.com\/wp-content\/uploads\/2014\/11\/avanzabarras-15metros-lns.jpg\" class=\"vc_single_image-img attachment-full\" alt=\"avanzabarras 1,5metros lns\" title=\"avanzabarras 1,5metros lns\" srcset=\"https:\/\/mecanicacuriel.com\/wp-content\/uploads\/2014\/11\/avanzabarras-15metros-lns.jpg 4032w, https:\/\/mecanicacuriel.com\/wp-content\/uploads\/2014\/11\/avanzabarras-15metros-lns-300x225.jpg 300w, https:\/\/mecanicacuriel.com\/wp-content\/uploads\/2014\/11\/avanzabarras-15metros-lns-768x576.jpg 768w, https:\/\/mecanicacuriel.com\/wp-content\/uploads\/2014\/11\/avanzabarras-15metros-lns-1024x768.jpg 1024w\" sizes=\"auto, (max-width: 4032px) 100vw, 4032px\" \/><\/a>\n\t\t<\/figure>\n\t<\/div>\n\n\t<div class=\"wpb_text_column wpb_content_element\" >\n\t\t<div class=\"wpb_wrapper\">\n\t\t\t<p>1.5 meter bar feeder from the LNS brand<\/p>\n\n\t\t<\/div>\n\t<\/div>\n<\/div><\/div><\/div><div class=\"wpb_column vc_column_container vc_col-sm-4\"><div class=\"vc_column-inner\"><div class=\"wpb_wrapper\">\n\t<div  class=\"wpb_single_image wpb_content_element vc_align_left wpb_content_element\">\n\t\t\n\t\t<figure class=\"wpb_wrapper vc_figure\">\n\t\t\t<a class=\"\" data-lightbox=\"lightbox[rel-17-2913299150]\" href=\"https:\/\/mecanicacuriel.com\/wp-content\/uploads\/2020\/03\/20200305_105619-e1584007725743-1024x768.jpg\" target=\"_self\"><img loading=\"lazy\" decoding=\"async\" width=\"4031\" height=\"3023\" src=\"https:\/\/mecanicacuriel.com\/wp-content\/uploads\/2020\/03\/20200305_105619-e1584007725743.jpg\" class=\"vc_single_image-img attachment-full\" alt=\"taller cnc\" title=\"cnc workshop\" srcset=\"https:\/\/mecanicacuriel.com\/wp-content\/uploads\/2020\/03\/20200305_105619-e1584007725743.jpg 4031w, https:\/\/mecanicacuriel.com\/wp-content\/uploads\/2020\/03\/20200305_105619-e1584007725743-300x225.jpg 300w, https:\/\/mecanicacuriel.com\/wp-content\/uploads\/2020\/03\/20200305_105619-e1584007725743-768x576.jpg 768w, https:\/\/mecanicacuriel.com\/wp-content\/uploads\/2020\/03\/20200305_105619-e1584007725743-1024x768.jpg 1024w\" sizes=\"auto, (max-width: 4031px) 100vw, 4031px\" \/><\/a>\n\t\t<\/figure>\n\t<\/div>\n\n\t<div class=\"wpb_text_column wpb_content_element\" >\n\t\t<div class=\"wpb_wrapper\">\n\t\t\t<p>Mazak model Variaxis J-500\/5X (5-axis continuous machining)<\/p>\n\n\t\t<\/div>\n\t<\/div>\n<\/div><\/div><\/div><\/div><div class=\"vc_row wpb_row vc_row-fluid\"><div class=\"wpb_column vc_column_container vc_col-sm-4\"><div class=\"vc_column-inner\"><div class=\"wpb_wrapper\">\n\t<div  class=\"wpb_single_image wpb_content_element vc_align_left wpb_content_element\">\n\t\t\n\t\t<figure class=\"wpb_wrapper vc_figure\">\n\t\t\t<a class=\"\" data-lightbox=\"lightbox[rel-17-3543884723]\" href=\"https:\/\/mecanicacuriel.com\/wp-content\/uploads\/2020\/03\/20200305_105839-e1584007768422-1024x768.jpg\" target=\"_self\"><img loading=\"lazy\" decoding=\"async\" width=\"4031\" height=\"3023\" src=\"https:\/\/mecanicacuriel.com\/wp-content\/uploads\/2020\/03\/20200305_105839-e1584007768422.jpg\" class=\"vc_single_image-img attachment-full\" alt=\"mecanizados de precisi\u00f3n\" title=\"precision machining\" srcset=\"https:\/\/mecanicacuriel.com\/wp-content\/uploads\/2020\/03\/20200305_105839-e1584007768422.jpg 4031w, https:\/\/mecanicacuriel.com\/wp-content\/uploads\/2020\/03\/20200305_105839-e1584007768422-300x225.jpg 300w, https:\/\/mecanicacuriel.com\/wp-content\/uploads\/2020\/03\/20200305_105839-e1584007768422-768x576.jpg 768w, https:\/\/mecanicacuriel.com\/wp-content\/uploads\/2020\/03\/20200305_105839-e1584007768422-1024x768.jpg 1024w\" sizes=\"auto, (max-width: 4031px) 100vw, 4031px\" \/><\/a>\n\t\t<\/figure>\n\t<\/div>\n\n\t<div class=\"wpb_text_column wpb_content_element\" >\n\t\t<div class=\"wpb_wrapper\">\n\t\t\t<p>Mazak model Variaxis J-500\/5X (5-axis continuous machining)<\/p>\n\n\t\t<\/div>\n\t<\/div>\n<\/div><\/div><\/div><div class=\"wpb_column vc_column_container vc_col-sm-4\"><div class=\"vc_column-inner\"><div class=\"wpb_wrapper\"><\/div><\/div><\/div><div class=\"wpb_column vc_column_container vc_col-sm-4\"><div class=\"vc_column-inner\"><div class=\"wpb_wrapper\"><\/div><\/div><\/div><\/div>\n<\/div>","protected":false},"excerpt":{"rendered":"Mecanica Curiel, como referente del sector de los\u00a0mecanizados\u00a0y los\u00a0montajes de precisi\u00f3n\u00a0en la provincia de\u00a0Barcelona, respondemos a las necesidades y exigencias del mercado para elaborar productos y servicios de la mejor calidad. Para la fabricaci\u00f3n de \u00fatiles varios como instrumentos f\u00edsicos, de\u00a0laboratorio, mec\u00e1nicas para viscosimetr\u00eda, mec\u00e1nicas para electromedicina, peque\u00f1a\u00a0maquinaria\u00a0en general,\u00a0valvuleria\u00a0especial, utillajes, prototipos y\u00a0mecanizados de precision,\u00a0mediante el uso de materiales de primera<div class=\"h10\"><\/div><a class=\"more-link1\" href=\"https:\/\/mecanicacuriel.com\/en\/parque-de-maquinaria\/\">Read more<\/a>","protected":false},"author":2,"featured_media":0,"parent":0,"menu_order":0,"comment_status":"open","ping_status":"open","template":"","meta":{"footnotes":""},"class_list":["post-17","page","type-page","status-publish","hentry"],"aioseo_notices":[],"yoast_head":"<!-- This site is optimized with the Yoast SEO plugin v27.1.1 - https:\/\/yoast.com\/product\/yoast-seo-wordpress\/ -->\n<title>Parque de Maquinaria - Mecanica Curiel<\/title>\n<meta name=\"description\" content=\"Infraestructuras que exige la situaci\u00f3n actual del mercado de estos mecanizados de precisi\u00f3n, con maquinaria CNC adecuada a la realizaci\u00f3n de instrumentos.\" \/>\n<meta name=\"robots\" content=\"index, follow, max-snippet:-1, max-image-preview:large, max-video-preview:-1\" \/>\n<link rel=\"canonical\" href=\"https:\/\/mecanicacuriel.com\/en\/parque-de-maquinaria\/\" \/>\n<meta property=\"og:locale\" content=\"en_GB\" \/>\n<meta property=\"og:type\" content=\"article\" \/>\n<meta property=\"og:title\" content=\"Parque de Maquinaria - Mecanica Curiel\" \/>\n<meta property=\"og:description\" content=\"Infraestructuras que exige la situaci\u00f3n actual del mercado de estos mecanizados de precisi\u00f3n, con maquinaria CNC adecuada a la realizaci\u00f3n de instrumentos.\" \/>\n<meta property=\"og:url\" content=\"https:\/\/mecanicacuriel.com\/en\/parque-de-maquinaria\/\" \/>\n<meta property=\"og:site_name\" content=\"Mecanica Curiel\" \/>\n<meta property=\"article:modified_time\" content=\"2024-02-22T11:43:49+00:00\" \/>\n<meta name=\"twitter:card\" content=\"summary_large_image\" \/>\n<meta name=\"twitter:label1\" content=\"Estimated reading time\" \/>\n\t<meta name=\"twitter:data1\" content=\"3 minutes\" \/>\n<script type=\"application\/ld+json\" class=\"yoast-schema-graph\">{\"@context\":\"https:\/\/schema.org\",\"@graph\":[{\"@type\":\"WebPage\",\"@id\":\"https:\/\/mecanicacuriel.com\/parque-de-maquinaria\/\",\"url\":\"https:\/\/mecanicacuriel.com\/parque-de-maquinaria\/\",\"name\":\"Parque de Maquinaria - Mecanica Curiel\",\"isPartOf\":{\"@id\":\"https:\/\/mecanicacuriel.com\/#website\"},\"datePublished\":\"2014-11-11T12:02:41+00:00\",\"dateModified\":\"2024-02-22T11:43:49+00:00\",\"description\":\"Infraestructuras que exige la situaci\u00f3n actual del mercado de estos mecanizados de precisi\u00f3n, con maquinaria CNC adecuada a la realizaci\u00f3n de instrumentos.\",\"breadcrumb\":{\"@id\":\"https:\/\/mecanicacuriel.com\/parque-de-maquinaria\/#breadcrumb\"},\"inLanguage\":\"en-GB\",\"potentialAction\":[{\"@type\":\"ReadAction\",\"target\":[\"https:\/\/mecanicacuriel.com\/parque-de-maquinaria\/\"]}]},{\"@type\":\"BreadcrumbList\",\"@id\":\"https:\/\/mecanicacuriel.com\/parque-de-maquinaria\/#breadcrumb\",\"itemListElement\":[{\"@type\":\"ListItem\",\"position\":1,\"name\":\"Portada\",\"item\":\"https:\/\/mecanicacuriel.com\/\"},{\"@type\":\"ListItem\",\"position\":2,\"name\":\"Parque de Maquinaria\"}]},{\"@type\":\"WebSite\",\"@id\":\"https:\/\/mecanicacuriel.com\/#website\",\"url\":\"https:\/\/mecanicacuriel.com\/\",\"name\":\"Mecanica Curiel\",\"description\":\"fabricaci\u00f3n y construcci\u00f3n de mecanizados y montajes de precisi\u00f3n.\",\"potentialAction\":[{\"@type\":\"SearchAction\",\"target\":{\"@type\":\"EntryPoint\",\"urlTemplate\":\"https:\/\/mecanicacuriel.com\/?s={search_term_string}\"},\"query-input\":{\"@type\":\"PropertyValueSpecification\",\"valueRequired\":true,\"valueName\":\"search_term_string\"}}],\"inLanguage\":\"en-GB\"}]}<\/script>\n<!-- \/ Yoast SEO plugin. -->","yoast_head_json":{"title":"Parque de Maquinaria - Mecanica Curiel","description":"Infraestructuras que exige la situaci\u00f3n actual del mercado de estos mecanizados de precisi\u00f3n, con maquinaria CNC adecuada a la realizaci\u00f3n de instrumentos.","robots":{"index":"index","follow":"follow","max-snippet":"max-snippet:-1","max-image-preview":"max-image-preview:large","max-video-preview":"max-video-preview:-1"},"canonical":"https:\/\/mecanicacuriel.com\/en\/parque-de-maquinaria\/","og_locale":"en_GB","og_type":"article","og_title":"Parque de Maquinaria - Mecanica Curiel","og_description":"Infraestructuras que exige la situaci\u00f3n actual del mercado de estos mecanizados de precisi\u00f3n, con maquinaria CNC adecuada a la realizaci\u00f3n de instrumentos.","og_url":"https:\/\/mecanicacuriel.com\/en\/parque-de-maquinaria\/","og_site_name":"Mecanica Curiel","article_modified_time":"2024-02-22T11:43:49+00:00","twitter_card":"summary_large_image","twitter_misc":{"Estimated reading time":"3 minutes"},"schema":{"@context":"https:\/\/schema.org","@graph":[{"@type":"WebPage","@id":"https:\/\/mecanicacuriel.com\/parque-de-maquinaria\/","url":"https:\/\/mecanicacuriel.com\/parque-de-maquinaria\/","name":"Parque de Maquinaria - Mecanica Curiel","isPartOf":{"@id":"https:\/\/mecanicacuriel.com\/#website"},"datePublished":"2014-11-11T12:02:41+00:00","dateModified":"2024-02-22T11:43:49+00:00","description":"Infraestructuras que exige la situaci\u00f3n actual del mercado de estos mecanizados de precisi\u00f3n, con maquinaria CNC adecuada a la realizaci\u00f3n de instrumentos.","breadcrumb":{"@id":"https:\/\/mecanicacuriel.com\/parque-de-maquinaria\/#breadcrumb"},"inLanguage":"en-GB","potentialAction":[{"@type":"ReadAction","target":["https:\/\/mecanicacuriel.com\/parque-de-maquinaria\/"]}]},{"@type":"BreadcrumbList","@id":"https:\/\/mecanicacuriel.com\/parque-de-maquinaria\/#breadcrumb","itemListElement":[{"@type":"ListItem","position":1,"name":"Portada","item":"https:\/\/mecanicacuriel.com\/"},{"@type":"ListItem","position":2,"name":"Parque de Maquinaria"}]},{"@type":"WebSite","@id":"https:\/\/mecanicacuriel.com\/#website","url":"https:\/\/mecanicacuriel.com\/","name":"Curiel Mechanics","description":"manufacturing and construction of precision machining and assembly.","potentialAction":[{"@type":"SearchAction","target":{"@type":"EntryPoint","urlTemplate":"https:\/\/mecanicacuriel.com\/?s={search_term_string}"},"query-input":{"@type":"PropertyValueSpecification","valueRequired":true,"valueName":"search_term_string"}}],"inLanguage":"en-GB"}]}},"_links":{"self":[{"href":"https:\/\/mecanicacuriel.com\/en\/wp-json\/wp\/v2\/pages\/17","targetHints":{"allow":["GET"]}}],"collection":[{"href":"https:\/\/mecanicacuriel.com\/en\/wp-json\/wp\/v2\/pages"}],"about":[{"href":"https:\/\/mecanicacuriel.com\/en\/wp-json\/wp\/v2\/types\/page"}],"author":[{"embeddable":true,"href":"https:\/\/mecanicacuriel.com\/en\/wp-json\/wp\/v2\/users\/2"}],"replies":[{"embeddable":true,"href":"https:\/\/mecanicacuriel.com\/en\/wp-json\/wp\/v2\/comments?post=17"}],"version-history":[{"count":11,"href":"https:\/\/mecanicacuriel.com\/en\/wp-json\/wp\/v2\/pages\/17\/revisions"}],"predecessor-version":[{"id":2742,"href":"https:\/\/mecanicacuriel.com\/en\/wp-json\/wp\/v2\/pages\/17\/revisions\/2742"}],"wp:attachment":[{"href":"https:\/\/mecanicacuriel.com\/en\/wp-json\/wp\/v2\/media?parent=17"}],"curies":[{"name":"wp","href":"https:\/\/api.w.org\/{rel}","templated":true}]}}