{"id":1969,"date":"2020-03-12T10:12:10","date_gmt":"2020-03-12T10:12:10","guid":{"rendered":"http:\/\/mecanicacuriel.com\/?page_id=1969"},"modified":"2024-02-26T08:06:39","modified_gmt":"2024-02-26T08:06:39","slug":"medio-ambiente","status":"publish","type":"page","link":"https:\/\/mecanicacuriel.com\/en\/medio-ambiente\/","title":{"rendered":"Environment"},"content":{"rendered":"<div class=\"wpb-content-wrapper\"><div data-vc-full-width=\"true\" data-vc-full-width-temp=\"true\" data-vc-full-width-init=\"false\" data-vc-stretch-content=\"true\" class=\"vc_row wpb_row vc_row-fluid vc_row-no-padding\"><div class=\"wpb_column vc_column_container vc_col-sm-12\"><div class=\"vc_column-inner\"><div class=\"wpb_wrapper\"><div class=\"boc_spacing\" style=\"height: 420px\"><\/div><\/div><\/div><\/div><\/div><div class=\"vc_row-full-width vc_clearfix\"><\/div><div class=\"nk-awb  nk-awb-after-vc_row\" ><div class=\"nk-awb-wrap\" data-awb-type=\"video\" data-awb-stretch=\"true\" data-awb-image-background-size=\"cover\" data-awb-image-background-position=\"50% 50%\" data-awb-video=\"mp4:https:\/\/mecanicacuriel.com\/wp-content\/uploads\/2023\/06\/medio-ambiente21.mp4\" data-awb-video-start-time=\"0\" data-awb-video-end-time=\"0\" data-awb-video-volume=\"0\" data-awb-video-mobile=\"1\"><div  class=\"nk-awb-inner\"><\/div><\/div><\/div><div class=\"vc_row wpb_row vc_row-fluid\"><div class=\"wpb_column vc_column_container vc_col-sm-12\"><div class=\"vc_column-inner\"><div class=\"wpb_wrapper\"><div class=\"boc_spacing\" style=\"height: 20px\"><\/div>\n\t<div class=\"wpb_text_column wpb_content_element\" >\n\t\t<div class=\"wpb_wrapper\">\n\t\t\t<h2 style=\"text-align: center;\">\u00a0Mec\u00e1nica Curiel, SL is a company that is respectful and committed to the environment.<\/h2>\n\n\t\t<\/div>\n\t<\/div>\n<div class=\"boc_spacing\" style=\"height: 20px\"><\/div><\/div><\/div><\/div><\/div><div class=\"vc_row wpb_row vc_row-fluid\"><div class=\"wpb_column vc_column_container vc_col-sm-6\"><div class=\"vc_column-inner\"><div class=\"wpb_wrapper\">\n\t<div class=\"wpb_text_column wpb_content_element\" >\n\t\t<div class=\"wpb_wrapper\">\n\t\t\t<p>Our company is an organization responsible for the environment and its surroundings, and has applied the necessary measures and protocols to minimize the impact on the environment as much as possible.<\/p>\n<div class=\"flex-1 overflow-hidden\">\n<div class=\"react-scroll-to-bottom--css-lxeiw-79elbk h-full\">\n<div class=\"react-scroll-to-bottom--css-lxeiw-1n7m0yu\">\n<div class=\"flex flex-col pb-9 text-sm\">\n<div class=\"w-full text-token-text-primary\" data-testid=\"conversation-turn-5\">\n<div class=\"px-4 py-2 justify-center text-base md:gap-6 m-auto\">\n<div class=\"flex flex-1 text-base mx-auto gap-3 md:px-5 lg:px-1 xl:px-5 md:max-w-3xl group final-completion\">\n<div class=\"relative flex w-full flex-col agent-turn\">\n<div class=\"flex-col gap-1 md:gap-3\">\n<div class=\"flex flex-grow flex-col max-w-full\">\n<div class=\"min-h-&#091;20px&#093; text-message flex flex-col items-start gap-3 whitespace-pre-wrap break-words &#091;.text-message+&amp;&#093;:mt-5 overflow-x-auto\" data-message-author-role=\"assistant\" data-message-id=\"0fbffa33-947b-414b-95b3-8cb698f250e3\">\n<div class=\"markdown prose w-full break-words dark:prose-invert dark\">\n<p>We support a greener, cleaner world, that&#039;s why we install solar panels, to make it possible!<\/p>\n<p>We are a company specialized in our sector in the area of sustainability, and we are a reference in the recycling of oils, coolants and all waste from our productive activity.<\/p>\n<\/div>\n<\/div>\n<\/div>\n<\/div>\n<\/div>\n<\/div>\n<\/div>\n<\/div>\n<\/div>\n<\/div>\n<\/div>\n<\/div>\n\n\t\t<\/div>\n\t<\/div>\n<div class=\"vc_row wpb_row vc_inner vc_row-fluid\"><div class=\"wpb_column vc_column_container vc_col-sm-3\"><div class=\"vc_column-inner\"><div class=\"wpb_wrapper\"><\/div><\/div><\/div><div class=\"wpb_column vc_column_container vc_col-sm-6\"><div class=\"vc_column-inner\"><div class=\"wpb_wrapper\">\n\t<div  class=\"wpb_single_image wpb_content_element vc_align_center wpb_content_element\">\n\t\t\n\t\t<figure class=\"wpb_wrapper vc_figure\">\n\t\t\t<div class=\"vc_single_image-wrapper   vc_box_border_grey\"><img loading=\"lazy\" decoding=\"async\" width=\"600\" height=\"600\" src=\"https:\/\/mecanicacuriel.com\/wp-content\/uploads\/2020\/03\/medio-ambiente.png\" class=\"vc_single_image-img attachment-full\" alt=\"medio ambiente\" title=\"environment\" srcset=\"https:\/\/mecanicacuriel.com\/wp-content\/uploads\/2020\/03\/medio-ambiente.png 600w, https:\/\/mecanicacuriel.com\/wp-content\/uploads\/2020\/03\/medio-ambiente-150x150.png 150w, https:\/\/mecanicacuriel.com\/wp-content\/uploads\/2020\/03\/medio-ambiente-300x300.png 300w\" sizes=\"auto, (max-width: 600px) 100vw, 600px\" \/><\/div>\n\t\t<\/figure>\n\t<\/div>\n<\/div><\/div><\/div><div class=\"wpb_column vc_column_container vc_col-sm-3\"><div class=\"vc_column-inner\"><div class=\"wpb_wrapper\"><\/div><\/div><\/div><\/div><\/div><\/div><\/div><div class=\"wpb_column vc_column_container vc_col-sm-6\"><div class=\"vc_column-inner\"><div class=\"wpb_wrapper\">\n\t<div  class=\"wpb_single_image wpb_content_element vc_align_left wpb_content_element\">\n\t\t\n\t\t<figure class=\"wpb_wrapper vc_figure\">\n\t\t\t<div class=\"vc_single_image-wrapper   vc_box_border_grey\"><img loading=\"lazy\" decoding=\"async\" width=\"4032\" height=\"3024\" src=\"https:\/\/mecanicacuriel.com\/wp-content\/uploads\/2020\/03\/20200305_104619-e1584007991126.jpg\" class=\"vc_single_image-img attachment-full\" alt=\"Material correctamente etiquetado para su reciclaje\" title=\"Correctly labeled material for recycling\" srcset=\"https:\/\/mecanicacuriel.com\/wp-content\/uploads\/2020\/03\/20200305_104619-e1584007991126.jpg 4032w, https:\/\/mecanicacuriel.com\/wp-content\/uploads\/2020\/03\/20200305_104619-e1584007991126-300x225.jpg 300w, https:\/\/mecanicacuriel.com\/wp-content\/uploads\/2020\/03\/20200305_104619-e1584007991126-768x576.jpg 768w, https:\/\/mecanicacuriel.com\/wp-content\/uploads\/2020\/03\/20200305_104619-e1584007991126-1024x768.jpg 1024w\" sizes=\"auto, (max-width: 4032px) 100vw, 4032px\" \/><\/div>\n\t\t<\/figure>\n\t<\/div>\n\n\t<div class=\"wpb_text_column wpb_content_element vc_custom_1584008048226\" >\n\t\t<div class=\"wpb_wrapper\">\n\t\t\t<p><span style=\"color: #ffffff;\">Correctly labeled material for recycling<\/span><\/p>\n\n\t\t<\/div>\n\t<\/div>\n<\/div><\/div><\/div><\/div>\n<\/div>","protected":false},"excerpt":{"rendered":"\u00a0Mec\u00e1nica Curiel, SL es una empresa respetuosa y comprometida con el medio ambiente Nuestra empresa es una organizaci\u00f3n responsable con el medio ambiente y su entorno, y ha aplicado las medidas y protocolos necesarios para minimizar al m\u00e1ximo el impacto en el medio ambiente. Apoyamos un mundo m\u00e1s verde y limpio, \u00a1es por eso que instalamos paneles solares, para hacerlo<div class=\"h10\"><\/div><a class=\"more-link1\" href=\"https:\/\/mecanicacuriel.com\/en\/medio-ambiente\/\">Read more<\/a>","protected":false},"author":4,"featured_media":0,"parent":0,"menu_order":0,"comment_status":"closed","ping_status":"closed","template":"","meta":{"footnotes":""},"class_list":["post-1969","page","type-page","status-publish","hentry"],"aioseo_notices":[],"yoast_head":"<!-- This site is optimized with the Yoast SEO plugin v27.1.1 - https:\/\/yoast.com\/product\/yoast-seo-wordpress\/ -->\n<title>Medio Ambiente - Mecanica Curiel<\/title>\n<meta name=\"robots\" content=\"index, follow, max-snippet:-1, max-image-preview:large, max-video-preview:-1\" \/>\n<link rel=\"canonical\" href=\"https:\/\/mecanicacuriel.com\/en\/medio-ambiente\/\" \/>\n<meta property=\"og:locale\" content=\"en_GB\" \/>\n<meta property=\"og:type\" content=\"article\" \/>\n<meta property=\"og:title\" content=\"Medio Ambiente - Mecanica Curiel\" \/>\n<meta property=\"og:url\" content=\"https:\/\/mecanicacuriel.com\/en\/medio-ambiente\/\" \/>\n<meta property=\"og:site_name\" content=\"Mecanica Curiel\" \/>\n<meta property=\"article:modified_time\" content=\"2024-02-26T08:06:39+00:00\" \/>\n<meta name=\"twitter:card\" content=\"summary_large_image\" \/>\n<meta name=\"twitter:label1\" content=\"Estimated reading time\" \/>\n\t<meta name=\"twitter:data1\" content=\"1 minute\" \/>\n<script type=\"application\/ld+json\" class=\"yoast-schema-graph\">{\"@context\":\"https:\/\/schema.org\",\"@graph\":[{\"@type\":\"WebPage\",\"@id\":\"https:\/\/mecanicacuriel.com\/medio-ambiente\/\",\"url\":\"https:\/\/mecanicacuriel.com\/medio-ambiente\/\",\"name\":\"Medio Ambiente - Mecanica Curiel\",\"isPartOf\":{\"@id\":\"https:\/\/mecanicacuriel.com\/#website\"},\"datePublished\":\"2020-03-12T10:12:10+00:00\",\"dateModified\":\"2024-02-26T08:06:39+00:00\",\"breadcrumb\":{\"@id\":\"https:\/\/mecanicacuriel.com\/medio-ambiente\/#breadcrumb\"},\"inLanguage\":\"en-GB\",\"potentialAction\":[{\"@type\":\"ReadAction\",\"target\":[\"https:\/\/mecanicacuriel.com\/medio-ambiente\/\"]}]},{\"@type\":\"BreadcrumbList\",\"@id\":\"https:\/\/mecanicacuriel.com\/medio-ambiente\/#breadcrumb\",\"itemListElement\":[{\"@type\":\"ListItem\",\"position\":1,\"name\":\"Portada\",\"item\":\"https:\/\/mecanicacuriel.com\/\"},{\"@type\":\"ListItem\",\"position\":2,\"name\":\"Medio Ambiente\"}]},{\"@type\":\"WebSite\",\"@id\":\"https:\/\/mecanicacuriel.com\/#website\",\"url\":\"https:\/\/mecanicacuriel.com\/\",\"name\":\"Mecanica Curiel\",\"description\":\"fabricaci\u00f3n y construcci\u00f3n de mecanizados y montajes de precisi\u00f3n.\",\"potentialAction\":[{\"@type\":\"SearchAction\",\"target\":{\"@type\":\"EntryPoint\",\"urlTemplate\":\"https:\/\/mecanicacuriel.com\/?s={search_term_string}\"},\"query-input\":{\"@type\":\"PropertyValueSpecification\",\"valueRequired\":true,\"valueName\":\"search_term_string\"}}],\"inLanguage\":\"en-GB\"}]}<\/script>\n<!-- \/ Yoast SEO plugin. -->","yoast_head_json":{"title":"Medio Ambiente - Mecanica Curiel","robots":{"index":"index","follow":"follow","max-snippet":"max-snippet:-1","max-image-preview":"max-image-preview:large","max-video-preview":"max-video-preview:-1"},"canonical":"https:\/\/mecanicacuriel.com\/en\/medio-ambiente\/","og_locale":"en_GB","og_type":"article","og_title":"Medio Ambiente - Mecanica Curiel","og_url":"https:\/\/mecanicacuriel.com\/en\/medio-ambiente\/","og_site_name":"Mecanica Curiel","article_modified_time":"2024-02-26T08:06:39+00:00","twitter_card":"summary_large_image","twitter_misc":{"Estimated reading time":"1 minute"},"schema":{"@context":"https:\/\/schema.org","@graph":[{"@type":"WebPage","@id":"https:\/\/mecanicacuriel.com\/medio-ambiente\/","url":"https:\/\/mecanicacuriel.com\/medio-ambiente\/","name":"Medio Ambiente - Mecanica Curiel","isPartOf":{"@id":"https:\/\/mecanicacuriel.com\/#website"},"datePublished":"2020-03-12T10:12:10+00:00","dateModified":"2024-02-26T08:06:39+00:00","breadcrumb":{"@id":"https:\/\/mecanicacuriel.com\/medio-ambiente\/#breadcrumb"},"inLanguage":"en-GB","potentialAction":[{"@type":"ReadAction","target":["https:\/\/mecanicacuriel.com\/medio-ambiente\/"]}]},{"@type":"BreadcrumbList","@id":"https:\/\/mecanicacuriel.com\/medio-ambiente\/#breadcrumb","itemListElement":[{"@type":"ListItem","position":1,"name":"Portada","item":"https:\/\/mecanicacuriel.com\/"},{"@type":"ListItem","position":2,"name":"Medio Ambiente"}]},{"@type":"WebSite","@id":"https:\/\/mecanicacuriel.com\/#website","url":"https:\/\/mecanicacuriel.com\/","name":"Curiel Mechanics","description":"manufacturing and construction of precision machining and assembly.","potentialAction":[{"@type":"SearchAction","target":{"@type":"EntryPoint","urlTemplate":"https:\/\/mecanicacuriel.com\/?s={search_term_string}"},"query-input":{"@type":"PropertyValueSpecification","valueRequired":true,"valueName":"search_term_string"}}],"inLanguage":"en-GB"}]}},"_links":{"self":[{"href":"https:\/\/mecanicacuriel.com\/en\/wp-json\/wp\/v2\/pages\/1969","targetHints":{"allow":["GET"]}}],"collection":[{"href":"https:\/\/mecanicacuriel.com\/en\/wp-json\/wp\/v2\/pages"}],"about":[{"href":"https:\/\/mecanicacuriel.com\/en\/wp-json\/wp\/v2\/types\/page"}],"author":[{"embeddable":true,"href":"https:\/\/mecanicacuriel.com\/en\/wp-json\/wp\/v2\/users\/4"}],"replies":[{"embeddable":true,"href":"https:\/\/mecanicacuriel.com\/en\/wp-json\/wp\/v2\/comments?post=1969"}],"version-history":[{"count":12,"href":"https:\/\/mecanicacuriel.com\/en\/wp-json\/wp\/v2\/pages\/1969\/revisions"}],"predecessor-version":[{"id":2824,"href":"https:\/\/mecanicacuriel.com\/en\/wp-json\/wp\/v2\/pages\/1969\/revisions\/2824"}],"wp:attachment":[{"href":"https:\/\/mecanicacuriel.com\/en\/wp-json\/wp\/v2\/media?parent=1969"}],"curies":[{"name":"wp","href":"https:\/\/api.w.org\/{rel}","templated":true}]}}