{"id":20,"date":"2014-11-11T12:03:08","date_gmt":"2014-11-11T12:03:08","guid":{"rendered":"http:\/\/cocteleriaformentera.es\/?page_id=20"},"modified":"2014-11-11T12:03:08","modified_gmt":"2014-11-11T12:03:08","slug":"localizacion","status":"publish","type":"page","link":"https:\/\/mecanicacuriel.com\/en\/localizacion\/","title":{"rendered":"Location"},"content":{"rendered":"<p>Our facilities are located at Industria Street, 19 (Pol. Industrial FOINVASA), 08110 Montcada i Reixac (Barcelona, Spain). For any questions you may have, we will assist you from Monday to Friday during business hours. We provide a map with our geographical location.<\/p>\n<p><iframe loading=\"lazy\" style=\"border: 0;\" src=\"https:\/\/www.google.com\/maps\/embed?pb=!1m14!1m8!1m3!1d11954.26190345753!2d2.1807197!3d41.4920192!3m2!1i1024!2i768!4f13.1!3m3!1m2!1s0x12a4bdd24042d52d%3A0xcf4dd4411736b396!2sCarrer+de+la+Ind%C3%BAstria%2C+19%2C+08110+Montcada+i+Reixac%2C+Barcelona!5e0!3m2!1ses!2ses!4v1415780070149\" width=\"900\" height=\"450\" frameborder=\"0\"><\/iframe><\/p>","protected":false},"excerpt":{"rendered":"<p>Our facilities are located at Industria Street, 19 (Pol. Industrial FOINVASA), 08110 Montcada i Reixac (Barcelona, Spain). For any questions you may have, we will assist you from Monday to Friday during business hours. We provide a map with our geographical location.<\/p>","protected":false},"author":2,"featured_media":0,"parent":0,"menu_order":0,"comment_status":"open","ping_status":"open","template":"template-onecolumn.php","meta":{"footnotes":""},"class_list":["post-20","page","type-page","status-publish","hentry"],"aioseo_notices":[],"yoast_head":"<!-- This site is optimized with the Yoast SEO plugin v27.1.1 - https:\/\/yoast.com\/product\/yoast-seo-wordpress\/ -->\n<title>Localizaci\u00f3n - Mecanica Curiel<\/title>\n<meta name=\"robots\" content=\"index, follow, max-snippet:-1, max-image-preview:large, max-video-preview:-1\" \/>\n<link rel=\"canonical\" href=\"https:\/\/mecanicacuriel.com\/en\/localizacion\/\" \/>\n<meta property=\"og:locale\" content=\"en_GB\" \/>\n<meta property=\"og:type\" content=\"article\" \/>\n<meta property=\"og:title\" content=\"Localizaci\u00f3n - Mecanica Curiel\" \/>\n<meta property=\"og:description\" content=\"Nuestras instalaciones se encuentran en la calle Industria, 19 (Pol. Industrial FOINVASA) , 08110 Montcada i Reixac (Barcelona, Espa\u00f1a). Para cualquier consulta que nos quieran realizar les atenderemos de Lunes a Viernes dentro del horario comercial. Facilitamos un mapa con nuestra ubicaci\u00f3n geogr\u00e1fica.\" \/>\n<meta property=\"og:url\" content=\"https:\/\/mecanicacuriel.com\/en\/localizacion\/\" \/>\n<meta property=\"og:site_name\" content=\"Mecanica Curiel\" \/>\n<meta name=\"twitter:card\" content=\"summary_large_image\" \/>\n<script type=\"application\/ld+json\" class=\"yoast-schema-graph\">{\"@context\":\"https:\/\/schema.org\",\"@graph\":[{\"@type\":\"WebPage\",\"@id\":\"https:\/\/mecanicacuriel.com\/localizacion\/\",\"url\":\"https:\/\/mecanicacuriel.com\/localizacion\/\",\"name\":\"Localizaci\u00f3n - Mecanica Curiel\",\"isPartOf\":{\"@id\":\"https:\/\/mecanicacuriel.com\/#website\"},\"datePublished\":\"2014-11-11T12:03:08+00:00\",\"breadcrumb\":{\"@id\":\"https:\/\/mecanicacuriel.com\/localizacion\/#breadcrumb\"},\"inLanguage\":\"en-GB\",\"potentialAction\":[{\"@type\":\"ReadAction\",\"target\":[\"https:\/\/mecanicacuriel.com\/localizacion\/\"]}]},{\"@type\":\"BreadcrumbList\",\"@id\":\"https:\/\/mecanicacuriel.com\/localizacion\/#breadcrumb\",\"itemListElement\":[{\"@type\":\"ListItem\",\"position\":1,\"name\":\"Portada\",\"item\":\"https:\/\/mecanicacuriel.com\/\"},{\"@type\":\"ListItem\",\"position\":2,\"name\":\"Localizaci\u00f3n\"}]},{\"@type\":\"WebSite\",\"@id\":\"https:\/\/mecanicacuriel.com\/#website\",\"url\":\"https:\/\/mecanicacuriel.com\/\",\"name\":\"Mecanica Curiel\",\"description\":\"fabricaci\u00f3n y construcci\u00f3n de mecanizados y montajes de precisi\u00f3n.\",\"potentialAction\":[{\"@type\":\"SearchAction\",\"target\":{\"@type\":\"EntryPoint\",\"urlTemplate\":\"https:\/\/mecanicacuriel.com\/?s={search_term_string}\"},\"query-input\":{\"@type\":\"PropertyValueSpecification\",\"valueRequired\":true,\"valueName\":\"search_term_string\"}}],\"inLanguage\":\"en-GB\"}]}<\/script>\n<!-- \/ Yoast SEO plugin. -->","yoast_head_json":{"title":"Localizaci\u00f3n - Mecanica Curiel","robots":{"index":"index","follow":"follow","max-snippet":"max-snippet:-1","max-image-preview":"max-image-preview:large","max-video-preview":"max-video-preview:-1"},"canonical":"https:\/\/mecanicacuriel.com\/en\/localizacion\/","og_locale":"en_GB","og_type":"article","og_title":"Localizaci\u00f3n - Mecanica Curiel","og_description":"Nuestras instalaciones se encuentran en la calle Industria, 19 (Pol. Industrial FOINVASA) , 08110 Montcada i Reixac (Barcelona, Espa\u00f1a). Para cualquier consulta que nos quieran realizar les atenderemos de Lunes a Viernes dentro del horario comercial. Facilitamos un mapa con nuestra ubicaci\u00f3n geogr\u00e1fica.","og_url":"https:\/\/mecanicacuriel.com\/en\/localizacion\/","og_site_name":"Mecanica Curiel","twitter_card":"summary_large_image","schema":{"@context":"https:\/\/schema.org","@graph":[{"@type":"WebPage","@id":"https:\/\/mecanicacuriel.com\/localizacion\/","url":"https:\/\/mecanicacuriel.com\/localizacion\/","name":"Localizaci\u00f3n - Mecanica Curiel","isPartOf":{"@id":"https:\/\/mecanicacuriel.com\/#website"},"datePublished":"2014-11-11T12:03:08+00:00","breadcrumb":{"@id":"https:\/\/mecanicacuriel.com\/localizacion\/#breadcrumb"},"inLanguage":"en-GB","potentialAction":[{"@type":"ReadAction","target":["https:\/\/mecanicacuriel.com\/localizacion\/"]}]},{"@type":"BreadcrumbList","@id":"https:\/\/mecanicacuriel.com\/localizacion\/#breadcrumb","itemListElement":[{"@type":"ListItem","position":1,"name":"Portada","item":"https:\/\/mecanicacuriel.com\/"},{"@type":"ListItem","position":2,"name":"Localizaci\u00f3n"}]},{"@type":"WebSite","@id":"https:\/\/mecanicacuriel.com\/#website","url":"https:\/\/mecanicacuriel.com\/","name":"Curiel Mechanics","description":"manufacturing and construction of precision machining and assembly.","potentialAction":[{"@type":"SearchAction","target":{"@type":"EntryPoint","urlTemplate":"https:\/\/mecanicacuriel.com\/?s={search_term_string}"},"query-input":{"@type":"PropertyValueSpecification","valueRequired":true,"valueName":"search_term_string"}}],"inLanguage":"en-GB"}]}},"_links":{"self":[{"href":"https:\/\/mecanicacuriel.com\/en\/wp-json\/wp\/v2\/pages\/20","targetHints":{"allow":["GET"]}}],"collection":[{"href":"https:\/\/mecanicacuriel.com\/en\/wp-json\/wp\/v2\/pages"}],"about":[{"href":"https:\/\/mecanicacuriel.com\/en\/wp-json\/wp\/v2\/types\/page"}],"author":[{"embeddable":true,"href":"https:\/\/mecanicacuriel.com\/en\/wp-json\/wp\/v2\/users\/2"}],"replies":[{"embeddable":true,"href":"https:\/\/mecanicacuriel.com\/en\/wp-json\/wp\/v2\/comments?post=20"}],"version-history":[{"count":0,"href":"https:\/\/mecanicacuriel.com\/en\/wp-json\/wp\/v2\/pages\/20\/revisions"}],"wp:attachment":[{"href":"https:\/\/mecanicacuriel.com\/en\/wp-json\/wp\/v2\/media?parent=20"}],"curies":[{"name":"wp","href":"https:\/\/api.w.org\/{rel}","templated":true}]}}