{"id":2184,"date":"2021-12-15T07:48:27","date_gmt":"2021-12-15T07:48:27","guid":{"rendered":"http:\/\/mecanicacuriel.com\/?page_id=2184"},"modified":"2021-12-15T07:48:27","modified_gmt":"2021-12-15T07:48:27","slug":"taller-mecanizados-catalunya","status":"publish","type":"page","link":"https:\/\/mecanicacuriel.com\/en\/taller-mecanizados-catalunya\/","title":{"rendered":"Catalunya mechanized workshop"},"content":{"rendered":"<div class=\"wpb-content-wrapper\"><div class=\"vc_row wpb_row vc_row-fluid\"><div class=\"wpb_column vc_column_container vc_col-sm-12\"><div class=\"vc_column-inner\"><div class=\"wpb_wrapper\">\n\t\t\t<!-- START home REVOLUTION SLIDER 6.7.25 --><p class=\"rs-p-wp-fix\"><\/p>\n\t\t\t<rs-module-wrap id=\"rev_slider_1_1_wrapper\" data-source=\"gallery\" style=\"visibility:hidden;background:#E9E9E9;padding:-15;margin:0px auto;margin-top:0;margin-bottom:0;\">\n\t\t\t\t<rs-module id=\"rev_slider_1_1\" style=\"\" data-version=\"6.7.25\">\n\t\t\t\t\t<rs-slides style=\"overflow: hidden; position: absolute;\">\n\t\t\t\t\t\t<rs-slide style=\"position: absolute;\" data-key=\"rs-10\" data-title=\"Slide\" data-thumb=\"\/\/mecanicacuriel.com\/wp-content\/uploads\/2014\/11\/11-100x50.jpg\" data-anim=\"adpr:false;\">\n\t\t\t\t\t\t\t<img decoding=\"async\" src=\"\/\/mecanicacuriel.com\/wp-content\/plugins\/revslider\/sr6\/assets\/assets\/dummy.png\" alt=\"\" title=\"Catalunya mechanized workshop\" class=\"rev-slidebg tp-rs-img rs-lazyload\" data-lazyload=\"\/\/mecanicacuriel.com\/wp-content\/uploads\/2014\/11\/11.jpg\" data-bg=\"p:center top;\" data-no-retina>\n<!---->\t\t\t\t\t<\/rs-slide>\n\t\t\t\t\t\t<rs-slide style=\"position: absolute;\" data-key=\"rs-3\" data-title=\"Slide\" data-thumb=\"\/\/mecanicacuriel.com\/wp-content\/uploads\/2014\/11\/1-100x50.jpg\" data-anim=\"adpr:false;\">\n\t\t\t\t\t\t\t<img decoding=\"async\" src=\"\/\/mecanicacuriel.com\/wp-content\/plugins\/revslider\/sr6\/assets\/assets\/dummy.png\" alt=\"\" title=\"Catalunya mechanized workshop\" class=\"rev-slidebg tp-rs-img rs-lazyload\" data-lazyload=\"\/\/mecanicacuriel.com\/wp-content\/uploads\/2014\/11\/1.jpg\" data-bg=\"p:center top;\" data-no-retina>\n<!---->\t\t\t\t\t<\/rs-slide>\n\t\t\t\t\t\t<rs-slide style=\"position: absolute;\" data-key=\"rs-4\" data-title=\"Slide\" data-thumb=\"\/\/mecanicacuriel.com\/wp-content\/uploads\/2016\/12\/2.-CJT.-BOMBAS-PERIST\u00c1LTICAS-100x50.jpg\" data-anim=\"adpr:false;\">\n\t\t\t\t\t\t\t<img decoding=\"async\" src=\"\/\/mecanicacuriel.com\/wp-content\/plugins\/revslider\/sr6\/assets\/assets\/dummy.png\" alt=\"\" title=\"Catalunya mechanized workshop\" class=\"rev-slidebg tp-rs-img rs-lazyload\" data-lazyload=\"\/\/mecanicacuriel.com\/wp-content\/uploads\/2016\/12\/2.-CJT.-BOMBAS-PERIST\u00c1LTICAS.jpg\" data-bg=\"p:center top;\" data-no-retina>\n<!---->\t\t\t\t\t<\/rs-slide>\n\t\t\t\t\t\t<rs-slide style=\"position: absolute;\" data-key=\"rs-6\" data-title=\"Slide\" data-thumb=\"\/\/mecanicacuriel.com\/wp-content\/uploads\/2014\/11\/2-100x50.jpg\" data-anim=\"adpr:false;\">\n\t\t\t\t\t\t\t<img decoding=\"async\" src=\"\/\/mecanicacuriel.com\/wp-content\/plugins\/revslider\/sr6\/assets\/assets\/dummy.png\" alt=\"\" title=\"Catalunya mechanized workshop\" class=\"rev-slidebg tp-rs-img rs-lazyload\" data-lazyload=\"\/\/mecanicacuriel.com\/wp-content\/uploads\/2014\/11\/2.jpg\" data-bg=\"p:center top;\" data-no-retina>\n<!---->\t\t\t\t\t<\/rs-slide>\n\t\t\t\t\t\t<rs-slide style=\"position: absolute;\" data-key=\"rs-9\" data-title=\"Slide\" data-thumb=\"\/\/mecanicacuriel.com\/wp-content\/uploads\/2016\/12\/2.-Conjunto-de-Carros-lineales-100x50.jpg\" data-anim=\"adpr:false;\">\n\t\t\t\t\t\t\t<img decoding=\"async\" src=\"\/\/mecanicacuriel.com\/wp-content\/plugins\/revslider\/sr6\/assets\/assets\/dummy.png\" alt=\"\" title=\"Catalunya mechanized workshop\" class=\"rev-slidebg tp-rs-img rs-lazyload\" data-lazyload=\"\/\/mecanicacuriel.com\/wp-content\/uploads\/2016\/12\/2.-Conjunto-de-Carros-lineales.jpg\" data-bg=\"p:center top;\" data-no-retina>\n<!---->\t\t\t\t\t<\/rs-slide>\n\t\t\t\t\t\t<rs-slide style=\"position: absolute;\" data-key=\"rs-8\" data-title=\"Slide\" data-thumb=\"\/\/mecanicacuriel.com\/wp-content\/uploads\/2016\/12\/20220128_124231-100x50.jpg\" data-anim=\"adpr:false;\">\n\t\t\t\t\t\t\t<img decoding=\"async\" src=\"\/\/mecanicacuriel.com\/wp-content\/plugins\/revslider\/sr6\/assets\/assets\/dummy.png\" alt=\"\" title=\"Catalunya mechanized workshop\" class=\"rev-slidebg tp-rs-img rs-lazyload\" data-lazyload=\"\/\/mecanicacuriel.com\/wp-content\/uploads\/2016\/12\/20220128_124231.jpg\" data-bg=\"p:center top;\" data-no-retina>\n<!---->\t\t\t\t\t<\/rs-slide>\n\t\t\t\t\t\t<rs-slide style=\"position: absolute;\" data-key=\"rs-11\" data-title=\"Slide\" data-thumb=\"\/\/mecanicacuriel.com\/wp-content\/uploads\/2016\/12\/20231206_094321-100x50.jpg\" data-anim=\"adpr:false;\">\n\t\t\t\t\t\t\t<img decoding=\"async\" src=\"\/\/mecanicacuriel.com\/wp-content\/plugins\/revslider\/sr6\/assets\/assets\/dummy.png\" alt=\"\" title=\"Catalunya mechanized workshop\" class=\"rev-slidebg tp-rs-img rs-lazyload\" data-lazyload=\"\/\/mecanicacuriel.com\/wp-content\/uploads\/2016\/12\/20231206_094321.jpg\" data-bg=\"p:center top;\" data-no-retina>\n<!---->\t\t\t\t\t<\/rs-slide>\n\t\t\t\t\t<\/rs-slides>\n\t\t\t\t<\/rs-module>\n\t\t\t\t<script>\n\t\t\t\t\tsetREVStartSize({c: 'rev_slider_1_1',rl:[1240,1024,778,480],el:[],gw:[950],gh:[450],type:'standard',justify:'',layout:'fullwidth',mh:\"0\"});if (window.RS_MODULES!==undefined && window.RS_MODULES.modules!==undefined && window.RS_MODULES.modules[\"revslider11\"]!==undefined) {window.RS_MODULES.modules[\"revslider11\"].once = false;window.revapi1 = undefined;if (window.RS_MODULES.checkMinimal!==undefined) window.RS_MODULES.checkMinimal()}\n\t\t\t\t<\/script>\n\t\t\t<\/rs-module-wrap>\n\t\t\t<!-- END REVOLUTION SLIDER -->\n<\/div><\/div><\/div><\/div><div class=\"vc_row wpb_row vc_row-fluid\"><div class=\"wpb_column vc_column_container vc_col-sm-12\"><div class=\"vc_column-inner\"><div class=\"wpb_wrapper\">\n\t<div class=\"wpb_text_column wpb_content_element\" >\n\t\t<div class=\"wpb_wrapper\">\n\t\t\t<p style=\"text-align: justify;\">El mecanizado es un proceso t\u00e9cnico y orientado a los detalles en el que el material se corta en una forma y tama\u00f1o final para crear piezas, herramientas e instrumentos.<\/p>\n<p style=\"text-align: justify;\">El mecanizado se usa generalmente para dar forma a metales, aunque tambi\u00e9n se puede usar en una variedad de otras materias primas.<\/p>\n<p style=\"text-align: justify;\">Ante esto, en los<strong> talleres mecanizados en Catalunya<\/strong> se utilizan equipos y herramientas como fresadoras, tornos y taladradoras para cortar material e inclusive impresoras 3D para agregar material.<\/p>\n<p style=\"text-align: justify;\">In the <strong>talleres de mecanizados en Catalunya<\/strong> se realiza el proceso en donde se logra el eliminar material, generalmente metal, para crear piezas para m\u00e1quinas, herramientas, transporte y m\u00e1s.<\/p>\n<p style=\"text-align: justify;\">Estas piezas deben cortarse estrat\u00e9gicamente con un alto nivel de precisi\u00f3n para adaptarse a su funci\u00f3n espec\u00edfica y a la m\u00e1quina en la que se utilizar\u00e1n. Los maquinistas de los <strong>talleres mecanizados en Catalunya<\/strong> eliminan el material de los objetos que est\u00e1n hechos de metal, aunque las t\u00e9cnicas de mecanizado tambi\u00e9n se pueden utilizar en madera, cer\u00e1mica y materiales pl\u00e1sticos. El mecanizado se utiliza en motores, bicicletas, electrodom\u00e9sticos, proyectos cin\u00e9ticos o mec\u00e1nicos, y mucho m\u00e1s.<\/p>\n<p style=\"text-align: justify;\">Los metales que se pueden mecanizar son acero inoxidable, aluminio, lat\u00f3n, titanio y cobre. El acero inoxidable se usa com\u00fanmente para el mecanizado de precisi\u00f3n, ofreciendo las ventajas de fuerza y \u200b\u200bresistencia a la corrosi\u00f3n. El aluminio es liviano, f\u00e1cil de trabajar y econ\u00f3mico. El lat\u00f3n es otro material econ\u00f3mico que se usa para el mecanizado, pero no debe usarse en productos semiconductores debido al zinc y esta\u00f1o en el material. El titanio es fuerte, liviano y resistente a la corrosi\u00f3n; sin embargo, es m\u00e1s caro que otros materiales y es dif\u00edcil trabajar con \u00e9l. El cobre es un metal vers\u00e1til y resistente y funciona bien como conductor el\u00e9ctrico. Los pl\u00e1sticos tambi\u00e9n se utilizan en el mecanizado, ya que son econ\u00f3micos y no conductores. Se utilizan com\u00fanmente en las industrias m\u00e9dica, el\u00e9ctrica y cient\u00edfica.<\/p>\n<p style=\"text-align: justify;\">Los procesos que se utilizan generalmente en los <strong>talleres mecanizados en Catalunya<\/strong> son el torneado, la molienda, la perforaci\u00f3n, el escariado, junto a complejas y diferentes t\u00e9cnicas de mecanizado. Estas t\u00e9cnicas pueden ser de fabricaci\u00f3n sustractiva o aditiva. Al ser sustractiva se crea la forma deseada eliminando el material no deseado de una pieza m\u00e1s grande de material, por el contrario, al ser aditiva se basa en un enfoque que permite la construcci\u00f3n de un objeto tridimensional a partir de un modelo digital.<\/p>\n<p>\u00a0<\/p>\n\n\t\t<\/div>\n\t<\/div>\n<\/div><\/div><\/div><\/div>\n<\/div>","protected":false},"excerpt":{"rendered":"El mecanizado es un proceso t\u00e9cnico y orientado a los detalles en el que el material se corta en una forma y tama\u00f1o final para crear piezas, herramientas e instrumentos. El mecanizado se usa generalmente para dar forma a metales, aunque tambi\u00e9n se puede usar en una variedad de otras materias primas. Ante esto, en los talleres mecanizados en Catalunya<div class=\"h10\"><\/div><a class=\"more-link1\" href=\"https:\/\/mecanicacuriel.com\/en\/taller-mecanizados-catalunya\/\">Read more<\/a>","protected":false},"author":4,"featured_media":0,"parent":0,"menu_order":0,"comment_status":"closed","ping_status":"closed","template":"","meta":{"footnotes":""},"class_list":["post-2184","page","type-page","status-publish","hentry"],"aioseo_notices":[],"yoast_head":"<!-- This site is optimized with the Yoast SEO plugin v27.1.1 - https:\/\/yoast.com\/product\/yoast-seo-wordpress\/ -->\n<title>Taller mecanizados Catalunya - Mecanica Curiel<\/title>\n<meta name=\"robots\" content=\"index, follow, max-snippet:-1, max-image-preview:large, max-video-preview:-1\" \/>\n<link rel=\"canonical\" href=\"https:\/\/mecanicacuriel.com\/en\/taller-mecanizados-catalunya\/\" \/>\n<meta property=\"og:locale\" content=\"en_GB\" \/>\n<meta property=\"og:type\" content=\"article\" \/>\n<meta property=\"og:title\" content=\"Taller mecanizados Catalunya - Mecanica Curiel\" \/>\n<meta property=\"og:url\" content=\"https:\/\/mecanicacuriel.com\/en\/taller-mecanizados-catalunya\/\" \/>\n<meta property=\"og:site_name\" content=\"Mecanica Curiel\" \/>\n<meta name=\"twitter:card\" content=\"summary_large_image\" \/>\n<meta name=\"twitter:label1\" content=\"Estimated reading time\" \/>\n\t<meta name=\"twitter:data1\" content=\"2 minutes\" \/>\n<script type=\"application\/ld+json\" class=\"yoast-schema-graph\">{\"@context\":\"https:\/\/schema.org\",\"@graph\":[{\"@type\":\"WebPage\",\"@id\":\"https:\/\/mecanicacuriel.com\/taller-mecanizados-catalunya\/\",\"url\":\"https:\/\/mecanicacuriel.com\/taller-mecanizados-catalunya\/\",\"name\":\"Taller mecanizados Catalunya - Mecanica Curiel\",\"isPartOf\":{\"@id\":\"https:\/\/mecanicacuriel.com\/#website\"},\"datePublished\":\"2021-12-15T07:48:27+00:00\",\"breadcrumb\":{\"@id\":\"https:\/\/mecanicacuriel.com\/taller-mecanizados-catalunya\/#breadcrumb\"},\"inLanguage\":\"en-GB\",\"potentialAction\":[{\"@type\":\"ReadAction\",\"target\":[\"https:\/\/mecanicacuriel.com\/taller-mecanizados-catalunya\/\"]}]},{\"@type\":\"BreadcrumbList\",\"@id\":\"https:\/\/mecanicacuriel.com\/taller-mecanizados-catalunya\/#breadcrumb\",\"itemListElement\":[{\"@type\":\"ListItem\",\"position\":1,\"name\":\"Portada\",\"item\":\"https:\/\/mecanicacuriel.com\/\"},{\"@type\":\"ListItem\",\"position\":2,\"name\":\"Taller mecanizados Catalunya\"}]},{\"@type\":\"WebSite\",\"@id\":\"https:\/\/mecanicacuriel.com\/#website\",\"url\":\"https:\/\/mecanicacuriel.com\/\",\"name\":\"Mecanica Curiel\",\"description\":\"fabricaci\u00f3n y construcci\u00f3n de mecanizados y montajes de precisi\u00f3n.\",\"potentialAction\":[{\"@type\":\"SearchAction\",\"target\":{\"@type\":\"EntryPoint\",\"urlTemplate\":\"https:\/\/mecanicacuriel.com\/?s={search_term_string}\"},\"query-input\":{\"@type\":\"PropertyValueSpecification\",\"valueRequired\":true,\"valueName\":\"search_term_string\"}}],\"inLanguage\":\"en-GB\"}]}<\/script>\n<!-- \/ Yoast SEO plugin. -->","yoast_head_json":{"title":"Taller mecanizados Catalunya - Mecanica Curiel","robots":{"index":"index","follow":"follow","max-snippet":"max-snippet:-1","max-image-preview":"max-image-preview:large","max-video-preview":"max-video-preview:-1"},"canonical":"https:\/\/mecanicacuriel.com\/en\/taller-mecanizados-catalunya\/","og_locale":"en_GB","og_type":"article","og_title":"Taller mecanizados Catalunya - Mecanica Curiel","og_url":"https:\/\/mecanicacuriel.com\/en\/taller-mecanizados-catalunya\/","og_site_name":"Mecanica Curiel","twitter_card":"summary_large_image","twitter_misc":{"Estimated reading time":"2 minutes"},"schema":{"@context":"https:\/\/schema.org","@graph":[{"@type":"WebPage","@id":"https:\/\/mecanicacuriel.com\/taller-mecanizados-catalunya\/","url":"https:\/\/mecanicacuriel.com\/taller-mecanizados-catalunya\/","name":"Taller mecanizados Catalunya - Mecanica Curiel","isPartOf":{"@id":"https:\/\/mecanicacuriel.com\/#website"},"datePublished":"2021-12-15T07:48:27+00:00","breadcrumb":{"@id":"https:\/\/mecanicacuriel.com\/taller-mecanizados-catalunya\/#breadcrumb"},"inLanguage":"en-GB","potentialAction":[{"@type":"ReadAction","target":["https:\/\/mecanicacuriel.com\/taller-mecanizados-catalunya\/"]}]},{"@type":"BreadcrumbList","@id":"https:\/\/mecanicacuriel.com\/taller-mecanizados-catalunya\/#breadcrumb","itemListElement":[{"@type":"ListItem","position":1,"name":"Portada","item":"https:\/\/mecanicacuriel.com\/"},{"@type":"ListItem","position":2,"name":"Taller mecanizados Catalunya"}]},{"@type":"WebSite","@id":"https:\/\/mecanicacuriel.com\/#website","url":"https:\/\/mecanicacuriel.com\/","name":"Curiel Mechanics","description":"manufacturing and construction of precision machining and assembly.","potentialAction":[{"@type":"SearchAction","target":{"@type":"EntryPoint","urlTemplate":"https:\/\/mecanicacuriel.com\/?s={search_term_string}"},"query-input":{"@type":"PropertyValueSpecification","valueRequired":true,"valueName":"search_term_string"}}],"inLanguage":"en-GB"}]}},"_links":{"self":[{"href":"https:\/\/mecanicacuriel.com\/en\/wp-json\/wp\/v2\/pages\/2184","targetHints":{"allow":["GET"]}}],"collection":[{"href":"https:\/\/mecanicacuriel.com\/en\/wp-json\/wp\/v2\/pages"}],"about":[{"href":"https:\/\/mecanicacuriel.com\/en\/wp-json\/wp\/v2\/types\/page"}],"author":[{"embeddable":true,"href":"https:\/\/mecanicacuriel.com\/en\/wp-json\/wp\/v2\/users\/4"}],"replies":[{"embeddable":true,"href":"https:\/\/mecanicacuriel.com\/en\/wp-json\/wp\/v2\/comments?post=2184"}],"version-history":[{"count":1,"href":"https:\/\/mecanicacuriel.com\/en\/wp-json\/wp\/v2\/pages\/2184\/revisions"}],"predecessor-version":[{"id":2185,"href":"https:\/\/mecanicacuriel.com\/en\/wp-json\/wp\/v2\/pages\/2184\/revisions\/2185"}],"wp:attachment":[{"href":"https:\/\/mecanicacuriel.com\/en\/wp-json\/wp\/v2\/media?parent=2184"}],"curies":[{"name":"wp","href":"https:\/\/api.w.org\/{rel}","templated":true}]}}