{"id":2459,"date":"2023-05-31T12:36:48","date_gmt":"2023-05-31T12:36:48","guid":{"rendered":"http:\/\/mecanicacuriel.com\/?page_id=2459"},"modified":"2024-02-22T11:05:09","modified_gmt":"2024-02-22T11:05:09","slug":"sobre-nosotros","status":"publish","type":"page","link":"https:\/\/mecanicacuriel.com\/en\/sobre-nosotros\/","title":{"rendered":"About us"},"content":{"rendered":"<div class=\"wpb-content-wrapper\"><div class=\"vc_row wpb_row vc_row-fluid\"><div class=\"wpb_column vc_column_container vc_col-sm-6\"><div class=\"vc_column-inner\"><div class=\"wpb_wrapper\"><h2 class=\"boc_heading  al_left\"  style=\"margin-bottom: 20px;margin-top: 0px;color: #333;\"><span><\/p>\n<h1 style=\"color: #0269b3;\"><strong>Our company<\/strong><\/h1>\n<p><\/span><\/h2>\n\t<div class=\"wpb_text_column wpb_content_element textjust\" >\n\t\t<div class=\"wpb_wrapper\">\n\t\t\t<p style=\"text-align: left;\">Mec\u00e1nica Curiel is a company born in 1972 that offers its clients the manufacture and construction of <strong>mechanized<\/strong> and <strong>precision assemblies.<\/strong><\/p>\n<p>This extensive background in the sector of <strong>mechanized<\/strong> several, has allowed us to be one of the references in the field throughout the province of <strong>Barcelona,<\/strong> in the construction of all types of physical instruments, laboratory, mechanical for viscosimetry, mechanical for electromedicine, small machinery in general, <strong>valves<\/strong> special, tools, prototypes and <a href=\"http:\/\/mecanicacuriel.com\/en\/taller-mecanizados-de-precision\/\"><strong>precision machining<\/strong><\/a>, through the use of top-notch materials.<br \/>\nSince our beginnings in the world of <strong>mechanized<\/strong>, we have carried out a specialized development process in the activities related to the field that we supply, with a work group made up of innovative professionals in the field, with extensive practice and experience, capacity for adaptation, and enormous dedication and commitment; specializing and resorting to constant updating of production processes in response to the needs and demands of the market.<br \/>\nAt Mec\u00e1nica Curiel, customer satisfaction is the ultimate goal to achieve. Furthermore, thanks to the team of professionals and the means at our disposal, we guarantee all our clients a complete machining service adapted to their needs.<br \/>\nOur products and services are worked with seriousness, professionalism and the commitment that the final result will be to the liking of both parties, with the total security that this final product meets the demands of any quality product worth its salt. <a href=\"http:\/\/mecanicacuriel.com\/en\/taller-de-mecanizados-cnc\/\"><strong>We are specialists in CNC machining.<\/strong><\/a><\/p>\n\n\t\t<\/div>\n\t<\/div>\n<div class=\"boc_spacing\" style=\"height: 25px\"><\/div>\n\t<div class=\"wpb_raw_code wpb_raw_html wpb_content_element\" >\n\t\t<div class=\"wpb_wrapper\">\n\t\t\t<div class=\"sfsi_widget\" data-position=\"widget\"><div id=\"sfsi_wDiv\"><\/div><div class=\"norm_row sfsi_wDiv\" style=\"width:225px;text-align:left;position:absolute;\"><div style=\"width: 40px; height: 40px; margin-left: 5px; margin-bottom: 5px; z-index: 0;\" class=\"sfsi_wicons shuffeldiv\"><div class=\"inerCnt\"><a class=\"sficn\" data-effect=\"\" target=\"_blank\" href=\"https:\/\/www.facebook.com\/Mecanica-Curiel-729080503853429\/\" id=\"sfsiid_facebook\" style=\"opacity:1\"><img loading=\"lazy\" decoding=\"async\" data-pin-nopin=\"true\" alt=\"Facebook\" title=\"Facebook\" src=\"https:\/\/sp-ao.shortpixel.ai\/client\/q_glossy,ret_img,w_40,h_40\/https:\/\/mecanicacuriel.com\/wp-content\/plugins\/ultimate-social-media-icons\/images\/icons_theme\/default\/default_facebook.png\" style=\"\" class=\"sfcm sfsi_wicon\" data-effect=\"\" width=\"40\" height=\"40\"><\/a><\/div><\/div><div style=\"width: 40px; height: 40px; margin-left: 5px; margin-bottom: 5px; z-index: 0;\" class=\"sfsi_wicons shuffeldiv\"><div class=\"inerCnt\" style=\"z-index: 999;\"><a class=\"sficn\" data-effect=\"\" target=\"_blank\" href=\"https:\/\/twitter.com\/MecanicaCuriel\" id=\"sfsiid_twitter\" style=\"opacity:1\"><img loading=\"lazy\" decoding=\"async\" data-pin-nopin=\"true\" alt=\"Twitter\" title=\"Twitter\" src=\"https:\/\/sp-ao.shortpixel.ai\/client\/q_glossy,ret_img,w_40,h_40\/https:\/\/mecanicacuriel.com\/wp-content\/plugins\/ultimate-social-media-icons\/images\/icons_theme\/default\/default_twitter.png\" style=\"\" class=\"sfcm sfsi_wicon\" data-effect=\"\" width=\"40\" height=\"40\"><\/a><\/div><\/div><div style=\"width: 40px; height: 40px; margin-left: 5px; margin-bottom: 5px; z-index: 1000000;\" class=\"sfsi_wicons shuffeldiv\"><div class=\"inerCnt\" style=\"z-index: 999;\"><a class=\"sficn\" data-effect=\"\" target=\"_blank\" href=\"https:\/\/www.youtube.com\/channel\/UCjVcyBS_uR9coATiLX1uFQQ\" id=\"sfsiid_youtube\" style=\"opacity:1\"><img loading=\"lazy\" decoding=\"async\" data-pin-nopin=\"true\" alt=\"YouTube\" title=\"Youtube\" src=\"https:\/\/sp-ao.shortpixel.ai\/client\/q_glossy,ret_img,w_40,h_40\/https:\/\/mecanicacuriel.com\/wp-content\/plugins\/ultimate-social-media-icons\/images\/icons_theme\/default\/default_youtube.png\" style=\"\" class=\"sfcm sfsi_wicon\" data-effect=\"\" width=\"40\" height=\"40\"><\/a><\/div><\/div><\/div><div id=\"sfsi_holder\" class=\"sfsi_holders\" style=\"position: relative; float: left; width: 100%; z-index: -1; height: 68px;\"><\/div><script>window.addEventListener(\"sfsi_functions_loaded\", function() \n\t{\n\t\tif (typeof sfsi_widget_set == \"function\") {\n\t\t\tsfsi_widget_set();\n\t\t}\n\t});<\/script> <div style=\"clear: both;\"><\/div><\/div>\n\t\t<\/div>\n\t<\/div>\n<\/div><\/div><\/div><div class=\"wpb_column vc_column_container vc_col-sm-6\"><div class=\"vc_column-inner\"><div class=\"wpb_wrapper\">\n\t<div  class=\"wpb_single_image wpb_content_element vc_align_center wpb_content_element\">\n\t\t\n\t\t<figure class=\"wpb_wrapper vc_figure\">\n\t\t\t<div class=\"vc_single_image-wrapper   vc_box_border_grey\"><img loading=\"lazy\" decoding=\"async\" width=\"4032\" height=\"3024\" src=\"https:\/\/mecanicacuriel.com\/wp-content\/uploads\/2014\/11\/20170409_151619.jpg\" class=\"vc_single_image-img attachment-full\" alt=\"Mecanica Curiel S.L\" title=\"Mecanica Curiel S.L\" srcset=\"https:\/\/mecanicacuriel.com\/wp-content\/uploads\/2014\/11\/20170409_151619.jpg 4032w, https:\/\/mecanicacuriel.com\/wp-content\/uploads\/2014\/11\/20170409_151619-300x225.jpg 300w, https:\/\/mecanicacuriel.com\/wp-content\/uploads\/2014\/11\/20170409_151619-768x576.jpg 768w, https:\/\/mecanicacuriel.com\/wp-content\/uploads\/2014\/11\/20170409_151619-1024x768.jpg 1024w\" sizes=\"auto, (max-width: 4032px) 100vw, 4032px\" \/><\/div>\n\t\t<\/figure>\n\t<\/div>\n<div class=\"boc_spacing\" style=\"height: 5px\"><\/div>\n\t<div  class=\"wpb_single_image wpb_content_element vc_align_center wpb_content_element\">\n\t\t\n\t\t<figure class=\"wpb_wrapper vc_figure\">\n\t\t\t<div class=\"vc_single_image-wrapper   vc_box_border_grey\"><img loading=\"lazy\" decoding=\"async\" width=\"1000\" height=\"644\" src=\"https:\/\/mecanicacuriel.com\/wp-content\/uploads\/2016\/03\/empresa-mecanizados-cnc-barcelona-1.jpg\" class=\"vc_single_image-img attachment-full\" alt=\"empresa mecanizados cnc barcelona 1\" title=\"empresa mecanizados cnc barcelona 1\" srcset=\"https:\/\/mecanicacuriel.com\/wp-content\/uploads\/2016\/03\/empresa-mecanizados-cnc-barcelona-1.jpg 1000w, https:\/\/mecanicacuriel.com\/wp-content\/uploads\/2016\/03\/empresa-mecanizados-cnc-barcelona-1-300x193.jpg 300w, https:\/\/mecanicacuriel.com\/wp-content\/uploads\/2016\/03\/empresa-mecanizados-cnc-barcelona-1-768x495.jpg 768w\" sizes=\"auto, (max-width: 1000px) 100vw, 1000px\" \/><\/div>\n\t\t<\/figure>\n\t<\/div>\n<\/div><\/div><\/div><\/div><div class=\"vc_row wpb_row vc_row-fluid\"><div class=\"wpb_column vc_column_container vc_col-sm-12\"><div class=\"vc_column-inner\"><div class=\"wpb_wrapper\"><div class=\"boc_spacing\" style=\"height: 32px\"><\/div><\/div><\/div><\/div><\/div><div class=\"vc_row wpb_row vc_row-fluid\"><div class=\"wpb_column vc_column_container vc_col-sm-12\"><div class=\"vc_column-inner\"><div class=\"wpb_wrapper\">\n\t<div class=\"wpb_text_column wpb_content_element\" >\n\t\t<div class=\"wpb_wrapper\">\n\t\t\t<h3>Contact us without obligation<\/h3>\n\n\t\t<\/div>\n\t<\/div>\n\n<div class=\"wpcf7 no-js\" id=\"wpcf7-f803-o1\" lang=\"es-ES\" dir=\"ltr\" data-wpcf7-id=\"803\">\n<div class=\"screen-reader-response\"><p role=\"status\" aria-live=\"polite\" aria-atomic=\"true\"><\/p> <ul><\/ul><\/div>\n<form action=\"\/en\/wp-json\/wp\/v2\/pages\/2459#wpcf7-f803-o1\" method=\"post\" class=\"wpcf7-form init\" aria-label=\"Formulario de contacto\" novalidate=\"novalidate\" data-status=\"init\" data-trp-original-action=\"\/en\/wp-json\/wp\/v2\/pages\/2459#wpcf7-f803-o1\">\n<fieldset class=\"hidden-fields-container\"><input type=\"hidden\" name=\"_wpcf7\" value=\"803\" \/><input type=\"hidden\" name=\"_wpcf7_version\" value=\"6.1.4\" \/><input type=\"hidden\" name=\"_wpcf7_locale\" value=\"es_ES\" \/><input type=\"hidden\" name=\"_wpcf7_unit_tag\" value=\"wpcf7-f803-o1\" \/><input type=\"hidden\" name=\"_wpcf7_container_post\" value=\"0\" \/><input type=\"hidden\" name=\"_wpcf7_posted_data_hash\" value=\"\" \/><input type=\"hidden\" name=\"_wpcf7_recaptcha_response\" value=\"\" \/>\n<\/fieldset>\n<p><label> Name and surname (required)<br \/>\n<span class=\"wpcf7-form-control-wrap\" data-name=\"your-name\"><input size=\"40\" maxlength=\"400\" class=\"wpcf7-form-control wpcf7-text wpcf7-validates-as-required\" aria-required=\"true\" aria-invalid=\"false\" value=\"\" type=\"text\" name=\"your-name\" \/><\/span> <\/label><br \/>\n<label> Your email (required)<br \/>\n<span class=\"wpcf7-form-control-wrap\" data-name=\"your-email\"><input size=\"40\" maxlength=\"400\" class=\"wpcf7-form-control wpcf7-email wpcf7-validates-as-required wpcf7-text wpcf7-validates-as-email\" aria-required=\"true\" aria-invalid=\"false\" value=\"\" type=\"email\" name=\"your-email\" \/><\/span> <\/label><br \/>\n<label> Phone<br \/>\n<span class=\"wpcf7-form-control-wrap\" data-name=\"Telfono\"><input size=\"40\" maxlength=\"400\" class=\"wpcf7-form-control wpcf7-tel wpcf7-text wpcf7-validates-as-tel\" aria-invalid=\"false\" value=\"\" type=\"tel\" name=\"Telfono\" \/><\/span> <\/label><br \/>\n<label> Company<br \/>\n<span class=\"wpcf7-form-control-wrap\" data-name=\"empresa\"><input size=\"40\" maxlength=\"400\" class=\"wpcf7-form-control wpcf7-text\" aria-invalid=\"false\" value=\"\" type=\"text\" name=\"empresa\" \/><\/span> <\/label><br \/>\n<label> Affair<br \/>\n<span class=\"wpcf7-form-control-wrap\" data-name=\"your-subject\"><input size=\"40\" maxlength=\"400\" class=\"wpcf7-form-control wpcf7-text\" aria-invalid=\"false\" value=\"\" type=\"text\" name=\"your-subject\" \/><\/span> <\/label><br \/>\n<label> Message<br \/>\n<span class=\"wpcf7-form-control-wrap\" data-name=\"your-message\"><textarea cols=\"40\" rows=\"10\" maxlength=\"2000\" class=\"wpcf7-form-control wpcf7-textarea\" aria-invalid=\"false\" name=\"your-message\"><\/textarea><\/span> <\/label>\n<\/p>\n<p><span class=\"wpcf7-form-control-wrap\" data-name=\"checkbox-572\"><span class=\"wpcf7-form-control wpcf7-checkbox wpcf7-validates-as-required\"><span class=\"wpcf7-list-item first last\"><input type=\"checkbox\" name=\"checkbox-572[]\" value=\"He le\u00eddo y acepto la\" \/><span class=\"wpcf7-list-item-label\">I have read and accept the<\/span><\/span><\/span><\/span><a href=\"\/en\/aviso-legal-politica-de-privacidad\/\">Privacy Policy<\/a>\n<\/p>\n<p><span class=\"wpcf7-form-control-wrap\" data-name=\"checkbox-57211\"><span class=\"wpcf7-form-control wpcf7-checkbox wpcf7-validates-as-required\"><span class=\"wpcf7-list-item first last\"><input type=\"checkbox\" name=\"checkbox-57211[]\" value=\"Acepto el env\u00edo de informaci\u00f3n\" \/><span class=\"wpcf7-list-item-label\">I accept the sending of information<\/span><\/span><\/span><\/span>\n<\/p>\n\n<p><input class=\"wpcf7-form-control wpcf7-submit has-spinner\" type=\"submit\" value=\"Send\" \/>\n<\/p><div class=\"wpcf7-response-output\" aria-hidden=\"true\"><\/div>\n<input type=\"hidden\" name=\"trp-form-language\" value=\"en\"\/><\/form>\n<\/div>\n<\/div><\/div><\/div><\/div>\n<\/div>","protected":false},"excerpt":{"rendered":"Nuestra empresa Mec\u00e1nica Curiel es una empresa nacida en el a\u00f1o 1972 que se ofrece a sus clientes la fabricaci\u00f3n y construcci\u00f3n de mecanizados y montajes de precisi\u00f3n. Este amplio bagaje en el sector de los mecanizados varios, nos ha permitido ser uno de los referentes del campo en toda la provincia de Barcelona, en la construcci\u00f3n de todo tipo<div class=\"h10\"><\/div><a class=\"more-link1\" href=\"https:\/\/mecanicacuriel.com\/en\/sobre-nosotros\/\">Read more<\/a>","protected":false},"author":4,"featured_media":0,"parent":0,"menu_order":0,"comment_status":"closed","ping_status":"closed","template":"","meta":{"footnotes":""},"class_list":["post-2459","page","type-page","status-publish","hentry"],"aioseo_notices":[],"yoast_head":"<!-- This site is optimized with the Yoast SEO plugin v27.1.1 - https:\/\/yoast.com\/product\/yoast-seo-wordpress\/ -->\n<title>Qui\u00e9nes somos - Mecanica Curiel<\/title>\n<meta name=\"robots\" content=\"index, follow, max-snippet:-1, max-image-preview:large, max-video-preview:-1\" \/>\n<link rel=\"canonical\" href=\"https:\/\/mecanicacuriel.com\/en\/sobre-nosotros\/\" \/>\n<meta property=\"og:locale\" content=\"en_GB\" \/>\n<meta property=\"og:type\" content=\"article\" \/>\n<meta property=\"og:title\" content=\"Qui\u00e9nes somos - Mecanica Curiel\" \/>\n<meta property=\"og:url\" content=\"https:\/\/mecanicacuriel.com\/en\/sobre-nosotros\/\" \/>\n<meta property=\"og:site_name\" content=\"Mecanica Curiel\" \/>\n<meta property=\"article:modified_time\" content=\"2024-02-22T11:05:09+00:00\" \/>\n<meta name=\"twitter:card\" content=\"summary_large_image\" \/>\n<meta name=\"twitter:label1\" content=\"Estimated reading time\" \/>\n\t<meta name=\"twitter:data1\" content=\"4 minutes\" \/>\n<script type=\"application\/ld+json\" class=\"yoast-schema-graph\">{\"@context\":\"https:\/\/schema.org\",\"@graph\":[{\"@type\":\"WebPage\",\"@id\":\"https:\/\/mecanicacuriel.com\/sobre-nosotros\/\",\"url\":\"https:\/\/mecanicacuriel.com\/sobre-nosotros\/\",\"name\":\"Qui\u00e9nes somos - Mecanica Curiel\",\"isPartOf\":{\"@id\":\"https:\/\/mecanicacuriel.com\/#website\"},\"datePublished\":\"2023-05-31T12:36:48+00:00\",\"dateModified\":\"2024-02-22T11:05:09+00:00\",\"breadcrumb\":{\"@id\":\"https:\/\/mecanicacuriel.com\/sobre-nosotros\/#breadcrumb\"},\"inLanguage\":\"en-GB\",\"potentialAction\":[{\"@type\":\"ReadAction\",\"target\":[\"https:\/\/mecanicacuriel.com\/sobre-nosotros\/\"]}]},{\"@type\":\"BreadcrumbList\",\"@id\":\"https:\/\/mecanicacuriel.com\/sobre-nosotros\/#breadcrumb\",\"itemListElement\":[{\"@type\":\"ListItem\",\"position\":1,\"name\":\"Portada\",\"item\":\"https:\/\/mecanicacuriel.com\/\"},{\"@type\":\"ListItem\",\"position\":2,\"name\":\"Qui\u00e9nes somos\"}]},{\"@type\":\"WebSite\",\"@id\":\"https:\/\/mecanicacuriel.com\/#website\",\"url\":\"https:\/\/mecanicacuriel.com\/\",\"name\":\"Mecanica Curiel\",\"description\":\"fabricaci\u00f3n y construcci\u00f3n de mecanizados y montajes de precisi\u00f3n.\",\"potentialAction\":[{\"@type\":\"SearchAction\",\"target\":{\"@type\":\"EntryPoint\",\"urlTemplate\":\"https:\/\/mecanicacuriel.com\/?s={search_term_string}\"},\"query-input\":{\"@type\":\"PropertyValueSpecification\",\"valueRequired\":true,\"valueName\":\"search_term_string\"}}],\"inLanguage\":\"en-GB\"}]}<\/script>\n<!-- \/ Yoast SEO plugin. -->","yoast_head_json":{"title":"Qui\u00e9nes somos - Mecanica Curiel","robots":{"index":"index","follow":"follow","max-snippet":"max-snippet:-1","max-image-preview":"max-image-preview:large","max-video-preview":"max-video-preview:-1"},"canonical":"https:\/\/mecanicacuriel.com\/en\/sobre-nosotros\/","og_locale":"en_GB","og_type":"article","og_title":"Qui\u00e9nes somos - Mecanica Curiel","og_url":"https:\/\/mecanicacuriel.com\/en\/sobre-nosotros\/","og_site_name":"Mecanica Curiel","article_modified_time":"2024-02-22T11:05:09+00:00","twitter_card":"summary_large_image","twitter_misc":{"Estimated reading time":"4 minutes"},"schema":{"@context":"https:\/\/schema.org","@graph":[{"@type":"WebPage","@id":"https:\/\/mecanicacuriel.com\/sobre-nosotros\/","url":"https:\/\/mecanicacuriel.com\/sobre-nosotros\/","name":"Qui\u00e9nes somos - Mecanica Curiel","isPartOf":{"@id":"https:\/\/mecanicacuriel.com\/#website"},"datePublished":"2023-05-31T12:36:48+00:00","dateModified":"2024-02-22T11:05:09+00:00","breadcrumb":{"@id":"https:\/\/mecanicacuriel.com\/sobre-nosotros\/#breadcrumb"},"inLanguage":"en-GB","potentialAction":[{"@type":"ReadAction","target":["https:\/\/mecanicacuriel.com\/sobre-nosotros\/"]}]},{"@type":"BreadcrumbList","@id":"https:\/\/mecanicacuriel.com\/sobre-nosotros\/#breadcrumb","itemListElement":[{"@type":"ListItem","position":1,"name":"Portada","item":"https:\/\/mecanicacuriel.com\/"},{"@type":"ListItem","position":2,"name":"Qui\u00e9nes somos"}]},{"@type":"WebSite","@id":"https:\/\/mecanicacuriel.com\/#website","url":"https:\/\/mecanicacuriel.com\/","name":"Curiel Mechanics","description":"manufacturing and construction of precision machining and assembly.","potentialAction":[{"@type":"SearchAction","target":{"@type":"EntryPoint","urlTemplate":"https:\/\/mecanicacuriel.com\/?s={search_term_string}"},"query-input":{"@type":"PropertyValueSpecification","valueRequired":true,"valueName":"search_term_string"}}],"inLanguage":"en-GB"}]}},"_links":{"self":[{"href":"https:\/\/mecanicacuriel.com\/en\/wp-json\/wp\/v2\/pages\/2459","targetHints":{"allow":["GET"]}}],"collection":[{"href":"https:\/\/mecanicacuriel.com\/en\/wp-json\/wp\/v2\/pages"}],"about":[{"href":"https:\/\/mecanicacuriel.com\/en\/wp-json\/wp\/v2\/types\/page"}],"author":[{"embeddable":true,"href":"https:\/\/mecanicacuriel.com\/en\/wp-json\/wp\/v2\/users\/4"}],"replies":[{"embeddable":true,"href":"https:\/\/mecanicacuriel.com\/en\/wp-json\/wp\/v2\/comments?post=2459"}],"version-history":[{"count":11,"href":"https:\/\/mecanicacuriel.com\/en\/wp-json\/wp\/v2\/pages\/2459\/revisions"}],"predecessor-version":[{"id":2468,"href":"https:\/\/mecanicacuriel.com\/en\/wp-json\/wp\/v2\/pages\/2459\/revisions\/2468"}],"wp:attachment":[{"href":"https:\/\/mecanicacuriel.com\/en\/wp-json\/wp\/v2\/media?parent=2459"}],"curies":[{"name":"wp","href":"https:\/\/api.w.org\/{rel}","templated":true}]}}