{"id":2666,"date":"2024-01-02T13:58:27","date_gmt":"2024-01-02T13:58:27","guid":{"rendered":"http:\/\/mecanicacuriel.com\/?page_id=2666"},"modified":"2024-02-26T08:21:25","modified_gmt":"2024-02-26T08:21:25","slug":"ensamblajes-y-montajes","status":"publish","type":"page","link":"https:\/\/mecanicacuriel.com\/en\/ensamblajes-y-montajes\/","title":{"rendered":"Assemblies and installations"},"content":{"rendered":"<div class=\"wpb-content-wrapper\"><div class=\"vc_row wpb_row vc_row-fluid\"><div class=\"wpb_column vc_column_container vc_col-sm-12\"><div class=\"vc_column-inner\"><div class=\"wpb_wrapper\">\n\t<div class=\"wpb_text_column wpb_content_element textjust\" >\n\t\t<div class=\"wpb_wrapper\">\n\t\t\t<p>At Mec\u00e1nica Curiel, we stand out for our precision assembly and assembly service. With decades of experience and a highly qualified team, we are proud to offer meticulous solutions tailored to each client&#039;s unique needs.<\/p>\n<p>We are committed to obtaining the best result in every detail of our assembly process, ensuring maximum precision and efficiency. Our dedication to quality is reflected in every job we do. Trust us to take your projects to the next level, offering commitment, experience and exceptional technical execution in every aspect of our assembly and erection services.<\/p>\n\n\t\t<\/div>\n\t<\/div>\n<\/div><\/div><\/div><\/div><div class=\"vc_row wpb_row vc_row-fluid\"><div class=\"wpb_column vc_column_container vc_col-sm-12\"><div class=\"vc_column-inner\"><div class=\"wpb_wrapper\">\n\t<div class=\"wpb_raw_code wpb_raw_html wpb_content_element\" >\n\t\t<div class=\"wpb_wrapper\">\n\t\t\t\n\t\t<\/div>\n\t<\/div>\n<\/div><\/div><\/div><\/div>\n<\/div>","protected":false},"excerpt":{"rendered":"En Mec\u00e1nica Curiel, destacamos por nuestro servicio de ensamblajes y montajes de precisi\u00f3n. Con d\u00e9cadas de experiencia y un equipo altamente calificado, nos enorgullece ofrecer soluciones meticulosas y adaptadas a las necesidades \u00fanicas de cada cliente. Nos comprometemos a obtener el mejor resultado en cada detalle de nuestro proceso de ensamblaje, asegurando la m\u00e1xima precisi\u00f3n y eficiencia. Nuestra dedicaci\u00f3n a<div class=\"h10\"><\/div><a class=\"more-link1\" href=\"https:\/\/mecanicacuriel.com\/en\/ensamblajes-y-montajes\/\">Read more<\/a>","protected":false},"author":4,"featured_media":0,"parent":0,"menu_order":0,"comment_status":"closed","ping_status":"closed","template":"","meta":{"footnotes":""},"class_list":["post-2666","page","type-page","status-publish","hentry"],"aioseo_notices":[],"yoast_head":"<!-- This site is optimized with the Yoast SEO plugin v27.1.1 - https:\/\/yoast.com\/product\/yoast-seo-wordpress\/ -->\n<title>Ensamblajes y montajes - Mecanica Curiel<\/title>\n<meta name=\"robots\" content=\"index, follow, max-snippet:-1, max-image-preview:large, max-video-preview:-1\" \/>\n<link rel=\"canonical\" href=\"https:\/\/mecanicacuriel.com\/en\/ensamblajes-y-montajes\/\" \/>\n<meta property=\"og:locale\" content=\"en_GB\" \/>\n<meta property=\"og:type\" content=\"article\" \/>\n<meta property=\"og:title\" content=\"Ensamblajes y montajes - Mecanica Curiel\" \/>\n<meta property=\"og:url\" content=\"https:\/\/mecanicacuriel.com\/en\/ensamblajes-y-montajes\/\" \/>\n<meta property=\"og:site_name\" content=\"Mecanica Curiel\" \/>\n<meta property=\"article:modified_time\" content=\"2024-02-26T08:21:25+00:00\" \/>\n<meta name=\"twitter:card\" content=\"summary_large_image\" \/>\n<meta name=\"twitter:label1\" content=\"Estimated reading time\" \/>\n\t<meta name=\"twitter:data1\" content=\"1 minute\" \/>\n<script type=\"application\/ld+json\" class=\"yoast-schema-graph\">{\"@context\":\"https:\/\/schema.org\",\"@graph\":[{\"@type\":\"WebPage\",\"@id\":\"https:\/\/mecanicacuriel.com\/ensamblajes-y-montajes\/\",\"url\":\"https:\/\/mecanicacuriel.com\/ensamblajes-y-montajes\/\",\"name\":\"Ensamblajes y montajes - Mecanica Curiel\",\"isPartOf\":{\"@id\":\"https:\/\/mecanicacuriel.com\/#website\"},\"datePublished\":\"2024-01-02T13:58:27+00:00\",\"dateModified\":\"2024-02-26T08:21:25+00:00\",\"breadcrumb\":{\"@id\":\"https:\/\/mecanicacuriel.com\/ensamblajes-y-montajes\/#breadcrumb\"},\"inLanguage\":\"en-GB\",\"potentialAction\":[{\"@type\":\"ReadAction\",\"target\":[\"https:\/\/mecanicacuriel.com\/ensamblajes-y-montajes\/\"]}]},{\"@type\":\"BreadcrumbList\",\"@id\":\"https:\/\/mecanicacuriel.com\/ensamblajes-y-montajes\/#breadcrumb\",\"itemListElement\":[{\"@type\":\"ListItem\",\"position\":1,\"name\":\"Portada\",\"item\":\"https:\/\/mecanicacuriel.com\/\"},{\"@type\":\"ListItem\",\"position\":2,\"name\":\"Ensamblajes y montajes\"}]},{\"@type\":\"WebSite\",\"@id\":\"https:\/\/mecanicacuriel.com\/#website\",\"url\":\"https:\/\/mecanicacuriel.com\/\",\"name\":\"Mecanica Curiel\",\"description\":\"fabricaci\u00f3n y construcci\u00f3n de mecanizados y montajes de precisi\u00f3n.\",\"potentialAction\":[{\"@type\":\"SearchAction\",\"target\":{\"@type\":\"EntryPoint\",\"urlTemplate\":\"https:\/\/mecanicacuriel.com\/?s={search_term_string}\"},\"query-input\":{\"@type\":\"PropertyValueSpecification\",\"valueRequired\":true,\"valueName\":\"search_term_string\"}}],\"inLanguage\":\"en-GB\"}]}<\/script>\n<!-- \/ Yoast SEO plugin. -->","yoast_head_json":{"title":"Ensamblajes y montajes - Mecanica Curiel","robots":{"index":"index","follow":"follow","max-snippet":"max-snippet:-1","max-image-preview":"max-image-preview:large","max-video-preview":"max-video-preview:-1"},"canonical":"https:\/\/mecanicacuriel.com\/en\/ensamblajes-y-montajes\/","og_locale":"en_GB","og_type":"article","og_title":"Ensamblajes y montajes - Mecanica Curiel","og_url":"https:\/\/mecanicacuriel.com\/en\/ensamblajes-y-montajes\/","og_site_name":"Mecanica Curiel","article_modified_time":"2024-02-26T08:21:25+00:00","twitter_card":"summary_large_image","twitter_misc":{"Estimated reading time":"1 minute"},"schema":{"@context":"https:\/\/schema.org","@graph":[{"@type":"WebPage","@id":"https:\/\/mecanicacuriel.com\/ensamblajes-y-montajes\/","url":"https:\/\/mecanicacuriel.com\/ensamblajes-y-montajes\/","name":"Ensamblajes y montajes - Mecanica Curiel","isPartOf":{"@id":"https:\/\/mecanicacuriel.com\/#website"},"datePublished":"2024-01-02T13:58:27+00:00","dateModified":"2024-02-26T08:21:25+00:00","breadcrumb":{"@id":"https:\/\/mecanicacuriel.com\/ensamblajes-y-montajes\/#breadcrumb"},"inLanguage":"en-GB","potentialAction":[{"@type":"ReadAction","target":["https:\/\/mecanicacuriel.com\/ensamblajes-y-montajes\/"]}]},{"@type":"BreadcrumbList","@id":"https:\/\/mecanicacuriel.com\/ensamblajes-y-montajes\/#breadcrumb","itemListElement":[{"@type":"ListItem","position":1,"name":"Portada","item":"https:\/\/mecanicacuriel.com\/"},{"@type":"ListItem","position":2,"name":"Ensamblajes y montajes"}]},{"@type":"WebSite","@id":"https:\/\/mecanicacuriel.com\/#website","url":"https:\/\/mecanicacuriel.com\/","name":"Curiel Mechanics","description":"manufacturing and construction of precision machining and assembly.","potentialAction":[{"@type":"SearchAction","target":{"@type":"EntryPoint","urlTemplate":"https:\/\/mecanicacuriel.com\/?s={search_term_string}"},"query-input":{"@type":"PropertyValueSpecification","valueRequired":true,"valueName":"search_term_string"}}],"inLanguage":"en-GB"}]}},"_links":{"self":[{"href":"https:\/\/mecanicacuriel.com\/en\/wp-json\/wp\/v2\/pages\/2666","targetHints":{"allow":["GET"]}}],"collection":[{"href":"https:\/\/mecanicacuriel.com\/en\/wp-json\/wp\/v2\/pages"}],"about":[{"href":"https:\/\/mecanicacuriel.com\/en\/wp-json\/wp\/v2\/types\/page"}],"author":[{"embeddable":true,"href":"https:\/\/mecanicacuriel.com\/en\/wp-json\/wp\/v2\/users\/4"}],"replies":[{"embeddable":true,"href":"https:\/\/mecanicacuriel.com\/en\/wp-json\/wp\/v2\/comments?post=2666"}],"version-history":[{"count":33,"href":"https:\/\/mecanicacuriel.com\/en\/wp-json\/wp\/v2\/pages\/2666\/revisions"}],"predecessor-version":[{"id":2828,"href":"https:\/\/mecanicacuriel.com\/en\/wp-json\/wp\/v2\/pages\/2666\/revisions\/2828"}],"wp:attachment":[{"href":"https:\/\/mecanicacuriel.com\/en\/wp-json\/wp\/v2\/media?parent=2666"}],"curies":[{"name":"wp","href":"https:\/\/api.w.org\/{rel}","templated":true}]}}