{"id":3373,"date":"2025-12-24T11:01:41","date_gmt":"2025-12-24T10:01:41","guid":{"rendered":"https:\/\/mecanicacuriel.com\/?page_id=3373"},"modified":"2025-12-24T11:01:49","modified_gmt":"2025-12-24T10:01:49","slug":"fabricacion-de-piezas-de-acero-canovelles","status":"publish","type":"page","link":"https:\/\/mecanicacuriel.com\/en\/fabricacion-de-piezas-de-acero-canovelles\/","title":{"rendered":"Fabricaci\u00f3n de piezas de acero Canovelles"},"content":{"rendered":"<div class=\"wpb-content-wrapper\"><div data-vc-full-width=\"true\" data-vc-full-width-temp=\"true\" data-vc-full-width-init=\"false\" data-vc-stretch-content=\"true\" class=\"vc_row wpb_row vc_row-fluid vc_custom_1765529562402 vc_column-gap-35\"><div class=\"wpb_column vc_column_container vc_col-sm-6\"><div class=\"vc_column-inner\"><div class=\"wpb_wrapper\">\n\t<div class=\"wpb_text_column wpb_content_element textjust\" >\n\t\t<div class=\"wpb_wrapper\">\n\t\t\t<p data-start=\"211\" data-end=\"891\">En Mec\u00e1nica Curiel contamos con m\u00e1s de 50 a\u00f1os de experiencia ofreciendo soluciones industriales de alta calidad. Nuestro taller se especializa en <strong data-start=\"444\" data-end=\"498\">fabricaci\u00f3n de piezas de acero<\/strong> cerca de<strong data-start=\"444\" data-end=\"498\"> Canovelles<\/strong>, utilizando tecnolog\u00eda avanzada de mecanizado CNC que garantiza piezas exactas y acabados impecables. Cada proyecto, desde prototipos hasta producciones en serie, se realiza bajo estrictos controles de calidad y con una atenci\u00f3n personalizada, asegurando que cada pieza cumpla con los est\u00e1ndares m\u00e1s exigentes. La confianza de nuestros clientes se basa en nuestra profesionalidad, precisi\u00f3n y compromiso con la excelencia en cada trabajo que realizamos.<\/p>\n\n\t\t<\/div>\n\t<\/div>\n\n\t<div  class=\"wpb_single_image wpb_content_element vc_align_left wpb_content_element\">\n\t\t\n\t\t<figure class=\"wpb_wrapper vc_figure\">\n\t\t\t<div class=\"vc_single_image-wrapper   vc_box_border_grey\"><img loading=\"lazy\" decoding=\"async\" width=\"2000\" height=\"1414\" src=\"https:\/\/mecanicacuriel.com\/wp-content\/uploads\/2025\/05\/Fabricacion-de-piezas-de-acero.jpg\" class=\"vc_single_image-img attachment-full\" alt=\"\" title=\"Fabricaci\u00f3n de piezas de acero\" srcset=\"https:\/\/mecanicacuriel.com\/wp-content\/uploads\/2025\/05\/Fabricacion-de-piezas-de-acero.jpg 2000w, https:\/\/mecanicacuriel.com\/wp-content\/uploads\/2025\/05\/Fabricacion-de-piezas-de-acero-300x212.jpg 300w, https:\/\/mecanicacuriel.com\/wp-content\/uploads\/2025\/05\/Fabricacion-de-piezas-de-acero-1024x724.jpg 1024w, https:\/\/mecanicacuriel.com\/wp-content\/uploads\/2025\/05\/Fabricacion-de-piezas-de-acero-768x543.jpg 768w, https:\/\/mecanicacuriel.com\/wp-content\/uploads\/2025\/05\/Fabricacion-de-piezas-de-acero-1536x1086.jpg 1536w, https:\/\/mecanicacuriel.com\/wp-content\/uploads\/2025\/05\/Fabricacion-de-piezas-de-acero-18x12.jpg 18w, https:\/\/mecanicacuriel.com\/wp-content\/uploads\/2025\/05\/Fabricacion-de-piezas-de-acero-500x354.jpg 500w, https:\/\/mecanicacuriel.com\/wp-content\/uploads\/2025\/05\/Fabricacion-de-piezas-de-acero-800x566.jpg 800w, https:\/\/mecanicacuriel.com\/wp-content\/uploads\/2025\/05\/Fabricacion-de-piezas-de-acero-1280x905.jpg 1280w, https:\/\/mecanicacuriel.com\/wp-content\/uploads\/2025\/05\/Fabricacion-de-piezas-de-acero-1920x1357.jpg 1920w\" sizes=\"auto, (max-width: 2000px) 100vw, 2000px\" \/><\/div>\n\t\t<\/figure>\n\t<\/div>\n\n\t<div class=\"wpb_text_column wpb_content_element textjust\" >\n\t\t<div class=\"wpb_wrapper\">\n\t\t\t<p data-start=\"985\" data-end=\"1779\">Ofrecemos un completo abanico de servicios de <strong data-start=\"1091\" data-end=\"1145\">fabricaci\u00f3n de piezas de acero <\/strong>cerca de<strong data-start=\"1091\" data-end=\"1145\"> Canovelles<\/strong>, adaptados a distintos sectores industriales como automoci\u00f3n, electromedicina, laboratorios y manufactura general. Nuestro equipo altamente cualificado trabaja con materiales met\u00e1licos y pl\u00e1sticos, fabricando piezas \u00fanicas, componentes complejos y series de producci\u00f3n seg\u00fan las especificaciones de cada cliente. Entre nuestros servicios destacan el decoletaje, prototipos, conjuntos de piezas y piezas personalizadas de acero de alta precisi\u00f3n. Gracias a nuestras instalaciones modernas y tecnolog\u00eda CNC avanzada, garantizamos eficiencia, precisi\u00f3n y soluciones totalmente adaptadas a cada necesidad, consolidando a Mec\u00e1nica Curiel como un aliado confiable en la fabricaci\u00f3n de piezas de acero en la regi\u00f3n.<\/p>\n<p data-start=\"985\" data-end=\"1779\">Gracias a nuestras instalaciones modernas y a la tecnolog\u00eda CNC avanzada, podemos garantizar eficiencia, precisi\u00f3n y soluciones totalmente adaptadas a cada necesidad, consolidando a Mec\u00e1nica Curiel como un aliado confiable para proyectos de mecanizado industrial en la regi\u00f3n.<\/p>\n\n\t\t<\/div>\n\t<\/div>\n<\/div><\/div><\/div><div class=\"wpb_column vc_column_container vc_col-sm-6\"><div class=\"vc_column-inner\"><div class=\"wpb_wrapper\"><div class=\"boc_heading  al_left\"  style=\"margin-bottom: 20px;margin-top: 0px;color: #333;\"><span>Cont\u00e1ctanos <strong>sin compromiso<\/strong><\/span><\/div>\n<div class=\"wpcf7 no-js\" id=\"wpcf7-f745-o1\" lang=\"es-ES\" dir=\"ltr\" data-wpcf7-id=\"745\">\n<div class=\"screen-reader-response\"><p role=\"status\" aria-live=\"polite\" aria-atomic=\"true\"><\/p> <ul><\/ul><\/div>\n<form action=\"\/en\/wp-json\/wp\/v2\/pages\/3373#wpcf7-f745-o1\" method=\"post\" class=\"wpcf7-form init\" aria-label=\"Formulario de contacto\" novalidate=\"novalidate\" data-status=\"init\" data-trp-original-action=\"\/en\/wp-json\/wp\/v2\/pages\/3373#wpcf7-f745-o1\">\n<fieldset class=\"hidden-fields-container\"><input type=\"hidden\" name=\"_wpcf7\" value=\"745\" \/><input type=\"hidden\" name=\"_wpcf7_version\" value=\"6.1.4\" \/><input type=\"hidden\" name=\"_wpcf7_locale\" value=\"es_ES\" \/><input type=\"hidden\" name=\"_wpcf7_unit_tag\" value=\"wpcf7-f745-o1\" \/><input type=\"hidden\" name=\"_wpcf7_container_post\" value=\"0\" \/><input type=\"hidden\" name=\"_wpcf7_posted_data_hash\" value=\"\" \/><input type=\"hidden\" name=\"_wpcf7_recaptcha_response\" value=\"\" \/>\n<\/fieldset>\n<p><label> Name (required)<br \/>\n<span class=\"wpcf7-form-control-wrap\" data-name=\"your-name\"><input size=\"40\" maxlength=\"400\" class=\"wpcf7-form-control wpcf7-text wpcf7-validates-as-required\" aria-required=\"true\" aria-invalid=\"false\" value=\"\" type=\"text\" name=\"your-name\" \/><\/span> <\/label>\n<\/p>\n<p><label> Your email (required)<br \/>\n<span class=\"wpcf7-form-control-wrap\" data-name=\"your-email\"><input size=\"40\" maxlength=\"400\" class=\"wpcf7-form-control wpcf7-email wpcf7-validates-as-required wpcf7-text wpcf7-validates-as-email\" aria-required=\"true\" aria-invalid=\"false\" value=\"\" type=\"email\" name=\"your-email\" \/><\/span> <\/label>\n<\/p>\n<p><label> Affair<br \/>\n<span class=\"wpcf7-form-control-wrap\" data-name=\"your-subject\"><input size=\"40\" maxlength=\"400\" class=\"wpcf7-form-control wpcf7-text\" aria-invalid=\"false\" value=\"\" type=\"text\" name=\"your-subject\" \/><\/span> <\/label>\n<\/p>\n<p><label> Message<br \/>\n<span class=\"wpcf7-form-control-wrap\" data-name=\"your-message\"><textarea cols=\"40\" rows=\"10\" maxlength=\"2000\" class=\"wpcf7-form-control wpcf7-textarea\" aria-invalid=\"false\" name=\"your-message\"><\/textarea><\/span> <\/label>\n<\/p>\n<p><span class=\"wpcf7-form-control-wrap\" data-name=\"checkbox-338\"><span class=\"wpcf7-form-control wpcf7-checkbox wpcf7-validates-as-required\"><span class=\"wpcf7-list-item first last\"><input type=\"checkbox\" name=\"checkbox-338[]\" value=\"He le\u00eddo y acepto la\" \/><span class=\"wpcf7-list-item-label\">I have read and accept the<\/span><\/span><\/span><\/span><a href=\"\/en\/aviso-legal-politica-de-privacidad\/\"> Privacy Policy<\/a>\n<\/p>\n<p><span class=\"wpcf7-form-control-wrap\" data-name=\"checkbox-33866\"><span class=\"wpcf7-form-control wpcf7-checkbox wpcf7-validates-as-required\"><span class=\"wpcf7-list-item first last\"><input type=\"checkbox\" name=\"checkbox-33866[]\" value=\"Acepto el env\u00edo de informaci\u00f3n\" \/><span class=\"wpcf7-list-item-label\">I accept the sending of information<\/span><\/span><\/span><\/span>\n<\/p>\n\n<p><input class=\"wpcf7-form-control wpcf7-submit has-spinner\" type=\"submit\" value=\"Send\" \/>\n<\/p><div class=\"wpcf7-response-output\" aria-hidden=\"true\"><\/div>\n<input type=\"hidden\" name=\"trp-form-language\" value=\"en\"\/><\/form>\n<\/div>\n<\/div><\/div><\/div><\/div><div class=\"vc_row-full-width vc_clearfix\"><\/div>\n<\/div>","protected":false},"excerpt":{"rendered":"En Mec\u00e1nica Curiel contamos con m\u00e1s de 50 a\u00f1os de experiencia ofreciendo soluciones industriales de alta calidad. Nuestro taller se especializa en fabricaci\u00f3n de piezas de acero cerca de Canovelles, utilizando tecnolog\u00eda avanzada de mecanizado CNC que garantiza piezas exactas y acabados impecables. Cada proyecto, desde prototipos hasta producciones en serie, se realiza bajo estrictos controles de calidad y con<div class=\"h10\"><\/div><a class=\"more-link1\" href=\"https:\/\/mecanicacuriel.com\/en\/fabricacion-de-piezas-de-acero-canovelles\/\">Read more<\/a>","protected":false},"author":4,"featured_media":0,"parent":0,"menu_order":0,"comment_status":"closed","ping_status":"closed","template":"","meta":{"footnotes":""},"class_list":["post-3373","page","type-page","status-publish","hentry"],"aioseo_notices":[],"yoast_head":"<!-- This site is optimized with the Yoast SEO plugin v27.1.1 - https:\/\/yoast.com\/product\/yoast-seo-wordpress\/ -->\n<title>Fabricaci\u00f3n de piezas de acero Canovelles - Mecanica Curiel<\/title>\n<meta name=\"robots\" content=\"index, follow, max-snippet:-1, max-image-preview:large, max-video-preview:-1\" \/>\n<link rel=\"canonical\" href=\"https:\/\/mecanicacuriel.com\/en\/fabricacion-de-piezas-de-acero-canovelles\/\" \/>\n<meta property=\"og:locale\" content=\"en_GB\" \/>\n<meta property=\"og:type\" content=\"article\" \/>\n<meta property=\"og:title\" content=\"Fabricaci\u00f3n de piezas de acero Canovelles - Mecanica Curiel\" \/>\n<meta property=\"og:url\" content=\"https:\/\/mecanicacuriel.com\/en\/fabricacion-de-piezas-de-acero-canovelles\/\" \/>\n<meta property=\"og:site_name\" content=\"Mecanica Curiel\" \/>\n<meta property=\"article:modified_time\" content=\"2025-12-24T10:01:49+00:00\" \/>\n<meta name=\"twitter:card\" content=\"summary_large_image\" \/>\n<meta name=\"twitter:label1\" content=\"Estimated reading time\" \/>\n\t<meta name=\"twitter:data1\" content=\"2 minutes\" \/>\n<script type=\"application\/ld+json\" class=\"yoast-schema-graph\">{\"@context\":\"https:\/\/schema.org\",\"@graph\":[{\"@type\":\"WebPage\",\"@id\":\"https:\/\/mecanicacuriel.com\/fabricacion-de-piezas-de-acero-canovelles\/\",\"url\":\"https:\/\/mecanicacuriel.com\/fabricacion-de-piezas-de-acero-canovelles\/\",\"name\":\"Fabricaci\u00f3n de piezas de acero Canovelles - Mecanica Curiel\",\"isPartOf\":{\"@id\":\"https:\/\/mecanicacuriel.com\/#website\"},\"datePublished\":\"2025-12-24T10:01:41+00:00\",\"dateModified\":\"2025-12-24T10:01:49+00:00\",\"breadcrumb\":{\"@id\":\"https:\/\/mecanicacuriel.com\/fabricacion-de-piezas-de-acero-canovelles\/#breadcrumb\"},\"inLanguage\":\"en-GB\",\"potentialAction\":[{\"@type\":\"ReadAction\",\"target\":[\"https:\/\/mecanicacuriel.com\/fabricacion-de-piezas-de-acero-canovelles\/\"]}]},{\"@type\":\"BreadcrumbList\",\"@id\":\"https:\/\/mecanicacuriel.com\/fabricacion-de-piezas-de-acero-canovelles\/#breadcrumb\",\"itemListElement\":[{\"@type\":\"ListItem\",\"position\":1,\"name\":\"Portada\",\"item\":\"https:\/\/mecanicacuriel.com\/\"},{\"@type\":\"ListItem\",\"position\":2,\"name\":\"Fabricaci\u00f3n de piezas de acero Canovelles\"}]},{\"@type\":\"WebSite\",\"@id\":\"https:\/\/mecanicacuriel.com\/#website\",\"url\":\"https:\/\/mecanicacuriel.com\/\",\"name\":\"Mecanica Curiel\",\"description\":\"fabricaci\u00f3n y construcci\u00f3n de mecanizados y montajes de precisi\u00f3n.\",\"potentialAction\":[{\"@type\":\"SearchAction\",\"target\":{\"@type\":\"EntryPoint\",\"urlTemplate\":\"https:\/\/mecanicacuriel.com\/?s={search_term_string}\"},\"query-input\":{\"@type\":\"PropertyValueSpecification\",\"valueRequired\":true,\"valueName\":\"search_term_string\"}}],\"inLanguage\":\"en-GB\"}]}<\/script>\n<!-- \/ Yoast SEO plugin. -->","yoast_head_json":{"title":"Fabricaci\u00f3n de piezas de acero Canovelles - Mecanica Curiel","robots":{"index":"index","follow":"follow","max-snippet":"max-snippet:-1","max-image-preview":"max-image-preview:large","max-video-preview":"max-video-preview:-1"},"canonical":"https:\/\/mecanicacuriel.com\/en\/fabricacion-de-piezas-de-acero-canovelles\/","og_locale":"en_GB","og_type":"article","og_title":"Fabricaci\u00f3n de piezas de acero Canovelles - Mecanica Curiel","og_url":"https:\/\/mecanicacuriel.com\/en\/fabricacion-de-piezas-de-acero-canovelles\/","og_site_name":"Mecanica Curiel","article_modified_time":"2025-12-24T10:01:49+00:00","twitter_card":"summary_large_image","twitter_misc":{"Estimated reading time":"2 minutes"},"schema":{"@context":"https:\/\/schema.org","@graph":[{"@type":"WebPage","@id":"https:\/\/mecanicacuriel.com\/fabricacion-de-piezas-de-acero-canovelles\/","url":"https:\/\/mecanicacuriel.com\/fabricacion-de-piezas-de-acero-canovelles\/","name":"Fabricaci\u00f3n de piezas de acero Canovelles - Mecanica Curiel","isPartOf":{"@id":"https:\/\/mecanicacuriel.com\/#website"},"datePublished":"2025-12-24T10:01:41+00:00","dateModified":"2025-12-24T10:01:49+00:00","breadcrumb":{"@id":"https:\/\/mecanicacuriel.com\/fabricacion-de-piezas-de-acero-canovelles\/#breadcrumb"},"inLanguage":"en-GB","potentialAction":[{"@type":"ReadAction","target":["https:\/\/mecanicacuriel.com\/fabricacion-de-piezas-de-acero-canovelles\/"]}]},{"@type":"BreadcrumbList","@id":"https:\/\/mecanicacuriel.com\/fabricacion-de-piezas-de-acero-canovelles\/#breadcrumb","itemListElement":[{"@type":"ListItem","position":1,"name":"Portada","item":"https:\/\/mecanicacuriel.com\/"},{"@type":"ListItem","position":2,"name":"Fabricaci\u00f3n de piezas de acero Canovelles"}]},{"@type":"WebSite","@id":"https:\/\/mecanicacuriel.com\/#website","url":"https:\/\/mecanicacuriel.com\/","name":"Curiel Mechanics","description":"manufacturing and construction of precision machining and assembly.","potentialAction":[{"@type":"SearchAction","target":{"@type":"EntryPoint","urlTemplate":"https:\/\/mecanicacuriel.com\/?s={search_term_string}"},"query-input":{"@type":"PropertyValueSpecification","valueRequired":true,"valueName":"search_term_string"}}],"inLanguage":"en-GB"}]}},"_links":{"self":[{"href":"https:\/\/mecanicacuriel.com\/en\/wp-json\/wp\/v2\/pages\/3373","targetHints":{"allow":["GET"]}}],"collection":[{"href":"https:\/\/mecanicacuriel.com\/en\/wp-json\/wp\/v2\/pages"}],"about":[{"href":"https:\/\/mecanicacuriel.com\/en\/wp-json\/wp\/v2\/types\/page"}],"author":[{"embeddable":true,"href":"https:\/\/mecanicacuriel.com\/en\/wp-json\/wp\/v2\/users\/4"}],"replies":[{"embeddable":true,"href":"https:\/\/mecanicacuriel.com\/en\/wp-json\/wp\/v2\/comments?post=3373"}],"version-history":[{"count":1,"href":"https:\/\/mecanicacuriel.com\/en\/wp-json\/wp\/v2\/pages\/3373\/revisions"}],"predecessor-version":[{"id":3374,"href":"https:\/\/mecanicacuriel.com\/en\/wp-json\/wp\/v2\/pages\/3373\/revisions\/3374"}],"wp:attachment":[{"href":"https:\/\/mecanicacuriel.com\/en\/wp-json\/wp\/v2\/media?parent=3373"}],"curies":[{"name":"wp","href":"https:\/\/api.w.org\/{rel}","templated":true}]}}