{"id":3381,"date":"2025-12-24T11:29:40","date_gmt":"2025-12-24T10:29:40","guid":{"rendered":"https:\/\/mecanicacuriel.com\/?page_id=3381"},"modified":"2025-12-24T11:29:40","modified_gmt":"2025-12-24T10:29:40","slug":"montaje-de-dosificadores-industriales-en-les-franqueses-del-valles","status":"publish","type":"page","link":"https:\/\/mecanicacuriel.com\/en\/montaje-de-dosificadores-industriales-en-les-franqueses-del-valles\/","title":{"rendered":"Montaje de dosificadores industriales en Les Franqueses del Vall\u00e8s"},"content":{"rendered":"<div class=\"wpb-content-wrapper\"><div data-vc-full-width=\"true\" data-vc-full-width-temp=\"true\" data-vc-full-width-init=\"false\" data-vc-stretch-content=\"true\" class=\"vc_row wpb_row vc_row-fluid vc_custom_1765529562402 vc_column-gap-35\"><div class=\"wpb_column vc_column_container vc_col-sm-6\"><div class=\"vc_column-inner\"><div class=\"wpb_wrapper\">\n\t<div class=\"wpb_text_column wpb_content_element textjust\" >\n\t\t<div class=\"wpb_wrapper\">\n\t\t\t<p data-start=\"304\" data-end=\"1030\">En Mec\u00e1nica Curiel contamos con m\u00e1s de 50 a\u00f1os de experiencia ofreciendo soluciones industriales de alta calidad. Nuestro taller se especializa en <strong data-start=\"482\" data-end=\"552\">montaje de dosificadores industriales<\/strong> in<strong data-start=\"482\" data-end=\"552\"> Les Franqueses del Vall\u00e8s<\/strong>, aplicando procesos de alta precisi\u00f3n y tecnolog\u00eda avanzada para garantizar que cada equipo funcione con exactitud y fiabilidad. Cada proyecto, desde unidades individuales hasta series completas, se realiza bajo estrictos controles de calidad y con atenci\u00f3n personalizada, asegurando que cada dosificador cumpla con los est\u00e1ndares m\u00e1s exigentes. La experiencia y profesionalidad de nuestro equipo nos posiciona como un referente en el sector, elegido por clientes que buscan eficiencia, seguridad y rendimiento \u00f3ptimo en sus sistemas industriales.<\/p>\n\n\t\t<\/div>\n\t<\/div>\n\n\t<div  class=\"wpb_single_image wpb_content_element vc_align_left wpb_content_element\">\n\t\t\n\t\t<figure class=\"wpb_wrapper vc_figure\">\n\t\t\t<div class=\"vc_single_image-wrapper   vc_box_border_grey\"><img loading=\"lazy\" decoding=\"async\" width=\"2000\" height=\"1500\" src=\"https:\/\/mecanicacuriel.com\/wp-content\/uploads\/2024\/02\/DOSIFICADORES.png\" class=\"vc_single_image-img attachment-full\" alt=\"DOSIFICADORES\" title=\"DOSIFICADORES\" srcset=\"https:\/\/mecanicacuriel.com\/wp-content\/uploads\/2024\/02\/DOSIFICADORES.png 2000w, https:\/\/mecanicacuriel.com\/wp-content\/uploads\/2024\/02\/DOSIFICADORES-300x225.png 300w, https:\/\/mecanicacuriel.com\/wp-content\/uploads\/2024\/02\/DOSIFICADORES-768x576.png 768w, https:\/\/mecanicacuriel.com\/wp-content\/uploads\/2024\/02\/DOSIFICADORES-1024x768.png 1024w, https:\/\/mecanicacuriel.com\/wp-content\/uploads\/2024\/02\/DOSIFICADORES-16x12.png 16w, https:\/\/mecanicacuriel.com\/wp-content\/uploads\/2024\/02\/DOSIFICADORES-500x375.png 500w, https:\/\/mecanicacuriel.com\/wp-content\/uploads\/2024\/02\/DOSIFICADORES-800x600.png 800w, https:\/\/mecanicacuriel.com\/wp-content\/uploads\/2024\/02\/DOSIFICADORES-1280x960.png 1280w, https:\/\/mecanicacuriel.com\/wp-content\/uploads\/2024\/02\/DOSIFICADORES-1920x1440.png 1920w\" sizes=\"auto, (max-width: 2000px) 100vw, 2000px\" \/><\/div>\n\t\t<\/figure>\n\t<\/div>\n\n\t<div class=\"wpb_text_column wpb_content_element textjust\" >\n\t\t<div class=\"wpb_wrapper\">\n\t\t\t<p data-start=\"1062\" data-end=\"1885\">Ofrecemos un completo abanico de servicios de <strong data-start=\"1256\" data-end=\"1326\">montaje de dosificadores industriales<\/strong> in <strong data-start=\"1256\" data-end=\"1326\">Les Franqueses del Vall\u00e8s<\/strong>, adaptados a diferentes sectores como automoci\u00f3n, laboratorios, electromedicina e industria en general. Nuestro equipo altamente cualificado se encarga del ensamblaje, ajuste y prueba de cada dosificador, garantizando precisi\u00f3n, durabilidad y funcionamiento eficiente seg\u00fan las especificaciones del cliente. Adem\u00e1s, proporcionamos soporte t\u00e9cnico y mantenimiento para asegurar la m\u00e1xima fiabilidad de los equipos. Gracias a nuestras instalaciones modernas y a la experiencia acumulada durante d\u00e9cadas, Mec\u00e1nica Curiel se consolida como un aliado confiable para el montaje de dosificadores industriales en la regi\u00f3n.<\/p>\n\n\t\t<\/div>\n\t<\/div>\n<\/div><\/div><\/div><div class=\"wpb_column vc_column_container vc_col-sm-6\"><div class=\"vc_column-inner\"><div class=\"wpb_wrapper\"><div class=\"boc_heading  al_left\"  style=\"margin-bottom: 20px;margin-top: 0px;color: #333;\"><span>Cont\u00e1ctanos <strong>sin compromiso<\/strong><\/span><\/div>\n<div class=\"wpcf7 no-js\" id=\"wpcf7-f745-o1\" lang=\"es-ES\" dir=\"ltr\" data-wpcf7-id=\"745\">\n<div class=\"screen-reader-response\"><p role=\"status\" aria-live=\"polite\" aria-atomic=\"true\"><\/p> <ul><\/ul><\/div>\n<form action=\"\/en\/wp-json\/wp\/v2\/pages\/3381#wpcf7-f745-o1\" method=\"post\" class=\"wpcf7-form init\" aria-label=\"Formulario de contacto\" novalidate=\"novalidate\" data-status=\"init\" data-trp-original-action=\"\/en\/wp-json\/wp\/v2\/pages\/3381#wpcf7-f745-o1\">\n<fieldset class=\"hidden-fields-container\"><input type=\"hidden\" name=\"_wpcf7\" value=\"745\" \/><input type=\"hidden\" name=\"_wpcf7_version\" value=\"6.1.4\" \/><input type=\"hidden\" name=\"_wpcf7_locale\" value=\"es_ES\" \/><input type=\"hidden\" name=\"_wpcf7_unit_tag\" value=\"wpcf7-f745-o1\" \/><input type=\"hidden\" name=\"_wpcf7_container_post\" value=\"0\" \/><input type=\"hidden\" name=\"_wpcf7_posted_data_hash\" value=\"\" \/><input type=\"hidden\" name=\"_wpcf7_recaptcha_response\" value=\"\" \/>\n<\/fieldset>\n<p><label> Name (required)<br \/>\n<span class=\"wpcf7-form-control-wrap\" data-name=\"your-name\"><input size=\"40\" maxlength=\"400\" class=\"wpcf7-form-control wpcf7-text wpcf7-validates-as-required\" aria-required=\"true\" aria-invalid=\"false\" value=\"\" type=\"text\" name=\"your-name\" \/><\/span> <\/label>\n<\/p>\n<p><label> Your email (required)<br \/>\n<span class=\"wpcf7-form-control-wrap\" data-name=\"your-email\"><input size=\"40\" maxlength=\"400\" class=\"wpcf7-form-control wpcf7-email wpcf7-validates-as-required wpcf7-text wpcf7-validates-as-email\" aria-required=\"true\" aria-invalid=\"false\" value=\"\" type=\"email\" name=\"your-email\" \/><\/span> <\/label>\n<\/p>\n<p><label> Affair<br \/>\n<span class=\"wpcf7-form-control-wrap\" data-name=\"your-subject\"><input size=\"40\" maxlength=\"400\" class=\"wpcf7-form-control wpcf7-text\" aria-invalid=\"false\" value=\"\" type=\"text\" name=\"your-subject\" \/><\/span> <\/label>\n<\/p>\n<p><label> Message<br \/>\n<span class=\"wpcf7-form-control-wrap\" data-name=\"your-message\"><textarea cols=\"40\" rows=\"10\" maxlength=\"2000\" class=\"wpcf7-form-control wpcf7-textarea\" aria-invalid=\"false\" name=\"your-message\"><\/textarea><\/span> <\/label>\n<\/p>\n<p><span class=\"wpcf7-form-control-wrap\" data-name=\"checkbox-338\"><span class=\"wpcf7-form-control wpcf7-checkbox wpcf7-validates-as-required\"><span class=\"wpcf7-list-item first last\"><input type=\"checkbox\" name=\"checkbox-338[]\" value=\"He le\u00eddo y acepto la\" \/><span class=\"wpcf7-list-item-label\">I have read and accept the<\/span><\/span><\/span><\/span><a href=\"\/en\/aviso-legal-politica-de-privacidad\/\"> Privacy Policy<\/a>\n<\/p>\n<p><span class=\"wpcf7-form-control-wrap\" data-name=\"checkbox-33866\"><span class=\"wpcf7-form-control wpcf7-checkbox wpcf7-validates-as-required\"><span class=\"wpcf7-list-item first last\"><input type=\"checkbox\" name=\"checkbox-33866[]\" value=\"Acepto el env\u00edo de informaci\u00f3n\" \/><span class=\"wpcf7-list-item-label\">I accept the sending of information<\/span><\/span><\/span><\/span>\n<\/p>\n\n<p><input class=\"wpcf7-form-control wpcf7-submit has-spinner\" type=\"submit\" value=\"Send\" \/>\n<\/p><div class=\"wpcf7-response-output\" aria-hidden=\"true\"><\/div>\n<input type=\"hidden\" name=\"trp-form-language\" value=\"en\"\/><\/form>\n<\/div>\n<\/div><\/div><\/div><\/div><div class=\"vc_row-full-width vc_clearfix\"><\/div>\n<\/div>","protected":false},"excerpt":{"rendered":"En Mec\u00e1nica Curiel contamos con m\u00e1s de 50 a\u00f1os de experiencia ofreciendo soluciones industriales de alta calidad. Nuestro taller se especializa en montaje de dosificadores industriales en Les Franqueses del Vall\u00e8s, aplicando procesos de alta precisi\u00f3n y tecnolog\u00eda avanzada para garantizar que cada equipo funcione con exactitud y fiabilidad. Cada proyecto, desde unidades individuales hasta series completas, se realiza bajo<div class=\"h10\"><\/div><a class=\"more-link1\" href=\"https:\/\/mecanicacuriel.com\/en\/montaje-de-dosificadores-industriales-en-les-franqueses-del-valles\/\">Read more<\/a>","protected":false},"author":4,"featured_media":0,"parent":0,"menu_order":0,"comment_status":"closed","ping_status":"closed","template":"","meta":{"footnotes":""},"class_list":["post-3381","page","type-page","status-publish","hentry"],"aioseo_notices":[],"yoast_head":"<!-- This site is optimized with the Yoast SEO plugin v27.1.1 - https:\/\/yoast.com\/product\/yoast-seo-wordpress\/ -->\n<title>Montaje de dosificadores industriales en Les Franqueses del Vall\u00e8s - Mecanica Curiel<\/title>\n<meta name=\"robots\" content=\"index, follow, max-snippet:-1, max-image-preview:large, max-video-preview:-1\" \/>\n<link rel=\"canonical\" href=\"https:\/\/mecanicacuriel.com\/en\/montaje-de-dosificadores-industriales-en-les-franqueses-del-valles\/\" \/>\n<meta property=\"og:locale\" content=\"en_GB\" \/>\n<meta property=\"og:type\" content=\"article\" \/>\n<meta property=\"og:title\" content=\"Montaje de dosificadores industriales en Les Franqueses del Vall\u00e8s - Mecanica Curiel\" \/>\n<meta property=\"og:url\" content=\"https:\/\/mecanicacuriel.com\/en\/montaje-de-dosificadores-industriales-en-les-franqueses-del-valles\/\" \/>\n<meta property=\"og:site_name\" content=\"Mecanica Curiel\" \/>\n<meta name=\"twitter:card\" content=\"summary_large_image\" \/>\n<meta name=\"twitter:label1\" content=\"Estimated reading time\" \/>\n\t<meta name=\"twitter:data1\" content=\"1 minute\" \/>\n<script type=\"application\/ld+json\" class=\"yoast-schema-graph\">{\"@context\":\"https:\/\/schema.org\",\"@graph\":[{\"@type\":\"WebPage\",\"@id\":\"https:\/\/mecanicacuriel.com\/montaje-de-dosificadores-industriales-en-les-franqueses-del-valles\/\",\"url\":\"https:\/\/mecanicacuriel.com\/montaje-de-dosificadores-industriales-en-les-franqueses-del-valles\/\",\"name\":\"Montaje de dosificadores industriales en Les Franqueses del Vall\u00e8s - Mecanica Curiel\",\"isPartOf\":{\"@id\":\"https:\/\/mecanicacuriel.com\/#website\"},\"datePublished\":\"2025-12-24T10:29:40+00:00\",\"breadcrumb\":{\"@id\":\"https:\/\/mecanicacuriel.com\/montaje-de-dosificadores-industriales-en-les-franqueses-del-valles\/#breadcrumb\"},\"inLanguage\":\"en-GB\",\"potentialAction\":[{\"@type\":\"ReadAction\",\"target\":[\"https:\/\/mecanicacuriel.com\/montaje-de-dosificadores-industriales-en-les-franqueses-del-valles\/\"]}]},{\"@type\":\"BreadcrumbList\",\"@id\":\"https:\/\/mecanicacuriel.com\/montaje-de-dosificadores-industriales-en-les-franqueses-del-valles\/#breadcrumb\",\"itemListElement\":[{\"@type\":\"ListItem\",\"position\":1,\"name\":\"Portada\",\"item\":\"https:\/\/mecanicacuriel.com\/\"},{\"@type\":\"ListItem\",\"position\":2,\"name\":\"Montaje de dosificadores industriales en Les Franqueses del Vall\u00e8s\"}]},{\"@type\":\"WebSite\",\"@id\":\"https:\/\/mecanicacuriel.com\/#website\",\"url\":\"https:\/\/mecanicacuriel.com\/\",\"name\":\"Mecanica Curiel\",\"description\":\"fabricaci\u00f3n y construcci\u00f3n de mecanizados y montajes de precisi\u00f3n.\",\"potentialAction\":[{\"@type\":\"SearchAction\",\"target\":{\"@type\":\"EntryPoint\",\"urlTemplate\":\"https:\/\/mecanicacuriel.com\/?s={search_term_string}\"},\"query-input\":{\"@type\":\"PropertyValueSpecification\",\"valueRequired\":true,\"valueName\":\"search_term_string\"}}],\"inLanguage\":\"en-GB\"}]}<\/script>\n<!-- \/ Yoast SEO plugin. -->","yoast_head_json":{"title":"Montaje de dosificadores industriales en Les Franqueses del Vall\u00e8s - Mecanica Curiel","robots":{"index":"index","follow":"follow","max-snippet":"max-snippet:-1","max-image-preview":"max-image-preview:large","max-video-preview":"max-video-preview:-1"},"canonical":"https:\/\/mecanicacuriel.com\/en\/montaje-de-dosificadores-industriales-en-les-franqueses-del-valles\/","og_locale":"en_GB","og_type":"article","og_title":"Montaje de dosificadores industriales en Les Franqueses del Vall\u00e8s - Mecanica Curiel","og_url":"https:\/\/mecanicacuriel.com\/en\/montaje-de-dosificadores-industriales-en-les-franqueses-del-valles\/","og_site_name":"Mecanica Curiel","twitter_card":"summary_large_image","twitter_misc":{"Estimated reading time":"1 minute"},"schema":{"@context":"https:\/\/schema.org","@graph":[{"@type":"WebPage","@id":"https:\/\/mecanicacuriel.com\/montaje-de-dosificadores-industriales-en-les-franqueses-del-valles\/","url":"https:\/\/mecanicacuriel.com\/montaje-de-dosificadores-industriales-en-les-franqueses-del-valles\/","name":"Montaje de dosificadores industriales en Les Franqueses del Vall\u00e8s - Mecanica Curiel","isPartOf":{"@id":"https:\/\/mecanicacuriel.com\/#website"},"datePublished":"2025-12-24T10:29:40+00:00","breadcrumb":{"@id":"https:\/\/mecanicacuriel.com\/montaje-de-dosificadores-industriales-en-les-franqueses-del-valles\/#breadcrumb"},"inLanguage":"en-GB","potentialAction":[{"@type":"ReadAction","target":["https:\/\/mecanicacuriel.com\/montaje-de-dosificadores-industriales-en-les-franqueses-del-valles\/"]}]},{"@type":"BreadcrumbList","@id":"https:\/\/mecanicacuriel.com\/montaje-de-dosificadores-industriales-en-les-franqueses-del-valles\/#breadcrumb","itemListElement":[{"@type":"ListItem","position":1,"name":"Portada","item":"https:\/\/mecanicacuriel.com\/"},{"@type":"ListItem","position":2,"name":"Montaje de dosificadores industriales en Les Franqueses del Vall\u00e8s"}]},{"@type":"WebSite","@id":"https:\/\/mecanicacuriel.com\/#website","url":"https:\/\/mecanicacuriel.com\/","name":"Curiel Mechanics","description":"manufacturing and construction of precision machining and assembly.","potentialAction":[{"@type":"SearchAction","target":{"@type":"EntryPoint","urlTemplate":"https:\/\/mecanicacuriel.com\/?s={search_term_string}"},"query-input":{"@type":"PropertyValueSpecification","valueRequired":true,"valueName":"search_term_string"}}],"inLanguage":"en-GB"}]}},"_links":{"self":[{"href":"https:\/\/mecanicacuriel.com\/en\/wp-json\/wp\/v2\/pages\/3381","targetHints":{"allow":["GET"]}}],"collection":[{"href":"https:\/\/mecanicacuriel.com\/en\/wp-json\/wp\/v2\/pages"}],"about":[{"href":"https:\/\/mecanicacuriel.com\/en\/wp-json\/wp\/v2\/types\/page"}],"author":[{"embeddable":true,"href":"https:\/\/mecanicacuriel.com\/en\/wp-json\/wp\/v2\/users\/4"}],"replies":[{"embeddable":true,"href":"https:\/\/mecanicacuriel.com\/en\/wp-json\/wp\/v2\/comments?post=3381"}],"version-history":[{"count":1,"href":"https:\/\/mecanicacuriel.com\/en\/wp-json\/wp\/v2\/pages\/3381\/revisions"}],"predecessor-version":[{"id":3382,"href":"https:\/\/mecanicacuriel.com\/en\/wp-json\/wp\/v2\/pages\/3381\/revisions\/3382"}],"wp:attachment":[{"href":"https:\/\/mecanicacuriel.com\/en\/wp-json\/wp\/v2\/media?parent=3381"}],"curies":[{"name":"wp","href":"https:\/\/api.w.org\/{rel}","templated":true}]}}