{"id":3397,"date":"2026-01-29T10:39:27","date_gmt":"2026-01-29T09:39:27","guid":{"rendered":"https:\/\/mecanicacuriel.com\/?page_id=3397"},"modified":"2026-01-29T10:39:27","modified_gmt":"2026-01-29T09:39:27","slug":"mecanizado-cnc-en-canovelles","status":"publish","type":"page","link":"https:\/\/mecanicacuriel.com\/en\/mecanizado-cnc-en-canovelles\/","title":{"rendered":"Mecanizado CNC en Canovelles"},"content":{"rendered":"<div class=\"wpb-content-wrapper\"><div data-vc-full-width=\"true\" data-vc-full-width-temp=\"true\" data-vc-full-width-init=\"false\" data-vc-stretch-content=\"true\" class=\"vc_row wpb_row vc_row-fluid vc_custom_1765529562402 vc_column-gap-35\"><div class=\"wpb_column vc_column_container vc_col-sm-6\"><div class=\"vc_column-inner\"><div class=\"wpb_wrapper\">\n\t<div class=\"wpb_text_column wpb_content_element textjust\" >\n\t\t<div class=\"wpb_wrapper\">\n\t\t\t<p data-start=\"304\" data-end=\"1030\">In <strong data-start=\"371\" data-end=\"403\" data-cur=\"cursor\">mecanizado CNC en Canovelles<\/strong>, ofrecemos soluciones industriales que combinan tecnolog\u00eda avanzada y experiencia profesional. Nuestro objetivo es garantizar la m\u00e1xima precisi\u00f3n en cada pieza, sin importar la complejidad del proyecto. Trabajamos con metales, pl\u00e1sticos y aleaciones especiales, utilizando m\u00e1quinas CNC de \u00faltima generaci\u00f3n para producir componentes exactos y fiables. Cada trabajo es planificado cuidadosamente para cumplir con las tolerancias m\u00e1s exigentes, asegurando resultados uniformes y consistentes. Adem\u00e1s, nuestro equipo asesora a cada cliente sobre c\u00f3mo optimizar dise\u00f1os y procesos de fabricaci\u00f3n, maximizando la eficiencia y reduciendo costes. Gracias a nuestra trayectoria y conocimiento t\u00e9cnico, podemos atender tanto proyectos de series cortas como producciones de mayor volumen sin comprometer la calidad. Confiar en nosotros significa elegir precisi\u00f3n, rapidez y un servicio industrial profesional adaptado a tus necesidades.<\/p>\n\n\t\t<\/div>\n\t<\/div>\n\n\t<div  class=\"wpb_single_image wpb_content_element vc_align_left wpb_content_element\">\n\t\t\n\t\t<figure class=\"wpb_wrapper vc_figure\">\n\t\t\t<div class=\"vc_single_image-wrapper   vc_box_border_grey\"><img loading=\"lazy\" decoding=\"async\" width=\"2000\" height=\"1414\" src=\"https:\/\/mecanicacuriel.com\/wp-content\/uploads\/2025\/05\/cnc-1.jpg\" class=\"vc_single_image-img attachment-full\" alt=\"\" title=\"cnc\" srcset=\"https:\/\/mecanicacuriel.com\/wp-content\/uploads\/2025\/05\/cnc-1.jpg 2000w, https:\/\/mecanicacuriel.com\/wp-content\/uploads\/2025\/05\/cnc-1-300x212.jpg 300w, https:\/\/mecanicacuriel.com\/wp-content\/uploads\/2025\/05\/cnc-1-1024x724.jpg 1024w, https:\/\/mecanicacuriel.com\/wp-content\/uploads\/2025\/05\/cnc-1-768x543.jpg 768w, https:\/\/mecanicacuriel.com\/wp-content\/uploads\/2025\/05\/cnc-1-1536x1086.jpg 1536w, https:\/\/mecanicacuriel.com\/wp-content\/uploads\/2025\/05\/cnc-1-18x12.jpg 18w, https:\/\/mecanicacuriel.com\/wp-content\/uploads\/2025\/05\/cnc-1-500x354.jpg 500w, https:\/\/mecanicacuriel.com\/wp-content\/uploads\/2025\/05\/cnc-1-800x566.jpg 800w, https:\/\/mecanicacuriel.com\/wp-content\/uploads\/2025\/05\/cnc-1-1280x905.jpg 1280w, https:\/\/mecanicacuriel.com\/wp-content\/uploads\/2025\/05\/cnc-1-1920x1357.jpg 1920w\" sizes=\"auto, (max-width: 2000px) 100vw, 2000px\" \/><\/div>\n\t\t<\/figure>\n\t<\/div>\n\n\t<div class=\"wpb_text_column wpb_content_element textjust\" >\n\t\t<div class=\"wpb_wrapper\">\n\t\t\t<p data-start=\"1062\" data-end=\"1885\">Nuestro servicio de <strong data-start=\"1369\" data-end=\"1401\">mecanizado CNC en Canovelles<\/strong> se centra en la adaptabilidad y el compromiso con la satisfacci\u00f3n del cliente. Sabemos que cada industria y proyecto tiene requisitos distintos, por lo que ofrecemos soluciones personalizadas y flexibles que se ajustan a tus demandas. Desde componentes para maquinaria hasta piezas especiales para aplicaciones concretas, cada fabricaci\u00f3n se ejecuta bajo estrictos controles de calidad. Contamos con instalaciones equipadas con tecnolog\u00eda de punta que permite alcanzar resultados fiables y consistentes en cada pieza. Adem\u00e1s, nos esforzamos por mantener la puntualidad en los plazos de entrega, porque entendemos que el tiempo es un factor clave en cualquier proceso industrial. Elegirnos como proveedor de mecanizados CNC es garantizar que tu proyecto se realice con eficiencia, precisi\u00f3n y la confianza de trabajar con un equipo experto que prioriza la calidad en todo momento.<\/p>\n\n\t\t<\/div>\n\t<\/div>\n<\/div><\/div><\/div><div class=\"wpb_column vc_column_container vc_col-sm-6\"><div class=\"vc_column-inner\"><div class=\"wpb_wrapper\"><div class=\"boc_heading  al_left\"  style=\"margin-bottom: 20px;margin-top: 0px;color: #333;\"><span>Cont\u00e1ctanos <strong>sin compromiso<\/strong><\/span><\/div>\n<div class=\"wpcf7 no-js\" id=\"wpcf7-f745-o1\" lang=\"es-ES\" dir=\"ltr\" data-wpcf7-id=\"745\">\n<div class=\"screen-reader-response\"><p role=\"status\" aria-live=\"polite\" aria-atomic=\"true\"><\/p> <ul><\/ul><\/div>\n<form action=\"\/en\/wp-json\/wp\/v2\/pages\/3397#wpcf7-f745-o1\" method=\"post\" class=\"wpcf7-form init\" aria-label=\"Formulario de contacto\" novalidate=\"novalidate\" data-status=\"init\" data-trp-original-action=\"\/en\/wp-json\/wp\/v2\/pages\/3397#wpcf7-f745-o1\">\n<fieldset class=\"hidden-fields-container\"><input type=\"hidden\" name=\"_wpcf7\" value=\"745\" \/><input type=\"hidden\" name=\"_wpcf7_version\" value=\"6.1.4\" \/><input type=\"hidden\" name=\"_wpcf7_locale\" value=\"es_ES\" \/><input type=\"hidden\" name=\"_wpcf7_unit_tag\" value=\"wpcf7-f745-o1\" \/><input type=\"hidden\" name=\"_wpcf7_container_post\" value=\"0\" \/><input type=\"hidden\" name=\"_wpcf7_posted_data_hash\" value=\"\" \/><input type=\"hidden\" name=\"_wpcf7_recaptcha_response\" value=\"\" \/>\n<\/fieldset>\n<p><label> Name (required)<br \/>\n<span class=\"wpcf7-form-control-wrap\" data-name=\"your-name\"><input size=\"40\" maxlength=\"400\" class=\"wpcf7-form-control wpcf7-text wpcf7-validates-as-required\" aria-required=\"true\" aria-invalid=\"false\" value=\"\" type=\"text\" name=\"your-name\" \/><\/span> <\/label>\n<\/p>\n<p><label> Your email (required)<br \/>\n<span class=\"wpcf7-form-control-wrap\" data-name=\"your-email\"><input size=\"40\" maxlength=\"400\" class=\"wpcf7-form-control wpcf7-email wpcf7-validates-as-required wpcf7-text wpcf7-validates-as-email\" aria-required=\"true\" aria-invalid=\"false\" value=\"\" type=\"email\" name=\"your-email\" \/><\/span> <\/label>\n<\/p>\n<p><label> Affair<br \/>\n<span class=\"wpcf7-form-control-wrap\" data-name=\"your-subject\"><input size=\"40\" maxlength=\"400\" class=\"wpcf7-form-control wpcf7-text\" aria-invalid=\"false\" value=\"\" type=\"text\" name=\"your-subject\" \/><\/span> <\/label>\n<\/p>\n<p><label> Message<br \/>\n<span class=\"wpcf7-form-control-wrap\" data-name=\"your-message\"><textarea cols=\"40\" rows=\"10\" maxlength=\"2000\" class=\"wpcf7-form-control wpcf7-textarea\" aria-invalid=\"false\" name=\"your-message\"><\/textarea><\/span> <\/label>\n<\/p>\n<p><span class=\"wpcf7-form-control-wrap\" data-name=\"checkbox-338\"><span class=\"wpcf7-form-control wpcf7-checkbox wpcf7-validates-as-required\"><span class=\"wpcf7-list-item first last\"><input type=\"checkbox\" name=\"checkbox-338[]\" value=\"He le\u00eddo y acepto la\" \/><span class=\"wpcf7-list-item-label\">I have read and accept the<\/span><\/span><\/span><\/span><a href=\"\/en\/aviso-legal-politica-de-privacidad\/\"> Privacy Policy<\/a>\n<\/p>\n<p><span class=\"wpcf7-form-control-wrap\" data-name=\"checkbox-33866\"><span class=\"wpcf7-form-control wpcf7-checkbox wpcf7-validates-as-required\"><span class=\"wpcf7-list-item first last\"><input type=\"checkbox\" name=\"checkbox-33866[]\" value=\"Acepto el env\u00edo de informaci\u00f3n\" \/><span class=\"wpcf7-list-item-label\">I accept the sending of information<\/span><\/span><\/span><\/span>\n<\/p>\n\n<p><input class=\"wpcf7-form-control wpcf7-submit has-spinner\" type=\"submit\" value=\"Send\" \/>\n<\/p><div class=\"wpcf7-response-output\" aria-hidden=\"true\"><\/div>\n<input type=\"hidden\" name=\"trp-form-language\" value=\"en\"\/><\/form>\n<\/div>\n<\/div><\/div><\/div><\/div><div class=\"vc_row-full-width vc_clearfix\"><\/div>\n<\/div>","protected":false},"excerpt":{"rendered":"En mecanizado CNC en Canovelles, ofrecemos soluciones industriales que combinan tecnolog\u00eda avanzada y experiencia profesional. Nuestro objetivo es garantizar la m\u00e1xima precisi\u00f3n en cada pieza, sin importar la complejidad del proyecto. Trabajamos con metales, pl\u00e1sticos y aleaciones especiales, utilizando m\u00e1quinas CNC de \u00faltima generaci\u00f3n para producir componentes exactos y fiables. Cada trabajo es planificado cuidadosamente para cumplir con las tolerancias<div class=\"h10\"><\/div><a class=\"more-link1\" href=\"https:\/\/mecanicacuriel.com\/en\/mecanizado-cnc-en-canovelles\/\">Read more<\/a>","protected":false},"author":4,"featured_media":0,"parent":0,"menu_order":0,"comment_status":"closed","ping_status":"closed","template":"","meta":{"footnotes":""},"class_list":["post-3397","page","type-page","status-publish","hentry"],"aioseo_notices":[],"yoast_head":"<!-- This site is optimized with the Yoast SEO plugin v27.1.1 - https:\/\/yoast.com\/product\/yoast-seo-wordpress\/ -->\n<title>Mecanizado CNC en Canovelles - Mecanica Curiel<\/title>\n<meta name=\"robots\" content=\"index, follow, max-snippet:-1, max-image-preview:large, max-video-preview:-1\" \/>\n<link rel=\"canonical\" href=\"https:\/\/mecanicacuriel.com\/en\/mecanizado-cnc-en-canovelles\/\" \/>\n<meta property=\"og:locale\" content=\"en_GB\" \/>\n<meta property=\"og:type\" content=\"article\" \/>\n<meta property=\"og:title\" content=\"Mecanizado CNC en Canovelles - Mecanica Curiel\" \/>\n<meta property=\"og:url\" content=\"https:\/\/mecanicacuriel.com\/en\/mecanizado-cnc-en-canovelles\/\" \/>\n<meta property=\"og:site_name\" content=\"Mecanica Curiel\" \/>\n<meta name=\"twitter:card\" content=\"summary_large_image\" \/>\n<meta name=\"twitter:label1\" content=\"Estimated reading time\" \/>\n\t<meta name=\"twitter:data1\" content=\"2 minutes\" \/>\n<script type=\"application\/ld+json\" class=\"yoast-schema-graph\">{\"@context\":\"https:\/\/schema.org\",\"@graph\":[{\"@type\":\"WebPage\",\"@id\":\"https:\/\/mecanicacuriel.com\/mecanizado-cnc-en-canovelles\/\",\"url\":\"https:\/\/mecanicacuriel.com\/mecanizado-cnc-en-canovelles\/\",\"name\":\"Mecanizado CNC en Canovelles - Mecanica Curiel\",\"isPartOf\":{\"@id\":\"https:\/\/mecanicacuriel.com\/#website\"},\"datePublished\":\"2026-01-29T09:39:27+00:00\",\"breadcrumb\":{\"@id\":\"https:\/\/mecanicacuriel.com\/mecanizado-cnc-en-canovelles\/#breadcrumb\"},\"inLanguage\":\"en-GB\",\"potentialAction\":[{\"@type\":\"ReadAction\",\"target\":[\"https:\/\/mecanicacuriel.com\/mecanizado-cnc-en-canovelles\/\"]}]},{\"@type\":\"BreadcrumbList\",\"@id\":\"https:\/\/mecanicacuriel.com\/mecanizado-cnc-en-canovelles\/#breadcrumb\",\"itemListElement\":[{\"@type\":\"ListItem\",\"position\":1,\"name\":\"Portada\",\"item\":\"https:\/\/mecanicacuriel.com\/\"},{\"@type\":\"ListItem\",\"position\":2,\"name\":\"Mecanizado CNC en Canovelles\"}]},{\"@type\":\"WebSite\",\"@id\":\"https:\/\/mecanicacuriel.com\/#website\",\"url\":\"https:\/\/mecanicacuriel.com\/\",\"name\":\"Mecanica Curiel\",\"description\":\"fabricaci\u00f3n y construcci\u00f3n de mecanizados y montajes de precisi\u00f3n.\",\"potentialAction\":[{\"@type\":\"SearchAction\",\"target\":{\"@type\":\"EntryPoint\",\"urlTemplate\":\"https:\/\/mecanicacuriel.com\/?s={search_term_string}\"},\"query-input\":{\"@type\":\"PropertyValueSpecification\",\"valueRequired\":true,\"valueName\":\"search_term_string\"}}],\"inLanguage\":\"en-GB\"}]}<\/script>\n<!-- \/ Yoast SEO plugin. -->","yoast_head_json":{"title":"Mecanizado CNC en Canovelles - Mecanica Curiel","robots":{"index":"index","follow":"follow","max-snippet":"max-snippet:-1","max-image-preview":"max-image-preview:large","max-video-preview":"max-video-preview:-1"},"canonical":"https:\/\/mecanicacuriel.com\/en\/mecanizado-cnc-en-canovelles\/","og_locale":"en_GB","og_type":"article","og_title":"Mecanizado CNC en Canovelles - Mecanica Curiel","og_url":"https:\/\/mecanicacuriel.com\/en\/mecanizado-cnc-en-canovelles\/","og_site_name":"Mecanica Curiel","twitter_card":"summary_large_image","twitter_misc":{"Estimated reading time":"2 minutes"},"schema":{"@context":"https:\/\/schema.org","@graph":[{"@type":"WebPage","@id":"https:\/\/mecanicacuriel.com\/mecanizado-cnc-en-canovelles\/","url":"https:\/\/mecanicacuriel.com\/mecanizado-cnc-en-canovelles\/","name":"Mecanizado CNC en Canovelles - Mecanica Curiel","isPartOf":{"@id":"https:\/\/mecanicacuriel.com\/#website"},"datePublished":"2026-01-29T09:39:27+00:00","breadcrumb":{"@id":"https:\/\/mecanicacuriel.com\/mecanizado-cnc-en-canovelles\/#breadcrumb"},"inLanguage":"en-GB","potentialAction":[{"@type":"ReadAction","target":["https:\/\/mecanicacuriel.com\/mecanizado-cnc-en-canovelles\/"]}]},{"@type":"BreadcrumbList","@id":"https:\/\/mecanicacuriel.com\/mecanizado-cnc-en-canovelles\/#breadcrumb","itemListElement":[{"@type":"ListItem","position":1,"name":"Portada","item":"https:\/\/mecanicacuriel.com\/"},{"@type":"ListItem","position":2,"name":"Mecanizado CNC en Canovelles"}]},{"@type":"WebSite","@id":"https:\/\/mecanicacuriel.com\/#website","url":"https:\/\/mecanicacuriel.com\/","name":"Curiel Mechanics","description":"manufacturing and construction of precision machining and assembly.","potentialAction":[{"@type":"SearchAction","target":{"@type":"EntryPoint","urlTemplate":"https:\/\/mecanicacuriel.com\/?s={search_term_string}"},"query-input":{"@type":"PropertyValueSpecification","valueRequired":true,"valueName":"search_term_string"}}],"inLanguage":"en-GB"}]}},"_links":{"self":[{"href":"https:\/\/mecanicacuriel.com\/en\/wp-json\/wp\/v2\/pages\/3397","targetHints":{"allow":["GET"]}}],"collection":[{"href":"https:\/\/mecanicacuriel.com\/en\/wp-json\/wp\/v2\/pages"}],"about":[{"href":"https:\/\/mecanicacuriel.com\/en\/wp-json\/wp\/v2\/types\/page"}],"author":[{"embeddable":true,"href":"https:\/\/mecanicacuriel.com\/en\/wp-json\/wp\/v2\/users\/4"}],"replies":[{"embeddable":true,"href":"https:\/\/mecanicacuriel.com\/en\/wp-json\/wp\/v2\/comments?post=3397"}],"version-history":[{"count":1,"href":"https:\/\/mecanicacuriel.com\/en\/wp-json\/wp\/v2\/pages\/3397\/revisions"}],"predecessor-version":[{"id":3398,"href":"https:\/\/mecanicacuriel.com\/en\/wp-json\/wp\/v2\/pages\/3397\/revisions\/3398"}],"wp:attachment":[{"href":"https:\/\/mecanicacuriel.com\/en\/wp-json\/wp\/v2\/media?parent=3397"}],"curies":[{"name":"wp","href":"https:\/\/api.w.org\/{rel}","templated":true}]}}