{"id":3399,"date":"2026-01-29T10:44:42","date_gmt":"2026-01-29T09:44:42","guid":{"rendered":"https:\/\/mecanicacuriel.com\/?page_id=3399"},"modified":"2026-01-29T10:45:01","modified_gmt":"2026-01-29T09:45:01","slug":"mecanizado-de-aluminio-en-granollers","status":"publish","type":"page","link":"https:\/\/mecanicacuriel.com\/en\/mecanizado-de-aluminio-en-granollers\/","title":{"rendered":"Mecanizado de aluminio en Granollers"},"content":{"rendered":"<div class=\"wpb-content-wrapper\"><div data-vc-full-width=\"true\" data-vc-full-width-temp=\"true\" data-vc-full-width-init=\"false\" data-vc-stretch-content=\"true\" class=\"vc_row wpb_row vc_row-fluid vc_custom_1765529562402 vc_column-gap-35\"><div class=\"wpb_column vc_column_container vc_col-sm-6\"><div class=\"vc_column-inner\"><div class=\"wpb_wrapper\">\n\t<div class=\"wpb_text_column wpb_content_element textjust\" >\n\t\t<div class=\"wpb_wrapper\">\n\t\t\t<p data-start=\"304\" data-end=\"1030\">In <strong data-start=\"362\" data-end=\"402\" data-cur=\"cursor\">mecanizado de aluminio en Granollers<\/strong>, ofrecemos soluciones profesionales para todo tipo de industrias que requieren piezas de alta precisi\u00f3n y acabado perfecto. Nuestro equipo combina d\u00e9cadas de experiencia con tecnolog\u00eda CNC de \u00faltima generaci\u00f3n, asegurando que cada componente cumpla con los est\u00e1ndares m\u00e1s exigentes. Trabajamos con todo tipo de aleaciones de aluminio, adapt\u00e1ndonos a las necesidades espec\u00edficas de cada proyecto, desde peque\u00f1as series hasta producciones m\u00e1s grandes. Gracias a nuestros procesos controlados, podemos garantizar tolerancias exactas, acabados uniformes y un rendimiento \u00f3ptimo en cada pieza. Adem\u00e1s, ofrecemos asesoramiento t\u00e9cnico personalizado para optimizar dise\u00f1os y reducir costes de fabricaci\u00f3n, asegurando que tu inversi\u00f3n sea eficiente y rentable. Elegirnos significa confiar en un proveedor que prioriza la calidad y la fiabilidad en cada proyecto industrial.<\/p>\n\n\t\t<\/div>\n\t<\/div>\n\n\t<div  class=\"wpb_single_image wpb_content_element vc_align_left wpb_content_element\">\n\t\t\n\t\t<figure class=\"wpb_wrapper vc_figure\">\n\t\t\t<div class=\"vc_single_image-wrapper   vc_box_border_grey\"><img loading=\"lazy\" decoding=\"async\" width=\"1200\" height=\"750\" src=\"https:\/\/mecanicacuriel.com\/wp-content\/uploads\/2025\/09\/fabricacion-de-piezas-de-aluminio.jpg\" class=\"vc_single_image-img attachment-full\" alt=\"fabricaci\u00f3n de piezas de aluminio\" title=\"fabricaci\u00f3n de piezas de aluminio\" srcset=\"https:\/\/mecanicacuriel.com\/wp-content\/uploads\/2025\/09\/fabricacion-de-piezas-de-aluminio.jpg 1200w, https:\/\/mecanicacuriel.com\/wp-content\/uploads\/2025\/09\/fabricacion-de-piezas-de-aluminio-300x188.jpg 300w, https:\/\/mecanicacuriel.com\/wp-content\/uploads\/2025\/09\/fabricacion-de-piezas-de-aluminio-1024x640.jpg 1024w, https:\/\/mecanicacuriel.com\/wp-content\/uploads\/2025\/09\/fabricacion-de-piezas-de-aluminio-768x480.jpg 768w, https:\/\/mecanicacuriel.com\/wp-content\/uploads\/2025\/09\/fabricacion-de-piezas-de-aluminio-18x12.jpg 18w, https:\/\/mecanicacuriel.com\/wp-content\/uploads\/2025\/09\/fabricacion-de-piezas-de-aluminio-500x313.jpg 500w, https:\/\/mecanicacuriel.com\/wp-content\/uploads\/2025\/09\/fabricacion-de-piezas-de-aluminio-800x500.jpg 800w\" sizes=\"auto, (max-width: 1200px) 100vw, 1200px\" \/><\/div>\n\t\t<\/figure>\n\t<\/div>\n\n\t<div class=\"wpb_text_column wpb_content_element textjust\" >\n\t\t<div class=\"wpb_wrapper\">\n\t\t\t<p data-start=\"1062\" data-end=\"1885\">Nuestro servicio de <strong data-start=\"1307\" data-end=\"1347\" data-cur=\"cursor\">mecanizado de aluminio en Granollers<\/strong> se centra en la adaptabilidad y la satisfacci\u00f3n total del cliente. Entendemos que cada proyecto tiene requisitos \u00fanicos, por lo que ofrecemos soluciones a medida, siempre manteniendo altos est\u00e1ndares de precisi\u00f3n y control de calidad. Nuestras instalaciones cuentan con maquinaria avanzada que permite procesar aluminio de manera eficiente, consiguiendo resultados consistentes y con acabados profesionales. Adem\u00e1s, nuestra experiencia nos permite gestionar plazos de entrega ajustados sin comprometer la exactitud de las piezas. Desde componentes para maquinaria hasta piezas especiales para sectores t\u00e9cnicos, nuestro compromiso es ofrecer un servicio integral y confiable. Trabajar con nosotros es asegurar que tus proyectos de mecanizado de aluminio se realicen con eficiencia, precisi\u00f3n y un soporte t\u00e9cnico constante durante todo el proceso.<\/p>\n\n\t\t<\/div>\n\t<\/div>\n<\/div><\/div><\/div><div class=\"wpb_column vc_column_container vc_col-sm-6\"><div class=\"vc_column-inner\"><div class=\"wpb_wrapper\"><div class=\"boc_heading  al_left\"  style=\"margin-bottom: 20px;margin-top: 0px;color: #333;\"><span>Cont\u00e1ctanos <strong>sin compromiso<\/strong><\/span><\/div>\n<div class=\"wpcf7 no-js\" id=\"wpcf7-f745-o1\" lang=\"es-ES\" dir=\"ltr\" data-wpcf7-id=\"745\">\n<div class=\"screen-reader-response\"><p role=\"status\" aria-live=\"polite\" aria-atomic=\"true\"><\/p> <ul><\/ul><\/div>\n<form action=\"\/en\/wp-json\/wp\/v2\/pages\/3399#wpcf7-f745-o1\" method=\"post\" class=\"wpcf7-form init\" aria-label=\"Formulario de contacto\" novalidate=\"novalidate\" data-status=\"init\" data-trp-original-action=\"\/en\/wp-json\/wp\/v2\/pages\/3399#wpcf7-f745-o1\">\n<fieldset class=\"hidden-fields-container\"><input type=\"hidden\" name=\"_wpcf7\" value=\"745\" \/><input type=\"hidden\" name=\"_wpcf7_version\" value=\"6.1.4\" \/><input type=\"hidden\" name=\"_wpcf7_locale\" value=\"es_ES\" \/><input type=\"hidden\" name=\"_wpcf7_unit_tag\" value=\"wpcf7-f745-o1\" \/><input type=\"hidden\" name=\"_wpcf7_container_post\" value=\"0\" \/><input type=\"hidden\" name=\"_wpcf7_posted_data_hash\" value=\"\" \/><input type=\"hidden\" name=\"_wpcf7_recaptcha_response\" value=\"\" \/>\n<\/fieldset>\n<p><label> Name (required)<br \/>\n<span class=\"wpcf7-form-control-wrap\" data-name=\"your-name\"><input size=\"40\" maxlength=\"400\" class=\"wpcf7-form-control wpcf7-text wpcf7-validates-as-required\" aria-required=\"true\" aria-invalid=\"false\" value=\"\" type=\"text\" name=\"your-name\" \/><\/span> <\/label>\n<\/p>\n<p><label> Your email (required)<br \/>\n<span class=\"wpcf7-form-control-wrap\" data-name=\"your-email\"><input size=\"40\" maxlength=\"400\" class=\"wpcf7-form-control wpcf7-email wpcf7-validates-as-required wpcf7-text wpcf7-validates-as-email\" aria-required=\"true\" aria-invalid=\"false\" value=\"\" type=\"email\" name=\"your-email\" \/><\/span> <\/label>\n<\/p>\n<p><label> Affair<br \/>\n<span class=\"wpcf7-form-control-wrap\" data-name=\"your-subject\"><input size=\"40\" maxlength=\"400\" class=\"wpcf7-form-control wpcf7-text\" aria-invalid=\"false\" value=\"\" type=\"text\" name=\"your-subject\" \/><\/span> <\/label>\n<\/p>\n<p><label> Message<br \/>\n<span class=\"wpcf7-form-control-wrap\" data-name=\"your-message\"><textarea cols=\"40\" rows=\"10\" maxlength=\"2000\" class=\"wpcf7-form-control wpcf7-textarea\" aria-invalid=\"false\" name=\"your-message\"><\/textarea><\/span> <\/label>\n<\/p>\n<p><span class=\"wpcf7-form-control-wrap\" data-name=\"checkbox-338\"><span class=\"wpcf7-form-control wpcf7-checkbox wpcf7-validates-as-required\"><span class=\"wpcf7-list-item first last\"><input type=\"checkbox\" name=\"checkbox-338[]\" value=\"He le\u00eddo y acepto la\" \/><span class=\"wpcf7-list-item-label\">I have read and accept the<\/span><\/span><\/span><\/span><a href=\"\/en\/aviso-legal-politica-de-privacidad\/\"> Privacy Policy<\/a>\n<\/p>\n<p><span class=\"wpcf7-form-control-wrap\" data-name=\"checkbox-33866\"><span class=\"wpcf7-form-control wpcf7-checkbox wpcf7-validates-as-required\"><span class=\"wpcf7-list-item first last\"><input type=\"checkbox\" name=\"checkbox-33866[]\" value=\"Acepto el env\u00edo de informaci\u00f3n\" \/><span class=\"wpcf7-list-item-label\">I accept the sending of information<\/span><\/span><\/span><\/span>\n<\/p>\n\n<p><input class=\"wpcf7-form-control wpcf7-submit has-spinner\" type=\"submit\" value=\"Send\" \/>\n<\/p><div class=\"wpcf7-response-output\" aria-hidden=\"true\"><\/div>\n<input type=\"hidden\" name=\"trp-form-language\" value=\"en\"\/><\/form>\n<\/div>\n<\/div><\/div><\/div><\/div><div class=\"vc_row-full-width vc_clearfix\"><\/div>\n<\/div>","protected":false},"excerpt":{"rendered":"En mecanizado de aluminio en Granollers, ofrecemos soluciones profesionales para todo tipo de industrias que requieren piezas de alta precisi\u00f3n y acabado perfecto. Nuestro equipo combina d\u00e9cadas de experiencia con tecnolog\u00eda CNC de \u00faltima generaci\u00f3n, asegurando que cada componente cumpla con los est\u00e1ndares m\u00e1s exigentes. Trabajamos con todo tipo de aleaciones de aluminio, adapt\u00e1ndonos a las necesidades espec\u00edficas de cada<div class=\"h10\"><\/div><a class=\"more-link1\" href=\"https:\/\/mecanicacuriel.com\/en\/mecanizado-de-aluminio-en-granollers\/\">Read more<\/a>","protected":false},"author":4,"featured_media":0,"parent":0,"menu_order":0,"comment_status":"closed","ping_status":"closed","template":"","meta":{"footnotes":""},"class_list":["post-3399","page","type-page","status-publish","hentry"],"aioseo_notices":[],"yoast_head":"<!-- This site is optimized with the Yoast SEO plugin v27.1.1 - https:\/\/yoast.com\/product\/yoast-seo-wordpress\/ -->\n<title>Mecanizado de aluminio en Granollers - Mecanica Curiel<\/title>\n<meta name=\"robots\" content=\"index, follow, max-snippet:-1, max-image-preview:large, max-video-preview:-1\" \/>\n<link rel=\"canonical\" href=\"https:\/\/mecanicacuriel.com\/en\/mecanizado-de-aluminio-en-granollers\/\" \/>\n<meta property=\"og:locale\" content=\"en_GB\" \/>\n<meta property=\"og:type\" content=\"article\" \/>\n<meta property=\"og:title\" content=\"Mecanizado de aluminio en Granollers - Mecanica Curiel\" \/>\n<meta property=\"og:url\" content=\"https:\/\/mecanicacuriel.com\/en\/mecanizado-de-aluminio-en-granollers\/\" \/>\n<meta property=\"og:site_name\" content=\"Mecanica Curiel\" \/>\n<meta property=\"article:modified_time\" content=\"2026-01-29T09:45:01+00:00\" \/>\n<meta name=\"twitter:card\" content=\"summary_large_image\" \/>\n<meta name=\"twitter:label1\" content=\"Estimated reading time\" \/>\n\t<meta name=\"twitter:data1\" content=\"2 minutes\" \/>\n<script type=\"application\/ld+json\" class=\"yoast-schema-graph\">{\"@context\":\"https:\/\/schema.org\",\"@graph\":[{\"@type\":\"WebPage\",\"@id\":\"https:\/\/mecanicacuriel.com\/mecanizado-de-aluminio-en-granollers\/\",\"url\":\"https:\/\/mecanicacuriel.com\/mecanizado-de-aluminio-en-granollers\/\",\"name\":\"Mecanizado de aluminio en Granollers - Mecanica Curiel\",\"isPartOf\":{\"@id\":\"https:\/\/mecanicacuriel.com\/#website\"},\"datePublished\":\"2026-01-29T09:44:42+00:00\",\"dateModified\":\"2026-01-29T09:45:01+00:00\",\"breadcrumb\":{\"@id\":\"https:\/\/mecanicacuriel.com\/mecanizado-de-aluminio-en-granollers\/#breadcrumb\"},\"inLanguage\":\"en-GB\",\"potentialAction\":[{\"@type\":\"ReadAction\",\"target\":[\"https:\/\/mecanicacuriel.com\/mecanizado-de-aluminio-en-granollers\/\"]}]},{\"@type\":\"BreadcrumbList\",\"@id\":\"https:\/\/mecanicacuriel.com\/mecanizado-de-aluminio-en-granollers\/#breadcrumb\",\"itemListElement\":[{\"@type\":\"ListItem\",\"position\":1,\"name\":\"Portada\",\"item\":\"https:\/\/mecanicacuriel.com\/\"},{\"@type\":\"ListItem\",\"position\":2,\"name\":\"Mecanizado de aluminio en Granollers\"}]},{\"@type\":\"WebSite\",\"@id\":\"https:\/\/mecanicacuriel.com\/#website\",\"url\":\"https:\/\/mecanicacuriel.com\/\",\"name\":\"Mecanica Curiel\",\"description\":\"fabricaci\u00f3n y construcci\u00f3n de mecanizados y montajes de precisi\u00f3n.\",\"potentialAction\":[{\"@type\":\"SearchAction\",\"target\":{\"@type\":\"EntryPoint\",\"urlTemplate\":\"https:\/\/mecanicacuriel.com\/?s={search_term_string}\"},\"query-input\":{\"@type\":\"PropertyValueSpecification\",\"valueRequired\":true,\"valueName\":\"search_term_string\"}}],\"inLanguage\":\"en-GB\"}]}<\/script>\n<!-- \/ Yoast SEO plugin. -->","yoast_head_json":{"title":"Mecanizado de aluminio en Granollers - Mecanica Curiel","robots":{"index":"index","follow":"follow","max-snippet":"max-snippet:-1","max-image-preview":"max-image-preview:large","max-video-preview":"max-video-preview:-1"},"canonical":"https:\/\/mecanicacuriel.com\/en\/mecanizado-de-aluminio-en-granollers\/","og_locale":"en_GB","og_type":"article","og_title":"Mecanizado de aluminio en Granollers - Mecanica Curiel","og_url":"https:\/\/mecanicacuriel.com\/en\/mecanizado-de-aluminio-en-granollers\/","og_site_name":"Mecanica Curiel","article_modified_time":"2026-01-29T09:45:01+00:00","twitter_card":"summary_large_image","twitter_misc":{"Estimated reading time":"2 minutes"},"schema":{"@context":"https:\/\/schema.org","@graph":[{"@type":"WebPage","@id":"https:\/\/mecanicacuriel.com\/mecanizado-de-aluminio-en-granollers\/","url":"https:\/\/mecanicacuriel.com\/mecanizado-de-aluminio-en-granollers\/","name":"Mecanizado de aluminio en Granollers - Mecanica Curiel","isPartOf":{"@id":"https:\/\/mecanicacuriel.com\/#website"},"datePublished":"2026-01-29T09:44:42+00:00","dateModified":"2026-01-29T09:45:01+00:00","breadcrumb":{"@id":"https:\/\/mecanicacuriel.com\/mecanizado-de-aluminio-en-granollers\/#breadcrumb"},"inLanguage":"en-GB","potentialAction":[{"@type":"ReadAction","target":["https:\/\/mecanicacuriel.com\/mecanizado-de-aluminio-en-granollers\/"]}]},{"@type":"BreadcrumbList","@id":"https:\/\/mecanicacuriel.com\/mecanizado-de-aluminio-en-granollers\/#breadcrumb","itemListElement":[{"@type":"ListItem","position":1,"name":"Portada","item":"https:\/\/mecanicacuriel.com\/"},{"@type":"ListItem","position":2,"name":"Mecanizado de aluminio en Granollers"}]},{"@type":"WebSite","@id":"https:\/\/mecanicacuriel.com\/#website","url":"https:\/\/mecanicacuriel.com\/","name":"Curiel Mechanics","description":"manufacturing and construction of precision machining and assembly.","potentialAction":[{"@type":"SearchAction","target":{"@type":"EntryPoint","urlTemplate":"https:\/\/mecanicacuriel.com\/?s={search_term_string}"},"query-input":{"@type":"PropertyValueSpecification","valueRequired":true,"valueName":"search_term_string"}}],"inLanguage":"en-GB"}]}},"_links":{"self":[{"href":"https:\/\/mecanicacuriel.com\/en\/wp-json\/wp\/v2\/pages\/3399","targetHints":{"allow":["GET"]}}],"collection":[{"href":"https:\/\/mecanicacuriel.com\/en\/wp-json\/wp\/v2\/pages"}],"about":[{"href":"https:\/\/mecanicacuriel.com\/en\/wp-json\/wp\/v2\/types\/page"}],"author":[{"embeddable":true,"href":"https:\/\/mecanicacuriel.com\/en\/wp-json\/wp\/v2\/users\/4"}],"replies":[{"embeddable":true,"href":"https:\/\/mecanicacuriel.com\/en\/wp-json\/wp\/v2\/comments?post=3399"}],"version-history":[{"count":1,"href":"https:\/\/mecanicacuriel.com\/en\/wp-json\/wp\/v2\/pages\/3399\/revisions"}],"predecessor-version":[{"id":3400,"href":"https:\/\/mecanicacuriel.com\/en\/wp-json\/wp\/v2\/pages\/3399\/revisions\/3400"}],"wp:attachment":[{"href":"https:\/\/mecanicacuriel.com\/en\/wp-json\/wp\/v2\/media?parent=3399"}],"curies":[{"name":"wp","href":"https:\/\/api.w.org\/{rel}","templated":true}]}}