{"id":3457,"date":"2026-03-31T11:51:11","date_gmt":"2026-03-31T09:51:11","guid":{"rendered":"https:\/\/mecanicacuriel.com\/?page_id=3457"},"modified":"2026-03-31T13:38:59","modified_gmt":"2026-03-31T11:38:59","slug":"fabricacion-de-piezas-de-acero-en-granollers","status":"publish","type":"page","link":"https:\/\/mecanicacuriel.com\/en\/fabricacion-de-piezas-de-acero-en-granollers\/","title":{"rendered":"Fabricaci\u00f3n de piezas de acero en Granollers"},"content":{"rendered":"<div class=\"wpb-content-wrapper\"><div data-vc-full-width=\"true\" data-vc-full-width-temp=\"true\" data-vc-full-width-init=\"false\" data-vc-stretch-content=\"true\" class=\"vc_row wpb_row vc_row-fluid vc_custom_1765529562402 vc_column-gap-35\"><div class=\"wpb_column vc_column_container vc_col-sm-6\"><div class=\"vc_column-inner\"><div class=\"wpb_wrapper\">\n\t<div class=\"wpb_text_column wpb_content_element textjust\" >\n\t\t<div class=\"wpb_wrapper\">\n\t\t\t<h2 data-section-id=\"18kux2i\" data-start=\"142\" data-end=\"216\">Precisi\u00f3n y calidad en la fabricaci\u00f3n de piezas de acero cerca de Granollers<\/h2>\n<p data-start=\"218\" data-end=\"598\">En Mec\u00e1nica Curiel contamos con m\u00e1s de 50 a\u00f1os de experiencia en el sector del mecanizado industrial, ofreciendo soluciones fiables y adaptadas a las necesidades de cada cliente. Nos especializamos en la <strong data-start=\"422\" data-end=\"470\">fabricaci\u00f3n de piezas de acero <\/strong>cerca de<strong data-start=\"422\" data-end=\"470\"> Granollers<\/strong>, combinando experiencia, tecnolog\u00eda y un alto nivel de exigencia en cada proyecto para garantizar resultados de m\u00e1xima calidad.<\/p>\n<h3 data-section-id=\"f95hko\" data-start=\"605\" data-end=\"688\">Tecnolog\u00eda avanzada aplicada a la fabricaci\u00f3n de piezas de acero cerca de Granollers<\/h3>\n<p data-start=\"690\" data-end=\"1016\">Disponemos de maquinaria CNC de \u00faltima generaci\u00f3n que nos permite trabajar con precisi\u00f3n milim\u00e9trica en todo tipo de proyectos. La <strong data-start=\"821\" data-end=\"869\">fabricaci\u00f3n de piezas de acero <\/strong>cerca de<strong data-start=\"821\" data-end=\"869\"> Granollers<\/strong> se realiza mediante procesos optimizados que aseguran repetibilidad, exactitud y acabados de alto nivel incluso en series complejas de producci\u00f3n.<\/p>\n<h3 data-section-id=\"1vhu6by\" data-start=\"1023\" data-end=\"1114\">Soluciones personalizadas en proyectos de fabricaci\u00f3n de piezas de acero cerca de Granollers<\/h3>\n<p data-start=\"1116\" data-end=\"1422\">Cada cliente presenta necesidades distintas, por lo que adaptamos completamente nuestros procesos de trabajo. La <strong data-start=\"1229\" data-end=\"1277\">fabricaci\u00f3n de piezas de acero <\/strong>cerca de <strong data-start=\"1229\" data-end=\"1277\">Granollers<\/strong> que realizamos se basa en un enfoque personalizado, analizando cada detalle t\u00e9cnico para ofrecer soluciones eficientes, funcionales y duraderas.<\/p>\n<h3 data-section-id=\"jt3a8w\" data-start=\"1429\" data-end=\"1518\">Sectores industriales que conf\u00edan en la fabricaci\u00f3n de piezas de acero cerca de Granollers<\/h3>\n<p data-start=\"1520\" data-end=\"1838\">Trabajamos para sectores como automoci\u00f3n, electromedicina, maquinaria industrial y laboratorios, donde la precisi\u00f3n es fundamental. La <strong data-start=\"1655\" data-end=\"1703\">fabricaci\u00f3n de piezas de acero <\/strong>cerca de<strong data-start=\"1655\" data-end=\"1703\"> Granollers<\/strong> nos permite dar respuesta a exigencias t\u00e9cnicas elevadas, garantizando componentes resistentes, fiables y adaptados a cada aplicaci\u00f3n.<\/p>\n\n\t\t<\/div>\n\t<\/div>\n\n\t<div  class=\"wpb_single_image wpb_content_element vc_align_left wpb_content_element\">\n\t\t\n\t\t<figure class=\"wpb_wrapper vc_figure\">\n\t\t\t<div class=\"vc_single_image-wrapper   vc_box_border_grey\"><img loading=\"lazy\" decoding=\"async\" width=\"2000\" height=\"1414\" src=\"https:\/\/mecanicacuriel.com\/wp-content\/uploads\/2025\/06\/decoletaje-en-acero-barcelona.jpg\" class=\"vc_single_image-img attachment-full\" alt=\"\" title=\"decoletaje en acero barcelona\" srcset=\"https:\/\/mecanicacuriel.com\/wp-content\/uploads\/2025\/06\/decoletaje-en-acero-barcelona.jpg 2000w, https:\/\/mecanicacuriel.com\/wp-content\/uploads\/2025\/06\/decoletaje-en-acero-barcelona-300x212.jpg 300w, https:\/\/mecanicacuriel.com\/wp-content\/uploads\/2025\/06\/decoletaje-en-acero-barcelona-1024x724.jpg 1024w, https:\/\/mecanicacuriel.com\/wp-content\/uploads\/2025\/06\/decoletaje-en-acero-barcelona-768x543.jpg 768w, https:\/\/mecanicacuriel.com\/wp-content\/uploads\/2025\/06\/decoletaje-en-acero-barcelona-1536x1086.jpg 1536w, https:\/\/mecanicacuriel.com\/wp-content\/uploads\/2025\/06\/decoletaje-en-acero-barcelona-18x12.jpg 18w, https:\/\/mecanicacuriel.com\/wp-content\/uploads\/2025\/06\/decoletaje-en-acero-barcelona-500x354.jpg 500w, https:\/\/mecanicacuriel.com\/wp-content\/uploads\/2025\/06\/decoletaje-en-acero-barcelona-800x566.jpg 800w, https:\/\/mecanicacuriel.com\/wp-content\/uploads\/2025\/06\/decoletaje-en-acero-barcelona-1280x905.jpg 1280w, https:\/\/mecanicacuriel.com\/wp-content\/uploads\/2025\/06\/decoletaje-en-acero-barcelona-1920x1357.jpg 1920w\" sizes=\"auto, (max-width: 2000px) 100vw, 2000px\" \/><\/div>\n\t\t<\/figure>\n\t<\/div>\n\n\t<div class=\"wpb_text_column wpb_content_element textjust\" >\n\t\t<div class=\"wpb_wrapper\">\n\t\t\t<h2 data-section-id=\"9jw5r5\" data-start=\"1845\" data-end=\"1926\">Compromiso con la calidad en la fabricaci\u00f3n de piezas de acero cerca de Granollers<\/h2>\n<p data-start=\"1928\" data-end=\"2247\">En Mec\u00e1nica Curiel apostamos por la mejora continua, la innovaci\u00f3n y el control de calidad en todos nuestros procesos. La <strong data-start=\"2050\" data-end=\"2098\">fabricaci\u00f3n de piezas de acero <\/strong>cerca de<strong data-start=\"2050\" data-end=\"2098\"> Granollers<\/strong> refleja nuestro compromiso con la excelencia, asegurando resultados consistentes que cumplen con los est\u00e1ndares m\u00e1s exigentes del sector industrial.<\/p>\n\n\t\t<\/div>\n\t<\/div>\n<\/div><\/div><\/div><div class=\"wpb_column vc_column_container vc_col-sm-6\"><div class=\"vc_column-inner\"><div class=\"wpb_wrapper\"><div class=\"boc_heading  al_left\"  style=\"margin-bottom: 20px;margin-top: 0px;color: #333;\"><span>Cont\u00e1ctanos <strong>sin compromiso<\/strong><\/span><\/div>\n<div class=\"wpcf7 no-js\" id=\"wpcf7-f745-o1\" lang=\"es-ES\" dir=\"ltr\" data-wpcf7-id=\"745\">\n<div class=\"screen-reader-response\"><p role=\"status\" aria-live=\"polite\" aria-atomic=\"true\"><\/p> <ul><\/ul><\/div>\n<form action=\"\/en\/wp-json\/wp\/v2\/pages\/3457#wpcf7-f745-o1\" method=\"post\" class=\"wpcf7-form init\" aria-label=\"Formulario de contacto\" novalidate=\"novalidate\" data-status=\"init\" data-trp-original-action=\"\/en\/wp-json\/wp\/v2\/pages\/3457#wpcf7-f745-o1\">\n<fieldset class=\"hidden-fields-container\"><input type=\"hidden\" name=\"_wpcf7\" value=\"745\" \/><input type=\"hidden\" name=\"_wpcf7_version\" value=\"6.1.4\" \/><input type=\"hidden\" name=\"_wpcf7_locale\" value=\"es_ES\" \/><input type=\"hidden\" name=\"_wpcf7_unit_tag\" value=\"wpcf7-f745-o1\" \/><input type=\"hidden\" name=\"_wpcf7_container_post\" value=\"0\" \/><input type=\"hidden\" name=\"_wpcf7_posted_data_hash\" value=\"\" \/><input type=\"hidden\" name=\"_wpcf7_recaptcha_response\" value=\"\" \/>\n<\/fieldset>\n<p><label> Name (required)<br \/>\n<span class=\"wpcf7-form-control-wrap\" data-name=\"your-name\"><input size=\"40\" maxlength=\"400\" class=\"wpcf7-form-control wpcf7-text wpcf7-validates-as-required\" aria-required=\"true\" aria-invalid=\"false\" value=\"\" type=\"text\" name=\"your-name\" \/><\/span> <\/label>\n<\/p>\n<p><label> Your email (required)<br \/>\n<span class=\"wpcf7-form-control-wrap\" data-name=\"your-email\"><input size=\"40\" maxlength=\"400\" class=\"wpcf7-form-control wpcf7-email wpcf7-validates-as-required wpcf7-text wpcf7-validates-as-email\" aria-required=\"true\" aria-invalid=\"false\" value=\"\" type=\"email\" name=\"your-email\" \/><\/span> <\/label>\n<\/p>\n<p><label> Affair<br \/>\n<span class=\"wpcf7-form-control-wrap\" data-name=\"your-subject\"><input size=\"40\" maxlength=\"400\" class=\"wpcf7-form-control wpcf7-text\" aria-invalid=\"false\" value=\"\" type=\"text\" name=\"your-subject\" \/><\/span> <\/label>\n<\/p>\n<p><label> Message<br \/>\n<span class=\"wpcf7-form-control-wrap\" data-name=\"your-message\"><textarea cols=\"40\" rows=\"10\" maxlength=\"2000\" class=\"wpcf7-form-control wpcf7-textarea\" aria-invalid=\"false\" name=\"your-message\"><\/textarea><\/span> <\/label>\n<\/p>\n<p><span class=\"wpcf7-form-control-wrap\" data-name=\"checkbox-338\"><span class=\"wpcf7-form-control wpcf7-checkbox wpcf7-validates-as-required\"><span class=\"wpcf7-list-item first last\"><input type=\"checkbox\" name=\"checkbox-338[]\" value=\"He le\u00eddo y acepto la\" \/><span class=\"wpcf7-list-item-label\">I have read and accept the<\/span><\/span><\/span><\/span><a href=\"\/en\/aviso-legal-politica-de-privacidad\/\"> Privacy Policy<\/a>\n<\/p>\n<p><span class=\"wpcf7-form-control-wrap\" data-name=\"checkbox-33866\"><span class=\"wpcf7-form-control wpcf7-checkbox wpcf7-validates-as-required\"><span class=\"wpcf7-list-item first last\"><input type=\"checkbox\" name=\"checkbox-33866[]\" value=\"Acepto el env\u00edo de informaci\u00f3n\" \/><span class=\"wpcf7-list-item-label\">I accept the sending of information<\/span><\/span><\/span><\/span>\n<\/p>\n\n<p><input class=\"wpcf7-form-control wpcf7-submit has-spinner\" type=\"submit\" value=\"Send\" \/>\n<\/p><div class=\"wpcf7-response-output\" aria-hidden=\"true\"><\/div>\n<input type=\"hidden\" name=\"trp-form-language\" value=\"en\"\/><\/form>\n<\/div>\n<\/div><\/div><\/div><\/div><div class=\"vc_row-full-width vc_clearfix\"><\/div>\n<\/div>","protected":false},"excerpt":{"rendered":"Precisi\u00f3n y calidad en la fabricaci\u00f3n de piezas de acero cerca de Granollers En Mec\u00e1nica Curiel contamos con m\u00e1s de 50 a\u00f1os de experiencia en el sector del mecanizado industrial, ofreciendo soluciones fiables y adaptadas a las necesidades de cada cliente. Nos especializamos en la fabricaci\u00f3n de piezas de acero cerca de Granollers, combinando experiencia, tecnolog\u00eda y un alto nivel<div class=\"h10\"><\/div><a class=\"more-link1\" href=\"https:\/\/mecanicacuriel.com\/en\/fabricacion-de-piezas-de-acero-en-granollers\/\">Read more<\/a>","protected":false},"author":4,"featured_media":0,"parent":0,"menu_order":0,"comment_status":"closed","ping_status":"closed","template":"","meta":{"footnotes":""},"class_list":["post-3457","page","type-page","status-publish","hentry"],"aioseo_notices":[],"yoast_head":"<!-- This site is optimized with the Yoast SEO plugin v27.1.1 - https:\/\/yoast.com\/product\/yoast-seo-wordpress\/ -->\n<title>Fabricaci\u00f3n de piezas de acero en Granollers<\/title>\n<meta name=\"robots\" content=\"index, follow, max-snippet:-1, max-image-preview:large, max-video-preview:-1\" \/>\n<link rel=\"canonical\" href=\"https:\/\/mecanicacuriel.com\/en\/fabricacion-de-piezas-de-acero-en-granollers\/\" \/>\n<meta property=\"og:locale\" content=\"en_GB\" \/>\n<meta property=\"og:type\" content=\"article\" \/>\n<meta property=\"og:title\" content=\"Fabricaci\u00f3n de piezas de acero en Granollers\" \/>\n<meta property=\"og:url\" content=\"https:\/\/mecanicacuriel.com\/en\/fabricacion-de-piezas-de-acero-en-granollers\/\" \/>\n<meta property=\"og:site_name\" content=\"Mecanica Curiel\" \/>\n<meta property=\"article:modified_time\" content=\"2026-03-31T11:38:59+00:00\" \/>\n<meta name=\"twitter:card\" content=\"summary_large_image\" \/>\n<meta name=\"twitter:label1\" content=\"Estimated reading time\" \/>\n\t<meta name=\"twitter:data1\" content=\"2 minutes\" \/>\n<script type=\"application\/ld+json\" class=\"yoast-schema-graph\">{\"@context\":\"https:\/\/schema.org\",\"@graph\":[{\"@type\":\"WebPage\",\"@id\":\"https:\/\/mecanicacuriel.com\/fabricacion-de-piezas-de-acero-en-granollers\/\",\"url\":\"https:\/\/mecanicacuriel.com\/fabricacion-de-piezas-de-acero-en-granollers\/\",\"name\":\"Fabricaci\u00f3n de piezas de acero en Granollers\",\"isPartOf\":{\"@id\":\"https:\/\/mecanicacuriel.com\/#website\"},\"datePublished\":\"2026-03-31T09:51:11+00:00\",\"dateModified\":\"2026-03-31T11:38:59+00:00\",\"breadcrumb\":{\"@id\":\"https:\/\/mecanicacuriel.com\/fabricacion-de-piezas-de-acero-en-granollers\/#breadcrumb\"},\"inLanguage\":\"en-GB\",\"potentialAction\":[{\"@type\":\"ReadAction\",\"target\":[\"https:\/\/mecanicacuriel.com\/fabricacion-de-piezas-de-acero-en-granollers\/\"]}]},{\"@type\":\"BreadcrumbList\",\"@id\":\"https:\/\/mecanicacuriel.com\/fabricacion-de-piezas-de-acero-en-granollers\/#breadcrumb\",\"itemListElement\":[{\"@type\":\"ListItem\",\"position\":1,\"name\":\"Portada\",\"item\":\"https:\/\/mecanicacuriel.com\/\"},{\"@type\":\"ListItem\",\"position\":2,\"name\":\"Fabricaci\u00f3n de piezas de acero en Granollers\"}]},{\"@type\":\"WebSite\",\"@id\":\"https:\/\/mecanicacuriel.com\/#website\",\"url\":\"https:\/\/mecanicacuriel.com\/\",\"name\":\"Mecanica Curiel\",\"description\":\"fabricaci\u00f3n y construcci\u00f3n de mecanizados y montajes de precisi\u00f3n.\",\"potentialAction\":[{\"@type\":\"SearchAction\",\"target\":{\"@type\":\"EntryPoint\",\"urlTemplate\":\"https:\/\/mecanicacuriel.com\/?s={search_term_string}\"},\"query-input\":{\"@type\":\"PropertyValueSpecification\",\"valueRequired\":true,\"valueName\":\"search_term_string\"}}],\"inLanguage\":\"en-GB\"}]}<\/script>\n<!-- \/ Yoast SEO plugin. -->","yoast_head_json":{"title":"Fabricaci\u00f3n de piezas de acero en Granollers","robots":{"index":"index","follow":"follow","max-snippet":"max-snippet:-1","max-image-preview":"max-image-preview:large","max-video-preview":"max-video-preview:-1"},"canonical":"https:\/\/mecanicacuriel.com\/en\/fabricacion-de-piezas-de-acero-en-granollers\/","og_locale":"en_GB","og_type":"article","og_title":"Fabricaci\u00f3n de piezas de acero en Granollers","og_url":"https:\/\/mecanicacuriel.com\/en\/fabricacion-de-piezas-de-acero-en-granollers\/","og_site_name":"Mecanica Curiel","article_modified_time":"2026-03-31T11:38:59+00:00","twitter_card":"summary_large_image","twitter_misc":{"Estimated reading time":"2 minutes"},"schema":{"@context":"https:\/\/schema.org","@graph":[{"@type":"WebPage","@id":"https:\/\/mecanicacuriel.com\/fabricacion-de-piezas-de-acero-en-granollers\/","url":"https:\/\/mecanicacuriel.com\/fabricacion-de-piezas-de-acero-en-granollers\/","name":"Fabricaci\u00f3n de piezas de acero en Granollers","isPartOf":{"@id":"https:\/\/mecanicacuriel.com\/#website"},"datePublished":"2026-03-31T09:51:11+00:00","dateModified":"2026-03-31T11:38:59+00:00","breadcrumb":{"@id":"https:\/\/mecanicacuriel.com\/fabricacion-de-piezas-de-acero-en-granollers\/#breadcrumb"},"inLanguage":"en-GB","potentialAction":[{"@type":"ReadAction","target":["https:\/\/mecanicacuriel.com\/fabricacion-de-piezas-de-acero-en-granollers\/"]}]},{"@type":"BreadcrumbList","@id":"https:\/\/mecanicacuriel.com\/fabricacion-de-piezas-de-acero-en-granollers\/#breadcrumb","itemListElement":[{"@type":"ListItem","position":1,"name":"Portada","item":"https:\/\/mecanicacuriel.com\/"},{"@type":"ListItem","position":2,"name":"Fabricaci\u00f3n de piezas de acero en Granollers"}]},{"@type":"WebSite","@id":"https:\/\/mecanicacuriel.com\/#website","url":"https:\/\/mecanicacuriel.com\/","name":"Curiel Mechanics","description":"manufacturing and construction of precision machining and assembly.","potentialAction":[{"@type":"SearchAction","target":{"@type":"EntryPoint","urlTemplate":"https:\/\/mecanicacuriel.com\/?s={search_term_string}"},"query-input":{"@type":"PropertyValueSpecification","valueRequired":true,"valueName":"search_term_string"}}],"inLanguage":"en-GB"}]}},"_links":{"self":[{"href":"https:\/\/mecanicacuriel.com\/en\/wp-json\/wp\/v2\/pages\/3457","targetHints":{"allow":["GET"]}}],"collection":[{"href":"https:\/\/mecanicacuriel.com\/en\/wp-json\/wp\/v2\/pages"}],"about":[{"href":"https:\/\/mecanicacuriel.com\/en\/wp-json\/wp\/v2\/types\/page"}],"author":[{"embeddable":true,"href":"https:\/\/mecanicacuriel.com\/en\/wp-json\/wp\/v2\/users\/4"}],"replies":[{"embeddable":true,"href":"https:\/\/mecanicacuriel.com\/en\/wp-json\/wp\/v2\/comments?post=3457"}],"version-history":[{"count":5,"href":"https:\/\/mecanicacuriel.com\/en\/wp-json\/wp\/v2\/pages\/3457\/revisions"}],"predecessor-version":[{"id":3467,"href":"https:\/\/mecanicacuriel.com\/en\/wp-json\/wp\/v2\/pages\/3457\/revisions\/3467"}],"wp:attachment":[{"href":"https:\/\/mecanicacuriel.com\/en\/wp-json\/wp\/v2\/media?parent=3457"}],"curies":[{"name":"wp","href":"https:\/\/api.w.org\/{rel}","templated":true}]}}