{"id":3462,"date":"2026-03-31T13:07:55","date_gmt":"2026-03-31T11:07:55","guid":{"rendered":"https:\/\/mecanicacuriel.com\/?page_id=3462"},"modified":"2026-03-31T13:08:06","modified_gmt":"2026-03-31T11:08:06","slug":"mecanizado-de-plasticos-tecnicos-en-canovelles","status":"publish","type":"page","link":"https:\/\/mecanicacuriel.com\/en\/mecanizado-de-plasticos-tecnicos-en-canovelles\/","title":{"rendered":"Mecanizado de plasticos tecnicos en Canovelles"},"content":{"rendered":"<div class=\"wpb-content-wrapper\"><div data-vc-full-width=\"true\" data-vc-full-width-temp=\"true\" data-vc-full-width-init=\"false\" data-vc-stretch-content=\"true\" class=\"vc_row wpb_row vc_row-fluid vc_custom_1765529562402 vc_column-gap-35\"><div class=\"wpb_column vc_column_container vc_col-sm-6\"><div class=\"vc_column-inner\"><div class=\"wpb_wrapper\">\n\t<div class=\"wpb_text_column wpb_content_element textjust\" >\n\t\t<div class=\"wpb_wrapper\">\n\t\t\t<h2 data-section-id=\"jpew9c\" data-start=\"50\" data-end=\"150\"><span role=\"text\"><strong data-start=\"53\" data-end=\"150\">Mecanizado de pl\u00e1sticos t\u00e9cnicos cerca de Canovelles: soluciones de precisi\u00f3n para la industria<\/strong><\/span><\/h2>\n<p data-start=\"152\" data-end=\"606\">He <strong data-start=\"155\" data-end=\"205\">mecanizado de pl\u00e1sticos t\u00e9cnicos <\/strong>cerca de <strong data-start=\"155\" data-end=\"205\">Canovelles<\/strong> se ha consolidado como un proceso clave para la fabricaci\u00f3n de componentes industriales que requieren ligereza, resistencia qu\u00edmica y alta precisi\u00f3n dimensional. Gracias a la tecnolog\u00eda CNC, es posible transformar materiales t\u00e9cnicos en piezas complejas con tolerancias muy ajustadas, adaptadas a sectores como la electromedicina, la automoci\u00f3n, la instrumentaci\u00f3n t\u00e9cnica y la maquinaria industrial.<\/p>\n<p data-start=\"608\" data-end=\"982\">Este tipo de mecanizado permite trabajar con materiales avanzados como el POM, el PEHD, el PTFE o el PA6, que ofrecen un comportamiento excelente en aplicaciones donde los metales no siempre son la mejor opci\u00f3n. Empresas especializadas en mecanizado de precisi\u00f3n utilizan maquinaria de \u00faltima generaci\u00f3n para garantizar resultados constantes y repetibles en cada producci\u00f3n.<\/p>\n<h2 data-section-id=\"1exihpf\" data-start=\"989\" data-end=\"1059\"><span role=\"text\"><strong data-start=\"992\" data-end=\"1059\">Ventajas del mecanizado de pl\u00e1sticos t\u00e9cnicos cerca de Canovelles<\/strong><\/span><\/h2>\n<p data-start=\"1061\" data-end=\"1180\">He <strong data-start=\"1064\" data-end=\"1114\">mecanizado de pl\u00e1sticos t\u00e9cnicos en Canovelles<\/strong> ofrece m\u00faltiples ventajas frente a otros procesos de fabricaci\u00f3n:<\/p>\n<ul data-start=\"1182\" data-end=\"1551\">\n<li data-section-id=\"da5fe0\" data-start=\"1182\" data-end=\"1262\">Ligereza del material, ideal para reducir el peso de los conjuntos mec\u00e1nicos<\/li>\n<li data-section-id=\"1ra51yl\" data-start=\"1263\" data-end=\"1342\">Alta resistencia qu\u00edmica frente a aceites, combustibles y agentes agresivos<\/li>\n<li data-section-id=\"lfuvak\" data-start=\"1343\" data-end=\"1409\">Buen comportamiento t\u00e9rmico en aplicaciones t\u00e9cnicas exigentes<\/li>\n<li data-section-id=\"1chhz4a\" data-start=\"1410\" data-end=\"1490\">Excelente aislamiento el\u00e9ctrico para componentes electr\u00f3nicos e industriales<\/li>\n<li data-section-id=\"6kv5k7\" data-start=\"1491\" data-end=\"1551\">Facilidad de mecanizado con acabados precisos y estables<\/li>\n<\/ul>\n<p data-start=\"1553\" data-end=\"1694\">Estas propiedades hacen que los pl\u00e1sticos t\u00e9cnicos sean una soluci\u00f3n muy utilizada en entornos donde la fiabilidad del componente es cr\u00edtica.<\/p>\n\n\t\t<\/div>\n\t<\/div>\n\n\t<div  class=\"wpb_single_image wpb_content_element vc_align_left wpb_content_element\">\n\t\t\n\t\t<figure class=\"wpb_wrapper vc_figure\">\n\t\t\t<div class=\"vc_single_image-wrapper   vc_box_border_grey\"><img loading=\"lazy\" decoding=\"async\" width=\"2000\" height=\"1414\" src=\"https:\/\/mecanicacuriel.com\/wp-content\/uploads\/2025\/06\/decoletaje-en-acero-barcelona.jpg\" class=\"vc_single_image-img attachment-full\" alt=\"\" title=\"decoletaje en acero barcelona\" srcset=\"https:\/\/mecanicacuriel.com\/wp-content\/uploads\/2025\/06\/decoletaje-en-acero-barcelona.jpg 2000w, https:\/\/mecanicacuriel.com\/wp-content\/uploads\/2025\/06\/decoletaje-en-acero-barcelona-300x212.jpg 300w, https:\/\/mecanicacuriel.com\/wp-content\/uploads\/2025\/06\/decoletaje-en-acero-barcelona-1024x724.jpg 1024w, https:\/\/mecanicacuriel.com\/wp-content\/uploads\/2025\/06\/decoletaje-en-acero-barcelona-768x543.jpg 768w, https:\/\/mecanicacuriel.com\/wp-content\/uploads\/2025\/06\/decoletaje-en-acero-barcelona-1536x1086.jpg 1536w, https:\/\/mecanicacuriel.com\/wp-content\/uploads\/2025\/06\/decoletaje-en-acero-barcelona-18x12.jpg 18w, https:\/\/mecanicacuriel.com\/wp-content\/uploads\/2025\/06\/decoletaje-en-acero-barcelona-500x354.jpg 500w, https:\/\/mecanicacuriel.com\/wp-content\/uploads\/2025\/06\/decoletaje-en-acero-barcelona-800x566.jpg 800w, https:\/\/mecanicacuriel.com\/wp-content\/uploads\/2025\/06\/decoletaje-en-acero-barcelona-1280x905.jpg 1280w, https:\/\/mecanicacuriel.com\/wp-content\/uploads\/2025\/06\/decoletaje-en-acero-barcelona-1920x1357.jpg 1920w\" sizes=\"auto, (max-width: 2000px) 100vw, 2000px\" \/><\/div>\n\t\t<\/figure>\n\t<\/div>\n\n\t<div class=\"wpb_text_column wpb_content_element textjust\" >\n\t\t<div class=\"wpb_wrapper\">\n\t\t\t<h2 data-section-id=\"197csly\" data-start=\"1701\" data-end=\"1784\"><span role=\"text\"><strong data-start=\"1704\" data-end=\"1784\">Procesos utilizados en el mecanizado de pl\u00e1sticos t\u00e9cnicos cerca de Canovelles<\/strong><\/span><\/h2>\n<p data-start=\"1786\" data-end=\"1944\">He <strong data-start=\"1789\" data-end=\"1839\">mecanizado de pl\u00e1sticos t\u00e9cnicos <\/strong>cerca de<strong data-start=\"1789\" data-end=\"1839\"> Canovelles<\/strong> se realiza mediante tecnolog\u00edas CNC que permiten una gran precisi\u00f3n en cada fase del proceso productivo:<\/p>\n<ul data-start=\"1946\" data-end=\"2270\">\n<li data-section-id=\"ugcfj5\" data-start=\"1946\" data-end=\"2011\">Fresado CNC para geometr\u00edas complejas y piezas personalizadas<\/li>\n<li data-section-id=\"9jq4qq\" data-start=\"2012\" data-end=\"2079\">Torneado de precisi\u00f3n para componentes cil\u00edndricos y sim\u00e9tricos<\/li>\n<li data-section-id=\"1pop9zh\" data-start=\"2080\" data-end=\"2144\">Taladrado t\u00e9cnico para ensamblajes y fijaciones industriales<\/li>\n<li data-section-id=\"1szg39x\" data-start=\"2145\" data-end=\"2194\">Roscado y ajustes mec\u00e1nicos de alta exactitud<\/li>\n<li data-section-id=\"lakt53\" data-start=\"2195\" data-end=\"2270\">Acabados superficiales que mejoran el rendimiento funcional de la pieza<\/li>\n<\/ul>\n<p data-start=\"2272\" data-end=\"2401\">La combinaci\u00f3n de estos procesos permite fabricar desde prototipos hasta series cortas o medianas con total garant\u00eda dimensional.<\/p>\n<h3 data-start=\"2272\" data-end=\"2401\"><span role=\"text\"><strong data-start=\"2411\" data-end=\"2495\">Aplicaciones industriales del mecanizado de pl\u00e1sticos t\u00e9cnicos cerca de Canovelles<\/strong><\/span><\/h3>\n<p data-start=\"2497\" data-end=\"2630\">He <strong data-start=\"2500\" data-end=\"2550\">mecanizado de pl\u00e1sticos t\u00e9cnicos en Canovelles<\/strong> tiene aplicaciones en m\u00faltiples sectores industriales debido a su versatilidad:<\/p>\n<ul data-start=\"2632\" data-end=\"3034\">\n<li data-section-id=\"lnpyqw\" data-start=\"2632\" data-end=\"2712\">Electromedicina &#8211; carcasas, soportes y piezas aislantes para equipos m\u00e9dicos<\/li>\n<li data-section-id=\"2t4udy\" data-start=\"2713\" data-end=\"2797\">Laboratorios &#8211; componentes para an\u00e1lisis, dosificaci\u00f3n y manipulaci\u00f3n de fluidos<\/li>\n<li data-section-id=\"a5gpxk\" data-start=\"2798\" data-end=\"2869\">Automoci\u00f3n &#8211; piezas ligeras resistentes al desgaste y a la fricci\u00f3n<\/li>\n<li data-section-id=\"1797aua\" data-start=\"2870\" data-end=\"2953\">Industria alimentaria &#8211; componentes higi\u00e9nicos y resistentes a agentes qu\u00edmicos<\/li>\n<li data-section-id=\"8v7zxv\" data-start=\"2954\" data-end=\"3034\">Instrumentaci\u00f3n t\u00e9cnica &#8211; piezas de alta precisi\u00f3n con tolerancias estrictas<\/li>\n<\/ul>\n<p data-start=\"3036\" data-end=\"3176\">Esta variedad de aplicaciones convierte los pl\u00e1sticos t\u00e9cnicos en una alternativa cada vez m\u00e1s demandada en entornos industriales avanzados.<\/p>\n\n\t\t<\/div>\n\t<\/div>\n<\/div><\/div><\/div><div class=\"wpb_column vc_column_container vc_col-sm-6\"><div class=\"vc_column-inner\"><div class=\"wpb_wrapper\"><div class=\"boc_heading  al_left\"  style=\"margin-bottom: 20px;margin-top: 0px;color: #333;\"><span>Cont\u00e1ctanos <strong>sin compromiso<\/strong><\/span><\/div>\n<div class=\"wpcf7 no-js\" id=\"wpcf7-f745-o1\" lang=\"es-ES\" dir=\"ltr\" data-wpcf7-id=\"745\">\n<div class=\"screen-reader-response\"><p role=\"status\" aria-live=\"polite\" aria-atomic=\"true\"><\/p> <ul><\/ul><\/div>\n<form action=\"\/en\/wp-json\/wp\/v2\/pages\/3462#wpcf7-f745-o1\" method=\"post\" class=\"wpcf7-form init\" aria-label=\"Formulario de contacto\" novalidate=\"novalidate\" data-status=\"init\" data-trp-original-action=\"\/en\/wp-json\/wp\/v2\/pages\/3462#wpcf7-f745-o1\">\n<fieldset class=\"hidden-fields-container\"><input type=\"hidden\" name=\"_wpcf7\" value=\"745\" \/><input type=\"hidden\" name=\"_wpcf7_version\" value=\"6.1.4\" \/><input type=\"hidden\" name=\"_wpcf7_locale\" value=\"es_ES\" \/><input type=\"hidden\" name=\"_wpcf7_unit_tag\" value=\"wpcf7-f745-o1\" \/><input type=\"hidden\" name=\"_wpcf7_container_post\" value=\"0\" \/><input type=\"hidden\" name=\"_wpcf7_posted_data_hash\" value=\"\" \/><input type=\"hidden\" name=\"_wpcf7_recaptcha_response\" value=\"\" \/>\n<\/fieldset>\n<p><label> Name (required)<br \/>\n<span class=\"wpcf7-form-control-wrap\" data-name=\"your-name\"><input size=\"40\" maxlength=\"400\" class=\"wpcf7-form-control wpcf7-text wpcf7-validates-as-required\" aria-required=\"true\" aria-invalid=\"false\" value=\"\" type=\"text\" name=\"your-name\" \/><\/span> <\/label>\n<\/p>\n<p><label> Your email (required)<br \/>\n<span class=\"wpcf7-form-control-wrap\" data-name=\"your-email\"><input size=\"40\" maxlength=\"400\" class=\"wpcf7-form-control wpcf7-email wpcf7-validates-as-required wpcf7-text wpcf7-validates-as-email\" aria-required=\"true\" aria-invalid=\"false\" value=\"\" type=\"email\" name=\"your-email\" \/><\/span> <\/label>\n<\/p>\n<p><label> Affair<br \/>\n<span class=\"wpcf7-form-control-wrap\" data-name=\"your-subject\"><input size=\"40\" maxlength=\"400\" class=\"wpcf7-form-control wpcf7-text\" aria-invalid=\"false\" value=\"\" type=\"text\" name=\"your-subject\" \/><\/span> <\/label>\n<\/p>\n<p><label> Message<br \/>\n<span class=\"wpcf7-form-control-wrap\" data-name=\"your-message\"><textarea cols=\"40\" rows=\"10\" maxlength=\"2000\" class=\"wpcf7-form-control wpcf7-textarea\" aria-invalid=\"false\" name=\"your-message\"><\/textarea><\/span> <\/label>\n<\/p>\n<p><span class=\"wpcf7-form-control-wrap\" data-name=\"checkbox-338\"><span class=\"wpcf7-form-control wpcf7-checkbox wpcf7-validates-as-required\"><span class=\"wpcf7-list-item first last\"><input type=\"checkbox\" name=\"checkbox-338[]\" value=\"He le\u00eddo y acepto la\" \/><span class=\"wpcf7-list-item-label\">I have read and accept the<\/span><\/span><\/span><\/span><a href=\"\/en\/aviso-legal-politica-de-privacidad\/\"> Privacy Policy<\/a>\n<\/p>\n<p><span class=\"wpcf7-form-control-wrap\" data-name=\"checkbox-33866\"><span class=\"wpcf7-form-control wpcf7-checkbox wpcf7-validates-as-required\"><span class=\"wpcf7-list-item first last\"><input type=\"checkbox\" name=\"checkbox-33866[]\" value=\"Acepto el env\u00edo de informaci\u00f3n\" \/><span class=\"wpcf7-list-item-label\">I accept the sending of information<\/span><\/span><\/span><\/span>\n<\/p>\n\n<p><input class=\"wpcf7-form-control wpcf7-submit has-spinner\" type=\"submit\" value=\"Send\" \/>\n<\/p><div class=\"wpcf7-response-output\" aria-hidden=\"true\"><\/div>\n<input type=\"hidden\" name=\"trp-form-language\" value=\"en\"\/><\/form>\n<\/div>\n<\/div><\/div><\/div><\/div><div class=\"vc_row-full-width vc_clearfix\"><\/div>\n<\/div>","protected":false},"excerpt":{"rendered":"Mecanizado de pl\u00e1sticos t\u00e9cnicos cerca de Canovelles: soluciones de precisi\u00f3n para la industria El mecanizado de pl\u00e1sticos t\u00e9cnicos cerca de Canovelles se ha consolidado como un proceso clave para la fabricaci\u00f3n de componentes industriales que requieren ligereza, resistencia qu\u00edmica y alta precisi\u00f3n dimensional. Gracias a la tecnolog\u00eda CNC, es posible transformar materiales t\u00e9cnicos en piezas complejas con tolerancias muy ajustadas,<div class=\"h10\"><\/div><a class=\"more-link1\" href=\"https:\/\/mecanicacuriel.com\/en\/mecanizado-de-plasticos-tecnicos-en-canovelles\/\">Read more<\/a>","protected":false},"author":4,"featured_media":0,"parent":0,"menu_order":0,"comment_status":"closed","ping_status":"closed","template":"","meta":{"footnotes":""},"class_list":["post-3462","page","type-page","status-publish","hentry"],"aioseo_notices":[],"yoast_head":"<!-- This site is optimized with the Yoast SEO plugin v27.1.1 - https:\/\/yoast.com\/product\/yoast-seo-wordpress\/ -->\n<title>Mecanizado de plasticos tecnicos en Canovelles<\/title>\n<meta name=\"robots\" content=\"index, follow, max-snippet:-1, max-image-preview:large, max-video-preview:-1\" \/>\n<link rel=\"canonical\" href=\"https:\/\/mecanicacuriel.com\/en\/mecanizado-de-plasticos-tecnicos-en-canovelles\/\" \/>\n<meta property=\"og:locale\" content=\"en_GB\" \/>\n<meta property=\"og:type\" content=\"article\" \/>\n<meta property=\"og:title\" content=\"Mecanizado de plasticos tecnicos en Canovelles\" \/>\n<meta property=\"og:url\" content=\"https:\/\/mecanicacuriel.com\/en\/mecanizado-de-plasticos-tecnicos-en-canovelles\/\" \/>\n<meta property=\"og:site_name\" content=\"Mecanica Curiel\" \/>\n<meta property=\"article:modified_time\" content=\"2026-03-31T11:08:06+00:00\" \/>\n<meta name=\"twitter:card\" content=\"summary_large_image\" \/>\n<meta name=\"twitter:label1\" content=\"Estimated reading time\" \/>\n\t<meta name=\"twitter:data1\" content=\"3 minutes\" \/>\n<script type=\"application\/ld+json\" class=\"yoast-schema-graph\">{\"@context\":\"https:\/\/schema.org\",\"@graph\":[{\"@type\":\"WebPage\",\"@id\":\"https:\/\/mecanicacuriel.com\/mecanizado-de-plasticos-tecnicos-en-canovelles\/\",\"url\":\"https:\/\/mecanicacuriel.com\/mecanizado-de-plasticos-tecnicos-en-canovelles\/\",\"name\":\"Mecanizado de plasticos tecnicos en Canovelles\",\"isPartOf\":{\"@id\":\"https:\/\/mecanicacuriel.com\/#website\"},\"datePublished\":\"2026-03-31T11:07:55+00:00\",\"dateModified\":\"2026-03-31T11:08:06+00:00\",\"breadcrumb\":{\"@id\":\"https:\/\/mecanicacuriel.com\/mecanizado-de-plasticos-tecnicos-en-canovelles\/#breadcrumb\"},\"inLanguage\":\"en-GB\",\"potentialAction\":[{\"@type\":\"ReadAction\",\"target\":[\"https:\/\/mecanicacuriel.com\/mecanizado-de-plasticos-tecnicos-en-canovelles\/\"]}]},{\"@type\":\"BreadcrumbList\",\"@id\":\"https:\/\/mecanicacuriel.com\/mecanizado-de-plasticos-tecnicos-en-canovelles\/#breadcrumb\",\"itemListElement\":[{\"@type\":\"ListItem\",\"position\":1,\"name\":\"Portada\",\"item\":\"https:\/\/mecanicacuriel.com\/\"},{\"@type\":\"ListItem\",\"position\":2,\"name\":\"Mecanizado de plasticos tecnicos en Canovelles\"}]},{\"@type\":\"WebSite\",\"@id\":\"https:\/\/mecanicacuriel.com\/#website\",\"url\":\"https:\/\/mecanicacuriel.com\/\",\"name\":\"Mecanica Curiel\",\"description\":\"fabricaci\u00f3n y construcci\u00f3n de mecanizados y montajes de precisi\u00f3n.\",\"potentialAction\":[{\"@type\":\"SearchAction\",\"target\":{\"@type\":\"EntryPoint\",\"urlTemplate\":\"https:\/\/mecanicacuriel.com\/?s={search_term_string}\"},\"query-input\":{\"@type\":\"PropertyValueSpecification\",\"valueRequired\":true,\"valueName\":\"search_term_string\"}}],\"inLanguage\":\"en-GB\"}]}<\/script>\n<!-- \/ Yoast SEO plugin. -->","yoast_head_json":{"title":"Mecanizado de plasticos tecnicos en Canovelles","robots":{"index":"index","follow":"follow","max-snippet":"max-snippet:-1","max-image-preview":"max-image-preview:large","max-video-preview":"max-video-preview:-1"},"canonical":"https:\/\/mecanicacuriel.com\/en\/mecanizado-de-plasticos-tecnicos-en-canovelles\/","og_locale":"en_GB","og_type":"article","og_title":"Mecanizado de plasticos tecnicos en Canovelles","og_url":"https:\/\/mecanicacuriel.com\/en\/mecanizado-de-plasticos-tecnicos-en-canovelles\/","og_site_name":"Mecanica Curiel","article_modified_time":"2026-03-31T11:08:06+00:00","twitter_card":"summary_large_image","twitter_misc":{"Estimated reading time":"3 minutes"},"schema":{"@context":"https:\/\/schema.org","@graph":[{"@type":"WebPage","@id":"https:\/\/mecanicacuriel.com\/mecanizado-de-plasticos-tecnicos-en-canovelles\/","url":"https:\/\/mecanicacuriel.com\/mecanizado-de-plasticos-tecnicos-en-canovelles\/","name":"Mecanizado de plasticos tecnicos en Canovelles","isPartOf":{"@id":"https:\/\/mecanicacuriel.com\/#website"},"datePublished":"2026-03-31T11:07:55+00:00","dateModified":"2026-03-31T11:08:06+00:00","breadcrumb":{"@id":"https:\/\/mecanicacuriel.com\/mecanizado-de-plasticos-tecnicos-en-canovelles\/#breadcrumb"},"inLanguage":"en-GB","potentialAction":[{"@type":"ReadAction","target":["https:\/\/mecanicacuriel.com\/mecanizado-de-plasticos-tecnicos-en-canovelles\/"]}]},{"@type":"BreadcrumbList","@id":"https:\/\/mecanicacuriel.com\/mecanizado-de-plasticos-tecnicos-en-canovelles\/#breadcrumb","itemListElement":[{"@type":"ListItem","position":1,"name":"Portada","item":"https:\/\/mecanicacuriel.com\/"},{"@type":"ListItem","position":2,"name":"Mecanizado de plasticos tecnicos en Canovelles"}]},{"@type":"WebSite","@id":"https:\/\/mecanicacuriel.com\/#website","url":"https:\/\/mecanicacuriel.com\/","name":"Curiel Mechanics","description":"manufacturing and construction of precision machining and assembly.","potentialAction":[{"@type":"SearchAction","target":{"@type":"EntryPoint","urlTemplate":"https:\/\/mecanicacuriel.com\/?s={search_term_string}"},"query-input":{"@type":"PropertyValueSpecification","valueRequired":true,"valueName":"search_term_string"}}],"inLanguage":"en-GB"}]}},"_links":{"self":[{"href":"https:\/\/mecanicacuriel.com\/en\/wp-json\/wp\/v2\/pages\/3462","targetHints":{"allow":["GET"]}}],"collection":[{"href":"https:\/\/mecanicacuriel.com\/en\/wp-json\/wp\/v2\/pages"}],"about":[{"href":"https:\/\/mecanicacuriel.com\/en\/wp-json\/wp\/v2\/types\/page"}],"author":[{"embeddable":true,"href":"https:\/\/mecanicacuriel.com\/en\/wp-json\/wp\/v2\/users\/4"}],"replies":[{"embeddable":true,"href":"https:\/\/mecanicacuriel.com\/en\/wp-json\/wp\/v2\/comments?post=3462"}],"version-history":[{"count":3,"href":"https:\/\/mecanicacuriel.com\/en\/wp-json\/wp\/v2\/pages\/3462\/revisions"}],"predecessor-version":[{"id":3465,"href":"https:\/\/mecanicacuriel.com\/en\/wp-json\/wp\/v2\/pages\/3462\/revisions\/3465"}],"wp:attachment":[{"href":"https:\/\/mecanicacuriel.com\/en\/wp-json\/wp\/v2\/media?parent=3462"}],"curies":[{"name":"wp","href":"https:\/\/api.w.org\/{rel}","templated":true}]}}