{"id":3478,"date":"2026-04-14T13:13:48","date_gmt":"2026-04-14T11:13:48","guid":{"rendered":"https:\/\/mecanicacuriel.com\/?page_id=3478"},"modified":"2026-04-14T13:14:10","modified_gmt":"2026-04-14T11:14:10","slug":"mecanizado-cnc-de-acero-granollers","status":"publish","type":"page","link":"https:\/\/mecanicacuriel.com\/en\/mecanizado-cnc-de-acero-granollers\/","title":{"rendered":"Mecanizado CNC de acero Granollers"},"content":{"rendered":"<div class=\"wpb-content-wrapper\"><div data-vc-full-width=\"true\" data-vc-full-width-temp=\"true\" data-vc-full-width-init=\"false\" data-vc-stretch-content=\"true\" class=\"vc_row wpb_row vc_row-fluid vc_custom_1765529562402 vc_column-gap-35\"><div class=\"wpb_column vc_column_container vc_col-sm-6\"><div class=\"vc_column-inner\"><div class=\"wpb_wrapper\">\n\t<div class=\"wpb_text_column wpb_content_element textjust\" >\n\t\t<div class=\"wpb_wrapper\">\n\t\t\t<h2 data-section-id=\"xw97hz\" data-start=\"3227\" data-end=\"3271\"><span role=\"text\"><strong data-start=\"3230\" data-end=\"3271\">Mecanizado CNC de acero en Granollers con Mec\u00e1nica Curiel<\/strong><\/span><\/h2>\n<p data-start=\"3370\" data-end=\"3721\">He <strong data-start=\"3373\" data-end=\"3414\">mecanizado CNC de acero <\/strong>que realizamos cerca de<strong data-start=\"3373\" data-end=\"3414\"> Granollers<\/strong> es un proceso fundamental para la fabricaci\u00f3n de componentes industriales que requieren alta resistencia mec\u00e1nica y precisi\u00f3n dimensional. El acero es uno de los materiales m\u00e1s utilizados en sectores como automoci\u00f3n, maquinaria pesada y electromedicina debido a su durabilidad y comportamiento estructural.<\/p>\n<p data-start=\"3723\" data-end=\"3885\">Granollers, como polo industrial del Vall\u00e8s Oriental, concentra numerosas empresas que dependen de piezas mecanizadas de alta calidad para mantener su producci\u00f3n.<\/p>\n<h3 data-section-id=\"24shei\" data-start=\"3273\" data-end=\"3368\"><span role=\"text\"><strong data-start=\"3277\" data-end=\"3368\">Mecanizado CNC de acero cerca de Granollers: precisi\u00f3n para piezas industriales exigentes<\/strong><\/span><\/h3>\n<p data-start=\"3955\" data-end=\"4198\">He <strong data-start=\"3958\" data-end=\"3999\">mecanizado CNC de acero <\/strong>cerca de <strong data-start=\"3958\" data-end=\"3999\">Granollers<\/strong> consiste en transformar bloques o barras de acero en piezas funcionales mediante m\u00e1quinas controladas por ordenador. Este proceso permite fabricar geometr\u00edas complejas con tolerancias muy ajustadas.<\/p>\n\n\t\t<\/div>\n\t<\/div>\n\n\t<div  class=\"wpb_single_image wpb_content_element vc_align_left wpb_content_element\">\n\t\t\n\t\t<figure class=\"wpb_wrapper vc_figure\">\n\t\t\t<div class=\"vc_single_image-wrapper   vc_box_border_grey\"><img loading=\"lazy\" decoding=\"async\" width=\"2000\" height=\"1414\" src=\"https:\/\/mecanicacuriel.com\/wp-content\/uploads\/2025\/05\/cnc-1.jpg\" class=\"vc_single_image-img attachment-full\" alt=\"\" title=\"cnc\" srcset=\"https:\/\/mecanicacuriel.com\/wp-content\/uploads\/2025\/05\/cnc-1.jpg 2000w, https:\/\/mecanicacuriel.com\/wp-content\/uploads\/2025\/05\/cnc-1-300x212.jpg 300w, https:\/\/mecanicacuriel.com\/wp-content\/uploads\/2025\/05\/cnc-1-1024x724.jpg 1024w, https:\/\/mecanicacuriel.com\/wp-content\/uploads\/2025\/05\/cnc-1-768x543.jpg 768w, https:\/\/mecanicacuriel.com\/wp-content\/uploads\/2025\/05\/cnc-1-1536x1086.jpg 1536w, https:\/\/mecanicacuriel.com\/wp-content\/uploads\/2025\/05\/cnc-1-18x12.jpg 18w, https:\/\/mecanicacuriel.com\/wp-content\/uploads\/2025\/05\/cnc-1-500x354.jpg 500w, https:\/\/mecanicacuriel.com\/wp-content\/uploads\/2025\/05\/cnc-1-800x566.jpg 800w, https:\/\/mecanicacuriel.com\/wp-content\/uploads\/2025\/05\/cnc-1-1280x905.jpg 1280w, https:\/\/mecanicacuriel.com\/wp-content\/uploads\/2025\/05\/cnc-1-1920x1357.jpg 1920w\" sizes=\"auto, (max-width: 2000px) 100vw, 2000px\" \/><\/div>\n\t\t<\/figure>\n\t<\/div>\n\n\t<div class=\"wpb_text_column wpb_content_element textjust\" >\n\t\t<div class=\"wpb_wrapper\">\n\t\t\t<h3 data-section-id=\"xqdtjd\" data-start=\"4205\" data-end=\"4267\"><span role=\"text\"><strong data-start=\"4209\" data-end=\"4267\">Ventajas del mecanizado CNC de acero para tu empresa o industria en Granollers<\/strong><\/span><\/h3>\n<p data-start=\"4269\" data-end=\"4321\">He <strong data-start=\"4272\" data-end=\"4313\">mecanizado CNC de acero <\/strong>cerca de <strong data-start=\"4272\" data-end=\"4313\">Granollers<\/strong> ofrece:<\/p>\n<ul data-start=\"4323\" data-end=\"4483\">\n<li data-section-id=\"caman2\" data-start=\"4323\" data-end=\"4366\">Alta resistencia mec\u00e1nica de las piezas<\/li>\n<li data-section-id=\"nrifv2\" data-start=\"4367\" data-end=\"4404\">Precisi\u00f3n en tolerancias cr\u00edticas<\/li>\n<li data-section-id=\"6o0zmr\" data-start=\"4405\" data-end=\"4448\">Repetibilidad en series cortas y largas<\/li>\n<li data-section-id=\"ciurrb\" data-start=\"4449\" data-end=\"4483\">Adaptaci\u00f3n a dise\u00f1os complejos<\/li>\n<\/ul>\n<h3 data-section-id=\"i5b1yk\" data-start=\"4490\" data-end=\"4521\"><span role=\"text\"><strong data-start=\"4494\" data-end=\"4521\">Procesos utilizados en el mecanizado CNC de acero cerca de Granollers<\/strong><\/span><\/h3>\n<p data-start=\"4523\" data-end=\"4576\">He <strong data-start=\"4526\" data-end=\"4567\">mecanizado CNC de acero <\/strong>cerca de<strong data-start=\"4526\" data-end=\"4567\"> Granollers<\/strong> incluye:<\/p>\n<ul data-start=\"4578\" data-end=\"4689\">\n<li data-section-id=\"18t99cb\" data-start=\"4578\" data-end=\"4602\">Fresado de precisi\u00f3n<\/li>\n<li data-section-id=\"baxf1j\" data-start=\"4603\" data-end=\"4626\">Torneado industrial<\/li>\n<li data-section-id=\"11ffdz\" data-start=\"4627\" data-end=\"4658\">Taladrado y roscado t\u00e9cnico<\/li>\n<li data-section-id=\"1d1e1sy\" data-start=\"4659\" data-end=\"4689\">Tratamientos superficiales<\/li>\n<\/ul>\n<h3 data-section-id=\"17dfi9o\" data-start=\"4696\" data-end=\"4733\"><span role=\"text\"><strong data-start=\"4700\" data-end=\"4733\">Aplicaciones industriales en el mecanizado CNC de acero cerca de Granollers<\/strong><\/span><\/h3>\n<ul data-start=\"4735\" data-end=\"4920\">\n<li data-section-id=\"g0g8kb\" data-start=\"4735\" data-end=\"4778\">Automoci\u00f3n: engranajes, ejes y soportes<\/li>\n<li data-section-id=\"1i8nepx\" data-start=\"4779\" data-end=\"4829\">Maquinaria industrial: estructuras resistentes<\/li>\n<li data-section-id=\"uk1v32\" data-start=\"4830\" data-end=\"4880\">Electromedicina: componentes de alta precisi\u00f3n<\/li>\n<li data-section-id=\"1guacs6\" data-start=\"4881\" data-end=\"4920\">Instrumentaci\u00f3n: piezas de medici\u00f3n<\/li>\n<\/ul>\n<h3 data-section-id=\"f5mcue\" data-start=\"4927\" data-end=\"4957\"><span role=\"text\"><strong data-start=\"4931\" data-end=\"4957\">Control de calidad para el mecanizado CNC de acero cerca de Granollers<\/strong><\/span><\/h3>\n<p data-start=\"4959\" data-end=\"5107\">He <strong data-start=\"4962\" data-end=\"5003\">mecanizado CNC de acero <\/strong>cerca de <strong data-start=\"4962\" data-end=\"5003\">Granollers<\/strong> requiere inspecci\u00f3n dimensional rigurosa para garantizar tolerancias exactas y funcionamiento correcto.<\/p>\n\n\t\t<\/div>\n\t<\/div>\n<\/div><\/div><\/div><div class=\"wpb_column vc_column_container vc_col-sm-6\"><div class=\"vc_column-inner\"><div class=\"wpb_wrapper\"><div class=\"boc_heading  al_left\"  style=\"margin-bottom: 20px;margin-top: 0px;color: #333;\"><span>Cont\u00e1ctanos <strong>sin compromiso<\/strong><\/span><\/div>\n<div class=\"wpcf7 no-js\" id=\"wpcf7-f745-o1\" lang=\"es-ES\" dir=\"ltr\" data-wpcf7-id=\"745\">\n<div class=\"screen-reader-response\"><p role=\"status\" aria-live=\"polite\" aria-atomic=\"true\"><\/p> <ul><\/ul><\/div>\n<form action=\"\/en\/wp-json\/wp\/v2\/pages\/3478#wpcf7-f745-o1\" method=\"post\" class=\"wpcf7-form init\" aria-label=\"Formulario de contacto\" novalidate=\"novalidate\" data-status=\"init\" data-trp-original-action=\"\/en\/wp-json\/wp\/v2\/pages\/3478#wpcf7-f745-o1\">\n<fieldset class=\"hidden-fields-container\"><input type=\"hidden\" name=\"_wpcf7\" value=\"745\" \/><input type=\"hidden\" name=\"_wpcf7_version\" value=\"6.1.4\" \/><input type=\"hidden\" name=\"_wpcf7_locale\" value=\"es_ES\" \/><input type=\"hidden\" name=\"_wpcf7_unit_tag\" value=\"wpcf7-f745-o1\" \/><input type=\"hidden\" name=\"_wpcf7_container_post\" value=\"0\" \/><input type=\"hidden\" name=\"_wpcf7_posted_data_hash\" value=\"\" \/><input type=\"hidden\" name=\"_wpcf7_recaptcha_response\" value=\"\" \/>\n<\/fieldset>\n<p><label> Name (required)<br \/>\n<span class=\"wpcf7-form-control-wrap\" data-name=\"your-name\"><input size=\"40\" maxlength=\"400\" class=\"wpcf7-form-control wpcf7-text wpcf7-validates-as-required\" aria-required=\"true\" aria-invalid=\"false\" value=\"\" type=\"text\" name=\"your-name\" \/><\/span> <\/label>\n<\/p>\n<p><label> Your email (required)<br \/>\n<span class=\"wpcf7-form-control-wrap\" data-name=\"your-email\"><input size=\"40\" maxlength=\"400\" class=\"wpcf7-form-control wpcf7-email wpcf7-validates-as-required wpcf7-text wpcf7-validates-as-email\" aria-required=\"true\" aria-invalid=\"false\" value=\"\" type=\"email\" name=\"your-email\" \/><\/span> <\/label>\n<\/p>\n<p><label> Affair<br \/>\n<span class=\"wpcf7-form-control-wrap\" data-name=\"your-subject\"><input size=\"40\" maxlength=\"400\" class=\"wpcf7-form-control wpcf7-text\" aria-invalid=\"false\" value=\"\" type=\"text\" name=\"your-subject\" \/><\/span> <\/label>\n<\/p>\n<p><label> Message<br \/>\n<span class=\"wpcf7-form-control-wrap\" data-name=\"your-message\"><textarea cols=\"40\" rows=\"10\" maxlength=\"2000\" class=\"wpcf7-form-control wpcf7-textarea\" aria-invalid=\"false\" name=\"your-message\"><\/textarea><\/span> <\/label>\n<\/p>\n<p><span class=\"wpcf7-form-control-wrap\" data-name=\"checkbox-338\"><span class=\"wpcf7-form-control wpcf7-checkbox wpcf7-validates-as-required\"><span class=\"wpcf7-list-item first last\"><input type=\"checkbox\" name=\"checkbox-338[]\" value=\"He le\u00eddo y acepto la\" \/><span class=\"wpcf7-list-item-label\">I have read and accept the<\/span><\/span><\/span><\/span><a href=\"\/en\/aviso-legal-politica-de-privacidad\/\"> Privacy Policy<\/a>\n<\/p>\n<p><span class=\"wpcf7-form-control-wrap\" data-name=\"checkbox-33866\"><span class=\"wpcf7-form-control wpcf7-checkbox wpcf7-validates-as-required\"><span class=\"wpcf7-list-item first last\"><input type=\"checkbox\" name=\"checkbox-33866[]\" value=\"Acepto el env\u00edo de informaci\u00f3n\" \/><span class=\"wpcf7-list-item-label\">I accept the sending of information<\/span><\/span><\/span><\/span>\n<\/p>\n\n<p><input class=\"wpcf7-form-control wpcf7-submit has-spinner\" type=\"submit\" value=\"Send\" \/>\n<\/p><div class=\"wpcf7-response-output\" aria-hidden=\"true\"><\/div>\n<input type=\"hidden\" name=\"trp-form-language\" value=\"en\"\/><\/form>\n<\/div>\n<\/div><\/div><\/div><\/div><div class=\"vc_row-full-width vc_clearfix\"><\/div>\n<\/div>","protected":false},"excerpt":{"rendered":"Mecanizado CNC de acero en Granollers con Mec\u00e1nica Curiel El mecanizado CNC de acero que realizamos cerca de Granollers es un proceso fundamental para la fabricaci\u00f3n de componentes industriales que requieren alta resistencia mec\u00e1nica y precisi\u00f3n dimensional. El acero es uno de los materiales m\u00e1s utilizados en sectores como automoci\u00f3n, maquinaria pesada y electromedicina debido a su durabilidad y comportamiento<div class=\"h10\"><\/div><a class=\"more-link1\" href=\"https:\/\/mecanicacuriel.com\/en\/mecanizado-cnc-de-acero-granollers\/\">Read more<\/a>","protected":false},"author":4,"featured_media":0,"parent":0,"menu_order":0,"comment_status":"closed","ping_status":"closed","template":"","meta":{"footnotes":""},"class_list":["post-3478","page","type-page","status-publish","hentry"],"aioseo_notices":[],"yoast_head":"<!-- This site is optimized with the Yoast SEO plugin v27.1.1 - https:\/\/yoast.com\/product\/yoast-seo-wordpress\/ -->\n<title>Mecanizado CNC de acero Granollers<\/title>\n<meta name=\"description\" content=\"Descubre la versatilidad y la potencia del mecanizado CNC de acero para tu empresa o industria en Granollers con Mec\u00e1nica Curiel.\" \/>\n<meta name=\"robots\" content=\"index, follow, max-snippet:-1, max-image-preview:large, max-video-preview:-1\" \/>\n<link rel=\"canonical\" href=\"https:\/\/mecanicacuriel.com\/en\/mecanizado-cnc-de-acero-granollers\/\" \/>\n<meta property=\"og:locale\" content=\"en_GB\" \/>\n<meta property=\"og:type\" content=\"article\" \/>\n<meta property=\"og:title\" content=\"Mecanizado CNC de acero Granollers\" \/>\n<meta property=\"og:description\" content=\"Descubre la versatilidad y la potencia del mecanizado CNC de acero para tu empresa o industria en Granollers con Mec\u00e1nica Curiel.\" \/>\n<meta property=\"og:url\" content=\"https:\/\/mecanicacuriel.com\/en\/mecanizado-cnc-de-acero-granollers\/\" \/>\n<meta property=\"og:site_name\" content=\"Mecanica Curiel\" \/>\n<meta property=\"article:modified_time\" content=\"2026-04-14T11:14:10+00:00\" \/>\n<meta name=\"twitter:card\" content=\"summary_large_image\" \/>\n<meta name=\"twitter:label1\" content=\"Estimated reading time\" \/>\n\t<meta name=\"twitter:data1\" content=\"2 minutes\" \/>\n<script type=\"application\/ld+json\" class=\"yoast-schema-graph\">{\"@context\":\"https:\/\/schema.org\",\"@graph\":[{\"@type\":\"WebPage\",\"@id\":\"https:\/\/mecanicacuriel.com\/mecanizado-cnc-de-acero-granollers\/\",\"url\":\"https:\/\/mecanicacuriel.com\/mecanizado-cnc-de-acero-granollers\/\",\"name\":\"Mecanizado CNC de acero Granollers\",\"isPartOf\":{\"@id\":\"https:\/\/mecanicacuriel.com\/#website\"},\"datePublished\":\"2026-04-14T11:13:48+00:00\",\"dateModified\":\"2026-04-14T11:14:10+00:00\",\"description\":\"Descubre la versatilidad y la potencia del mecanizado CNC de acero para tu empresa o industria en Granollers con Mec\u00e1nica Curiel.\",\"breadcrumb\":{\"@id\":\"https:\/\/mecanicacuriel.com\/mecanizado-cnc-de-acero-granollers\/#breadcrumb\"},\"inLanguage\":\"en-GB\",\"potentialAction\":[{\"@type\":\"ReadAction\",\"target\":[\"https:\/\/mecanicacuriel.com\/mecanizado-cnc-de-acero-granollers\/\"]}]},{\"@type\":\"BreadcrumbList\",\"@id\":\"https:\/\/mecanicacuriel.com\/mecanizado-cnc-de-acero-granollers\/#breadcrumb\",\"itemListElement\":[{\"@type\":\"ListItem\",\"position\":1,\"name\":\"Portada\",\"item\":\"https:\/\/mecanicacuriel.com\/\"},{\"@type\":\"ListItem\",\"position\":2,\"name\":\"Mecanizado CNC de acero Granollers\"}]},{\"@type\":\"WebSite\",\"@id\":\"https:\/\/mecanicacuriel.com\/#website\",\"url\":\"https:\/\/mecanicacuriel.com\/\",\"name\":\"Mecanica Curiel\",\"description\":\"fabricaci\u00f3n y construcci\u00f3n de mecanizados y montajes de precisi\u00f3n.\",\"potentialAction\":[{\"@type\":\"SearchAction\",\"target\":{\"@type\":\"EntryPoint\",\"urlTemplate\":\"https:\/\/mecanicacuriel.com\/?s={search_term_string}\"},\"query-input\":{\"@type\":\"PropertyValueSpecification\",\"valueRequired\":true,\"valueName\":\"search_term_string\"}}],\"inLanguage\":\"en-GB\"}]}<\/script>\n<!-- \/ Yoast SEO plugin. -->","yoast_head_json":{"title":"Mecanizado CNC de acero Granollers","description":"Descubre la versatilidad y la potencia del mecanizado CNC de acero para tu empresa o industria en Granollers con Mec\u00e1nica Curiel.","robots":{"index":"index","follow":"follow","max-snippet":"max-snippet:-1","max-image-preview":"max-image-preview:large","max-video-preview":"max-video-preview:-1"},"canonical":"https:\/\/mecanicacuriel.com\/en\/mecanizado-cnc-de-acero-granollers\/","og_locale":"en_GB","og_type":"article","og_title":"Mecanizado CNC de acero Granollers","og_description":"Descubre la versatilidad y la potencia del mecanizado CNC de acero para tu empresa o industria en Granollers con Mec\u00e1nica Curiel.","og_url":"https:\/\/mecanicacuriel.com\/en\/mecanizado-cnc-de-acero-granollers\/","og_site_name":"Mecanica Curiel","article_modified_time":"2026-04-14T11:14:10+00:00","twitter_card":"summary_large_image","twitter_misc":{"Estimated reading time":"2 minutes"},"schema":{"@context":"https:\/\/schema.org","@graph":[{"@type":"WebPage","@id":"https:\/\/mecanicacuriel.com\/mecanizado-cnc-de-acero-granollers\/","url":"https:\/\/mecanicacuriel.com\/mecanizado-cnc-de-acero-granollers\/","name":"Mecanizado CNC de acero Granollers","isPartOf":{"@id":"https:\/\/mecanicacuriel.com\/#website"},"datePublished":"2026-04-14T11:13:48+00:00","dateModified":"2026-04-14T11:14:10+00:00","description":"Descubre la versatilidad y la potencia del mecanizado CNC de acero para tu empresa o industria en Granollers con Mec\u00e1nica Curiel.","breadcrumb":{"@id":"https:\/\/mecanicacuriel.com\/mecanizado-cnc-de-acero-granollers\/#breadcrumb"},"inLanguage":"en-GB","potentialAction":[{"@type":"ReadAction","target":["https:\/\/mecanicacuriel.com\/mecanizado-cnc-de-acero-granollers\/"]}]},{"@type":"BreadcrumbList","@id":"https:\/\/mecanicacuriel.com\/mecanizado-cnc-de-acero-granollers\/#breadcrumb","itemListElement":[{"@type":"ListItem","position":1,"name":"Portada","item":"https:\/\/mecanicacuriel.com\/"},{"@type":"ListItem","position":2,"name":"Mecanizado CNC de acero Granollers"}]},{"@type":"WebSite","@id":"https:\/\/mecanicacuriel.com\/#website","url":"https:\/\/mecanicacuriel.com\/","name":"Curiel Mechanics","description":"manufacturing and construction of precision machining and assembly.","potentialAction":[{"@type":"SearchAction","target":{"@type":"EntryPoint","urlTemplate":"https:\/\/mecanicacuriel.com\/?s={search_term_string}"},"query-input":{"@type":"PropertyValueSpecification","valueRequired":true,"valueName":"search_term_string"}}],"inLanguage":"en-GB"}]}},"_links":{"self":[{"href":"https:\/\/mecanicacuriel.com\/en\/wp-json\/wp\/v2\/pages\/3478","targetHints":{"allow":["GET"]}}],"collection":[{"href":"https:\/\/mecanicacuriel.com\/en\/wp-json\/wp\/v2\/pages"}],"about":[{"href":"https:\/\/mecanicacuriel.com\/en\/wp-json\/wp\/v2\/types\/page"}],"author":[{"embeddable":true,"href":"https:\/\/mecanicacuriel.com\/en\/wp-json\/wp\/v2\/users\/4"}],"replies":[{"embeddable":true,"href":"https:\/\/mecanicacuriel.com\/en\/wp-json\/wp\/v2\/comments?post=3478"}],"version-history":[{"count":2,"href":"https:\/\/mecanicacuriel.com\/en\/wp-json\/wp\/v2\/pages\/3478\/revisions"}],"predecessor-version":[{"id":3480,"href":"https:\/\/mecanicacuriel.com\/en\/wp-json\/wp\/v2\/pages\/3478\/revisions\/3480"}],"wp:attachment":[{"href":"https:\/\/mecanicacuriel.com\/en\/wp-json\/wp\/v2\/media?parent=3478"}],"curies":[{"name":"wp","href":"https:\/\/api.w.org\/{rel}","templated":true}]}}