{"id":3519,"date":"2026-05-01T17:38:46","date_gmt":"2026-05-01T15:38:46","guid":{"rendered":"https:\/\/mecanicacuriel.com\/?page_id=3519"},"modified":"2026-04-24T18:17:10","modified_gmt":"2026-04-24T16:17:10","slug":"mecanizado-de-precision-en-canovelles","status":"publish","type":"page","link":"https:\/\/mecanicacuriel.com\/en\/mecanizados-precision\/mecanizado-de-precision-en-canovelles\/","title":{"rendered":"Mecanizado de precisi\u00f3n en Canovelles"},"content":{"rendered":"<div class=\"wpb-content-wrapper\"><div data-vc-full-width=\"true\" data-vc-full-width-temp=\"true\" data-vc-full-width-init=\"false\" data-vc-stretch-content=\"true\" class=\"vc_row wpb_row vc_row-fluid vc_custom_1765529562402 vc_column-gap-35\"><div class=\"wpb_column vc_column_container vc_col-sm-6\"><div class=\"vc_column-inner\"><div class=\"wpb_wrapper\">\n\t<div class=\"wpb_text_column wpb_content_element textjust\" >\n\t\t<div class=\"wpb_wrapper\">\n\t\t\t<h3 data-section-id=\"5y60do\" data-start=\"76\" data-end=\"188\"><b>Soluciones de mecanizado de precisi\u00f3n en Canovelles adaptadas a cada proyecto<\/b><\/h3>\n<p><span style=\"font-weight: 400;\">En Mec\u00e1nica Curiel somos especialistas en <\/span><b>mecanizado de precisi\u00f3n en Canovelles<\/b><span style=\"font-weight: 400;\">, ofreciendo soluciones a medida para empresas que buscan piezas exactas, fiables y con acabados de alto nivel. Sabemos que cuando cada mil\u00edmetro cuenta, necesitas un proveedor que combine tecnolog\u00eda avanzada, experiencia y compromiso con los plazos. Por eso, trabajamos con un enfoque orientado a resultados y a la m\u00e1xima satisfacci\u00f3n del cliente.<\/span><\/p>\n<p><span style=\"font-weight: 400;\">Nuestro servicio de mecanizado est\u00e1 dise\u00f1ado para responder a las necesidades espec\u00edficas de cada cliente, independientemente del sector o la complejidad de la pieza. Trabajamos con diferentes materiales como aluminio, acero inoxidable o lat\u00f3n, y desarrollamos componentes tanto para prototipos como para producci\u00f3n en serie gracias a nuestra maquinaria CNC de \u00faltima generaci\u00f3n.<\/span><\/p>\n\n\t\t<\/div>\n\t<\/div>\n\n\t<div  class=\"wpb_single_image wpb_content_element vc_align_left wpb_content_element\">\n\t\t\n\t\t<figure class=\"wpb_wrapper vc_figure\">\n\t\t\t<div class=\"vc_single_image-wrapper   vc_box_border_grey\"><img loading=\"lazy\" decoding=\"async\" width=\"2560\" height=\"1707\" src=\"https:\/\/mecanicacuriel.com\/wp-content\/uploads\/2026\/04\/pexels-daniel-smyth-83914874-8865187-1-scaled.jpg\" class=\"vc_single_image-img attachment-full\" alt=\"mecanizado de precisi\u00f3n en Canovelles\" title=\"mecanizado de precisi\u00f3n en Canovelles\" srcset=\"https:\/\/mecanicacuriel.com\/wp-content\/uploads\/2026\/04\/pexels-daniel-smyth-83914874-8865187-1-scaled.jpg 2560w, https:\/\/mecanicacuriel.com\/wp-content\/uploads\/2026\/04\/pexels-daniel-smyth-83914874-8865187-1-300x200.jpg 300w, https:\/\/mecanicacuriel.com\/wp-content\/uploads\/2026\/04\/pexels-daniel-smyth-83914874-8865187-1-1024x683.jpg 1024w, https:\/\/mecanicacuriel.com\/wp-content\/uploads\/2026\/04\/pexels-daniel-smyth-83914874-8865187-1-768x512.jpg 768w, https:\/\/mecanicacuriel.com\/wp-content\/uploads\/2026\/04\/pexels-daniel-smyth-83914874-8865187-1-1536x1024.jpg 1536w, https:\/\/mecanicacuriel.com\/wp-content\/uploads\/2026\/04\/pexels-daniel-smyth-83914874-8865187-1-2048x1365.jpg 2048w, https:\/\/mecanicacuriel.com\/wp-content\/uploads\/2026\/04\/pexels-daniel-smyth-83914874-8865187-1-18x12.jpg 18w, https:\/\/mecanicacuriel.com\/wp-content\/uploads\/2026\/04\/pexels-daniel-smyth-83914874-8865187-1-500x333.jpg 500w, https:\/\/mecanicacuriel.com\/wp-content\/uploads\/2026\/04\/pexels-daniel-smyth-83914874-8865187-1-800x533.jpg 800w, https:\/\/mecanicacuriel.com\/wp-content\/uploads\/2026\/04\/pexels-daniel-smyth-83914874-8865187-1-1280x853.jpg 1280w, https:\/\/mecanicacuriel.com\/wp-content\/uploads\/2026\/04\/pexels-daniel-smyth-83914874-8865187-1-1920x1280.jpg 1920w\" sizes=\"auto, (max-width: 2560px) 100vw, 2560px\" \/><\/div>\n\t\t<\/figure>\n\t<\/div>\n\n\t<div class=\"wpb_text_column wpb_content_element textjust\" >\n\t\t<div class=\"wpb_wrapper\">\n\t\t\t<h2 data-section-id=\"rdqeu9\" data-start=\"1614\" data-end=\"1696\"><b>Tecnolog\u00eda avanzada en mecanizado de precisi\u00f3n\u00a0<\/b><\/h2>\n<p><span style=\"font-weight: 400;\">La clave de nuestro \u00e9xito est\u00e1 en la inversi\u00f3n constante en tecnolog\u00eda. Nuestro servicio de <\/span><b>mecanizado de precisi\u00f3n en Canovelles<\/b><span style=\"font-weight: 400;\"> se apoya en equipos CNC de alta gama que permiten trabajar geometr\u00edas complejas con una precisi\u00f3n milim\u00e9trica.<\/span><\/p>\n<p><span style=\"font-weight: 400;\">Esto nos permite:<\/span><\/p>\n<ul>\n<li style=\"font-weight: 400;\" aria-level=\"1\"><span style=\"font-weight: 400;\">Reducir tiempos de producci\u00f3n<\/span><\/li>\n<li style=\"font-weight: 400;\" aria-level=\"1\"><span style=\"font-weight: 400;\">Minimizar desperdicios de material<\/span><\/li>\n<li style=\"font-weight: 400;\" aria-level=\"1\"><span style=\"font-weight: 400;\">Garantizar acabados de alta calidad<\/span><\/li>\n<li style=\"font-weight: 400;\" aria-level=\"1\"><span style=\"font-weight: 400;\">Mantener est\u00e1ndares constantes en grandes vol\u00famenes<\/span><\/li>\n<\/ul>\n<p><span style=\"font-weight: 400;\">Adem\u00e1s, implementamos estrictos controles de calidad en cada fase del proceso, lo que nos permite asegurar que cada pieza cumple con las especificaciones t\u00e9cnicas requeridas.<\/span><\/p>\n<h2 data-section-id=\"11j6a5\" data-start=\"2852\" data-end=\"2938\"><b>Servicio profesional de mecanizado de precisi\u00f3n en Canovelles orientado a resultados<\/b><\/h2>\n<p><span style=\"font-weight: 400;\">En Mec\u00e1nica Curiel no solo fabricamos piezas, ofrecemos soluciones. Nuestro enfoque en el <\/span><b>mecanizado de precisi\u00f3n en Canovelles<\/b><span style=\"font-weight: 400;\"> est\u00e1 orientado a mejorar la eficiencia de nuestros clientes, reduciendo costes y optimizando sus procesos productivos.<\/span><\/p>\n<p><span style=\"font-weight: 400;\">Nos caracterizamos por:<\/span><\/p>\n<ul>\n<li style=\"font-weight: 400;\" aria-level=\"1\"><span style=\"font-weight: 400;\">Asesoramiento t\u00e9cnico personalizado<\/span><\/li>\n<li style=\"font-weight: 400;\" aria-level=\"1\"><span style=\"font-weight: 400;\">Cumplimiento riguroso de plazos<\/span><\/li>\n<li style=\"font-weight: 400;\" aria-level=\"1\"><span style=\"font-weight: 400;\">Flexibilidad en producci\u00f3n<\/span><\/li>\n<li style=\"font-weight: 400;\" aria-level=\"1\"><span style=\"font-weight: 400;\">Atenci\u00f3n cercana y profesional<\/span><\/li>\n<\/ul>\n<p><span style=\"font-weight: 400;\">Cont\u00e1ctanos hoy mismo y descubre c\u00f3mo podemos ayudarte a optimizar tu producci\u00f3n con soluciones a medida.<\/span><\/p>\n\n\t\t<\/div>\n\t<\/div>\n<\/div><\/div><\/div><div class=\"wpb_column vc_column_container vc_col-sm-6\"><div class=\"vc_column-inner\"><div class=\"wpb_wrapper\"><div class=\"boc_heading  al_left\"  style=\"margin-bottom: 20px;margin-top: 0px;color: #333;\"><span>Cont\u00e1ctanos <strong>sin compromiso<\/strong><\/span><\/div>\n<div class=\"wpcf7 no-js\" id=\"wpcf7-f745-o1\" lang=\"es-ES\" dir=\"ltr\" data-wpcf7-id=\"745\">\n<div class=\"screen-reader-response\"><p role=\"status\" aria-live=\"polite\" aria-atomic=\"true\"><\/p> <ul><\/ul><\/div>\n<form action=\"\/en\/wp-json\/wp\/v2\/pages\/3519#wpcf7-f745-o1\" method=\"post\" class=\"wpcf7-form init\" aria-label=\"Formulario de contacto\" novalidate=\"novalidate\" data-status=\"init\" data-trp-original-action=\"\/en\/wp-json\/wp\/v2\/pages\/3519#wpcf7-f745-o1\">\n<fieldset class=\"hidden-fields-container\"><input type=\"hidden\" name=\"_wpcf7\" value=\"745\" \/><input type=\"hidden\" name=\"_wpcf7_version\" value=\"6.1.4\" \/><input type=\"hidden\" name=\"_wpcf7_locale\" value=\"es_ES\" \/><input type=\"hidden\" name=\"_wpcf7_unit_tag\" value=\"wpcf7-f745-o1\" \/><input type=\"hidden\" name=\"_wpcf7_container_post\" value=\"0\" \/><input type=\"hidden\" name=\"_wpcf7_posted_data_hash\" value=\"\" \/><input type=\"hidden\" name=\"_wpcf7_recaptcha_response\" value=\"\" \/>\n<\/fieldset>\n<p><label> Name (required)<br \/>\n<span class=\"wpcf7-form-control-wrap\" data-name=\"your-name\"><input size=\"40\" maxlength=\"400\" class=\"wpcf7-form-control wpcf7-text wpcf7-validates-as-required\" aria-required=\"true\" aria-invalid=\"false\" value=\"\" type=\"text\" name=\"your-name\" \/><\/span> <\/label>\n<\/p>\n<p><label> Your email (required)<br \/>\n<span class=\"wpcf7-form-control-wrap\" data-name=\"your-email\"><input size=\"40\" maxlength=\"400\" class=\"wpcf7-form-control wpcf7-email wpcf7-validates-as-required wpcf7-text wpcf7-validates-as-email\" aria-required=\"true\" aria-invalid=\"false\" value=\"\" type=\"email\" name=\"your-email\" \/><\/span> <\/label>\n<\/p>\n<p><label> Affair<br \/>\n<span class=\"wpcf7-form-control-wrap\" data-name=\"your-subject\"><input size=\"40\" maxlength=\"400\" class=\"wpcf7-form-control wpcf7-text\" aria-invalid=\"false\" value=\"\" type=\"text\" name=\"your-subject\" \/><\/span> <\/label>\n<\/p>\n<p><label> Message<br \/>\n<span class=\"wpcf7-form-control-wrap\" data-name=\"your-message\"><textarea cols=\"40\" rows=\"10\" maxlength=\"2000\" class=\"wpcf7-form-control wpcf7-textarea\" aria-invalid=\"false\" name=\"your-message\"><\/textarea><\/span> <\/label>\n<\/p>\n<p><span class=\"wpcf7-form-control-wrap\" data-name=\"checkbox-338\"><span class=\"wpcf7-form-control wpcf7-checkbox wpcf7-validates-as-required\"><span class=\"wpcf7-list-item first last\"><input type=\"checkbox\" name=\"checkbox-338[]\" value=\"He le\u00eddo y acepto la\" \/><span class=\"wpcf7-list-item-label\">I have read and accept the<\/span><\/span><\/span><\/span><a href=\"\/en\/aviso-legal-politica-de-privacidad\/\"> Privacy Policy<\/a>\n<\/p>\n<p><span class=\"wpcf7-form-control-wrap\" data-name=\"checkbox-33866\"><span class=\"wpcf7-form-control wpcf7-checkbox wpcf7-validates-as-required\"><span class=\"wpcf7-list-item first last\"><input type=\"checkbox\" name=\"checkbox-33866[]\" value=\"Acepto el env\u00edo de informaci\u00f3n\" \/><span class=\"wpcf7-list-item-label\">I accept the sending of information<\/span><\/span><\/span><\/span>\n<\/p>\n\n<p><input class=\"wpcf7-form-control wpcf7-submit has-spinner\" type=\"submit\" value=\"Send\" \/>\n<\/p><div class=\"wpcf7-response-output\" aria-hidden=\"true\"><\/div>\n<input type=\"hidden\" name=\"trp-form-language\" value=\"en\"\/><\/form>\n<\/div>\n<\/div><\/div><\/div><\/div><div class=\"vc_row-full-width vc_clearfix\"><\/div>\n<\/div>","protected":false},"excerpt":{"rendered":"Soluciones de mecanizado de precisi\u00f3n en Canovelles adaptadas a cada proyecto En Mec\u00e1nica Curiel somos especialistas en mecanizado de precisi\u00f3n en Canovelles, ofreciendo soluciones a medida para empresas que buscan piezas exactas, fiables y con acabados de alto nivel. Sabemos que cuando cada mil\u00edmetro cuenta, necesitas un proveedor que combine tecnolog\u00eda avanzada, experiencia y compromiso con los plazos. Por eso,<div class=\"h10\"><\/div><a class=\"more-link1\" href=\"https:\/\/mecanicacuriel.com\/en\/mecanizados-precision\/mecanizado-de-precision-en-canovelles\/\">Read more<\/a>","protected":false},"author":6,"featured_media":3523,"parent":385,"menu_order":0,"comment_status":"closed","ping_status":"closed","template":"","meta":{"footnotes":""},"class_list":["post-3519","page","type-page","status-publish","has-post-thumbnail","hentry"],"aioseo_notices":[],"yoast_head":"<!-- This site is optimized with the Yoast SEO plugin v27.1.1 - https:\/\/yoast.com\/product\/yoast-seo-wordpress\/ -->\n<title>Mecanizado de precisi\u00f3n en Canovelles | Mec\u00e1nica Curiel<\/title>\n<meta name=\"description\" content=\"Servicio de mecanizado de precisi\u00f3n en Canovelles. Fabricaci\u00f3n de piezas a medida con alta calidad, tecnolog\u00eda CNC y entrega puntual.\" \/>\n<meta name=\"robots\" content=\"index, follow, max-snippet:-1, max-image-preview:large, max-video-preview:-1\" \/>\n<link rel=\"canonical\" href=\"https:\/\/mecanicacuriel.com\/en\/mecanizados-precision\/mecanizado-de-precision-en-canovelles\/\" \/>\n<meta property=\"og:locale\" content=\"en_GB\" \/>\n<meta property=\"og:type\" content=\"article\" \/>\n<meta property=\"og:title\" content=\"Mecanizado de precisi\u00f3n en Canovelles | Mec\u00e1nica Curiel\" \/>\n<meta property=\"og:description\" content=\"Servicio de mecanizado de precisi\u00f3n en Canovelles. Fabricaci\u00f3n de piezas a medida con alta calidad, tecnolog\u00eda CNC y entrega puntual.\" \/>\n<meta property=\"og:url\" content=\"https:\/\/mecanicacuriel.com\/en\/mecanizados-precision\/mecanizado-de-precision-en-canovelles\/\" \/>\n<meta property=\"og:site_name\" content=\"Mecanica Curiel\" \/>\n<meta property=\"og:image\" content=\"https:\/\/mecanicacuriel.com\/wp-content\/uploads\/2026\/04\/pexels-daniel-smyth-83914874-8865189-scaled.jpg\" \/>\n\t<meta property=\"og:image:width\" content=\"2560\" \/>\n\t<meta property=\"og:image:height\" content=\"2268\" \/>\n\t<meta property=\"og:image:type\" content=\"image\/jpeg\" \/>\n<meta name=\"twitter:card\" content=\"summary_large_image\" \/>\n<meta name=\"twitter:label1\" content=\"Estimated reading time\" \/>\n\t<meta name=\"twitter:data1\" content=\"2 minutes\" \/>\n<script type=\"application\/ld+json\" class=\"yoast-schema-graph\">{\"@context\":\"https:\/\/schema.org\",\"@graph\":[{\"@type\":\"WebPage\",\"@id\":\"https:\/\/mecanicacuriel.com\/mecanizados-precision\/mecanizado-de-precision-en-canovelles\/\",\"url\":\"https:\/\/mecanicacuriel.com\/mecanizados-precision\/mecanizado-de-precision-en-canovelles\/\",\"name\":\"Mecanizado de precisi\u00f3n en Canovelles | Mec\u00e1nica Curiel\",\"isPartOf\":{\"@id\":\"https:\/\/mecanicacuriel.com\/#website\"},\"primaryImageOfPage\":{\"@id\":\"https:\/\/mecanicacuriel.com\/mecanizados-precision\/mecanizado-de-precision-en-canovelles\/#primaryimage\"},\"image\":{\"@id\":\"https:\/\/mecanicacuriel.com\/mecanizados-precision\/mecanizado-de-precision-en-canovelles\/#primaryimage\"},\"thumbnailUrl\":\"https:\/\/mecanicacuriel.com\/wp-content\/uploads\/2026\/04\/pexels-daniel-smyth-83914874-8865189-scaled.jpg\",\"datePublished\":\"2026-05-01T15:38:46+00:00\",\"description\":\"Servicio de mecanizado de precisi\u00f3n en Canovelles. Fabricaci\u00f3n de piezas a medida con alta calidad, tecnolog\u00eda CNC y entrega puntual.\",\"breadcrumb\":{\"@id\":\"https:\/\/mecanicacuriel.com\/mecanizados-precision\/mecanizado-de-precision-en-canovelles\/#breadcrumb\"},\"inLanguage\":\"en-GB\",\"potentialAction\":[{\"@type\":\"ReadAction\",\"target\":[\"https:\/\/mecanicacuriel.com\/mecanizados-precision\/mecanizado-de-precision-en-canovelles\/\"]}]},{\"@type\":\"ImageObject\",\"inLanguage\":\"en-GB\",\"@id\":\"https:\/\/mecanicacuriel.com\/mecanizados-precision\/mecanizado-de-precision-en-canovelles\/#primaryimage\",\"url\":\"https:\/\/mecanicacuriel.com\/wp-content\/uploads\/2026\/04\/pexels-daniel-smyth-83914874-8865189-scaled.jpg\",\"contentUrl\":\"https:\/\/mecanicacuriel.com\/wp-content\/uploads\/2026\/04\/pexels-daniel-smyth-83914874-8865189-scaled.jpg\",\"width\":2560,\"height\":2268,\"caption\":\"mecanizado de precisi\u00f3n en Canovelles\"},{\"@type\":\"BreadcrumbList\",\"@id\":\"https:\/\/mecanicacuriel.com\/mecanizados-precision\/mecanizado-de-precision-en-canovelles\/#breadcrumb\",\"itemListElement\":[{\"@type\":\"ListItem\",\"position\":1,\"name\":\"Portada\",\"item\":\"https:\/\/mecanicacuriel.com\/\"},{\"@type\":\"ListItem\",\"position\":2,\"name\":\"Mecanizados precision\",\"item\":\"https:\/\/mecanicacuriel.com\/mecanizados-precision\/\"},{\"@type\":\"ListItem\",\"position\":3,\"name\":\"Mecanizado de precisi\u00f3n en Canovelles\"}]},{\"@type\":\"WebSite\",\"@id\":\"https:\/\/mecanicacuriel.com\/#website\",\"url\":\"https:\/\/mecanicacuriel.com\/\",\"name\":\"Mecanica Curiel\",\"description\":\"fabricaci\u00f3n y construcci\u00f3n de mecanizados y montajes de precisi\u00f3n.\",\"potentialAction\":[{\"@type\":\"SearchAction\",\"target\":{\"@type\":\"EntryPoint\",\"urlTemplate\":\"https:\/\/mecanicacuriel.com\/?s={search_term_string}\"},\"query-input\":{\"@type\":\"PropertyValueSpecification\",\"valueRequired\":true,\"valueName\":\"search_term_string\"}}],\"inLanguage\":\"en-GB\"}]}<\/script>\n<!-- \/ Yoast SEO plugin. -->","yoast_head_json":{"title":"Mecanizado de precisi\u00f3n en Canovelles | Mec\u00e1nica Curiel","description":"Servicio de mecanizado de precisi\u00f3n en Canovelles. Fabricaci\u00f3n de piezas a medida con alta calidad, tecnolog\u00eda CNC y entrega puntual.","robots":{"index":"index","follow":"follow","max-snippet":"max-snippet:-1","max-image-preview":"max-image-preview:large","max-video-preview":"max-video-preview:-1"},"canonical":"https:\/\/mecanicacuriel.com\/en\/mecanizados-precision\/mecanizado-de-precision-en-canovelles\/","og_locale":"en_GB","og_type":"article","og_title":"Mecanizado de precisi\u00f3n en Canovelles | Mec\u00e1nica Curiel","og_description":"Servicio de mecanizado de precisi\u00f3n en Canovelles. Fabricaci\u00f3n de piezas a medida con alta calidad, tecnolog\u00eda CNC y entrega puntual.","og_url":"https:\/\/mecanicacuriel.com\/en\/mecanizados-precision\/mecanizado-de-precision-en-canovelles\/","og_site_name":"Mecanica Curiel","og_image":[{"width":2560,"height":2268,"url":"https:\/\/mecanicacuriel.com\/wp-content\/uploads\/2026\/04\/pexels-daniel-smyth-83914874-8865189-scaled.jpg","type":"image\/jpeg"}],"twitter_card":"summary_large_image","twitter_misc":{"Estimated reading time":"2 minutes"},"schema":{"@context":"https:\/\/schema.org","@graph":[{"@type":"WebPage","@id":"https:\/\/mecanicacuriel.com\/mecanizados-precision\/mecanizado-de-precision-en-canovelles\/","url":"https:\/\/mecanicacuriel.com\/mecanizados-precision\/mecanizado-de-precision-en-canovelles\/","name":"Mecanizado de precisi\u00f3n en Canovelles | Mec\u00e1nica Curiel","isPartOf":{"@id":"https:\/\/mecanicacuriel.com\/#website"},"primaryImageOfPage":{"@id":"https:\/\/mecanicacuriel.com\/mecanizados-precision\/mecanizado-de-precision-en-canovelles\/#primaryimage"},"image":{"@id":"https:\/\/mecanicacuriel.com\/mecanizados-precision\/mecanizado-de-precision-en-canovelles\/#primaryimage"},"thumbnailUrl":"https:\/\/mecanicacuriel.com\/wp-content\/uploads\/2026\/04\/pexels-daniel-smyth-83914874-8865189-scaled.jpg","datePublished":"2026-05-01T15:38:46+00:00","description":"Servicio de mecanizado de precisi\u00f3n en Canovelles. Fabricaci\u00f3n de piezas a medida con alta calidad, tecnolog\u00eda CNC y entrega puntual.","breadcrumb":{"@id":"https:\/\/mecanicacuriel.com\/mecanizados-precision\/mecanizado-de-precision-en-canovelles\/#breadcrumb"},"inLanguage":"en-GB","potentialAction":[{"@type":"ReadAction","target":["https:\/\/mecanicacuriel.com\/mecanizados-precision\/mecanizado-de-precision-en-canovelles\/"]}]},{"@type":"ImageObject","inLanguage":"en-GB","@id":"https:\/\/mecanicacuriel.com\/mecanizados-precision\/mecanizado-de-precision-en-canovelles\/#primaryimage","url":"https:\/\/mecanicacuriel.com\/wp-content\/uploads\/2026\/04\/pexels-daniel-smyth-83914874-8865189-scaled.jpg","contentUrl":"https:\/\/mecanicacuriel.com\/wp-content\/uploads\/2026\/04\/pexels-daniel-smyth-83914874-8865189-scaled.jpg","width":2560,"height":2268,"caption":"mecanizado de precisi\u00f3n en Canovelles"},{"@type":"BreadcrumbList","@id":"https:\/\/mecanicacuriel.com\/mecanizados-precision\/mecanizado-de-precision-en-canovelles\/#breadcrumb","itemListElement":[{"@type":"ListItem","position":1,"name":"Portada","item":"https:\/\/mecanicacuriel.com\/"},{"@type":"ListItem","position":2,"name":"Mecanizados precision","item":"https:\/\/mecanicacuriel.com\/mecanizados-precision\/"},{"@type":"ListItem","position":3,"name":"Mecanizado de precisi\u00f3n en Canovelles"}]},{"@type":"WebSite","@id":"https:\/\/mecanicacuriel.com\/#website","url":"https:\/\/mecanicacuriel.com\/","name":"Curiel Mechanics","description":"manufacturing and construction of precision machining and assembly.","potentialAction":[{"@type":"SearchAction","target":{"@type":"EntryPoint","urlTemplate":"https:\/\/mecanicacuriel.com\/?s={search_term_string}"},"query-input":{"@type":"PropertyValueSpecification","valueRequired":true,"valueName":"search_term_string"}}],"inLanguage":"en-GB"}]}},"_links":{"self":[{"href":"https:\/\/mecanicacuriel.com\/en\/wp-json\/wp\/v2\/pages\/3519","targetHints":{"allow":["GET"]}}],"collection":[{"href":"https:\/\/mecanicacuriel.com\/en\/wp-json\/wp\/v2\/pages"}],"about":[{"href":"https:\/\/mecanicacuriel.com\/en\/wp-json\/wp\/v2\/types\/page"}],"author":[{"embeddable":true,"href":"https:\/\/mecanicacuriel.com\/en\/wp-json\/wp\/v2\/users\/6"}],"replies":[{"embeddable":true,"href":"https:\/\/mecanicacuriel.com\/en\/wp-json\/wp\/v2\/comments?post=3519"}],"version-history":[{"count":2,"href":"https:\/\/mecanicacuriel.com\/en\/wp-json\/wp\/v2\/pages\/3519\/revisions"}],"predecessor-version":[{"id":3524,"href":"https:\/\/mecanicacuriel.com\/en\/wp-json\/wp\/v2\/pages\/3519\/revisions\/3524"}],"up":[{"embeddable":true,"href":"https:\/\/mecanicacuriel.com\/en\/wp-json\/wp\/v2\/pages\/385"}],"wp:featuredmedia":[{"embeddable":true,"href":"https:\/\/mecanicacuriel.com\/en\/wp-json\/wp\/v2\/media\/3523"}],"wp:attachment":[{"href":"https:\/\/mecanicacuriel.com\/en\/wp-json\/wp\/v2\/media?parent=3519"}],"curies":[{"name":"wp","href":"https:\/\/api.w.org\/{rel}","templated":true}]}}