{"id":3528,"date":"2026-05-03T17:55:58","date_gmt":"2026-05-03T15:55:58","guid":{"rendered":"https:\/\/mecanicacuriel.com\/?page_id=3528"},"modified":"2026-04-24T18:17:20","modified_gmt":"2026-04-24T16:17:20","slug":"mecanizado-cnc-de-acero-en-canovelles","status":"publish","type":"page","link":"https:\/\/mecanicacuriel.com\/en\/mecanizados-cnc\/mecanizado-cnc-de-acero-en-canovelles\/","title":{"rendered":"Mecanizado CNC de acero en Canovelles"},"content":{"rendered":"<div class=\"wpb-content-wrapper\"><div data-vc-full-width=\"true\" data-vc-full-width-temp=\"true\" data-vc-full-width-init=\"false\" data-vc-stretch-content=\"true\" class=\"vc_row wpb_row vc_row-fluid vc_custom_1765529562402 vc_column-gap-35\"><div class=\"wpb_column vc_column_container vc_col-sm-6\"><div class=\"vc_column-inner\"><div class=\"wpb_wrapper\">\n\t<div class=\"wpb_text_column wpb_content_element textjust\" >\n\t\t<div class=\"wpb_wrapper\">\n\t\t\t<h3 data-section-id=\"5y60do\" data-start=\"76\" data-end=\"188\"><b>Ingenier\u00eda aplicada al mecanizado CNC de acero en Canovelles<\/b><\/h3>\n<p><span style=\"font-weight: 400;\">En cada proyecto de <\/span><b>mecanizado CNC de acero en Canovelles<\/b><span style=\"font-weight: 400;\">, partimos de un an\u00e1lisis t\u00e9cnico detallado para garantizar que cada pieza cumpla con sus requisitos funcionales y mec\u00e1nicos.<\/span><\/p>\n<p><span style=\"font-weight: 400;\">Fabricamos componentes en distintos tipos de acero \u2014al carbono, inoxidable o aleado\u2014 adapt\u00e1ndonos a las especificaciones del cliente. Desde prototipos hasta producci\u00f3n en serie, optimizamos cada fase para reducir errores y maximizar el rendimiento.<\/span><\/p>\n<p><span style=\"font-weight: 400;\">Nuestro valor diferencial est\u00e1 en:<\/span><\/p>\n<ul>\n<li style=\"font-weight: 400;\" aria-level=\"1\"><span style=\"font-weight: 400;\">Interpretaci\u00f3n t\u00e9cnica de planos y mejoras de dise\u00f1o<\/span><\/li>\n<li style=\"font-weight: 400;\" aria-level=\"1\"><span style=\"font-weight: 400;\">Ajuste de tolerancias seg\u00fan aplicaci\u00f3n<\/span><\/li>\n<li style=\"font-weight: 400;\" aria-level=\"1\"><span style=\"font-weight: 400;\">Selecci\u00f3n del material adecuado<\/span><\/li>\n<li style=\"font-weight: 400;\" aria-level=\"1\"><span style=\"font-weight: 400;\">Procesos eficientes desde el inicio<\/span><\/li>\n<\/ul>\n<p><span style=\"font-weight: 400;\">De este modo, conseguimos piezas fiables desde la primera fabricaci\u00f3n.<\/span><\/p>\n\n\t\t<\/div>\n\t<\/div>\n\n\t<div  class=\"wpb_single_image wpb_content_element vc_align_left wpb_content_element\">\n\t\t\n\t\t<figure class=\"wpb_wrapper vc_figure\">\n\t\t\t<div class=\"vc_single_image-wrapper   vc_box_border_grey\"><img loading=\"lazy\" decoding=\"async\" width=\"2560\" height=\"1707\" src=\"https:\/\/mecanicacuriel.com\/wp-content\/uploads\/2026\/04\/pexels-daniel-smyth-83914874-20607184-scaled.jpg\" class=\"vc_single_image-img attachment-full\" alt=\"mecanizado CNC de acero en Canovelles\" title=\"mecanizado CNC de acero en Canovelles\" srcset=\"https:\/\/mecanicacuriel.com\/wp-content\/uploads\/2026\/04\/pexels-daniel-smyth-83914874-20607184-scaled.jpg 2560w, https:\/\/mecanicacuriel.com\/wp-content\/uploads\/2026\/04\/pexels-daniel-smyth-83914874-20607184-300x200.jpg 300w, https:\/\/mecanicacuriel.com\/wp-content\/uploads\/2026\/04\/pexels-daniel-smyth-83914874-20607184-1024x683.jpg 1024w, https:\/\/mecanicacuriel.com\/wp-content\/uploads\/2026\/04\/pexels-daniel-smyth-83914874-20607184-768x512.jpg 768w, https:\/\/mecanicacuriel.com\/wp-content\/uploads\/2026\/04\/pexels-daniel-smyth-83914874-20607184-1536x1024.jpg 1536w, https:\/\/mecanicacuriel.com\/wp-content\/uploads\/2026\/04\/pexels-daniel-smyth-83914874-20607184-2048x1365.jpg 2048w, https:\/\/mecanicacuriel.com\/wp-content\/uploads\/2026\/04\/pexels-daniel-smyth-83914874-20607184-18x12.jpg 18w, https:\/\/mecanicacuriel.com\/wp-content\/uploads\/2026\/04\/pexels-daniel-smyth-83914874-20607184-500x333.jpg 500w, https:\/\/mecanicacuriel.com\/wp-content\/uploads\/2026\/04\/pexels-daniel-smyth-83914874-20607184-800x533.jpg 800w, https:\/\/mecanicacuriel.com\/wp-content\/uploads\/2026\/04\/pexels-daniel-smyth-83914874-20607184-1280x853.jpg 1280w, https:\/\/mecanicacuriel.com\/wp-content\/uploads\/2026\/04\/pexels-daniel-smyth-83914874-20607184-1920x1280.jpg 1920w\" sizes=\"auto, (max-width: 2560px) 100vw, 2560px\" \/><\/div>\n\t\t<\/figure>\n\t<\/div>\n\n\t<div class=\"wpb_text_column wpb_content_element textjust\" >\n\t\t<div class=\"wpb_wrapper\">\n\t\t\t<h2 data-section-id=\"rdqeu9\" data-start=\"1614\" data-end=\"1696\"><b>Producci\u00f3n avanzada con mecanizado CNC<\/b><\/h2>\n<p><span style=\"font-weight: 400;\">El coraz\u00f3n de nuestro servicio de <\/span><b>mecanizado CNC de acero en Canovelles<\/b><span style=\"font-weight: 400;\"> es la tecnolog\u00eda. Contamos con maquinaria CNC de \u00faltima generaci\u00f3n capaz de trabajar geometr\u00edas complejas con una precisi\u00f3n milim\u00e9trica.<\/span><\/p>\n<p><span style=\"font-weight: 400;\">Esto nos permite:<\/span><\/p>\n<ul>\n<li style=\"font-weight: 400;\" aria-level=\"1\"><span style=\"font-weight: 400;\">Mantener una alta repetibilidad en producci\u00f3n<\/span><\/li>\n<li style=\"font-weight: 400;\" aria-level=\"1\"><span style=\"font-weight: 400;\">Reducir tiempos de mecanizado<\/span><\/li>\n<li style=\"font-weight: 400;\" aria-level=\"1\"><span style=\"font-weight: 400;\">Minimizar desperdicio de material<\/span><\/li>\n<li style=\"font-weight: 400;\" aria-level=\"1\"><span style=\"font-weight: 400;\">Garantizar acabados uniformes<\/span><\/li>\n<\/ul>\n<p><span style=\"font-weight: 400;\">Adem\u00e1s, aplicamos controles de calidad en cada etapa del proceso, verificando dimensiones, tolerancias y acabados para asegurar que cada pieza cumple con los est\u00e1ndares exigidos.<\/span><\/p>\n<h2 data-section-id=\"11j6a5\" data-start=\"2852\" data-end=\"2938\"><b>Convierte tus ideas en piezas reales con mecanizado CNC de acero en Canovelles<\/b><\/h2>\n<p><span style=\"font-weight: 400;\">Si buscas precisi\u00f3n, resistencia y fiabilidad, est\u00e1s en el lugar adecuado. En Mec\u00e1nica Curiel combinamos experiencia, tecnolog\u00eda y compromiso para ofrecerte un servicio que impulsa tu producci\u00f3n.<\/span><\/p>\n<p><span style=\"font-weight: 400;\">Nos adaptamos a tus tiempos, vol\u00famenes y requerimientos t\u00e9cnicos, ofreciendo un servicio cercano y profesional que aporta valor real a tu empresa. <\/span><span style=\"font-weight: 400;\">Trabajamos con:<\/span><\/p>\n<ul>\n<li style=\"font-weight: 400;\" aria-level=\"1\"><span style=\"font-weight: 400;\">Entregas ajustadas a tus plazos<\/span><\/li>\n<li style=\"font-weight: 400;\" aria-level=\"1\"><span style=\"font-weight: 400;\">Producci\u00f3n flexible y escalable<\/span><\/li>\n<li style=\"font-weight: 400;\" aria-level=\"1\"><span style=\"font-weight: 400;\">Comunicaci\u00f3n directa y \u00e1gil<\/span><\/li>\n<li style=\"font-weight: 400;\" aria-level=\"1\"><span style=\"font-weight: 400;\">Compromiso total con cada proyecto<\/span><\/li>\n<\/ul>\n<p><span style=\"font-weight: 400;\">Nuestro objetivo es convertirnos en tu partner industrial de confianza. <\/span><span style=\"font-weight: 400;\">Cont\u00e1ctanos hoy mismo y recibe asesor\u00eda personalizada.\u00a0<\/span><\/p>\n\n\t\t<\/div>\n\t<\/div>\n<\/div><\/div><\/div><div class=\"wpb_column vc_column_container vc_col-sm-6\"><div class=\"vc_column-inner\"><div class=\"wpb_wrapper\"><div class=\"boc_heading  al_left\"  style=\"margin-bottom: 20px;margin-top: 0px;color: #333;\"><span>Cont\u00e1ctanos <strong>sin compromiso<\/strong><\/span><\/div>\n<div class=\"wpcf7 no-js\" id=\"wpcf7-f745-o1\" lang=\"es-ES\" dir=\"ltr\" data-wpcf7-id=\"745\">\n<div class=\"screen-reader-response\"><p role=\"status\" aria-live=\"polite\" aria-atomic=\"true\"><\/p> <ul><\/ul><\/div>\n<form action=\"\/en\/wp-json\/wp\/v2\/pages\/3528#wpcf7-f745-o1\" method=\"post\" class=\"wpcf7-form init\" aria-label=\"Formulario de contacto\" novalidate=\"novalidate\" data-status=\"init\" data-trp-original-action=\"\/en\/wp-json\/wp\/v2\/pages\/3528#wpcf7-f745-o1\">\n<fieldset class=\"hidden-fields-container\"><input type=\"hidden\" name=\"_wpcf7\" value=\"745\" \/><input type=\"hidden\" name=\"_wpcf7_version\" value=\"6.1.4\" \/><input type=\"hidden\" name=\"_wpcf7_locale\" value=\"es_ES\" \/><input type=\"hidden\" name=\"_wpcf7_unit_tag\" value=\"wpcf7-f745-o1\" \/><input type=\"hidden\" name=\"_wpcf7_container_post\" value=\"0\" \/><input type=\"hidden\" name=\"_wpcf7_posted_data_hash\" value=\"\" \/><input type=\"hidden\" name=\"_wpcf7_recaptcha_response\" value=\"\" \/>\n<\/fieldset>\n<p><label> Name (required)<br \/>\n<span class=\"wpcf7-form-control-wrap\" data-name=\"your-name\"><input size=\"40\" maxlength=\"400\" class=\"wpcf7-form-control wpcf7-text wpcf7-validates-as-required\" aria-required=\"true\" aria-invalid=\"false\" value=\"\" type=\"text\" name=\"your-name\" \/><\/span> <\/label>\n<\/p>\n<p><label> Your email (required)<br \/>\n<span class=\"wpcf7-form-control-wrap\" data-name=\"your-email\"><input size=\"40\" maxlength=\"400\" class=\"wpcf7-form-control wpcf7-email wpcf7-validates-as-required wpcf7-text wpcf7-validates-as-email\" aria-required=\"true\" aria-invalid=\"false\" value=\"\" type=\"email\" name=\"your-email\" \/><\/span> <\/label>\n<\/p>\n<p><label> Affair<br \/>\n<span class=\"wpcf7-form-control-wrap\" data-name=\"your-subject\"><input size=\"40\" maxlength=\"400\" class=\"wpcf7-form-control wpcf7-text\" aria-invalid=\"false\" value=\"\" type=\"text\" name=\"your-subject\" \/><\/span> <\/label>\n<\/p>\n<p><label> Message<br \/>\n<span class=\"wpcf7-form-control-wrap\" data-name=\"your-message\"><textarea cols=\"40\" rows=\"10\" maxlength=\"2000\" class=\"wpcf7-form-control wpcf7-textarea\" aria-invalid=\"false\" name=\"your-message\"><\/textarea><\/span> <\/label>\n<\/p>\n<p><span class=\"wpcf7-form-control-wrap\" data-name=\"checkbox-338\"><span class=\"wpcf7-form-control wpcf7-checkbox wpcf7-validates-as-required\"><span class=\"wpcf7-list-item first last\"><input type=\"checkbox\" name=\"checkbox-338[]\" value=\"He le\u00eddo y acepto la\" \/><span class=\"wpcf7-list-item-label\">I have read and accept the<\/span><\/span><\/span><\/span><a href=\"\/en\/aviso-legal-politica-de-privacidad\/\"> Privacy Policy<\/a>\n<\/p>\n<p><span class=\"wpcf7-form-control-wrap\" data-name=\"checkbox-33866\"><span class=\"wpcf7-form-control wpcf7-checkbox wpcf7-validates-as-required\"><span class=\"wpcf7-list-item first last\"><input type=\"checkbox\" name=\"checkbox-33866[]\" value=\"Acepto el env\u00edo de informaci\u00f3n\" \/><span class=\"wpcf7-list-item-label\">I accept the sending of information<\/span><\/span><\/span><\/span>\n<\/p>\n\n<p><input class=\"wpcf7-form-control wpcf7-submit has-spinner\" type=\"submit\" value=\"Send\" \/>\n<\/p><div class=\"wpcf7-response-output\" aria-hidden=\"true\"><\/div>\n<input type=\"hidden\" name=\"trp-form-language\" value=\"en\"\/><\/form>\n<\/div>\n<\/div><\/div><\/div><\/div><div class=\"vc_row-full-width vc_clearfix\"><\/div>\n<\/div>","protected":false},"excerpt":{"rendered":"Ingenier\u00eda aplicada al mecanizado CNC de acero en Canovelles En cada proyecto de mecanizado CNC de acero en Canovelles, partimos de un an\u00e1lisis t\u00e9cnico detallado para garantizar que cada pieza cumpla con sus requisitos funcionales y mec\u00e1nicos. Fabricamos componentes en distintos tipos de acero \u2014al carbono, inoxidable o aleado\u2014 adapt\u00e1ndonos a las especificaciones del cliente. Desde prototipos hasta producci\u00f3n en<div class=\"h10\"><\/div><a class=\"more-link1\" href=\"https:\/\/mecanicacuriel.com\/en\/mecanizados-cnc\/mecanizado-cnc-de-acero-en-canovelles\/\">Read more<\/a>","protected":false},"author":6,"featured_media":3531,"parent":381,"menu_order":0,"comment_status":"closed","ping_status":"closed","template":"","meta":{"footnotes":""},"class_list":["post-3528","page","type-page","status-publish","has-post-thumbnail","hentry"],"aioseo_notices":[],"yoast_head":"<!-- This site is optimized with the Yoast SEO plugin v27.1.1 - https:\/\/yoast.com\/product\/yoast-seo-wordpress\/ -->\n<title>Mecanizado CNC de acero en Canovelles | Mec\u00e1nica Curiel<\/title>\n<meta name=\"description\" content=\"Servicio de mecanizado CNC de acero en Canovelles. Piezas resistentes, alta precisi\u00f3n y entregas r\u00e1pidas con Mec\u00e1nica Curiel.\" \/>\n<meta name=\"robots\" content=\"index, follow, max-snippet:-1, max-image-preview:large, max-video-preview:-1\" \/>\n<link rel=\"canonical\" href=\"https:\/\/mecanicacuriel.com\/en\/mecanizados-cnc\/mecanizado-cnc-de-acero-en-canovelles\/\" \/>\n<meta property=\"og:locale\" content=\"en_GB\" \/>\n<meta property=\"og:type\" content=\"article\" \/>\n<meta property=\"og:title\" content=\"Mecanizado CNC de acero en Canovelles | Mec\u00e1nica Curiel\" \/>\n<meta property=\"og:description\" content=\"Servicio de mecanizado CNC de acero en Canovelles. Piezas resistentes, alta precisi\u00f3n y entregas r\u00e1pidas con Mec\u00e1nica Curiel.\" \/>\n<meta property=\"og:url\" content=\"https:\/\/mecanicacuriel.com\/en\/mecanizados-cnc\/mecanizado-cnc-de-acero-en-canovelles\/\" \/>\n<meta property=\"og:site_name\" content=\"Mecanica Curiel\" \/>\n<meta property=\"og:image\" content=\"https:\/\/mecanicacuriel.com\/wp-content\/uploads\/2026\/04\/pexels-daniel-smyth-83914874-8956313-scaled.jpg\" \/>\n\t<meta property=\"og:image:width\" content=\"2560\" \/>\n\t<meta property=\"og:image:height\" content=\"1723\" \/>\n\t<meta property=\"og:image:type\" content=\"image\/jpeg\" \/>\n<meta name=\"twitter:card\" content=\"summary_large_image\" \/>\n<meta name=\"twitter:label1\" content=\"Estimated reading time\" \/>\n\t<meta name=\"twitter:data1\" content=\"2 minutes\" \/>\n<script type=\"application\/ld+json\" class=\"yoast-schema-graph\">{\"@context\":\"https:\/\/schema.org\",\"@graph\":[{\"@type\":\"WebPage\",\"@id\":\"https:\/\/mecanicacuriel.com\/mecanizados-cnc\/mecanizado-cnc-de-acero-en-canovelles\/\",\"url\":\"https:\/\/mecanicacuriel.com\/mecanizados-cnc\/mecanizado-cnc-de-acero-en-canovelles\/\",\"name\":\"Mecanizado CNC de acero en Canovelles | Mec\u00e1nica Curiel\",\"isPartOf\":{\"@id\":\"https:\/\/mecanicacuriel.com\/#website\"},\"primaryImageOfPage\":{\"@id\":\"https:\/\/mecanicacuriel.com\/mecanizados-cnc\/mecanizado-cnc-de-acero-en-canovelles\/#primaryimage\"},\"image\":{\"@id\":\"https:\/\/mecanicacuriel.com\/mecanizados-cnc\/mecanizado-cnc-de-acero-en-canovelles\/#primaryimage\"},\"thumbnailUrl\":\"https:\/\/mecanicacuriel.com\/wp-content\/uploads\/2026\/04\/pexels-daniel-smyth-83914874-8956313-scaled.jpg\",\"datePublished\":\"2026-05-03T15:55:58+00:00\",\"description\":\"Servicio de mecanizado CNC de acero en Canovelles. Piezas resistentes, alta precisi\u00f3n y entregas r\u00e1pidas con Mec\u00e1nica Curiel.\",\"breadcrumb\":{\"@id\":\"https:\/\/mecanicacuriel.com\/mecanizados-cnc\/mecanizado-cnc-de-acero-en-canovelles\/#breadcrumb\"},\"inLanguage\":\"en-GB\",\"potentialAction\":[{\"@type\":\"ReadAction\",\"target\":[\"https:\/\/mecanicacuriel.com\/mecanizados-cnc\/mecanizado-cnc-de-acero-en-canovelles\/\"]}]},{\"@type\":\"ImageObject\",\"inLanguage\":\"en-GB\",\"@id\":\"https:\/\/mecanicacuriel.com\/mecanizados-cnc\/mecanizado-cnc-de-acero-en-canovelles\/#primaryimage\",\"url\":\"https:\/\/mecanicacuriel.com\/wp-content\/uploads\/2026\/04\/pexels-daniel-smyth-83914874-8956313-scaled.jpg\",\"contentUrl\":\"https:\/\/mecanicacuriel.com\/wp-content\/uploads\/2026\/04\/pexels-daniel-smyth-83914874-8956313-scaled.jpg\",\"width\":2560,\"height\":1723,\"caption\":\"mecanizado CNC de acero en Canovelles\"},{\"@type\":\"BreadcrumbList\",\"@id\":\"https:\/\/mecanicacuriel.com\/mecanizados-cnc\/mecanizado-cnc-de-acero-en-canovelles\/#breadcrumb\",\"itemListElement\":[{\"@type\":\"ListItem\",\"position\":1,\"name\":\"Portada\",\"item\":\"https:\/\/mecanicacuriel.com\/\"},{\"@type\":\"ListItem\",\"position\":2,\"name\":\"Mecanizados CNC\",\"item\":\"https:\/\/mecanicacuriel.com\/mecanizados-cnc\/\"},{\"@type\":\"ListItem\",\"position\":3,\"name\":\"Mecanizado CNC de acero en Canovelles\"}]},{\"@type\":\"WebSite\",\"@id\":\"https:\/\/mecanicacuriel.com\/#website\",\"url\":\"https:\/\/mecanicacuriel.com\/\",\"name\":\"Mecanica Curiel\",\"description\":\"fabricaci\u00f3n y construcci\u00f3n de mecanizados y montajes de precisi\u00f3n.\",\"potentialAction\":[{\"@type\":\"SearchAction\",\"target\":{\"@type\":\"EntryPoint\",\"urlTemplate\":\"https:\/\/mecanicacuriel.com\/?s={search_term_string}\"},\"query-input\":{\"@type\":\"PropertyValueSpecification\",\"valueRequired\":true,\"valueName\":\"search_term_string\"}}],\"inLanguage\":\"en-GB\"}]}<\/script>\n<!-- \/ Yoast SEO plugin. -->","yoast_head_json":{"title":"Mecanizado CNC de acero en Canovelles | Mec\u00e1nica Curiel","description":"Servicio de mecanizado CNC de acero en Canovelles. Piezas resistentes, alta precisi\u00f3n y entregas r\u00e1pidas con Mec\u00e1nica Curiel.","robots":{"index":"index","follow":"follow","max-snippet":"max-snippet:-1","max-image-preview":"max-image-preview:large","max-video-preview":"max-video-preview:-1"},"canonical":"https:\/\/mecanicacuriel.com\/en\/mecanizados-cnc\/mecanizado-cnc-de-acero-en-canovelles\/","og_locale":"en_GB","og_type":"article","og_title":"Mecanizado CNC de acero en Canovelles | Mec\u00e1nica Curiel","og_description":"Servicio de mecanizado CNC de acero en Canovelles. Piezas resistentes, alta precisi\u00f3n y entregas r\u00e1pidas con Mec\u00e1nica Curiel.","og_url":"https:\/\/mecanicacuriel.com\/en\/mecanizados-cnc\/mecanizado-cnc-de-acero-en-canovelles\/","og_site_name":"Mecanica Curiel","og_image":[{"width":2560,"height":1723,"url":"https:\/\/mecanicacuriel.com\/wp-content\/uploads\/2026\/04\/pexels-daniel-smyth-83914874-8956313-scaled.jpg","type":"image\/jpeg"}],"twitter_card":"summary_large_image","twitter_misc":{"Estimated reading time":"2 minutes"},"schema":{"@context":"https:\/\/schema.org","@graph":[{"@type":"WebPage","@id":"https:\/\/mecanicacuriel.com\/mecanizados-cnc\/mecanizado-cnc-de-acero-en-canovelles\/","url":"https:\/\/mecanicacuriel.com\/mecanizados-cnc\/mecanizado-cnc-de-acero-en-canovelles\/","name":"Mecanizado CNC de acero en Canovelles | Mec\u00e1nica Curiel","isPartOf":{"@id":"https:\/\/mecanicacuriel.com\/#website"},"primaryImageOfPage":{"@id":"https:\/\/mecanicacuriel.com\/mecanizados-cnc\/mecanizado-cnc-de-acero-en-canovelles\/#primaryimage"},"image":{"@id":"https:\/\/mecanicacuriel.com\/mecanizados-cnc\/mecanizado-cnc-de-acero-en-canovelles\/#primaryimage"},"thumbnailUrl":"https:\/\/mecanicacuriel.com\/wp-content\/uploads\/2026\/04\/pexels-daniel-smyth-83914874-8956313-scaled.jpg","datePublished":"2026-05-03T15:55:58+00:00","description":"Servicio de mecanizado CNC de acero en Canovelles. Piezas resistentes, alta precisi\u00f3n y entregas r\u00e1pidas con Mec\u00e1nica Curiel.","breadcrumb":{"@id":"https:\/\/mecanicacuriel.com\/mecanizados-cnc\/mecanizado-cnc-de-acero-en-canovelles\/#breadcrumb"},"inLanguage":"en-GB","potentialAction":[{"@type":"ReadAction","target":["https:\/\/mecanicacuriel.com\/mecanizados-cnc\/mecanizado-cnc-de-acero-en-canovelles\/"]}]},{"@type":"ImageObject","inLanguage":"en-GB","@id":"https:\/\/mecanicacuriel.com\/mecanizados-cnc\/mecanizado-cnc-de-acero-en-canovelles\/#primaryimage","url":"https:\/\/mecanicacuriel.com\/wp-content\/uploads\/2026\/04\/pexels-daniel-smyth-83914874-8956313-scaled.jpg","contentUrl":"https:\/\/mecanicacuriel.com\/wp-content\/uploads\/2026\/04\/pexels-daniel-smyth-83914874-8956313-scaled.jpg","width":2560,"height":1723,"caption":"mecanizado CNC de acero en Canovelles"},{"@type":"BreadcrumbList","@id":"https:\/\/mecanicacuriel.com\/mecanizados-cnc\/mecanizado-cnc-de-acero-en-canovelles\/#breadcrumb","itemListElement":[{"@type":"ListItem","position":1,"name":"Portada","item":"https:\/\/mecanicacuriel.com\/"},{"@type":"ListItem","position":2,"name":"Mecanizados CNC","item":"https:\/\/mecanicacuriel.com\/mecanizados-cnc\/"},{"@type":"ListItem","position":3,"name":"Mecanizado CNC de acero en Canovelles"}]},{"@type":"WebSite","@id":"https:\/\/mecanicacuriel.com\/#website","url":"https:\/\/mecanicacuriel.com\/","name":"Curiel Mechanics","description":"manufacturing and construction of precision machining and assembly.","potentialAction":[{"@type":"SearchAction","target":{"@type":"EntryPoint","urlTemplate":"https:\/\/mecanicacuriel.com\/?s={search_term_string}"},"query-input":{"@type":"PropertyValueSpecification","valueRequired":true,"valueName":"search_term_string"}}],"inLanguage":"en-GB"}]}},"_links":{"self":[{"href":"https:\/\/mecanicacuriel.com\/en\/wp-json\/wp\/v2\/pages\/3528","targetHints":{"allow":["GET"]}}],"collection":[{"href":"https:\/\/mecanicacuriel.com\/en\/wp-json\/wp\/v2\/pages"}],"about":[{"href":"https:\/\/mecanicacuriel.com\/en\/wp-json\/wp\/v2\/types\/page"}],"author":[{"embeddable":true,"href":"https:\/\/mecanicacuriel.com\/en\/wp-json\/wp\/v2\/users\/6"}],"replies":[{"embeddable":true,"href":"https:\/\/mecanicacuriel.com\/en\/wp-json\/wp\/v2\/comments?post=3528"}],"version-history":[{"count":3,"href":"https:\/\/mecanicacuriel.com\/en\/wp-json\/wp\/v2\/pages\/3528\/revisions"}],"predecessor-version":[{"id":3533,"href":"https:\/\/mecanicacuriel.com\/en\/wp-json\/wp\/v2\/pages\/3528\/revisions\/3533"}],"up":[{"embeddable":true,"href":"https:\/\/mecanicacuriel.com\/en\/wp-json\/wp\/v2\/pages\/381"}],"wp:featuredmedia":[{"embeddable":true,"href":"https:\/\/mecanicacuriel.com\/en\/wp-json\/wp\/v2\/media\/3531"}],"wp:attachment":[{"href":"https:\/\/mecanicacuriel.com\/en\/wp-json\/wp\/v2\/media?parent=3528"}],"curies":[{"name":"wp","href":"https:\/\/api.w.org\/{rel}","templated":true}]}}