{"id":381,"date":"2015-03-04T08:23:16","date_gmt":"2015-03-04T08:23:16","guid":{"rendered":"http:\/\/mecanicacuriel.com\/?page_id=381"},"modified":"2017-05-26T09:34:24","modified_gmt":"2017-05-26T09:34:24","slug":"mecanizados-cnc","status":"publish","type":"page","link":"https:\/\/mecanicacuriel.com\/en\/mecanizados-cnc\/","title":{"rendered":"CNC machining"},"content":{"rendered":"<div class=\"wpb-content-wrapper\"><div class=\"vc_row wpb_row vc_row-fluid\"><div class=\"wpb_column vc_column_container vc_col-sm-12\"><div class=\"vc_column-inner\"><div class=\"wpb_wrapper\"><div class=\"wpb_revslider_element wpb_content_element\">\n\t\t\t<!-- START home REVOLUTION SLIDER 6.7.25 --><p class=\"rs-p-wp-fix\"><\/p>\n\t\t\t<rs-module-wrap id=\"rev_slider_1_1_wrapper\" data-source=\"gallery\" style=\"visibility:hidden;background:#E9E9E9;padding:-15;margin:0px auto;margin-top:0;margin-bottom:0;\">\n\t\t\t\t<rs-module id=\"rev_slider_1_1\" style=\"\" data-version=\"6.7.25\">\n\t\t\t\t\t<rs-slides style=\"overflow: hidden; position: absolute;\">\n\t\t\t\t\t\t<rs-slide style=\"position: absolute;\" data-key=\"rs-10\" data-title=\"Slide\" data-thumb=\"\/\/mecanicacuriel.com\/wp-content\/uploads\/2014\/11\/11-100x50.jpg\" data-anim=\"adpr:false;\">\n\t\t\t\t\t\t\t<img decoding=\"async\" src=\"\/\/mecanicacuriel.com\/wp-content\/plugins\/revslider\/sr6\/assets\/assets\/dummy.png\" alt=\"\" title=\"CNC machining\" class=\"rev-slidebg tp-rs-img rs-lazyload\" data-lazyload=\"\/\/mecanicacuriel.com\/wp-content\/uploads\/2014\/11\/11.jpg\" data-bg=\"p:center top;\" data-no-retina>\n<!---->\t\t\t\t\t<\/rs-slide>\n\t\t\t\t\t\t<rs-slide style=\"position: absolute;\" data-key=\"rs-3\" data-title=\"Slide\" data-thumb=\"\/\/mecanicacuriel.com\/wp-content\/uploads\/2014\/11\/1-100x50.jpg\" data-anim=\"adpr:false;\">\n\t\t\t\t\t\t\t<img decoding=\"async\" src=\"\/\/mecanicacuriel.com\/wp-content\/plugins\/revslider\/sr6\/assets\/assets\/dummy.png\" alt=\"\" title=\"CNC machining\" class=\"rev-slidebg tp-rs-img rs-lazyload\" data-lazyload=\"\/\/mecanicacuriel.com\/wp-content\/uploads\/2014\/11\/1.jpg\" data-bg=\"p:center top;\" data-no-retina>\n<!---->\t\t\t\t\t<\/rs-slide>\n\t\t\t\t\t\t<rs-slide style=\"position: absolute;\" data-key=\"rs-4\" data-title=\"Slide\" data-thumb=\"\/\/mecanicacuriel.com\/wp-content\/uploads\/2016\/12\/2.-CJT.-BOMBAS-PERIST\u00c1LTICAS-100x50.jpg\" data-anim=\"adpr:false;\">\n\t\t\t\t\t\t\t<img decoding=\"async\" src=\"\/\/mecanicacuriel.com\/wp-content\/plugins\/revslider\/sr6\/assets\/assets\/dummy.png\" alt=\"\" title=\"CNC machining\" class=\"rev-slidebg tp-rs-img rs-lazyload\" data-lazyload=\"\/\/mecanicacuriel.com\/wp-content\/uploads\/2016\/12\/2.-CJT.-BOMBAS-PERIST\u00c1LTICAS.jpg\" data-bg=\"p:center top;\" data-no-retina>\n<!---->\t\t\t\t\t<\/rs-slide>\n\t\t\t\t\t\t<rs-slide style=\"position: absolute;\" data-key=\"rs-6\" data-title=\"Slide\" data-thumb=\"\/\/mecanicacuriel.com\/wp-content\/uploads\/2014\/11\/2-100x50.jpg\" data-anim=\"adpr:false;\">\n\t\t\t\t\t\t\t<img decoding=\"async\" src=\"\/\/mecanicacuriel.com\/wp-content\/plugins\/revslider\/sr6\/assets\/assets\/dummy.png\" alt=\"\" title=\"CNC machining\" class=\"rev-slidebg tp-rs-img rs-lazyload\" data-lazyload=\"\/\/mecanicacuriel.com\/wp-content\/uploads\/2014\/11\/2.jpg\" data-bg=\"p:center top;\" data-no-retina>\n<!---->\t\t\t\t\t<\/rs-slide>\n\t\t\t\t\t\t<rs-slide style=\"position: absolute;\" data-key=\"rs-9\" data-title=\"Slide\" data-thumb=\"\/\/mecanicacuriel.com\/wp-content\/uploads\/2016\/12\/2.-Conjunto-de-Carros-lineales-100x50.jpg\" data-anim=\"adpr:false;\">\n\t\t\t\t\t\t\t<img decoding=\"async\" src=\"\/\/mecanicacuriel.com\/wp-content\/plugins\/revslider\/sr6\/assets\/assets\/dummy.png\" alt=\"\" title=\"CNC machining\" class=\"rev-slidebg tp-rs-img rs-lazyload\" data-lazyload=\"\/\/mecanicacuriel.com\/wp-content\/uploads\/2016\/12\/2.-Conjunto-de-Carros-lineales.jpg\" data-bg=\"p:center top;\" data-no-retina>\n<!---->\t\t\t\t\t<\/rs-slide>\n\t\t\t\t\t\t<rs-slide style=\"position: absolute;\" data-key=\"rs-8\" data-title=\"Slide\" data-thumb=\"\/\/mecanicacuriel.com\/wp-content\/uploads\/2016\/12\/20220128_124231-100x50.jpg\" data-anim=\"adpr:false;\">\n\t\t\t\t\t\t\t<img decoding=\"async\" src=\"\/\/mecanicacuriel.com\/wp-content\/plugins\/revslider\/sr6\/assets\/assets\/dummy.png\" alt=\"\" title=\"CNC machining\" class=\"rev-slidebg tp-rs-img rs-lazyload\" data-lazyload=\"\/\/mecanicacuriel.com\/wp-content\/uploads\/2016\/12\/20220128_124231.jpg\" data-bg=\"p:center top;\" data-no-retina>\n<!---->\t\t\t\t\t<\/rs-slide>\n\t\t\t\t\t\t<rs-slide style=\"position: absolute;\" data-key=\"rs-11\" data-title=\"Slide\" data-thumb=\"\/\/mecanicacuriel.com\/wp-content\/uploads\/2016\/12\/20231206_094321-100x50.jpg\" data-anim=\"adpr:false;\">\n\t\t\t\t\t\t\t<img decoding=\"async\" src=\"\/\/mecanicacuriel.com\/wp-content\/plugins\/revslider\/sr6\/assets\/assets\/dummy.png\" alt=\"\" title=\"CNC machining\" class=\"rev-slidebg tp-rs-img rs-lazyload\" data-lazyload=\"\/\/mecanicacuriel.com\/wp-content\/uploads\/2016\/12\/20231206_094321.jpg\" data-bg=\"p:center top;\" data-no-retina>\n<!---->\t\t\t\t\t<\/rs-slide>\n\t\t\t\t\t<\/rs-slides>\n\t\t\t\t<\/rs-module>\n\t\t\t\t<script>\n\t\t\t\t\tsetREVStartSize({c: 'rev_slider_1_1',rl:[1240,1024,778,480],el:[],gw:[950],gh:[450],type:'standard',justify:'',layout:'fullwidth',mh:\"0\"});if (window.RS_MODULES!==undefined && window.RS_MODULES.modules!==undefined && window.RS_MODULES.modules[\"revslider11\"]!==undefined) {window.RS_MODULES.modules[\"revslider11\"].once = false;window.revapi1 = undefined;if (window.RS_MODULES.checkMinimal!==undefined) window.RS_MODULES.checkMinimal()}\n\t\t\t\t<\/script>\n\t\t\t<\/rs-module-wrap>\n\t\t\t<!-- END REVOLUTION SLIDER -->\n<\/div>\n\t<div class=\"wpb_text_column wpb_content_element\" >\n\t\t<div class=\"wpb_wrapper\">\n\t\t\t<p>In <strong>Curiel Mechanics<\/strong>, como empresa de <strong>precision machining<\/strong> especializada que somos, nos regimos por ofrecer a todos y cada uno de nuestros clientes dos de los valores mejor considerados para la atenci\u00f3n y prestaci\u00f3n de todo servicio, que son: la alta calidad en nuestros productos y servicios, y el transmitir tranquilidad a nuestros clientes al poderles ofrecer esa caracter\u00edstica \u00fanica y exclusiva.<\/p>\n<p>The sector of <strong>precision machining <\/strong>ha sufrido una evoluci\u00f3n considerable desde que surgi\u00f3 hasta la actualidad. Desde los convencionalismos m\u00e1s primarios, hasta la \u00faltima y m\u00e1s moderna <strong>CNC machinery<\/strong> 3D, which has favored the evolution of the <strong>precision machining<\/strong>.<\/p>\n<p>Por muchos son desconocidas las aplicaciones de los <strong>mechanized<\/strong> en la sociedad actual, pero la realidad es que gracias a la evoluci\u00f3n que han sufrido, podemos disfrutar de tecnolog\u00eda y artilugios de alta gama, imposibles de desarrollar sin unos procedimientos y t\u00e9cnicas modernos. Ah\u00ed entra en juego el gran salto de los <strong>mechanized<\/strong> classics to the introduction of the <strong>CNC machining<\/strong> (numerical control computing).<\/p>\n<p>Todos disfrutamos de los \u00faltimos avances tecnol\u00f3gicos y electr\u00f3nicos que el mercado puede ofrecernos. El tel\u00e9fono m\u00f3vil de \u00faltima generaci\u00f3n, el televisor 3D con conexi\u00f3n a Internet, los electrodom\u00e9sticos m\u00e1s modernos con funciones dom\u00f3ticas, y un largo etc\u00e9tera de las \u00faltimas novedades que, inevitablemente, forman ya parte de nuestra rutina diaria.<\/p>\n<p>In <strong>machining companies<\/strong> como la nuestra, <strong>Curiel Mechanics, <\/strong>valoramos ampliamente la importancia que tiene la <strong>CNC machinery<\/strong> para desarrollar nuestra labor del modo m\u00e1s cuidadoso posible. L\u00f3gicamente, las exigencias del mercado actual, han provocado la adaptaci\u00f3n de las <strong>machining companies<\/strong> a tener en disposici\u00f3n el uso de <strong>m\u00e1quinas de control num\u00e9rico<\/strong> <strong>(CNC)<\/strong>, pero ello ha conllevado, a su vez, mejoras en la calidad de los productos y relevancia en el sector de cualquier <strong>machining company<\/strong> que quiera jugar un rol destacado en el mundo de los <strong>precision machining<\/strong>.<\/p>\n<p>Con dilata experiencia a la hora de ofrecer productos y servicios <strong>mechanized<\/strong>, tras m\u00e1s de cuatro d\u00e9cadas siendo un referente en la provincia de <strong>Barcelona<\/strong>, in <strong>Curiel Mechanics,<\/strong> nos hemos especializado en ofrecer a todos y cada uno de nuestros clientes esa caracter\u00edstica \u00fanica: los mejores <strong>mechanized<\/strong> posibles, realizados con productos de calidad y las m\u00e1s novedosas tecnolog\u00edas que son esas m\u00e1quinas por control num\u00e9rico, <strong>CNC machinery<\/strong>. \u00a0Cada elemento que tratamos, al que s\u00f3lo nosotros sabemos darle ese toque al producto.<\/p>\n<p>Tratados con toda la atenci\u00f3n que merecen, utilizando materiales de primera calidad, y de manos de profesionales altamente cualificados, los <strong>mechanized<\/strong> tratados con <strong>CNC machinery<\/strong> son una tecnolog\u00eda muy a tener en cuenta por las <strong>machining companies<\/strong>, las cuales permiten muchas m\u00e1s ventajas a nivel de productividad: ayudan a trabajar multiplicidad de formas y a ejecutar pr\u00e1cticamente cualquier tipo de <strong>machining<\/strong>; aumentando, como dec\u00edamos, el volumen de producci\u00f3n por su r\u00e1pida ejecuci\u00f3n, y que permiten una vigilancia menos exhaustiva, pues la <strong>CNC machinery<\/strong>, al programarse por computaci\u00f3n, desarrollada mediante el programa predeterminado, funcionan por s\u00ed mismas.<\/p>\n<p>En nuestra empresa,<strong> Curiel Mechanics<\/strong>, somos una <strong>machining company<\/strong> con m\u00e1s de cuarenta a\u00f1os de tradici\u00f3n y experiencia en esta profesi\u00f3n que es el ofrecer servicios de <strong>mechanized<\/strong> and <strong>precision assemblies. <\/strong>Desde 1972,los profesionales de nuestra<strong> empresa, <\/strong>nos hemos dedicado a esta labor mediante una entrega met\u00f3dica. Especializados en <strong>precision machining<\/strong> for <strong>laboratories<\/strong>, adem\u00e1s de en la elaboraci\u00f3n de todo tipo de <strong>mechanized <\/strong>para viscosimetr\u00eda y electromedicina, peque\u00f1a maquinaria en general, <strong>valves <\/strong>especial, utillajes, prototipos y otros <strong>precision machining<\/strong>.<\/p>\n<p>In <strong>Curiel Mechanics<\/strong>, consideramos de suma importancia la responsabilidad de realizar un trabajo digno, arropados por las caracter\u00edsticas de esta <strong>CNC machinery<\/strong> que procede, adem\u00e1s de contar con productos y materiales de primera calidad para la confecci\u00f3n de nuestros productos y servicios.<\/p>\n<p>Desde que empezamos esta andadura en el campo de los <strong>precision machining<\/strong>, in <strong>Curiel Mechanics<\/strong>, hemos llevado a cabo un todo un proceso especializado de desarrollo t\u00e9cnico y profesional, basado en el trabajo en m\u00faltiples \u00e1reas y actividades para todo tipo de fines.<\/p>\n<p>Como nuestros clientes, queremos brindaros un servicio de calidad, asegurado por la seriedad, la profesionalidad y el compromiso de un proyecto garantizado, de la mano de un personal exigente consigo mismo y para con los clientes, que trabajan con los \u00faltimos y m\u00e1s actualizados medios t\u00e9cnicos (<strong>CNC machinery<\/strong>), en nuestras infraestructuras, exigidos por la actual situaci\u00f3n del mercado de <strong>machining companies<\/strong>.<\/p>\n<p>Compromiso, entrega y profesionalidad, ante todo, son los principales valores que defendemos todos los miembros de nuestra <strong>machining company<\/strong>, <strong>Curiel Mechanics<\/strong>, y sobre todo, por la seriedad de un trabajo detallado y minucioso como lo son los<strong> precision machining<\/strong>, para lograr cumplir con nuestra tarea, en este sector de los <strong>mechanized<\/strong>.<\/p>\n<p>Si quer\u00e9is resolver cualquier tipo de duda o recibir m\u00e1s informaci\u00f3n acerca de todos los servicios que ofrecemos en nuestra empresa de <strong>precision machining<\/strong>, no dud\u00e9is m\u00e1s y poneros en contacto con cualquiera de los integrantes de nuestra plantilla. Sin ning\u00fan tipo de compromiso, nos pondremos en contacto con vosotros y trataremos de responder a todas vuestras preguntas y asesoraros en todo lo que est\u00e9 en nuestras manos para garantizaros <strong>precision machining<\/strong> de calidad con los mejores medios t\u00e9cnicos (<strong>CNC machinery<\/strong>) y las caracter\u00edsticas de calidad que os merec\u00e9is.<\/p>\n\n\t\t<\/div>\n\t<\/div>\n<\/div><\/div><\/div><\/div>\n<\/div>","protected":false},"excerpt":{"rendered":"En Mec\u00e1nica Curiel, como empresa de mecanizados de precisi\u00f3n especializada que somos, nos regimos por ofrecer a todos y cada uno de nuestros clientes dos de los valores mejor considerados para la atenci\u00f3n y prestaci\u00f3n de todo servicio, que son: la alta calidad en nuestros productos y servicios, y el transmitir tranquilidad a nuestros clientes al poderles ofrecer esa caracter\u00edstica<div class=\"h10\"><\/div><a class=\"more-link1\" href=\"https:\/\/mecanicacuriel.com\/en\/mecanizados-cnc\/\">Read more<\/a>","protected":false},"author":2,"featured_media":0,"parent":0,"menu_order":0,"comment_status":"open","ping_status":"open","template":"","meta":{"footnotes":""},"class_list":["post-381","page","type-page","status-publish","hentry"],"aioseo_notices":[],"yoast_head":"<!-- This site is optimized with the Yoast SEO plugin v27.1.1 - https:\/\/yoast.com\/product\/yoast-seo-wordpress\/ -->\n<title>Mecanizados CNC - Mecanica Curiel<\/title>\n<meta name=\"robots\" content=\"index, follow, max-snippet:-1, max-image-preview:large, max-video-preview:-1\" \/>\n<link rel=\"canonical\" href=\"https:\/\/mecanicacuriel.com\/en\/mecanizados-cnc\/\" \/>\n<meta property=\"og:locale\" content=\"en_GB\" \/>\n<meta property=\"og:type\" content=\"article\" \/>\n<meta property=\"og:title\" content=\"Mecanizados CNC - Mecanica Curiel\" \/>\n<meta property=\"og:url\" content=\"https:\/\/mecanicacuriel.com\/en\/mecanizados-cnc\/\" \/>\n<meta property=\"og:site_name\" content=\"Mecanica Curiel\" \/>\n<meta property=\"article:modified_time\" content=\"2017-05-26T09:34:24+00:00\" \/>\n<meta name=\"twitter:card\" content=\"summary_large_image\" \/>\n<meta name=\"twitter:label1\" content=\"Estimated reading time\" \/>\n\t<meta name=\"twitter:data1\" content=\"5 minutes\" \/>\n<script type=\"application\/ld+json\" class=\"yoast-schema-graph\">{\"@context\":\"https:\/\/schema.org\",\"@graph\":[{\"@type\":\"WebPage\",\"@id\":\"https:\/\/mecanicacuriel.com\/mecanizados-cnc\/\",\"url\":\"https:\/\/mecanicacuriel.com\/mecanizados-cnc\/\",\"name\":\"Mecanizados CNC - Mecanica Curiel\",\"isPartOf\":{\"@id\":\"https:\/\/mecanicacuriel.com\/#website\"},\"datePublished\":\"2015-03-04T08:23:16+00:00\",\"dateModified\":\"2017-05-26T09:34:24+00:00\",\"breadcrumb\":{\"@id\":\"https:\/\/mecanicacuriel.com\/mecanizados-cnc\/#breadcrumb\"},\"inLanguage\":\"en-GB\",\"potentialAction\":[{\"@type\":\"ReadAction\",\"target\":[\"https:\/\/mecanicacuriel.com\/mecanizados-cnc\/\"]}]},{\"@type\":\"BreadcrumbList\",\"@id\":\"https:\/\/mecanicacuriel.com\/mecanizados-cnc\/#breadcrumb\",\"itemListElement\":[{\"@type\":\"ListItem\",\"position\":1,\"name\":\"Portada\",\"item\":\"https:\/\/mecanicacuriel.com\/\"},{\"@type\":\"ListItem\",\"position\":2,\"name\":\"Mecanizados CNC\"}]},{\"@type\":\"WebSite\",\"@id\":\"https:\/\/mecanicacuriel.com\/#website\",\"url\":\"https:\/\/mecanicacuriel.com\/\",\"name\":\"Mecanica Curiel\",\"description\":\"fabricaci\u00f3n y construcci\u00f3n de mecanizados y montajes de precisi\u00f3n.\",\"potentialAction\":[{\"@type\":\"SearchAction\",\"target\":{\"@type\":\"EntryPoint\",\"urlTemplate\":\"https:\/\/mecanicacuriel.com\/?s={search_term_string}\"},\"query-input\":{\"@type\":\"PropertyValueSpecification\",\"valueRequired\":true,\"valueName\":\"search_term_string\"}}],\"inLanguage\":\"en-GB\"}]}<\/script>\n<!-- \/ Yoast SEO plugin. -->","yoast_head_json":{"title":"Mecanizados CNC - Mecanica Curiel","robots":{"index":"index","follow":"follow","max-snippet":"max-snippet:-1","max-image-preview":"max-image-preview:large","max-video-preview":"max-video-preview:-1"},"canonical":"https:\/\/mecanicacuriel.com\/en\/mecanizados-cnc\/","og_locale":"en_GB","og_type":"article","og_title":"Mecanizados CNC - Mecanica Curiel","og_url":"https:\/\/mecanicacuriel.com\/en\/mecanizados-cnc\/","og_site_name":"Mecanica Curiel","article_modified_time":"2017-05-26T09:34:24+00:00","twitter_card":"summary_large_image","twitter_misc":{"Estimated reading time":"5 minutes"},"schema":{"@context":"https:\/\/schema.org","@graph":[{"@type":"WebPage","@id":"https:\/\/mecanicacuriel.com\/mecanizados-cnc\/","url":"https:\/\/mecanicacuriel.com\/mecanizados-cnc\/","name":"Mecanizados CNC - Mecanica Curiel","isPartOf":{"@id":"https:\/\/mecanicacuriel.com\/#website"},"datePublished":"2015-03-04T08:23:16+00:00","dateModified":"2017-05-26T09:34:24+00:00","breadcrumb":{"@id":"https:\/\/mecanicacuriel.com\/mecanizados-cnc\/#breadcrumb"},"inLanguage":"en-GB","potentialAction":[{"@type":"ReadAction","target":["https:\/\/mecanicacuriel.com\/mecanizados-cnc\/"]}]},{"@type":"BreadcrumbList","@id":"https:\/\/mecanicacuriel.com\/mecanizados-cnc\/#breadcrumb","itemListElement":[{"@type":"ListItem","position":1,"name":"Portada","item":"https:\/\/mecanicacuriel.com\/"},{"@type":"ListItem","position":2,"name":"Mecanizados CNC"}]},{"@type":"WebSite","@id":"https:\/\/mecanicacuriel.com\/#website","url":"https:\/\/mecanicacuriel.com\/","name":"Curiel Mechanics","description":"manufacturing and construction of precision machining and assembly.","potentialAction":[{"@type":"SearchAction","target":{"@type":"EntryPoint","urlTemplate":"https:\/\/mecanicacuriel.com\/?s={search_term_string}"},"query-input":{"@type":"PropertyValueSpecification","valueRequired":true,"valueName":"search_term_string"}}],"inLanguage":"en-GB"}]}},"_links":{"self":[{"href":"https:\/\/mecanicacuriel.com\/en\/wp-json\/wp\/v2\/pages\/381","targetHints":{"allow":["GET"]}}],"collection":[{"href":"https:\/\/mecanicacuriel.com\/en\/wp-json\/wp\/v2\/pages"}],"about":[{"href":"https:\/\/mecanicacuriel.com\/en\/wp-json\/wp\/v2\/types\/page"}],"author":[{"embeddable":true,"href":"https:\/\/mecanicacuriel.com\/en\/wp-json\/wp\/v2\/users\/2"}],"replies":[{"embeddable":true,"href":"https:\/\/mecanicacuriel.com\/en\/wp-json\/wp\/v2\/comments?post=381"}],"version-history":[{"count":2,"href":"https:\/\/mecanicacuriel.com\/en\/wp-json\/wp\/v2\/pages\/381\/revisions"}],"predecessor-version":[{"id":1140,"href":"https:\/\/mecanicacuriel.com\/en\/wp-json\/wp\/v2\/pages\/381\/revisions\/1140"}],"wp:attachment":[{"href":"https:\/\/mecanicacuriel.com\/en\/wp-json\/wp\/v2\/media?parent=381"}],"curies":[{"name":"wp","href":"https:\/\/api.w.org\/{rel}","templated":true}]}}