{"id":415,"date":"2015-03-30T06:27:50","date_gmt":"2015-03-30T06:27:50","guid":{"rendered":"http:\/\/mecanicacuriel.com\/?page_id=415"},"modified":"2017-05-26T09:34:10","modified_gmt":"2017-05-26T09:34:10","slug":"mecanizados-cnc-barcelona","status":"publish","type":"page","link":"https:\/\/mecanicacuriel.com\/en\/mecanizados-cnc\/mecanizados-cnc-barcelona\/","title":{"rendered":"CNC machining Barcelona"},"content":{"rendered":"<div class=\"wpb-content-wrapper\"><div class=\"vc_row wpb_row vc_row-fluid\"><div class=\"wpb_column vc_column_container vc_col-sm-12\"><div class=\"vc_column-inner\"><div class=\"wpb_wrapper\"><div class=\"wpb_revslider_element wpb_content_element\">\n\t\t\t<!-- START home REVOLUTION SLIDER 6.7.25 --><p class=\"rs-p-wp-fix\"><\/p>\n\t\t\t<rs-module-wrap id=\"rev_slider_1_1_wrapper\" data-source=\"gallery\" style=\"visibility:hidden;background:#E9E9E9;padding:-15;margin:0px auto;margin-top:0;margin-bottom:0;\">\n\t\t\t\t<rs-module id=\"rev_slider_1_1\" style=\"\" data-version=\"6.7.25\">\n\t\t\t\t\t<rs-slides style=\"overflow: hidden; position: absolute;\">\n\t\t\t\t\t\t<rs-slide style=\"position: absolute;\" data-key=\"rs-10\" data-title=\"Slide\" data-thumb=\"\/\/mecanicacuriel.com\/wp-content\/uploads\/2014\/11\/11-100x50.jpg\" data-anim=\"adpr:false;\">\n\t\t\t\t\t\t\t<img decoding=\"async\" src=\"\/\/mecanicacuriel.com\/wp-content\/plugins\/revslider\/sr6\/assets\/assets\/dummy.png\" alt=\"\" title=\"CNC machining Barcelona\" class=\"rev-slidebg tp-rs-img rs-lazyload\" data-lazyload=\"\/\/mecanicacuriel.com\/wp-content\/uploads\/2014\/11\/11.jpg\" data-bg=\"p:center top;\" data-no-retina>\n<!---->\t\t\t\t\t<\/rs-slide>\n\t\t\t\t\t\t<rs-slide style=\"position: absolute;\" data-key=\"rs-3\" data-title=\"Slide\" data-thumb=\"\/\/mecanicacuriel.com\/wp-content\/uploads\/2014\/11\/1-100x50.jpg\" data-anim=\"adpr:false;\">\n\t\t\t\t\t\t\t<img decoding=\"async\" src=\"\/\/mecanicacuriel.com\/wp-content\/plugins\/revslider\/sr6\/assets\/assets\/dummy.png\" alt=\"\" title=\"CNC machining Barcelona\" class=\"rev-slidebg tp-rs-img rs-lazyload\" data-lazyload=\"\/\/mecanicacuriel.com\/wp-content\/uploads\/2014\/11\/1.jpg\" data-bg=\"p:center top;\" data-no-retina>\n<!---->\t\t\t\t\t<\/rs-slide>\n\t\t\t\t\t\t<rs-slide style=\"position: absolute;\" data-key=\"rs-4\" data-title=\"Slide\" data-thumb=\"\/\/mecanicacuriel.com\/wp-content\/uploads\/2016\/12\/2.-CJT.-BOMBAS-PERIST\u00c1LTICAS-100x50.jpg\" data-anim=\"adpr:false;\">\n\t\t\t\t\t\t\t<img decoding=\"async\" src=\"\/\/mecanicacuriel.com\/wp-content\/plugins\/revslider\/sr6\/assets\/assets\/dummy.png\" alt=\"\" title=\"CNC machining Barcelona\" class=\"rev-slidebg tp-rs-img rs-lazyload\" data-lazyload=\"\/\/mecanicacuriel.com\/wp-content\/uploads\/2016\/12\/2.-CJT.-BOMBAS-PERIST\u00c1LTICAS.jpg\" data-bg=\"p:center top;\" data-no-retina>\n<!---->\t\t\t\t\t<\/rs-slide>\n\t\t\t\t\t\t<rs-slide style=\"position: absolute;\" data-key=\"rs-6\" data-title=\"Slide\" data-thumb=\"\/\/mecanicacuriel.com\/wp-content\/uploads\/2014\/11\/2-100x50.jpg\" data-anim=\"adpr:false;\">\n\t\t\t\t\t\t\t<img decoding=\"async\" src=\"\/\/mecanicacuriel.com\/wp-content\/plugins\/revslider\/sr6\/assets\/assets\/dummy.png\" alt=\"\" title=\"CNC machining Barcelona\" class=\"rev-slidebg tp-rs-img rs-lazyload\" data-lazyload=\"\/\/mecanicacuriel.com\/wp-content\/uploads\/2014\/11\/2.jpg\" data-bg=\"p:center top;\" data-no-retina>\n<!---->\t\t\t\t\t<\/rs-slide>\n\t\t\t\t\t\t<rs-slide style=\"position: absolute;\" data-key=\"rs-9\" data-title=\"Slide\" data-thumb=\"\/\/mecanicacuriel.com\/wp-content\/uploads\/2016\/12\/2.-Conjunto-de-Carros-lineales-100x50.jpg\" data-anim=\"adpr:false;\">\n\t\t\t\t\t\t\t<img decoding=\"async\" src=\"\/\/mecanicacuriel.com\/wp-content\/plugins\/revslider\/sr6\/assets\/assets\/dummy.png\" alt=\"\" title=\"CNC machining Barcelona\" class=\"rev-slidebg tp-rs-img rs-lazyload\" data-lazyload=\"\/\/mecanicacuriel.com\/wp-content\/uploads\/2016\/12\/2.-Conjunto-de-Carros-lineales.jpg\" data-bg=\"p:center top;\" data-no-retina>\n<!---->\t\t\t\t\t<\/rs-slide>\n\t\t\t\t\t\t<rs-slide style=\"position: absolute;\" data-key=\"rs-8\" data-title=\"Slide\" data-thumb=\"\/\/mecanicacuriel.com\/wp-content\/uploads\/2016\/12\/20220128_124231-100x50.jpg\" data-anim=\"adpr:false;\">\n\t\t\t\t\t\t\t<img decoding=\"async\" src=\"\/\/mecanicacuriel.com\/wp-content\/plugins\/revslider\/sr6\/assets\/assets\/dummy.png\" alt=\"\" title=\"CNC machining Barcelona\" class=\"rev-slidebg tp-rs-img rs-lazyload\" data-lazyload=\"\/\/mecanicacuriel.com\/wp-content\/uploads\/2016\/12\/20220128_124231.jpg\" data-bg=\"p:center top;\" data-no-retina>\n<!---->\t\t\t\t\t<\/rs-slide>\n\t\t\t\t\t\t<rs-slide style=\"position: absolute;\" data-key=\"rs-11\" data-title=\"Slide\" data-thumb=\"\/\/mecanicacuriel.com\/wp-content\/uploads\/2016\/12\/20231206_094321-100x50.jpg\" data-anim=\"adpr:false;\">\n\t\t\t\t\t\t\t<img decoding=\"async\" src=\"\/\/mecanicacuriel.com\/wp-content\/plugins\/revslider\/sr6\/assets\/assets\/dummy.png\" alt=\"\" title=\"CNC machining Barcelona\" class=\"rev-slidebg tp-rs-img rs-lazyload\" data-lazyload=\"\/\/mecanicacuriel.com\/wp-content\/uploads\/2016\/12\/20231206_094321.jpg\" data-bg=\"p:center top;\" data-no-retina>\n<!---->\t\t\t\t\t<\/rs-slide>\n\t\t\t\t\t<\/rs-slides>\n\t\t\t\t<\/rs-module>\n\t\t\t\t<script>\n\t\t\t\t\tsetREVStartSize({c: 'rev_slider_1_1',rl:[1240,1024,778,480],el:[],gw:[950],gh:[450],type:'standard',justify:'',layout:'fullwidth',mh:\"0\"});if (window.RS_MODULES!==undefined && window.RS_MODULES.modules!==undefined && window.RS_MODULES.modules[\"revslider11\"]!==undefined) {window.RS_MODULES.modules[\"revslider11\"].once = false;window.revapi1 = undefined;if (window.RS_MODULES.checkMinimal!==undefined) window.RS_MODULES.checkMinimal()}\n\t\t\t\t<\/script>\n\t\t\t<\/rs-module-wrap>\n\t\t\t<!-- END REVOLUTION SLIDER -->\n<\/div>\n\t<div class=\"wpb_text_column wpb_content_element\" >\n\t\t<div class=\"wpb_wrapper\">\n\t\t\t<p><strong>Mechanics Curiel Barcelona<\/strong> es una empresa nacida en el a\u00f1o 1972 donde ofrecemos a todos nuestros clientes la elaboraci\u00f3n y producci\u00f3n de <strong>mechanized<\/strong> <strong>precision<\/strong>.<\/p>\n<p>Con m\u00e1s de cuarenta a\u00f1os en la prestaci\u00f3n de estos servicios en <strong>Barcelona<\/strong>, nuestra dilatada experiencia nos ha permitido ofrecer siempre los servicios m\u00e1s completos y de calidad en <strong>mechanized<\/strong> <strong>precision <\/strong>in<strong> Barcelona,<\/strong> aplicando en nuestra metodolog\u00eda de elaboraci\u00f3n las \u00faltimas novedades en tecnolog\u00eda y <strong>CNC machinery<\/strong>, as\u00ed como con el trabajo con los mejores materiales y productos, de manos de expertos y grandes profesionales con una dedicaci\u00f3n y vocaci\u00f3n exclusiva.<\/p>\n<p>In <strong>Mechanics Curiel Barcelona<\/strong>, nos preocupamos por satisfacer a todos y cada uno de nuestros clientes, por ello valoramos ampliamente la prestaci\u00f3n de un servicio de atenci\u00f3n, totalmente personalizado y exclusivo, y un asesoramiento completo. En <strong>Mechanics Curiel Barcelona<\/strong>, la satisfacci\u00f3n de nuestro cliente es el objetivo final a alcanzar.<\/p>\n<p>Nuestra amplia tradici\u00f3n en el sector de los <strong>precision machining <\/strong>in<strong> Barcelona<\/strong>, has allowed us to establish ourselves as one of the <strong>machining companies <\/strong>in<strong> Barcelona <\/strong>in<strong> precision machining<\/strong> y otras especializaciones: <strong>machining of<\/strong> <strong>laboratory<\/strong>, mechanics for viscometry, mechanics for electromedicine, small machinery in general, <strong>valves <\/strong>special, tools and <strong>precision machining <\/strong>de tipolog\u00eda diversa\u2026<\/p>\n<p>Our products and services in <strong>precision machining<\/strong> in<strong> Barcelona<\/strong>, se trabajan siempre bajo los valores que fundamentan el pilar central de la empresa: compromiso, seriedad, profesionalidad y exigencia, entre muchos otros, para conseguir un resultado final \u00fanico e inigualable, y obteniendo un producto que responde a las exigencias de calidad.<\/p>\n<p>In <strong>Mechanics Curiel Barcelona<\/strong>, el trabajo con <strong>precision machining<\/strong> simboliza una esfera de acci\u00f3n muy importante y de vital necesidad, por lo que contamos con los mejores y trabajamos en <strong>Barcelona<\/strong> con profesionales del medio comprometidos, con un amplio conocimiento y experiencia laboral, y con una enorme capacidad de entrega para responder y dar respuesta a todas las necesidades que pod\u00e1is tener, en <strong>Barcelona<\/strong>.<\/p>\n<p>Si quer\u00e9is saber m\u00e1s sobre nuestra <strong>precision machining company <\/strong>in<strong> Barcelona<\/strong>, no dud\u00e9is en poneros en contacto con cualquiera de nuestros trabajadores. Sin ning\u00fan tipo de compromiso, responderemos a todas vuestras dudas y preguntas, y os ofreceremos el asesoramiento necesario a nuestro alcance, para garantizaros un servicio de calidad en <strong>precision machining<\/strong> in <strong>Barcelona<\/strong>.<\/p>\n\n\t\t<\/div>\n\t<\/div>\n<\/div><\/div><\/div><\/div>\n<\/div>","protected":false},"excerpt":{"rendered":"Mec\u00e1nica Curiel Barcelona es una empresa nacida en el a\u00f1o 1972 donde ofrecemos a todos nuestros clientes la elaboraci\u00f3n y producci\u00f3n de mecanizados de precisi\u00f3n. Con m\u00e1s de cuarenta a\u00f1os en la prestaci\u00f3n de estos servicios en Barcelona, nuestra dilatada experiencia nos ha permitido ofrecer siempre los servicios m\u00e1s completos y de calidad en mecanizados de precisi\u00f3n en Barcelona, aplicando<div class=\"h10\"><\/div><a class=\"more-link1\" href=\"https:\/\/mecanicacuriel.com\/en\/mecanizados-cnc\/mecanizados-cnc-barcelona\/\">Read more<\/a>","protected":false},"author":2,"featured_media":0,"parent":381,"menu_order":0,"comment_status":"open","ping_status":"open","template":"","meta":{"footnotes":""},"class_list":["post-415","page","type-page","status-publish","hentry"],"aioseo_notices":[],"yoast_head":"<!-- This site is optimized with the Yoast SEO plugin v27.1.1 - https:\/\/yoast.com\/product\/yoast-seo-wordpress\/ -->\n<title>Mecanizados CNC Barcelona - Mecanica Curiel<\/title>\n<meta name=\"robots\" content=\"index, follow, max-snippet:-1, max-image-preview:large, max-video-preview:-1\" \/>\n<link rel=\"canonical\" href=\"https:\/\/mecanicacuriel.com\/en\/mecanizados-cnc\/mecanizados-cnc-barcelona\/\" \/>\n<meta property=\"og:locale\" content=\"en_GB\" \/>\n<meta property=\"og:type\" content=\"article\" \/>\n<meta property=\"og:title\" content=\"Mecanizados CNC Barcelona - Mecanica Curiel\" \/>\n<meta property=\"og:url\" content=\"https:\/\/mecanicacuriel.com\/en\/mecanizados-cnc\/mecanizados-cnc-barcelona\/\" \/>\n<meta property=\"og:site_name\" content=\"Mecanica Curiel\" \/>\n<meta property=\"article:modified_time\" content=\"2017-05-26T09:34:10+00:00\" \/>\n<meta name=\"twitter:card\" content=\"summary_large_image\" \/>\n<meta name=\"twitter:label1\" content=\"Estimated reading time\" \/>\n\t<meta name=\"twitter:data1\" content=\"2 minutes\" \/>\n<script type=\"application\/ld+json\" class=\"yoast-schema-graph\">{\"@context\":\"https:\/\/schema.org\",\"@graph\":[{\"@type\":\"WebPage\",\"@id\":\"https:\/\/mecanicacuriel.com\/mecanizados-cnc\/mecanizados-cnc-barcelona\/\",\"url\":\"https:\/\/mecanicacuriel.com\/mecanizados-cnc\/mecanizados-cnc-barcelona\/\",\"name\":\"Mecanizados CNC Barcelona - Mecanica Curiel\",\"isPartOf\":{\"@id\":\"https:\/\/mecanicacuriel.com\/#website\"},\"datePublished\":\"2015-03-30T06:27:50+00:00\",\"dateModified\":\"2017-05-26T09:34:10+00:00\",\"breadcrumb\":{\"@id\":\"https:\/\/mecanicacuriel.com\/mecanizados-cnc\/mecanizados-cnc-barcelona\/#breadcrumb\"},\"inLanguage\":\"en-GB\",\"potentialAction\":[{\"@type\":\"ReadAction\",\"target\":[\"https:\/\/mecanicacuriel.com\/mecanizados-cnc\/mecanizados-cnc-barcelona\/\"]}]},{\"@type\":\"BreadcrumbList\",\"@id\":\"https:\/\/mecanicacuriel.com\/mecanizados-cnc\/mecanizados-cnc-barcelona\/#breadcrumb\",\"itemListElement\":[{\"@type\":\"ListItem\",\"position\":1,\"name\":\"Portada\",\"item\":\"https:\/\/mecanicacuriel.com\/\"},{\"@type\":\"ListItem\",\"position\":2,\"name\":\"Mecanizados CNC\",\"item\":\"https:\/\/mecanicacuriel.com\/mecanizados-cnc\/\"},{\"@type\":\"ListItem\",\"position\":3,\"name\":\"Mecanizados CNC Barcelona\"}]},{\"@type\":\"WebSite\",\"@id\":\"https:\/\/mecanicacuriel.com\/#website\",\"url\":\"https:\/\/mecanicacuriel.com\/\",\"name\":\"Mecanica Curiel\",\"description\":\"fabricaci\u00f3n y construcci\u00f3n de mecanizados y montajes de precisi\u00f3n.\",\"potentialAction\":[{\"@type\":\"SearchAction\",\"target\":{\"@type\":\"EntryPoint\",\"urlTemplate\":\"https:\/\/mecanicacuriel.com\/?s={search_term_string}\"},\"query-input\":{\"@type\":\"PropertyValueSpecification\",\"valueRequired\":true,\"valueName\":\"search_term_string\"}}],\"inLanguage\":\"en-GB\"}]}<\/script>\n<!-- \/ Yoast SEO plugin. -->","yoast_head_json":{"title":"Mecanizados CNC Barcelona - Mecanica Curiel","robots":{"index":"index","follow":"follow","max-snippet":"max-snippet:-1","max-image-preview":"max-image-preview:large","max-video-preview":"max-video-preview:-1"},"canonical":"https:\/\/mecanicacuriel.com\/en\/mecanizados-cnc\/mecanizados-cnc-barcelona\/","og_locale":"en_GB","og_type":"article","og_title":"Mecanizados CNC Barcelona - Mecanica Curiel","og_url":"https:\/\/mecanicacuriel.com\/en\/mecanizados-cnc\/mecanizados-cnc-barcelona\/","og_site_name":"Mecanica Curiel","article_modified_time":"2017-05-26T09:34:10+00:00","twitter_card":"summary_large_image","twitter_misc":{"Estimated reading time":"2 minutes"},"schema":{"@context":"https:\/\/schema.org","@graph":[{"@type":"WebPage","@id":"https:\/\/mecanicacuriel.com\/mecanizados-cnc\/mecanizados-cnc-barcelona\/","url":"https:\/\/mecanicacuriel.com\/mecanizados-cnc\/mecanizados-cnc-barcelona\/","name":"Mecanizados CNC Barcelona - Mecanica Curiel","isPartOf":{"@id":"https:\/\/mecanicacuriel.com\/#website"},"datePublished":"2015-03-30T06:27:50+00:00","dateModified":"2017-05-26T09:34:10+00:00","breadcrumb":{"@id":"https:\/\/mecanicacuriel.com\/mecanizados-cnc\/mecanizados-cnc-barcelona\/#breadcrumb"},"inLanguage":"en-GB","potentialAction":[{"@type":"ReadAction","target":["https:\/\/mecanicacuriel.com\/mecanizados-cnc\/mecanizados-cnc-barcelona\/"]}]},{"@type":"BreadcrumbList","@id":"https:\/\/mecanicacuriel.com\/mecanizados-cnc\/mecanizados-cnc-barcelona\/#breadcrumb","itemListElement":[{"@type":"ListItem","position":1,"name":"Portada","item":"https:\/\/mecanicacuriel.com\/"},{"@type":"ListItem","position":2,"name":"Mecanizados CNC","item":"https:\/\/mecanicacuriel.com\/mecanizados-cnc\/"},{"@type":"ListItem","position":3,"name":"Mecanizados CNC Barcelona"}]},{"@type":"WebSite","@id":"https:\/\/mecanicacuriel.com\/#website","url":"https:\/\/mecanicacuriel.com\/","name":"Curiel Mechanics","description":"manufacturing and construction of precision machining and assembly.","potentialAction":[{"@type":"SearchAction","target":{"@type":"EntryPoint","urlTemplate":"https:\/\/mecanicacuriel.com\/?s={search_term_string}"},"query-input":{"@type":"PropertyValueSpecification","valueRequired":true,"valueName":"search_term_string"}}],"inLanguage":"en-GB"}]}},"_links":{"self":[{"href":"https:\/\/mecanicacuriel.com\/en\/wp-json\/wp\/v2\/pages\/415","targetHints":{"allow":["GET"]}}],"collection":[{"href":"https:\/\/mecanicacuriel.com\/en\/wp-json\/wp\/v2\/pages"}],"about":[{"href":"https:\/\/mecanicacuriel.com\/en\/wp-json\/wp\/v2\/types\/page"}],"author":[{"embeddable":true,"href":"https:\/\/mecanicacuriel.com\/en\/wp-json\/wp\/v2\/users\/2"}],"replies":[{"embeddable":true,"href":"https:\/\/mecanicacuriel.com\/en\/wp-json\/wp\/v2\/comments?post=415"}],"version-history":[{"count":2,"href":"https:\/\/mecanicacuriel.com\/en\/wp-json\/wp\/v2\/pages\/415\/revisions"}],"predecessor-version":[{"id":1138,"href":"https:\/\/mecanicacuriel.com\/en\/wp-json\/wp\/v2\/pages\/415\/revisions\/1138"}],"up":[{"embeddable":true,"href":"https:\/\/mecanicacuriel.com\/en\/wp-json\/wp\/v2\/pages\/381"}],"wp:attachment":[{"href":"https:\/\/mecanicacuriel.com\/en\/wp-json\/wp\/v2\/media?parent=415"}],"curies":[{"name":"wp","href":"https:\/\/api.w.org\/{rel}","templated":true}]}}