{"id":476,"date":"2015-07-01T13:58:05","date_gmt":"2015-07-01T13:58:05","guid":{"rendered":"http:\/\/mecanicacuriel.com\/?page_id=476"},"modified":"2015-07-01T13:58:05","modified_gmt":"2015-07-01T13:58:05","slug":"empresa-de-mecanizados-valencia","status":"publish","type":"page","link":"https:\/\/mecanicacuriel.com\/en\/empresa-de-mecanizados\/empresa-de-mecanizados-valencia\/","title":{"rendered":"Valencia machining company"},"content":{"rendered":"<!-- START home REVOLUTION SLIDER 6.7.25 --><p class=\"rs-p-wp-fix\"><\/p>\n\t\t\t<rs-module-wrap id=\"rev_slider_1_1_wrapper\" data-source=\"gallery\" style=\"visibility:hidden;background:#E9E9E9;padding:-15;margin:0px auto;margin-top:0;margin-bottom:0;\">\n\t\t\t\t<rs-module id=\"rev_slider_1_1\" style=\"\" data-version=\"6.7.25\">\n\t\t\t\t\t<rs-slides style=\"overflow: hidden; position: absolute;\">\n\t\t\t\t\t\t<rs-slide style=\"position: absolute;\" data-key=\"rs-10\" data-title=\"Slide\" data-thumb=\"\/\/mecanicacuriel.com\/wp-content\/uploads\/2014\/11\/11-100x50.jpg\" data-anim=\"adpr:false;\">\n\t\t\t\t\t\t\t<img decoding=\"async\" src=\"\/\/mecanicacuriel.com\/wp-content\/plugins\/revslider\/sr6\/assets\/assets\/dummy.png\" alt=\"\" title=\"Valencia machining company\" class=\"rev-slidebg tp-rs-img rs-lazyload\" data-lazyload=\"\/\/mecanicacuriel.com\/wp-content\/uploads\/2014\/11\/11.jpg\" data-bg=\"p:center top;\" data-no-retina>\n<!---->\t\t\t\t\t<\/rs-slide>\n\t\t\t\t\t\t<rs-slide style=\"position: absolute;\" data-key=\"rs-3\" data-title=\"Slide\" data-thumb=\"\/\/mecanicacuriel.com\/wp-content\/uploads\/2014\/11\/1-100x50.jpg\" data-anim=\"adpr:false;\">\n\t\t\t\t\t\t\t<img decoding=\"async\" src=\"\/\/mecanicacuriel.com\/wp-content\/plugins\/revslider\/sr6\/assets\/assets\/dummy.png\" alt=\"\" title=\"Valencia machining company\" class=\"rev-slidebg tp-rs-img rs-lazyload\" data-lazyload=\"\/\/mecanicacuriel.com\/wp-content\/uploads\/2014\/11\/1.jpg\" data-bg=\"p:center top;\" data-no-retina>\n<!---->\t\t\t\t\t<\/rs-slide>\n\t\t\t\t\t\t<rs-slide style=\"position: absolute;\" data-key=\"rs-4\" data-title=\"Slide\" data-thumb=\"\/\/mecanicacuriel.com\/wp-content\/uploads\/2016\/12\/2.-CJT.-BOMBAS-PERIST\u00c1LTICAS-100x50.jpg\" data-anim=\"adpr:false;\">\n\t\t\t\t\t\t\t<img decoding=\"async\" src=\"\/\/mecanicacuriel.com\/wp-content\/plugins\/revslider\/sr6\/assets\/assets\/dummy.png\" alt=\"\" title=\"Valencia machining company\" class=\"rev-slidebg tp-rs-img rs-lazyload\" data-lazyload=\"\/\/mecanicacuriel.com\/wp-content\/uploads\/2016\/12\/2.-CJT.-BOMBAS-PERIST\u00c1LTICAS.jpg\" data-bg=\"p:center top;\" data-no-retina>\n<!---->\t\t\t\t\t<\/rs-slide>\n\t\t\t\t\t\t<rs-slide style=\"position: absolute;\" data-key=\"rs-6\" data-title=\"Slide\" data-thumb=\"\/\/mecanicacuriel.com\/wp-content\/uploads\/2014\/11\/2-100x50.jpg\" data-anim=\"adpr:false;\">\n\t\t\t\t\t\t\t<img decoding=\"async\" src=\"\/\/mecanicacuriel.com\/wp-content\/plugins\/revslider\/sr6\/assets\/assets\/dummy.png\" alt=\"\" title=\"Valencia machining company\" class=\"rev-slidebg tp-rs-img rs-lazyload\" data-lazyload=\"\/\/mecanicacuriel.com\/wp-content\/uploads\/2014\/11\/2.jpg\" data-bg=\"p:center top;\" data-no-retina>\n<!---->\t\t\t\t\t<\/rs-slide>\n\t\t\t\t\t\t<rs-slide style=\"position: absolute;\" data-key=\"rs-9\" data-title=\"Slide\" data-thumb=\"\/\/mecanicacuriel.com\/wp-content\/uploads\/2016\/12\/2.-Conjunto-de-Carros-lineales-100x50.jpg\" data-anim=\"adpr:false;\">\n\t\t\t\t\t\t\t<img decoding=\"async\" src=\"\/\/mecanicacuriel.com\/wp-content\/plugins\/revslider\/sr6\/assets\/assets\/dummy.png\" alt=\"\" title=\"Valencia machining company\" class=\"rev-slidebg tp-rs-img rs-lazyload\" data-lazyload=\"\/\/mecanicacuriel.com\/wp-content\/uploads\/2016\/12\/2.-Conjunto-de-Carros-lineales.jpg\" data-bg=\"p:center top;\" data-no-retina>\n<!---->\t\t\t\t\t<\/rs-slide>\n\t\t\t\t\t\t<rs-slide style=\"position: absolute;\" data-key=\"rs-8\" data-title=\"Slide\" data-thumb=\"\/\/mecanicacuriel.com\/wp-content\/uploads\/2016\/12\/20220128_124231-100x50.jpg\" data-anim=\"adpr:false;\">\n\t\t\t\t\t\t\t<img decoding=\"async\" src=\"\/\/mecanicacuriel.com\/wp-content\/plugins\/revslider\/sr6\/assets\/assets\/dummy.png\" alt=\"\" title=\"Valencia machining company\" class=\"rev-slidebg tp-rs-img rs-lazyload\" data-lazyload=\"\/\/mecanicacuriel.com\/wp-content\/uploads\/2016\/12\/20220128_124231.jpg\" data-bg=\"p:center top;\" data-no-retina>\n<!---->\t\t\t\t\t<\/rs-slide>\n\t\t\t\t\t\t<rs-slide style=\"position: absolute;\" data-key=\"rs-11\" data-title=\"Slide\" data-thumb=\"\/\/mecanicacuriel.com\/wp-content\/uploads\/2016\/12\/20231206_094321-100x50.jpg\" data-anim=\"adpr:false;\">\n\t\t\t\t\t\t\t<img decoding=\"async\" src=\"\/\/mecanicacuriel.com\/wp-content\/plugins\/revslider\/sr6\/assets\/assets\/dummy.png\" alt=\"\" title=\"Valencia machining company\" class=\"rev-slidebg tp-rs-img rs-lazyload\" data-lazyload=\"\/\/mecanicacuriel.com\/wp-content\/uploads\/2016\/12\/20231206_094321.jpg\" data-bg=\"p:center top;\" data-no-retina>\n<!---->\t\t\t\t\t<\/rs-slide>\n\t\t\t\t\t<\/rs-slides>\n\t\t\t\t<\/rs-module>\n\t\t\t\t<script>\n\t\t\t\t\tsetREVStartSize({c: 'rev_slider_1_1',rl:[1240,1024,778,480],el:[],gw:[950],gh:[450],type:'standard',justify:'',layout:'fullwidth',mh:\"0\"});if (window.RS_MODULES!==undefined && window.RS_MODULES.modules!==undefined && window.RS_MODULES.modules[\"revslider11\"]!==undefined) {window.RS_MODULES.modules[\"revslider11\"].once = false;window.revapi1 = undefined;if (window.RS_MODULES.checkMinimal!==undefined) window.RS_MODULES.checkMinimal()}\n\t\t\t\t<\/script>\n\t\t\t<\/rs-module-wrap>\n\t\t\t<!-- END REVOLUTION SLIDER -->\n\n<p align=\"JUSTIFY\"><b>Curiel Mechanics<\/b> is a <b>company of<\/b> <b>precision machining<\/b>, with an extensive history, since 1972, in the manufacture and development of elements of this nature, which ensures meritorious and responsible work for each and every one of our clients.<\/p>\n<p align=\"JUSTIFY\">With extensive experience in the world of <b>precision machining<\/b>, our <b>machining company<\/b>, has been carrying out decisive work in this society for more than forty years, operating in all parts of our country: <b>Madrid, Valencia, Seville, Bilbao<\/b>\u2026<\/p>\n<p align=\"JUSTIFY\">Thanks to the work carried out by the professionals, technicians and expert operators of our <b>machining company<\/b>, <b>Curiel Mechanics<\/b>, with extensive experience of more than four decades as a reference in <b>precision machining <\/b>in the province of <b>Barcelona<\/b>; in our family <b>machining company<\/b>, <b>Curiel Mechanics,<\/b> We have specialized in offering all our clients that unique and characteristic feature in our work, which has led us to be a benchmark in such prominent cities as <b>Valencia<\/b>.<\/p>\n<p align=\"JUSTIFY\">In <b>Curiel Mechanics<\/b>, after more than forty years working to guarantee all our clients, -in <b>Valencia<\/b>, or in any other city on the national scene-, the production of <b>precision machining<\/b> of the best quality; We continue to ensure that we provide the best service by following the necessary processes and using the latest generation programs and machinery (CNC programming), which guarantees the due and expected final result.<\/p>\n<p align=\"JUSTIFY\">We offer you in our <b>machining company<\/b>, <b>Curiel Mechanics<\/b>, the ideal place and committed people in whom you can trust the preparation of your <b>precision machining<\/b>, clients of <b>Valencia<\/b> or any city on the national scene, under the criteria that underpin the personality and philosophy of our company: seriousness, professionalism, rigor, commitment...<\/p>\n<p align=\"JUSTIFY\">For all information about this <b>machining company <\/b>and the work we carry out in a city like<b> Valencia<\/b>, from <b>Curiel Mechanics<\/b>, do not hesitate to contact any of the members of our staff. We will answer all your questions and advise you on how to obtain your <b>precision machining<\/b> quality.<\/p>\n<p>&nbsp;<\/p>","protected":false},"excerpt":{"rendered":"<p>Mec\u00e1nica Curiel es una empresa de mecanizados de precisi\u00f3n, con una extendida trayectoria, desde el a\u00f1o 1972, en la fabricaci\u00f3n y desarrollo de elementos de esta \u00edndole, que vela por un trabajo meritorio y responsable para todos y cada uno de nuestros clientes. Con un amplio recorrido en el mundo de los mecanizados de precisi\u00f3n, nuestra empresa de mecanizados, lleva<\/p>\n<div class=\"h10\"><\/div>\n<p><a class=\"more-link1\" href=\"https:\/\/mecanicacuriel.com\/en\/empresa-de-mecanizados\/empresa-de-mecanizados-valencia\/\">Read more<\/a><\/p>","protected":false},"author":2,"featured_media":0,"parent":379,"menu_order":0,"comment_status":"open","ping_status":"open","template":"","meta":{"footnotes":""},"class_list":["post-476","page","type-page","status-publish","hentry"],"aioseo_notices":[],"yoast_head":"<!-- This site is optimized with the Yoast SEO plugin v27.1.1 - https:\/\/yoast.com\/product\/yoast-seo-wordpress\/ -->\n<title>Empresa mecanizados Valencia - Mecanica Curiel<\/title>\n<meta name=\"robots\" content=\"index, follow, max-snippet:-1, max-image-preview:large, max-video-preview:-1\" \/>\n<link rel=\"canonical\" href=\"https:\/\/mecanicacuriel.com\/en\/empresa-de-mecanizados\/empresa-de-mecanizados-valencia\/\" \/>\n<meta property=\"og:locale\" content=\"en_GB\" \/>\n<meta property=\"og:type\" content=\"article\" \/>\n<meta property=\"og:title\" content=\"Empresa mecanizados Valencia - Mecanica Curiel\" \/>\n<meta property=\"og:description\" content=\"Mec\u00e1nica Curiel es una empresa de mecanizados de precisi\u00f3n, con una extendida trayectoria, desde el a\u00f1o 1972, en la fabricaci\u00f3n y desarrollo de elementos de esta \u00edndole, que vela por un trabajo meritorio y responsable para todos y cada uno de nuestros clientes. Con un amplio recorrido en el mundo de los mecanizados de precisi\u00f3n, nuestra empresa de mecanizados, llevaRead more\" \/>\n<meta property=\"og:url\" content=\"https:\/\/mecanicacuriel.com\/en\/empresa-de-mecanizados\/empresa-de-mecanizados-valencia\/\" \/>\n<meta property=\"og:site_name\" content=\"Mecanica Curiel\" \/>\n<meta name=\"twitter:card\" content=\"summary_large_image\" \/>\n<meta name=\"twitter:label1\" content=\"Estimated reading time\" \/>\n\t<meta name=\"twitter:data1\" content=\"2 minutes\" \/>\n<script type=\"application\/ld+json\" class=\"yoast-schema-graph\">{\"@context\":\"https:\/\/schema.org\",\"@graph\":[{\"@type\":\"WebPage\",\"@id\":\"https:\/\/mecanicacuriel.com\/empresa-de-mecanizados\/empresa-de-mecanizados-valencia\/\",\"url\":\"https:\/\/mecanicacuriel.com\/empresa-de-mecanizados\/empresa-de-mecanizados-valencia\/\",\"name\":\"Empresa mecanizados Valencia - Mecanica Curiel\",\"isPartOf\":{\"@id\":\"https:\/\/mecanicacuriel.com\/#website\"},\"datePublished\":\"2015-07-01T13:58:05+00:00\",\"breadcrumb\":{\"@id\":\"https:\/\/mecanicacuriel.com\/empresa-de-mecanizados\/empresa-de-mecanizados-valencia\/#breadcrumb\"},\"inLanguage\":\"en-GB\",\"potentialAction\":[{\"@type\":\"ReadAction\",\"target\":[\"https:\/\/mecanicacuriel.com\/empresa-de-mecanizados\/empresa-de-mecanizados-valencia\/\"]}]},{\"@type\":\"BreadcrumbList\",\"@id\":\"https:\/\/mecanicacuriel.com\/empresa-de-mecanizados\/empresa-de-mecanizados-valencia\/#breadcrumb\",\"itemListElement\":[{\"@type\":\"ListItem\",\"position\":1,\"name\":\"Portada\",\"item\":\"https:\/\/mecanicacuriel.com\/\"},{\"@type\":\"ListItem\",\"position\":2,\"name\":\"Empresa de mecanizados\",\"item\":\"https:\/\/mecanicacuriel.com\/empresa-de-mecanizados\/\"},{\"@type\":\"ListItem\",\"position\":3,\"name\":\"Empresa mecanizados Valencia\"}]},{\"@type\":\"WebSite\",\"@id\":\"https:\/\/mecanicacuriel.com\/#website\",\"url\":\"https:\/\/mecanicacuriel.com\/\",\"name\":\"Mecanica Curiel\",\"description\":\"fabricaci\u00f3n y construcci\u00f3n de mecanizados y montajes de precisi\u00f3n.\",\"potentialAction\":[{\"@type\":\"SearchAction\",\"target\":{\"@type\":\"EntryPoint\",\"urlTemplate\":\"https:\/\/mecanicacuriel.com\/?s={search_term_string}\"},\"query-input\":{\"@type\":\"PropertyValueSpecification\",\"valueRequired\":true,\"valueName\":\"search_term_string\"}}],\"inLanguage\":\"en-GB\"}]}<\/script>\n<!-- \/ Yoast SEO plugin. -->","yoast_head_json":{"title":"Empresa mecanizados Valencia - Mecanica Curiel","robots":{"index":"index","follow":"follow","max-snippet":"max-snippet:-1","max-image-preview":"max-image-preview:large","max-video-preview":"max-video-preview:-1"},"canonical":"https:\/\/mecanicacuriel.com\/en\/empresa-de-mecanizados\/empresa-de-mecanizados-valencia\/","og_locale":"en_GB","og_type":"article","og_title":"Empresa mecanizados Valencia - Mecanica Curiel","og_description":"Mec\u00e1nica Curiel es una empresa de mecanizados de precisi\u00f3n, con una extendida trayectoria, desde el a\u00f1o 1972, en la fabricaci\u00f3n y desarrollo de elementos de esta \u00edndole, que vela por un trabajo meritorio y responsable para todos y cada uno de nuestros clientes. Con un amplio recorrido en el mundo de los mecanizados de precisi\u00f3n, nuestra empresa de mecanizados, llevaRead more","og_url":"https:\/\/mecanicacuriel.com\/en\/empresa-de-mecanizados\/empresa-de-mecanizados-valencia\/","og_site_name":"Mecanica Curiel","twitter_card":"summary_large_image","twitter_misc":{"Estimated reading time":"2 minutes"},"schema":{"@context":"https:\/\/schema.org","@graph":[{"@type":"WebPage","@id":"https:\/\/mecanicacuriel.com\/empresa-de-mecanizados\/empresa-de-mecanizados-valencia\/","url":"https:\/\/mecanicacuriel.com\/empresa-de-mecanizados\/empresa-de-mecanizados-valencia\/","name":"Empresa mecanizados Valencia - Mecanica Curiel","isPartOf":{"@id":"https:\/\/mecanicacuriel.com\/#website"},"datePublished":"2015-07-01T13:58:05+00:00","breadcrumb":{"@id":"https:\/\/mecanicacuriel.com\/empresa-de-mecanizados\/empresa-de-mecanizados-valencia\/#breadcrumb"},"inLanguage":"en-GB","potentialAction":[{"@type":"ReadAction","target":["https:\/\/mecanicacuriel.com\/empresa-de-mecanizados\/empresa-de-mecanizados-valencia\/"]}]},{"@type":"BreadcrumbList","@id":"https:\/\/mecanicacuriel.com\/empresa-de-mecanizados\/empresa-de-mecanizados-valencia\/#breadcrumb","itemListElement":[{"@type":"ListItem","position":1,"name":"Portada","item":"https:\/\/mecanicacuriel.com\/"},{"@type":"ListItem","position":2,"name":"Empresa de mecanizados","item":"https:\/\/mecanicacuriel.com\/empresa-de-mecanizados\/"},{"@type":"ListItem","position":3,"name":"Empresa mecanizados Valencia"}]},{"@type":"WebSite","@id":"https:\/\/mecanicacuriel.com\/#website","url":"https:\/\/mecanicacuriel.com\/","name":"Curiel Mechanics","description":"manufacturing and construction of precision machining and assembly.","potentialAction":[{"@type":"SearchAction","target":{"@type":"EntryPoint","urlTemplate":"https:\/\/mecanicacuriel.com\/?s={search_term_string}"},"query-input":{"@type":"PropertyValueSpecification","valueRequired":true,"valueName":"search_term_string"}}],"inLanguage":"en-GB"}]}},"_links":{"self":[{"href":"https:\/\/mecanicacuriel.com\/en\/wp-json\/wp\/v2\/pages\/476","targetHints":{"allow":["GET"]}}],"collection":[{"href":"https:\/\/mecanicacuriel.com\/en\/wp-json\/wp\/v2\/pages"}],"about":[{"href":"https:\/\/mecanicacuriel.com\/en\/wp-json\/wp\/v2\/types\/page"}],"author":[{"embeddable":true,"href":"https:\/\/mecanicacuriel.com\/en\/wp-json\/wp\/v2\/users\/2"}],"replies":[{"embeddable":true,"href":"https:\/\/mecanicacuriel.com\/en\/wp-json\/wp\/v2\/comments?post=476"}],"version-history":[{"count":0,"href":"https:\/\/mecanicacuriel.com\/en\/wp-json\/wp\/v2\/pages\/476\/revisions"}],"up":[{"embeddable":true,"href":"https:\/\/mecanicacuriel.com\/en\/wp-json\/wp\/v2\/pages\/379"}],"wp:attachment":[{"href":"https:\/\/mecanicacuriel.com\/en\/wp-json\/wp\/v2\/media?parent=476"}],"curies":[{"name":"wp","href":"https:\/\/api.w.org\/{rel}","templated":true}]}}