{"id":484,"date":"2015-07-16T07:28:40","date_gmt":"2015-07-16T07:28:40","guid":{"rendered":"http:\/\/mecanicacuriel.com\/?page_id=484"},"modified":"2017-05-26T09:31:40","modified_gmt":"2017-05-26T09:31:40","slug":"mecanizados-precision-madrid","status":"publish","type":"page","link":"https:\/\/mecanicacuriel.com\/en\/mecanizados-precision\/mecanizados-precision-madrid\/","title":{"rendered":"Precision machining Madrid"},"content":{"rendered":"<div class=\"wpb-content-wrapper\"><div class=\"vc_row wpb_row vc_row-fluid\"><div class=\"wpb_column vc_column_container vc_col-sm-12\"><div class=\"vc_column-inner\"><div class=\"wpb_wrapper\"><div class=\"wpb_revslider_element wpb_content_element\">\n\t\t\t<!-- START home REVOLUTION SLIDER 6.7.25 --><p class=\"rs-p-wp-fix\"><\/p>\n\t\t\t<rs-module-wrap id=\"rev_slider_1_1_wrapper\" data-source=\"gallery\" style=\"visibility:hidden;background:#E9E9E9;padding:-15;margin:0px auto;margin-top:0;margin-bottom:0;\">\n\t\t\t\t<rs-module id=\"rev_slider_1_1\" style=\"\" data-version=\"6.7.25\">\n\t\t\t\t\t<rs-slides style=\"overflow: hidden; position: absolute;\">\n\t\t\t\t\t\t<rs-slide style=\"position: absolute;\" data-key=\"rs-10\" data-title=\"Slide\" data-thumb=\"\/\/mecanicacuriel.com\/wp-content\/uploads\/2014\/11\/11-100x50.jpg\" data-anim=\"adpr:false;\">\n\t\t\t\t\t\t\t<img decoding=\"async\" src=\"\/\/mecanicacuriel.com\/wp-content\/plugins\/revslider\/sr6\/assets\/assets\/dummy.png\" alt=\"\" title=\"Precision machining Madrid\" class=\"rev-slidebg tp-rs-img rs-lazyload\" data-lazyload=\"\/\/mecanicacuriel.com\/wp-content\/uploads\/2014\/11\/11.jpg\" data-bg=\"p:center top;\" data-no-retina>\n<!---->\t\t\t\t\t<\/rs-slide>\n\t\t\t\t\t\t<rs-slide style=\"position: absolute;\" data-key=\"rs-3\" data-title=\"Slide\" data-thumb=\"\/\/mecanicacuriel.com\/wp-content\/uploads\/2014\/11\/1-100x50.jpg\" data-anim=\"adpr:false;\">\n\t\t\t\t\t\t\t<img decoding=\"async\" src=\"\/\/mecanicacuriel.com\/wp-content\/plugins\/revslider\/sr6\/assets\/assets\/dummy.png\" alt=\"\" title=\"Precision machining Madrid\" class=\"rev-slidebg tp-rs-img rs-lazyload\" data-lazyload=\"\/\/mecanicacuriel.com\/wp-content\/uploads\/2014\/11\/1.jpg\" data-bg=\"p:center top;\" data-no-retina>\n<!---->\t\t\t\t\t<\/rs-slide>\n\t\t\t\t\t\t<rs-slide style=\"position: absolute;\" data-key=\"rs-4\" data-title=\"Slide\" data-thumb=\"\/\/mecanicacuriel.com\/wp-content\/uploads\/2016\/12\/2.-CJT.-BOMBAS-PERIST\u00c1LTICAS-100x50.jpg\" data-anim=\"adpr:false;\">\n\t\t\t\t\t\t\t<img decoding=\"async\" src=\"\/\/mecanicacuriel.com\/wp-content\/plugins\/revslider\/sr6\/assets\/assets\/dummy.png\" alt=\"\" title=\"Precision machining Madrid\" class=\"rev-slidebg tp-rs-img rs-lazyload\" data-lazyload=\"\/\/mecanicacuriel.com\/wp-content\/uploads\/2016\/12\/2.-CJT.-BOMBAS-PERIST\u00c1LTICAS.jpg\" data-bg=\"p:center top;\" data-no-retina>\n<!---->\t\t\t\t\t<\/rs-slide>\n\t\t\t\t\t\t<rs-slide style=\"position: absolute;\" data-key=\"rs-6\" data-title=\"Slide\" data-thumb=\"\/\/mecanicacuriel.com\/wp-content\/uploads\/2014\/11\/2-100x50.jpg\" data-anim=\"adpr:false;\">\n\t\t\t\t\t\t\t<img decoding=\"async\" src=\"\/\/mecanicacuriel.com\/wp-content\/plugins\/revslider\/sr6\/assets\/assets\/dummy.png\" alt=\"\" title=\"Precision machining Madrid\" class=\"rev-slidebg tp-rs-img rs-lazyload\" data-lazyload=\"\/\/mecanicacuriel.com\/wp-content\/uploads\/2014\/11\/2.jpg\" data-bg=\"p:center top;\" data-no-retina>\n<!---->\t\t\t\t\t<\/rs-slide>\n\t\t\t\t\t\t<rs-slide style=\"position: absolute;\" data-key=\"rs-9\" data-title=\"Slide\" data-thumb=\"\/\/mecanicacuriel.com\/wp-content\/uploads\/2016\/12\/2.-Conjunto-de-Carros-lineales-100x50.jpg\" data-anim=\"adpr:false;\">\n\t\t\t\t\t\t\t<img decoding=\"async\" src=\"\/\/mecanicacuriel.com\/wp-content\/plugins\/revslider\/sr6\/assets\/assets\/dummy.png\" alt=\"\" title=\"Precision machining Madrid\" class=\"rev-slidebg tp-rs-img rs-lazyload\" data-lazyload=\"\/\/mecanicacuriel.com\/wp-content\/uploads\/2016\/12\/2.-Conjunto-de-Carros-lineales.jpg\" data-bg=\"p:center top;\" data-no-retina>\n<!---->\t\t\t\t\t<\/rs-slide>\n\t\t\t\t\t\t<rs-slide style=\"position: absolute;\" data-key=\"rs-8\" data-title=\"Slide\" data-thumb=\"\/\/mecanicacuriel.com\/wp-content\/uploads\/2016\/12\/20220128_124231-100x50.jpg\" data-anim=\"adpr:false;\">\n\t\t\t\t\t\t\t<img decoding=\"async\" src=\"\/\/mecanicacuriel.com\/wp-content\/plugins\/revslider\/sr6\/assets\/assets\/dummy.png\" alt=\"\" title=\"Precision machining Madrid\" class=\"rev-slidebg tp-rs-img rs-lazyload\" data-lazyload=\"\/\/mecanicacuriel.com\/wp-content\/uploads\/2016\/12\/20220128_124231.jpg\" data-bg=\"p:center top;\" data-no-retina>\n<!---->\t\t\t\t\t<\/rs-slide>\n\t\t\t\t\t\t<rs-slide style=\"position: absolute;\" data-key=\"rs-11\" data-title=\"Slide\" data-thumb=\"\/\/mecanicacuriel.com\/wp-content\/uploads\/2016\/12\/20231206_094321-100x50.jpg\" data-anim=\"adpr:false;\">\n\t\t\t\t\t\t\t<img decoding=\"async\" src=\"\/\/mecanicacuriel.com\/wp-content\/plugins\/revslider\/sr6\/assets\/assets\/dummy.png\" alt=\"\" title=\"Precision machining Madrid\" class=\"rev-slidebg tp-rs-img rs-lazyload\" data-lazyload=\"\/\/mecanicacuriel.com\/wp-content\/uploads\/2016\/12\/20231206_094321.jpg\" data-bg=\"p:center top;\" data-no-retina>\n<!---->\t\t\t\t\t<\/rs-slide>\n\t\t\t\t\t<\/rs-slides>\n\t\t\t\t<\/rs-module>\n\t\t\t\t<script>\n\t\t\t\t\tsetREVStartSize({c: 'rev_slider_1_1',rl:[1240,1024,778,480],el:[],gw:[950],gh:[450],type:'standard',justify:'',layout:'fullwidth',mh:\"0\"});if (window.RS_MODULES!==undefined && window.RS_MODULES.modules!==undefined && window.RS_MODULES.modules[\"revslider11\"]!==undefined) {window.RS_MODULES.modules[\"revslider11\"].once = false;window.revapi1 = undefined;if (window.RS_MODULES.checkMinimal!==undefined) window.RS_MODULES.checkMinimal()}\n\t\t\t\t<\/script>\n\t\t\t<\/rs-module-wrap>\n\t\t\t<!-- END REVOLUTION SLIDER -->\n<\/div>\n\t<div class=\"wpb_text_column wpb_content_element\" >\n\t\t<div class=\"wpb_wrapper\">\n\t\t\t<p>Are you looking for a company <strong>precision machining<\/strong> that covers all your needs in <strong>Madrid<\/strong>, with all the confidence that your products deserve and you are still not sure who to place your success in? Do you need to respond to your clients with <strong>precision machining<\/strong> of well-defined quality? If your answer is yes and you still haven&#039;t found the <strong>machining company<\/strong> suitable, stop searching. To enjoy <strong>precision machining, Curiel Mechanics<\/strong>. A company with a family tradition, prominent in the world of manufacturing utensils and tools. <strong>precision <\/strong>of this nature, since 1972.<\/p>\n<p align=\"JUSTIFY\">With extensive experience, after more than forty years as a reference in products <strong>precision machining<\/strong> throughout the national territory, especially with great impact on companies in the community of <strong>Madrid;<\/strong> in <strong>Curiel Mechanics<\/strong> We work with the best professionals to offer a quality service in <strong>precision machining<\/strong>, from our facilities in Montcada i Reixac (<strong>Barcelona<\/strong>).<\/p>\n<p align=\"JUSTIFY\">Made up of a team of expert technicians and operators, very knowledgeable about the procedures, in our company. <strong>precision machining<\/strong> We make available to our clients from any point in Spain: <strong>Madrid, Valencia, Seville, Bilbao<\/strong>\u2026, a complex machinery park made up of state-of-the-art machines, the renowned CNC (numerical control), thus adapting to the current demands of the sector, resorting to constant updating and adaptation of production processes.<\/p>\n<p align=\"JUSTIFY\">In <strong>Curiel Mechanics<\/strong> We want to respond to the satisfaction of all our clients, regardless of their geographic location (Barcelona, <strong>Madrid, <\/strong>Valencia, Seville, Bilbao...), with a job in <strong>precision machining<\/strong> of high quality and perfected by the different characteristic techniques of the company that give it that unique feature.<\/p>\n<p align=\"JUSTIFY\">Thanks to the team of <strong>Curiel Mechanics<\/strong>, made up of technicians with vast experience and all the knowledge in the field of <strong>precision machining<\/strong>, dedicated and vocational, we have risen as a national benchmark, providing our clients with <strong>Madrid, <\/strong>Valencia, Seville, Bilbao..., the best advice and <strong>precision machining and assembly <\/strong>quality.<\/p>\n<p align=\"JUSTIFY\">If you want more information about this company<strong> precision machining <\/strong>and the work we do in cities like<strong> Madrid<\/strong>, do not hesitate to contact any of the members of our staff. We will answer all your questions and advise you on how to obtain your <strong>precision machining<\/strong> quality.<\/p>\n<p>\u00a0<\/p>\n\n\t\t<\/div>\n\t<\/div>\n<\/div><\/div><\/div><\/div>\n<\/div>","protected":false},"excerpt":{"rendered":"\u00bfBuscas una empresa de mecanizados de precisi\u00f3n que cubra todas tus necesidades en Madrid, con toda la confianza que merecen tus productos y no tienes claro todav\u00eda en quien depositar tu \u00e9xito? \u00bfNecesitas responder ante tus clientes con mecanizados de precisi\u00f3n de calidad bien definidos? Si tu respuesta es s\u00ed y todav\u00eda no has encontrado la empresa de mecanizados adecuada,<div class=\"h10\"><\/div><a class=\"more-link1\" href=\"https:\/\/mecanicacuriel.com\/en\/mecanizados-precision\/mecanizados-precision-madrid\/\">Read more<\/a>","protected":false},"author":2,"featured_media":0,"parent":385,"menu_order":0,"comment_status":"open","ping_status":"open","template":"","meta":{"footnotes":""},"class_list":["post-484","page","type-page","status-publish","hentry"],"aioseo_notices":[],"yoast_head":"<!-- This site is optimized with the Yoast SEO plugin v27.1.1 - https:\/\/yoast.com\/product\/yoast-seo-wordpress\/ -->\n<title>Mecanizados precisi\u00f3n Madrid - Mecanica Curiel<\/title>\n<meta name=\"robots\" content=\"index, follow, max-snippet:-1, max-image-preview:large, max-video-preview:-1\" \/>\n<link rel=\"canonical\" href=\"https:\/\/mecanicacuriel.com\/en\/mecanizados-precision\/mecanizados-precision-madrid\/\" \/>\n<meta property=\"og:locale\" content=\"en_GB\" \/>\n<meta property=\"og:type\" content=\"article\" \/>\n<meta property=\"og:title\" content=\"Mecanizados precisi\u00f3n Madrid - Mecanica Curiel\" \/>\n<meta property=\"og:url\" content=\"https:\/\/mecanicacuriel.com\/en\/mecanizados-precision\/mecanizados-precision-madrid\/\" \/>\n<meta property=\"og:site_name\" content=\"Mecanica Curiel\" \/>\n<meta property=\"article:modified_time\" content=\"2017-05-26T09:31:40+00:00\" \/>\n<meta name=\"twitter:card\" content=\"summary_large_image\" \/>\n<meta name=\"twitter:label1\" content=\"Estimated reading time\" \/>\n\t<meta name=\"twitter:data1\" content=\"2 minutes\" \/>\n<script type=\"application\/ld+json\" class=\"yoast-schema-graph\">{\"@context\":\"https:\/\/schema.org\",\"@graph\":[{\"@type\":\"WebPage\",\"@id\":\"https:\/\/mecanicacuriel.com\/mecanizados-precision\/mecanizados-precision-madrid\/\",\"url\":\"https:\/\/mecanicacuriel.com\/mecanizados-precision\/mecanizados-precision-madrid\/\",\"name\":\"Mecanizados precisi\u00f3n Madrid - Mecanica Curiel\",\"isPartOf\":{\"@id\":\"https:\/\/mecanicacuriel.com\/#website\"},\"datePublished\":\"2015-07-16T07:28:40+00:00\",\"dateModified\":\"2017-05-26T09:31:40+00:00\",\"breadcrumb\":{\"@id\":\"https:\/\/mecanicacuriel.com\/mecanizados-precision\/mecanizados-precision-madrid\/#breadcrumb\"},\"inLanguage\":\"en-GB\",\"potentialAction\":[{\"@type\":\"ReadAction\",\"target\":[\"https:\/\/mecanicacuriel.com\/mecanizados-precision\/mecanizados-precision-madrid\/\"]}]},{\"@type\":\"BreadcrumbList\",\"@id\":\"https:\/\/mecanicacuriel.com\/mecanizados-precision\/mecanizados-precision-madrid\/#breadcrumb\",\"itemListElement\":[{\"@type\":\"ListItem\",\"position\":1,\"name\":\"Portada\",\"item\":\"https:\/\/mecanicacuriel.com\/\"},{\"@type\":\"ListItem\",\"position\":2,\"name\":\"Mecanizados precision\",\"item\":\"https:\/\/mecanicacuriel.com\/mecanizados-precision\/\"},{\"@type\":\"ListItem\",\"position\":3,\"name\":\"Mecanizados precisi\u00f3n Madrid\"}]},{\"@type\":\"WebSite\",\"@id\":\"https:\/\/mecanicacuriel.com\/#website\",\"url\":\"https:\/\/mecanicacuriel.com\/\",\"name\":\"Mecanica Curiel\",\"description\":\"fabricaci\u00f3n y construcci\u00f3n de mecanizados y montajes de precisi\u00f3n.\",\"potentialAction\":[{\"@type\":\"SearchAction\",\"target\":{\"@type\":\"EntryPoint\",\"urlTemplate\":\"https:\/\/mecanicacuriel.com\/?s={search_term_string}\"},\"query-input\":{\"@type\":\"PropertyValueSpecification\",\"valueRequired\":true,\"valueName\":\"search_term_string\"}}],\"inLanguage\":\"en-GB\"}]}<\/script>\n<!-- \/ Yoast SEO plugin. -->","yoast_head_json":{"title":"Mecanizados precisi\u00f3n Madrid - Mecanica Curiel","robots":{"index":"index","follow":"follow","max-snippet":"max-snippet:-1","max-image-preview":"max-image-preview:large","max-video-preview":"max-video-preview:-1"},"canonical":"https:\/\/mecanicacuriel.com\/en\/mecanizados-precision\/mecanizados-precision-madrid\/","og_locale":"en_GB","og_type":"article","og_title":"Mecanizados precisi\u00f3n Madrid - Mecanica Curiel","og_url":"https:\/\/mecanicacuriel.com\/en\/mecanizados-precision\/mecanizados-precision-madrid\/","og_site_name":"Mecanica Curiel","article_modified_time":"2017-05-26T09:31:40+00:00","twitter_card":"summary_large_image","twitter_misc":{"Estimated reading time":"2 minutes"},"schema":{"@context":"https:\/\/schema.org","@graph":[{"@type":"WebPage","@id":"https:\/\/mecanicacuriel.com\/mecanizados-precision\/mecanizados-precision-madrid\/","url":"https:\/\/mecanicacuriel.com\/mecanizados-precision\/mecanizados-precision-madrid\/","name":"Mecanizados precisi\u00f3n Madrid - Mecanica Curiel","isPartOf":{"@id":"https:\/\/mecanicacuriel.com\/#website"},"datePublished":"2015-07-16T07:28:40+00:00","dateModified":"2017-05-26T09:31:40+00:00","breadcrumb":{"@id":"https:\/\/mecanicacuriel.com\/mecanizados-precision\/mecanizados-precision-madrid\/#breadcrumb"},"inLanguage":"en-GB","potentialAction":[{"@type":"ReadAction","target":["https:\/\/mecanicacuriel.com\/mecanizados-precision\/mecanizados-precision-madrid\/"]}]},{"@type":"BreadcrumbList","@id":"https:\/\/mecanicacuriel.com\/mecanizados-precision\/mecanizados-precision-madrid\/#breadcrumb","itemListElement":[{"@type":"ListItem","position":1,"name":"Portada","item":"https:\/\/mecanicacuriel.com\/"},{"@type":"ListItem","position":2,"name":"Mecanizados precision","item":"https:\/\/mecanicacuriel.com\/mecanizados-precision\/"},{"@type":"ListItem","position":3,"name":"Mecanizados precisi\u00f3n Madrid"}]},{"@type":"WebSite","@id":"https:\/\/mecanicacuriel.com\/#website","url":"https:\/\/mecanicacuriel.com\/","name":"Curiel Mechanics","description":"manufacturing and construction of precision machining and assembly.","potentialAction":[{"@type":"SearchAction","target":{"@type":"EntryPoint","urlTemplate":"https:\/\/mecanicacuriel.com\/?s={search_term_string}"},"query-input":{"@type":"PropertyValueSpecification","valueRequired":true,"valueName":"search_term_string"}}],"inLanguage":"en-GB"}]}},"_links":{"self":[{"href":"https:\/\/mecanicacuriel.com\/en\/wp-json\/wp\/v2\/pages\/484","targetHints":{"allow":["GET"]}}],"collection":[{"href":"https:\/\/mecanicacuriel.com\/en\/wp-json\/wp\/v2\/pages"}],"about":[{"href":"https:\/\/mecanicacuriel.com\/en\/wp-json\/wp\/v2\/types\/page"}],"author":[{"embeddable":true,"href":"https:\/\/mecanicacuriel.com\/en\/wp-json\/wp\/v2\/users\/2"}],"replies":[{"embeddable":true,"href":"https:\/\/mecanicacuriel.com\/en\/wp-json\/wp\/v2\/comments?post=484"}],"version-history":[{"count":2,"href":"https:\/\/mecanicacuriel.com\/en\/wp-json\/wp\/v2\/pages\/484\/revisions"}],"predecessor-version":[{"id":1127,"href":"https:\/\/mecanicacuriel.com\/en\/wp-json\/wp\/v2\/pages\/484\/revisions\/1127"}],"up":[{"embeddable":true,"href":"https:\/\/mecanicacuriel.com\/en\/wp-json\/wp\/v2\/pages\/385"}],"wp:attachment":[{"href":"https:\/\/mecanicacuriel.com\/en\/wp-json\/wp\/v2\/media?parent=484"}],"curies":[{"name":"wp","href":"https:\/\/api.w.org\/{rel}","templated":true}]}}