{"id":508,"date":"2015-07-16T08:14:56","date_gmt":"2015-07-16T08:14:56","guid":{"rendered":"http:\/\/mecanicacuriel.com\/?page_id=508"},"modified":"2017-05-24T09:07:25","modified_gmt":"2017-05-24T09:07:25","slug":"sitemap","status":"publish","type":"page","link":"https:\/\/mecanicacuriel.com\/en\/sitemap\/","title":{"rendered":"Site Map"},"content":{"rendered":"<div class=\"wpb-content-wrapper\"><div class=\"vc_row wpb_row vc_row-fluid\"><div class=\"wpb_column vc_column_container vc_col-sm-12\"><div class=\"vc_column-inner\"><div class=\"wpb_wrapper\">\n\t<div class=\"wpb_text_column wpb_content_element\" >\n\t\t<div class=\"wpb_wrapper\">\n\t\t\t<ul id=\"sitemap_list\" class=\"sitemap_disp_level_0\">\n<li class=\"home-item\"><a href=\"https:\/\/mecanicacuriel.com\/en\/\" title=\"Curiel Mechanics\">Curiel Mechanics<\/a><\/li>\n<li class=\"page_item page-item-9\"><a href=\"https:\/\/mecanicacuriel.com\/en\/aparatos-de-laboratorio\/\">laboratory apparatus<\/a><\/li>\n<li class=\"page_item page-item-23\"><a href=\"https:\/\/mecanicacuriel.com\/en\/aviso-legal-politica-de-privacidad\/\">Legal notice \u2013 Privacy Policy<\/a><\/li>\n<li class=\"page_item page-item-149\"><a href=\"https:\/\/mecanicacuriel.com\/en\/blog-2\/\">Blog<\/a><\/li>\n<li class=\"page_item page-item-1000\"><a href=\"https:\/\/mecanicacuriel.com\/en\/blog\/\">Blog<\/a><\/li>\n<li class=\"page_item page-item-1419\"><a href=\"https:\/\/mecanicacuriel.com\/en\/cnc-espana\/\">CNC Spain<\/a><\/li>\n<li class=\"page_item page-item-971 page_item_has_children\"><a href=\"https:\/\/mecanicacuriel.com\/en\/cnc-machining\/\">CNC Machining<\/a>\n<ul class='children'>\n<li class=\"page_item page-item-973\"><a href=\"https:\/\/mecanicacuriel.com\/en\/cnc-machining\/machining-of-cnc-barcelona\/\">Machining of CNC Barcelona<\/a><\/li>\n<li class=\"page_item page-item-975\"><a href=\"https:\/\/mecanicacuriel.com\/en\/cnc-machining\/machining-of-cnc-bilbao\/\">Machining of CNC Bilbao<\/a><\/li>\n<li class=\"page_item page-item-977\"><a href=\"https:\/\/mecanicacuriel.com\/en\/cnc-machining\/machining-of-cnc-madrid\/\">Machining of CNC Madrid<\/a><\/li>\n<li class=\"page_item page-item-979\"><a href=\"https:\/\/mecanicacuriel.com\/en\/cnc-machining\/machining-of-cnc-sevilla\/\">Machining of CNC Seville<\/a><\/li>\n<li class=\"page_item page-item-981\"><a href=\"https:\/\/mecanicacuriel.com\/en\/cnc-machining\/machining-of-cnc-valencia\/\">Machining of CNC Valencia<\/a><\/li>\n<\/ul>\n<\/li>\n<li class=\"page_item page-item-28\"><a href=\"https:\/\/mecanicacuriel.com\/en\/como-contactar\/\">How to contact<\/a><\/li>\n<li class=\"page_item page-item-903\"><a href=\"https:\/\/mecanicacuriel.com\/en\/control-and-test-tools\/\">Control and test tools<\/a><\/li>\n<li class=\"page_item page-item-2540\"><a href=\"https:\/\/mecanicacuriel.com\/en\/declaracion-de-accesibilidad\/\">Accessibility statement<\/a><\/li>\n<li class=\"page_item page-item-1543 page_item_has_children\"><a href=\"https:\/\/mecanicacuriel.com\/en\/fabrica-de-decoletaje\/\">Turning<\/a>\n<ul class='children'>\n<li class=\"page_item page-item-3534\"><a href=\"https:\/\/mecanicacuriel.com\/en\/fabrica-de-decoletaje\/decoletaje-de-precision-en-barcelona\/\">Decoletaje de precisi\u00f3n en Barcelona<\/a><\/li>\n<\/ul>\n<\/li>\n<li class=\"page_item page-item-1582 page_item_has_children\"><a href=\"https:\/\/mecanicacuriel.com\/en\/decoletaje\/\">Turning<\/a>\n<ul class='children'>\n<li class=\"page_item page-item-1580\"><a href=\"https:\/\/mecanicacuriel.com\/en\/decoletaje\/decoletaje-barcelona\/\">Bar turning Barcelona<\/a><\/li>\n<li class=\"page_item page-item-1584\"><a href=\"https:\/\/mecanicacuriel.com\/en\/decoletaje\/fabrica-de-decoletaje\/\">Turning factory<\/a><\/li>\n<\/ul>\n<\/li>\n<li class=\"page_item page-item-3375\"><a href=\"https:\/\/mecanicacuriel.com\/en\/decoletaje-de-precision-granollers\/\">Decoletaje de precisi\u00f3n Granollers<\/a><\/li>\n<li class=\"page_item page-item-3443\"><a href=\"https:\/\/mecanicacuriel.com\/en\/decoletaje-industrial-barcelona\/\">Decoletaje industrial Barcelona<\/a><\/li>\n<li class=\"page_item page-item-905\"><a href=\"https:\/\/mecanicacuriel.com\/en\/dispensers\/\">Dispensers<\/a><\/li>\n<li class=\"page_item page-item-7\"><a href=\"https:\/\/mecanicacuriel.com\/en\/dosificadores\/\">Dispensers<\/a><\/li>\n<li class=\"page_item page-item-2201\"><a href=\"https:\/\/mecanicacuriel.com\/en\/empresa-de-decoletaje\/\">Turning company<\/a><\/li>\n<li class=\"page_item page-item-379 page_item_has_children\"><a href=\"https:\/\/mecanicacuriel.com\/en\/empresa-de-mecanizados\/\">machining company<\/a>\n<ul class='children'>\n<li class=\"page_item page-item-524\"><a href=\"https:\/\/mecanicacuriel.com\/en\/empresa-de-mecanizados\/empresa-mecanizados-bilbao\/\">Bilbao machining company<\/a><\/li>\n<li class=\"page_item page-item-520\"><a href=\"https:\/\/mecanicacuriel.com\/en\/empresa-de-mecanizados\/empresa-mecanizados-madrid\/\">Madrid machining company<\/a><\/li>\n<li class=\"page_item page-item-522\"><a href=\"https:\/\/mecanicacuriel.com\/en\/empresa-de-mecanizados\/empresa-mecanizados-sevilla\/\">Seville machining company<\/a><\/li>\n<li class=\"page_item page-item-476\"><a href=\"https:\/\/mecanicacuriel.com\/en\/empresa-de-mecanizados\/empresa-de-mecanizados-valencia\/\">Valencia machining company<\/a><\/li>\n<\/ul>\n<\/li>\n<li class=\"page_item page-item-1785\"><a href=\"https:\/\/mecanicacuriel.com\/en\/empresa-mecanizados-barcelona\/\">Barcelona machining company<\/a><\/li>\n<li class=\"page_item page-item-2666\"><a href=\"https:\/\/mecanicacuriel.com\/en\/ensamblajes-y-montajes\/\">Assemblies and installations<\/a><\/li>\n<li class=\"page_item page-item-2511\"><a href=\"https:\/\/mecanicacuriel.com\/en\/environment\/\">environment<\/a><\/li>\n<li class=\"page_item page-item-2224\"><a href=\"https:\/\/mecanicacuriel.com\/en\/fabrica-de-decoletaje-bilbao\/\">Bilbao turning factory<\/a><\/li>\n<li class=\"page_item page-item-2300\"><a href=\"https:\/\/mecanicacuriel.com\/en\/fabrica-decoletaje-sevilla\/\">Seville turning factory<\/a><\/li>\n<li class=\"page_item page-item-3373\"><a href=\"https:\/\/mecanicacuriel.com\/en\/fabricacion-de-piezas-de-acero-canovelles\/\">Fabricaci\u00f3n de piezas de acero Canovelles<\/a><\/li>\n<li class=\"page_item page-item-3450\"><a href=\"https:\/\/mecanicacuriel.com\/en\/fabricacion-de-piezas-de-acero-en-barcelona\/\">Fabricaci\u00f3n de piezas de acero en Barcelona<\/a><\/li>\n<li class=\"page_item page-item-3457\"><a href=\"https:\/\/mecanicacuriel.com\/en\/fabricacion-de-piezas-de-acero-en-granollers\/\">Fabricaci\u00f3n de piezas de acero en Granollers<\/a><\/li>\n<li class=\"page_item page-item-3379\"><a href=\"https:\/\/mecanicacuriel.com\/en\/fabricacion-de-piezas-de-aluminio-canovelles\/\">Fabricaci\u00f3n de piezas de aluminio Canovelles<\/a><\/li>\n<li class=\"page_item page-item-3473\"><a href=\"https:\/\/mecanicacuriel.com\/en\/fabricacion-de-prototipos-sabadell\/\">Fabricaci\u00f3n de prototipos Sabadell<\/a><\/li>\n<li class=\"page_item page-item-881\"><a href=\"https:\/\/mecanicacuriel.com\/en\/quienes-somos\/\">home<\/a><\/li>\n<li class=\"page_item page-item-897\"><a href=\"https:\/\/mecanicacuriel.com\/en\/how-to-contact\/\">How to contact<\/a><\/li>\n<li class=\"page_item page-item-907\"><a href=\"https:\/\/mecanicacuriel.com\/en\/laboratory-equipment\/\">Laboratory equipment<\/a><\/li>\n<li class=\"page_item page-item-983\"><a href=\"https:\/\/mecanicacuriel.com\/en\/laboratory-machining\/\">Laboratory Machining<\/a><\/li>\n<li class=\"page_item page-item-901\"><a href=\"https:\/\/mecanicacuriel.com\/en\/legal-notice\/\">Legal Notice<\/a><\/li>\n<li class=\"page_item page-item-20\"><a href=\"https:\/\/mecanicacuriel.com\/en\/localizacion\/\">Location<\/a><\/li>\n<li class=\"page_item page-item-954 page_item_has_children\"><a href=\"https:\/\/mecanicacuriel.com\/en\/machining-company\/\">Machining company<\/a>\n<ul class='children'>\n<li class=\"page_item page-item-956\"><a href=\"https:\/\/mecanicacuriel.com\/en\/machining-company\/company-mechanics-bilbao\/\">Company mechanics Bilbao<\/a><\/li>\n<li class=\"page_item page-item-958\"><a href=\"https:\/\/mecanicacuriel.com\/en\/machining-company\/company-mechanics-madrid\/\">Company Mechanics Madrid<\/a><\/li>\n<li class=\"page_item page-item-960\"><a href=\"https:\/\/mecanicacuriel.com\/en\/machining-company\/company-mechanics-sevilla\/\">Company Mechanics Seville<\/a><\/li>\n<li class=\"page_item page-item-962\"><a href=\"https:\/\/mecanicacuriel.com\/en\/machining-company\/company-mechanics-valencia\/\">Company Mechanics Valencia<\/a><\/li>\n<\/ul>\n<\/li>\n<li class=\"page_item page-item-508 current_page_item\"><a href=\"https:\/\/mecanicacuriel.com\/en\/sitemap\/\" aria-current=\"page\">Site Map<\/a><\/li>\n<li class=\"page_item page-item-3478\"><a href=\"https:\/\/mecanicacuriel.com\/en\/mecanizado-cnc-de-acero-granollers\/\">Mecanizado CNC de acero Granollers<\/a><\/li>\n<li class=\"page_item page-item-3446\"><a href=\"https:\/\/mecanicacuriel.com\/en\/mecanizado-cnc-de-plasticos-tecnicos-en-barcelona\/\">Mecanizado CNC de pl\u00e1sticos t\u00e9cnicos en Barcelona<\/a><\/li>\n<li class=\"page_item page-item-3397\"><a href=\"https:\/\/mecanicacuriel.com\/en\/mecanizado-cnc-en-canovelles\/\">Mecanizado CNC en Canovelles<\/a><\/li>\n<li class=\"page_item page-item-3439\"><a href=\"https:\/\/mecanicacuriel.com\/en\/mecanizado-de-aluminio-en-barcelona\/\">Mecanizado de aluminio en Barcelona<\/a><\/li>\n<li class=\"page_item page-item-3399\"><a href=\"https:\/\/mecanicacuriel.com\/en\/mecanizado-de-aluminio-en-granollers\/\">Mecanizado de aluminio en Granollers<\/a><\/li>\n<li class=\"page_item page-item-3462\"><a href=\"https:\/\/mecanicacuriel.com\/en\/mecanizado-de-plasticos-tecnicos-en-canovelles\/\">Mecanizado de plasticos tecnicos en Canovelles<\/a><\/li>\n<li class=\"page_item page-item-3377\"><a href=\"https:\/\/mecanicacuriel.com\/en\/mecanizado-de-plasticos-tecnicos-la-garriga\/\">Mecanizado de pl\u00e1sticos t\u00e9cnicos La Garriga<\/a><\/li>\n<li class=\"page_item page-item-3371\"><a href=\"https:\/\/mecanicacuriel.com\/en\/mecanizado-de-precision-cnc-les-franqueses-del-valles\/\">Mecanizado de precisi\u00f3n CNC Les Franqueses del Vall\u00e8s<\/a><\/li>\n<li class=\"page_item page-item-3481\"><a href=\"https:\/\/mecanicacuriel.com\/en\/mecanizado-de-precision-sabadell\/\">Mecanizado de precisi\u00f3n Sabadell<\/a><\/li>\n<li class=\"page_item page-item-381 page_item_has_children\"><a href=\"https:\/\/mecanicacuriel.com\/en\/mecanizados-cnc\/\">CNC machining<\/a>\n<ul class='children'>\n<li class=\"page_item page-item-3528\"><a href=\"https:\/\/mecanicacuriel.com\/en\/mecanizados-cnc\/mecanizado-cnc-de-acero-en-canovelles\/\">Mecanizado CNC de acero en Canovelles<\/a><\/li>\n<li class=\"page_item page-item-415\"><a href=\"https:\/\/mecanicacuriel.com\/en\/mecanizados-cnc\/mecanizados-cnc-barcelona\/\">CNC machining Barcelona<\/a><\/li>\n<li class=\"page_item page-item-516\"><a href=\"https:\/\/mecanicacuriel.com\/en\/mecanizados-cnc\/mecanizados-cnc-bilbao\/\">CNC Machining Bilbao<\/a><\/li>\n<li class=\"page_item page-item-512\"><a href=\"https:\/\/mecanicacuriel.com\/en\/mecanizados-cnc\/mecanizados-cnc-madrid\/\">CNC machining Madrid<\/a><\/li>\n<li class=\"page_item page-item-514\"><a href=\"https:\/\/mecanicacuriel.com\/en\/mecanizados-cnc\/mecanizados-cnc-sevilla\/\">CNC machining Seville<\/a><\/li>\n<li class=\"page_item page-item-527\"><a href=\"https:\/\/mecanicacuriel.com\/en\/mecanizados-cnc\/mecanizados-cnc-valencia\/\">CNC machining Valencia<\/a><\/li>\n<\/ul>\n<\/li>\n<li class=\"page_item page-item-2317\"><a href=\"https:\/\/mecanicacuriel.com\/en\/mecanizados-cnc-catalunya\/\">CNC machining Catalunya<\/a><\/li>\n<li class=\"page_item page-item-383\"><a href=\"https:\/\/mecanicacuriel.com\/en\/mecanizados-laboratorio\/\">Laboratory machining<\/a><\/li>\n<li class=\"page_item page-item-385 page_item_has_children\"><a href=\"https:\/\/mecanicacuriel.com\/en\/mecanizados-precision\/\">Precision machining<\/a>\n<ul class='children'>\n<li class=\"page_item page-item-3519\"><a href=\"https:\/\/mecanicacuriel.com\/en\/mecanizados-precision\/mecanizado-de-precision-en-canovelles\/\">Mecanizado de precisi\u00f3n en Canovelles<\/a><\/li>\n<li class=\"page_item page-item-412\"><a href=\"https:\/\/mecanicacuriel.com\/en\/mecanizados-precision\/mecanizados-precision-barcelona\/\">Precision machining Barcelona<\/a><\/li>\n<li class=\"page_item page-item-493\"><a href=\"https:\/\/mecanicacuriel.com\/en\/mecanizados-precision\/mecanizados-precision-bilbao\/\">Precision machining Bilbao<\/a><\/li>\n<li class=\"page_item page-item-484\"><a href=\"https:\/\/mecanicacuriel.com\/en\/mecanizados-precision\/mecanizados-precision-madrid\/\">Precision machining Madrid<\/a><\/li>\n<li class=\"page_item page-item-490\"><a href=\"https:\/\/mecanicacuriel.com\/en\/mecanizados-precision\/mecanizados-precision-sevilla\/\">Precision machining Seville<\/a><\/li>\n<li class=\"page_item page-item-495\"><a href=\"https:\/\/mecanicacuriel.com\/en\/mecanizados-precision\/mecanizados-precision-valencia-2\/\">Valencia precision machining<\/a><\/li>\n<\/ul>\n<\/li>\n<li class=\"page_item page-item-15\"><a href=\"https:\/\/mecanicacuriel.com\/en\/mecanizados-varios\/\">Various machining<\/a><\/li>\n<li class=\"page_item page-item-1969\"><a href=\"https:\/\/mecanicacuriel.com\/en\/medio-ambiente\/\">Environment<\/a><\/li>\n<li class=\"page_item page-item-3381\"><a href=\"https:\/\/mecanicacuriel.com\/en\/montaje-de-dosificadores-industriales-en-les-franqueses-del-valles\/\">Montaje de dosificadores industriales en Les Franqueses del Vall\u00e8s<\/a><\/li>\n<li class=\"page_item page-item-887\"><a href=\"https:\/\/mecanicacuriel.com\/en\/our-machinery\/\">Our Machinery<\/a><\/li>\n<li class=\"page_item page-item-17\"><a href=\"https:\/\/mecanicacuriel.com\/en\/parque-de-maquinaria\/\">Machinery Park<\/a><\/li>\n<li class=\"page_item page-item-1502\"><a href=\"https:\/\/mecanicacuriel.com\/en\/politica-de-cookies\/\">Cookies policy<\/a><\/li>\n<li class=\"page_item page-item-985 page_item_has_children\"><a href=\"https:\/\/mecanicacuriel.com\/en\/precision-machining\/\">Precision Machining<\/a>\n<ul class='children'>\n<li class=\"page_item page-item-988\"><a href=\"https:\/\/mecanicacuriel.com\/en\/precision-machining\/precision-machining-barcelona\/\">Precision Machining Barcelona<\/a><\/li>\n<li class=\"page_item page-item-990\"><a href=\"https:\/\/mecanicacuriel.com\/en\/precision-machining\/precision-machining-bilbao\/\">Precision Machining Bilbao<\/a><\/li>\n<li class=\"page_item page-item-992\"><a href=\"https:\/\/mecanicacuriel.com\/en\/precision-machining\/precision-machining-madrid\/\">Precision Machining Madrid<\/a><\/li>\n<li class=\"page_item page-item-994\"><a href=\"https:\/\/mecanicacuriel.com\/en\/precision-machining\/precision-machining-sevilla\/\">Precision Machining Seville<\/a><\/li>\n<li class=\"page_item page-item-996\"><a href=\"https:\/\/mecanicacuriel.com\/en\/precision-machining\/precision-machining-valencia\/\">Precision Machining Valencia<\/a><\/li>\n<\/ul>\n<\/li>\n<li class=\"page_item page-item-3487\"><a href=\"https:\/\/mecanicacuriel.com\/en\/prototipos-cnc-en-sabadell\/\">Prototipos CNC en Sabadell<\/a><\/li>\n<li class=\"page_item page-item-2459\"><a href=\"https:\/\/mecanicacuriel.com\/en\/sobre-nosotros\/\">About us<\/a><\/li>\n<li class=\"page_item page-item-909\"><a href=\"https:\/\/mecanicacuriel.com\/en\/special-valves\/\">Special Valves<\/a><\/li>\n<li class=\"page_item page-item-1789\"><a href=\"https:\/\/mecanicacuriel.com\/en\/taller-de-mecanizados-cnc\/\">CNC machining workshop<\/a><\/li>\n<li class=\"page_item page-item-1413\"><a href=\"https:\/\/mecanicacuriel.com\/en\/taller-mecanizados\/\">mechanized workshop<\/a><\/li>\n<li class=\"page_item page-item-1787\"><a href=\"https:\/\/mecanicacuriel.com\/en\/taller-mecanizados-barcelona\/\">Barcelona mechanized workshop<\/a><\/li>\n<li class=\"page_item page-item-2184\"><a href=\"https:\/\/mecanicacuriel.com\/en\/taller-mecanizados-catalunya\/\">Catalunya mechanized workshop<\/a><\/li>\n<li class=\"page_item page-item-1781\"><a href=\"https:\/\/mecanicacuriel.com\/en\/taller-mecanizados-de-precision\/\">Precision machining workshop<\/a><\/li>\n<li class=\"page_item page-item-2187\"><a href=\"https:\/\/mecanicacuriel.com\/en\/taller-mecanizados-espana\/\">Mechanized workshop Spain<\/a><\/li>\n<li class=\"page_item page-item-744\"><a href=\"https:\/\/mecanicacuriel.com\/en\/utiles-de-control-y-ensayo\/\">Control and testing tools<\/a><\/li>\n<li class=\"page_item page-item-11\"><a href=\"https:\/\/mecanicacuriel.com\/en\/valvuleria-especial\/\">Special valves<\/a><\/li>\n<li class=\"page_item page-item-913\"><a href=\"https:\/\/mecanicacuriel.com\/en\/various-machining\/\">Various Machining<\/a><\/li>\n<li class=\"page_item page-item-32\"><a href=\"https:\/\/mecanicacuriel.com\/en\/videos1\/\">videos<\/a><\/li>\n<li class=\"page_item page-item-895\"><a href=\"https:\/\/mecanicacuriel.com\/en\/videos\/\">videos<\/a><\/li>\n<li class=\"page_item page-item-911\"><a href=\"https:\/\/mecanicacuriel.com\/en\/viscosimeters\/\">Viscosimeters<\/a><\/li>\n<li class=\"page_item page-item-13\"><a href=\"https:\/\/mecanicacuriel.com\/en\/viscosimetria\/\">Viscosimetry<\/a><\/li>\n<li class=\"page_item page-item-2486\"><a href=\"https:\/\/mecanicacuriel.com\/en\/who-we-are\/\">Who we are<\/a><\/li>\n<\/ul>\n\n\t\t<\/div>\n\t<\/div>\n<\/div><\/div><\/div><\/div>\n<\/div>","protected":false},"excerpt":{"rendered":"","protected":false},"author":2,"featured_media":0,"parent":0,"menu_order":0,"comment_status":"open","ping_status":"open","template":"","meta":{"footnotes":""},"class_list":["post-508","page","type-page","status-publish","hentry"],"aioseo_notices":[],"yoast_head":"<!-- This site is optimized with the Yoast SEO plugin v27.1.1 - https:\/\/yoast.com\/product\/yoast-seo-wordpress\/ -->\n<title>Mapa del sitio - Mecanica Curiel<\/title>\n<meta name=\"robots\" content=\"index, follow, max-snippet:-1, max-image-preview:large, max-video-preview:-1\" \/>\n<link rel=\"canonical\" href=\"https:\/\/mecanicacuriel.com\/en\/sitemap\/\" \/>\n<meta property=\"og:locale\" content=\"en_GB\" \/>\n<meta property=\"og:type\" content=\"article\" \/>\n<meta property=\"og:title\" content=\"Mapa del sitio - Mecanica Curiel\" \/>\n<meta property=\"og:url\" content=\"https:\/\/mecanicacuriel.com\/en\/sitemap\/\" \/>\n<meta property=\"og:site_name\" content=\"Mecanica Curiel\" \/>\n<meta property=\"article:modified_time\" content=\"2017-05-24T09:07:25+00:00\" \/>\n<meta name=\"twitter:card\" content=\"summary_large_image\" \/>\n<script type=\"application\/ld+json\" class=\"yoast-schema-graph\">{\"@context\":\"https:\/\/schema.org\",\"@graph\":[{\"@type\":\"WebPage\",\"@id\":\"https:\/\/mecanicacuriel.com\/sitemap\/\",\"url\":\"https:\/\/mecanicacuriel.com\/sitemap\/\",\"name\":\"Mapa del sitio - Mecanica Curiel\",\"isPartOf\":{\"@id\":\"https:\/\/mecanicacuriel.com\/#website\"},\"datePublished\":\"2015-07-16T08:14:56+00:00\",\"dateModified\":\"2017-05-24T09:07:25+00:00\",\"breadcrumb\":{\"@id\":\"https:\/\/mecanicacuriel.com\/sitemap\/#breadcrumb\"},\"inLanguage\":\"en-GB\",\"potentialAction\":[{\"@type\":\"ReadAction\",\"target\":[\"https:\/\/mecanicacuriel.com\/sitemap\/\"]}]},{\"@type\":\"BreadcrumbList\",\"@id\":\"https:\/\/mecanicacuriel.com\/sitemap\/#breadcrumb\",\"itemListElement\":[{\"@type\":\"ListItem\",\"position\":1,\"name\":\"Portada\",\"item\":\"https:\/\/mecanicacuriel.com\/\"},{\"@type\":\"ListItem\",\"position\":2,\"name\":\"Mapa del sitio\"}]},{\"@type\":\"WebSite\",\"@id\":\"https:\/\/mecanicacuriel.com\/#website\",\"url\":\"https:\/\/mecanicacuriel.com\/\",\"name\":\"Mecanica Curiel\",\"description\":\"fabricaci\u00f3n y construcci\u00f3n de mecanizados y montajes de precisi\u00f3n.\",\"potentialAction\":[{\"@type\":\"SearchAction\",\"target\":{\"@type\":\"EntryPoint\",\"urlTemplate\":\"https:\/\/mecanicacuriel.com\/?s={search_term_string}\"},\"query-input\":{\"@type\":\"PropertyValueSpecification\",\"valueRequired\":true,\"valueName\":\"search_term_string\"}}],\"inLanguage\":\"en-GB\"}]}<\/script>\n<!-- \/ Yoast SEO plugin. -->","yoast_head_json":{"title":"Mapa del sitio - Mecanica Curiel","robots":{"index":"index","follow":"follow","max-snippet":"max-snippet:-1","max-image-preview":"max-image-preview:large","max-video-preview":"max-video-preview:-1"},"canonical":"https:\/\/mecanicacuriel.com\/en\/sitemap\/","og_locale":"en_GB","og_type":"article","og_title":"Mapa del sitio - Mecanica Curiel","og_url":"https:\/\/mecanicacuriel.com\/en\/sitemap\/","og_site_name":"Mecanica Curiel","article_modified_time":"2017-05-24T09:07:25+00:00","twitter_card":"summary_large_image","schema":{"@context":"https:\/\/schema.org","@graph":[{"@type":"WebPage","@id":"https:\/\/mecanicacuriel.com\/sitemap\/","url":"https:\/\/mecanicacuriel.com\/sitemap\/","name":"Mapa del sitio - Mecanica Curiel","isPartOf":{"@id":"https:\/\/mecanicacuriel.com\/#website"},"datePublished":"2015-07-16T08:14:56+00:00","dateModified":"2017-05-24T09:07:25+00:00","breadcrumb":{"@id":"https:\/\/mecanicacuriel.com\/sitemap\/#breadcrumb"},"inLanguage":"en-GB","potentialAction":[{"@type":"ReadAction","target":["https:\/\/mecanicacuriel.com\/sitemap\/"]}]},{"@type":"BreadcrumbList","@id":"https:\/\/mecanicacuriel.com\/sitemap\/#breadcrumb","itemListElement":[{"@type":"ListItem","position":1,"name":"Portada","item":"https:\/\/mecanicacuriel.com\/"},{"@type":"ListItem","position":2,"name":"Mapa del sitio"}]},{"@type":"WebSite","@id":"https:\/\/mecanicacuriel.com\/#website","url":"https:\/\/mecanicacuriel.com\/","name":"Curiel Mechanics","description":"manufacturing and construction of precision machining and assembly.","potentialAction":[{"@type":"SearchAction","target":{"@type":"EntryPoint","urlTemplate":"https:\/\/mecanicacuriel.com\/?s={search_term_string}"},"query-input":{"@type":"PropertyValueSpecification","valueRequired":true,"valueName":"search_term_string"}}],"inLanguage":"en-GB"}]}},"_links":{"self":[{"href":"https:\/\/mecanicacuriel.com\/en\/wp-json\/wp\/v2\/pages\/508","targetHints":{"allow":["GET"]}}],"collection":[{"href":"https:\/\/mecanicacuriel.com\/en\/wp-json\/wp\/v2\/pages"}],"about":[{"href":"https:\/\/mecanicacuriel.com\/en\/wp-json\/wp\/v2\/types\/page"}],"author":[{"embeddable":true,"href":"https:\/\/mecanicacuriel.com\/en\/wp-json\/wp\/v2\/users\/2"}],"replies":[{"embeddable":true,"href":"https:\/\/mecanicacuriel.com\/en\/wp-json\/wp\/v2\/comments?post=508"}],"version-history":[{"count":1,"href":"https:\/\/mecanicacuriel.com\/en\/wp-json\/wp\/v2\/pages\/508\/revisions"}],"predecessor-version":[{"id":965,"href":"https:\/\/mecanicacuriel.com\/en\/wp-json\/wp\/v2\/pages\/508\/revisions\/965"}],"wp:attachment":[{"href":"https:\/\/mecanicacuriel.com\/en\/wp-json\/wp\/v2\/media?parent=508"}],"curies":[{"name":"wp","href":"https:\/\/api.w.org\/{rel}","templated":true}]}}