{"id":520,"date":"2015-07-16T08:37:32","date_gmt":"2015-07-16T08:37:32","guid":{"rendered":"http:\/\/mecanicacuriel.com\/?page_id=520"},"modified":"2015-07-16T08:37:32","modified_gmt":"2015-07-16T08:37:32","slug":"empresa-mecanizados-madrid","status":"publish","type":"page","link":"https:\/\/mecanicacuriel.com\/en\/empresa-de-mecanizados\/empresa-mecanizados-madrid\/","title":{"rendered":"Madrid machining company"},"content":{"rendered":"<!-- START home REVOLUTION SLIDER 6.7.25 --><p class=\"rs-p-wp-fix\"><\/p>\n\t\t\t<rs-module-wrap id=\"rev_slider_1_1_wrapper\" data-source=\"gallery\" style=\"visibility:hidden;background:#E9E9E9;padding:-15;margin:0px auto;margin-top:0;margin-bottom:0;\">\n\t\t\t\t<rs-module id=\"rev_slider_1_1\" style=\"\" data-version=\"6.7.25\">\n\t\t\t\t\t<rs-slides style=\"overflow: hidden; position: absolute;\">\n\t\t\t\t\t\t<rs-slide style=\"position: absolute;\" data-key=\"rs-10\" data-title=\"Slide\" data-thumb=\"\/\/mecanicacuriel.com\/wp-content\/uploads\/2014\/11\/11-100x50.jpg\" data-anim=\"adpr:false;\">\n\t\t\t\t\t\t\t<img decoding=\"async\" src=\"\/\/mecanicacuriel.com\/wp-content\/plugins\/revslider\/sr6\/assets\/assets\/dummy.png\" alt=\"\" title=\"Madrid machining company\" class=\"rev-slidebg tp-rs-img rs-lazyload\" data-lazyload=\"\/\/mecanicacuriel.com\/wp-content\/uploads\/2014\/11\/11.jpg\" data-bg=\"p:center top;\" data-no-retina>\n<!---->\t\t\t\t\t<\/rs-slide>\n\t\t\t\t\t\t<rs-slide style=\"position: absolute;\" data-key=\"rs-3\" data-title=\"Slide\" data-thumb=\"\/\/mecanicacuriel.com\/wp-content\/uploads\/2014\/11\/1-100x50.jpg\" data-anim=\"adpr:false;\">\n\t\t\t\t\t\t\t<img decoding=\"async\" src=\"\/\/mecanicacuriel.com\/wp-content\/plugins\/revslider\/sr6\/assets\/assets\/dummy.png\" alt=\"\" title=\"Madrid machining company\" class=\"rev-slidebg tp-rs-img rs-lazyload\" data-lazyload=\"\/\/mecanicacuriel.com\/wp-content\/uploads\/2014\/11\/1.jpg\" data-bg=\"p:center top;\" data-no-retina>\n<!---->\t\t\t\t\t<\/rs-slide>\n\t\t\t\t\t\t<rs-slide style=\"position: absolute;\" data-key=\"rs-4\" data-title=\"Slide\" data-thumb=\"\/\/mecanicacuriel.com\/wp-content\/uploads\/2016\/12\/2.-CJT.-BOMBAS-PERIST\u00c1LTICAS-100x50.jpg\" data-anim=\"adpr:false;\">\n\t\t\t\t\t\t\t<img decoding=\"async\" src=\"\/\/mecanicacuriel.com\/wp-content\/plugins\/revslider\/sr6\/assets\/assets\/dummy.png\" alt=\"\" title=\"Madrid machining company\" class=\"rev-slidebg tp-rs-img rs-lazyload\" data-lazyload=\"\/\/mecanicacuriel.com\/wp-content\/uploads\/2016\/12\/2.-CJT.-BOMBAS-PERIST\u00c1LTICAS.jpg\" data-bg=\"p:center top;\" data-no-retina>\n<!---->\t\t\t\t\t<\/rs-slide>\n\t\t\t\t\t\t<rs-slide style=\"position: absolute;\" data-key=\"rs-6\" data-title=\"Slide\" data-thumb=\"\/\/mecanicacuriel.com\/wp-content\/uploads\/2014\/11\/2-100x50.jpg\" data-anim=\"adpr:false;\">\n\t\t\t\t\t\t\t<img decoding=\"async\" src=\"\/\/mecanicacuriel.com\/wp-content\/plugins\/revslider\/sr6\/assets\/assets\/dummy.png\" alt=\"\" title=\"Madrid machining company\" class=\"rev-slidebg tp-rs-img rs-lazyload\" data-lazyload=\"\/\/mecanicacuriel.com\/wp-content\/uploads\/2014\/11\/2.jpg\" data-bg=\"p:center top;\" data-no-retina>\n<!---->\t\t\t\t\t<\/rs-slide>\n\t\t\t\t\t\t<rs-slide style=\"position: absolute;\" data-key=\"rs-9\" data-title=\"Slide\" data-thumb=\"\/\/mecanicacuriel.com\/wp-content\/uploads\/2016\/12\/2.-Conjunto-de-Carros-lineales-100x50.jpg\" data-anim=\"adpr:false;\">\n\t\t\t\t\t\t\t<img decoding=\"async\" src=\"\/\/mecanicacuriel.com\/wp-content\/plugins\/revslider\/sr6\/assets\/assets\/dummy.png\" alt=\"\" title=\"Madrid machining company\" class=\"rev-slidebg tp-rs-img rs-lazyload\" data-lazyload=\"\/\/mecanicacuriel.com\/wp-content\/uploads\/2016\/12\/2.-Conjunto-de-Carros-lineales.jpg\" data-bg=\"p:center top;\" data-no-retina>\n<!---->\t\t\t\t\t<\/rs-slide>\n\t\t\t\t\t\t<rs-slide style=\"position: absolute;\" data-key=\"rs-8\" data-title=\"Slide\" data-thumb=\"\/\/mecanicacuriel.com\/wp-content\/uploads\/2016\/12\/20220128_124231-100x50.jpg\" data-anim=\"adpr:false;\">\n\t\t\t\t\t\t\t<img decoding=\"async\" src=\"\/\/mecanicacuriel.com\/wp-content\/plugins\/revslider\/sr6\/assets\/assets\/dummy.png\" alt=\"\" title=\"Madrid machining company\" class=\"rev-slidebg tp-rs-img rs-lazyload\" data-lazyload=\"\/\/mecanicacuriel.com\/wp-content\/uploads\/2016\/12\/20220128_124231.jpg\" data-bg=\"p:center top;\" data-no-retina>\n<!---->\t\t\t\t\t<\/rs-slide>\n\t\t\t\t\t\t<rs-slide style=\"position: absolute;\" data-key=\"rs-11\" data-title=\"Slide\" data-thumb=\"\/\/mecanicacuriel.com\/wp-content\/uploads\/2016\/12\/20231206_094321-100x50.jpg\" data-anim=\"adpr:false;\">\n\t\t\t\t\t\t\t<img decoding=\"async\" src=\"\/\/mecanicacuriel.com\/wp-content\/plugins\/revslider\/sr6\/assets\/assets\/dummy.png\" alt=\"\" title=\"Madrid machining company\" class=\"rev-slidebg tp-rs-img rs-lazyload\" data-lazyload=\"\/\/mecanicacuriel.com\/wp-content\/uploads\/2016\/12\/20231206_094321.jpg\" data-bg=\"p:center top;\" data-no-retina>\n<!---->\t\t\t\t\t<\/rs-slide>\n\t\t\t\t\t<\/rs-slides>\n\t\t\t\t<\/rs-module>\n\t\t\t\t<script>\n\t\t\t\t\tsetREVStartSize({c: 'rev_slider_1_1',rl:[1240,1024,778,480],el:[],gw:[950],gh:[450],type:'standard',justify:'',layout:'fullwidth',mh:\"0\"});if (window.RS_MODULES!==undefined && window.RS_MODULES.modules!==undefined && window.RS_MODULES.modules[\"revslider11\"]!==undefined) {window.RS_MODULES.modules[\"revslider11\"].once = false;window.revapi1 = undefined;if (window.RS_MODULES.checkMinimal!==undefined) window.RS_MODULES.checkMinimal()}\n\t\t\t\t<\/script>\n\t\t\t<\/rs-module-wrap>\n\t\t\t<!-- END REVOLUTION SLIDER -->\n\n<p align=\"JUSTIFY\"><b>Curiel Mechanics<\/b> is a <b>company of<\/b> <b>mechanized <\/b>and assemblies of<b> precision<\/b>, with a long history, since 1972, in the manufacture and development of instruments of this nature, which ensures the development of this work, with meritorious work.<\/p>\n<p align=\"JUSTIFY\">With extensive experience in the world of <b>precision machining<\/b>, our <b>machining company<\/b>, lleva m\u00e1s de cuarenta a\u00f1os desempe\u00f1ando una labor determinante en esta sociedad, actuando en toda la geograf\u00eda espa\u00f1ola. Con un \u00e1mbito de acci\u00f3n focalizado, principalmente, en la comunidad donde desarrollamos nuestra actividad, muchos son los clientes provenientes de distintos puntos de nuestro pa\u00eds: <b>Madrid, Valencia, Seville, Bilbao<\/b>\u2026<\/p>\n<p align=\"JUSTIFY\">Ciudades pioneras y punteras en el desarrollo social, que han visto en la labor realizada en nuestra <b>machining company<\/b>, <b>Curiel Mechanics<\/b>, el lugar ideal y las personas comprometidas a quien confiar la elaboraci\u00f3n de sus piezas de precisi\u00f3n.<\/p>\n<p align=\"JUSTIFY\">In <b>Curiel Mechanics<\/b>, tras estos m\u00e1s de cuarenta a\u00f1os defendiendo la tradici\u00f3n de trabajar siempre garantizando a todos nuestros clientes, -en <b>Madrid<\/b>, o en cualquier otra ciudad del panorama nacional-, un producto de la mejor calidad; hemos velado por ofrecerlo, elabor\u00e1ndolo con los debidos procesos y con los programas y maquinaria CNC de \u00faltima generaci\u00f3n, que garanticen el meritorio resultado final.<\/p>\n<p align=\"JUSTIFY\">Gracias al trabajo realizado por los profesionales de nuestra <b>machining company<\/b>, con una vasta experiencia de m\u00e1s de cuatro d\u00e9cadas como referente en productos y servicios de <b>precision machining <\/b>in the province of <b>Barcelona<\/b>; en la familiar <b>machining company<\/b>, <b>Curiel Mechanics,<\/b> nos hemos especializado en ofrecer a todos nuestros clientes ese toque \u00fanico y caracter\u00edstico que nos ha llevado a devenir todo un punto de referencia en ciudades tan destacadas como <b>Madrid<\/b>.<\/p>\n<p align=\"JUSTIFY\">We offer all our clients, whether from <b>Madrid<\/b> o de cualquier ciudad del territorio nacional, la seriedad, la profesionalidad y el compromiso que merecen los <b>precision machining<\/b> que elaboramos, \u00fanicos y dedicados, para cada cliente, de la mano de profesionales exigentes, utilizando los \u00faltimos y m\u00e1s actualizados medios de toda <b>machining company<\/b>.<\/p>\n<p align=\"JUSTIFY\">If you want to have more information about this <b>machining company <\/b>y del trabajo que desarrollamos en una ciudad como<b> Madrid<\/b>, no dud\u00e9is en poneros en contacto con los integrantes de nuestra plantilla. Responderemos a todos vuestros interrogantes y os asesoraremos sobre c\u00f3mo obtener vuestros <b>precision machining<\/b> quality.<\/p>","protected":false},"excerpt":{"rendered":"<p>Mec\u00e1nica Curiel es una empresa de mecanizados y montajes de precisi\u00f3n, con una dilatada trayectoria, desde el a\u00f1o 1972, en la fabricaci\u00f3n y desarrollo de instrumentos de esta \u00edndole, que vela por la elaboraci\u00f3n de esta labor, con un trabajo meritorio. Con un amplio recorrido en el mundo de los mecanizados de precisi\u00f3n, nuestra empresa de mecanizados, lleva m\u00e1s de<\/p>\n<div class=\"h10\"><\/div>\n<p><a class=\"more-link1\" href=\"https:\/\/mecanicacuriel.com\/en\/empresa-de-mecanizados\/empresa-mecanizados-madrid\/\">Read more<\/a><\/p>","protected":false},"author":2,"featured_media":0,"parent":379,"menu_order":0,"comment_status":"open","ping_status":"open","template":"","meta":{"footnotes":""},"class_list":["post-520","page","type-page","status-publish","hentry"],"aioseo_notices":[],"yoast_head":"<!-- This site is optimized with the Yoast SEO plugin v27.1.1 - https:\/\/yoast.com\/product\/yoast-seo-wordpress\/ -->\n<title>Empresa mecanizados Madrid - Mecanica Curiel<\/title>\n<meta name=\"robots\" content=\"index, follow, max-snippet:-1, max-image-preview:large, max-video-preview:-1\" \/>\n<link rel=\"canonical\" href=\"https:\/\/mecanicacuriel.com\/en\/empresa-de-mecanizados\/empresa-mecanizados-madrid\/\" \/>\n<meta property=\"og:locale\" content=\"en_GB\" \/>\n<meta property=\"og:type\" content=\"article\" \/>\n<meta property=\"og:title\" content=\"Empresa mecanizados Madrid - Mecanica Curiel\" \/>\n<meta property=\"og:description\" content=\"Mec\u00e1nica Curiel es una empresa de mecanizados y montajes de precisi\u00f3n, con una dilatada trayectoria, desde el a\u00f1o 1972, en la fabricaci\u00f3n y desarrollo de instrumentos de esta \u00edndole, que vela por la elaboraci\u00f3n de esta labor, con un trabajo meritorio. Con un amplio recorrido en el mundo de los mecanizados de precisi\u00f3n, nuestra empresa de mecanizados, lleva m\u00e1s deRead more\" \/>\n<meta property=\"og:url\" content=\"https:\/\/mecanicacuriel.com\/en\/empresa-de-mecanizados\/empresa-mecanizados-madrid\/\" \/>\n<meta property=\"og:site_name\" content=\"Mecanica Curiel\" \/>\n<meta name=\"twitter:card\" content=\"summary_large_image\" \/>\n<meta name=\"twitter:label1\" content=\"Estimated reading time\" \/>\n\t<meta name=\"twitter:data1\" content=\"2 minutes\" \/>\n<script type=\"application\/ld+json\" class=\"yoast-schema-graph\">{\"@context\":\"https:\/\/schema.org\",\"@graph\":[{\"@type\":\"WebPage\",\"@id\":\"https:\/\/mecanicacuriel.com\/empresa-de-mecanizados\/empresa-mecanizados-madrid\/\",\"url\":\"https:\/\/mecanicacuriel.com\/empresa-de-mecanizados\/empresa-mecanizados-madrid\/\",\"name\":\"Empresa mecanizados Madrid - Mecanica Curiel\",\"isPartOf\":{\"@id\":\"https:\/\/mecanicacuriel.com\/#website\"},\"datePublished\":\"2015-07-16T08:37:32+00:00\",\"breadcrumb\":{\"@id\":\"https:\/\/mecanicacuriel.com\/empresa-de-mecanizados\/empresa-mecanizados-madrid\/#breadcrumb\"},\"inLanguage\":\"en-GB\",\"potentialAction\":[{\"@type\":\"ReadAction\",\"target\":[\"https:\/\/mecanicacuriel.com\/empresa-de-mecanizados\/empresa-mecanizados-madrid\/\"]}]},{\"@type\":\"BreadcrumbList\",\"@id\":\"https:\/\/mecanicacuriel.com\/empresa-de-mecanizados\/empresa-mecanizados-madrid\/#breadcrumb\",\"itemListElement\":[{\"@type\":\"ListItem\",\"position\":1,\"name\":\"Portada\",\"item\":\"https:\/\/mecanicacuriel.com\/\"},{\"@type\":\"ListItem\",\"position\":2,\"name\":\"Empresa de mecanizados\",\"item\":\"https:\/\/mecanicacuriel.com\/empresa-de-mecanizados\/\"},{\"@type\":\"ListItem\",\"position\":3,\"name\":\"Empresa mecanizados Madrid\"}]},{\"@type\":\"WebSite\",\"@id\":\"https:\/\/mecanicacuriel.com\/#website\",\"url\":\"https:\/\/mecanicacuriel.com\/\",\"name\":\"Mecanica Curiel\",\"description\":\"fabricaci\u00f3n y construcci\u00f3n de mecanizados y montajes de precisi\u00f3n.\",\"potentialAction\":[{\"@type\":\"SearchAction\",\"target\":{\"@type\":\"EntryPoint\",\"urlTemplate\":\"https:\/\/mecanicacuriel.com\/?s={search_term_string}\"},\"query-input\":{\"@type\":\"PropertyValueSpecification\",\"valueRequired\":true,\"valueName\":\"search_term_string\"}}],\"inLanguage\":\"en-GB\"}]}<\/script>\n<!-- \/ Yoast SEO plugin. -->","yoast_head_json":{"title":"Empresa mecanizados Madrid - Mecanica Curiel","robots":{"index":"index","follow":"follow","max-snippet":"max-snippet:-1","max-image-preview":"max-image-preview:large","max-video-preview":"max-video-preview:-1"},"canonical":"https:\/\/mecanicacuriel.com\/en\/empresa-de-mecanizados\/empresa-mecanizados-madrid\/","og_locale":"en_GB","og_type":"article","og_title":"Empresa mecanizados Madrid - Mecanica Curiel","og_description":"Mec\u00e1nica Curiel es una empresa de mecanizados y montajes de precisi\u00f3n, con una dilatada trayectoria, desde el a\u00f1o 1972, en la fabricaci\u00f3n y desarrollo de instrumentos de esta \u00edndole, que vela por la elaboraci\u00f3n de esta labor, con un trabajo meritorio. Con un amplio recorrido en el mundo de los mecanizados de precisi\u00f3n, nuestra empresa de mecanizados, lleva m\u00e1s deRead more","og_url":"https:\/\/mecanicacuriel.com\/en\/empresa-de-mecanizados\/empresa-mecanizados-madrid\/","og_site_name":"Mecanica Curiel","twitter_card":"summary_large_image","twitter_misc":{"Estimated reading time":"2 minutes"},"schema":{"@context":"https:\/\/schema.org","@graph":[{"@type":"WebPage","@id":"https:\/\/mecanicacuriel.com\/empresa-de-mecanizados\/empresa-mecanizados-madrid\/","url":"https:\/\/mecanicacuriel.com\/empresa-de-mecanizados\/empresa-mecanizados-madrid\/","name":"Empresa mecanizados Madrid - Mecanica Curiel","isPartOf":{"@id":"https:\/\/mecanicacuriel.com\/#website"},"datePublished":"2015-07-16T08:37:32+00:00","breadcrumb":{"@id":"https:\/\/mecanicacuriel.com\/empresa-de-mecanizados\/empresa-mecanizados-madrid\/#breadcrumb"},"inLanguage":"en-GB","potentialAction":[{"@type":"ReadAction","target":["https:\/\/mecanicacuriel.com\/empresa-de-mecanizados\/empresa-mecanizados-madrid\/"]}]},{"@type":"BreadcrumbList","@id":"https:\/\/mecanicacuriel.com\/empresa-de-mecanizados\/empresa-mecanizados-madrid\/#breadcrumb","itemListElement":[{"@type":"ListItem","position":1,"name":"Portada","item":"https:\/\/mecanicacuriel.com\/"},{"@type":"ListItem","position":2,"name":"Empresa de mecanizados","item":"https:\/\/mecanicacuriel.com\/empresa-de-mecanizados\/"},{"@type":"ListItem","position":3,"name":"Empresa mecanizados Madrid"}]},{"@type":"WebSite","@id":"https:\/\/mecanicacuriel.com\/#website","url":"https:\/\/mecanicacuriel.com\/","name":"Curiel Mechanics","description":"manufacturing and construction of precision machining and assembly.","potentialAction":[{"@type":"SearchAction","target":{"@type":"EntryPoint","urlTemplate":"https:\/\/mecanicacuriel.com\/?s={search_term_string}"},"query-input":{"@type":"PropertyValueSpecification","valueRequired":true,"valueName":"search_term_string"}}],"inLanguage":"en-GB"}]}},"_links":{"self":[{"href":"https:\/\/mecanicacuriel.com\/en\/wp-json\/wp\/v2\/pages\/520","targetHints":{"allow":["GET"]}}],"collection":[{"href":"https:\/\/mecanicacuriel.com\/en\/wp-json\/wp\/v2\/pages"}],"about":[{"href":"https:\/\/mecanicacuriel.com\/en\/wp-json\/wp\/v2\/types\/page"}],"author":[{"embeddable":true,"href":"https:\/\/mecanicacuriel.com\/en\/wp-json\/wp\/v2\/users\/2"}],"replies":[{"embeddable":true,"href":"https:\/\/mecanicacuriel.com\/en\/wp-json\/wp\/v2\/comments?post=520"}],"version-history":[{"count":0,"href":"https:\/\/mecanicacuriel.com\/en\/wp-json\/wp\/v2\/pages\/520\/revisions"}],"up":[{"embeddable":true,"href":"https:\/\/mecanicacuriel.com\/en\/wp-json\/wp\/v2\/pages\/379"}],"wp:attachment":[{"href":"https:\/\/mecanicacuriel.com\/en\/wp-json\/wp\/v2\/media?parent=520"}],"curies":[{"name":"wp","href":"https:\/\/api.w.org\/{rel}","templated":true}]}}