{"id":522,"date":"2015-07-16T08:42:18","date_gmt":"2015-07-16T08:42:18","guid":{"rendered":"http:\/\/mecanicacuriel.com\/?page_id=522"},"modified":"2015-07-16T08:42:18","modified_gmt":"2015-07-16T08:42:18","slug":"empresa-mecanizados-sevilla","status":"publish","type":"page","link":"https:\/\/mecanicacuriel.com\/en\/empresa-de-mecanizados\/empresa-mecanizados-sevilla\/","title":{"rendered":"Seville machining company"},"content":{"rendered":"<!-- START home REVOLUTION SLIDER 6.7.25 --><p class=\"rs-p-wp-fix\"><\/p>\n\t\t\t<rs-module-wrap id=\"rev_slider_1_1_wrapper\" data-source=\"gallery\" style=\"visibility:hidden;background:#E9E9E9;padding:-15;margin:0px auto;margin-top:0;margin-bottom:0;\">\n\t\t\t\t<rs-module id=\"rev_slider_1_1\" style=\"\" data-version=\"6.7.25\">\n\t\t\t\t\t<rs-slides style=\"overflow: hidden; position: absolute;\">\n\t\t\t\t\t\t<rs-slide style=\"position: absolute;\" data-key=\"rs-10\" data-title=\"Slide\" data-thumb=\"\/\/mecanicacuriel.com\/wp-content\/uploads\/2014\/11\/11-100x50.jpg\" data-anim=\"adpr:false;\">\n\t\t\t\t\t\t\t<img decoding=\"async\" src=\"\/\/mecanicacuriel.com\/wp-content\/plugins\/revslider\/sr6\/assets\/assets\/dummy.png\" alt=\"\" title=\"Seville machining company\" class=\"rev-slidebg tp-rs-img rs-lazyload\" data-lazyload=\"\/\/mecanicacuriel.com\/wp-content\/uploads\/2014\/11\/11.jpg\" data-bg=\"p:center top;\" data-no-retina>\n<!---->\t\t\t\t\t<\/rs-slide>\n\t\t\t\t\t\t<rs-slide style=\"position: absolute;\" data-key=\"rs-3\" data-title=\"Slide\" data-thumb=\"\/\/mecanicacuriel.com\/wp-content\/uploads\/2014\/11\/1-100x50.jpg\" data-anim=\"adpr:false;\">\n\t\t\t\t\t\t\t<img decoding=\"async\" src=\"\/\/mecanicacuriel.com\/wp-content\/plugins\/revslider\/sr6\/assets\/assets\/dummy.png\" alt=\"\" title=\"Seville machining company\" class=\"rev-slidebg tp-rs-img rs-lazyload\" data-lazyload=\"\/\/mecanicacuriel.com\/wp-content\/uploads\/2014\/11\/1.jpg\" data-bg=\"p:center top;\" data-no-retina>\n<!---->\t\t\t\t\t<\/rs-slide>\n\t\t\t\t\t\t<rs-slide style=\"position: absolute;\" data-key=\"rs-4\" data-title=\"Slide\" data-thumb=\"\/\/mecanicacuriel.com\/wp-content\/uploads\/2016\/12\/2.-CJT.-BOMBAS-PERIST\u00c1LTICAS-100x50.jpg\" data-anim=\"adpr:false;\">\n\t\t\t\t\t\t\t<img decoding=\"async\" src=\"\/\/mecanicacuriel.com\/wp-content\/plugins\/revslider\/sr6\/assets\/assets\/dummy.png\" alt=\"\" title=\"Seville machining company\" class=\"rev-slidebg tp-rs-img rs-lazyload\" data-lazyload=\"\/\/mecanicacuriel.com\/wp-content\/uploads\/2016\/12\/2.-CJT.-BOMBAS-PERIST\u00c1LTICAS.jpg\" data-bg=\"p:center top;\" data-no-retina>\n<!---->\t\t\t\t\t<\/rs-slide>\n\t\t\t\t\t\t<rs-slide style=\"position: absolute;\" data-key=\"rs-6\" data-title=\"Slide\" data-thumb=\"\/\/mecanicacuriel.com\/wp-content\/uploads\/2014\/11\/2-100x50.jpg\" data-anim=\"adpr:false;\">\n\t\t\t\t\t\t\t<img decoding=\"async\" src=\"\/\/mecanicacuriel.com\/wp-content\/plugins\/revslider\/sr6\/assets\/assets\/dummy.png\" alt=\"\" title=\"Seville machining company\" class=\"rev-slidebg tp-rs-img rs-lazyload\" data-lazyload=\"\/\/mecanicacuriel.com\/wp-content\/uploads\/2014\/11\/2.jpg\" data-bg=\"p:center top;\" data-no-retina>\n<!---->\t\t\t\t\t<\/rs-slide>\n\t\t\t\t\t\t<rs-slide style=\"position: absolute;\" data-key=\"rs-9\" data-title=\"Slide\" data-thumb=\"\/\/mecanicacuriel.com\/wp-content\/uploads\/2016\/12\/2.-Conjunto-de-Carros-lineales-100x50.jpg\" data-anim=\"adpr:false;\">\n\t\t\t\t\t\t\t<img decoding=\"async\" src=\"\/\/mecanicacuriel.com\/wp-content\/plugins\/revslider\/sr6\/assets\/assets\/dummy.png\" alt=\"\" title=\"Seville machining company\" class=\"rev-slidebg tp-rs-img rs-lazyload\" data-lazyload=\"\/\/mecanicacuriel.com\/wp-content\/uploads\/2016\/12\/2.-Conjunto-de-Carros-lineales.jpg\" data-bg=\"p:center top;\" data-no-retina>\n<!---->\t\t\t\t\t<\/rs-slide>\n\t\t\t\t\t\t<rs-slide style=\"position: absolute;\" data-key=\"rs-8\" data-title=\"Slide\" data-thumb=\"\/\/mecanicacuriel.com\/wp-content\/uploads\/2016\/12\/20220128_124231-100x50.jpg\" data-anim=\"adpr:false;\">\n\t\t\t\t\t\t\t<img decoding=\"async\" src=\"\/\/mecanicacuriel.com\/wp-content\/plugins\/revslider\/sr6\/assets\/assets\/dummy.png\" alt=\"\" title=\"Seville machining company\" class=\"rev-slidebg tp-rs-img rs-lazyload\" data-lazyload=\"\/\/mecanicacuriel.com\/wp-content\/uploads\/2016\/12\/20220128_124231.jpg\" data-bg=\"p:center top;\" data-no-retina>\n<!---->\t\t\t\t\t<\/rs-slide>\n\t\t\t\t\t\t<rs-slide style=\"position: absolute;\" data-key=\"rs-11\" data-title=\"Slide\" data-thumb=\"\/\/mecanicacuriel.com\/wp-content\/uploads\/2016\/12\/20231206_094321-100x50.jpg\" data-anim=\"adpr:false;\">\n\t\t\t\t\t\t\t<img decoding=\"async\" src=\"\/\/mecanicacuriel.com\/wp-content\/plugins\/revslider\/sr6\/assets\/assets\/dummy.png\" alt=\"\" title=\"Seville machining company\" class=\"rev-slidebg tp-rs-img rs-lazyload\" data-lazyload=\"\/\/mecanicacuriel.com\/wp-content\/uploads\/2016\/12\/20231206_094321.jpg\" data-bg=\"p:center top;\" data-no-retina>\n<!---->\t\t\t\t\t<\/rs-slide>\n\t\t\t\t\t<\/rs-slides>\n\t\t\t\t<\/rs-module>\n\t\t\t\t<script>\n\t\t\t\t\tsetREVStartSize({c: 'rev_slider_1_1',rl:[1240,1024,778,480],el:[],gw:[950],gh:[450],type:'standard',justify:'',layout:'fullwidth',mh:\"0\"});if (window.RS_MODULES!==undefined && window.RS_MODULES.modules!==undefined && window.RS_MODULES.modules[\"revslider11\"]!==undefined) {window.RS_MODULES.modules[\"revslider11\"].once = false;window.revapi1 = undefined;if (window.RS_MODULES.checkMinimal!==undefined) window.RS_MODULES.checkMinimal()}\n\t\t\t\t<\/script>\n\t\t\t<\/rs-module-wrap>\n\t\t\t<!-- END REVOLUTION SLIDER -->\n\n<p align=\"JUSTIFY\">Con amplio camino andado en el mundo de los <b>precision machining<\/b>, our <b>empresa de mecanizados, Mec\u00e1nica Curiel<\/b>, is a <b>company of<\/b> <b>mechanized<\/b> establecida en la provincia de Barcelona, que lleva m\u00e1s de cuarenta a\u00f1os desempe\u00f1ando una labor destacada en esta sociedad, con gran protagonismo en distintos puntos de la geograf\u00eda espa\u00f1ola. Ciudades como <b>Madrid, Valencia, Seville, Bilbao<\/b>\u2026, as\u00ed como las m\u00e1s cercanas a nuestro \u00e1mbito de acci\u00f3n, han confiado en esta <b>precision machining company <\/b>y han valorado la calidad del trabajo desarrollado para disponer de los <b>mechanized<\/b> necesarios y meritorios.<b> <\/b><\/p>\n<p align=\"JUSTIFY\">Focalizando, principalmente, nuestra actividad en la comunidad donde desarrollamos la tarea, ofrecemos a todos estos clientes provenientes de distintos puntos de nuestro pa\u00eds (<b>Sevilla, Madrid, Bilbao, Valencia<\/b>\u2026), valores indispensables en el cometido de desempe\u00f1ar <b>precision machining<\/b> de calidad: compromiso, responsabilidad, profesionalidad\u2026<\/p>\n<p align=\"JUSTIFY\">Gracias al trabajo llevado a cabo por los t\u00e9cnicos y operarios experimentados de nuestra <b>machining company<\/b>, con gran conocimiento y con la pr\u00e1ctica de las \u00faltimas innovaciones en el desarrollo de <b>precision machining<\/b>, hemos consolidado nuestra actividad como referente en productos y servicios de <b>precision machining <\/b>de calidad, en ciudades tan destacadas como <b>Seville<\/b>.<\/p>\n<p align=\"JUSTIFY\">In <b>Curiel Mechanics<\/b> defendemos la tradici\u00f3n del trabajo desarrollado y garantizamos a todos nuestros clientes, -en <b>Seville<\/b>, o en cualquier otra ciudad del panorama nacional-, un producto de la mejor calidad, velando por ofrecer siempre esa profesionalidad que ata\u00f1e a todos y cada uno de los profesionales de nuestra <b>machining company<\/b>.<\/p>\n<p align=\"JUSTIFY\">Cumpliendo con los debidos procedimientos y haciendo uso de los programas y la maquinaria CNC de \u00faltima generaci\u00f3n, que garantice el meritorio resultado final y los <b>precision machining <\/b>necesarios; en <b>Curiel Mechanics<\/b>, realizamos una labor comprometida utilizando los \u00faltimos y m\u00e1s actualizados medios.<\/p>\n<p align=\"JUSTIFY\">La distancia no es un impedimento para desarrollar nuestro mejor servicio, as\u00ed que sean del punto geogr\u00e1fico que sean nuestros clientes (<b>Seville<\/b>, <b>Madrid, Bilbao, Valencia<\/b>\u2026), elaboramos<b> precision machining<\/b> apropiados y personalizados.<\/p>\n<p align=\"JUSTIFY\">Si quer\u00e9is tener m\u00e1s informaci\u00f3n sobre esta <b>machining company <\/b>y del trabajo que desempe\u00f1amos en ella para ciudades de cualquier punto del pa\u00eds, como<b> Seville<\/b>, no dud\u00e9is en contactar con cualquiera de los integrantes de nuestra plantilla. Responderemos a todas vuestras inc\u00f3gnitas y os asesoraremos sobre c\u00f3mo obtener vuestros <b>precision machining<\/b> quality.<\/p>\n<p>&nbsp;<\/p>","protected":false},"excerpt":{"rendered":"<p>Con amplio camino andado en el mundo de los mecanizados de precisi\u00f3n, nuestra empresa de mecanizados, Mec\u00e1nica Curiel, es una empresa de mecanizados establecida en la provincia de Barcelona, que lleva m\u00e1s de cuarenta a\u00f1os desempe\u00f1ando una labor destacada en esta sociedad, con gran protagonismo en distintos puntos de la geograf\u00eda espa\u00f1ola. Ciudades como Madrid, Valencia, Sevilla, Bilbao\u2026, as\u00ed como<\/p>\n<div class=\"h10\"><\/div>\n<p><a class=\"more-link1\" href=\"https:\/\/mecanicacuriel.com\/en\/empresa-de-mecanizados\/empresa-mecanizados-sevilla\/\">Read more<\/a><\/p>","protected":false},"author":2,"featured_media":0,"parent":379,"menu_order":0,"comment_status":"open","ping_status":"open","template":"","meta":{"footnotes":""},"class_list":["post-522","page","type-page","status-publish","hentry"],"aioseo_notices":[],"yoast_head":"<!-- This site is optimized with the Yoast SEO plugin v27.1.1 - https:\/\/yoast.com\/product\/yoast-seo-wordpress\/ -->\n<title>Empresa mecanizados Sevilla - Mecanica Curiel<\/title>\n<meta name=\"robots\" content=\"index, follow, max-snippet:-1, max-image-preview:large, max-video-preview:-1\" \/>\n<link rel=\"canonical\" href=\"https:\/\/mecanicacuriel.com\/en\/empresa-de-mecanizados\/empresa-mecanizados-sevilla\/\" \/>\n<meta property=\"og:locale\" content=\"en_GB\" \/>\n<meta property=\"og:type\" content=\"article\" \/>\n<meta property=\"og:title\" content=\"Empresa mecanizados Sevilla - Mecanica Curiel\" \/>\n<meta property=\"og:description\" content=\"Con amplio camino andado en el mundo de los mecanizados de precisi\u00f3n, nuestra empresa de mecanizados, Mec\u00e1nica Curiel, es una empresa de mecanizados establecida en la provincia de Barcelona, que lleva m\u00e1s de cuarenta a\u00f1os desempe\u00f1ando una labor destacada en esta sociedad, con gran protagonismo en distintos puntos de la geograf\u00eda espa\u00f1ola. Ciudades como Madrid, Valencia, Sevilla, Bilbao\u2026, as\u00ed comoRead more\" \/>\n<meta property=\"og:url\" content=\"https:\/\/mecanicacuriel.com\/en\/empresa-de-mecanizados\/empresa-mecanizados-sevilla\/\" \/>\n<meta property=\"og:site_name\" content=\"Mecanica Curiel\" \/>\n<meta name=\"twitter:card\" content=\"summary_large_image\" \/>\n<meta name=\"twitter:label1\" content=\"Estimated reading time\" \/>\n\t<meta name=\"twitter:data1\" content=\"2 minutes\" \/>\n<script type=\"application\/ld+json\" class=\"yoast-schema-graph\">{\"@context\":\"https:\/\/schema.org\",\"@graph\":[{\"@type\":\"WebPage\",\"@id\":\"https:\/\/mecanicacuriel.com\/empresa-de-mecanizados\/empresa-mecanizados-sevilla\/\",\"url\":\"https:\/\/mecanicacuriel.com\/empresa-de-mecanizados\/empresa-mecanizados-sevilla\/\",\"name\":\"Empresa mecanizados Sevilla - Mecanica Curiel\",\"isPartOf\":{\"@id\":\"https:\/\/mecanicacuriel.com\/#website\"},\"datePublished\":\"2015-07-16T08:42:18+00:00\",\"breadcrumb\":{\"@id\":\"https:\/\/mecanicacuriel.com\/empresa-de-mecanizados\/empresa-mecanizados-sevilla\/#breadcrumb\"},\"inLanguage\":\"en-GB\",\"potentialAction\":[{\"@type\":\"ReadAction\",\"target\":[\"https:\/\/mecanicacuriel.com\/empresa-de-mecanizados\/empresa-mecanizados-sevilla\/\"]}]},{\"@type\":\"BreadcrumbList\",\"@id\":\"https:\/\/mecanicacuriel.com\/empresa-de-mecanizados\/empresa-mecanizados-sevilla\/#breadcrumb\",\"itemListElement\":[{\"@type\":\"ListItem\",\"position\":1,\"name\":\"Portada\",\"item\":\"https:\/\/mecanicacuriel.com\/\"},{\"@type\":\"ListItem\",\"position\":2,\"name\":\"Empresa de mecanizados\",\"item\":\"https:\/\/mecanicacuriel.com\/empresa-de-mecanizados\/\"},{\"@type\":\"ListItem\",\"position\":3,\"name\":\"Empresa mecanizados Sevilla\"}]},{\"@type\":\"WebSite\",\"@id\":\"https:\/\/mecanicacuriel.com\/#website\",\"url\":\"https:\/\/mecanicacuriel.com\/\",\"name\":\"Mecanica Curiel\",\"description\":\"fabricaci\u00f3n y construcci\u00f3n de mecanizados y montajes de precisi\u00f3n.\",\"potentialAction\":[{\"@type\":\"SearchAction\",\"target\":{\"@type\":\"EntryPoint\",\"urlTemplate\":\"https:\/\/mecanicacuriel.com\/?s={search_term_string}\"},\"query-input\":{\"@type\":\"PropertyValueSpecification\",\"valueRequired\":true,\"valueName\":\"search_term_string\"}}],\"inLanguage\":\"en-GB\"}]}<\/script>\n<!-- \/ Yoast SEO plugin. -->","yoast_head_json":{"title":"Empresa mecanizados Sevilla - Mecanica Curiel","robots":{"index":"index","follow":"follow","max-snippet":"max-snippet:-1","max-image-preview":"max-image-preview:large","max-video-preview":"max-video-preview:-1"},"canonical":"https:\/\/mecanicacuriel.com\/en\/empresa-de-mecanizados\/empresa-mecanizados-sevilla\/","og_locale":"en_GB","og_type":"article","og_title":"Empresa mecanizados Sevilla - Mecanica Curiel","og_description":"Con amplio camino andado en el mundo de los mecanizados de precisi\u00f3n, nuestra empresa de mecanizados, Mec\u00e1nica Curiel, es una empresa de mecanizados establecida en la provincia de Barcelona, que lleva m\u00e1s de cuarenta a\u00f1os desempe\u00f1ando una labor destacada en esta sociedad, con gran protagonismo en distintos puntos de la geograf\u00eda espa\u00f1ola. Ciudades como Madrid, Valencia, Sevilla, Bilbao\u2026, as\u00ed comoRead more","og_url":"https:\/\/mecanicacuriel.com\/en\/empresa-de-mecanizados\/empresa-mecanizados-sevilla\/","og_site_name":"Mecanica Curiel","twitter_card":"summary_large_image","twitter_misc":{"Estimated reading time":"2 minutes"},"schema":{"@context":"https:\/\/schema.org","@graph":[{"@type":"WebPage","@id":"https:\/\/mecanicacuriel.com\/empresa-de-mecanizados\/empresa-mecanizados-sevilla\/","url":"https:\/\/mecanicacuriel.com\/empresa-de-mecanizados\/empresa-mecanizados-sevilla\/","name":"Empresa mecanizados Sevilla - Mecanica Curiel","isPartOf":{"@id":"https:\/\/mecanicacuriel.com\/#website"},"datePublished":"2015-07-16T08:42:18+00:00","breadcrumb":{"@id":"https:\/\/mecanicacuriel.com\/empresa-de-mecanizados\/empresa-mecanizados-sevilla\/#breadcrumb"},"inLanguage":"en-GB","potentialAction":[{"@type":"ReadAction","target":["https:\/\/mecanicacuriel.com\/empresa-de-mecanizados\/empresa-mecanizados-sevilla\/"]}]},{"@type":"BreadcrumbList","@id":"https:\/\/mecanicacuriel.com\/empresa-de-mecanizados\/empresa-mecanizados-sevilla\/#breadcrumb","itemListElement":[{"@type":"ListItem","position":1,"name":"Portada","item":"https:\/\/mecanicacuriel.com\/"},{"@type":"ListItem","position":2,"name":"Empresa de mecanizados","item":"https:\/\/mecanicacuriel.com\/empresa-de-mecanizados\/"},{"@type":"ListItem","position":3,"name":"Empresa mecanizados Sevilla"}]},{"@type":"WebSite","@id":"https:\/\/mecanicacuriel.com\/#website","url":"https:\/\/mecanicacuriel.com\/","name":"Curiel Mechanics","description":"manufacturing and construction of precision machining and assembly.","potentialAction":[{"@type":"SearchAction","target":{"@type":"EntryPoint","urlTemplate":"https:\/\/mecanicacuriel.com\/?s={search_term_string}"},"query-input":{"@type":"PropertyValueSpecification","valueRequired":true,"valueName":"search_term_string"}}],"inLanguage":"en-GB"}]}},"_links":{"self":[{"href":"https:\/\/mecanicacuriel.com\/en\/wp-json\/wp\/v2\/pages\/522","targetHints":{"allow":["GET"]}}],"collection":[{"href":"https:\/\/mecanicacuriel.com\/en\/wp-json\/wp\/v2\/pages"}],"about":[{"href":"https:\/\/mecanicacuriel.com\/en\/wp-json\/wp\/v2\/types\/page"}],"author":[{"embeddable":true,"href":"https:\/\/mecanicacuriel.com\/en\/wp-json\/wp\/v2\/users\/2"}],"replies":[{"embeddable":true,"href":"https:\/\/mecanicacuriel.com\/en\/wp-json\/wp\/v2\/comments?post=522"}],"version-history":[{"count":0,"href":"https:\/\/mecanicacuriel.com\/en\/wp-json\/wp\/v2\/pages\/522\/revisions"}],"up":[{"embeddable":true,"href":"https:\/\/mecanicacuriel.com\/en\/wp-json\/wp\/v2\/pages\/379"}],"wp:attachment":[{"href":"https:\/\/mecanicacuriel.com\/en\/wp-json\/wp\/v2\/media?parent=522"}],"curies":[{"name":"wp","href":"https:\/\/api.w.org\/{rel}","templated":true}]}}