{"id":527,"date":"2015-07-16T08:55:06","date_gmt":"2015-07-16T08:55:06","guid":{"rendered":"http:\/\/mecanicacuriel.com\/?page_id=527"},"modified":"2017-05-26T09:33:28","modified_gmt":"2017-05-26T09:33:28","slug":"mecanizados-cnc-valencia","status":"publish","type":"page","link":"https:\/\/mecanicacuriel.com\/en\/mecanizados-cnc\/mecanizados-cnc-valencia\/","title":{"rendered":"CNC machining Valencia"},"content":{"rendered":"<div class=\"wpb-content-wrapper\"><div class=\"vc_row wpb_row vc_row-fluid\"><div class=\"wpb_column vc_column_container vc_col-sm-12\"><div class=\"vc_column-inner\"><div class=\"wpb_wrapper\"><div class=\"wpb_revslider_element wpb_content_element\">\n\t\t\t<!-- START home REVOLUTION SLIDER 6.7.25 --><p class=\"rs-p-wp-fix\"><\/p>\n\t\t\t<rs-module-wrap id=\"rev_slider_1_1_wrapper\" data-source=\"gallery\" style=\"visibility:hidden;background:#E9E9E9;padding:-15;margin:0px auto;margin-top:0;margin-bottom:0;\">\n\t\t\t\t<rs-module id=\"rev_slider_1_1\" style=\"\" data-version=\"6.7.25\">\n\t\t\t\t\t<rs-slides style=\"overflow: hidden; position: absolute;\">\n\t\t\t\t\t\t<rs-slide style=\"position: absolute;\" data-key=\"rs-10\" data-title=\"Slide\" data-thumb=\"\/\/mecanicacuriel.com\/wp-content\/uploads\/2014\/11\/11-100x50.jpg\" data-anim=\"adpr:false;\">\n\t\t\t\t\t\t\t<img decoding=\"async\" src=\"\/\/mecanicacuriel.com\/wp-content\/plugins\/revslider\/sr6\/assets\/assets\/dummy.png\" alt=\"\" title=\"CNC machining Valencia\" class=\"rev-slidebg tp-rs-img rs-lazyload\" data-lazyload=\"\/\/mecanicacuriel.com\/wp-content\/uploads\/2014\/11\/11.jpg\" data-bg=\"p:center top;\" data-no-retina>\n<!---->\t\t\t\t\t<\/rs-slide>\n\t\t\t\t\t\t<rs-slide style=\"position: absolute;\" data-key=\"rs-3\" data-title=\"Slide\" data-thumb=\"\/\/mecanicacuriel.com\/wp-content\/uploads\/2014\/11\/1-100x50.jpg\" data-anim=\"adpr:false;\">\n\t\t\t\t\t\t\t<img decoding=\"async\" src=\"\/\/mecanicacuriel.com\/wp-content\/plugins\/revslider\/sr6\/assets\/assets\/dummy.png\" alt=\"\" title=\"CNC machining Valencia\" class=\"rev-slidebg tp-rs-img rs-lazyload\" data-lazyload=\"\/\/mecanicacuriel.com\/wp-content\/uploads\/2014\/11\/1.jpg\" data-bg=\"p:center top;\" data-no-retina>\n<!---->\t\t\t\t\t<\/rs-slide>\n\t\t\t\t\t\t<rs-slide style=\"position: absolute;\" data-key=\"rs-4\" data-title=\"Slide\" data-thumb=\"\/\/mecanicacuriel.com\/wp-content\/uploads\/2016\/12\/2.-CJT.-BOMBAS-PERIST\u00c1LTICAS-100x50.jpg\" data-anim=\"adpr:false;\">\n\t\t\t\t\t\t\t<img decoding=\"async\" src=\"\/\/mecanicacuriel.com\/wp-content\/plugins\/revslider\/sr6\/assets\/assets\/dummy.png\" alt=\"\" title=\"CNC machining Valencia\" class=\"rev-slidebg tp-rs-img rs-lazyload\" data-lazyload=\"\/\/mecanicacuriel.com\/wp-content\/uploads\/2016\/12\/2.-CJT.-BOMBAS-PERIST\u00c1LTICAS.jpg\" data-bg=\"p:center top;\" data-no-retina>\n<!---->\t\t\t\t\t<\/rs-slide>\n\t\t\t\t\t\t<rs-slide style=\"position: absolute;\" data-key=\"rs-6\" data-title=\"Slide\" data-thumb=\"\/\/mecanicacuriel.com\/wp-content\/uploads\/2014\/11\/2-100x50.jpg\" data-anim=\"adpr:false;\">\n\t\t\t\t\t\t\t<img decoding=\"async\" src=\"\/\/mecanicacuriel.com\/wp-content\/plugins\/revslider\/sr6\/assets\/assets\/dummy.png\" alt=\"\" title=\"CNC machining Valencia\" class=\"rev-slidebg tp-rs-img rs-lazyload\" data-lazyload=\"\/\/mecanicacuriel.com\/wp-content\/uploads\/2014\/11\/2.jpg\" data-bg=\"p:center top;\" data-no-retina>\n<!---->\t\t\t\t\t<\/rs-slide>\n\t\t\t\t\t\t<rs-slide style=\"position: absolute;\" data-key=\"rs-9\" data-title=\"Slide\" data-thumb=\"\/\/mecanicacuriel.com\/wp-content\/uploads\/2016\/12\/2.-Conjunto-de-Carros-lineales-100x50.jpg\" data-anim=\"adpr:false;\">\n\t\t\t\t\t\t\t<img decoding=\"async\" src=\"\/\/mecanicacuriel.com\/wp-content\/plugins\/revslider\/sr6\/assets\/assets\/dummy.png\" alt=\"\" title=\"CNC machining Valencia\" class=\"rev-slidebg tp-rs-img rs-lazyload\" data-lazyload=\"\/\/mecanicacuriel.com\/wp-content\/uploads\/2016\/12\/2.-Conjunto-de-Carros-lineales.jpg\" data-bg=\"p:center top;\" data-no-retina>\n<!---->\t\t\t\t\t<\/rs-slide>\n\t\t\t\t\t\t<rs-slide style=\"position: absolute;\" data-key=\"rs-8\" data-title=\"Slide\" data-thumb=\"\/\/mecanicacuriel.com\/wp-content\/uploads\/2016\/12\/20220128_124231-100x50.jpg\" data-anim=\"adpr:false;\">\n\t\t\t\t\t\t\t<img decoding=\"async\" src=\"\/\/mecanicacuriel.com\/wp-content\/plugins\/revslider\/sr6\/assets\/assets\/dummy.png\" alt=\"\" title=\"CNC machining Valencia\" class=\"rev-slidebg tp-rs-img rs-lazyload\" data-lazyload=\"\/\/mecanicacuriel.com\/wp-content\/uploads\/2016\/12\/20220128_124231.jpg\" data-bg=\"p:center top;\" data-no-retina>\n<!---->\t\t\t\t\t<\/rs-slide>\n\t\t\t\t\t\t<rs-slide style=\"position: absolute;\" data-key=\"rs-11\" data-title=\"Slide\" data-thumb=\"\/\/mecanicacuriel.com\/wp-content\/uploads\/2016\/12\/20231206_094321-100x50.jpg\" data-anim=\"adpr:false;\">\n\t\t\t\t\t\t\t<img decoding=\"async\" src=\"\/\/mecanicacuriel.com\/wp-content\/plugins\/revslider\/sr6\/assets\/assets\/dummy.png\" alt=\"\" title=\"CNC machining Valencia\" class=\"rev-slidebg tp-rs-img rs-lazyload\" data-lazyload=\"\/\/mecanicacuriel.com\/wp-content\/uploads\/2016\/12\/20231206_094321.jpg\" data-bg=\"p:center top;\" data-no-retina>\n<!---->\t\t\t\t\t<\/rs-slide>\n\t\t\t\t\t<\/rs-slides>\n\t\t\t\t<\/rs-module>\n\t\t\t\t<script>\n\t\t\t\t\tsetREVStartSize({c: 'rev_slider_1_1',rl:[1240,1024,778,480],el:[],gw:[950],gh:[450],type:'standard',justify:'',layout:'fullwidth',mh:\"0\"});if (window.RS_MODULES!==undefined && window.RS_MODULES.modules!==undefined && window.RS_MODULES.modules[\"revslider11\"]!==undefined) {window.RS_MODULES.modules[\"revslider11\"].once = false;window.revapi1 = undefined;if (window.RS_MODULES.checkMinimal!==undefined) window.RS_MODULES.checkMinimal()}\n\t\t\t\t<\/script>\n\t\t\t<\/rs-module-wrap>\n\t\t\t<!-- END REVOLUTION SLIDER -->\n<\/div>\n\t<div class=\"wpb_text_column wpb_content_element\" >\n\t\t<div class=\"wpb_wrapper\">\n\t\t\t<p>In <b>Curiel Mechanics<\/b>, como empresa de <b>precision CNC machining<\/b> especializada, nos regimos por ofrecer a todos nuestros clientes, sean del \u00e1mbito geogr\u00e1fico nacional que sean (<b>Valencia<\/b>, Madrid, Sevilla, Barcelona, Bilbao\u2026), la gran calidad y productividad en nuestros productos y servicios, as\u00ed como la total confianza en la atenci\u00f3n y prestaci\u00f3n de \u00e9stos, con la completa seguridad de obtener un resultado final personalizado, \u00fanico y exclusivo.<\/p>\n<p align=\"JUSTIFY\">The sector of <b>mecanizados CNC de precisi\u00f3n, <\/b>es un sector que<b> <\/b>requiere de la constante e incesante evoluci\u00f3n y progresi\u00f3n de todos los elementos que ayudan a seguir avanzando hacia <b>mechanized <\/b>t\u00e9cnicos,<b> <\/b>cada vez m\u00e1s precisos. Es por eso que, en <b>Curiel Mechanics<\/b>, contamos con la \u00faltima y m\u00e1s moderna maquinaria<b> CNC<\/b>, para garantizar ese progreso y la actualizaci\u00f3n de los <b>precision CNC machining <\/b>y lograr as\u00ed elementos de calidad. Gracias a la evoluci\u00f3n que han sufrido, podemos disfrutar de todas las comodidades de las que gozamos a d\u00eda de hoy, que ser\u00edan imposibles de desarrollar sin esos <b>CNC machining<\/b>.<\/p>\n<p align=\"JUSTIFY\">In <b>machining companies<\/b> como la nuestra, <b>Curiel Mechanics, <\/b>tenemos muy en cuenta la importancia que tiene la maquinaria para<b> CNC machining<\/b> para desarrollar nuestro trabajo del modo m\u00e1s preciso y llevarlo a todas aquellas partes donde sea necesario, como en ciudades como <b>Valencia<\/b>, donde tenemos un alto porcentaje de fieles clientes. Todo ello ha conllevado, a su vez, mejoras en la calidad de los productos que realizamos y esa relevancia en el sector de las <b>machining company, <\/b>que nos han llevado a ser todo un referente en<b> precision CNC machining<\/b>, in <b>Valencia<\/b>.<\/p>\n<p align=\"JUSTIFY\">Con un amplio bagaje y trayectoria a la hora de ofrecer productos y servicios <b>CNC machining<\/b>, tras m\u00e1s de cuarenta a\u00f1os de referencia en el sector a nivel nacional, en <b>Curiel Mechanics<\/b>, consideramos con gran importancia el detalle y la responsabilidad de realizar un trabajo digno y meritorio.<\/p>\n<p align=\"JUSTIFY\">Si quer\u00e9is resolver cualquier tipo de duda o cuesti\u00f3n, o recibir m\u00e1s informaci\u00f3n sobre todos los servicios que os ofrecemos en nuestra empresa de <b>precision CNC machining<\/b>, <b>Curiel Mechanics<\/b>, in <b>Valencia<\/b>; no ten\u00e9is m\u00e1s que poneros en contacto con cualquiera de los integrantes de nuestra plantilla. Nos pondremos en contacto con vosotros y trataremos de responder a todas vuestras preguntas y asesoraros para garantizaros <b>precision CNC machining<\/b> de calidad, en <b>Valencia<\/b>.<\/p>\n<p>\u00a0<\/p>\n\n\t\t<\/div>\n\t<\/div>\n<\/div><\/div><\/div><\/div>\n<\/div>","protected":false},"excerpt":{"rendered":"En Mec\u00e1nica Curiel, como empresa de mecanizados CNC de precisi\u00f3n especializada, nos regimos por ofrecer a todos nuestros clientes, sean del \u00e1mbito geogr\u00e1fico nacional que sean (Valencia, Madrid, Sevilla, Barcelona, Bilbao\u2026), la gran calidad y productividad en nuestros productos y servicios, as\u00ed como la total confianza en la atenci\u00f3n y prestaci\u00f3n de \u00e9stos, con la completa seguridad de obtener un<div class=\"h10\"><\/div><a class=\"more-link1\" href=\"https:\/\/mecanicacuriel.com\/en\/mecanizados-cnc\/mecanizados-cnc-valencia\/\">Read more<\/a>","protected":false},"author":2,"featured_media":0,"parent":381,"menu_order":0,"comment_status":"open","ping_status":"open","template":"","meta":{"footnotes":""},"class_list":["post-527","page","type-page","status-publish","hentry"],"aioseo_notices":[],"yoast_head":"<!-- This site is optimized with the Yoast SEO plugin v27.1.1 - https:\/\/yoast.com\/product\/yoast-seo-wordpress\/ -->\n<title>Mecanizados CNC Valencia - Mecanica Curiel<\/title>\n<meta name=\"robots\" content=\"index, follow, max-snippet:-1, max-image-preview:large, max-video-preview:-1\" \/>\n<link rel=\"canonical\" href=\"https:\/\/mecanicacuriel.com\/en\/mecanizados-cnc\/mecanizados-cnc-valencia\/\" \/>\n<meta property=\"og:locale\" content=\"en_GB\" \/>\n<meta property=\"og:type\" content=\"article\" \/>\n<meta property=\"og:title\" content=\"Mecanizados CNC Valencia - Mecanica Curiel\" \/>\n<meta property=\"og:url\" content=\"https:\/\/mecanicacuriel.com\/en\/mecanizados-cnc\/mecanizados-cnc-valencia\/\" \/>\n<meta property=\"og:site_name\" content=\"Mecanica Curiel\" \/>\n<meta property=\"article:modified_time\" content=\"2017-05-26T09:33:28+00:00\" \/>\n<meta name=\"twitter:card\" content=\"summary_large_image\" \/>\n<meta name=\"twitter:label1\" content=\"Estimated reading time\" \/>\n\t<meta name=\"twitter:data1\" content=\"2 minutes\" \/>\n<script type=\"application\/ld+json\" class=\"yoast-schema-graph\">{\"@context\":\"https:\/\/schema.org\",\"@graph\":[{\"@type\":\"WebPage\",\"@id\":\"https:\/\/mecanicacuriel.com\/mecanizados-cnc\/mecanizados-cnc-valencia\/\",\"url\":\"https:\/\/mecanicacuriel.com\/mecanizados-cnc\/mecanizados-cnc-valencia\/\",\"name\":\"Mecanizados CNC Valencia - Mecanica Curiel\",\"isPartOf\":{\"@id\":\"https:\/\/mecanicacuriel.com\/#website\"},\"datePublished\":\"2015-07-16T08:55:06+00:00\",\"dateModified\":\"2017-05-26T09:33:28+00:00\",\"breadcrumb\":{\"@id\":\"https:\/\/mecanicacuriel.com\/mecanizados-cnc\/mecanizados-cnc-valencia\/#breadcrumb\"},\"inLanguage\":\"en-GB\",\"potentialAction\":[{\"@type\":\"ReadAction\",\"target\":[\"https:\/\/mecanicacuriel.com\/mecanizados-cnc\/mecanizados-cnc-valencia\/\"]}]},{\"@type\":\"BreadcrumbList\",\"@id\":\"https:\/\/mecanicacuriel.com\/mecanizados-cnc\/mecanizados-cnc-valencia\/#breadcrumb\",\"itemListElement\":[{\"@type\":\"ListItem\",\"position\":1,\"name\":\"Portada\",\"item\":\"https:\/\/mecanicacuriel.com\/\"},{\"@type\":\"ListItem\",\"position\":2,\"name\":\"Mecanizados CNC\",\"item\":\"https:\/\/mecanicacuriel.com\/mecanizados-cnc\/\"},{\"@type\":\"ListItem\",\"position\":3,\"name\":\"Mecanizados CNC Valencia\"}]},{\"@type\":\"WebSite\",\"@id\":\"https:\/\/mecanicacuriel.com\/#website\",\"url\":\"https:\/\/mecanicacuriel.com\/\",\"name\":\"Mecanica Curiel\",\"description\":\"fabricaci\u00f3n y construcci\u00f3n de mecanizados y montajes de precisi\u00f3n.\",\"potentialAction\":[{\"@type\":\"SearchAction\",\"target\":{\"@type\":\"EntryPoint\",\"urlTemplate\":\"https:\/\/mecanicacuriel.com\/?s={search_term_string}\"},\"query-input\":{\"@type\":\"PropertyValueSpecification\",\"valueRequired\":true,\"valueName\":\"search_term_string\"}}],\"inLanguage\":\"en-GB\"}]}<\/script>\n<!-- \/ Yoast SEO plugin. -->","yoast_head_json":{"title":"Mecanizados CNC Valencia - Mecanica Curiel","robots":{"index":"index","follow":"follow","max-snippet":"max-snippet:-1","max-image-preview":"max-image-preview:large","max-video-preview":"max-video-preview:-1"},"canonical":"https:\/\/mecanicacuriel.com\/en\/mecanizados-cnc\/mecanizados-cnc-valencia\/","og_locale":"en_GB","og_type":"article","og_title":"Mecanizados CNC Valencia - Mecanica Curiel","og_url":"https:\/\/mecanicacuriel.com\/en\/mecanizados-cnc\/mecanizados-cnc-valencia\/","og_site_name":"Mecanica Curiel","article_modified_time":"2017-05-26T09:33:28+00:00","twitter_card":"summary_large_image","twitter_misc":{"Estimated reading time":"2 minutes"},"schema":{"@context":"https:\/\/schema.org","@graph":[{"@type":"WebPage","@id":"https:\/\/mecanicacuriel.com\/mecanizados-cnc\/mecanizados-cnc-valencia\/","url":"https:\/\/mecanicacuriel.com\/mecanizados-cnc\/mecanizados-cnc-valencia\/","name":"Mecanizados CNC Valencia - Mecanica Curiel","isPartOf":{"@id":"https:\/\/mecanicacuriel.com\/#website"},"datePublished":"2015-07-16T08:55:06+00:00","dateModified":"2017-05-26T09:33:28+00:00","breadcrumb":{"@id":"https:\/\/mecanicacuriel.com\/mecanizados-cnc\/mecanizados-cnc-valencia\/#breadcrumb"},"inLanguage":"en-GB","potentialAction":[{"@type":"ReadAction","target":["https:\/\/mecanicacuriel.com\/mecanizados-cnc\/mecanizados-cnc-valencia\/"]}]},{"@type":"BreadcrumbList","@id":"https:\/\/mecanicacuriel.com\/mecanizados-cnc\/mecanizados-cnc-valencia\/#breadcrumb","itemListElement":[{"@type":"ListItem","position":1,"name":"Portada","item":"https:\/\/mecanicacuriel.com\/"},{"@type":"ListItem","position":2,"name":"Mecanizados CNC","item":"https:\/\/mecanicacuriel.com\/mecanizados-cnc\/"},{"@type":"ListItem","position":3,"name":"Mecanizados CNC Valencia"}]},{"@type":"WebSite","@id":"https:\/\/mecanicacuriel.com\/#website","url":"https:\/\/mecanicacuriel.com\/","name":"Curiel Mechanics","description":"manufacturing and construction of precision machining and assembly.","potentialAction":[{"@type":"SearchAction","target":{"@type":"EntryPoint","urlTemplate":"https:\/\/mecanicacuriel.com\/?s={search_term_string}"},"query-input":{"@type":"PropertyValueSpecification","valueRequired":true,"valueName":"search_term_string"}}],"inLanguage":"en-GB"}]}},"_links":{"self":[{"href":"https:\/\/mecanicacuriel.com\/en\/wp-json\/wp\/v2\/pages\/527","targetHints":{"allow":["GET"]}}],"collection":[{"href":"https:\/\/mecanicacuriel.com\/en\/wp-json\/wp\/v2\/pages"}],"about":[{"href":"https:\/\/mecanicacuriel.com\/en\/wp-json\/wp\/v2\/types\/page"}],"author":[{"embeddable":true,"href":"https:\/\/mecanicacuriel.com\/en\/wp-json\/wp\/v2\/users\/2"}],"replies":[{"embeddable":true,"href":"https:\/\/mecanicacuriel.com\/en\/wp-json\/wp\/v2\/comments?post=527"}],"version-history":[{"count":1,"href":"https:\/\/mecanicacuriel.com\/en\/wp-json\/wp\/v2\/pages\/527\/revisions"}],"predecessor-version":[{"id":1133,"href":"https:\/\/mecanicacuriel.com\/en\/wp-json\/wp\/v2\/pages\/527\/revisions\/1133"}],"up":[{"embeddable":true,"href":"https:\/\/mecanicacuriel.com\/en\/wp-json\/wp\/v2\/pages\/381"}],"wp:attachment":[{"href":"https:\/\/mecanicacuriel.com\/en\/wp-json\/wp\/v2\/media?parent=527"}],"curies":[{"name":"wp","href":"https:\/\/api.w.org\/{rel}","templated":true}]}}