{"id":7,"date":"2014-11-11T12:01:18","date_gmt":"2014-11-11T12:01:18","guid":{"rendered":"http:\/\/cocteleriaformentera.es\/?page_id=7"},"modified":"2024-02-23T10:12:16","modified_gmt":"2024-02-23T10:12:16","slug":"dosificadores","status":"publish","type":"page","link":"https:\/\/mecanicacuriel.com\/en\/dosificadores\/","title":{"rendered":"Dispensers"},"content":{"rendered":"<div class=\"wpb-content-wrapper\"><div class=\"vc_row wpb_row vc_row-fluid\"><div class=\"wpb_column vc_column_container vc_col-sm-12\"><div class=\"vc_column-inner\"><div class=\"wpb_wrapper\">\n\t<div class=\"wpb_text_column wpb_content_element textjust\" >\n\t\t<div class=\"wpb_wrapper\">\n\t\t\t<p>At Mec\u00e1nica Curiel, a company dedicated to providing maintenance services <a title=\"Barcelona machining company\" href=\"\/en\/mecanizados-varios\/\"><strong>mechanized<\/strong> <\/a>and <strong>precision assemblies<\/strong> Since 1972, we have made all types of physical instruments, <a title=\"Barcelona laboratory machining\" href=\"\/en\/aparatos-de-laboratorio\/\"><strong>laboratory<\/strong><\/a>, mechanics for <a title=\"viscocimetry barcelona\" href=\"\/en\/viscocimetria\/\"><strong>viscometry<\/strong><\/a> and electromedicine, small machinery in general, <a title=\"valve barcelona\" href=\"\/en\/valvuleria-especial\/\"><strong>valve <\/strong><\/a>special, tools, prototypes and <a title=\"precision machining barcelona\" href=\"\/en\/mecanizados-varios\/\"><strong>precision machining<\/strong><\/a>.<\/p>\n<p>Our work focuses on offering our clients the best opportunities, both at the product and service levels. To do this, we work on the construction of these devices from top quality materials, such as construction steel, stainless steels, aluminum alloys, brass, bronzes and technical plastics.<\/p>\n<p>Guaranteeing adequate technical advice to carry them out is a vital purpose in the future of our company.<\/p>\n<p>One of the parts that we also promote and work on <a title=\"Curiel mechanics Barcelona\" href=\"http:\/\/mecanicacuriel.com\/en\/\"><strong>Curiel Mechanics<\/strong><\/a> are the <strong>dispensers<\/strong>.<\/p>\n<p>Essential elements for the proper functioning of clients who require these mechanisms, made with the professionalism and seriousness of the members of our company, who care about guaranteeing each of our clients the quality they deserve.<\/p>\n<p>Our products are subjected to rigorous quality control, using the necessary guarantee tools for this. Manufactured using specialized production processes, at the hands of demanding personnel using the latest and most up-to-date technical means and infrastructure required by the current situation of the precision tools market, we guarantee our clients the trust and security of a professional team that dominates the <a title=\"precision machining barcelona\" href=\"\/en\/mecanizados-varios\/\"><strong>precision machining<\/strong><\/a> with machinery <strong>CNC <\/strong>appropriate to the realization of said instruments.<\/p>\n<p>Quality and reliability, two of the essential values that each and every one of the products that the brand and the service make carry with them.<\/p>\n<p>Trust our company. trust <a title=\"machining company\" href=\"http:\/\/mecanicacuriel.com\/en\/\"><strong>Curiel Mechanics<\/strong><\/a> for their <strong>dispensers<\/strong> and also see the rest of the products we do in which we can help and advise you without any type of commitment.<\/p>\n\n\t\t<\/div>\n\t<\/div>\n<\/div><\/div><\/div><\/div><div class=\"vc_row wpb_row vc_row-fluid\"><div class=\"wpb_column vc_column_container vc_col-sm-12\"><div class=\"vc_column-inner\"><div class=\"wpb_wrapper\">\n\t<div  class=\"wpb_single_image wpb_content_element vc_align_center wpb_content_element\">\n\t\t\n\t\t<figure class=\"wpb_wrapper vc_figure\">\n\t\t\t<div class=\"vc_single_image-wrapper   vc_box_border_grey\"><img loading=\"lazy\" decoding=\"async\" width=\"500\" height=\"338\" src=\"https:\/\/mecanicacuriel.com\/wp-content\/uploads\/2014\/11\/dosi1_g.jpg\" class=\"vc_single_image-img attachment-full\" alt=\"dosi1_g\" title=\"dosi1_g\" srcset=\"https:\/\/mecanicacuriel.com\/wp-content\/uploads\/2014\/11\/dosi1_g.jpg 500w, https:\/\/mecanicacuriel.com\/wp-content\/uploads\/2014\/11\/dosi1_g-300x203.jpg 300w\" sizes=\"auto, (max-width: 500px) 100vw, 500px\" \/><\/div>\n\t\t<\/figure>\n\t<\/div>\n<\/div><\/div><\/div><\/div><div class=\"vc_row wpb_row vc_row-fluid\"><div class=\"wpb_column vc_column_container vc_col-sm-6\"><div class=\"vc_column-inner\"><div class=\"wpb_wrapper\">\n\t<div  class=\"wpb_single_image wpb_content_element vc_align_left wpb_content_element\">\n\t\t\n\t\t<figure class=\"wpb_wrapper vc_figure\">\n\t\t\t<div class=\"vc_single_image-wrapper   vc_box_border_grey\"><img loading=\"lazy\" decoding=\"async\" width=\"500\" height=\"658\" src=\"https:\/\/mecanicacuriel.com\/wp-content\/uploads\/2014\/11\/dosi2_g.jpg\" class=\"vc_single_image-img attachment-full\" alt=\"dosi2_g\" title=\"dosi2_g\" srcset=\"https:\/\/mecanicacuriel.com\/wp-content\/uploads\/2014\/11\/dosi2_g.jpg 500w, https:\/\/mecanicacuriel.com\/wp-content\/uploads\/2014\/11\/dosi2_g-228x300.jpg 228w\" sizes=\"auto, (max-width: 500px) 100vw, 500px\" \/><\/div>\n\t\t<\/figure>\n\t<\/div>\n<\/div><\/div><\/div><div class=\"wpb_column vc_column_container vc_col-sm-6\"><div class=\"vc_column-inner\"><div class=\"wpb_wrapper\">\n\t<div  class=\"wpb_single_image wpb_content_element vc_align_left wpb_content_element\">\n\t\t\n\t\t<figure class=\"wpb_wrapper vc_figure\">\n\t\t\t<div class=\"vc_single_image-wrapper   vc_box_border_grey\"><img loading=\"lazy\" decoding=\"async\" width=\"500\" height=\"659\" src=\"https:\/\/mecanicacuriel.com\/wp-content\/uploads\/2014\/11\/dosi3_g.jpg\" class=\"vc_single_image-img attachment-full\" alt=\"dosi3_g\" title=\"dosi3_g\" srcset=\"https:\/\/mecanicacuriel.com\/wp-content\/uploads\/2014\/11\/dosi3_g.jpg 500w, https:\/\/mecanicacuriel.com\/wp-content\/uploads\/2014\/11\/dosi3_g-228x300.jpg 228w\" sizes=\"auto, (max-width: 500px) 100vw, 500px\" \/><\/div>\n\t\t<\/figure>\n\t<\/div>\n<\/div><\/div><\/div><\/div>\n<\/div>","protected":false},"excerpt":{"rendered":"En Mec\u00e1nica Curiel, empresa dedicada a la prestaci\u00f3n de servicios de mecanizados y montajes de precisi\u00f3n desde 1972, elaboramos todo tipo de instrumentos f\u00edsicos, de laboratorio, mec\u00e1nicas para viscosimetria y electromedicina, peque\u00f1a maquinaria en general, valvuleria especial, utillajes, prototipos y mecanizados de precision. Nuestro trabajo se centra en ofrecer a nuestros clientes las mejores oportunidades, tanto a nivel de producto,<div class=\"h10\"><\/div><a class=\"more-link1\" href=\"https:\/\/mecanicacuriel.com\/en\/dosificadores\/\">Read more<\/a>","protected":false},"author":2,"featured_media":0,"parent":0,"menu_order":0,"comment_status":"open","ping_status":"open","template":"","meta":{"footnotes":""},"class_list":["post-7","page","type-page","status-publish","hentry"],"aioseo_notices":[],"yoast_head":"<!-- This site is optimized with the Yoast SEO plugin v27.1.1 - https:\/\/yoast.com\/product\/yoast-seo-wordpress\/ -->\n<title>Dosificadores - Mecanica Curiel<\/title>\n<meta name=\"description\" content=\"Conf\u00ede en nuestra empresa.Conf\u00ede en Mec\u00e1nica Curiel para sus dosificadores y vea tambi\u00e9n el resto de productos qu\u00e9 hacemos en los que les podemos ayudarles.\" \/>\n<meta name=\"robots\" content=\"index, follow, max-snippet:-1, max-image-preview:large, max-video-preview:-1\" \/>\n<link rel=\"canonical\" href=\"https:\/\/mecanicacuriel.com\/en\/dosificadores\/\" \/>\n<meta property=\"og:locale\" content=\"en_GB\" \/>\n<meta property=\"og:type\" content=\"article\" \/>\n<meta property=\"og:title\" content=\"Dosificadores - Mecanica Curiel\" \/>\n<meta property=\"og:description\" content=\"Conf\u00ede en nuestra empresa.Conf\u00ede en Mec\u00e1nica Curiel para sus dosificadores y vea tambi\u00e9n el resto de productos qu\u00e9 hacemos en los que les podemos ayudarles.\" \/>\n<meta property=\"og:url\" content=\"https:\/\/mecanicacuriel.com\/en\/dosificadores\/\" \/>\n<meta property=\"og:site_name\" content=\"Mecanica Curiel\" \/>\n<meta property=\"article:modified_time\" content=\"2024-02-23T10:12:16+00:00\" \/>\n<meta name=\"twitter:card\" content=\"summary_large_image\" \/>\n<meta name=\"twitter:label1\" content=\"Estimated reading time\" \/>\n\t<meta name=\"twitter:data1\" content=\"2 minutes\" \/>\n<script type=\"application\/ld+json\" class=\"yoast-schema-graph\">{\"@context\":\"https:\/\/schema.org\",\"@graph\":[{\"@type\":\"WebPage\",\"@id\":\"https:\/\/mecanicacuriel.com\/dosificadores\/\",\"url\":\"https:\/\/mecanicacuriel.com\/dosificadores\/\",\"name\":\"Dosificadores - Mecanica Curiel\",\"isPartOf\":{\"@id\":\"https:\/\/mecanicacuriel.com\/#website\"},\"datePublished\":\"2014-11-11T12:01:18+00:00\",\"dateModified\":\"2024-02-23T10:12:16+00:00\",\"description\":\"Conf\u00ede en nuestra empresa.Conf\u00ede en Mec\u00e1nica Curiel para sus dosificadores y vea tambi\u00e9n el resto de productos qu\u00e9 hacemos en los que les podemos ayudarles.\",\"breadcrumb\":{\"@id\":\"https:\/\/mecanicacuriel.com\/dosificadores\/#breadcrumb\"},\"inLanguage\":\"en-GB\",\"potentialAction\":[{\"@type\":\"ReadAction\",\"target\":[\"https:\/\/mecanicacuriel.com\/dosificadores\/\"]}]},{\"@type\":\"BreadcrumbList\",\"@id\":\"https:\/\/mecanicacuriel.com\/dosificadores\/#breadcrumb\",\"itemListElement\":[{\"@type\":\"ListItem\",\"position\":1,\"name\":\"Portada\",\"item\":\"https:\/\/mecanicacuriel.com\/\"},{\"@type\":\"ListItem\",\"position\":2,\"name\":\"Dosificadores\"}]},{\"@type\":\"WebSite\",\"@id\":\"https:\/\/mecanicacuriel.com\/#website\",\"url\":\"https:\/\/mecanicacuriel.com\/\",\"name\":\"Mecanica Curiel\",\"description\":\"fabricaci\u00f3n y construcci\u00f3n de mecanizados y montajes de precisi\u00f3n.\",\"potentialAction\":[{\"@type\":\"SearchAction\",\"target\":{\"@type\":\"EntryPoint\",\"urlTemplate\":\"https:\/\/mecanicacuriel.com\/?s={search_term_string}\"},\"query-input\":{\"@type\":\"PropertyValueSpecification\",\"valueRequired\":true,\"valueName\":\"search_term_string\"}}],\"inLanguage\":\"en-GB\"}]}<\/script>\n<!-- \/ Yoast SEO plugin. -->","yoast_head_json":{"title":"Dosificadores - Mecanica Curiel","description":"Conf\u00ede en nuestra empresa.Conf\u00ede en Mec\u00e1nica Curiel para sus dosificadores y vea tambi\u00e9n el resto de productos qu\u00e9 hacemos en los que les podemos ayudarles.","robots":{"index":"index","follow":"follow","max-snippet":"max-snippet:-1","max-image-preview":"max-image-preview:large","max-video-preview":"max-video-preview:-1"},"canonical":"https:\/\/mecanicacuriel.com\/en\/dosificadores\/","og_locale":"en_GB","og_type":"article","og_title":"Dosificadores - Mecanica Curiel","og_description":"Conf\u00ede en nuestra empresa.Conf\u00ede en Mec\u00e1nica Curiel para sus dosificadores y vea tambi\u00e9n el resto de productos qu\u00e9 hacemos en los que les podemos ayudarles.","og_url":"https:\/\/mecanicacuriel.com\/en\/dosificadores\/","og_site_name":"Mecanica Curiel","article_modified_time":"2024-02-23T10:12:16+00:00","twitter_card":"summary_large_image","twitter_misc":{"Estimated reading time":"2 minutes"},"schema":{"@context":"https:\/\/schema.org","@graph":[{"@type":"WebPage","@id":"https:\/\/mecanicacuriel.com\/dosificadores\/","url":"https:\/\/mecanicacuriel.com\/dosificadores\/","name":"Dosificadores - Mecanica Curiel","isPartOf":{"@id":"https:\/\/mecanicacuriel.com\/#website"},"datePublished":"2014-11-11T12:01:18+00:00","dateModified":"2024-02-23T10:12:16+00:00","description":"Conf\u00ede en nuestra empresa.Conf\u00ede en Mec\u00e1nica Curiel para sus dosificadores y vea tambi\u00e9n el resto de productos qu\u00e9 hacemos en los que les podemos ayudarles.","breadcrumb":{"@id":"https:\/\/mecanicacuriel.com\/dosificadores\/#breadcrumb"},"inLanguage":"en-GB","potentialAction":[{"@type":"ReadAction","target":["https:\/\/mecanicacuriel.com\/dosificadores\/"]}]},{"@type":"BreadcrumbList","@id":"https:\/\/mecanicacuriel.com\/dosificadores\/#breadcrumb","itemListElement":[{"@type":"ListItem","position":1,"name":"Portada","item":"https:\/\/mecanicacuriel.com\/"},{"@type":"ListItem","position":2,"name":"Dosificadores"}]},{"@type":"WebSite","@id":"https:\/\/mecanicacuriel.com\/#website","url":"https:\/\/mecanicacuriel.com\/","name":"Curiel Mechanics","description":"manufacturing and construction of precision machining and assembly.","potentialAction":[{"@type":"SearchAction","target":{"@type":"EntryPoint","urlTemplate":"https:\/\/mecanicacuriel.com\/?s={search_term_string}"},"query-input":{"@type":"PropertyValueSpecification","valueRequired":true,"valueName":"search_term_string"}}],"inLanguage":"en-GB"}]}},"_links":{"self":[{"href":"https:\/\/mecanicacuriel.com\/en\/wp-json\/wp\/v2\/pages\/7","targetHints":{"allow":["GET"]}}],"collection":[{"href":"https:\/\/mecanicacuriel.com\/en\/wp-json\/wp\/v2\/pages"}],"about":[{"href":"https:\/\/mecanicacuriel.com\/en\/wp-json\/wp\/v2\/types\/page"}],"author":[{"embeddable":true,"href":"https:\/\/mecanicacuriel.com\/en\/wp-json\/wp\/v2\/users\/2"}],"replies":[{"embeddable":true,"href":"https:\/\/mecanicacuriel.com\/en\/wp-json\/wp\/v2\/comments?post=7"}],"version-history":[{"count":8,"href":"https:\/\/mecanicacuriel.com\/en\/wp-json\/wp\/v2\/pages\/7\/revisions"}],"predecessor-version":[{"id":1309,"href":"https:\/\/mecanicacuriel.com\/en\/wp-json\/wp\/v2\/pages\/7\/revisions\/1309"}],"wp:attachment":[{"href":"https:\/\/mecanicacuriel.com\/en\/wp-json\/wp\/v2\/media?parent=7"}],"curies":[{"name":"wp","href":"https:\/\/api.w.org\/{rel}","templated":true}]}}