{"id":897,"date":"2014-11-11T12:04:26","date_gmt":"2014-11-11T12:04:26","guid":{"rendered":"http:\/\/new.mecanicacuriel.palets-barcelona.com\/en\/?page_id=897"},"modified":"2023-05-31T17:03:30","modified_gmt":"2023-05-31T17:03:30","slug":"how-to-contact","status":"publish","type":"page","link":"https:\/\/mecanicacuriel.com\/en\/how-to-contact\/","title":{"rendered":"How to contact"},"content":{"rendered":"<div class=\"wpb-content-wrapper\"><div class=\"vc_row wpb_row vc_row-fluid\"><div class=\"wpb_column vc_column_container vc_col-sm-6\"><div class=\"vc_column-inner\"><div class=\"wpb_wrapper\">\n\t<div class=\"wpb_text_column wpb_content_element textjust\" >\n\t\t<div class=\"wpb_wrapper\">\n\t\t\t<p>If you wish to contact us, you can do it as follows: by calling us at (+34) 935 751 824, sending us a Fax to: (+34) 935 642 351, or if you prefer, completing the following form, and we will contact you as soon as possible.<\/p>\n<table>\n<tbody>\n<tr>\n<td><\/td>\n<td>Our facilities are located at Calle Industria, 19 (Pol. Industrial FOINVASA), 08110 Montcada i Reixac (Barcelona, \u200b\u200bSpain). For any query that we want to realize we will assist you from Monday to Friday within the business hours. We provide a map with our geographic location.<\/td>\n<\/tr>\n<\/tbody>\n<\/table>\n<p>The data you provide us will be included in a file owned by MECANICA CURIEL, SL that has been registered to the General Registry of Data Protection in order to meet your request. Your data will not be transferred to third parties, without your prior consent.<br \/>\nYou can exercise your rights of access, rectification or cancellation and opposition by sending a letter to MECANICA CURIEL, SL \u2013 C \/ Industria 19 (08110) Montcada i Reixac (Pol\u00edgono Industrial Foinvassa) Barcelona or by sending an email to the following Address info@ mecanicacuriel.com.<\/p>\n\n\t\t<\/div>\n\t<\/div>\n<\/div><\/div><\/div><div class=\"wpb_column vc_column_container vc_col-sm-6\"><div class=\"vc_column-inner\"><div class=\"wpb_wrapper\">\n\t<div class=\"wpb_raw_code wpb_raw_html wpb_content_element\" >\n\t\t<div class=\"wpb_wrapper\">\n\t\t\t<iframe loading=\"lazy\" src=\"https:\/\/www.google.com\/maps\/embed?pb=!1m14!1m8!1m3!1d11954.281169242875!2d2.1807318!3d41.4919148!3m2!1i1024!2i768!4f13.1!3m3!1m2!1s0x0%3A0xb2805b0c458ffb85!2sMec%C3%A1nica+Curiel!5e0!3m2!1sca!2ses!4v1482400178225\" width=\"600\" height=\"450\" frameborder=\"0\" style=\"border:0\" allowfullscreen><\/iframe>\n\t\t<\/div>\n\t<\/div>\n<\/div><\/div><\/div><\/div><div data-vc-full-width=\"true\" data-vc-full-width-temp=\"true\" data-vc-full-width-init=\"false\" data-vc-parallax=\"1.5\" data-vc-parallax-o-fade=\"on\" class=\"vc_row wpb_row vc_row-fluid vc_row-has-fill vc_general vc_parallax vc_parallax-content-moving-fade js-vc_parallax-o-fade\"><div class=\"wpb_column vc_column_container vc_col-sm-6\"><div class=\"vc_column-inner\"><div class=\"wpb_wrapper\">\n\t<div  class=\"wpb_single_image wpb_content_element vc_align_center wpb_content_element\">\n\t\t\n\t\t<figure class=\"wpb_wrapper vc_figure\">\n\t\t\t<div class=\"vc_single_image-wrapper   vc_box_border_grey\"><img loading=\"lazy\" decoding=\"async\" width=\"300\" height=\"92\" src=\"https:\/\/mecanicacuriel.com\/wp-content\/uploads\/2016\/12\/cropped-cropped-Inbox-1024x193-1-300x92.jpg\" class=\"vc_single_image-img attachment-medium\" alt=\"cropped-cropped-Inbox-1024x193\" title=\"cropped-cropped-Inbox-1024x193\" srcset=\"https:\/\/mecanicacuriel.com\/wp-content\/uploads\/2016\/12\/cropped-cropped-Inbox-1024x193-1-300x92.jpg 300w, https:\/\/mecanicacuriel.com\/wp-content\/uploads\/2016\/12\/cropped-cropped-Inbox-1024x193-1.jpg 630w\" sizes=\"auto, (max-width: 300px) 100vw, 300px\" \/><\/div>\n\t\t<\/figure>\n\t<\/div>\n<div class=\"vc_row wpb_row vc_inner vc_row-fluid\"><div class=\"wpb_column vc_column_container vc_col-sm-6\"><div class=\"vc_column-inner\"><div class=\"wpb_wrapper\"><div id=\"top_icon_box_95693\" class=\"top_icon_box type4\"><a href=\"tel:+34935751824\" target=\"_blank\"><div class=\"icon_holder\"><div class=\"icon_bgr\"><\/div><div class=\"icon_center\"><i class=\"icon icon-phone3\"><\/i><\/div><\/div><\/a><h3><a href=\"tel:+34935751824\" target=\"_blank\">Telephone<\/a><\/h3><p><a href=\"tel:+34935751824\" target=\"_blank\" rel=\"noopener noreferrer\">(+34) 935 751 824<\/a><\/p><\/div><\/div><\/div><\/div><div class=\"wpb_column vc_column_container vc_col-sm-6\"><div class=\"vc_column-inner\"><div class=\"wpb_wrapper\"><div id=\"top_icon_box_32255\" class=\"top_icon_box type4\"><a href=\"mailto:info@mecanicacuriel.com\" target=\"_blank\"><div class=\"icon_holder\"><div class=\"icon_bgr\"><\/div><div class=\"icon_center\"><i class=\"icon icon-mail3\"><\/i><\/div><\/div><\/a><h3><a href=\"mailto:info@mecanicacuriel.com\" target=\"_blank\">E-mail<\/a><\/h3><p><a href=\"mailto:info@mecanicacuriel.com\" target=\"_blank\" rel=\"noopener noreferrer\">info@mecanicacuriel.com<\/a><\/p><\/div><\/div><\/div><\/div><\/div><\/div><\/div><\/div><div class=\"wpb_column vc_column_container vc_col-sm-6\"><div class=\"vc_column-inner\"><div class=\"wpb_wrapper\"><h2 class=\"boc_heading  al_left\"  style=\"margin-bottom: 20px;margin-top: 0px;color: #333;\"><span>Contact us<\/span><\/h2>\n<div class=\"wpcf7 no-js\" id=\"wpcf7-f1147-o1\" lang=\"es-ES\" dir=\"ltr\" data-wpcf7-id=\"1147\">\n<div class=\"screen-reader-response\"><p role=\"status\" aria-live=\"polite\" aria-atomic=\"true\"><\/p> <ul><\/ul><\/div>\n<form action=\"\/en\/wp-json\/wp\/v2\/pages\/897#wpcf7-f1147-o1\" method=\"post\" class=\"wpcf7-form init\" aria-label=\"Formulario de contacto\" novalidate=\"novalidate\" data-status=\"init\" data-trp-original-action=\"\/en\/wp-json\/wp\/v2\/pages\/897#wpcf7-f1147-o1\">\n<fieldset class=\"hidden-fields-container\"><input type=\"hidden\" name=\"_wpcf7\" value=\"1147\" \/><input type=\"hidden\" name=\"_wpcf7_version\" value=\"6.1.4\" \/><input type=\"hidden\" name=\"_wpcf7_locale\" value=\"es_ES\" \/><input type=\"hidden\" name=\"_wpcf7_unit_tag\" value=\"wpcf7-f1147-o1\" \/><input type=\"hidden\" name=\"_wpcf7_container_post\" value=\"0\" \/><input type=\"hidden\" name=\"_wpcf7_posted_data_hash\" value=\"\" \/><input type=\"hidden\" name=\"_wpcf7_recaptcha_response\" value=\"\" \/>\n<\/fieldset>\n<p><label> Name (required)<br \/>\n<span class=\"wpcf7-form-control-wrap\" data-name=\"your-name\"><input size=\"40\" maxlength=\"400\" class=\"wpcf7-form-control wpcf7-text wpcf7-validates-as-required\" aria-required=\"true\" aria-invalid=\"false\" value=\"\" type=\"text\" name=\"your-name\" \/><\/span> <\/label>\n<\/p>\n<p><label> Email (required)<br \/>\n<span class=\"wpcf7-form-control-wrap\" data-name=\"your-email\"><input size=\"40\" maxlength=\"400\" class=\"wpcf7-form-control wpcf7-email wpcf7-validates-as-required wpcf7-text wpcf7-validates-as-email\" aria-required=\"true\" aria-invalid=\"false\" value=\"\" type=\"email\" name=\"your-email\" \/><\/span> <\/label>\n<\/p>\n<p><label> Affair<br \/>\n<span class=\"wpcf7-form-control-wrap\" data-name=\"your-subject\"><input size=\"40\" maxlength=\"400\" class=\"wpcf7-form-control wpcf7-text\" aria-invalid=\"false\" value=\"\" type=\"text\" name=\"your-subject\" \/><\/span> <\/label>\n<\/p>\n<p><label> Message<br \/>\n<span class=\"wpcf7-form-control-wrap\" data-name=\"your-message\"><textarea cols=\"40\" rows=\"10\" maxlength=\"2000\" class=\"wpcf7-form-control wpcf7-textarea\" aria-invalid=\"false\" name=\"your-message\"><\/textarea><\/span> <\/label>\n<\/p>\n<p><span class=\"wpcf7-form-control-wrap\" data-name=\"checkbox-293\"><span class=\"wpcf7-form-control wpcf7-checkbox wpcf7-validates-as-required\"><span class=\"wpcf7-list-item first last\"><input type=\"checkbox\" name=\"checkbox-293[]\" value=\"I have read and accept the\" \/><span class=\"wpcf7-list-item-label\">I have read and accept the<\/span><\/span><\/span><\/span><a href=\"\/en\/aviso-legal-politica-de-privacidad\/\">privacy policy<\/a>\n<\/p>\n<p><span class=\"wpcf7-form-control-wrap\" data-name=\"checkbox-29343\"><span class=\"wpcf7-form-control wpcf7-checkbox wpcf7-validates-as-required\"><span class=\"wpcf7-list-item first last\"><input type=\"checkbox\" name=\"checkbox-29343[]\" value=\"I accept the sending of information\" \/><span class=\"wpcf7-list-item-label\">I accept the sending of information<\/span><\/span><\/span><\/span>\n<\/p>\n\n<p><input class=\"wpcf7-form-control wpcf7-submit has-spinner\" type=\"submit\" value=\"Submit\" \/>\n<\/p><div class=\"wpcf7-response-output\" aria-hidden=\"true\"><\/div>\n<input type=\"hidden\" name=\"trp-form-language\" value=\"en\"\/><\/form>\n<\/div>\n<\/div><\/div><\/div><\/div><div class=\"vc_row-full-width vc_clearfix\"><\/div>\n<\/div>","protected":false},"excerpt":{"rendered":"If you wish to contact us, you can do it as follows: by calling us at (+34) 935 751 824, sending us a Fax to: (+34) 935 642 351, or if you prefer, completing the following form, and we We will contact you as soon as possible. Our facilities are located at Calle Industria, 19 (Pol. Industrial FOINVASA), 08110 Montcada<div class=\"h10\"><\/div><a class=\"more-link1\" href=\"https:\/\/mecanicacuriel.com\/en\/how-to-contact\/\">Read more<\/a>","protected":false},"author":2,"featured_media":0,"parent":0,"menu_order":0,"comment_status":"open","ping_status":"open","template":"","meta":{"footnotes":""},"class_list":["post-897","page","type-page","status-publish","hentry"],"aioseo_notices":[],"yoast_head":"<!-- This site is optimized with the Yoast SEO plugin v27.1.1 - https:\/\/yoast.com\/product\/yoast-seo-wordpress\/ -->\n<title>How to contact - Mecanica Curiel<\/title>\n<meta name=\"robots\" content=\"index, follow, max-snippet:-1, max-image-preview:large, max-video-preview:-1\" \/>\n<link rel=\"canonical\" href=\"https:\/\/mecanicacuriel.com\/en\/how-to-contact\/\" \/>\n<meta property=\"og:locale\" content=\"en_GB\" \/>\n<meta property=\"og:type\" content=\"article\" \/>\n<meta property=\"og:title\" content=\"How to contact - Mecanica Curiel\" \/>\n<meta property=\"og:url\" content=\"https:\/\/mecanicacuriel.com\/en\/how-to-contact\/\" \/>\n<meta property=\"og:site_name\" content=\"Mecanica Curiel\" \/>\n<meta property=\"article:modified_time\" content=\"2023-05-31T17:03:30+00:00\" \/>\n<meta name=\"twitter:card\" content=\"summary_large_image\" \/>\n<meta name=\"twitter:label1\" content=\"Estimated reading time\" \/>\n\t<meta name=\"twitter:data1\" content=\"2 minutes\" \/>\n<script type=\"application\/ld+json\" class=\"yoast-schema-graph\">{\"@context\":\"https:\/\/schema.org\",\"@graph\":[{\"@type\":\"WebPage\",\"@id\":\"https:\/\/mecanicacuriel.com\/how-to-contact\/\",\"url\":\"https:\/\/mecanicacuriel.com\/how-to-contact\/\",\"name\":\"How to contact - Mecanica Curiel\",\"isPartOf\":{\"@id\":\"https:\/\/mecanicacuriel.com\/#website\"},\"datePublished\":\"2014-11-11T12:04:26+00:00\",\"dateModified\":\"2023-05-31T17:03:30+00:00\",\"breadcrumb\":{\"@id\":\"https:\/\/mecanicacuriel.com\/how-to-contact\/#breadcrumb\"},\"inLanguage\":\"en-GB\",\"potentialAction\":[{\"@type\":\"ReadAction\",\"target\":[\"https:\/\/mecanicacuriel.com\/how-to-contact\/\"]}]},{\"@type\":\"BreadcrumbList\",\"@id\":\"https:\/\/mecanicacuriel.com\/how-to-contact\/#breadcrumb\",\"itemListElement\":[{\"@type\":\"ListItem\",\"position\":1,\"name\":\"Portada\",\"item\":\"https:\/\/mecanicacuriel.com\/\"},{\"@type\":\"ListItem\",\"position\":2,\"name\":\"How to contact\"}]},{\"@type\":\"WebSite\",\"@id\":\"https:\/\/mecanicacuriel.com\/#website\",\"url\":\"https:\/\/mecanicacuriel.com\/\",\"name\":\"Mecanica Curiel\",\"description\":\"fabricaci\u00f3n y construcci\u00f3n de mecanizados y montajes de precisi\u00f3n.\",\"potentialAction\":[{\"@type\":\"SearchAction\",\"target\":{\"@type\":\"EntryPoint\",\"urlTemplate\":\"https:\/\/mecanicacuriel.com\/?s={search_term_string}\"},\"query-input\":{\"@type\":\"PropertyValueSpecification\",\"valueRequired\":true,\"valueName\":\"search_term_string\"}}],\"inLanguage\":\"en-GB\"}]}<\/script>\n<!-- \/ Yoast SEO plugin. -->","yoast_head_json":{"title":"How to contact - Mecanica Curiel","robots":{"index":"index","follow":"follow","max-snippet":"max-snippet:-1","max-image-preview":"max-image-preview:large","max-video-preview":"max-video-preview:-1"},"canonical":"https:\/\/mecanicacuriel.com\/en\/how-to-contact\/","og_locale":"en_GB","og_type":"article","og_title":"How to contact - Mecanica Curiel","og_url":"https:\/\/mecanicacuriel.com\/en\/how-to-contact\/","og_site_name":"Mecanica Curiel","article_modified_time":"2023-05-31T17:03:30+00:00","twitter_card":"summary_large_image","twitter_misc":{"Estimated reading time":"2 minutes"},"schema":{"@context":"https:\/\/schema.org","@graph":[{"@type":"WebPage","@id":"https:\/\/mecanicacuriel.com\/how-to-contact\/","url":"https:\/\/mecanicacuriel.com\/how-to-contact\/","name":"How to contact - Mecanica Curiel","isPartOf":{"@id":"https:\/\/mecanicacuriel.com\/#website"},"datePublished":"2014-11-11T12:04:26+00:00","dateModified":"2023-05-31T17:03:30+00:00","breadcrumb":{"@id":"https:\/\/mecanicacuriel.com\/how-to-contact\/#breadcrumb"},"inLanguage":"en-GB","potentialAction":[{"@type":"ReadAction","target":["https:\/\/mecanicacuriel.com\/how-to-contact\/"]}]},{"@type":"BreadcrumbList","@id":"https:\/\/mecanicacuriel.com\/how-to-contact\/#breadcrumb","itemListElement":[{"@type":"ListItem","position":1,"name":"Portada","item":"https:\/\/mecanicacuriel.com\/"},{"@type":"ListItem","position":2,"name":"How to contact"}]},{"@type":"WebSite","@id":"https:\/\/mecanicacuriel.com\/#website","url":"https:\/\/mecanicacuriel.com\/","name":"Curiel Mechanics","description":"manufacturing and construction of precision machining and assembly.","potentialAction":[{"@type":"SearchAction","target":{"@type":"EntryPoint","urlTemplate":"https:\/\/mecanicacuriel.com\/?s={search_term_string}"},"query-input":{"@type":"PropertyValueSpecification","valueRequired":true,"valueName":"search_term_string"}}],"inLanguage":"en-GB"}]}},"_links":{"self":[{"href":"https:\/\/mecanicacuriel.com\/en\/wp-json\/wp\/v2\/pages\/897","targetHints":{"allow":["GET"]}}],"collection":[{"href":"https:\/\/mecanicacuriel.com\/en\/wp-json\/wp\/v2\/pages"}],"about":[{"href":"https:\/\/mecanicacuriel.com\/en\/wp-json\/wp\/v2\/types\/page"}],"author":[{"embeddable":true,"href":"https:\/\/mecanicacuriel.com\/en\/wp-json\/wp\/v2\/users\/2"}],"replies":[{"embeddable":true,"href":"https:\/\/mecanicacuriel.com\/en\/wp-json\/wp\/v2\/comments?post=897"}],"version-history":[{"count":5,"href":"https:\/\/mecanicacuriel.com\/en\/wp-json\/wp\/v2\/pages\/897\/revisions"}],"predecessor-version":[{"id":2503,"href":"https:\/\/mecanicacuriel.com\/en\/wp-json\/wp\/v2\/pages\/897\/revisions\/2503"}],"wp:attachment":[{"href":"https:\/\/mecanicacuriel.com\/en\/wp-json\/wp\/v2\/media?parent=897"}],"curies":[{"name":"wp","href":"https:\/\/api.w.org\/{rel}","templated":true}]}}