{"id":9,"date":"2014-11-11T12:01:27","date_gmt":"2014-11-11T12:01:27","guid":{"rendered":"http:\/\/cocteleriaformentera.es\/?page_id=9"},"modified":"2024-02-22T11:31:28","modified_gmt":"2024-02-22T11:31:28","slug":"aparatos-de-laboratorio","status":"publish","type":"page","link":"https:\/\/mecanicacuriel.com\/en\/aparatos-de-laboratorio\/","title":{"rendered":"laboratory apparatus"},"content":{"rendered":"<div class=\"wpb-content-wrapper\"><div class=\"vc_row wpb_row vc_row-fluid\"><div class=\"wpb_column vc_column_container vc_col-sm-12\"><div class=\"vc_column-inner\"><div class=\"wpb_wrapper\">\n\t<div class=\"wpb_text_column wpb_content_element textjust\" >\n\t\t<div class=\"wpb_wrapper\">\n\t\t\t<p><a title=\"Curiel mechanics Barcelona\" href=\"http:\/\/mecanicacuriel.com\/en\/\"><strong>Curiel Mechanics<\/strong><\/a>, a company with more than 40 years of profession in the provision of <a title=\"Barcelona machining company\" href=\"\/en\/mecanizados-varios\/\"><strong>mechanized<\/strong><\/a> and precision assemblies, we have been dedicating our work specifically since 1972 to the production of all types of physical, laboratory, mechanical instruments for viscometry and electromedicine, small machinery in general, <a title=\"valve barcelona\" href=\"\/en\/valvuleria-especial\/\"><strong>valves<\/strong><\/a> special, tools, prototypes and <a title=\"precision machining barcelona\" href=\"\/en\/mecanizados-varios\/\"><strong>precision machining<\/strong><\/a>.<br \/>\nWe work on the construction of these devices from top quality materials, such as construction steel, stainless steels, aluminum alloys, brass, bronzes and technical plastics.<br \/>\nOur products, always subject to rigorous quality control through the use of the latest guarantee tools with the continuous improvement of their equipment, facilities and personnel training; We manufacture each project for each client with seriousness, professionalism and commitment.<br \/>\nAmong our tasks is the manufacture of exclusive devices for use in the <strong>laboratory<\/strong>, of vital importance for the subsequent development of other indisputable services for use in society.<br \/>\nWe offer our clients the best opportunities, both at the product and service levels; with the confidence and security of a professional team that masters precision machining with the proper use of the latest techniques and <a title=\"CNC machining Barcelona\" href=\"\/en\/mecanizados-varios\/\"><strong>CNC machinery<\/strong><\/a>. A complete machining service adapted to any of the needs required by each of our clients, to whom we offer the appropriate technical advice for each of their needs.<br \/>\nFrom the beginning, in <a title=\"Curiel mechanics Barcelona\" href=\"http:\/\/mecanicacuriel.com\/en\/\"><strong>Curiel Mechanics<\/strong><\/a>, we have carried out a development process based on the specialization of activities related to precision machining and assembly. Experience and good work have consolidated us as a pioneering company in the sector, which provides its clients with the trust and professionalism of its workers and products.<br \/>\nQuality and reliability ensure our products and services, made with conventional and state-of-the-art machinery.<br \/>\nIn <a title=\"Curiel mechanics Barcelona\" href=\"http:\/\/mecanicacuriel.com\/en\/\"><strong>Curiel Mechanics<\/strong><\/a> We defend the good reputation of our clients, which is why we defend the seriousness, commitment and professionalism of the work we do and the products and services, in the field of precision machining and assembly, that we offer.<\/p>\n\n\t\t<\/div>\n\t<\/div>\n<\/div><\/div><\/div><\/div><div class=\"vc_row wpb_row vc_row-fluid\"><div class=\"wpb_column vc_column_container vc_col-sm-6\"><div class=\"vc_column-inner\"><div class=\"wpb_wrapper\">\n\t<div  class=\"wpb_single_image wpb_content_element vc_align_left wpb_content_element\">\n\t\t\n\t\t<figure class=\"wpb_wrapper vc_figure\">\n\t\t\t<div class=\"vc_single_image-wrapper   vc_box_border_grey\"><img loading=\"lazy\" decoding=\"async\" width=\"500\" height=\"375\" src=\"https:\/\/mecanicacuriel.com\/wp-content\/uploads\/2014\/11\/lab1_g.jpg\" class=\"vc_single_image-img attachment-full\" alt=\"aparatos de laboratorio\" title=\"aparatos de laboratorio\" srcset=\"https:\/\/mecanicacuriel.com\/wp-content\/uploads\/2014\/11\/lab1_g.jpg 500w, https:\/\/mecanicacuriel.com\/wp-content\/uploads\/2014\/11\/lab1_g-300x225.jpg 300w\" sizes=\"auto, (max-width: 500px) 100vw, 500px\" \/><\/div>\n\t\t<\/figure>\n\t<\/div>\n<\/div><\/div><\/div><div class=\"wpb_column vc_column_container vc_col-sm-6\"><div class=\"vc_column-inner\"><div class=\"wpb_wrapper\">\n\t<div  class=\"wpb_single_image wpb_content_element vc_align_left wpb_content_element\">\n\t\t\n\t\t<figure class=\"wpb_wrapper vc_figure\">\n\t\t\t<div class=\"vc_single_image-wrapper   vc_box_border_grey\"><img loading=\"lazy\" decoding=\"async\" width=\"500\" height=\"375\" src=\"https:\/\/mecanicacuriel.com\/wp-content\/uploads\/2014\/11\/esp1_g.jpg\" class=\"vc_single_image-img attachment-full\" alt=\"aparatos de laboratorio\" title=\"aparatos de laboratorio\" srcset=\"https:\/\/mecanicacuriel.com\/wp-content\/uploads\/2014\/11\/esp1_g.jpg 500w, https:\/\/mecanicacuriel.com\/wp-content\/uploads\/2014\/11\/esp1_g-300x225.jpg 300w\" sizes=\"auto, (max-width: 500px) 100vw, 500px\" \/><\/div>\n\t\t<\/figure>\n\t<\/div>\n<\/div><\/div><\/div><\/div><div class=\"vc_row wpb_row vc_row-fluid\"><div class=\"wpb_column vc_column_container vc_col-sm-6\"><div class=\"vc_column-inner\"><div class=\"wpb_wrapper\">\n\t<div  class=\"wpb_single_image wpb_content_element vc_align_left wpb_content_element\">\n\t\t\n\t\t<figure class=\"wpb_wrapper vc_figure\">\n\t\t\t<div class=\"vc_single_image-wrapper   vc_box_border_grey\"><img loading=\"lazy\" decoding=\"async\" width=\"500\" height=\"667\" src=\"https:\/\/mecanicacuriel.com\/wp-content\/uploads\/2014\/11\/lab2_g.jpg\" class=\"vc_single_image-img attachment-full\" alt=\"aparatos de laboratorio\" title=\"aparatos de laboratorio\" srcset=\"https:\/\/mecanicacuriel.com\/wp-content\/uploads\/2014\/11\/lab2_g.jpg 500w, https:\/\/mecanicacuriel.com\/wp-content\/uploads\/2014\/11\/lab2_g-225x300.jpg 225w\" sizes=\"auto, (max-width: 500px) 100vw, 500px\" \/><\/div>\n\t\t<\/figure>\n\t<\/div>\n<\/div><\/div><\/div><div class=\"wpb_column vc_column_container vc_col-sm-6\"><div class=\"vc_column-inner\"><div class=\"wpb_wrapper\">\n\t<div  class=\"wpb_single_image wpb_content_element vc_align_left wpb_content_element\">\n\t\t\n\t\t<figure class=\"wpb_wrapper vc_figure\">\n\t\t\t<div class=\"vc_single_image-wrapper   vc_box_border_grey\"><img loading=\"lazy\" decoding=\"async\" width=\"500\" height=\"667\" src=\"https:\/\/mecanicacuriel.com\/wp-content\/uploads\/2014\/11\/lab3_g.jpg\" class=\"vc_single_image-img attachment-full\" alt=\"aparatos de laboratorio\" title=\"aparatos de laboratorio\" srcset=\"https:\/\/mecanicacuriel.com\/wp-content\/uploads\/2014\/11\/lab3_g.jpg 500w, https:\/\/mecanicacuriel.com\/wp-content\/uploads\/2014\/11\/lab3_g-225x300.jpg 225w\" sizes=\"auto, (max-width: 500px) 100vw, 500px\" \/><\/div>\n\t\t<\/figure>\n\t<\/div>\n<\/div><\/div><\/div><\/div>\n<\/div>","protected":false},"excerpt":{"rendered":"Mec\u00e1nica Curiel, empresa con m\u00e1s de 40 a\u00f1os de profesi\u00f3n en la prestaci\u00f3n de servicios de mecanizados y montajes de precisi\u00f3n, llevamos concretamente desde 1972 dedicando nuestra labor a la elaboraci\u00f3n todo tipo de instrumentos f\u00edsicos, de laboratorio, mec\u00e1nicas para viscosimetr\u00eda y electromedicina, peque\u00f1a maquinaria en general, valvuler\u00eda especial, utillajes, prototipos y mecanizados de precisi\u00f3n. Trabajamos en la construcci\u00f3n de<div class=\"h10\"><\/div><a class=\"more-link1\" href=\"https:\/\/mecanicacuriel.com\/en\/aparatos-de-laboratorio\/\">Read more<\/a>","protected":false},"author":2,"featured_media":0,"parent":0,"menu_order":0,"comment_status":"open","ping_status":"open","template":"","meta":{"footnotes":""},"class_list":["post-9","page","type-page","status-publish","hentry"],"aioseo_notices":[],"yoast_head":"<!-- This site is optimized with the Yoast SEO plugin v27.1.1 - https:\/\/yoast.com\/product\/yoast-seo-wordpress\/ -->\n<title>Aparatos de laboratorio - Mecanica Curiel<\/title>\n<meta name=\"description\" content=\"Entre nuestras acometidas se encuentra la de la confecci\u00f3n de aparatos exclusivos para su uso en el laboratorio, de vital importancia para el desarrollo...\" \/>\n<meta name=\"robots\" content=\"index, follow, max-snippet:-1, max-image-preview:large, max-video-preview:-1\" \/>\n<link rel=\"canonical\" href=\"https:\/\/mecanicacuriel.com\/en\/aparatos-de-laboratorio\/\" \/>\n<meta property=\"og:locale\" content=\"en_GB\" \/>\n<meta property=\"og:type\" content=\"article\" \/>\n<meta property=\"og:title\" content=\"Aparatos de laboratorio - Mecanica Curiel\" \/>\n<meta property=\"og:description\" content=\"Entre nuestras acometidas se encuentra la de la confecci\u00f3n de aparatos exclusivos para su uso en el laboratorio, de vital importancia para el desarrollo...\" \/>\n<meta property=\"og:url\" content=\"https:\/\/mecanicacuriel.com\/en\/aparatos-de-laboratorio\/\" \/>\n<meta property=\"og:site_name\" content=\"Mecanica Curiel\" \/>\n<meta property=\"article:modified_time\" content=\"2024-02-22T11:31:28+00:00\" \/>\n<meta name=\"twitter:card\" content=\"summary_large_image\" \/>\n<meta name=\"twitter:label1\" content=\"Estimated reading time\" \/>\n\t<meta name=\"twitter:data1\" content=\"2 minutes\" \/>\n<script type=\"application\/ld+json\" class=\"yoast-schema-graph\">{\"@context\":\"https:\/\/schema.org\",\"@graph\":[{\"@type\":\"WebPage\",\"@id\":\"https:\/\/mecanicacuriel.com\/aparatos-de-laboratorio\/\",\"url\":\"https:\/\/mecanicacuriel.com\/aparatos-de-laboratorio\/\",\"name\":\"Aparatos de laboratorio - Mecanica Curiel\",\"isPartOf\":{\"@id\":\"https:\/\/mecanicacuriel.com\/#website\"},\"datePublished\":\"2014-11-11T12:01:27+00:00\",\"dateModified\":\"2024-02-22T11:31:28+00:00\",\"description\":\"Entre nuestras acometidas se encuentra la de la confecci\u00f3n de aparatos exclusivos para su uso en el laboratorio, de vital importancia para el desarrollo...\",\"breadcrumb\":{\"@id\":\"https:\/\/mecanicacuriel.com\/aparatos-de-laboratorio\/#breadcrumb\"},\"inLanguage\":\"en-GB\",\"potentialAction\":[{\"@type\":\"ReadAction\",\"target\":[\"https:\/\/mecanicacuriel.com\/aparatos-de-laboratorio\/\"]}]},{\"@type\":\"BreadcrumbList\",\"@id\":\"https:\/\/mecanicacuriel.com\/aparatos-de-laboratorio\/#breadcrumb\",\"itemListElement\":[{\"@type\":\"ListItem\",\"position\":1,\"name\":\"Portada\",\"item\":\"https:\/\/mecanicacuriel.com\/\"},{\"@type\":\"ListItem\",\"position\":2,\"name\":\"Aparatos de laboratorio\"}]},{\"@type\":\"WebSite\",\"@id\":\"https:\/\/mecanicacuriel.com\/#website\",\"url\":\"https:\/\/mecanicacuriel.com\/\",\"name\":\"Mecanica Curiel\",\"description\":\"fabricaci\u00f3n y construcci\u00f3n de mecanizados y montajes de precisi\u00f3n.\",\"potentialAction\":[{\"@type\":\"SearchAction\",\"target\":{\"@type\":\"EntryPoint\",\"urlTemplate\":\"https:\/\/mecanicacuriel.com\/?s={search_term_string}\"},\"query-input\":{\"@type\":\"PropertyValueSpecification\",\"valueRequired\":true,\"valueName\":\"search_term_string\"}}],\"inLanguage\":\"en-GB\"}]}<\/script>\n<!-- \/ Yoast SEO plugin. -->","yoast_head_json":{"title":"Aparatos de laboratorio - Mecanica Curiel","description":"Entre nuestras acometidas se encuentra la de la confecci\u00f3n de aparatos exclusivos para su uso en el laboratorio, de vital importancia para el desarrollo...","robots":{"index":"index","follow":"follow","max-snippet":"max-snippet:-1","max-image-preview":"max-image-preview:large","max-video-preview":"max-video-preview:-1"},"canonical":"https:\/\/mecanicacuriel.com\/en\/aparatos-de-laboratorio\/","og_locale":"en_GB","og_type":"article","og_title":"Aparatos de laboratorio - Mecanica Curiel","og_description":"Entre nuestras acometidas se encuentra la de la confecci\u00f3n de aparatos exclusivos para su uso en el laboratorio, de vital importancia para el desarrollo...","og_url":"https:\/\/mecanicacuriel.com\/en\/aparatos-de-laboratorio\/","og_site_name":"Mecanica Curiel","article_modified_time":"2024-02-22T11:31:28+00:00","twitter_card":"summary_large_image","twitter_misc":{"Estimated reading time":"2 minutes"},"schema":{"@context":"https:\/\/schema.org","@graph":[{"@type":"WebPage","@id":"https:\/\/mecanicacuriel.com\/aparatos-de-laboratorio\/","url":"https:\/\/mecanicacuriel.com\/aparatos-de-laboratorio\/","name":"Aparatos de laboratorio - Mecanica Curiel","isPartOf":{"@id":"https:\/\/mecanicacuriel.com\/#website"},"datePublished":"2014-11-11T12:01:27+00:00","dateModified":"2024-02-22T11:31:28+00:00","description":"Entre nuestras acometidas se encuentra la de la confecci\u00f3n de aparatos exclusivos para su uso en el laboratorio, de vital importancia para el desarrollo...","breadcrumb":{"@id":"https:\/\/mecanicacuriel.com\/aparatos-de-laboratorio\/#breadcrumb"},"inLanguage":"en-GB","potentialAction":[{"@type":"ReadAction","target":["https:\/\/mecanicacuriel.com\/aparatos-de-laboratorio\/"]}]},{"@type":"BreadcrumbList","@id":"https:\/\/mecanicacuriel.com\/aparatos-de-laboratorio\/#breadcrumb","itemListElement":[{"@type":"ListItem","position":1,"name":"Portada","item":"https:\/\/mecanicacuriel.com\/"},{"@type":"ListItem","position":2,"name":"Aparatos de laboratorio"}]},{"@type":"WebSite","@id":"https:\/\/mecanicacuriel.com\/#website","url":"https:\/\/mecanicacuriel.com\/","name":"Curiel Mechanics","description":"manufacturing and construction of precision machining and assembly.","potentialAction":[{"@type":"SearchAction","target":{"@type":"EntryPoint","urlTemplate":"https:\/\/mecanicacuriel.com\/?s={search_term_string}"},"query-input":{"@type":"PropertyValueSpecification","valueRequired":true,"valueName":"search_term_string"}}],"inLanguage":"en-GB"}]}},"_links":{"self":[{"href":"https:\/\/mecanicacuriel.com\/en\/wp-json\/wp\/v2\/pages\/9","targetHints":{"allow":["GET"]}}],"collection":[{"href":"https:\/\/mecanicacuriel.com\/en\/wp-json\/wp\/v2\/pages"}],"about":[{"href":"https:\/\/mecanicacuriel.com\/en\/wp-json\/wp\/v2\/types\/page"}],"author":[{"embeddable":true,"href":"https:\/\/mecanicacuriel.com\/en\/wp-json\/wp\/v2\/users\/2"}],"replies":[{"embeddable":true,"href":"https:\/\/mecanicacuriel.com\/en\/wp-json\/wp\/v2\/comments?post=9"}],"version-history":[{"count":7,"href":"https:\/\/mecanicacuriel.com\/en\/wp-json\/wp\/v2\/pages\/9\/revisions"}],"predecessor-version":[{"id":2741,"href":"https:\/\/mecanicacuriel.com\/en\/wp-json\/wp\/v2\/pages\/9\/revisions\/2741"}],"wp:attachment":[{"href":"https:\/\/mecanicacuriel.com\/en\/wp-json\/wp\/v2\/media?parent=9"}],"curies":[{"name":"wp","href":"https:\/\/api.w.org\/{rel}","templated":true}]}}