{"id":903,"date":"2017-05-23T08:44:03","date_gmt":"2017-05-23T08:44:03","guid":{"rendered":"http:\/\/new.mecanicacuriel.palets-barcelona.com\/en\/?page_id=903"},"modified":"2017-06-07T08:32:40","modified_gmt":"2017-06-07T08:32:40","slug":"control-and-test-tools","status":"publish","type":"page","link":"https:\/\/mecanicacuriel.com\/en\/control-and-test-tools\/","title":{"rendered":"Control and test tools"},"content":{"rendered":"<div class=\"wpb-content-wrapper\"><div class=\"vc_row wpb_row vc_row-fluid\"><div class=\"wpb_column vc_column_container vc_col-sm-12\"><div class=\"vc_column-inner\"><div class=\"wpb_wrapper\">\n\t<div class=\"wpb_text_column wpb_content_element textjust\" >\n\t\t<div class=\"wpb_wrapper\">\n\t\t\t<p>Mec\u00e1nica Curiel was born in 1972 as a company ready to provide machining services and precision assembly.<\/p>\n<p>In addition to the construction of various apparatus from materials such as construction steel, stainless steels, aluminum alloys, brass, bronze and technical plastics; We offer our clients the appropriate technical advice to carry out the same.<\/p>\n<p>Since our inception we have carried out a process of technical and professional development based on the specialization of multiple activities based on the construction of instruments of this nature for physical, laboratory, mechanical purposes for viscosimetry and electromedicine, small machinery in general, special valves, Tools, prototypes and precision machining.<\/p>\n<p>One of the parts that we promote from Mec\u00e1nica Curiel, and that we work daily to continue improving and updating our products to the needs of the market, are the tools of control and test.<\/p>\n<p>With a strong immersion in the field of electromedicine, see some of the examples that we can see in the images of the products of this type that we build; We offer our clients the seriousness, professionalism and commitment that the project deserves. Our products for the control and test are manufactured by specialized production processes, at the hands of a demanding staff through the latest and most updated technical means and infrastructures that demands the current situation of the market of precision tools of these characteristics.<\/p>\n<p>We want to offer our customers the confidence and security of a professional team that masters the precision machining with CNC machinery to perfection, and that offers a complete machining service and adapted to any of the needs that each client requires.<\/p>\n<p>Our products, made with conventional machinery and latest generation, are subject to rigorous quality control, using the necessary guarantee tools. Our aim is to give the customer these values \u200b\u200bof quality and reliability that carry each and every one of the products that the brand and the service they perform.<\/p>\n<p>Seriousness, commitment and professionalism, principles that we defend to achieve our task in this sector of machining and precision assembly.<\/p>\n\n\t\t<\/div>\n\t<\/div>\n<\/div><\/div><\/div><\/div><div class=\"vc_row wpb_row vc_row-fluid\"><div class=\"wpb_column vc_column_container vc_col-sm-6\"><div class=\"vc_column-inner\"><div class=\"wpb_wrapper\">\n\t<div  class=\"wpb_single_image wpb_content_element vc_align_left wpb_content_element\">\n\t\t\n\t\t<figure class=\"wpb_wrapper vc_figure\">\n\t\t\t<div class=\"vc_single_image-wrapper   vc_box_border_grey\"><img loading=\"lazy\" decoding=\"async\" width=\"500\" height=\"341\" src=\"https:\/\/mecanicacuriel.com\/wp-content\/uploads\/2014\/11\/utiles1.jpg\" class=\"vc_single_image-img attachment-full\" alt=\"utiles1\" title=\"utiles1\" srcset=\"https:\/\/mecanicacuriel.com\/wp-content\/uploads\/2014\/11\/utiles1.jpg 500w, https:\/\/mecanicacuriel.com\/wp-content\/uploads\/2014\/11\/utiles1-300x205.jpg 300w\" sizes=\"auto, (max-width: 500px) 100vw, 500px\" \/><\/div>\n\t\t<\/figure>\n\t<\/div>\n<\/div><\/div><\/div><div class=\"wpb_column vc_column_container vc_col-sm-6\"><div class=\"vc_column-inner\"><div class=\"wpb_wrapper\">\n\t<div  class=\"wpb_single_image wpb_content_element vc_align_left wpb_content_element\">\n\t\t\n\t\t<figure class=\"wpb_wrapper vc_figure\">\n\t\t\t<div class=\"vc_single_image-wrapper   vc_box_border_grey\"><img loading=\"lazy\" decoding=\"async\" width=\"500\" height=\"343\" src=\"https:\/\/mecanicacuriel.com\/wp-content\/uploads\/2014\/11\/utiles2.jpg\" class=\"vc_single_image-img attachment-full\" alt=\"utiles2\" title=\"utiles2\" srcset=\"https:\/\/mecanicacuriel.com\/wp-content\/uploads\/2014\/11\/utiles2.jpg 500w, https:\/\/mecanicacuriel.com\/wp-content\/uploads\/2014\/11\/utiles2-300x206.jpg 300w\" sizes=\"auto, (max-width: 500px) 100vw, 500px\" \/><\/div>\n\t\t<\/figure>\n\t<\/div>\n<\/div><\/div><\/div><\/div><div class=\"vc_row wpb_row vc_row-fluid\"><div class=\"wpb_column vc_column_container vc_col-sm-6\"><div class=\"vc_column-inner\"><div class=\"wpb_wrapper\">\n\t<div  class=\"wpb_single_image wpb_content_element vc_align_left wpb_content_element\">\n\t\t\n\t\t<figure class=\"wpb_wrapper vc_figure\">\n\t\t\t<div class=\"vc_single_image-wrapper   vc_box_border_grey\"><img loading=\"lazy\" decoding=\"async\" width=\"500\" height=\"668\" src=\"https:\/\/mecanicacuriel.com\/wp-content\/uploads\/2014\/11\/utiles3.jpg\" class=\"vc_single_image-img attachment-full\" alt=\"utiles3\" title=\"utiles3\" srcset=\"https:\/\/mecanicacuriel.com\/wp-content\/uploads\/2014\/11\/utiles3.jpg 500w, https:\/\/mecanicacuriel.com\/wp-content\/uploads\/2014\/11\/utiles3-225x300.jpg 225w\" sizes=\"auto, (max-width: 500px) 100vw, 500px\" \/><\/div>\n\t\t<\/figure>\n\t<\/div>\n<\/div><\/div><\/div><div class=\"wpb_column vc_column_container vc_col-sm-6\"><div class=\"vc_column-inner\"><div class=\"wpb_wrapper\">\n\t<div  class=\"wpb_single_image wpb_content_element vc_align_left wpb_content_element\">\n\t\t\n\t\t<figure class=\"wpb_wrapper vc_figure\">\n\t\t\t<div class=\"vc_single_image-wrapper   vc_box_border_grey\"><img loading=\"lazy\" decoding=\"async\" width=\"500\" height=\"667\" src=\"https:\/\/mecanicacuriel.com\/wp-content\/uploads\/2014\/11\/utiles4.jpg\" class=\"vc_single_image-img attachment-full\" alt=\"utiles4\" title=\"utiles4\" srcset=\"https:\/\/mecanicacuriel.com\/wp-content\/uploads\/2014\/11\/utiles4.jpg 500w, https:\/\/mecanicacuriel.com\/wp-content\/uploads\/2014\/11\/utiles4-225x300.jpg 225w\" sizes=\"auto, (max-width: 500px) 100vw, 500px\" \/><\/div>\n\t\t<\/figure>\n\t<\/div>\n<\/div><\/div><\/div><\/div>\n<\/div>","protected":false},"excerpt":{"rendered":"Mec\u00e1nica Curiel was born in 1972 as a company ready to provide machining services and precision assembly. In addition to the construction of various apparatus from materials such as construction steel, stainless steels, aluminum alloys, brass, bronze and technical plastics; We offer our clients the appropriate technical advice to carry out the same. Since our inception we have carried out<div class=\"h10\"><\/div><a class=\"more-link1\" href=\"https:\/\/mecanicacuriel.com\/en\/control-and-test-tools\/\">Read more<\/a>","protected":false},"author":1,"featured_media":0,"parent":0,"menu_order":0,"comment_status":"open","ping_status":"open","template":"","meta":{"footnotes":""},"class_list":["post-903","page","type-page","status-publish","hentry"],"aioseo_notices":[],"yoast_head":"<!-- This site is optimized with the Yoast SEO plugin v27.1.1 - https:\/\/yoast.com\/product\/yoast-seo-wordpress\/ -->\n<title>Control and test tools - Mecanica Curiel<\/title>\n<meta name=\"robots\" content=\"index, follow, max-snippet:-1, max-image-preview:large, max-video-preview:-1\" \/>\n<link rel=\"canonical\" href=\"https:\/\/mecanicacuriel.com\/en\/control-and-test-tools\/\" \/>\n<meta property=\"og:locale\" content=\"en_GB\" \/>\n<meta property=\"og:type\" content=\"article\" \/>\n<meta property=\"og:title\" content=\"Control and test tools - Mecanica Curiel\" \/>\n<meta property=\"og:url\" content=\"https:\/\/mecanicacuriel.com\/en\/control-and-test-tools\/\" \/>\n<meta property=\"og:site_name\" content=\"Mecanica Curiel\" \/>\n<meta property=\"article:modified_time\" content=\"2017-06-07T08:32:40+00:00\" \/>\n<meta name=\"twitter:card\" content=\"summary_large_image\" \/>\n<meta name=\"twitter:label1\" content=\"Estimated reading time\" \/>\n\t<meta name=\"twitter:data1\" content=\"2 minutes\" \/>\n<script type=\"application\/ld+json\" class=\"yoast-schema-graph\">{\"@context\":\"https:\/\/schema.org\",\"@graph\":[{\"@type\":\"WebPage\",\"@id\":\"https:\/\/mecanicacuriel.com\/control-and-test-tools\/\",\"url\":\"https:\/\/mecanicacuriel.com\/control-and-test-tools\/\",\"name\":\"Control and test tools - Mecanica Curiel\",\"isPartOf\":{\"@id\":\"https:\/\/mecanicacuriel.com\/#website\"},\"datePublished\":\"2017-05-23T08:44:03+00:00\",\"dateModified\":\"2017-06-07T08:32:40+00:00\",\"breadcrumb\":{\"@id\":\"https:\/\/mecanicacuriel.com\/control-and-test-tools\/#breadcrumb\"},\"inLanguage\":\"en-GB\",\"potentialAction\":[{\"@type\":\"ReadAction\",\"target\":[\"https:\/\/mecanicacuriel.com\/control-and-test-tools\/\"]}]},{\"@type\":\"BreadcrumbList\",\"@id\":\"https:\/\/mecanicacuriel.com\/control-and-test-tools\/#breadcrumb\",\"itemListElement\":[{\"@type\":\"ListItem\",\"position\":1,\"name\":\"Portada\",\"item\":\"https:\/\/mecanicacuriel.com\/\"},{\"@type\":\"ListItem\",\"position\":2,\"name\":\"Control and test tools\"}]},{\"@type\":\"WebSite\",\"@id\":\"https:\/\/mecanicacuriel.com\/#website\",\"url\":\"https:\/\/mecanicacuriel.com\/\",\"name\":\"Mecanica Curiel\",\"description\":\"fabricaci\u00f3n y construcci\u00f3n de mecanizados y montajes de precisi\u00f3n.\",\"potentialAction\":[{\"@type\":\"SearchAction\",\"target\":{\"@type\":\"EntryPoint\",\"urlTemplate\":\"https:\/\/mecanicacuriel.com\/?s={search_term_string}\"},\"query-input\":{\"@type\":\"PropertyValueSpecification\",\"valueRequired\":true,\"valueName\":\"search_term_string\"}}],\"inLanguage\":\"en-GB\"}]}<\/script>\n<!-- \/ Yoast SEO plugin. -->","yoast_head_json":{"title":"Control and test tools - Mecanica Curiel","robots":{"index":"index","follow":"follow","max-snippet":"max-snippet:-1","max-image-preview":"max-image-preview:large","max-video-preview":"max-video-preview:-1"},"canonical":"https:\/\/mecanicacuriel.com\/en\/control-and-test-tools\/","og_locale":"en_GB","og_type":"article","og_title":"Control and test tools - Mecanica Curiel","og_url":"https:\/\/mecanicacuriel.com\/en\/control-and-test-tools\/","og_site_name":"Mecanica Curiel","article_modified_time":"2017-06-07T08:32:40+00:00","twitter_card":"summary_large_image","twitter_misc":{"Estimated reading time":"2 minutes"},"schema":{"@context":"https:\/\/schema.org","@graph":[{"@type":"WebPage","@id":"https:\/\/mecanicacuriel.com\/control-and-test-tools\/","url":"https:\/\/mecanicacuriel.com\/control-and-test-tools\/","name":"Control and test tools - Mecanica Curiel","isPartOf":{"@id":"https:\/\/mecanicacuriel.com\/#website"},"datePublished":"2017-05-23T08:44:03+00:00","dateModified":"2017-06-07T08:32:40+00:00","breadcrumb":{"@id":"https:\/\/mecanicacuriel.com\/control-and-test-tools\/#breadcrumb"},"inLanguage":"en-GB","potentialAction":[{"@type":"ReadAction","target":["https:\/\/mecanicacuriel.com\/control-and-test-tools\/"]}]},{"@type":"BreadcrumbList","@id":"https:\/\/mecanicacuriel.com\/control-and-test-tools\/#breadcrumb","itemListElement":[{"@type":"ListItem","position":1,"name":"Portada","item":"https:\/\/mecanicacuriel.com\/"},{"@type":"ListItem","position":2,"name":"Control and test tools"}]},{"@type":"WebSite","@id":"https:\/\/mecanicacuriel.com\/#website","url":"https:\/\/mecanicacuriel.com\/","name":"Curiel Mechanics","description":"manufacturing and construction of precision machining and assembly.","potentialAction":[{"@type":"SearchAction","target":{"@type":"EntryPoint","urlTemplate":"https:\/\/mecanicacuriel.com\/?s={search_term_string}"},"query-input":{"@type":"PropertyValueSpecification","valueRequired":true,"valueName":"search_term_string"}}],"inLanguage":"en-GB"}]}},"_links":{"self":[{"href":"https:\/\/mecanicacuriel.com\/en\/wp-json\/wp\/v2\/pages\/903","targetHints":{"allow":["GET"]}}],"collection":[{"href":"https:\/\/mecanicacuriel.com\/en\/wp-json\/wp\/v2\/pages"}],"about":[{"href":"https:\/\/mecanicacuriel.com\/en\/wp-json\/wp\/v2\/types\/page"}],"author":[{"embeddable":true,"href":"https:\/\/mecanicacuriel.com\/en\/wp-json\/wp\/v2\/users\/1"}],"replies":[{"embeddable":true,"href":"https:\/\/mecanicacuriel.com\/en\/wp-json\/wp\/v2\/comments?post=903"}],"version-history":[{"count":1,"href":"https:\/\/mecanicacuriel.com\/en\/wp-json\/wp\/v2\/pages\/903\/revisions"}],"predecessor-version":[{"id":904,"href":"https:\/\/mecanicacuriel.com\/en\/wp-json\/wp\/v2\/pages\/903\/revisions\/904"}],"wp:attachment":[{"href":"https:\/\/mecanicacuriel.com\/en\/wp-json\/wp\/v2\/media?parent=903"}],"curies":[{"name":"wp","href":"https:\/\/api.w.org\/{rel}","templated":true}]}}