{"id":907,"date":"2017-05-23T08:49:42","date_gmt":"2017-05-23T08:49:42","guid":{"rendered":"http:\/\/new.mecanicacuriel.palets-barcelona.com\/en\/?page_id=907"},"modified":"2017-06-07T08:55:47","modified_gmt":"2017-06-07T08:55:47","slug":"laboratory-equipment","status":"publish","type":"page","link":"https:\/\/mecanicacuriel.com\/en\/laboratory-equipment\/","title":{"rendered":"Laboratory equipment"},"content":{"rendered":"<div class=\"wpb-content-wrapper\"><div class=\"vc_row wpb_row vc_row-fluid\"><div class=\"wpb_column vc_column_container vc_col-sm-12\"><div class=\"vc_column-inner\"><div class=\"wpb_wrapper\">\n\t<div class=\"wpb_text_column wpb_content_element textjust\" >\n\t\t<div class=\"wpb_wrapper\">\n\t\t\t<p><a title=\"Curiel mechanics Barcelona\" href=\"https:\/\/mecanicacuriel.com\/en\/\"><strong>Curiel Mechanics<\/strong><\/a>, A company with more than 40 years of experience in the provision of precision machining and assembly services, we have been dedicating our work since 1972 to the development of all kinds of physical, laboratory, mechanical instruments for viscometer and electromedicine, small machinery in general, Special valves, tools, prototypes and precision machining.<br \/>\nWe work in the construction of these devices from high quality materials such as construction steel, stainless steels, aluminum alloys, brass, bronzes and technical plastics.<br \/>\nOur products, always subject to rigorous quality control through the use of the latest guarantee tools with the continuous improvement of their equipment, facilities and staff training; We make every project seriously for each client.<br \/>\nAmong our services is the creation of exclusive devices for use in the laboratory, vital for the further development of other services indisputable for use in society.<br \/>\nWe offer our customers the best opportunities, both at product and service level; With the confidence and security of a professional team that dominates the precision machining with the proper use of the latest techniques and CNC machinery. A complete machining service and adapted to any of the needs that each of our clients require, to whom we offer the appropriate technical advice for each of your needs.<br \/>\nFrom the beginning, in Mec\u00e1nica Curiel, we have carried out a development process based on the specialization of activities related to machining and precision assemblies. The experience and the good work have consolidated us as a pioneer in the sector, which gives its customers the confidence and professionalism of its workers and products.<br \/>\nQuality and reliability take care of our products and services, elaborated with conventional machinery and of last generation.<br \/>\nIn Mec\u00e1nica Curiel we defend the good reputation of our clients, for that reason we defend the seriousness, commitment and professionalism, of the work that we carry out and of the products and services, in the field of the machining and precision assemblies, that we offer.<\/p>\n\n\t\t<\/div>\n\t<\/div>\n<\/div><\/div><\/div><\/div><div class=\"vc_row wpb_row vc_row-fluid\"><div class=\"wpb_column vc_column_container vc_col-sm-6\"><div class=\"vc_column-inner\"><div class=\"wpb_wrapper\">\n\t<div  class=\"wpb_single_image wpb_content_element vc_align_left wpb_content_element\">\n\t\t\n\t\t<figure class=\"wpb_wrapper vc_figure\">\n\t\t\t<div class=\"vc_single_image-wrapper   vc_box_border_grey\"><img loading=\"lazy\" decoding=\"async\" width=\"500\" height=\"375\" src=\"https:\/\/mecanicacuriel.com\/wp-content\/uploads\/2014\/11\/lab1_g.jpg\" class=\"vc_single_image-img attachment-full\" alt=\"aparatos de laboratorio\" title=\"aparatos de laboratorio\" srcset=\"https:\/\/mecanicacuriel.com\/wp-content\/uploads\/2014\/11\/lab1_g.jpg 500w, https:\/\/mecanicacuriel.com\/wp-content\/uploads\/2014\/11\/lab1_g-300x225.jpg 300w\" sizes=\"auto, (max-width: 500px) 100vw, 500px\" \/><\/div>\n\t\t<\/figure>\n\t<\/div>\n<\/div><\/div><\/div><div class=\"wpb_column vc_column_container vc_col-sm-6\"><div class=\"vc_column-inner\"><div class=\"wpb_wrapper\">\n\t<div  class=\"wpb_single_image wpb_content_element vc_align_left wpb_content_element\">\n\t\t\n\t\t<figure class=\"wpb_wrapper vc_figure\">\n\t\t\t<div class=\"vc_single_image-wrapper   vc_box_border_grey\"><img loading=\"lazy\" decoding=\"async\" width=\"500\" height=\"375\" src=\"https:\/\/mecanicacuriel.com\/wp-content\/uploads\/2014\/11\/esp1_g.jpg\" class=\"vc_single_image-img attachment-full\" alt=\"aparatos de laboratorio\" title=\"aparatos de laboratorio\" srcset=\"https:\/\/mecanicacuriel.com\/wp-content\/uploads\/2014\/11\/esp1_g.jpg 500w, https:\/\/mecanicacuriel.com\/wp-content\/uploads\/2014\/11\/esp1_g-300x225.jpg 300w\" sizes=\"auto, (max-width: 500px) 100vw, 500px\" \/><\/div>\n\t\t<\/figure>\n\t<\/div>\n<\/div><\/div><\/div><\/div><div class=\"vc_row wpb_row vc_row-fluid\"><div class=\"wpb_column vc_column_container vc_col-sm-6\"><div class=\"vc_column-inner\"><div class=\"wpb_wrapper\">\n\t<div  class=\"wpb_single_image wpb_content_element vc_align_left wpb_content_element\">\n\t\t\n\t\t<figure class=\"wpb_wrapper vc_figure\">\n\t\t\t<div class=\"vc_single_image-wrapper   vc_box_border_grey\"><img loading=\"lazy\" decoding=\"async\" width=\"500\" height=\"667\" src=\"https:\/\/mecanicacuriel.com\/wp-content\/uploads\/2014\/11\/lab2_g.jpg\" class=\"vc_single_image-img attachment-full\" alt=\"aparatos de laboratorio\" title=\"aparatos de laboratorio\" srcset=\"https:\/\/mecanicacuriel.com\/wp-content\/uploads\/2014\/11\/lab2_g.jpg 500w, https:\/\/mecanicacuriel.com\/wp-content\/uploads\/2014\/11\/lab2_g-225x300.jpg 225w\" sizes=\"auto, (max-width: 500px) 100vw, 500px\" \/><\/div>\n\t\t<\/figure>\n\t<\/div>\n<\/div><\/div><\/div><div class=\"wpb_column vc_column_container vc_col-sm-6\"><div class=\"vc_column-inner\"><div class=\"wpb_wrapper\">\n\t<div  class=\"wpb_single_image wpb_content_element vc_align_left wpb_content_element\">\n\t\t\n\t\t<figure class=\"wpb_wrapper vc_figure\">\n\t\t\t<div class=\"vc_single_image-wrapper   vc_box_border_grey\"><img loading=\"lazy\" decoding=\"async\" width=\"500\" height=\"667\" src=\"https:\/\/mecanicacuriel.com\/wp-content\/uploads\/2014\/11\/lab3_g.jpg\" class=\"vc_single_image-img attachment-full\" alt=\"aparatos de laboratorio\" title=\"aparatos de laboratorio\" srcset=\"https:\/\/mecanicacuriel.com\/wp-content\/uploads\/2014\/11\/lab3_g.jpg 500w, https:\/\/mecanicacuriel.com\/wp-content\/uploads\/2014\/11\/lab3_g-225x300.jpg 225w\" sizes=\"auto, (max-width: 500px) 100vw, 500px\" \/><\/div>\n\t\t<\/figure>\n\t<\/div>\n<\/div><\/div><\/div><\/div>\n<\/div>","protected":false},"excerpt":{"rendered":"Mec\u00e1nica Curiel, A company with more than 40 years of experience in the provision of precision machining and assembly services, we have been dedicating our work since 1972 to the development of all kinds of physical, laboratory, mechanical instruments for viscometer and electromedicine, small machinery in general, Special valves, tools, prototypes and precision machining. We work in the construction of<div class=\"h10\"><\/div><a class=\"more-link1\" href=\"https:\/\/mecanicacuriel.com\/en\/laboratory-equipment\/\">Read more<\/a>","protected":false},"author":1,"featured_media":0,"parent":0,"menu_order":0,"comment_status":"open","ping_status":"open","template":"","meta":{"footnotes":""},"class_list":["post-907","page","type-page","status-publish","hentry"],"aioseo_notices":[],"yoast_head":"<!-- This site is optimized with the Yoast SEO plugin v27.1.1 - https:\/\/yoast.com\/product\/yoast-seo-wordpress\/ -->\n<title>Laboratory equipment - Mecanica Curiel<\/title>\n<meta name=\"robots\" content=\"index, follow, max-snippet:-1, max-image-preview:large, max-video-preview:-1\" \/>\n<link rel=\"canonical\" href=\"https:\/\/mecanicacuriel.com\/en\/laboratory-equipment\/\" \/>\n<meta property=\"og:locale\" content=\"en_GB\" \/>\n<meta property=\"og:type\" content=\"article\" \/>\n<meta property=\"og:title\" content=\"Laboratory equipment - Mecanica Curiel\" \/>\n<meta property=\"og:url\" content=\"https:\/\/mecanicacuriel.com\/en\/laboratory-equipment\/\" \/>\n<meta property=\"og:site_name\" content=\"Mecanica Curiel\" \/>\n<meta property=\"article:modified_time\" content=\"2017-06-07T08:55:47+00:00\" \/>\n<meta name=\"twitter:card\" content=\"summary_large_image\" \/>\n<meta name=\"twitter:label1\" content=\"Estimated reading time\" \/>\n\t<meta name=\"twitter:data1\" content=\"2 minutes\" \/>\n<script type=\"application\/ld+json\" class=\"yoast-schema-graph\">{\"@context\":\"https:\/\/schema.org\",\"@graph\":[{\"@type\":\"WebPage\",\"@id\":\"https:\/\/mecanicacuriel.com\/laboratory-equipment\/\",\"url\":\"https:\/\/mecanicacuriel.com\/laboratory-equipment\/\",\"name\":\"Laboratory equipment - Mecanica Curiel\",\"isPartOf\":{\"@id\":\"https:\/\/mecanicacuriel.com\/#website\"},\"datePublished\":\"2017-05-23T08:49:42+00:00\",\"dateModified\":\"2017-06-07T08:55:47+00:00\",\"breadcrumb\":{\"@id\":\"https:\/\/mecanicacuriel.com\/laboratory-equipment\/#breadcrumb\"},\"inLanguage\":\"en-GB\",\"potentialAction\":[{\"@type\":\"ReadAction\",\"target\":[\"https:\/\/mecanicacuriel.com\/laboratory-equipment\/\"]}]},{\"@type\":\"BreadcrumbList\",\"@id\":\"https:\/\/mecanicacuriel.com\/laboratory-equipment\/#breadcrumb\",\"itemListElement\":[{\"@type\":\"ListItem\",\"position\":1,\"name\":\"Portada\",\"item\":\"https:\/\/mecanicacuriel.com\/\"},{\"@type\":\"ListItem\",\"position\":2,\"name\":\"Laboratory equipment\"}]},{\"@type\":\"WebSite\",\"@id\":\"https:\/\/mecanicacuriel.com\/#website\",\"url\":\"https:\/\/mecanicacuriel.com\/\",\"name\":\"Mecanica Curiel\",\"description\":\"fabricaci\u00f3n y construcci\u00f3n de mecanizados y montajes de precisi\u00f3n.\",\"potentialAction\":[{\"@type\":\"SearchAction\",\"target\":{\"@type\":\"EntryPoint\",\"urlTemplate\":\"https:\/\/mecanicacuriel.com\/?s={search_term_string}\"},\"query-input\":{\"@type\":\"PropertyValueSpecification\",\"valueRequired\":true,\"valueName\":\"search_term_string\"}}],\"inLanguage\":\"en-GB\"}]}<\/script>\n<!-- \/ Yoast SEO plugin. -->","yoast_head_json":{"title":"Laboratory equipment - Mecanica Curiel","robots":{"index":"index","follow":"follow","max-snippet":"max-snippet:-1","max-image-preview":"max-image-preview:large","max-video-preview":"max-video-preview:-1"},"canonical":"https:\/\/mecanicacuriel.com\/en\/laboratory-equipment\/","og_locale":"en_GB","og_type":"article","og_title":"Laboratory equipment - Mecanica Curiel","og_url":"https:\/\/mecanicacuriel.com\/en\/laboratory-equipment\/","og_site_name":"Mecanica Curiel","article_modified_time":"2017-06-07T08:55:47+00:00","twitter_card":"summary_large_image","twitter_misc":{"Estimated reading time":"2 minutes"},"schema":{"@context":"https:\/\/schema.org","@graph":[{"@type":"WebPage","@id":"https:\/\/mecanicacuriel.com\/laboratory-equipment\/","url":"https:\/\/mecanicacuriel.com\/laboratory-equipment\/","name":"Laboratory equipment - Mecanica Curiel","isPartOf":{"@id":"https:\/\/mecanicacuriel.com\/#website"},"datePublished":"2017-05-23T08:49:42+00:00","dateModified":"2017-06-07T08:55:47+00:00","breadcrumb":{"@id":"https:\/\/mecanicacuriel.com\/laboratory-equipment\/#breadcrumb"},"inLanguage":"en-GB","potentialAction":[{"@type":"ReadAction","target":["https:\/\/mecanicacuriel.com\/laboratory-equipment\/"]}]},{"@type":"BreadcrumbList","@id":"https:\/\/mecanicacuriel.com\/laboratory-equipment\/#breadcrumb","itemListElement":[{"@type":"ListItem","position":1,"name":"Portada","item":"https:\/\/mecanicacuriel.com\/"},{"@type":"ListItem","position":2,"name":"Laboratory equipment"}]},{"@type":"WebSite","@id":"https:\/\/mecanicacuriel.com\/#website","url":"https:\/\/mecanicacuriel.com\/","name":"Curiel Mechanics","description":"manufacturing and construction of precision machining and assembly.","potentialAction":[{"@type":"SearchAction","target":{"@type":"EntryPoint","urlTemplate":"https:\/\/mecanicacuriel.com\/?s={search_term_string}"},"query-input":{"@type":"PropertyValueSpecification","valueRequired":true,"valueName":"search_term_string"}}],"inLanguage":"en-GB"}]}},"_links":{"self":[{"href":"https:\/\/mecanicacuriel.com\/en\/wp-json\/wp\/v2\/pages\/907","targetHints":{"allow":["GET"]}}],"collection":[{"href":"https:\/\/mecanicacuriel.com\/en\/wp-json\/wp\/v2\/pages"}],"about":[{"href":"https:\/\/mecanicacuriel.com\/en\/wp-json\/wp\/v2\/types\/page"}],"author":[{"embeddable":true,"href":"https:\/\/mecanicacuriel.com\/en\/wp-json\/wp\/v2\/users\/1"}],"replies":[{"embeddable":true,"href":"https:\/\/mecanicacuriel.com\/en\/wp-json\/wp\/v2\/comments?post=907"}],"version-history":[{"count":4,"href":"https:\/\/mecanicacuriel.com\/en\/wp-json\/wp\/v2\/pages\/907\/revisions"}],"predecessor-version":[{"id":1318,"href":"https:\/\/mecanicacuriel.com\/en\/wp-json\/wp\/v2\/pages\/907\/revisions\/1318"}],"wp:attachment":[{"href":"https:\/\/mecanicacuriel.com\/en\/wp-json\/wp\/v2\/media?parent=907"}],"curies":[{"name":"wp","href":"https:\/\/api.w.org\/{rel}","templated":true}]}}