{"id":975,"date":"2017-05-24T09:40:51","date_gmt":"2017-05-24T09:40:51","guid":{"rendered":"http:\/\/new.mecanicacuriel.palets-barcelona.com\/en\/?page_id=975"},"modified":"2017-05-24T09:40:51","modified_gmt":"2017-05-24T09:40:51","slug":"machining-of-cnc-bilbao","status":"publish","type":"page","link":"https:\/\/mecanicacuriel.com\/en\/cnc-machining\/machining-of-cnc-bilbao\/","title":{"rendered":"Machining of CNC Bilbao"},"content":{"rendered":"<div class=\"wpb-content-wrapper\"><div class=\"vc_row wpb_row vc_row-fluid\"><div class=\"wpb_column vc_column_container vc_col-sm-12\"><div class=\"vc_column-inner\"><div class=\"wpb_wrapper\">\n\t<div class=\"wpb_text_column wpb_content_element\" >\n\t\t<div class=\"wpb_wrapper\">\n\t\t\t<p>Since we began this journey in the field of Precision CNC machining, in Mec\u00e1nica Curiel, we have developed a specialized process of technical and professional development, based on work in multiple areas and activities for all kinds of purposes, intended for the needs and requirements in precision machining, at national level.<\/p>\n<p>Thanks to the work carried out by the professionals, technicians and skilled workers of our machining company, Mec\u00e1nica Curiel, with a vast experience of more than forty years, becoming a benchmark in precision CNC machining in the province of Barcelona and cities throughout Spain. Seville, Bilbao, Madrid, Valencia\u2026 In our familiar machining company, we have specialized in offering to all our clients that unique singularity and characteristic of the performance of our work, which has led us to be one of the reference companies in the sector And in cities like Bilbao.<\/p>\n<p>As our clients, from Mec\u00e1nica Curiel, we want to provide you with a quality service, assured by the values \u200b\u200b\u200b\u200bthat cement the stability and progression of our company: seriousness, professionalism, commitment \u2026 Everything, to guarantee every project we develop, with the help of a personnel Demanding and delivered to their work, making use of the latest and most updated technical systems (CNC machining with numerical control), required by the current demands of the field of machining companies.<\/p>\n<p>Commitment, rigor, responsibility, dedication, professionalism \u2026 All these are just some of the main values \u200b\u200b\u200b\u200bwe defend the members of our machining company, Mec\u00e1nica Curiel, to achieve our task in this sector of CNC machining, where it is necessary and trust our work, as in the city of Bilbao, where we have the confidence of multiple companies in the sector.<\/p>\n<p>For any information you would like to receive about this CNC machining company, or about the work we perform in cities throughout the country, such as Bilbao; Do not hesitate to get in touch with the members of Mec\u00e1nica Curiel. We will try to solve all your unknowns and advise you in everything you need to have your precision CNC machining.<\/p>\n\n\t\t<\/div>\n\t<\/div>\n<\/div><\/div><\/div><\/div>\n<\/div>","protected":false},"excerpt":{"rendered":"Since we began this journey in the field of Precision CNC machining, in Mec\u00e1nica Curiel, we have developed a specialized process of technical and professional development, based on work in multiple areas and activities for all kinds of purposes, intended for the The needs and requirements in precision machining, at national level. Thanks to the work carried out by the<div class=\"h10\"><\/div><a class=\"more-link1\" href=\"https:\/\/mecanicacuriel.com\/en\/cnc-machining\/machining-of-cnc-bilbao\/\">Read more<\/a>","protected":false},"author":1,"featured_media":0,"parent":971,"menu_order":0,"comment_status":"open","ping_status":"open","template":"","meta":{"footnotes":""},"class_list":["post-975","page","type-page","status-publish","hentry"],"aioseo_notices":[],"yoast_head":"<!-- This site is optimized with the Yoast SEO plugin v27.1.1 - https:\/\/yoast.com\/product\/yoast-seo-wordpress\/ -->\n<title>Machining of CNC Bilbao - Mecanica Curiel<\/title>\n<meta name=\"robots\" content=\"index, follow, max-snippet:-1, max-image-preview:large, max-video-preview:-1\" \/>\n<link rel=\"canonical\" href=\"https:\/\/mecanicacuriel.com\/en\/cnc-machining\/machining-of-cnc-bilbao\/\" \/>\n<meta property=\"og:locale\" content=\"en_GB\" \/>\n<meta property=\"og:type\" content=\"article\" \/>\n<meta property=\"og:title\" content=\"Machining of CNC Bilbao - Mecanica Curiel\" \/>\n<meta property=\"og:url\" content=\"https:\/\/mecanicacuriel.com\/en\/cnc-machining\/machining-of-cnc-bilbao\/\" \/>\n<meta property=\"og:site_name\" content=\"Mecanica Curiel\" \/>\n<meta name=\"twitter:card\" content=\"summary_large_image\" \/>\n<meta name=\"twitter:label1\" content=\"Estimated reading time\" \/>\n\t<meta name=\"twitter:data1\" content=\"2 minutes\" \/>\n<script type=\"application\/ld+json\" class=\"yoast-schema-graph\">{\"@context\":\"https:\/\/schema.org\",\"@graph\":[{\"@type\":\"WebPage\",\"@id\":\"https:\/\/mecanicacuriel.com\/cnc-machining\/machining-of-cnc-bilbao\/\",\"url\":\"https:\/\/mecanicacuriel.com\/cnc-machining\/machining-of-cnc-bilbao\/\",\"name\":\"Machining of CNC Bilbao - Mecanica Curiel\",\"isPartOf\":{\"@id\":\"https:\/\/mecanicacuriel.com\/#website\"},\"datePublished\":\"2017-05-24T09:40:51+00:00\",\"breadcrumb\":{\"@id\":\"https:\/\/mecanicacuriel.com\/cnc-machining\/machining-of-cnc-bilbao\/#breadcrumb\"},\"inLanguage\":\"en-GB\",\"potentialAction\":[{\"@type\":\"ReadAction\",\"target\":[\"https:\/\/mecanicacuriel.com\/cnc-machining\/machining-of-cnc-bilbao\/\"]}]},{\"@type\":\"BreadcrumbList\",\"@id\":\"https:\/\/mecanicacuriel.com\/cnc-machining\/machining-of-cnc-bilbao\/#breadcrumb\",\"itemListElement\":[{\"@type\":\"ListItem\",\"position\":1,\"name\":\"Portada\",\"item\":\"https:\/\/mecanicacuriel.com\/\"},{\"@type\":\"ListItem\",\"position\":2,\"name\":\"CNC Machining\",\"item\":\"https:\/\/mecanicacuriel.com\/cnc-machining\/\"},{\"@type\":\"ListItem\",\"position\":3,\"name\":\"Machining of CNC Bilbao\"}]},{\"@type\":\"WebSite\",\"@id\":\"https:\/\/mecanicacuriel.com\/#website\",\"url\":\"https:\/\/mecanicacuriel.com\/\",\"name\":\"Mecanica Curiel\",\"description\":\"fabricaci\u00f3n y construcci\u00f3n de mecanizados y montajes de precisi\u00f3n.\",\"potentialAction\":[{\"@type\":\"SearchAction\",\"target\":{\"@type\":\"EntryPoint\",\"urlTemplate\":\"https:\/\/mecanicacuriel.com\/?s={search_term_string}\"},\"query-input\":{\"@type\":\"PropertyValueSpecification\",\"valueRequired\":true,\"valueName\":\"search_term_string\"}}],\"inLanguage\":\"en-GB\"}]}<\/script>\n<!-- \/ Yoast SEO plugin. -->","yoast_head_json":{"title":"Machining of CNC Bilbao - Mecanica Curiel","robots":{"index":"index","follow":"follow","max-snippet":"max-snippet:-1","max-image-preview":"max-image-preview:large","max-video-preview":"max-video-preview:-1"},"canonical":"https:\/\/mecanicacuriel.com\/en\/cnc-machining\/machining-of-cnc-bilbao\/","og_locale":"en_GB","og_type":"article","og_title":"Machining of CNC Bilbao - Mecanica Curiel","og_url":"https:\/\/mecanicacuriel.com\/en\/cnc-machining\/machining-of-cnc-bilbao\/","og_site_name":"Mecanica Curiel","twitter_card":"summary_large_image","twitter_misc":{"Estimated reading time":"2 minutes"},"schema":{"@context":"https:\/\/schema.org","@graph":[{"@type":"WebPage","@id":"https:\/\/mecanicacuriel.com\/cnc-machining\/machining-of-cnc-bilbao\/","url":"https:\/\/mecanicacuriel.com\/cnc-machining\/machining-of-cnc-bilbao\/","name":"Machining of CNC Bilbao - Mecanica Curiel","isPartOf":{"@id":"https:\/\/mecanicacuriel.com\/#website"},"datePublished":"2017-05-24T09:40:51+00:00","breadcrumb":{"@id":"https:\/\/mecanicacuriel.com\/cnc-machining\/machining-of-cnc-bilbao\/#breadcrumb"},"inLanguage":"en-GB","potentialAction":[{"@type":"ReadAction","target":["https:\/\/mecanicacuriel.com\/cnc-machining\/machining-of-cnc-bilbao\/"]}]},{"@type":"BreadcrumbList","@id":"https:\/\/mecanicacuriel.com\/cnc-machining\/machining-of-cnc-bilbao\/#breadcrumb","itemListElement":[{"@type":"ListItem","position":1,"name":"Portada","item":"https:\/\/mecanicacuriel.com\/"},{"@type":"ListItem","position":2,"name":"CNC Machining","item":"https:\/\/mecanicacuriel.com\/cnc-machining\/"},{"@type":"ListItem","position":3,"name":"Machining of CNC Bilbao"}]},{"@type":"WebSite","@id":"https:\/\/mecanicacuriel.com\/#website","url":"https:\/\/mecanicacuriel.com\/","name":"Curiel Mechanics","description":"manufacturing and construction of precision machining and assembly.","potentialAction":[{"@type":"SearchAction","target":{"@type":"EntryPoint","urlTemplate":"https:\/\/mecanicacuriel.com\/?s={search_term_string}"},"query-input":{"@type":"PropertyValueSpecification","valueRequired":true,"valueName":"search_term_string"}}],"inLanguage":"en-GB"}]}},"_links":{"self":[{"href":"https:\/\/mecanicacuriel.com\/en\/wp-json\/wp\/v2\/pages\/975","targetHints":{"allow":["GET"]}}],"collection":[{"href":"https:\/\/mecanicacuriel.com\/en\/wp-json\/wp\/v2\/pages"}],"about":[{"href":"https:\/\/mecanicacuriel.com\/en\/wp-json\/wp\/v2\/types\/page"}],"author":[{"embeddable":true,"href":"https:\/\/mecanicacuriel.com\/en\/wp-json\/wp\/v2\/users\/1"}],"replies":[{"embeddable":true,"href":"https:\/\/mecanicacuriel.com\/en\/wp-json\/wp\/v2\/comments?post=975"}],"version-history":[{"count":1,"href":"https:\/\/mecanicacuriel.com\/en\/wp-json\/wp\/v2\/pages\/975\/revisions"}],"predecessor-version":[{"id":976,"href":"https:\/\/mecanicacuriel.com\/en\/wp-json\/wp\/v2\/pages\/975\/revisions\/976"}],"up":[{"embeddable":true,"href":"https:\/\/mecanicacuriel.com\/en\/wp-json\/wp\/v2\/pages\/971"}],"wp:attachment":[{"href":"https:\/\/mecanicacuriel.com\/en\/wp-json\/wp\/v2\/media?parent=975"}],"curies":[{"name":"wp","href":"https:\/\/api.w.org\/{rel}","templated":true}]}}