{"id":977,"date":"2017-05-24T09:41:43","date_gmt":"2017-05-24T09:41:43","guid":{"rendered":"http:\/\/new.mecanicacuriel.palets-barcelona.com\/en\/?page_id=977"},"modified":"2017-05-24T09:41:43","modified_gmt":"2017-05-24T09:41:43","slug":"machining-of-cnc-madrid","status":"publish","type":"page","link":"https:\/\/mecanicacuriel.com\/en\/cnc-machining\/machining-of-cnc-madrid\/","title":{"rendered":"Machining of CNC Madrid"},"content":{"rendered":"<div class=\"wpb-content-wrapper\"><div class=\"vc_row wpb_row vc_row-fluid\"><div class=\"wpb_column vc_column_container vc_col-sm-12\"><div class=\"vc_column-inner\"><div class=\"wpb_wrapper\">\n\t<div class=\"wpb_text_column wpb_content_element\" >\n\t\t<div class=\"wpb_wrapper\">\n\t\t\t<p>Mec\u00e1nica Curiel is a precision machining company with a long history in the sector, specifically since 1972, in the manufacturing and development of elements of these characteristics, where we ensure the proper performance of this work, with a meritorious work.<\/p>\n<p>As a specialized precision machining company, we are committed to offering to each and every one of our clients, whatever the Spanish geographical area, the values \u200b\u200bbest considered for the attention and provision of a unique and meritorious service: high quality In our products and services, and transmit the total tranquility to our clients in Madrid, Seville, Bilbao, Valencia..., to enjoy it exclusively.<\/p>\n<p>The sector of precision machining has undergone a rapid evolution since its appearance and until today. From the initial conventions, with machine tools as recognized as the lathe or milling machine, to the most modern machinery of the latest generation in 3D CNC machining, which has favored the very evolution of precision machining. Therein came into playing the great leap from classic machining to the introduction of CNC machining (computer numerical control).<\/p>\n<p>At Mec\u00e1nica Curiel, we highly appreciate the importance of CNC machining to develop our work, in Madrid, as meticulously as possible.<\/p>\n<p>With extensive experience in offering CNC machined products and services, after more than four decades as a national reference, in Mec\u00e1nica Curiel, we have specialized in offering to each and every one of our clients, in Madrid, that unique feature: The best CNC machining , with quality products and the use of the latest technologies.<\/p>\n<p>If you are interested in knowing more about this precision CNC machining company and receive information about the work we do in cities like Madrid, Valencia, Seville, Bilbao\u2026 do not hesitate to get in touch with any of the members of our staff. We will answer all your questions and advise you on how to obtain your precision machining of quality thanks to the wide experience in the CNC machining sector and to the professionalism of our operators and technicians.<\/p>\n\n\t\t<\/div>\n\t<\/div>\n<\/div><\/div><\/div><\/div>\n<\/div>","protected":false},"excerpt":{"rendered":"Mec\u00e1nica Curiel is a precision machining company with a long history in the sector, specifically since 1972, in the manufacture and development of elements of these characteristics, where we ensure the proper performance of this work, with a meritorious work. As a specialized precision machining company, we are committed to offering to each and every one of our clients, whatever<div class=\"h10\"><\/div><a class=\"more-link1\" href=\"https:\/\/mecanicacuriel.com\/en\/cnc-machining\/machining-of-cnc-madrid\/\">Read more<\/a>","protected":false},"author":1,"featured_media":0,"parent":971,"menu_order":0,"comment_status":"open","ping_status":"open","template":"","meta":{"footnotes":""},"class_list":["post-977","page","type-page","status-publish","hentry"],"aioseo_notices":[],"yoast_head":"<!-- This site is optimized with the Yoast SEO plugin v27.1.1 - https:\/\/yoast.com\/product\/yoast-seo-wordpress\/ -->\n<title>Machining of CNC Madrid - Mecanica Curiel<\/title>\n<meta name=\"robots\" content=\"index, follow, max-snippet:-1, max-image-preview:large, max-video-preview:-1\" \/>\n<link rel=\"canonical\" href=\"https:\/\/mecanicacuriel.com\/en\/cnc-machining\/machining-of-cnc-madrid\/\" \/>\n<meta property=\"og:locale\" content=\"en_GB\" \/>\n<meta property=\"og:type\" content=\"article\" \/>\n<meta property=\"og:title\" content=\"Machining of CNC Madrid - Mecanica Curiel\" \/>\n<meta property=\"og:url\" content=\"https:\/\/mecanicacuriel.com\/en\/cnc-machining\/machining-of-cnc-madrid\/\" \/>\n<meta property=\"og:site_name\" content=\"Mecanica Curiel\" \/>\n<meta name=\"twitter:card\" content=\"summary_large_image\" \/>\n<meta name=\"twitter:label1\" content=\"Estimated reading time\" \/>\n\t<meta name=\"twitter:data1\" content=\"2 minutes\" \/>\n<script type=\"application\/ld+json\" class=\"yoast-schema-graph\">{\"@context\":\"https:\/\/schema.org\",\"@graph\":[{\"@type\":\"WebPage\",\"@id\":\"https:\/\/mecanicacuriel.com\/cnc-machining\/machining-of-cnc-madrid\/\",\"url\":\"https:\/\/mecanicacuriel.com\/cnc-machining\/machining-of-cnc-madrid\/\",\"name\":\"Machining of CNC Madrid - Mecanica Curiel\",\"isPartOf\":{\"@id\":\"https:\/\/mecanicacuriel.com\/#website\"},\"datePublished\":\"2017-05-24T09:41:43+00:00\",\"breadcrumb\":{\"@id\":\"https:\/\/mecanicacuriel.com\/cnc-machining\/machining-of-cnc-madrid\/#breadcrumb\"},\"inLanguage\":\"en-GB\",\"potentialAction\":[{\"@type\":\"ReadAction\",\"target\":[\"https:\/\/mecanicacuriel.com\/cnc-machining\/machining-of-cnc-madrid\/\"]}]},{\"@type\":\"BreadcrumbList\",\"@id\":\"https:\/\/mecanicacuriel.com\/cnc-machining\/machining-of-cnc-madrid\/#breadcrumb\",\"itemListElement\":[{\"@type\":\"ListItem\",\"position\":1,\"name\":\"Portada\",\"item\":\"https:\/\/mecanicacuriel.com\/\"},{\"@type\":\"ListItem\",\"position\":2,\"name\":\"CNC Machining\",\"item\":\"https:\/\/mecanicacuriel.com\/cnc-machining\/\"},{\"@type\":\"ListItem\",\"position\":3,\"name\":\"Machining of CNC Madrid\"}]},{\"@type\":\"WebSite\",\"@id\":\"https:\/\/mecanicacuriel.com\/#website\",\"url\":\"https:\/\/mecanicacuriel.com\/\",\"name\":\"Mecanica Curiel\",\"description\":\"fabricaci\u00f3n y construcci\u00f3n de mecanizados y montajes de precisi\u00f3n.\",\"potentialAction\":[{\"@type\":\"SearchAction\",\"target\":{\"@type\":\"EntryPoint\",\"urlTemplate\":\"https:\/\/mecanicacuriel.com\/?s={search_term_string}\"},\"query-input\":{\"@type\":\"PropertyValueSpecification\",\"valueRequired\":true,\"valueName\":\"search_term_string\"}}],\"inLanguage\":\"en-GB\"}]}<\/script>\n<!-- \/ Yoast SEO plugin. -->","yoast_head_json":{"title":"Machining of CNC Madrid - Mecanica Curiel","robots":{"index":"index","follow":"follow","max-snippet":"max-snippet:-1","max-image-preview":"max-image-preview:large","max-video-preview":"max-video-preview:-1"},"canonical":"https:\/\/mecanicacuriel.com\/en\/cnc-machining\/machining-of-cnc-madrid\/","og_locale":"en_GB","og_type":"article","og_title":"Machining of CNC Madrid - Mecanica Curiel","og_url":"https:\/\/mecanicacuriel.com\/en\/cnc-machining\/machining-of-cnc-madrid\/","og_site_name":"Mecanica Curiel","twitter_card":"summary_large_image","twitter_misc":{"Estimated reading time":"2 minutes"},"schema":{"@context":"https:\/\/schema.org","@graph":[{"@type":"WebPage","@id":"https:\/\/mecanicacuriel.com\/cnc-machining\/machining-of-cnc-madrid\/","url":"https:\/\/mecanicacuriel.com\/cnc-machining\/machining-of-cnc-madrid\/","name":"Machining of CNC Madrid - Mecanica Curiel","isPartOf":{"@id":"https:\/\/mecanicacuriel.com\/#website"},"datePublished":"2017-05-24T09:41:43+00:00","breadcrumb":{"@id":"https:\/\/mecanicacuriel.com\/cnc-machining\/machining-of-cnc-madrid\/#breadcrumb"},"inLanguage":"en-GB","potentialAction":[{"@type":"ReadAction","target":["https:\/\/mecanicacuriel.com\/cnc-machining\/machining-of-cnc-madrid\/"]}]},{"@type":"BreadcrumbList","@id":"https:\/\/mecanicacuriel.com\/cnc-machining\/machining-of-cnc-madrid\/#breadcrumb","itemListElement":[{"@type":"ListItem","position":1,"name":"Portada","item":"https:\/\/mecanicacuriel.com\/"},{"@type":"ListItem","position":2,"name":"CNC Machining","item":"https:\/\/mecanicacuriel.com\/cnc-machining\/"},{"@type":"ListItem","position":3,"name":"Machining of CNC Madrid"}]},{"@type":"WebSite","@id":"https:\/\/mecanicacuriel.com\/#website","url":"https:\/\/mecanicacuriel.com\/","name":"Curiel Mechanics","description":"manufacturing and construction of precision machining and assembly.","potentialAction":[{"@type":"SearchAction","target":{"@type":"EntryPoint","urlTemplate":"https:\/\/mecanicacuriel.com\/?s={search_term_string}"},"query-input":{"@type":"PropertyValueSpecification","valueRequired":true,"valueName":"search_term_string"}}],"inLanguage":"en-GB"}]}},"_links":{"self":[{"href":"https:\/\/mecanicacuriel.com\/en\/wp-json\/wp\/v2\/pages\/977","targetHints":{"allow":["GET"]}}],"collection":[{"href":"https:\/\/mecanicacuriel.com\/en\/wp-json\/wp\/v2\/pages"}],"about":[{"href":"https:\/\/mecanicacuriel.com\/en\/wp-json\/wp\/v2\/types\/page"}],"author":[{"embeddable":true,"href":"https:\/\/mecanicacuriel.com\/en\/wp-json\/wp\/v2\/users\/1"}],"replies":[{"embeddable":true,"href":"https:\/\/mecanicacuriel.com\/en\/wp-json\/wp\/v2\/comments?post=977"}],"version-history":[{"count":1,"href":"https:\/\/mecanicacuriel.com\/en\/wp-json\/wp\/v2\/pages\/977\/revisions"}],"predecessor-version":[{"id":978,"href":"https:\/\/mecanicacuriel.com\/en\/wp-json\/wp\/v2\/pages\/977\/revisions\/978"}],"up":[{"embeddable":true,"href":"https:\/\/mecanicacuriel.com\/en\/wp-json\/wp\/v2\/pages\/971"}],"wp:attachment":[{"href":"https:\/\/mecanicacuriel.com\/en\/wp-json\/wp\/v2\/media?parent=977"}],"curies":[{"name":"wp","href":"https:\/\/api.w.org\/{rel}","templated":true}]}}