{"id":979,"date":"2017-05-24T09:42:43","date_gmt":"2017-05-24T09:42:43","guid":{"rendered":"http:\/\/new.mecanicacuriel.palets-barcelona.com\/en\/?page_id=979"},"modified":"2017-05-24T09:42:43","modified_gmt":"2017-05-24T09:42:43","slug":"machining-of-cnc-sevilla","status":"publish","type":"page","link":"https:\/\/mecanicacuriel.com\/en\/cnc-machining\/machining-of-cnc-sevilla\/","title":{"rendered":"Machining of CNC Seville"},"content":{"rendered":"<div class=\"wpb-content-wrapper\"><div class=\"vc_row wpb_row vc_row-fluid\"><div class=\"wpb_column vc_column_container vc_col-sm-12\"><div class=\"vc_column-inner\"><div class=\"wpb_wrapper\">\n\t<div class=\"wpb_text_column wpb_content_element\" >\n\t\t<div class=\"wpb_wrapper\">\n\t\t\t<p>With a wide experience in the world of precision CNC machining, our company, Mec\u00e1nica Curiel, responds to the demands of a quality machining company, established in the province of Barcelona, \u200b\u200b\u200b\u200bwith more than forty years carrying out an outstanding task In this society , with important protagonism in different points of the Spanish national geography. Cities like Madrid, Valencia, Seville, Bilbao\u2026, as well as those most immediate to our field of action (Barcelona), have relied on this CNC machining company for the work and development of quality, worthy machineries.<\/p>\n<p>Treated with all the attention they deserve, using first-class materials, and the hands of highly qualified professionals, the mechanics we make in Mec\u00e1nica Curiel, are manufactured using the latest CNC machining machinery, a technology to keep in mind in the realization of this Task in any machining companies.<\/p>\n<p>In our company, Mec\u00e1nica Curiel, we are a mechanized company with more than forty years of tradition and experience in this profession. Since 1972, the professionals of our company, we have dedicated to it from the commitment, the rigor and professionalism delivered by the technicians and workers of Mechanics Curiel. Specialized CNC machining services for our clients distributed throughout Spain: Madrid, Barcelona, \u200b\u200bSeville, Valencia, Bilbao\u2026<\/p>\n<p>In Mec\u00e1nica Curiel, we consider the responsibility of performing a worthy job, clothed by the characteristics of this machinery for the preparation of CNC machining, as well as high-quality products and materials.<\/p>\n<p>If you want to resolve any doubts or receive more information about all the services we offer in our precision machining company, Mec\u00e1nica Curiel, for your CNC machining in Seville, do not hesitate and get in touch with any of the members of our staff. Without any commitment, we will contact you and we will try to answer all your questions and advise you in everything that is in our hands to guarantee you CNC precision machining of quality.<\/p>\n\n\t\t<\/div>\n\t<\/div>\n<\/div><\/div><\/div><\/div>\n<\/div>","protected":false},"excerpt":{"rendered":"With a wide experience in the world of precision CNC machining, our company, Mec\u00e1nica Curiel, responds to the demands of a quality machining company, established in the province of Barcelona, \u200b\u200bwith more than forty years carrying out an outstanding task In this society, with important protagonism in different points of the Spanish national geography. Cities like Madrid, Valencia, Seville, Bilbao<div class=\"h10\"><\/div><a class=\"more-link1\" href=\"https:\/\/mecanicacuriel.com\/en\/cnc-machining\/machining-of-cnc-sevilla\/\">Read more<\/a>","protected":false},"author":1,"featured_media":0,"parent":971,"menu_order":0,"comment_status":"open","ping_status":"open","template":"","meta":{"footnotes":""},"class_list":["post-979","page","type-page","status-publish","hentry"],"aioseo_notices":[],"yoast_head":"<!-- This site is optimized with the Yoast SEO plugin v27.1.1 - https:\/\/yoast.com\/product\/yoast-seo-wordpress\/ -->\n<title>Machining of CNC Sevilla - Mecanica Curiel<\/title>\n<meta name=\"robots\" content=\"index, follow, max-snippet:-1, max-image-preview:large, max-video-preview:-1\" \/>\n<link rel=\"canonical\" href=\"https:\/\/mecanicacuriel.com\/en\/cnc-machining\/machining-of-cnc-sevilla\/\" \/>\n<meta property=\"og:locale\" content=\"en_GB\" \/>\n<meta property=\"og:type\" content=\"article\" \/>\n<meta property=\"og:title\" content=\"Machining of CNC Sevilla - Mecanica Curiel\" \/>\n<meta property=\"og:url\" content=\"https:\/\/mecanicacuriel.com\/en\/cnc-machining\/machining-of-cnc-sevilla\/\" \/>\n<meta property=\"og:site_name\" content=\"Mecanica Curiel\" \/>\n<meta name=\"twitter:card\" content=\"summary_large_image\" \/>\n<meta name=\"twitter:label1\" content=\"Estimated reading time\" \/>\n\t<meta name=\"twitter:data1\" content=\"2 minutes\" \/>\n<script type=\"application\/ld+json\" class=\"yoast-schema-graph\">{\"@context\":\"https:\/\/schema.org\",\"@graph\":[{\"@type\":\"WebPage\",\"@id\":\"https:\/\/mecanicacuriel.com\/cnc-machining\/machining-of-cnc-sevilla\/\",\"url\":\"https:\/\/mecanicacuriel.com\/cnc-machining\/machining-of-cnc-sevilla\/\",\"name\":\"Machining of CNC Sevilla - Mecanica Curiel\",\"isPartOf\":{\"@id\":\"https:\/\/mecanicacuriel.com\/#website\"},\"datePublished\":\"2017-05-24T09:42:43+00:00\",\"breadcrumb\":{\"@id\":\"https:\/\/mecanicacuriel.com\/cnc-machining\/machining-of-cnc-sevilla\/#breadcrumb\"},\"inLanguage\":\"en-GB\",\"potentialAction\":[{\"@type\":\"ReadAction\",\"target\":[\"https:\/\/mecanicacuriel.com\/cnc-machining\/machining-of-cnc-sevilla\/\"]}]},{\"@type\":\"BreadcrumbList\",\"@id\":\"https:\/\/mecanicacuriel.com\/cnc-machining\/machining-of-cnc-sevilla\/#breadcrumb\",\"itemListElement\":[{\"@type\":\"ListItem\",\"position\":1,\"name\":\"Portada\",\"item\":\"https:\/\/mecanicacuriel.com\/\"},{\"@type\":\"ListItem\",\"position\":2,\"name\":\"CNC Machining\",\"item\":\"https:\/\/mecanicacuriel.com\/cnc-machining\/\"},{\"@type\":\"ListItem\",\"position\":3,\"name\":\"Machining of CNC Sevilla\"}]},{\"@type\":\"WebSite\",\"@id\":\"https:\/\/mecanicacuriel.com\/#website\",\"url\":\"https:\/\/mecanicacuriel.com\/\",\"name\":\"Mecanica Curiel\",\"description\":\"fabricaci\u00f3n y construcci\u00f3n de mecanizados y montajes de precisi\u00f3n.\",\"potentialAction\":[{\"@type\":\"SearchAction\",\"target\":{\"@type\":\"EntryPoint\",\"urlTemplate\":\"https:\/\/mecanicacuriel.com\/?s={search_term_string}\"},\"query-input\":{\"@type\":\"PropertyValueSpecification\",\"valueRequired\":true,\"valueName\":\"search_term_string\"}}],\"inLanguage\":\"en-GB\"}]}<\/script>\n<!-- \/ Yoast SEO plugin. -->","yoast_head_json":{"title":"Machining of CNC Sevilla - Mecanica Curiel","robots":{"index":"index","follow":"follow","max-snippet":"max-snippet:-1","max-image-preview":"max-image-preview:large","max-video-preview":"max-video-preview:-1"},"canonical":"https:\/\/mecanicacuriel.com\/en\/cnc-machining\/machining-of-cnc-sevilla\/","og_locale":"en_GB","og_type":"article","og_title":"Machining of CNC Sevilla - Mecanica Curiel","og_url":"https:\/\/mecanicacuriel.com\/en\/cnc-machining\/machining-of-cnc-sevilla\/","og_site_name":"Mecanica Curiel","twitter_card":"summary_large_image","twitter_misc":{"Estimated reading time":"2 minutes"},"schema":{"@context":"https:\/\/schema.org","@graph":[{"@type":"WebPage","@id":"https:\/\/mecanicacuriel.com\/cnc-machining\/machining-of-cnc-sevilla\/","url":"https:\/\/mecanicacuriel.com\/cnc-machining\/machining-of-cnc-sevilla\/","name":"Machining of CNC Sevilla - Mecanica Curiel","isPartOf":{"@id":"https:\/\/mecanicacuriel.com\/#website"},"datePublished":"2017-05-24T09:42:43+00:00","breadcrumb":{"@id":"https:\/\/mecanicacuriel.com\/cnc-machining\/machining-of-cnc-sevilla\/#breadcrumb"},"inLanguage":"en-GB","potentialAction":[{"@type":"ReadAction","target":["https:\/\/mecanicacuriel.com\/cnc-machining\/machining-of-cnc-sevilla\/"]}]},{"@type":"BreadcrumbList","@id":"https:\/\/mecanicacuriel.com\/cnc-machining\/machining-of-cnc-sevilla\/#breadcrumb","itemListElement":[{"@type":"ListItem","position":1,"name":"Portada","item":"https:\/\/mecanicacuriel.com\/"},{"@type":"ListItem","position":2,"name":"CNC Machining","item":"https:\/\/mecanicacuriel.com\/cnc-machining\/"},{"@type":"ListItem","position":3,"name":"Machining of CNC Sevilla"}]},{"@type":"WebSite","@id":"https:\/\/mecanicacuriel.com\/#website","url":"https:\/\/mecanicacuriel.com\/","name":"Curiel Mechanics","description":"manufacturing and construction of precision machining and assembly.","potentialAction":[{"@type":"SearchAction","target":{"@type":"EntryPoint","urlTemplate":"https:\/\/mecanicacuriel.com\/?s={search_term_string}"},"query-input":{"@type":"PropertyValueSpecification","valueRequired":true,"valueName":"search_term_string"}}],"inLanguage":"en-GB"}]}},"_links":{"self":[{"href":"https:\/\/mecanicacuriel.com\/en\/wp-json\/wp\/v2\/pages\/979","targetHints":{"allow":["GET"]}}],"collection":[{"href":"https:\/\/mecanicacuriel.com\/en\/wp-json\/wp\/v2\/pages"}],"about":[{"href":"https:\/\/mecanicacuriel.com\/en\/wp-json\/wp\/v2\/types\/page"}],"author":[{"embeddable":true,"href":"https:\/\/mecanicacuriel.com\/en\/wp-json\/wp\/v2\/users\/1"}],"replies":[{"embeddable":true,"href":"https:\/\/mecanicacuriel.com\/en\/wp-json\/wp\/v2\/comments?post=979"}],"version-history":[{"count":1,"href":"https:\/\/mecanicacuriel.com\/en\/wp-json\/wp\/v2\/pages\/979\/revisions"}],"predecessor-version":[{"id":980,"href":"https:\/\/mecanicacuriel.com\/en\/wp-json\/wp\/v2\/pages\/979\/revisions\/980"}],"up":[{"embeddable":true,"href":"https:\/\/mecanicacuriel.com\/en\/wp-json\/wp\/v2\/pages\/971"}],"wp:attachment":[{"href":"https:\/\/mecanicacuriel.com\/en\/wp-json\/wp\/v2\/media?parent=979"}],"curies":[{"name":"wp","href":"https:\/\/api.w.org\/{rel}","templated":true}]}}