{"id":981,"date":"2017-05-24T09:43:34","date_gmt":"2017-05-24T09:43:34","guid":{"rendered":"http:\/\/new.mecanicacuriel.palets-barcelona.com\/en\/?page_id=981"},"modified":"2017-05-24T09:43:34","modified_gmt":"2017-05-24T09:43:34","slug":"machining-of-cnc-valencia","status":"publish","type":"page","link":"https:\/\/mecanicacuriel.com\/en\/cnc-machining\/machining-of-cnc-valencia\/","title":{"rendered":"Machining of CNC Valencia"},"content":{"rendered":"<div class=\"wpb-content-wrapper\"><div class=\"vc_row wpb_row vc_row-fluid\"><div class=\"wpb_column vc_column_container vc_col-sm-12\"><div class=\"vc_column-inner\"><div class=\"wpb_wrapper\">\n\t<div class=\"wpb_text_column wpb_content_element\" >\n\t\t<div class=\"wpb_wrapper\">\n\t\t\t<p>At Mec\u00e1nica Curiel, as a specialized precision CNC machining company, we are committed to offering all our customers, from the national geographic scope (Valencia, Madrid, Seville, Barcelona, \u200b\u200bBilbao\u2026), the high quality and productivity in our products And services, as well as total confidence in the care and delivery of these, with the complete security of obtaining a personalized, unique and exclusive final result.<\/p>\n<p>The sector of precision CNC machining is a sector that requires the constant and unceasing evolution and progression of all the elements that help to continue advancing towards technical mechanics, more and more precise. That is why, in Mechanics Curiel, we have the latest and most modern CNC machinery, to guarantee that progress and the updating of precision CNC machining and thus achieve quality elements. Thanks to the evolution they have undergone, we can enjoy all the comforts that we enjoy today, which would be impossible to develop without these CNC machining.<\/p>\n<p>In machining companies such as ours, Mec\u00e1nica Curiel, we take into account the importance of CNC machining machinery to develop our work in the most precise way and take it to all those parts where it is necessary, as in cities like Valencia, where we have A high percentage of loyal customers. All this has led, in turn, to improvements in the quality of the products we make and that relevance in the sector of machining companies, which have led us to become a reference in precision CNC machining in Valencia.<\/p>\n<p>With a broad background and track record in offering CNC machined products and services, after more than forty years of reference in the sector at the national level, at Mec\u00e1nica Curiel, we consider with great importance the detail and the responsibility of doing a decent job and meritorious.<\/p>\n<p>If you want to solve any doubt or question, or receive more information about all the services we offer you in our precision CNC machining company, Mec\u00e1nica Curiel, in Valencia; You just have to get in touch with any of the members of our staff. We will contact you and we will try to answer all your questions and advise you to guarantee quality CNC machining in Valencia.<\/p>\n\n\t\t<\/div>\n\t<\/div>\n<\/div><\/div><\/div><\/div>\n<\/div>","protected":false},"excerpt":{"rendered":"In Mec\u00e1nica Curiel, as a specialized precision CNC machining company, we are committed to offering all our customers, from the national geographic scope (Valencia, Madrid, Seville, Barcelona, \u200b\u200bBilbao ...), the high quality and productivity in our products And services, as well as total confidence in the care and delivery of these, with the complete security of obtaining a personalized, unique<div class=\"h10\"><\/div><a class=\"more-link1\" href=\"https:\/\/mecanicacuriel.com\/en\/cnc-machining\/machining-of-cnc-valencia\/\">Read more<\/a>","protected":false},"author":1,"featured_media":0,"parent":971,"menu_order":0,"comment_status":"open","ping_status":"open","template":"","meta":{"footnotes":""},"class_list":["post-981","page","type-page","status-publish","hentry"],"aioseo_notices":[],"yoast_head":"<!-- This site is optimized with the Yoast SEO plugin v27.1.1 - https:\/\/yoast.com\/product\/yoast-seo-wordpress\/ -->\n<title>Machining of CNC Valencia - Mecanica Curiel<\/title>\n<meta name=\"robots\" content=\"index, follow, max-snippet:-1, max-image-preview:large, max-video-preview:-1\" \/>\n<link rel=\"canonical\" href=\"https:\/\/mecanicacuriel.com\/en\/cnc-machining\/machining-of-cnc-valencia\/\" \/>\n<meta property=\"og:locale\" content=\"en_GB\" \/>\n<meta property=\"og:type\" content=\"article\" \/>\n<meta property=\"og:title\" content=\"Machining of CNC Valencia - Mecanica Curiel\" \/>\n<meta property=\"og:url\" content=\"https:\/\/mecanicacuriel.com\/en\/cnc-machining\/machining-of-cnc-valencia\/\" \/>\n<meta property=\"og:site_name\" content=\"Mecanica Curiel\" \/>\n<meta name=\"twitter:card\" content=\"summary_large_image\" \/>\n<meta name=\"twitter:label1\" content=\"Estimated reading time\" \/>\n\t<meta name=\"twitter:data1\" content=\"2 minutes\" \/>\n<script type=\"application\/ld+json\" class=\"yoast-schema-graph\">{\"@context\":\"https:\/\/schema.org\",\"@graph\":[{\"@type\":\"WebPage\",\"@id\":\"https:\/\/mecanicacuriel.com\/cnc-machining\/machining-of-cnc-valencia\/\",\"url\":\"https:\/\/mecanicacuriel.com\/cnc-machining\/machining-of-cnc-valencia\/\",\"name\":\"Machining of CNC Valencia - Mecanica Curiel\",\"isPartOf\":{\"@id\":\"https:\/\/mecanicacuriel.com\/#website\"},\"datePublished\":\"2017-05-24T09:43:34+00:00\",\"breadcrumb\":{\"@id\":\"https:\/\/mecanicacuriel.com\/cnc-machining\/machining-of-cnc-valencia\/#breadcrumb\"},\"inLanguage\":\"en-GB\",\"potentialAction\":[{\"@type\":\"ReadAction\",\"target\":[\"https:\/\/mecanicacuriel.com\/cnc-machining\/machining-of-cnc-valencia\/\"]}]},{\"@type\":\"BreadcrumbList\",\"@id\":\"https:\/\/mecanicacuriel.com\/cnc-machining\/machining-of-cnc-valencia\/#breadcrumb\",\"itemListElement\":[{\"@type\":\"ListItem\",\"position\":1,\"name\":\"Portada\",\"item\":\"https:\/\/mecanicacuriel.com\/\"},{\"@type\":\"ListItem\",\"position\":2,\"name\":\"CNC Machining\",\"item\":\"https:\/\/mecanicacuriel.com\/cnc-machining\/\"},{\"@type\":\"ListItem\",\"position\":3,\"name\":\"Machining of CNC Valencia\"}]},{\"@type\":\"WebSite\",\"@id\":\"https:\/\/mecanicacuriel.com\/#website\",\"url\":\"https:\/\/mecanicacuriel.com\/\",\"name\":\"Mecanica Curiel\",\"description\":\"fabricaci\u00f3n y construcci\u00f3n de mecanizados y montajes de precisi\u00f3n.\",\"potentialAction\":[{\"@type\":\"SearchAction\",\"target\":{\"@type\":\"EntryPoint\",\"urlTemplate\":\"https:\/\/mecanicacuriel.com\/?s={search_term_string}\"},\"query-input\":{\"@type\":\"PropertyValueSpecification\",\"valueRequired\":true,\"valueName\":\"search_term_string\"}}],\"inLanguage\":\"en-GB\"}]}<\/script>\n<!-- \/ Yoast SEO plugin. -->","yoast_head_json":{"title":"Machining of CNC Valencia - Mecanica Curiel","robots":{"index":"index","follow":"follow","max-snippet":"max-snippet:-1","max-image-preview":"max-image-preview:large","max-video-preview":"max-video-preview:-1"},"canonical":"https:\/\/mecanicacuriel.com\/en\/cnc-machining\/machining-of-cnc-valencia\/","og_locale":"en_GB","og_type":"article","og_title":"Machining of CNC Valencia - Mecanica Curiel","og_url":"https:\/\/mecanicacuriel.com\/en\/cnc-machining\/machining-of-cnc-valencia\/","og_site_name":"Mecanica Curiel","twitter_card":"summary_large_image","twitter_misc":{"Estimated reading time":"2 minutes"},"schema":{"@context":"https:\/\/schema.org","@graph":[{"@type":"WebPage","@id":"https:\/\/mecanicacuriel.com\/cnc-machining\/machining-of-cnc-valencia\/","url":"https:\/\/mecanicacuriel.com\/cnc-machining\/machining-of-cnc-valencia\/","name":"Machining of CNC Valencia - Mecanica Curiel","isPartOf":{"@id":"https:\/\/mecanicacuriel.com\/#website"},"datePublished":"2017-05-24T09:43:34+00:00","breadcrumb":{"@id":"https:\/\/mecanicacuriel.com\/cnc-machining\/machining-of-cnc-valencia\/#breadcrumb"},"inLanguage":"en-GB","potentialAction":[{"@type":"ReadAction","target":["https:\/\/mecanicacuriel.com\/cnc-machining\/machining-of-cnc-valencia\/"]}]},{"@type":"BreadcrumbList","@id":"https:\/\/mecanicacuriel.com\/cnc-machining\/machining-of-cnc-valencia\/#breadcrumb","itemListElement":[{"@type":"ListItem","position":1,"name":"Portada","item":"https:\/\/mecanicacuriel.com\/"},{"@type":"ListItem","position":2,"name":"CNC Machining","item":"https:\/\/mecanicacuriel.com\/cnc-machining\/"},{"@type":"ListItem","position":3,"name":"Machining of CNC Valencia"}]},{"@type":"WebSite","@id":"https:\/\/mecanicacuriel.com\/#website","url":"https:\/\/mecanicacuriel.com\/","name":"Curiel Mechanics","description":"manufacturing and construction of precision machining and assembly.","potentialAction":[{"@type":"SearchAction","target":{"@type":"EntryPoint","urlTemplate":"https:\/\/mecanicacuriel.com\/?s={search_term_string}"},"query-input":{"@type":"PropertyValueSpecification","valueRequired":true,"valueName":"search_term_string"}}],"inLanguage":"en-GB"}]}},"_links":{"self":[{"href":"https:\/\/mecanicacuriel.com\/en\/wp-json\/wp\/v2\/pages\/981","targetHints":{"allow":["GET"]}}],"collection":[{"href":"https:\/\/mecanicacuriel.com\/en\/wp-json\/wp\/v2\/pages"}],"about":[{"href":"https:\/\/mecanicacuriel.com\/en\/wp-json\/wp\/v2\/types\/page"}],"author":[{"embeddable":true,"href":"https:\/\/mecanicacuriel.com\/en\/wp-json\/wp\/v2\/users\/1"}],"replies":[{"embeddable":true,"href":"https:\/\/mecanicacuriel.com\/en\/wp-json\/wp\/v2\/comments?post=981"}],"version-history":[{"count":1,"href":"https:\/\/mecanicacuriel.com\/en\/wp-json\/wp\/v2\/pages\/981\/revisions"}],"predecessor-version":[{"id":982,"href":"https:\/\/mecanicacuriel.com\/en\/wp-json\/wp\/v2\/pages\/981\/revisions\/982"}],"up":[{"embeddable":true,"href":"https:\/\/mecanicacuriel.com\/en\/wp-json\/wp\/v2\/pages\/971"}],"wp:attachment":[{"href":"https:\/\/mecanicacuriel.com\/en\/wp-json\/wp\/v2\/media?parent=981"}],"curies":[{"name":"wp","href":"https:\/\/api.w.org\/{rel}","templated":true}]}}