{"id":990,"date":"2017-05-24T09:54:14","date_gmt":"2017-05-24T09:54:14","guid":{"rendered":"http:\/\/new.mecanicacuriel.palets-barcelona.com\/en\/?page_id=990"},"modified":"2017-05-24T09:54:14","modified_gmt":"2017-05-24T09:54:14","slug":"precision-machining-bilbao","status":"publish","type":"page","link":"https:\/\/mecanicacuriel.com\/en\/precision-machining\/precision-machining-bilbao\/","title":{"rendered":"Precision Machining Bilbao"},"content":{"rendered":"<div class=\"wpb-content-wrapper\"><div class=\"vc_row wpb_row vc_row-fluid\"><div class=\"wpb_column vc_column_container vc_col-sm-12\"><div class=\"vc_column-inner\"><div class=\"wpb_wrapper\"><div class=\"wpb_revslider_element wpb_content_element\">\n\t\t\t<!-- START home REVOLUTION SLIDER 6.7.25 --><p class=\"rs-p-wp-fix\"><\/p>\n\t\t\t<rs-module-wrap id=\"rev_slider_1_1_wrapper\" data-source=\"gallery\" style=\"visibility:hidden;background:#E9E9E9;padding:-15;margin:0px auto;margin-top:0;margin-bottom:0;\">\n\t\t\t\t<rs-module id=\"rev_slider_1_1\" style=\"\" data-version=\"6.7.25\">\n\t\t\t\t\t<rs-slides style=\"overflow: hidden; position: absolute;\">\n\t\t\t\t\t\t<rs-slide style=\"position: absolute;\" data-key=\"rs-10\" data-title=\"Slide\" data-thumb=\"\/\/mecanicacuriel.com\/wp-content\/uploads\/2014\/11\/11-100x50.jpg\" data-anim=\"adpr:false;\">\n\t\t\t\t\t\t\t<img decoding=\"async\" src=\"\/\/mecanicacuriel.com\/wp-content\/plugins\/revslider\/sr6\/assets\/assets\/dummy.png\" alt=\"\" title=\"Precision Machining Bilbao\" class=\"rev-slidebg tp-rs-img rs-lazyload\" data-lazyload=\"\/\/mecanicacuriel.com\/wp-content\/uploads\/2014\/11\/11.jpg\" data-bg=\"p:center top;\" data-no-retina>\n<!---->\t\t\t\t\t<\/rs-slide>\n\t\t\t\t\t\t<rs-slide style=\"position: absolute;\" data-key=\"rs-3\" data-title=\"Slide\" data-thumb=\"\/\/mecanicacuriel.com\/wp-content\/uploads\/2014\/11\/1-100x50.jpg\" data-anim=\"adpr:false;\">\n\t\t\t\t\t\t\t<img decoding=\"async\" src=\"\/\/mecanicacuriel.com\/wp-content\/plugins\/revslider\/sr6\/assets\/assets\/dummy.png\" alt=\"\" title=\"Precision Machining Bilbao\" class=\"rev-slidebg tp-rs-img rs-lazyload\" data-lazyload=\"\/\/mecanicacuriel.com\/wp-content\/uploads\/2014\/11\/1.jpg\" data-bg=\"p:center top;\" data-no-retina>\n<!---->\t\t\t\t\t<\/rs-slide>\n\t\t\t\t\t\t<rs-slide style=\"position: absolute;\" data-key=\"rs-4\" data-title=\"Slide\" data-thumb=\"\/\/mecanicacuriel.com\/wp-content\/uploads\/2016\/12\/2.-CJT.-BOMBAS-PERIST\u00c1LTICAS-100x50.jpg\" data-anim=\"adpr:false;\">\n\t\t\t\t\t\t\t<img decoding=\"async\" src=\"\/\/mecanicacuriel.com\/wp-content\/plugins\/revslider\/sr6\/assets\/assets\/dummy.png\" alt=\"\" title=\"Precision Machining Bilbao\" class=\"rev-slidebg tp-rs-img rs-lazyload\" data-lazyload=\"\/\/mecanicacuriel.com\/wp-content\/uploads\/2016\/12\/2.-CJT.-BOMBAS-PERIST\u00c1LTICAS.jpg\" data-bg=\"p:center top;\" data-no-retina>\n<!---->\t\t\t\t\t<\/rs-slide>\n\t\t\t\t\t\t<rs-slide style=\"position: absolute;\" data-key=\"rs-6\" data-title=\"Slide\" data-thumb=\"\/\/mecanicacuriel.com\/wp-content\/uploads\/2014\/11\/2-100x50.jpg\" data-anim=\"adpr:false;\">\n\t\t\t\t\t\t\t<img decoding=\"async\" src=\"\/\/mecanicacuriel.com\/wp-content\/plugins\/revslider\/sr6\/assets\/assets\/dummy.png\" alt=\"\" title=\"Precision Machining Bilbao\" class=\"rev-slidebg tp-rs-img rs-lazyload\" data-lazyload=\"\/\/mecanicacuriel.com\/wp-content\/uploads\/2014\/11\/2.jpg\" data-bg=\"p:center top;\" data-no-retina>\n<!---->\t\t\t\t\t<\/rs-slide>\n\t\t\t\t\t\t<rs-slide style=\"position: absolute;\" data-key=\"rs-9\" data-title=\"Slide\" data-thumb=\"\/\/mecanicacuriel.com\/wp-content\/uploads\/2016\/12\/2.-Conjunto-de-Carros-lineales-100x50.jpg\" data-anim=\"adpr:false;\">\n\t\t\t\t\t\t\t<img decoding=\"async\" src=\"\/\/mecanicacuriel.com\/wp-content\/plugins\/revslider\/sr6\/assets\/assets\/dummy.png\" alt=\"\" title=\"Precision Machining Bilbao\" class=\"rev-slidebg tp-rs-img rs-lazyload\" data-lazyload=\"\/\/mecanicacuriel.com\/wp-content\/uploads\/2016\/12\/2.-Conjunto-de-Carros-lineales.jpg\" data-bg=\"p:center top;\" data-no-retina>\n<!---->\t\t\t\t\t<\/rs-slide>\n\t\t\t\t\t\t<rs-slide style=\"position: absolute;\" data-key=\"rs-8\" data-title=\"Slide\" data-thumb=\"\/\/mecanicacuriel.com\/wp-content\/uploads\/2016\/12\/20220128_124231-100x50.jpg\" data-anim=\"adpr:false;\">\n\t\t\t\t\t\t\t<img decoding=\"async\" src=\"\/\/mecanicacuriel.com\/wp-content\/plugins\/revslider\/sr6\/assets\/assets\/dummy.png\" alt=\"\" title=\"Precision Machining Bilbao\" class=\"rev-slidebg tp-rs-img rs-lazyload\" data-lazyload=\"\/\/mecanicacuriel.com\/wp-content\/uploads\/2016\/12\/20220128_124231.jpg\" data-bg=\"p:center top;\" data-no-retina>\n<!---->\t\t\t\t\t<\/rs-slide>\n\t\t\t\t\t\t<rs-slide style=\"position: absolute;\" data-key=\"rs-11\" data-title=\"Slide\" data-thumb=\"\/\/mecanicacuriel.com\/wp-content\/uploads\/2016\/12\/20231206_094321-100x50.jpg\" data-anim=\"adpr:false;\">\n\t\t\t\t\t\t\t<img decoding=\"async\" src=\"\/\/mecanicacuriel.com\/wp-content\/plugins\/revslider\/sr6\/assets\/assets\/dummy.png\" alt=\"\" title=\"Precision Machining Bilbao\" class=\"rev-slidebg tp-rs-img rs-lazyload\" data-lazyload=\"\/\/mecanicacuriel.com\/wp-content\/uploads\/2016\/12\/20231206_094321.jpg\" data-bg=\"p:center top;\" data-no-retina>\n<!---->\t\t\t\t\t<\/rs-slide>\n\t\t\t\t\t<\/rs-slides>\n\t\t\t\t<\/rs-module>\n\t\t\t\t<script>\n\t\t\t\t\tsetREVStartSize({c: 'rev_slider_1_1',rl:[1240,1024,778,480],el:[],gw:[950],gh:[450],type:'standard',justify:'',layout:'fullwidth',mh:\"0\"});if (window.RS_MODULES!==undefined && window.RS_MODULES.modules!==undefined && window.RS_MODULES.modules[\"revslider11\"]!==undefined) {window.RS_MODULES.modules[\"revslider11\"].once = false;window.revapi1 = undefined;if (window.RS_MODULES.checkMinimal!==undefined) window.RS_MODULES.checkMinimal()}\n\t\t\t\t<\/script>\n\t\t\t<\/rs-module-wrap>\n\t\t\t<!-- END REVOLUTION SLIDER -->\n<\/div>\n\t<div class=\"wpb_text_column wpb_content_element\" >\n\t\t<div class=\"wpb_wrapper\">\n\t\t\t<p>With vast experience, after more than forty years being a reference in the development of precision machining services in the province of Barcelona; At Mec\u00e1nica Curiel we have specialized in offering to all our clients at national level (Seville, Madrid, Bilbao, Valencia...), that unique trait that only through our specific and particular work, we have known to give to our machining of precision, by the professionalism Of our technical experts and operators.<\/p>\n<p>Using the most prestigious materials and resources of the highest quality, treated with all the attention that each client and each project we deserve, we carry out our work in a facility that has a complex machinery park composed of the latest CNC machines (Numerical control) .<\/p>\n<p>We offer to all our clients the seriousness, professionalism, rigor and commitment that the precision machining that we manufacture, excellent and exclusive, deserve, responding to the demands and needs of each client, in the hands of professionals committed to the task, such as Reliable machining company in Bilbao, city where we have had great impact, or any other point in the national area.<\/p>\n<p>Mec\u00e1nica Curiel, a machining company with family precision and tradition since 1972, where we look after work well done, characterized by all those values \u200b\u200b\u200b\u200bthat underpin our work: professionalism, commitment, seriousness and rigor.<\/p>\n<p>Formed by a team committed and involved in the development of the work to be performed for each project, our goal is always and will be, to continue advancing and making our customers feel satisfied with the work done.<\/p>\n<p>With a strong influence in Barcelona, \u200b\u200bour area of \u200b\u200baction is not only limited to this one, but is distributed, with great excellence and notoriety, around the vast national territory. Businessmen from cities such as Seville, Madrid, Bilbao, Valencia\u2026, rely on our activity, and without any problems, receive their precision machining, in perfect condition and conditions, which are kept by all those professionals, who are part of Mec\u00e1nica Curiel, And have extensive experience in the field of precision machining.<\/p>\n<p>For more information about this machining company and about the work we do in cities throughout the Spanish panorama, such as Bilbao, do not hesitate to get in touch with the members of our staff, Mechanics Curiel. We will solve all your doubts and advise you in everything you need to have your precision machining of quality.<\/p>\n\n\t\t<\/div>\n\t<\/div>\n<\/div><\/div><\/div><\/div>\n<\/div>","protected":false},"excerpt":{"rendered":"With vast experience, after more than forty years being a reference in the development of precision machining services in the province of Barcelona; In Mec\u00e1nica Curiel we have specialized in offering to all our clients at national level (Seville, Madrid, Bilbao, Valencia ...), that unique trait that only through our specific and particular work, we have known to give to<div class=\"h10\"><\/div><a class=\"more-link1\" href=\"https:\/\/mecanicacuriel.com\/en\/precision-machining\/precision-machining-bilbao\/\">Read more<\/a>","protected":false},"author":1,"featured_media":0,"parent":985,"menu_order":0,"comment_status":"open","ping_status":"open","template":"","meta":{"footnotes":""},"class_list":["post-990","page","type-page","status-publish","hentry"],"aioseo_notices":[],"yoast_head":"<!-- This site is optimized with the Yoast SEO plugin v27.1.1 - https:\/\/yoast.com\/product\/yoast-seo-wordpress\/ -->\n<title>Precision Machining Bilbao - Mecanica Curiel<\/title>\n<meta name=\"robots\" content=\"index, follow, max-snippet:-1, max-image-preview:large, max-video-preview:-1\" \/>\n<link rel=\"canonical\" href=\"https:\/\/mecanicacuriel.com\/en\/precision-machining\/precision-machining-bilbao\/\" \/>\n<meta property=\"og:locale\" content=\"en_GB\" \/>\n<meta property=\"og:type\" content=\"article\" \/>\n<meta property=\"og:title\" content=\"Precision Machining Bilbao - Mecanica Curiel\" \/>\n<meta property=\"og:url\" content=\"https:\/\/mecanicacuriel.com\/en\/precision-machining\/precision-machining-bilbao\/\" \/>\n<meta property=\"og:site_name\" content=\"Mecanica Curiel\" \/>\n<meta name=\"twitter:card\" content=\"summary_large_image\" \/>\n<meta name=\"twitter:label1\" content=\"Estimated reading time\" \/>\n\t<meta name=\"twitter:data1\" content=\"2 minutes\" \/>\n<script type=\"application\/ld+json\" class=\"yoast-schema-graph\">{\"@context\":\"https:\/\/schema.org\",\"@graph\":[{\"@type\":\"WebPage\",\"@id\":\"https:\/\/mecanicacuriel.com\/precision-machining\/precision-machining-bilbao\/\",\"url\":\"https:\/\/mecanicacuriel.com\/precision-machining\/precision-machining-bilbao\/\",\"name\":\"Precision Machining Bilbao - Mecanica Curiel\",\"isPartOf\":{\"@id\":\"https:\/\/mecanicacuriel.com\/#website\"},\"datePublished\":\"2017-05-24T09:54:14+00:00\",\"breadcrumb\":{\"@id\":\"https:\/\/mecanicacuriel.com\/precision-machining\/precision-machining-bilbao\/#breadcrumb\"},\"inLanguage\":\"en-GB\",\"potentialAction\":[{\"@type\":\"ReadAction\",\"target\":[\"https:\/\/mecanicacuriel.com\/precision-machining\/precision-machining-bilbao\/\"]}]},{\"@type\":\"BreadcrumbList\",\"@id\":\"https:\/\/mecanicacuriel.com\/precision-machining\/precision-machining-bilbao\/#breadcrumb\",\"itemListElement\":[{\"@type\":\"ListItem\",\"position\":1,\"name\":\"Portada\",\"item\":\"https:\/\/mecanicacuriel.com\/\"},{\"@type\":\"ListItem\",\"position\":2,\"name\":\"Precision Machining\",\"item\":\"https:\/\/mecanicacuriel.com\/precision-machining\/\"},{\"@type\":\"ListItem\",\"position\":3,\"name\":\"Precision Machining Bilbao\"}]},{\"@type\":\"WebSite\",\"@id\":\"https:\/\/mecanicacuriel.com\/#website\",\"url\":\"https:\/\/mecanicacuriel.com\/\",\"name\":\"Mecanica Curiel\",\"description\":\"fabricaci\u00f3n y construcci\u00f3n de mecanizados y montajes de precisi\u00f3n.\",\"potentialAction\":[{\"@type\":\"SearchAction\",\"target\":{\"@type\":\"EntryPoint\",\"urlTemplate\":\"https:\/\/mecanicacuriel.com\/?s={search_term_string}\"},\"query-input\":{\"@type\":\"PropertyValueSpecification\",\"valueRequired\":true,\"valueName\":\"search_term_string\"}}],\"inLanguage\":\"en-GB\"}]}<\/script>\n<!-- \/ Yoast SEO plugin. -->","yoast_head_json":{"title":"Precision Machining Bilbao - Mecanica Curiel","robots":{"index":"index","follow":"follow","max-snippet":"max-snippet:-1","max-image-preview":"max-image-preview:large","max-video-preview":"max-video-preview:-1"},"canonical":"https:\/\/mecanicacuriel.com\/en\/precision-machining\/precision-machining-bilbao\/","og_locale":"en_GB","og_type":"article","og_title":"Precision Machining Bilbao - Mecanica Curiel","og_url":"https:\/\/mecanicacuriel.com\/en\/precision-machining\/precision-machining-bilbao\/","og_site_name":"Mecanica Curiel","twitter_card":"summary_large_image","twitter_misc":{"Estimated reading time":"2 minutes"},"schema":{"@context":"https:\/\/schema.org","@graph":[{"@type":"WebPage","@id":"https:\/\/mecanicacuriel.com\/precision-machining\/precision-machining-bilbao\/","url":"https:\/\/mecanicacuriel.com\/precision-machining\/precision-machining-bilbao\/","name":"Precision Machining Bilbao - Mecanica Curiel","isPartOf":{"@id":"https:\/\/mecanicacuriel.com\/#website"},"datePublished":"2017-05-24T09:54:14+00:00","breadcrumb":{"@id":"https:\/\/mecanicacuriel.com\/precision-machining\/precision-machining-bilbao\/#breadcrumb"},"inLanguage":"en-GB","potentialAction":[{"@type":"ReadAction","target":["https:\/\/mecanicacuriel.com\/precision-machining\/precision-machining-bilbao\/"]}]},{"@type":"BreadcrumbList","@id":"https:\/\/mecanicacuriel.com\/precision-machining\/precision-machining-bilbao\/#breadcrumb","itemListElement":[{"@type":"ListItem","position":1,"name":"Portada","item":"https:\/\/mecanicacuriel.com\/"},{"@type":"ListItem","position":2,"name":"Precision Machining","item":"https:\/\/mecanicacuriel.com\/precision-machining\/"},{"@type":"ListItem","position":3,"name":"Precision Machining Bilbao"}]},{"@type":"WebSite","@id":"https:\/\/mecanicacuriel.com\/#website","url":"https:\/\/mecanicacuriel.com\/","name":"Curiel Mechanics","description":"manufacturing and construction of precision machining and assembly.","potentialAction":[{"@type":"SearchAction","target":{"@type":"EntryPoint","urlTemplate":"https:\/\/mecanicacuriel.com\/?s={search_term_string}"},"query-input":{"@type":"PropertyValueSpecification","valueRequired":true,"valueName":"search_term_string"}}],"inLanguage":"en-GB"}]}},"_links":{"self":[{"href":"https:\/\/mecanicacuriel.com\/en\/wp-json\/wp\/v2\/pages\/990","targetHints":{"allow":["GET"]}}],"collection":[{"href":"https:\/\/mecanicacuriel.com\/en\/wp-json\/wp\/v2\/pages"}],"about":[{"href":"https:\/\/mecanicacuriel.com\/en\/wp-json\/wp\/v2\/types\/page"}],"author":[{"embeddable":true,"href":"https:\/\/mecanicacuriel.com\/en\/wp-json\/wp\/v2\/users\/1"}],"replies":[{"embeddable":true,"href":"https:\/\/mecanicacuriel.com\/en\/wp-json\/wp\/v2\/comments?post=990"}],"version-history":[{"count":1,"href":"https:\/\/mecanicacuriel.com\/en\/wp-json\/wp\/v2\/pages\/990\/revisions"}],"predecessor-version":[{"id":991,"href":"https:\/\/mecanicacuriel.com\/en\/wp-json\/wp\/v2\/pages\/990\/revisions\/991"}],"up":[{"embeddable":true,"href":"https:\/\/mecanicacuriel.com\/en\/wp-json\/wp\/v2\/pages\/985"}],"wp:attachment":[{"href":"https:\/\/mecanicacuriel.com\/en\/wp-json\/wp\/v2\/media?parent=990"}],"curies":[{"name":"wp","href":"https:\/\/api.w.org\/{rel}","templated":true}]}}