{"id":996,"date":"2017-05-24T09:57:15","date_gmt":"2017-05-24T09:57:15","guid":{"rendered":"http:\/\/new.mecanicacuriel.palets-barcelona.com\/en\/?page_id=996"},"modified":"2017-05-24T09:57:15","modified_gmt":"2017-05-24T09:57:15","slug":"precision-machining-valencia","status":"publish","type":"page","link":"https:\/\/mecanicacuriel.com\/en\/precision-machining\/precision-machining-valencia\/","title":{"rendered":"Precision Machining Valencia"},"content":{"rendered":"<div class=\"wpb-content-wrapper\"><div class=\"vc_row wpb_row vc_row-fluid\"><div class=\"wpb_column vc_column_container vc_col-sm-12\"><div class=\"vc_column-inner\"><div class=\"wpb_wrapper\"><div class=\"wpb_revslider_element wpb_content_element\">\n\t\t\t<!-- START home REVOLUTION SLIDER 6.7.25 --><p class=\"rs-p-wp-fix\"><\/p>\n\t\t\t<rs-module-wrap id=\"rev_slider_1_1_wrapper\" data-source=\"gallery\" style=\"visibility:hidden;background:#E9E9E9;padding:-15;margin:0px auto;margin-top:0;margin-bottom:0;\">\n\t\t\t\t<rs-module id=\"rev_slider_1_1\" style=\"\" data-version=\"6.7.25\">\n\t\t\t\t\t<rs-slides style=\"overflow: hidden; position: absolute;\">\n\t\t\t\t\t\t<rs-slide style=\"position: absolute;\" data-key=\"rs-10\" data-title=\"Slide\" data-thumb=\"\/\/mecanicacuriel.com\/wp-content\/uploads\/2014\/11\/11-100x50.jpg\" data-anim=\"adpr:false;\">\n\t\t\t\t\t\t\t<img decoding=\"async\" src=\"\/\/mecanicacuriel.com\/wp-content\/plugins\/revslider\/sr6\/assets\/assets\/dummy.png\" alt=\"\" title=\"Precision Machining Valencia\" class=\"rev-slidebg tp-rs-img rs-lazyload\" data-lazyload=\"\/\/mecanicacuriel.com\/wp-content\/uploads\/2014\/11\/11.jpg\" data-bg=\"p:center top;\" data-no-retina>\n<!---->\t\t\t\t\t<\/rs-slide>\n\t\t\t\t\t\t<rs-slide style=\"position: absolute;\" data-key=\"rs-3\" data-title=\"Slide\" data-thumb=\"\/\/mecanicacuriel.com\/wp-content\/uploads\/2014\/11\/1-100x50.jpg\" data-anim=\"adpr:false;\">\n\t\t\t\t\t\t\t<img decoding=\"async\" src=\"\/\/mecanicacuriel.com\/wp-content\/plugins\/revslider\/sr6\/assets\/assets\/dummy.png\" alt=\"\" title=\"Precision Machining Valencia\" class=\"rev-slidebg tp-rs-img rs-lazyload\" data-lazyload=\"\/\/mecanicacuriel.com\/wp-content\/uploads\/2014\/11\/1.jpg\" data-bg=\"p:center top;\" data-no-retina>\n<!---->\t\t\t\t\t<\/rs-slide>\n\t\t\t\t\t\t<rs-slide style=\"position: absolute;\" data-key=\"rs-4\" data-title=\"Slide\" data-thumb=\"\/\/mecanicacuriel.com\/wp-content\/uploads\/2016\/12\/2.-CJT.-BOMBAS-PERIST\u00c1LTICAS-100x50.jpg\" data-anim=\"adpr:false;\">\n\t\t\t\t\t\t\t<img decoding=\"async\" src=\"\/\/mecanicacuriel.com\/wp-content\/plugins\/revslider\/sr6\/assets\/assets\/dummy.png\" alt=\"\" title=\"Precision Machining Valencia\" class=\"rev-slidebg tp-rs-img rs-lazyload\" data-lazyload=\"\/\/mecanicacuriel.com\/wp-content\/uploads\/2016\/12\/2.-CJT.-BOMBAS-PERIST\u00c1LTICAS.jpg\" data-bg=\"p:center top;\" data-no-retina>\n<!---->\t\t\t\t\t<\/rs-slide>\n\t\t\t\t\t\t<rs-slide style=\"position: absolute;\" data-key=\"rs-6\" data-title=\"Slide\" data-thumb=\"\/\/mecanicacuriel.com\/wp-content\/uploads\/2014\/11\/2-100x50.jpg\" data-anim=\"adpr:false;\">\n\t\t\t\t\t\t\t<img decoding=\"async\" src=\"\/\/mecanicacuriel.com\/wp-content\/plugins\/revslider\/sr6\/assets\/assets\/dummy.png\" alt=\"\" title=\"Precision Machining Valencia\" class=\"rev-slidebg tp-rs-img rs-lazyload\" data-lazyload=\"\/\/mecanicacuriel.com\/wp-content\/uploads\/2014\/11\/2.jpg\" data-bg=\"p:center top;\" data-no-retina>\n<!---->\t\t\t\t\t<\/rs-slide>\n\t\t\t\t\t\t<rs-slide style=\"position: absolute;\" data-key=\"rs-9\" data-title=\"Slide\" data-thumb=\"\/\/mecanicacuriel.com\/wp-content\/uploads\/2016\/12\/2.-Conjunto-de-Carros-lineales-100x50.jpg\" data-anim=\"adpr:false;\">\n\t\t\t\t\t\t\t<img decoding=\"async\" src=\"\/\/mecanicacuriel.com\/wp-content\/plugins\/revslider\/sr6\/assets\/assets\/dummy.png\" alt=\"\" title=\"Precision Machining Valencia\" class=\"rev-slidebg tp-rs-img rs-lazyload\" data-lazyload=\"\/\/mecanicacuriel.com\/wp-content\/uploads\/2016\/12\/2.-Conjunto-de-Carros-lineales.jpg\" data-bg=\"p:center top;\" data-no-retina>\n<!---->\t\t\t\t\t<\/rs-slide>\n\t\t\t\t\t\t<rs-slide style=\"position: absolute;\" data-key=\"rs-8\" data-title=\"Slide\" data-thumb=\"\/\/mecanicacuriel.com\/wp-content\/uploads\/2016\/12\/20220128_124231-100x50.jpg\" data-anim=\"adpr:false;\">\n\t\t\t\t\t\t\t<img decoding=\"async\" src=\"\/\/mecanicacuriel.com\/wp-content\/plugins\/revslider\/sr6\/assets\/assets\/dummy.png\" alt=\"\" title=\"Precision Machining Valencia\" class=\"rev-slidebg tp-rs-img rs-lazyload\" data-lazyload=\"\/\/mecanicacuriel.com\/wp-content\/uploads\/2016\/12\/20220128_124231.jpg\" data-bg=\"p:center top;\" data-no-retina>\n<!---->\t\t\t\t\t<\/rs-slide>\n\t\t\t\t\t\t<rs-slide style=\"position: absolute;\" data-key=\"rs-11\" data-title=\"Slide\" data-thumb=\"\/\/mecanicacuriel.com\/wp-content\/uploads\/2016\/12\/20231206_094321-100x50.jpg\" data-anim=\"adpr:false;\">\n\t\t\t\t\t\t\t<img decoding=\"async\" src=\"\/\/mecanicacuriel.com\/wp-content\/plugins\/revslider\/sr6\/assets\/assets\/dummy.png\" alt=\"\" title=\"Precision Machining Valencia\" class=\"rev-slidebg tp-rs-img rs-lazyload\" data-lazyload=\"\/\/mecanicacuriel.com\/wp-content\/uploads\/2016\/12\/20231206_094321.jpg\" data-bg=\"p:center top;\" data-no-retina>\n<!---->\t\t\t\t\t<\/rs-slide>\n\t\t\t\t\t<\/rs-slides>\n\t\t\t\t<\/rs-module>\n\t\t\t\t<script>\n\t\t\t\t\tsetREVStartSize({c: 'rev_slider_1_1',rl:[1240,1024,778,480],el:[],gw:[950],gh:[450],type:'standard',justify:'',layout:'fullwidth',mh:\"0\"});if (window.RS_MODULES!==undefined && window.RS_MODULES.modules!==undefined && window.RS_MODULES.modules[\"revslider11\"]!==undefined) {window.RS_MODULES.modules[\"revslider11\"].once = false;window.revapi1 = undefined;if (window.RS_MODULES.checkMinimal!==undefined) window.RS_MODULES.checkMinimal()}\n\t\t\t\t<\/script>\n\t\t\t<\/rs-module-wrap>\n\t\t\t<!-- END REVOLUTION SLIDER -->\n<\/div>\n\t<div class=\"wpb_text_column wpb_content_element\" >\n\t\t<div class=\"wpb_wrapper\">\n\t\t\t<p>Mec\u00e1nica Curiel is a precision machining company, with a long history, since 1972, in the manufacture and development of instruments of this nature, which ensures the elaboration of this work, with a meritorious work.<\/p>\n<p>With more than forty years in the provision of these services, our vast experience has allowed us to offer to each and every one of our clients, throughout the national territory (Seville, Madrid, Bilbao, Valencia\u2026), the most complete services in Machining of precision, with the application of the latest innovations in technology and machinery with CNC programming, as well as with the work of the best materials, by the hand of the great professionals who make up our workforce.<\/p>\n<p>With great vocation for the work that we perform, in Mec\u00e1nica Curiel, we are concerned to satisfy each and every one of our clients, throughout the Spanish geography, especially in Valencia, where we have great repercussion, providing these companies the adequate service of Attention , totally personalized, and with complete advice as they deserve.<\/p>\n<p>At Curiel Mechanics, customer satisfaction is our ultimate goal to achieve in the performance of our work with precision machining in Valencia. In addition, thanks to the expert human team of professionals who make up our workforce, and to the means of work that we have, we guarantee to all our clients a service in mechanized precision and meticulously adapted to all their needs and requirements.<\/p>\n<p>If you want to have more information about this precision machining company and the work we do in cities like Valencia, Madrid, Seville, Bilbao\u2026 do not hesitate to get in touch with any of the members of our staff. We will answer all your questions and we will advise you on how to obtain your precision machining of quality thanks to the wide experience in the precision machining sector, which has allowed us to become one of the most important machining companies in the sector in the whole country.<\/p>\n\n\t\t<\/div>\n\t<\/div>\n<\/div><\/div><\/div><\/div>\n<\/div>","protected":false},"excerpt":{"rendered":"Mec\u00e1nica Curiel is a precision machining company, with a long history, since 1972, in the manufacture and development of instruments of this nature, which ensures the elaboration of this work, with a meritorious work. With more than forty years in the provision of these services, our vast experience has allowed us to offer to each and every one of our<div class=\"h10\"><\/div><a class=\"more-link1\" href=\"https:\/\/mecanicacuriel.com\/en\/precision-machining\/precision-machining-valencia\/\">Read more<\/a>","protected":false},"author":1,"featured_media":0,"parent":985,"menu_order":0,"comment_status":"open","ping_status":"open","template":"","meta":{"footnotes":""},"class_list":["post-996","page","type-page","status-publish","hentry"],"aioseo_notices":[],"yoast_head":"<!-- This site is optimized with the Yoast SEO plugin v27.1.1 - https:\/\/yoast.com\/product\/yoast-seo-wordpress\/ -->\n<title>Precision Machining Valencia - Mecanica Curiel<\/title>\n<meta name=\"robots\" content=\"index, follow, max-snippet:-1, max-image-preview:large, max-video-preview:-1\" \/>\n<link rel=\"canonical\" href=\"https:\/\/mecanicacuriel.com\/en\/precision-machining\/precision-machining-valencia\/\" \/>\n<meta property=\"og:locale\" content=\"en_GB\" \/>\n<meta property=\"og:type\" content=\"article\" \/>\n<meta property=\"og:title\" content=\"Precision Machining Valencia - Mecanica Curiel\" \/>\n<meta property=\"og:url\" content=\"https:\/\/mecanicacuriel.com\/en\/precision-machining\/precision-machining-valencia\/\" \/>\n<meta property=\"og:site_name\" content=\"Mecanica Curiel\" \/>\n<meta name=\"twitter:card\" content=\"summary_large_image\" \/>\n<meta name=\"twitter:label1\" content=\"Estimated reading time\" \/>\n\t<meta name=\"twitter:data1\" content=\"2 minutes\" \/>\n<script type=\"application\/ld+json\" class=\"yoast-schema-graph\">{\"@context\":\"https:\/\/schema.org\",\"@graph\":[{\"@type\":\"WebPage\",\"@id\":\"https:\/\/mecanicacuriel.com\/precision-machining\/precision-machining-valencia\/\",\"url\":\"https:\/\/mecanicacuriel.com\/precision-machining\/precision-machining-valencia\/\",\"name\":\"Precision Machining Valencia - Mecanica Curiel\",\"isPartOf\":{\"@id\":\"https:\/\/mecanicacuriel.com\/#website\"},\"datePublished\":\"2017-05-24T09:57:15+00:00\",\"breadcrumb\":{\"@id\":\"https:\/\/mecanicacuriel.com\/precision-machining\/precision-machining-valencia\/#breadcrumb\"},\"inLanguage\":\"en-GB\",\"potentialAction\":[{\"@type\":\"ReadAction\",\"target\":[\"https:\/\/mecanicacuriel.com\/precision-machining\/precision-machining-valencia\/\"]}]},{\"@type\":\"BreadcrumbList\",\"@id\":\"https:\/\/mecanicacuriel.com\/precision-machining\/precision-machining-valencia\/#breadcrumb\",\"itemListElement\":[{\"@type\":\"ListItem\",\"position\":1,\"name\":\"Portada\",\"item\":\"https:\/\/mecanicacuriel.com\/\"},{\"@type\":\"ListItem\",\"position\":2,\"name\":\"Precision Machining\",\"item\":\"https:\/\/mecanicacuriel.com\/precision-machining\/\"},{\"@type\":\"ListItem\",\"position\":3,\"name\":\"Precision Machining Valencia\"}]},{\"@type\":\"WebSite\",\"@id\":\"https:\/\/mecanicacuriel.com\/#website\",\"url\":\"https:\/\/mecanicacuriel.com\/\",\"name\":\"Mecanica Curiel\",\"description\":\"fabricaci\u00f3n y construcci\u00f3n de mecanizados y montajes de precisi\u00f3n.\",\"potentialAction\":[{\"@type\":\"SearchAction\",\"target\":{\"@type\":\"EntryPoint\",\"urlTemplate\":\"https:\/\/mecanicacuriel.com\/?s={search_term_string}\"},\"query-input\":{\"@type\":\"PropertyValueSpecification\",\"valueRequired\":true,\"valueName\":\"search_term_string\"}}],\"inLanguage\":\"en-GB\"}]}<\/script>\n<!-- \/ Yoast SEO plugin. -->","yoast_head_json":{"title":"Precision Machining Valencia - Mecanica Curiel","robots":{"index":"index","follow":"follow","max-snippet":"max-snippet:-1","max-image-preview":"max-image-preview:large","max-video-preview":"max-video-preview:-1"},"canonical":"https:\/\/mecanicacuriel.com\/en\/precision-machining\/precision-machining-valencia\/","og_locale":"en_GB","og_type":"article","og_title":"Precision Machining Valencia - Mecanica Curiel","og_url":"https:\/\/mecanicacuriel.com\/en\/precision-machining\/precision-machining-valencia\/","og_site_name":"Mecanica Curiel","twitter_card":"summary_large_image","twitter_misc":{"Estimated reading time":"2 minutes"},"schema":{"@context":"https:\/\/schema.org","@graph":[{"@type":"WebPage","@id":"https:\/\/mecanicacuriel.com\/precision-machining\/precision-machining-valencia\/","url":"https:\/\/mecanicacuriel.com\/precision-machining\/precision-machining-valencia\/","name":"Precision Machining Valencia - Mecanica Curiel","isPartOf":{"@id":"https:\/\/mecanicacuriel.com\/#website"},"datePublished":"2017-05-24T09:57:15+00:00","breadcrumb":{"@id":"https:\/\/mecanicacuriel.com\/precision-machining\/precision-machining-valencia\/#breadcrumb"},"inLanguage":"en-GB","potentialAction":[{"@type":"ReadAction","target":["https:\/\/mecanicacuriel.com\/precision-machining\/precision-machining-valencia\/"]}]},{"@type":"BreadcrumbList","@id":"https:\/\/mecanicacuriel.com\/precision-machining\/precision-machining-valencia\/#breadcrumb","itemListElement":[{"@type":"ListItem","position":1,"name":"Portada","item":"https:\/\/mecanicacuriel.com\/"},{"@type":"ListItem","position":2,"name":"Precision Machining","item":"https:\/\/mecanicacuriel.com\/precision-machining\/"},{"@type":"ListItem","position":3,"name":"Precision Machining Valencia"}]},{"@type":"WebSite","@id":"https:\/\/mecanicacuriel.com\/#website","url":"https:\/\/mecanicacuriel.com\/","name":"Curiel Mechanics","description":"manufacturing and construction of precision machining and assembly.","potentialAction":[{"@type":"SearchAction","target":{"@type":"EntryPoint","urlTemplate":"https:\/\/mecanicacuriel.com\/?s={search_term_string}"},"query-input":{"@type":"PropertyValueSpecification","valueRequired":true,"valueName":"search_term_string"}}],"inLanguage":"en-GB"}]}},"_links":{"self":[{"href":"https:\/\/mecanicacuriel.com\/en\/wp-json\/wp\/v2\/pages\/996","targetHints":{"allow":["GET"]}}],"collection":[{"href":"https:\/\/mecanicacuriel.com\/en\/wp-json\/wp\/v2\/pages"}],"about":[{"href":"https:\/\/mecanicacuriel.com\/en\/wp-json\/wp\/v2\/types\/page"}],"author":[{"embeddable":true,"href":"https:\/\/mecanicacuriel.com\/en\/wp-json\/wp\/v2\/users\/1"}],"replies":[{"embeddable":true,"href":"https:\/\/mecanicacuriel.com\/en\/wp-json\/wp\/v2\/comments?post=996"}],"version-history":[{"count":1,"href":"https:\/\/mecanicacuriel.com\/en\/wp-json\/wp\/v2\/pages\/996\/revisions"}],"predecessor-version":[{"id":997,"href":"https:\/\/mecanicacuriel.com\/en\/wp-json\/wp\/v2\/pages\/996\/revisions\/997"}],"up":[{"embeddable":true,"href":"https:\/\/mecanicacuriel.com\/en\/wp-json\/wp\/v2\/pages\/985"}],"wp:attachment":[{"href":"https:\/\/mecanicacuriel.com\/en\/wp-json\/wp\/v2\/media?parent=996"}],"curies":[{"name":"wp","href":"https:\/\/api.w.org\/{rel}","templated":true}]}}